{"id":22,"date":"2016-10-31T19:08:38","date_gmt":"2016-10-31T19:08:38","guid":{"rendered":"http:\/\/www.alchemillasapotek.com\/?page_id=22"},"modified":"2017-11-30T08:28:18","modified_gmt":"2017-11-30T08:28:18","slug":"fire-alchemy","status":"publish","type":"page","link":"http:\/\/www.alchemillasapotek.com\/sv\/fire-alchemy\/","title":{"rendered":"Eld"},"content":{"rendered":"<img class=\"aligncenter\" src=\"\/\/www.alchemillasapotek.com\/wp-content\/uploads\/2016\/11\/FIRE-icon-200px.png\" alt=\"Fire: about alchemy and spygarics.\" \/><\/p>\n<hr \/>\n<h2 style=\"text-align: center\">En introduktion till den spagyriska konsten<\/h2>\n<hr \/>\n<div class=\"row\"> <div class=\"col-md-8  \">\n<h2>S\u00e5 som ovan s\u00e5 ock nedan<\/h2>\n<figure id=\"attachment_308\" class=\"thumbnail wp-caption alignnone\" style=\"width: 960px\"><\/figure>\n<p>Om teori eller filosofi \u00e4r ett s\u00e4tt att f\u00f6rst\u00e5 v\u00e4rlden p\u00e5, s\u00e5 kan praktik beskrivas som ett s\u00e4tt att vara i v\u00e4rlden p\u00e5. Den spagyriska konsten \u00e4r ett s\u00e4tt att praktisera<\/p>\n<p>alkemins filosofi, genom att skapa \u00f6rtextrakt som p\u00e5verkar b\u00e5de kroppen, anden och sj\u00e4len. Ordet spagyria bildades av den schweiziska alkemisten Paracelsus p\u00e5 1400-talet.<\/p>\n<p>Det \u00e4r en sammans\u00e4ttning av de grekiska orden &#8220;spao&#8221;, att separera, och &#8220;ageiro&#8221;, att sammanf\u00f6ra.<\/p>\n<p>&nbsp;<\/p>\n<blockquote><p>\u201cThere is in each person, in every animal, bird and plant a star which mirrors, matches or is in some sense the same as a star in the heavens.\u201d &#8211; Paracelsus<em><br \/>\n<\/em><\/p><\/blockquote>\n<p>Citatet fr\u00e5n Paracelsus beskriver en nyckelinsikt i den spagyriska konsten: n\u00e4r v\u00e4xten sk\u00f6rdas, sk\u00f6rdas samtidigt dess kosmiska motsvarighet. F\u00f6r att detta ska<\/p>\n<p>uppn\u00e5s, kr\u00e4vs att spagyrikern arbetar i samklang med b\u00e5de naturens cykler och himlakropparnas r\u00f6relser. I den spagyriska processen separeras v\u00e4xten enligt sin egen unika arkitektoniska sammans\u00e4ttning av elementens, principernas och planeternas energier.<\/p>\n<p>&nbsp;<\/p>\n<hr \/>\n<h2>S\u00e5 som ovan s\u00e5 ock nedan<\/h2>\n<p>F\u00f6r att v\u00e4xten ska uppn\u00e5 en mer raffinerad form, transformeras den i olika processer genom liv, d\u00f6d och p\u00e5nyttf\u00f6delse. F\u00f6rst separeras v\u00e4xtens delar, s\u00e5 att man ska kunna arbeta med var och en av dem. Slutligen sammanf\u00f6rs delarna till en enhet i form av en spagyrisk tinktur, som ocks\u00e5 kallas elixir. I den alkemiska filosofin manifesteras tretalet i allt levande. B\u00e5de m\u00e4nniskor, djur och v\u00e4xter har kropp, ande och sj\u00e4l, som representeras av salt, merkur och svavel.<\/p>\n<p>&nbsp;<\/p>\n<figure id=\"attachment_311\" class=\"thumbnail wp-caption alignnone\" style=\"width: 960px\"><figcaption class=\"caption wp-caption-text\"><\/figcaption><\/figure>\n<p><img loading=\"lazy\" class=\"size-full wp-image-245 alignleft\" src=\"\/\/www.alchemillasapotek.com\/wp-content\/uploads\/2016\/11\/SST-Sulphur.png\" alt=\"Sulphur\" width=\"40\" height=\"40\" \/><\/p>\n<p><strong>Svavelprincipen<\/strong>, som representerar ljuset och livets k\u00e4lla, yttrar sig i den eteriska oljan, som \u00e4r \u00e4r v\u00e4xtens sj\u00e4l. Eteriska oljor \u00e4r helt individuella, det finns inte tv\u00e5 som liknar varandra.<\/p>\n<hr \/>\n<p><img loading=\"lazy\" class=\"size-full wp-image-223 alignleft\" src=\"\/\/www.alchemillasapotek.com\/wp-content\/uploads\/2016\/11\/SST-Mercury.png\" alt=\"Mercury\" width=\"38\" height=\"50\" \/><\/p>\n<p>I v\u00e4xten \u00e4r<strong> merkurprincipen<\/strong> \u00f6versatt till alkoholinneh\u00e5llet, v\u00e4xtens ande. Merkurprincipen ger liv \u00e5t allt som lever \u2013 och f\u00f6renar d\u00e4rmed allt levande.<\/p>\n<hr \/>\n<p><img loading=\"lazy\" class=\"size-full wp-image-244 alignleft\" src=\"\/\/www.alchemillasapotek.com\/wp-content\/uploads\/2016\/11\/SST-Salt.png\" alt=\"Salt\" width=\"40\" height=\"40\" \/><\/p>\n<p><strong>Saltet<\/strong> representerar v\u00e4xtens kropp \u2013 det \u00e4r v\u00e4xtens kristalliserade mineralsalt. Saltet kan liknas vid farkosten som sj\u00e4len och anden f\u00e4rdas i.<\/p>\n<h2><\/h2>\n<h2>S\u00e5 som ovan s\u00e5 ock nedan<\/h2>\n<p>Den spagyriska processen g\u00e5r till s\u00e5 h\u00e4r:<\/p>\n<p>Det f\u00f6rsta grundl\u00e4ggande steget \u00e4r separationen av v\u00e4xtens delar. Den inleds genom att tinkturen pressas ur v\u00e4xterna som legat i sitt menstrum, det vill s\u00e4ga alkoholen. D\u00e4refter calcineras v\u00e4xterna. Det inneb\u00e4r att v\u00e4xtdelarna br\u00e4nns ner till en helt vit aska, som sedan renas ytterligare i hydrolatet \u2013 det destillerade vattnet som blir till n\u00e4r man destillerar v\u00e4xtens eteriska olja. Under dessa separerande processer skapas kristaller som inneh\u00e5ller v\u00e4xtens hela mineralmatris.<\/p>\n<p>Det andra grundl\u00e4ggande steget \u00e4r enandet av delarna. H\u00e4r \u00e5terf\u00f6renas kristallerna, v\u00e4xtens saltprincip, med alkoholen, merkurprincipen, och den eteriska oljan, svavelprincipen. Detta \u00e4r grunden till den spagyriska konsten. Nyckeln \u00e4r separationen och<\/p>\n<p>\u00e5terf\u00f6reningen av v\u00e4xtens delar. H\u00e4ri ligger den grundl\u00e4ggande skillnaden mellan en spagyrisk tinktur och en vanlig tinktur \u2013 och orsaken till att s\u00e5 sm\u00e5 doser av en spagyrisk tinktur kan ha s\u00e5 stor verkan.<\/p>\n<p>N\u00e4r vi f\u00e5r en glimt av v\u00e4xterna utifr\u00e5n det alkemiska perspektivet, ser vi samtidigt hur de universella krafterna \u00e4r i lekfull r\u00f6relse inom b\u00e5de oss sj\u00e4lva och v\u00e4xterna. Vi b\u00f6rjar ana de stora sambanden mellan himmel och jord, mellan himlakropparna och allt som lever h\u00e4r p\u00e5 jorden.<\/p>\n<p>&nbsp;<\/p>\n<h2>S\u00e5 som inom s\u00e5 ock utom<\/h2>\n<\/div><div class=\"col-md-4  \">\n<figure id=\"attachment_314\" class=\"thumbnail wp-caption alignnone\" style=\"width: 460px\"><img loading=\"lazy\" class=\"alignnone size-medium wp-image-1541\" src=\"\/\/www.alchemillasapotek.com\/wp-content\/uploads\/2016\/10\/20819016_1569021483154766_3314509934844707234_o-460x460.jpg\" alt=\"\" width=\"460\" height=\"460\" srcset=\"http:\/\/www.alchemillasapotek.com\/wp-content\/uploads\/2016\/10\/20819016_1569021483154766_3314509934844707234_o-460x460.jpg 460w, http:\/\/www.alchemillasapotek.com\/wp-content\/uploads\/2016\/10\/20819016_1569021483154766_3314509934844707234_o-300x300.jpg 300w, http:\/\/www.alchemillasapotek.com\/wp-content\/uploads\/2016\/10\/20819016_1569021483154766_3314509934844707234_o-100x100.jpg 100w, http:\/\/www.alchemillasapotek.com\/wp-content\/uploads\/2016\/10\/20819016_1569021483154766_3314509934844707234_o-456x456.jpg 456w, http:\/\/www.alchemillasapotek.com\/wp-content\/uploads\/2016\/10\/20819016_1569021483154766_3314509934844707234_o-220x220.jpg 220w, http:\/\/www.alchemillasapotek.com\/wp-content\/uploads\/2016\/10\/20819016_1569021483154766_3314509934844707234_o-768x768.jpg 768w, http:\/\/www.alchemillasapotek.com\/wp-content\/uploads\/2016\/10\/20819016_1569021483154766_3314509934844707234_o-1024x1024.jpg 1024w, http:\/\/www.alchemillasapotek.com\/wp-content\/uploads\/2016\/10\/20819016_1569021483154766_3314509934844707234_o.jpg 2048w\" sizes=\"(max-width: 460px) 100vw, 460px\" \/><figcaption class=\"caption wp-caption-text\">Sulphur<\/figcaption><\/figure>\n<figure id=\"attachment_315\" class=\"thumbnail wp-caption alignnone\" style=\"width: 460px\"><img loading=\"lazy\" class=\"alignnone size-medium wp-image-1542\" src=\"\/\/www.alchemillasapotek.com\/wp-content\/uploads\/2016\/10\/20861672_1569021496488098_5868904616196295755_o-460x460.jpg\" alt=\"\" width=\"460\" height=\"460\" srcset=\"http:\/\/www.alchemillasapotek.com\/wp-content\/uploads\/2016\/10\/20861672_1569021496488098_5868904616196295755_o-460x460.jpg 460w, http:\/\/www.alchemillasapotek.com\/wp-content\/uploads\/2016\/10\/20861672_1569021496488098_5868904616196295755_o-300x300.jpg 300w, http:\/\/www.alchemillasapotek.com\/wp-content\/uploads\/2016\/10\/20861672_1569021496488098_5868904616196295755_o-100x100.jpg 100w, http:\/\/www.alchemillasapotek.com\/wp-content\/uploads\/2016\/10\/20861672_1569021496488098_5868904616196295755_o-456x456.jpg 456w, http:\/\/www.alchemillasapotek.com\/wp-content\/uploads\/2016\/10\/20861672_1569021496488098_5868904616196295755_o-220x220.jpg 220w, http:\/\/www.alchemillasapotek.com\/wp-content\/uploads\/2016\/10\/20861672_1569021496488098_5868904616196295755_o-768x768.jpg 768w, http:\/\/www.alchemillasapotek.com\/wp-content\/uploads\/2016\/10\/20861672_1569021496488098_5868904616196295755_o-1024x1024.jpg 1024w, http:\/\/www.alchemillasapotek.com\/wp-content\/uploads\/2016\/10\/20861672_1569021496488098_5868904616196295755_o.jpg 2048w\" sizes=\"(max-width: 460px) 100vw, 460px\" \/><figcaption class=\"caption wp-caption-text\">Sulphur<\/figcaption><\/figure>\n<figure id=\"attachment_308\" class=\"thumbnail wp-caption alignnone\" style=\"width: 460px\"><img loading=\"lazy\" class=\"alignnone size-medium wp-image-1535\" src=\"\/\/www.alchemillasapotek.com\/wp-content\/uploads\/2017\/11\/image6-460x460.jpg\" alt=\"\" width=\"460\" height=\"460\" srcset=\"http:\/\/www.alchemillasapotek.com\/wp-content\/uploads\/2017\/11\/image6-460x460.jpg 460w, http:\/\/www.alchemillasapotek.com\/wp-content\/uploads\/2017\/11\/image6-300x300.jpg 300w, http:\/\/www.alchemillasapotek.com\/wp-content\/uploads\/2017\/11\/image6-100x100.jpg 100w, http:\/\/www.alchemillasapotek.com\/wp-content\/uploads\/2017\/11\/image6-456x456.jpg 456w, http:\/\/www.alchemillasapotek.com\/wp-content\/uploads\/2017\/11\/image6-220x220.jpg 220w, http:\/\/www.alchemillasapotek.com\/wp-content\/uploads\/2017\/11\/image6-768x768.jpg 768w, http:\/\/www.alchemillasapotek.com\/wp-content\/uploads\/2017\/11\/image6-1024x1024.jpg 1024w\" sizes=\"(max-width: 460px) 100vw, 460px\" \/><figcaption class=\"caption wp-caption-text\">Mercury<\/figcaption><\/figure>\n<figure id=\"attachment_309\" class=\"thumbnail wp-caption alignnone\" style=\"width: 460px\"><a href=\"\/\/www.alchemillasapotek.com\/wp-content\/uploads\/2016\/10\/mercury2.jpg\"><img loading=\"lazy\" class=\"wp-image-309 size-medium\" src=\"\/\/www.alchemillasapotek.com\/wp-content\/uploads\/2016\/10\/mercury2-460x460.jpg\" alt=\"About Spagyria: Mercury\" width=\"460\" height=\"460\" srcset=\"http:\/\/www.alchemillasapotek.com\/wp-content\/uploads\/2016\/10\/mercury2-460x460.jpg 460w, http:\/\/www.alchemillasapotek.com\/wp-content\/uploads\/2016\/10\/mercury2-300x300.jpg 300w, http:\/\/www.alchemillasapotek.com\/wp-content\/uploads\/2016\/10\/mercury2-100x100.jpg 100w, http:\/\/www.alchemillasapotek.com\/wp-content\/uploads\/2016\/10\/mercury2-456x456.jpg 456w, http:\/\/www.alchemillasapotek.com\/wp-content\/uploads\/2016\/10\/mercury2-220x220.jpg 220w, http:\/\/www.alchemillasapotek.com\/wp-content\/uploads\/2016\/10\/mercury2-768x768.jpg 768w, http:\/\/www.alchemillasapotek.com\/wp-content\/uploads\/2016\/10\/mercury2-1024x1024.jpg 1024w, http:\/\/www.alchemillasapotek.com\/wp-content\/uploads\/2016\/10\/mercury2-400x400.jpg 400w, http:\/\/www.alchemillasapotek.com\/wp-content\/uploads\/2016\/10\/mercury2.jpg 2048w\" sizes=\"(max-width: 460px) 100vw, 460px\" \/><\/a><figcaption class=\"caption wp-caption-text\">Mercury<\/figcaption><\/figure>\n<figure id=\"attachment_311\" class=\"thumbnail wp-caption alignnone\" style=\"width: 460px\"><img loading=\"lazy\" class=\"alignnone size-medium wp-image-1538\" src=\"\/\/www.alchemillasapotek.com\/wp-content\/uploads\/2017\/11\/image9-460x460.jpg\" alt=\"\" width=\"460\" height=\"460\" srcset=\"http:\/\/www.alchemillasapotek.com\/wp-content\/uploads\/2017\/11\/image9-460x460.jpg 460w, http:\/\/www.alchemillasapotek.com\/wp-content\/uploads\/2017\/11\/image9-300x300.jpg 300w, http:\/\/www.alchemillasapotek.com\/wp-content\/uploads\/2017\/11\/image9-100x100.jpg 100w, http:\/\/www.alchemillasapotek.com\/wp-content\/uploads\/2017\/11\/image9-456x456.jpg 456w, http:\/\/www.alchemillasapotek.com\/wp-content\/uploads\/2017\/11\/image9-220x220.jpg 220w, http:\/\/www.alchemillasapotek.com\/wp-content\/uploads\/2017\/11\/image9-768x768.jpg 768w, http:\/\/www.alchemillasapotek.com\/wp-content\/uploads\/2017\/11\/image9-1024x1024.jpg 1024w\" sizes=\"(max-width: 460px) 100vw, 460px\" \/><figcaption class=\"caption wp-caption-text\">Salt<\/figcaption><\/figure>\n<figure id=\"attachment_312\" class=\"thumbnail wp-caption alignnone\" style=\"width: 460px\"><img loading=\"lazy\" class=\"alignnone size-medium wp-image-1532\" src=\"\/\/www.alchemillasapotek.com\/wp-content\/uploads\/2017\/11\/image3-460x460.jpg\" alt=\"\" width=\"460\" height=\"460\" srcset=\"http:\/\/www.alchemillasapotek.com\/wp-content\/uploads\/2017\/11\/image3-460x460.jpg 460w, http:\/\/www.alchemillasapotek.com\/wp-content\/uploads\/2017\/11\/image3-300x300.jpg 300w, http:\/\/www.alchemillasapotek.com\/wp-content\/uploads\/2017\/11\/image3-100x100.jpg 100w, http:\/\/www.alchemillasapotek.com\/wp-content\/uploads\/2017\/11\/image3-456x456.jpg 456w, http:\/\/www.alchemillasapotek.com\/wp-content\/uploads\/2017\/11\/image3-220x220.jpg 220w, http:\/\/www.alchemillasapotek.com\/wp-content\/uploads\/2017\/11\/image3-768x768.jpg 768w, http:\/\/www.alchemillasapotek.com\/wp-content\/uploads\/2017\/11\/image3-1024x1024.jpg 1024w\" sizes=\"(max-width: 460px) 100vw, 460px\" \/><figcaption class=\"caption wp-caption-text\"><\/figcaption><\/figure>\n<figure id=\"attachment_313\" class=\"thumbnail wp-caption alignnone\" style=\"width: 460px\"><figcaption class=\"caption wp-caption-text\">Salt<\/div><\/div><\/figcaption><\/figure>\n<p>&nbsp;<\/p>\n<p>&nbsp;<\/p>\n<p>&nbsp;<\/p>\n<p>&nbsp;","protected":false},"excerpt":{"rendered":"<p>En introduktion till den spagyriska konsten &nbsp; &nbsp; &nbsp; &nbsp;<\/p>\n","protected":false},"author":2,"featured_media":206,"parent":0,"menu_order":0,"comment_status":"closed","ping_status":"closed","template":"page-fullwidth.php","meta":[],"yoast_head":"<!-- This site is optimized with the Yoast SEO plugin v18.4.1 - https:\/\/yoast.com\/wordpress\/plugins\/seo\/ -->\n<title>Alchemillas Apotek | Fire: an introduction to the art of spagyria | alchemy<\/title>\n<meta name=\"description\" content=\"Alchemy: The art of spagyrics is the practice of alchemical philosophy, creating herbal extracts that influence the body, spirit and the soul.\" \/>\n<meta name=\"robots\" content=\"index, follow, max-snippet:-1, max-image-preview:large, max-video-preview:-1\" \/>\n<link rel=\"canonical\" href=\"https:\/\/www.alchemillasapotek.com\/fire-alchemy\/\" \/>\n<meta property=\"og:locale\" content=\"en_US\" \/>\n<meta property=\"og:type\" content=\"article\" \/>\n<meta property=\"og:title\" content=\"Alchemillas Apotek | Fire: an introduction to the art of spagyria | alchemy\" \/>\n<meta property=\"og:description\" content=\"Alchemy: The art of spagyrics is the practice of alchemical philosophy, creating herbal extracts that influence the body, spirit and the soul.\" \/>\n<meta property=\"og:url\" content=\"https:\/\/www.alchemillasapotek.com\/fire-alchemy\/\" \/>\n<meta property=\"og:site_name\" content=\"Alchemillas Apotek\" \/>\n<meta property=\"article:publisher\" content=\"https:\/\/www.facebook.com\/AlchemillasApotek\/\" \/>\n<meta property=\"article:modified_time\" content=\"2017-11-30T08:28:18+00:00\" \/>\n<meta property=\"og:image\" content=\"https:\/\/www.alchemillasapotek.com\/wp-content\/uploads\/2016\/11\/FIRE-icon-200px.png\" \/>\n\t<meta property=\"og:image:width\" content=\"200\" \/>\n\t<meta property=\"og:image:height\" content=\"174\" \/>\n\t<meta property=\"og:image:type\" content=\"image\/png\" \/>\n<meta name=\"twitter:card\" content=\"summary\" \/>\n<meta name=\"twitter:site\" content=\"@lisajeannin\" \/>\n<meta name=\"twitter:label1\" content=\"Est. reading time\" \/>\n\t<meta name=\"twitter:data1\" content=\"6 minutes\" \/>\n<script type=\"application\/ld+json\" class=\"yoast-schema-graph\">{\"@context\":\"https:\/\/schema.org\",\"@graph\":[{\"@type\":\"Organization\",\"@id\":\"http:\/\/www.alchemillasapotek.com\/#organization\",\"name\":\"Alchemillas Apotek\",\"url\":\"http:\/\/www.alchemillasapotek.com\/\",\"sameAs\":[\"https:\/\/www.facebook.com\/AlchemillasApotek\/\",\"https:\/\/www.instagram.com\/alchemillasapotek\/\",\"https:\/\/twitter.com\/lisajeannin\"],\"logo\":{\"@type\":\"ImageObject\",\"@id\":\"http:\/\/www.alchemillasapotek.com\/#logo\",\"inLanguage\":\"sv-SV\",\"url\":\"https:\/\/www.alchemillasapotek.com\/wp-content\/uploads\/2016\/11\/Logo-AlchemillasApotek-homepage.png\",\"contentUrl\":\"https:\/\/www.alchemillasapotek.com\/wp-content\/uploads\/2016\/11\/Logo-AlchemillasApotek-homepage.png\",\"width\":592,\"height\":580,\"caption\":\"Alchemillas Apotek\"},\"image\":{\"@id\":\"http:\/\/www.alchemillasapotek.com\/#logo\"}},{\"@type\":\"WebSite\",\"@id\":\"http:\/\/www.alchemillasapotek.com\/#website\",\"url\":\"http:\/\/www.alchemillasapotek.com\/\",\"name\":\"Alchemillas Apotek\",\"description\":\"Spagyric Tinctures &amp; Initiatic Plantmedicine for vibrant health and spiritual evolution.\",\"publisher\":{\"@id\":\"http:\/\/www.alchemillasapotek.com\/#organization\"},\"potentialAction\":[{\"@type\":\"SearchAction\",\"target\":{\"@type\":\"EntryPoint\",\"urlTemplate\":\"http:\/\/www.alchemillasapotek.com\/?s={search_term_string}\"},\"query-input\":\"required name=search_term_string\"}],\"inLanguage\":\"sv-SV\"},{\"@type\":\"ImageObject\",\"@id\":\"https:\/\/www.alchemillasapotek.com\/fire-alchemy\/#primaryimage\",\"inLanguage\":\"sv-SV\",\"url\":\"http:\/\/www.alchemillasapotek.com\/wp-content\/uploads\/2016\/11\/FIRE-icon-200px.png\",\"contentUrl\":\"http:\/\/www.alchemillasapotek.com\/wp-content\/uploads\/2016\/11\/FIRE-icon-200px.png\",\"width\":200,\"height\":174,\"caption\":\"Fire: About alchemy and spagyrics.\"},{\"@type\":\"WebPage\",\"@id\":\"https:\/\/www.alchemillasapotek.com\/fire-alchemy\/#webpage\",\"url\":\"https:\/\/www.alchemillasapotek.com\/fire-alchemy\/\",\"name\":\"Alchemillas Apotek | Fire: an introduction to the art of spagyria | alchemy\",\"isPartOf\":{\"@id\":\"http:\/\/www.alchemillasapotek.com\/#website\"},\"primaryImageOfPage\":{\"@id\":\"https:\/\/www.alchemillasapotek.com\/fire-alchemy\/#primaryimage\"},\"datePublished\":\"2016-10-31T19:08:38+00:00\",\"dateModified\":\"2017-11-30T08:28:18+00:00\",\"description\":\"Alchemy: The art of spagyrics is the practice of alchemical philosophy, creating herbal extracts that influence the body, spirit and the soul.\",\"breadcrumb\":{\"@id\":\"https:\/\/www.alchemillasapotek.com\/fire-alchemy\/#breadcrumb\"},\"inLanguage\":\"sv-SV\",\"potentialAction\":[{\"@type\":\"ReadAction\",\"target\":[\"https:\/\/www.alchemillasapotek.com\/fire-alchemy\/\"]}]},{\"@type\":\"BreadcrumbList\",\"@id\":\"https:\/\/www.alchemillasapotek.com\/fire-alchemy\/#breadcrumb\",\"itemListElement\":[{\"@type\":\"ListItem\",\"position\":1,\"name\":\"Home\",\"item\":\"http:\/\/www.alchemillasapotek.com\/\"},{\"@type\":\"ListItem\",\"position\":2,\"name\":\"Fire\"}]}]}<\/script>\n<!-- \/ Yoast SEO plugin. -->","yoast_head_json":{"title":"Alchemillas Apotek | Fire: an introduction to the art of spagyria | alchemy","description":"Alchemy: The art of spagyrics is the practice of alchemical philosophy, creating herbal extracts that influence the body, spirit and the soul.","robots":{"index":"index","follow":"follow","max-snippet":"max-snippet:-1","max-image-preview":"max-image-preview:large","max-video-preview":"max-video-preview:-1"},"canonical":"https:\/\/www.alchemillasapotek.com\/fire-alchemy\/","og_locale":"en_US","og_type":"article","og_title":"Alchemillas Apotek | Fire: an introduction to the art of spagyria | alchemy","og_description":"Alchemy: The art of spagyrics is the practice of alchemical philosophy, creating herbal extracts that influence the body, spirit and the soul.","og_url":"https:\/\/www.alchemillasapotek.com\/fire-alchemy\/","og_site_name":"Alchemillas Apotek","article_publisher":"https:\/\/www.facebook.com\/AlchemillasApotek\/","article_modified_time":"2017-11-30T08:28:18+00:00","og_image":[{"width":200,"height":174,"url":"https:\/\/www.alchemillasapotek.com\/wp-content\/uploads\/2016\/11\/FIRE-icon-200px.png","type":"image\/png"}],"twitter_card":"summary","twitter_site":"@lisajeannin","twitter_misc":{"Est. reading time":"6 minutes"},"schema":{"@context":"https:\/\/schema.org","@graph":[{"@type":"Organization","@id":"http:\/\/www.alchemillasapotek.com\/#organization","name":"Alchemillas Apotek","url":"http:\/\/www.alchemillasapotek.com\/","sameAs":["https:\/\/www.facebook.com\/AlchemillasApotek\/","https:\/\/www.instagram.com\/alchemillasapotek\/","https:\/\/twitter.com\/lisajeannin"],"logo":{"@type":"ImageObject","@id":"http:\/\/www.alchemillasapotek.com\/#logo","inLanguage":"sv-SV","url":"https:\/\/www.alchemillasapotek.com\/wp-content\/uploads\/2016\/11\/Logo-AlchemillasApotek-homepage.png","contentUrl":"https:\/\/www.alchemillasapotek.com\/wp-content\/uploads\/2016\/11\/Logo-AlchemillasApotek-homepage.png","width":592,"height":580,"caption":"Alchemillas Apotek"},"image":{"@id":"http:\/\/www.alchemillasapotek.com\/#logo"}},{"@type":"WebSite","@id":"http:\/\/www.alchemillasapotek.com\/#website","url":"http:\/\/www.alchemillasapotek.com\/","name":"Alchemillas Apotek","description":"Spagyric Tinctures &amp; Initiatic Plantmedicine for vibrant health and spiritual evolution.","publisher":{"@id":"http:\/\/www.alchemillasapotek.com\/#organization"},"potentialAction":[{"@type":"SearchAction","target":{"@type":"EntryPoint","urlTemplate":"http:\/\/www.alchemillasapotek.com\/?s={search_term_string}"},"query-input":"required name=search_term_string"}],"inLanguage":"sv-SV"},{"@type":"ImageObject","@id":"https:\/\/www.alchemillasapotek.com\/fire-alchemy\/#primaryimage","inLanguage":"sv-SV","url":"http:\/\/www.alchemillasapotek.com\/wp-content\/uploads\/2016\/11\/FIRE-icon-200px.png","contentUrl":"http:\/\/www.alchemillasapotek.com\/wp-content\/uploads\/2016\/11\/FIRE-icon-200px.png","width":200,"height":174,"caption":"Fire: About alchemy and spagyrics."},{"@type":"WebPage","@id":"https:\/\/www.alchemillasapotek.com\/fire-alchemy\/#webpage","url":"https:\/\/www.alchemillasapotek.com\/fire-alchemy\/","name":"Alchemillas Apotek | Fire: an introduction to the art of spagyria | alchemy","isPartOf":{"@id":"http:\/\/www.alchemillasapotek.com\/#website"},"primaryImageOfPage":{"@id":"https:\/\/www.alchemillasapotek.com\/fire-alchemy\/#primaryimage"},"datePublished":"2016-10-31T19:08:38+00:00","dateModified":"2017-11-30T08:28:18+00:00","description":"Alchemy: The art of spagyrics is the practice of alchemical philosophy, creating herbal extracts that influence the body, spirit and the soul.","breadcrumb":{"@id":"https:\/\/www.alchemillasapotek.com\/fire-alchemy\/#breadcrumb"},"inLanguage":"sv-SV","potentialAction":[{"@type":"ReadAction","target":["https:\/\/www.alchemillasapotek.com\/fire-alchemy\/"]}]},{"@type":"BreadcrumbList","@id":"https:\/\/www.alchemillasapotek.com\/fire-alchemy\/#breadcrumb","itemListElement":[{"@type":"ListItem","position":1,"name":"Home","item":"http:\/\/www.alchemillasapotek.com\/"},{"@type":"ListItem","position":2,"name":"Fire"}]}]}},"_links":{"self":[{"href":"http:\/\/www.alchemillasapotek.com\/sv\/wp-json\/wp\/v2\/pages\/22"}],"collection":[{"href":"http:\/\/www.alchemillasapotek.com\/sv\/wp-json\/wp\/v2\/pages"}],"about":[{"href":"http:\/\/www.alchemillasapotek.com\/sv\/wp-json\/wp\/v2\/types\/page"}],"author":[{"embeddable":true,"href":"http:\/\/www.alchemillasapotek.com\/sv\/wp-json\/wp\/v2\/users\/2"}],"replies":[{"embeddable":true,"href":"http:\/\/www.alchemillasapotek.com\/sv\/wp-json\/wp\/v2\/comments?post=22"}],"version-history":[{"count":62,"href":"http:\/\/www.alchemillasapotek.com\/sv\/wp-json\/wp\/v2\/pages\/22\/revisions"}],"predecessor-version":[{"id":1548,"href":"http:\/\/www.alchemillasapotek.com\/sv\/wp-json\/wp\/v2\/pages\/22\/revisions\/1548"}],"wp:featuredmedia":[{"embeddable":true,"href":"http:\/\/www.alchemillasapotek.com\/sv\/wp-json\/wp\/v2\/media\/206"}],"wp:attachment":[{"href":"http:\/\/www.alchemillasapotek.com\/sv\/wp-json\/wp\/v2\/media?parent=22"}],"curies":[{"name":"wp","href":"https:\/\/api.w.org\/{rel}","templated":true}]}}