{"id":24,"date":"2016-10-31T19:09:02","date_gmt":"2016-10-31T19:09:02","guid":{"rendered":"http:\/\/www.alchemillasapotek.com\/?page_id=24"},"modified":"2018-01-31T10:10:28","modified_gmt":"2018-01-31T10:10:28","slug":"air-alchemillasapotek","status":"publish","type":"page","link":"http:\/\/www.alchemillasapotek.com\/sv\/air-alchemillasapotek\/","title":{"rendered":"Air"},"content":{"rendered":"<img loading=\"lazy\" class=\"size-full wp-image-204 aligncenter\" src=\"\/\/www.alchemillasapotek.com\/wp-content\/uploads\/2016\/11\/AIR-icon-200px.png\" alt=\"Air: About Alchemillas Apotek.\" width=\"200\" height=\"174\" \/><\/p>\n<hr \/>\n<h1 style=\"text-align: center\">Om Alchemillas Apotek<\/h1>\n<hr \/>\n<div class=\"row\"> <div class=\"col-md-6  \">\n<p>Alchemillas Apotek \u00e4r en praktik som skapades och drivs av <a href=\"http:\/\/lisajeannin.blogspot.com\/\" target=\"_blank\" rel=\"noopener\">Lisa Jeannin<\/a> i <a href=\"https:\/\/www.google.be\/maps\/place\/573+99+Hakebo,+Sweden\/@58.0782207,14.7890676,17z\/data=!3m1!4b1!4m5!3m4!1s0x465a2fea168d0b8d:0x8ffb2bf827a71869!8m2!3d58.0782207!4d14.7912563\" target=\"_blank\" rel=\"noopener\">Hakebo, Sweden<\/a>, i djupet av den sm\u00e5l\u00e4ndska skogen .<\/p>\n<p class=\"western\" lang=\"nl-NL\">Lisa \u00e4r konstn\u00e4r i grunden med en passion f\u00f6r alkemi och \u00f6rternas l\u00e4kande kraft. Hon bor och verkar i n\u00e4ra kontakt med v\u00e4xtriket. V\u00e4xterna \u00e4r hennes l\u00e4rare och medskapare.<\/p>\n<p class=\"western\" lang=\"nl-NL\">Alla ingredienser i de spagyriska produkterna \u00e4r ekologiska, etiskt samlade i naturen eller odlade i hennes \u00f6rtag\u00e5rd. Ibland \u00e4r de ekologiskt odlade av andra eller plockade av resande v\u00e4nner och i enstaka fall anv\u00e4nds ekologiska torkade \u00f6rter av mycket h\u00f6g kvalit\u00e9.<\/p>\n<p class=\"western\" lang=\"nl-NL\">Lisa anv\u00e4nder helst f\u00e4rska \u00f6rter i sin spagyriska praktik d\u00e5 viriditas, den gr\u00f6na livskraften, \u00e4r n\u00e4rvarande och sk\u00f6rdad i samklang med universums krafter, s\u00e5 som m\u00e5nens faser och f\u00e4rd genom zodiakens tecken.<\/p>\n<p class=\"western\" lang=\"nl-NL\">Lisa f\u00f6ljer naturens cykler, allt arbete \u00e4r astrologiskt tajmat och utf\u00f6rt ceremoniellt, lika n\u00e4ra jorden som himlen.<\/p>\n<p class=\"western\" lang=\"nl-NL\">Hon tar \u00f6rterna till sitt laboratorium och guidar dem genom de initiatoriska processerna och transformationerna d\u00e5 de f\u00f6rvandlas till spagyriska elixir.<\/p>\n<h5><\/h5>\n<h5>Naturens inneboende intelligens st\u00e5r i centrum i denna l\u00e4ra.<\/h5>\n<p><strong>\u00a0<\/strong><\/p>\n<p>&nbsp;<\/p>\n<hr \/>\n<blockquote><p>\u201cAlchemy is the gentle acceleration of growth through the use of the fire of nature\u201d &#8211; Paracelsus<\/p><\/blockquote>\n<\/div><div class=\"col-md-6  \">\n<p><a href=\"\/\/www.alchemillasapotek.com\/wp-content\/uploads\/2016\/10\/IMG_0529.jpg\"><img loading=\"lazy\" class=\"alignnone wp-image-413\" src=\"\/\/www.alchemillasapotek.com\/wp-content\/uploads\/2016\/10\/IMG_0529.jpg\" alt=\"Alchemillas Apotek | About Lisa Jeannin\" width=\"715\" height=\"715\" srcset=\"http:\/\/www.alchemillasapotek.com\/wp-content\/uploads\/2016\/10\/IMG_0529.jpg 961w, http:\/\/www.alchemillasapotek.com\/wp-content\/uploads\/2016\/10\/IMG_0529-300x300.jpg 300w, http:\/\/www.alchemillasapotek.com\/wp-content\/uploads\/2016\/10\/IMG_0529-100x100.jpg 100w, http:\/\/www.alchemillasapotek.com\/wp-content\/uploads\/2016\/10\/IMG_0529-456x456.jpg 456w, http:\/\/www.alchemillasapotek.com\/wp-content\/uploads\/2016\/10\/IMG_0529-220x220.jpg 220w, http:\/\/www.alchemillasapotek.com\/wp-content\/uploads\/2016\/10\/IMG_0529-460x460.jpg 460w, http:\/\/www.alchemillasapotek.com\/wp-content\/uploads\/2016\/10\/IMG_0529-768x768.jpg 768w, http:\/\/www.alchemillasapotek.com\/wp-content\/uploads\/2016\/10\/IMG_0529-400x400.jpg 400w\" sizes=\"(max-width: 715px) 100vw, 715px\" \/><\/a><a href=\"\/\/www.alchemillasapotek.com\/wp-content\/uploads\/2016\/10\/IMG_0620.jpg\"><img loading=\"lazy\" class=\"alignnone wp-image-412 size-full\" src=\"\/\/www.alchemillasapotek.com\/wp-content\/uploads\/2016\/10\/IMG_0620.jpg\" alt=\"Alchemillas Apotek | About Lisa Jeannin\" width=\"720\" height=\"720\" srcset=\"http:\/\/www.alchemillasapotek.com\/wp-content\/uploads\/2016\/10\/IMG_0620.jpg 720w, http:\/\/www.alchemillasapotek.com\/wp-content\/uploads\/2016\/10\/IMG_0620-300x300.jpg 300w, http:\/\/www.alchemillasapotek.com\/wp-content\/uploads\/2016\/10\/IMG_0620-100x100.jpg 100w, http:\/\/www.alchemillasapotek.com\/wp-content\/uploads\/2016\/10\/IMG_0620-456x456.jpg 456w, http:\/\/www.alchemillasapotek.com\/wp-content\/uploads\/2016\/10\/IMG_0620-220x220.jpg 220w, http:\/\/www.alchemillasapotek.com\/wp-content\/uploads\/2016\/10\/IMG_0620-460x460.jpg 460w, http:\/\/www.alchemillasapotek.com\/wp-content\/uploads\/2016\/10\/IMG_0620-400x400.jpg 400w\" sizes=\"(max-width: 720px) 100vw, 720px\" \/><\/a><\/p>\n<p>Lisa h\u00e5ller workshops i den Spagyriska Konsten. Hon har intensiva sommarkurser i sitt laboratorium i skogen\u00a0 i Hakebo och hon \u00e4r g\u00e4stl\u00e4rare p\u00e5 Naturens Medicin p\u00e5 Biskops Arn\u00f6.<\/p>\n<p>Hon \u00e4r konstn\u00e4r i grunden.<\/p>\n<p>&nbsp;<\/p>\n<p><img loading=\"lazy\" class=\"alignnone wp-image-1537 \" src=\"\/\/www.alchemillasapotek.com\/wp-content\/uploads\/2017\/11\/image8.jpg\" alt=\"\" width=\"936\" height=\"624\" srcset=\"http:\/\/www.alchemillasapotek.com\/wp-content\/uploads\/2017\/11\/image8.jpg 960w, http:\/\/www.alchemillasapotek.com\/wp-content\/uploads\/2017\/11\/image8-460x307.jpg 460w, http:\/\/www.alchemillasapotek.com\/wp-content\/uploads\/2017\/11\/image8-768x512.jpg 768w\" sizes=\"(max-width: 936px) 100vw, 936px\" \/><\/p>\n<p>&nbsp;<\/p>\n<\/div><\/div>","protected":false},"excerpt":{"rendered":"<p>Om Alchemillas Apotek<\/p>\n","protected":false},"author":2,"featured_media":204,"parent":0,"menu_order":0,"comment_status":"closed","ping_status":"closed","template":"page-fullwidth.php","meta":[],"yoast_head":"<!-- This site is optimized with the Yoast SEO plugin v18.4.1 - https:\/\/yoast.com\/wordpress\/plugins\/seo\/ -->\n<title>Alchemillas Apotek | About Lisa Jeannin | Links | Herbalism<\/title>\n<meta name=\"description\" content=\"AIR | About Alchemillas Apotek and visual artist Lisa Jeannin | Alchemy, Ayurveda, herbalism, spagyrics\/spagyria, consultation, tinctures, formulas.\" \/>\n<meta name=\"robots\" content=\"index, follow, max-snippet:-1, max-image-preview:large, max-video-preview:-1\" \/>\n<link rel=\"canonical\" href=\"http:\/\/www.alchemillasapotek.com\/air-alchemillasapotek\/\" \/>\n<meta property=\"og:locale\" content=\"en_US\" \/>\n<meta property=\"og:type\" content=\"article\" \/>\n<meta property=\"og:title\" content=\"Alchemillas Apotek | About Lisa Jeannin | Links | Herbalism\" \/>\n<meta property=\"og:description\" content=\"AIR | About Alchemillas Apotek and visual artist Lisa Jeannin | Alchemy, Ayurveda, herbalism, spagyrics\/spagyria, consultation, tinctures, formulas.\" \/>\n<meta property=\"og:url\" content=\"http:\/\/www.alchemillasapotek.com\/air-alchemillasapotek\/\" \/>\n<meta property=\"og:site_name\" content=\"Alchemillas Apotek\" \/>\n<meta property=\"article:publisher\" content=\"https:\/\/www.facebook.com\/AlchemillasApotek\/\" \/>\n<meta property=\"article:modified_time\" content=\"2018-01-31T10:10:28+00:00\" \/>\n<meta property=\"og:image\" content=\"http:\/\/www.alchemillasapotek.com\/wp-content\/uploads\/2016\/11\/AIR-icon-200px.png\" \/>\n\t<meta property=\"og:image:width\" content=\"200\" \/>\n\t<meta property=\"og:image:height\" content=\"174\" \/>\n\t<meta property=\"og:image:type\" content=\"image\/png\" \/>\n<meta name=\"twitter:card\" content=\"summary\" \/>\n<meta name=\"twitter:site\" content=\"@lisajeannin\" \/>\n<meta name=\"twitter:label1\" content=\"Est. reading time\" \/>\n\t<meta name=\"twitter:data1\" content=\"3 minutes\" \/>\n<script type=\"application\/ld+json\" class=\"yoast-schema-graph\">{\"@context\":\"https:\/\/schema.org\",\"@graph\":[{\"@type\":\"Organization\",\"@id\":\"https:\/\/www.alchemillasapotek.com\/#organization\",\"name\":\"Alchemillas Apotek\",\"url\":\"https:\/\/www.alchemillasapotek.com\/\",\"sameAs\":[\"https:\/\/www.facebook.com\/AlchemillasApotek\/\",\"https:\/\/www.instagram.com\/alchemillasapotek\/\",\"https:\/\/twitter.com\/lisajeannin\"],\"logo\":{\"@type\":\"ImageObject\",\"@id\":\"https:\/\/www.alchemillasapotek.com\/#logo\",\"inLanguage\":\"sv-SV\",\"url\":\"https:\/\/www.alchemillasapotek.com\/wp-content\/uploads\/2016\/11\/Logo-AlchemillasApotek-homepage.png\",\"contentUrl\":\"https:\/\/www.alchemillasapotek.com\/wp-content\/uploads\/2016\/11\/Logo-AlchemillasApotek-homepage.png\",\"width\":592,\"height\":580,\"caption\":\"Alchemillas Apotek\"},\"image\":{\"@id\":\"https:\/\/www.alchemillasapotek.com\/#logo\"}},{\"@type\":\"WebSite\",\"@id\":\"https:\/\/www.alchemillasapotek.com\/#website\",\"url\":\"https:\/\/www.alchemillasapotek.com\/\",\"name\":\"Alchemillas Apotek\",\"description\":\"Spagyric Tinctures &amp; Initiatic Plantmedicine for vibrant health and spiritual evolution.\",\"publisher\":{\"@id\":\"https:\/\/www.alchemillasapotek.com\/#organization\"},\"potentialAction\":[{\"@type\":\"SearchAction\",\"target\":{\"@type\":\"EntryPoint\",\"urlTemplate\":\"https:\/\/www.alchemillasapotek.com\/?s={search_term_string}\"},\"query-input\":\"required name=search_term_string\"}],\"inLanguage\":\"sv-SV\"},{\"@type\":\"ImageObject\",\"@id\":\"http:\/\/www.alchemillasapotek.com\/air-alchemillasapotek\/#primaryimage\",\"inLanguage\":\"sv-SV\",\"url\":\"http:\/\/www.alchemillasapotek.com\/wp-content\/uploads\/2016\/11\/AIR-icon-200px.png\",\"contentUrl\":\"http:\/\/www.alchemillasapotek.com\/wp-content\/uploads\/2016\/11\/AIR-icon-200px.png\",\"width\":200,\"height\":174,\"caption\":\"Air: About Alchemillas Apotek.\"},{\"@type\":\"WebPage\",\"@id\":\"http:\/\/www.alchemillasapotek.com\/air-alchemillasapotek\/#webpage\",\"url\":\"http:\/\/www.alchemillasapotek.com\/air-alchemillasapotek\/\",\"name\":\"Alchemillas Apotek | About Lisa Jeannin | Links | Herbalism\",\"isPartOf\":{\"@id\":\"https:\/\/www.alchemillasapotek.com\/#website\"},\"primaryImageOfPage\":{\"@id\":\"http:\/\/www.alchemillasapotek.com\/air-alchemillasapotek\/#primaryimage\"},\"datePublished\":\"2016-10-31T19:09:02+00:00\",\"dateModified\":\"2018-01-31T10:10:28+00:00\",\"description\":\"AIR | About Alchemillas Apotek and visual artist Lisa Jeannin | Alchemy, Ayurveda, herbalism, spagyrics\/spagyria, consultation, tinctures, formulas.\",\"breadcrumb\":{\"@id\":\"http:\/\/www.alchemillasapotek.com\/air-alchemillasapotek\/#breadcrumb\"},\"inLanguage\":\"sv-SV\",\"potentialAction\":[{\"@type\":\"ReadAction\",\"target\":[\"http:\/\/www.alchemillasapotek.com\/air-alchemillasapotek\/\"]}]},{\"@type\":\"BreadcrumbList\",\"@id\":\"http:\/\/www.alchemillasapotek.com\/air-alchemillasapotek\/#breadcrumb\",\"itemListElement\":[{\"@type\":\"ListItem\",\"position\":1,\"name\":\"Home\",\"item\":\"https:\/\/www.alchemillasapotek.com\/\"},{\"@type\":\"ListItem\",\"position\":2,\"name\":\"Air\"}]}]}<\/script>\n<!-- \/ Yoast SEO plugin. -->","yoast_head_json":{"title":"Alchemillas Apotek | About Lisa Jeannin | Links | Herbalism","description":"AIR | About Alchemillas Apotek and visual artist Lisa Jeannin | Alchemy, Ayurveda, herbalism, spagyrics\/spagyria, consultation, tinctures, formulas.","robots":{"index":"index","follow":"follow","max-snippet":"max-snippet:-1","max-image-preview":"max-image-preview:large","max-video-preview":"max-video-preview:-1"},"canonical":"http:\/\/www.alchemillasapotek.com\/air-alchemillasapotek\/","og_locale":"en_US","og_type":"article","og_title":"Alchemillas Apotek | About Lisa Jeannin | Links | Herbalism","og_description":"AIR | About Alchemillas Apotek and visual artist Lisa Jeannin | Alchemy, Ayurveda, herbalism, spagyrics\/spagyria, consultation, tinctures, formulas.","og_url":"http:\/\/www.alchemillasapotek.com\/air-alchemillasapotek\/","og_site_name":"Alchemillas Apotek","article_publisher":"https:\/\/www.facebook.com\/AlchemillasApotek\/","article_modified_time":"2018-01-31T10:10:28+00:00","og_image":[{"width":200,"height":174,"url":"http:\/\/www.alchemillasapotek.com\/wp-content\/uploads\/2016\/11\/AIR-icon-200px.png","type":"image\/png"}],"twitter_card":"summary","twitter_site":"@lisajeannin","twitter_misc":{"Est. reading time":"3 minutes"},"schema":{"@context":"https:\/\/schema.org","@graph":[{"@type":"Organization","@id":"https:\/\/www.alchemillasapotek.com\/#organization","name":"Alchemillas Apotek","url":"https:\/\/www.alchemillasapotek.com\/","sameAs":["https:\/\/www.facebook.com\/AlchemillasApotek\/","https:\/\/www.instagram.com\/alchemillasapotek\/","https:\/\/twitter.com\/lisajeannin"],"logo":{"@type":"ImageObject","@id":"https:\/\/www.alchemillasapotek.com\/#logo","inLanguage":"sv-SV","url":"https:\/\/www.alchemillasapotek.com\/wp-content\/uploads\/2016\/11\/Logo-AlchemillasApotek-homepage.png","contentUrl":"https:\/\/www.alchemillasapotek.com\/wp-content\/uploads\/2016\/11\/Logo-AlchemillasApotek-homepage.png","width":592,"height":580,"caption":"Alchemillas Apotek"},"image":{"@id":"https:\/\/www.alchemillasapotek.com\/#logo"}},{"@type":"WebSite","@id":"https:\/\/www.alchemillasapotek.com\/#website","url":"https:\/\/www.alchemillasapotek.com\/","name":"Alchemillas Apotek","description":"Spagyric Tinctures &amp; Initiatic Plantmedicine for vibrant health and spiritual evolution.","publisher":{"@id":"https:\/\/www.alchemillasapotek.com\/#organization"},"potentialAction":[{"@type":"SearchAction","target":{"@type":"EntryPoint","urlTemplate":"https:\/\/www.alchemillasapotek.com\/?s={search_term_string}"},"query-input":"required name=search_term_string"}],"inLanguage":"sv-SV"},{"@type":"ImageObject","@id":"http:\/\/www.alchemillasapotek.com\/air-alchemillasapotek\/#primaryimage","inLanguage":"sv-SV","url":"http:\/\/www.alchemillasapotek.com\/wp-content\/uploads\/2016\/11\/AIR-icon-200px.png","contentUrl":"http:\/\/www.alchemillasapotek.com\/wp-content\/uploads\/2016\/11\/AIR-icon-200px.png","width":200,"height":174,"caption":"Air: About Alchemillas Apotek."},{"@type":"WebPage","@id":"http:\/\/www.alchemillasapotek.com\/air-alchemillasapotek\/#webpage","url":"http:\/\/www.alchemillasapotek.com\/air-alchemillasapotek\/","name":"Alchemillas Apotek | About Lisa Jeannin | Links | Herbalism","isPartOf":{"@id":"https:\/\/www.alchemillasapotek.com\/#website"},"primaryImageOfPage":{"@id":"http:\/\/www.alchemillasapotek.com\/air-alchemillasapotek\/#primaryimage"},"datePublished":"2016-10-31T19:09:02+00:00","dateModified":"2018-01-31T10:10:28+00:00","description":"AIR | About Alchemillas Apotek and visual artist Lisa Jeannin | Alchemy, Ayurveda, herbalism, spagyrics\/spagyria, consultation, tinctures, formulas.","breadcrumb":{"@id":"http:\/\/www.alchemillasapotek.com\/air-alchemillasapotek\/#breadcrumb"},"inLanguage":"sv-SV","potentialAction":[{"@type":"ReadAction","target":["http:\/\/www.alchemillasapotek.com\/air-alchemillasapotek\/"]}]},{"@type":"BreadcrumbList","@id":"http:\/\/www.alchemillasapotek.com\/air-alchemillasapotek\/#breadcrumb","itemListElement":[{"@type":"ListItem","position":1,"name":"Home","item":"https:\/\/www.alchemillasapotek.com\/"},{"@type":"ListItem","position":2,"name":"Air"}]}]}},"_links":{"self":[{"href":"http:\/\/www.alchemillasapotek.com\/sv\/wp-json\/wp\/v2\/pages\/24"}],"collection":[{"href":"http:\/\/www.alchemillasapotek.com\/sv\/wp-json\/wp\/v2\/pages"}],"about":[{"href":"http:\/\/www.alchemillasapotek.com\/sv\/wp-json\/wp\/v2\/types\/page"}],"author":[{"embeddable":true,"href":"http:\/\/www.alchemillasapotek.com\/sv\/wp-json\/wp\/v2\/users\/2"}],"replies":[{"embeddable":true,"href":"http:\/\/www.alchemillasapotek.com\/sv\/wp-json\/wp\/v2\/comments?post=24"}],"version-history":[{"count":31,"href":"http:\/\/www.alchemillasapotek.com\/sv\/wp-json\/wp\/v2\/pages\/24\/revisions"}],"predecessor-version":[{"id":1571,"href":"http:\/\/www.alchemillasapotek.com\/sv\/wp-json\/wp\/v2\/pages\/24\/revisions\/1571"}],"wp:featuredmedia":[{"embeddable":true,"href":"http:\/\/www.alchemillasapotek.com\/sv\/wp-json\/wp\/v2\/media\/204"}],"wp:attachment":[{"href":"http:\/\/www.alchemillasapotek.com\/sv\/wp-json\/wp\/v2\/media?parent=24"}],"curies":[{"name":"wp","href":"https:\/\/api.w.org\/{rel}","templated":true}]}}