{"id":1460,"date":"2017-05-14T15:05:00","date_gmt":"2017-05-14T15:05:00","guid":{"rendered":"http:\/\/www.alchemillasapotek.com\/?post_type=product&#038;p=1460"},"modified":"2017-07-15T08:01:21","modified_gmt":"2017-07-15T08:01:21","slug":"moondala","status":"publish","type":"product","link":"http:\/\/www.alchemillasapotek.com\/sv\/water\/moondala\/","title":{"rendered":"Moondala"},"content":{"rendered":"Moondalan kan best\u00e4llas genom att skicka ett <a href=\"mailto:info@alchemillasapotek.com\">e-mail<\/a><\/p>\n<p>Det \u00e4r en mapp med 13 blad.<\/p>\n<p>Den kostar 150 kr + porto<\/p>\n<p>&nbsp;<\/p>\n<p><img loading=\"lazy\" class=\"alignnone wp-image-1464 size-full\" src=\"https:\/\/www.alchemillasapotek.com\/wp-content\/uploads\/2017\/05\/18010193_1439056396151276_1992474359794872888_n.jpg\" alt=\"\" width=\"1200\" height=\"1200\" srcset=\"http:\/\/www.alchemillasapotek.com\/wp-content\/uploads\/2017\/05\/18010193_1439056396151276_1992474359794872888_n.jpg 1200w, http:\/\/www.alchemillasapotek.com\/wp-content\/uploads\/2017\/05\/18010193_1439056396151276_1992474359794872888_n-300x300.jpg 300w, http:\/\/www.alchemillasapotek.com\/wp-content\/uploads\/2017\/05\/18010193_1439056396151276_1992474359794872888_n-100x100.jpg 100w, http:\/\/www.alchemillasapotek.com\/wp-content\/uploads\/2017\/05\/18010193_1439056396151276_1992474359794872888_n-456x456.jpg 456w, http:\/\/www.alchemillasapotek.com\/wp-content\/uploads\/2017\/05\/18010193_1439056396151276_1992474359794872888_n-220x220.jpg 220w, http:\/\/www.alchemillasapotek.com\/wp-content\/uploads\/2017\/05\/18010193_1439056396151276_1992474359794872888_n-460x460.jpg 460w, http:\/\/www.alchemillasapotek.com\/wp-content\/uploads\/2017\/05\/18010193_1439056396151276_1992474359794872888_n-768x768.jpg 768w, http:\/\/www.alchemillasapotek.com\/wp-content\/uploads\/2017\/05\/18010193_1439056396151276_1992474359794872888_n-1024x1024.jpg 1024w, http:\/\/www.alchemillasapotek.com\/wp-content\/uploads\/2017\/05\/18010193_1439056396151276_1992474359794872888_n-912x912.jpg 912w, http:\/\/www.alchemillasapotek.com\/wp-content\/uploads\/2017\/05\/18010193_1439056396151276_1992474359794872888_n-600x600.jpg 600w, http:\/\/www.alchemillasapotek.com\/wp-content\/uploads\/2017\/05\/18010193_1439056396151276_1992474359794872888_n-520x520.jpg 520w, http:\/\/www.alchemillasapotek.com\/wp-content\/uploads\/2017\/05\/18010193_1439056396151276_1992474359794872888_n-260x260.jpg 260w\" sizes=\"(max-width: 1200px) 100vw, 1200px\" \/>\u00a0 <img loading=\"lazy\" class=\"alignnone wp-image-1462 size-full\" src=\"https:\/\/www.alchemillasapotek.com\/wp-content\/uploads\/2017\/05\/18033087_1439056426151273_1480291302158265779_n.jpg\" alt=\"\" width=\"1200\" height=\"1200\" srcset=\"http:\/\/www.alchemillasapotek.com\/wp-content\/uploads\/2017\/05\/18033087_1439056426151273_1480291302158265779_n.jpg 1200w, http:\/\/www.alchemillasapotek.com\/wp-content\/uploads\/2017\/05\/18033087_1439056426151273_1480291302158265779_n-300x300.jpg 300w, http:\/\/www.alchemillasapotek.com\/wp-content\/uploads\/2017\/05\/18033087_1439056426151273_1480291302158265779_n-100x100.jpg 100w, http:\/\/www.alchemillasapotek.com\/wp-content\/uploads\/2017\/05\/18033087_1439056426151273_1480291302158265779_n-456x456.jpg 456w, http:\/\/www.alchemillasapotek.com\/wp-content\/uploads\/2017\/05\/18033087_1439056426151273_1480291302158265779_n-220x220.jpg 220w, http:\/\/www.alchemillasapotek.com\/wp-content\/uploads\/2017\/05\/18033087_1439056426151273_1480291302158265779_n-460x460.jpg 460w, http:\/\/www.alchemillasapotek.com\/wp-content\/uploads\/2017\/05\/18033087_1439056426151273_1480291302158265779_n-768x768.jpg 768w, http:\/\/www.alchemillasapotek.com\/wp-content\/uploads\/2017\/05\/18033087_1439056426151273_1480291302158265779_n-1024x1024.jpg 1024w\" sizes=\"(max-width: 1200px) 100vw, 1200px\" \/><img loading=\"lazy\" class=\"alignnone wp-image-1463 size-full\" src=\"https:\/\/www.alchemillasapotek.com\/wp-content\/uploads\/2017\/05\/18011138_1439056349484614_5144273237093550345_n.jpg\" alt=\"\" width=\"1200\" height=\"1200\" srcset=\"http:\/\/www.alchemillasapotek.com\/wp-content\/uploads\/2017\/05\/18011138_1439056349484614_5144273237093550345_n.jpg 1200w, http:\/\/www.alchemillasapotek.com\/wp-content\/uploads\/2017\/05\/18011138_1439056349484614_5144273237093550345_n-300x300.jpg 300w, http:\/\/www.alchemillasapotek.com\/wp-content\/uploads\/2017\/05\/18011138_1439056349484614_5144273237093550345_n-100x100.jpg 100w, http:\/\/www.alchemillasapotek.com\/wp-content\/uploads\/2017\/05\/18011138_1439056349484614_5144273237093550345_n-456x456.jpg 456w, http:\/\/www.alchemillasapotek.com\/wp-content\/uploads\/2017\/05\/18011138_1439056349484614_5144273237093550345_n-220x220.jpg 220w, http:\/\/www.alchemillasapotek.com\/wp-content\/uploads\/2017\/05\/18011138_1439056349484614_5144273237093550345_n-460x460.jpg 460w, http:\/\/www.alchemillasapotek.com\/wp-content\/uploads\/2017\/05\/18011138_1439056349484614_5144273237093550345_n-768x768.jpg 768w, http:\/\/www.alchemillasapotek.com\/wp-content\/uploads\/2017\/05\/18011138_1439056349484614_5144273237093550345_n-1024x1024.jpg 1024w\" sizes=\"(max-width: 1200px) 100vw, 1200px\" \/>","protected":false},"excerpt":{"rendered":"<h4>\u00a0Moondalan \u00e4r en kalender som skapar f\u00f6rst\u00e5else och uppenbarar sambanden genom att kartl\u00e4gga m\u00e5nens cykel och din personliga cykel, s\u00e5 att du kan f\u00f6rst\u00e5 m\u00f6nstren i varje m\u00e5nfas och hur du kan arbeta tillsammans med universums krafter.<\/h4>\n<p>&nbsp;<\/p>\n<p>En m\u00e5nskalender \u00e4r en kalender baserad p\u00e5 m\u00e5nens faser. Varje m\u00e5ncykel \u00e4r lite mindre \u00e4n 29 dagar, 12 timmar, 44 minuter och 3 sekunder.<\/p>\n<p>&nbsp;<\/p>\n<p>M\u00e5ncykeln speglar m\u00e5nad efter m\u00e5nad kvinnas menstruationscykel, som har en genomsnittlig l\u00e4ngd p\u00e5 29,5 dagar likas\u00e5. Och s\u00e5 som m\u00e5ncykeln g\u00e5r den menstruerande kvinnan igenom transformation och faser varje menstruationscykel. Vid menstruationen b\u00f6rjar en tid av ny tillv\u00e4xt, vid \u00e4gglossningen full kraft och blomstring, vid f\u00f6rmenstruationsfasen en slags sk\u00f6rdeperiod och degenerering, och tillbaka till menstruation och f\u00f6rnyelse igen. Ett kretslopp.<\/p>\n<p>&nbsp;<\/p>\n<p>Alla livsformer har cykler av f\u00f6delse, tillv\u00e4xt, d\u00f6d och f\u00f6rnyelse som speglas i de progressiva faserna i m\u00e5ncykeln.<\/p>\n<p>&nbsp;<\/p>\n<p>&nbsp;<\/p>\n<p>M\u00e5nens faser<\/p>\n<p>&nbsp;<\/p>\n<p>M\u00e5nen har fyra faser eller kvartal som varar omkring sju dagar vardera. De f\u00f6rsta tv\u00e5 kvartalen p\u00e5g\u00e5r under v\u00e4xande eller \u00f6kande ljus, mellan nym\u00e5nen och fullm\u00e5nen. Det tredje och fj\u00e4rde kvartalet \u00e4r efter fullm\u00e5nen n\u00e4r ljuset avtar och minskar.<\/p>\n<p>M\u00e5nens gravitiation p\u00e5verkar vattnet p\u00e5 jorden. M\u00e4nniskan best\u00e5r till stora delar av vatten.<\/p>\n<p>&nbsp;<\/p>\n<p>Att plantera och bedriva jordbruk efter m\u00e5nens faser \u00e4r en metod som \u00e4r lika gammal som jordbruket sj\u00e4lvt, med r\u00f6tter i folktro och magi, samtidigt som vetenskapen st\u00f6djer detta f\u00f6rh\u00e5llningss\u00e4tt.<\/p>\n<p>Jorden ligger i ett stort gravitationsf\u00e4lt, p\u00e5verkat av b\u00e5de solen och m\u00e5nen.<\/p>\n<p>&nbsp;<\/p>\n<p>Man kan \u00e4ven anv\u00e4nda sig av m\u00e5nens olika faser och energier f\u00f6r att p\u00e5b\u00f6rja och avsluta projekt och f\u00f6r att arbeta magiskt.<\/p>\n<p>&nbsp;<\/p>\n<p>Efter tre m\u00e5naders kartl\u00e4ggning av din personliga m\u00e5ncykel, kommer du att sk\u00f6nja m\u00f6nstren i dina cykler som du kanske aldrig var medveten om; M\u00f6nster som ger dig nycklar om hur du fl\u00f6dar och hur du \u00e4r sammankopplad med universum.<\/p>\n<p>Den som \u00e4r astrologiskt intresserad kan notera i vilket tecken av zodiaken m\u00e5nen befinner sig i och hur dessa ytterligare lager av m\u00f6nster, arketyper och energier p\u00e5verkar dig.<\/p>\n<p>&nbsp;<\/p>\n<p>Den f\u00f6rsta dagen av mensturationen r\u00e4knas som cykelens f\u00f6rsta dag, och cykeln slutar p\u00e5 den sista dagen f\u00f6re n\u00e4sta period. Om du inte bl\u00f6der kan du b\u00f6rja kartl\u00e4gga p\u00e5 nym\u00e5nen.<\/p>\n<p>&nbsp;<\/p>\n<p>S\u00e5 som ovan &#8211; s\u00e5 ock nedan<\/p>\n<p>S\u00e5 som inom &#8211; S\u00e5 ock utom<\/p>\n<p>&nbsp;<\/p>\n<p>Denna moondala skapades av Lisa Jeannin i Antwerpen i den alkemiska v\u00e5ren och v\u00e4durens tecken 2017.<\/p>\n<p>&nbsp;<\/p>\n<p>Tryckt av Risiko Press.<\/p>\n<p>&nbsp;&hellip; <a class=\"kt-excerpt-readmore\" href=\"http:\/\/www.alchemillasapotek.com\/sv\/water\/moondala\/\" aria-label=\"Moondala\">Read More<\/a><\/p>\n","protected":false},"featured_media":1464,"comment_status":"closed","ping_status":"closed","template":"","meta":[],"product_cat":[9],"product_tag":[209,134,477],"yoast_head":"<!-- This site is optimized with the Yoast SEO plugin v18.4.1 - https:\/\/yoast.com\/wordpress\/plugins\/seo\/ -->\n<title>Moondala ~ Alchemillas Apotek<\/title>\n<meta name=\"description\" content=\"Alchemillas Apotek: spagyric tinctures, hydrosols, services, and formulas. Please contact us for more information.\" \/>\n<meta name=\"robots\" content=\"index, follow, max-snippet:-1, max-image-preview:large, max-video-preview:-1\" \/>\n<link rel=\"canonical\" href=\"http:\/\/www.alchemillasapotek.com\/water\/moondala\/\" \/>\n<meta property=\"og:locale\" content=\"en_US\" \/>\n<meta property=\"og:type\" content=\"article\" \/>\n<meta property=\"og:title\" content=\"Moondala ~ Alchemillas Apotek\" \/>\n<meta property=\"og:description\" content=\"Alchemillas Apotek: spagyric tinctures, hydrosols, services, and formulas. Please contact us for more information.\" \/>\n<meta property=\"og:url\" content=\"http:\/\/www.alchemillasapotek.com\/water\/moondala\/\" \/>\n<meta property=\"og:site_name\" content=\"Alchemillas Apotek\" \/>\n<meta property=\"article:publisher\" content=\"https:\/\/www.facebook.com\/AlchemillasApotek\/\" \/>\n<meta property=\"article:modified_time\" content=\"2017-07-15T08:01:21+00:00\" \/>\n<meta property=\"og:image\" content=\"http:\/\/www.alchemillasapotek.com\/wp-content\/uploads\/2017\/05\/18010193_1439056396151276_1992474359794872888_n.jpg\" \/>\n\t<meta property=\"og:image:width\" content=\"1200\" \/>\n\t<meta property=\"og:image:height\" content=\"1200\" \/>\n\t<meta property=\"og:image:type\" content=\"image\/jpeg\" \/>\n<meta name=\"twitter:card\" content=\"summary\" \/>\n<meta name=\"twitter:site\" content=\"@lisajeannin\" \/>\n<script type=\"application\/ld+json\" class=\"yoast-schema-graph\">{\"@context\":\"https:\/\/schema.org\",\"@graph\":[{\"@type\":\"Organization\",\"@id\":\"http:\/\/www.alchemillasapotek.com\/#organization\",\"name\":\"Alchemillas Apotek\",\"url\":\"http:\/\/www.alchemillasapotek.com\/\",\"sameAs\":[\"https:\/\/www.facebook.com\/AlchemillasApotek\/\",\"https:\/\/www.instagram.com\/alchemillasapotek\/\",\"https:\/\/twitter.com\/lisajeannin\"],\"logo\":{\"@type\":\"ImageObject\",\"@id\":\"http:\/\/www.alchemillasapotek.com\/#logo\",\"inLanguage\":\"sv-SV\",\"url\":\"https:\/\/www.alchemillasapotek.com\/wp-content\/uploads\/2016\/11\/Logo-AlchemillasApotek-homepage.png\",\"contentUrl\":\"https:\/\/www.alchemillasapotek.com\/wp-content\/uploads\/2016\/11\/Logo-AlchemillasApotek-homepage.png\",\"width\":592,\"height\":580,\"caption\":\"Alchemillas Apotek\"},\"image\":{\"@id\":\"http:\/\/www.alchemillasapotek.com\/#logo\"}},{\"@type\":\"WebSite\",\"@id\":\"http:\/\/www.alchemillasapotek.com\/#website\",\"url\":\"http:\/\/www.alchemillasapotek.com\/\",\"name\":\"Alchemillas Apotek\",\"description\":\"Spagyric Tinctures &amp; Initiatic Plantmedicine for vibrant health and spiritual evolution.\",\"publisher\":{\"@id\":\"http:\/\/www.alchemillasapotek.com\/#organization\"},\"potentialAction\":[{\"@type\":\"SearchAction\",\"target\":{\"@type\":\"EntryPoint\",\"urlTemplate\":\"http:\/\/www.alchemillasapotek.com\/?s={search_term_string}\"},\"query-input\":\"required name=search_term_string\"}],\"inLanguage\":\"sv-SV\"},{\"@type\":\"ImageObject\",\"@id\":\"http:\/\/www.alchemillasapotek.com\/water\/moondala\/#primaryimage\",\"inLanguage\":\"sv-SV\",\"url\":\"http:\/\/www.alchemillasapotek.com\/wp-content\/uploads\/2017\/05\/18010193_1439056396151276_1992474359794872888_n.jpg\",\"contentUrl\":\"http:\/\/www.alchemillasapotek.com\/wp-content\/uploads\/2017\/05\/18010193_1439056396151276_1992474359794872888_n.jpg\",\"width\":1200,\"height\":1200},{\"@type\":\"WebPage\",\"@id\":\"http:\/\/www.alchemillasapotek.com\/water\/moondala\/#webpage\",\"url\":\"http:\/\/www.alchemillasapotek.com\/water\/moondala\/\",\"name\":\"Moondala ~ Alchemillas Apotek\",\"isPartOf\":{\"@id\":\"http:\/\/www.alchemillasapotek.com\/#website\"},\"primaryImageOfPage\":{\"@id\":\"http:\/\/www.alchemillasapotek.com\/water\/moondala\/#primaryimage\"},\"datePublished\":\"2017-05-14T15:05:00+00:00\",\"dateModified\":\"2017-07-15T08:01:21+00:00\",\"description\":\"Alchemillas Apotek: spagyric tinctures, hydrosols, services, and formulas. Please contact us for more information.\",\"breadcrumb\":{\"@id\":\"http:\/\/www.alchemillasapotek.com\/water\/moondala\/#breadcrumb\"},\"inLanguage\":\"sv-SV\",\"potentialAction\":[{\"@type\":\"ReadAction\",\"target\":[\"http:\/\/www.alchemillasapotek.com\/water\/moondala\/\"]}]},{\"@type\":\"BreadcrumbList\",\"@id\":\"http:\/\/www.alchemillasapotek.com\/water\/moondala\/#breadcrumb\",\"itemListElement\":[{\"@type\":\"ListItem\",\"position\":1,\"name\":\"Home\",\"item\":\"http:\/\/www.alchemillasapotek.com\/\"},{\"@type\":\"ListItem\",\"position\":2,\"name\":\"Water\",\"item\":\"https:\/\/www.alchemillasapotek.com\/water\/\"},{\"@type\":\"ListItem\",\"position\":3,\"name\":\"Moondala\"}]}]}<\/script>\n<!-- \/ Yoast SEO plugin. -->","yoast_head_json":{"title":"Moondala ~ Alchemillas Apotek","description":"Alchemillas Apotek: spagyric tinctures, hydrosols, services, and formulas. Please contact us for more information.","robots":{"index":"index","follow":"follow","max-snippet":"max-snippet:-1","max-image-preview":"max-image-preview:large","max-video-preview":"max-video-preview:-1"},"canonical":"http:\/\/www.alchemillasapotek.com\/water\/moondala\/","og_locale":"en_US","og_type":"article","og_title":"Moondala ~ Alchemillas Apotek","og_description":"Alchemillas Apotek: spagyric tinctures, hydrosols, services, and formulas. Please contact us for more information.","og_url":"http:\/\/www.alchemillasapotek.com\/water\/moondala\/","og_site_name":"Alchemillas Apotek","article_publisher":"https:\/\/www.facebook.com\/AlchemillasApotek\/","article_modified_time":"2017-07-15T08:01:21+00:00","og_image":[{"width":1200,"height":1200,"url":"http:\/\/www.alchemillasapotek.com\/wp-content\/uploads\/2017\/05\/18010193_1439056396151276_1992474359794872888_n.jpg","type":"image\/jpeg"}],"twitter_card":"summary","twitter_site":"@lisajeannin","schema":{"@context":"https:\/\/schema.org","@graph":[{"@type":"Organization","@id":"http:\/\/www.alchemillasapotek.com\/#organization","name":"Alchemillas Apotek","url":"http:\/\/www.alchemillasapotek.com\/","sameAs":["https:\/\/www.facebook.com\/AlchemillasApotek\/","https:\/\/www.instagram.com\/alchemillasapotek\/","https:\/\/twitter.com\/lisajeannin"],"logo":{"@type":"ImageObject","@id":"http:\/\/www.alchemillasapotek.com\/#logo","inLanguage":"sv-SV","url":"https:\/\/www.alchemillasapotek.com\/wp-content\/uploads\/2016\/11\/Logo-AlchemillasApotek-homepage.png","contentUrl":"https:\/\/www.alchemillasapotek.com\/wp-content\/uploads\/2016\/11\/Logo-AlchemillasApotek-homepage.png","width":592,"height":580,"caption":"Alchemillas Apotek"},"image":{"@id":"http:\/\/www.alchemillasapotek.com\/#logo"}},{"@type":"WebSite","@id":"http:\/\/www.alchemillasapotek.com\/#website","url":"http:\/\/www.alchemillasapotek.com\/","name":"Alchemillas Apotek","description":"Spagyric Tinctures &amp; Initiatic Plantmedicine for vibrant health and spiritual evolution.","publisher":{"@id":"http:\/\/www.alchemillasapotek.com\/#organization"},"potentialAction":[{"@type":"SearchAction","target":{"@type":"EntryPoint","urlTemplate":"http:\/\/www.alchemillasapotek.com\/?s={search_term_string}"},"query-input":"required name=search_term_string"}],"inLanguage":"sv-SV"},{"@type":"ImageObject","@id":"http:\/\/www.alchemillasapotek.com\/water\/moondala\/#primaryimage","inLanguage":"sv-SV","url":"http:\/\/www.alchemillasapotek.com\/wp-content\/uploads\/2017\/05\/18010193_1439056396151276_1992474359794872888_n.jpg","contentUrl":"http:\/\/www.alchemillasapotek.com\/wp-content\/uploads\/2017\/05\/18010193_1439056396151276_1992474359794872888_n.jpg","width":1200,"height":1200},{"@type":"WebPage","@id":"http:\/\/www.alchemillasapotek.com\/water\/moondala\/#webpage","url":"http:\/\/www.alchemillasapotek.com\/water\/moondala\/","name":"Moondala ~ Alchemillas Apotek","isPartOf":{"@id":"http:\/\/www.alchemillasapotek.com\/#website"},"primaryImageOfPage":{"@id":"http:\/\/www.alchemillasapotek.com\/water\/moondala\/#primaryimage"},"datePublished":"2017-05-14T15:05:00+00:00","dateModified":"2017-07-15T08:01:21+00:00","description":"Alchemillas Apotek: spagyric tinctures, hydrosols, services, and formulas. Please contact us for more information.","breadcrumb":{"@id":"http:\/\/www.alchemillasapotek.com\/water\/moondala\/#breadcrumb"},"inLanguage":"sv-SV","potentialAction":[{"@type":"ReadAction","target":["http:\/\/www.alchemillasapotek.com\/water\/moondala\/"]}]},{"@type":"BreadcrumbList","@id":"http:\/\/www.alchemillasapotek.com\/water\/moondala\/#breadcrumb","itemListElement":[{"@type":"ListItem","position":1,"name":"Home","item":"http:\/\/www.alchemillasapotek.com\/"},{"@type":"ListItem","position":2,"name":"Water","item":"https:\/\/www.alchemillasapotek.com\/water\/"},{"@type":"ListItem","position":3,"name":"Moondala"}]}]}},"_links":{"self":[{"href":"http:\/\/www.alchemillasapotek.com\/sv\/wp-json\/wp\/v2\/product\/1460"}],"collection":[{"href":"http:\/\/www.alchemillasapotek.com\/sv\/wp-json\/wp\/v2\/product"}],"about":[{"href":"http:\/\/www.alchemillasapotek.com\/sv\/wp-json\/wp\/v2\/types\/product"}],"replies":[{"embeddable":true,"href":"http:\/\/www.alchemillasapotek.com\/sv\/wp-json\/wp\/v2\/comments?post=1460"}],"wp:featuredmedia":[{"embeddable":true,"href":"http:\/\/www.alchemillasapotek.com\/sv\/wp-json\/wp\/v2\/media\/1464"}],"wp:attachment":[{"href":"http:\/\/www.alchemillasapotek.com\/sv\/wp-json\/wp\/v2\/media?parent=1460"}],"wp:term":[{"taxonomy":"product_cat","embeddable":true,"href":"http:\/\/www.alchemillasapotek.com\/sv\/wp-json\/wp\/v2\/product_cat?post=1460"},{"taxonomy":"product_tag","embeddable":true,"href":"http:\/\/www.alchemillasapotek.com\/sv\/wp-json\/wp\/v2\/product_tag?post=1460"}],"curies":[{"name":"wp","href":"https:\/\/api.w.org\/{rel}","templated":true}]}}