{"id":1512,"date":"2017-09-01T05:49:57","date_gmt":"2017-09-01T05:49:57","guid":{"rendered":"http:\/\/www.alchemillasapotek.com\/?post_type=product&#038;p=1512"},"modified":"2017-12-07T15:57:26","modified_gmt":"2017-12-07T15:57:26","slug":"calendula","status":"publish","type":"product","link":"http:\/\/www.alchemillasapotek.com\/sv\/water\/calendula\/","title":{"rendered":"Ringblomma"},"content":{"rendered":"<h5>Spagyrisk tinktur av Calendula Officinalis.<\/h5>\n<p>Ta 7 droppar 1-3 g\u00e5nger dagligen direkt p\u00e5 tungan eller i lite varmt vatten.<\/p>\n<p>&nbsp;<\/p>\n<p><img loading=\"lazy\" class=\"alignnone wp-image-1513 size-full\" src=\"\/\/www.alchemillasapotek.com\/wp-content\/uploads\/2017\/09\/calenduladest.jpg\" alt=\"\" width=\"640\" height=\"640\" srcset=\"http:\/\/www.alchemillasapotek.com\/wp-content\/uploads\/2017\/09\/calenduladest.jpg 640w, http:\/\/www.alchemillasapotek.com\/wp-content\/uploads\/2017\/09\/calenduladest-300x300.jpg 300w, http:\/\/www.alchemillasapotek.com\/wp-content\/uploads\/2017\/09\/calenduladest-100x100.jpg 100w, http:\/\/www.alchemillasapotek.com\/wp-content\/uploads\/2017\/09\/calenduladest-456x456.jpg 456w, http:\/\/www.alchemillasapotek.com\/wp-content\/uploads\/2017\/09\/calenduladest-220x220.jpg 220w, http:\/\/www.alchemillasapotek.com\/wp-content\/uploads\/2017\/09\/calenduladest-460x460.jpg 460w\" sizes=\"(max-width: 640px) 100vw, 640px\" \/><\/p>\n<p><img loading=\"lazy\" class=\"alignnone wp-image-1514 size-full\" src=\"\/\/www.alchemillasapotek.com\/wp-content\/uploads\/2017\/09\/ringblomma.jpg\" alt=\"\" width=\"640\" height=\"640\" srcset=\"http:\/\/www.alchemillasapotek.com\/wp-content\/uploads\/2017\/09\/ringblomma.jpg 640w, http:\/\/www.alchemillasapotek.com\/wp-content\/uploads\/2017\/09\/ringblomma-300x300.jpg 300w, http:\/\/www.alchemillasapotek.com\/wp-content\/uploads\/2017\/09\/ringblomma-100x100.jpg 100w, http:\/\/www.alchemillasapotek.com\/wp-content\/uploads\/2017\/09\/ringblomma-456x456.jpg 456w, http:\/\/www.alchemillasapotek.com\/wp-content\/uploads\/2017\/09\/ringblomma-220x220.jpg 220w, http:\/\/www.alchemillasapotek.com\/wp-content\/uploads\/2017\/09\/ringblomma-460x460.jpg 460w, http:\/\/www.alchemillasapotek.com\/wp-content\/uploads\/2017\/09\/ringblomma-600x600.jpg 600w, http:\/\/www.alchemillasapotek.com\/wp-content\/uploads\/2017\/09\/ringblomma-520x520.jpg 520w, http:\/\/www.alchemillasapotek.com\/wp-content\/uploads\/2017\/09\/ringblomma-260x260.jpg 260w\" sizes=\"(max-width: 640px) 100vw, 640px\" \/><\/p>\n<p>foto: Ewa de Mahina","protected":false},"excerpt":{"rendered":"<p><em>Lyser d\u00e4r solen inte kommer \u00e5t<\/em><\/p>\n<p><img loading=\"lazy\" class=\"alignnone size-full wp-image-244\" src=\"\/\/www.alchemillasapotek.com\/wp-content\/uploads\/2016\/11\/SST-Salt.png\" alt=\"Salt\" width=\"40\" height=\"40\" \/><\/p>\n<p>Ringblomma hj\u00e4lper till n\u00e4r det \u00e4r stagnation och fukt i systemet som orsakar hetta fr\u00e5n kyla. En v\u00e4vnad kan bli passiv och livskraften vill f\u00e5 det att r\u00f6ra p\u00e5 sig genom att skapa en inflammation. Det yttrar sig i hetta fr\u00e5n kyla och fukt.<\/p>\n<p>Ringblomma \u00e4r bra att ta till om magen slagits ut av en antibiotika-kur, vid l\u00e4ckande tarm, magkatarr och allergier\/ intoleranser av f\u00f6do\u00e4mnen.<\/p>\n<p>Den \u00e4r ocks\u00e5 bra vid svullna lymfk\u00f6rtlar eller n\u00e4r en influensa \u00e4r utdragen, man borde vara frisk vid det h\u00e4r laget, ingen feber, men man har svullna lymfk\u00f6rtlar och l\u00e5g energi. D\u00e5 rensar ringblomman ut skr\u00e4p ur systemet, d\u00f6da vita blodceller och bakterier.<\/p>\n<p><img loading=\"lazy\" class=\"alignnone size-full wp-image-223\" src=\"\/\/www.alchemillasapotek.com\/wp-content\/uploads\/2016\/11\/SST-Mercury.png\" alt=\"Mercury\" width=\"38\" height=\"50\" \/><\/p>\n<p>N\u00e4r det finns en triangel av symtom som har med f\u00f6do\u00e4mnesintolerans, kan ringblomman vara hj\u00e4lpsam. Man har v\u00e4xlande eller l\u00e5g energi, intolerans som yttrar sig i svullen mage och ont i leder och\/eller hudproblem s\u00e5 som exem. D\u00e5 \u00e4r ringblomman bra att ta till. Den \u00e4r v\u00e4rmande och bitter och hj\u00e4lper levern och matsm\u00e4ltningen att komma i balans.<\/p>\n<p>Ringblomma \u00e4r bra vid \u00e5ngest och depression s\u00e4rskillt om de andra symtomen \u00e4ven upptr\u00e4der.<\/p>\n<p>&nbsp;<\/p>\n<p class=\"alignnone size-full wp-image-223\"><img loading=\"lazy\" class=\"alignnone size-full wp-image-245\" src=\"\/\/www.alchemillasapotek.com\/wp-content\/uploads\/2016\/11\/SST-Sulphur.png\" alt=\"Sulphur\" width=\"40\" height=\"40\" \/><\/p>\n<p>Ringblomman skapar fl\u00f6de och s\u00e4tter fart p\u00e5 det som stagnerat, \u00e4ven p\u00e5 ett psyko-spirituellt plan. Vi kan \u00e5teruppr\u00e4tta v\u00e5ra gr\u00e4nser och anv\u00e4nda v\u00e5ra energiresurser till fullo. Det handlar om att uppt\u00e4cka och anv\u00e4nda v\u00e5r rikedom. Ringblomman kan v\u00e4xa \u00f6verallt. Dess l\u00e4ra handlar om de universella m\u00f6jligheternas magi. Rikedom och \u00f6verfl\u00f6d \u00e4r tillg\u00e4ngligt f\u00f6r oss alla oavsett socio-ekonomiskt l\u00e4ge.<\/p>\n<p>Energin har att g\u00f6ra med den sol\u00e4ra arketypen Apollo.<\/p>\n<p class=\"alignnone size-full wp-image-223\">Den inre solens str\u00e5lande kraft!<\/p>\n<p>&hellip; <a class=\"kt-excerpt-readmore\" href=\"http:\/\/www.alchemillasapotek.com\/sv\/water\/calendula\/\" aria-label=\"Ringblomma\">Read More<\/a><\/p>\n","protected":false},"featured_media":1514,"comment_status":"closed","ping_status":"closed","template":"","meta":[],"product_cat":[6,14],"product_tag":[331,418,240,486,63,376,297],"yoast_head":"<!-- This site is optimized with the Yoast SEO plugin v18.4.1 - https:\/\/yoast.com\/wordpress\/plugins\/seo\/ -->\n<title>Ringblomma ~ Alchemillas Apotek<\/title>\n<meta name=\"description\" content=\"Alchemillas Apotek: spagyric tinctures, hydrosols, services, and formulas. Please contact us for more information.\" \/>\n<meta name=\"robots\" content=\"index, follow, max-snippet:-1, max-image-preview:large, max-video-preview:-1\" \/>\n<link rel=\"canonical\" href=\"https:\/\/www.alchemillasapotek.com\/water\/calendula\/\" \/>\n<meta property=\"og:locale\" content=\"en_US\" \/>\n<meta property=\"og:type\" content=\"article\" \/>\n<meta property=\"og:title\" content=\"[:en]Calendula[:sv]Ringblomma[:] ~ Alchemillas Apotek\" \/>\n<meta property=\"og:description\" content=\"Alchemillas Apotek: spagyric tinctures, hydrosols, services, and formulas. Please contact us for more information.\" \/>\n<meta property=\"og:url\" content=\"https:\/\/www.alchemillasapotek.com\/water\/calendula\/\" \/>\n<meta property=\"og:site_name\" content=\"Alchemillas Apotek\" \/>\n<meta property=\"article:publisher\" content=\"https:\/\/www.facebook.com\/AlchemillasApotek\/\" \/>\n<meta property=\"article:modified_time\" content=\"2017-12-07T15:57:26+00:00\" \/>\n<meta property=\"og:image\" content=\"https:\/\/www.alchemillasapotek.com\/wp-content\/uploads\/2017\/09\/ringblomma.jpg\" \/>\n\t<meta property=\"og:image:width\" content=\"640\" \/>\n\t<meta property=\"og:image:height\" content=\"640\" \/>\n\t<meta property=\"og:image:type\" content=\"image\/jpeg\" \/>\n<meta name=\"twitter:card\" content=\"summary\" \/>\n<meta name=\"twitter:site\" content=\"@lisajeannin\" \/>\n<script type=\"application\/ld+json\" class=\"yoast-schema-graph\">{\"@context\":\"https:\/\/schema.org\",\"@graph\":[{\"@type\":\"Organization\",\"@id\":\"https:\/\/www.alchemillasapotek.com\/#organization\",\"name\":\"Alchemillas Apotek\",\"url\":\"https:\/\/www.alchemillasapotek.com\/\",\"sameAs\":[\"https:\/\/www.facebook.com\/AlchemillasApotek\/\",\"https:\/\/www.instagram.com\/alchemillasapotek\/\",\"https:\/\/twitter.com\/lisajeannin\"],\"logo\":{\"@type\":\"ImageObject\",\"@id\":\"https:\/\/www.alchemillasapotek.com\/#logo\",\"inLanguage\":\"sv-SV\",\"url\":\"https:\/\/www.alchemillasapotek.com\/wp-content\/uploads\/2016\/11\/Logo-AlchemillasApotek-homepage.png\",\"contentUrl\":\"https:\/\/www.alchemillasapotek.com\/wp-content\/uploads\/2016\/11\/Logo-AlchemillasApotek-homepage.png\",\"width\":592,\"height\":580,\"caption\":\"Alchemillas Apotek\"},\"image\":{\"@id\":\"https:\/\/www.alchemillasapotek.com\/#logo\"}},{\"@type\":\"WebSite\",\"@id\":\"https:\/\/www.alchemillasapotek.com\/#website\",\"url\":\"https:\/\/www.alchemillasapotek.com\/\",\"name\":\"Alchemillas Apotek\",\"description\":\"Spagyric Tinctures &amp; Initiatic Plantmedicine for vibrant health and spiritual evolution.\",\"publisher\":{\"@id\":\"https:\/\/www.alchemillasapotek.com\/#organization\"},\"potentialAction\":[{\"@type\":\"SearchAction\",\"target\":{\"@type\":\"EntryPoint\",\"urlTemplate\":\"https:\/\/www.alchemillasapotek.com\/?s={search_term_string}\"},\"query-input\":\"required name=search_term_string\"}],\"inLanguage\":\"sv-SV\"},{\"@type\":\"ImageObject\",\"@id\":\"https:\/\/www.alchemillasapotek.com\/water\/calendula\/#primaryimage\",\"inLanguage\":\"sv-SV\",\"url\":\"http:\/\/www.alchemillasapotek.com\/wp-content\/uploads\/2017\/09\/ringblomma.jpg\",\"contentUrl\":\"http:\/\/www.alchemillasapotek.com\/wp-content\/uploads\/2017\/09\/ringblomma.jpg\",\"width\":640,\"height\":640},{\"@type\":\"WebPage\",\"@id\":\"https:\/\/www.alchemillasapotek.com\/water\/calendula\/#webpage\",\"url\":\"https:\/\/www.alchemillasapotek.com\/water\/calendula\/\",\"name\":\"[:en]Calendula[:sv]Ringblomma[:] ~ Alchemillas Apotek\",\"isPartOf\":{\"@id\":\"https:\/\/www.alchemillasapotek.com\/#website\"},\"primaryImageOfPage\":{\"@id\":\"https:\/\/www.alchemillasapotek.com\/water\/calendula\/#primaryimage\"},\"datePublished\":\"2017-09-01T05:49:57+00:00\",\"dateModified\":\"2017-12-07T15:57:26+00:00\",\"description\":\"Alchemillas Apotek: spagyric tinctures, hydrosols, services, and formulas. Please contact us for more information.\",\"breadcrumb\":{\"@id\":\"https:\/\/www.alchemillasapotek.com\/water\/calendula\/#breadcrumb\"},\"inLanguage\":\"sv-SV\",\"potentialAction\":[{\"@type\":\"ReadAction\",\"target\":[\"https:\/\/www.alchemillasapotek.com\/water\/calendula\/\"]}]},{\"@type\":\"BreadcrumbList\",\"@id\":\"https:\/\/www.alchemillasapotek.com\/water\/calendula\/#breadcrumb\",\"itemListElement\":[{\"@type\":\"ListItem\",\"position\":1,\"name\":\"Home\",\"item\":\"https:\/\/www.alchemillasapotek.com\/\"},{\"@type\":\"ListItem\",\"position\":2,\"name\":\"Water\",\"item\":\"http:\/\/www.alchemillasapotek.com\/water\/\"},{\"@type\":\"ListItem\",\"position\":3,\"name\":\"Calendula\"}]}]}<\/script>\n<!-- \/ Yoast SEO plugin. -->","yoast_head_json":{"title":"[:en]Calendula[:sv]Ringblomma[:] ~ Alchemillas Apotek","description":"Alchemillas Apotek: spagyric tinctures, hydrosols, services, and formulas. Please contact us for more information.","robots":{"index":"index","follow":"follow","max-snippet":"max-snippet:-1","max-image-preview":"max-image-preview:large","max-video-preview":"max-video-preview:-1"},"canonical":"https:\/\/www.alchemillasapotek.com\/water\/calendula\/","og_locale":"en_US","og_type":"article","og_title":"[:en]Calendula[:sv]Ringblomma[:] ~ Alchemillas Apotek","og_description":"Alchemillas Apotek: spagyric tinctures, hydrosols, services, and formulas. Please contact us for more information.","og_url":"https:\/\/www.alchemillasapotek.com\/water\/calendula\/","og_site_name":"Alchemillas Apotek","article_publisher":"https:\/\/www.facebook.com\/AlchemillasApotek\/","article_modified_time":"2017-12-07T15:57:26+00:00","og_image":[{"width":640,"height":640,"url":"https:\/\/www.alchemillasapotek.com\/wp-content\/uploads\/2017\/09\/ringblomma.jpg","type":"image\/jpeg"}],"twitter_card":"summary","twitter_site":"@lisajeannin","schema":{"@context":"https:\/\/schema.org","@graph":[{"@type":"Organization","@id":"https:\/\/www.alchemillasapotek.com\/#organization","name":"Alchemillas Apotek","url":"https:\/\/www.alchemillasapotek.com\/","sameAs":["https:\/\/www.facebook.com\/AlchemillasApotek\/","https:\/\/www.instagram.com\/alchemillasapotek\/","https:\/\/twitter.com\/lisajeannin"],"logo":{"@type":"ImageObject","@id":"https:\/\/www.alchemillasapotek.com\/#logo","inLanguage":"sv-SV","url":"https:\/\/www.alchemillasapotek.com\/wp-content\/uploads\/2016\/11\/Logo-AlchemillasApotek-homepage.png","contentUrl":"https:\/\/www.alchemillasapotek.com\/wp-content\/uploads\/2016\/11\/Logo-AlchemillasApotek-homepage.png","width":592,"height":580,"caption":"Alchemillas Apotek"},"image":{"@id":"https:\/\/www.alchemillasapotek.com\/#logo"}},{"@type":"WebSite","@id":"https:\/\/www.alchemillasapotek.com\/#website","url":"https:\/\/www.alchemillasapotek.com\/","name":"Alchemillas Apotek","description":"Spagyric Tinctures &amp; Initiatic Plantmedicine for vibrant health and spiritual evolution.","publisher":{"@id":"https:\/\/www.alchemillasapotek.com\/#organization"},"potentialAction":[{"@type":"SearchAction","target":{"@type":"EntryPoint","urlTemplate":"https:\/\/www.alchemillasapotek.com\/?s={search_term_string}"},"query-input":"required name=search_term_string"}],"inLanguage":"sv-SV"},{"@type":"ImageObject","@id":"https:\/\/www.alchemillasapotek.com\/water\/calendula\/#primaryimage","inLanguage":"sv-SV","url":"http:\/\/www.alchemillasapotek.com\/wp-content\/uploads\/2017\/09\/ringblomma.jpg","contentUrl":"http:\/\/www.alchemillasapotek.com\/wp-content\/uploads\/2017\/09\/ringblomma.jpg","width":640,"height":640},{"@type":"WebPage","@id":"https:\/\/www.alchemillasapotek.com\/water\/calendula\/#webpage","url":"https:\/\/www.alchemillasapotek.com\/water\/calendula\/","name":"[:en]Calendula[:sv]Ringblomma[:] ~ Alchemillas Apotek","isPartOf":{"@id":"https:\/\/www.alchemillasapotek.com\/#website"},"primaryImageOfPage":{"@id":"https:\/\/www.alchemillasapotek.com\/water\/calendula\/#primaryimage"},"datePublished":"2017-09-01T05:49:57+00:00","dateModified":"2017-12-07T15:57:26+00:00","description":"Alchemillas Apotek: spagyric tinctures, hydrosols, services, and formulas. Please contact us for more information.","breadcrumb":{"@id":"https:\/\/www.alchemillasapotek.com\/water\/calendula\/#breadcrumb"},"inLanguage":"sv-SV","potentialAction":[{"@type":"ReadAction","target":["https:\/\/www.alchemillasapotek.com\/water\/calendula\/"]}]},{"@type":"BreadcrumbList","@id":"https:\/\/www.alchemillasapotek.com\/water\/calendula\/#breadcrumb","itemListElement":[{"@type":"ListItem","position":1,"name":"Home","item":"https:\/\/www.alchemillasapotek.com\/"},{"@type":"ListItem","position":2,"name":"Water","item":"http:\/\/www.alchemillasapotek.com\/water\/"},{"@type":"ListItem","position":3,"name":"Calendula"}]}]}},"_links":{"self":[{"href":"http:\/\/www.alchemillasapotek.com\/sv\/wp-json\/wp\/v2\/product\/1512"}],"collection":[{"href":"http:\/\/www.alchemillasapotek.com\/sv\/wp-json\/wp\/v2\/product"}],"about":[{"href":"http:\/\/www.alchemillasapotek.com\/sv\/wp-json\/wp\/v2\/types\/product"}],"replies":[{"embeddable":true,"href":"http:\/\/www.alchemillasapotek.com\/sv\/wp-json\/wp\/v2\/comments?post=1512"}],"wp:featuredmedia":[{"embeddable":true,"href":"http:\/\/www.alchemillasapotek.com\/sv\/wp-json\/wp\/v2\/media\/1514"}],"wp:attachment":[{"href":"http:\/\/www.alchemillasapotek.com\/sv\/wp-json\/wp\/v2\/media?parent=1512"}],"wp:term":[{"taxonomy":"product_cat","embeddable":true,"href":"http:\/\/www.alchemillasapotek.com\/sv\/wp-json\/wp\/v2\/product_cat?post=1512"},{"taxonomy":"product_tag","embeddable":true,"href":"http:\/\/www.alchemillasapotek.com\/sv\/wp-json\/wp\/v2\/product_tag?post=1512"}],"curies":[{"name":"wp","href":"https:\/\/api.w.org\/{rel}","templated":true}]}}