{"id":1517,"date":"2017-09-17T08:42:50","date_gmt":"2017-09-17T08:42:50","guid":{"rendered":"http:\/\/www.alchemillasapotek.com\/?post_type=product&#038;p=1517"},"modified":"2017-12-07T15:59:36","modified_gmt":"2017-12-07T15:59:36","slug":"abradd","status":"publish","type":"product","link":"http:\/\/www.alchemillasapotek.com\/sv\/water\/abradd\/","title":{"rendered":"\u00c5br\u00e5dd"},"content":{"rendered":"<h5>Spagyrisk tinktur av\u00a0Artemisia Abrotanum.<\/h5>\n<p>&nbsp;<\/p>\n<p>Ta 5 droppar vid behov. \u00d6veranv\u00e4nd inte, den \u00e4r mycket potent. Som en hj\u00e4lp vid parasiter och mask kan den anv\u00e4ndas i 3 veckor , sluta sedan.<\/p>\n<p><strong>Anv\u00e4nd EJ om du \u00e4r gravid eller ammar.<\/strong><\/p>\n<p>&nbsp;<\/p>\n<p><img loading=\"lazy\" class=\"alignnone wp-image-1518 size-full\" src=\"\/\/www.alchemillasapotek.com\/wp-content\/uploads\/2017\/09\/20842162_10154621125866493_4455471902696078083_n.jpg\" alt=\"\" width=\"960\" height=\"960\" srcset=\"http:\/\/www.alchemillasapotek.com\/wp-content\/uploads\/2017\/09\/20842162_10154621125866493_4455471902696078083_n.jpg 960w, http:\/\/www.alchemillasapotek.com\/wp-content\/uploads\/2017\/09\/20842162_10154621125866493_4455471902696078083_n-300x300.jpg 300w, http:\/\/www.alchemillasapotek.com\/wp-content\/uploads\/2017\/09\/20842162_10154621125866493_4455471902696078083_n-100x100.jpg 100w, http:\/\/www.alchemillasapotek.com\/wp-content\/uploads\/2017\/09\/20842162_10154621125866493_4455471902696078083_n-456x456.jpg 456w, http:\/\/www.alchemillasapotek.com\/wp-content\/uploads\/2017\/09\/20842162_10154621125866493_4455471902696078083_n-220x220.jpg 220w, http:\/\/www.alchemillasapotek.com\/wp-content\/uploads\/2017\/09\/20842162_10154621125866493_4455471902696078083_n-460x460.jpg 460w, http:\/\/www.alchemillasapotek.com\/wp-content\/uploads\/2017\/09\/20842162_10154621125866493_4455471902696078083_n-768x768.jpg 768w, http:\/\/www.alchemillasapotek.com\/wp-content\/uploads\/2017\/09\/20842162_10154621125866493_4455471902696078083_n-912x912.jpg 912w, http:\/\/www.alchemillasapotek.com\/wp-content\/uploads\/2017\/09\/20842162_10154621125866493_4455471902696078083_n-600x600.jpg 600w, http:\/\/www.alchemillasapotek.com\/wp-content\/uploads\/2017\/09\/20842162_10154621125866493_4455471902696078083_n-520x520.jpg 520w, http:\/\/www.alchemillasapotek.com\/wp-content\/uploads\/2017\/09\/20842162_10154621125866493_4455471902696078083_n-260x260.jpg 260w\" sizes=\"(max-width: 960px) 100vw, 960px\" \/>","protected":false},"excerpt":{"rendered":"<p>En\u00a0gnistrande k\u00e4rna finns i mitten av sorgens svarta sten<\/p>\n<p><img loading=\"lazy\" class=\"alignnone size-full wp-image-244\" src=\"\/\/www.alchemillasapotek.com\/wp-content\/uploads\/2016\/11\/SST-Salt.png\" alt=\"Salt\" width=\"40\" height=\"40\" \/><\/p>\n<p>\u00c5br\u00e5dd \u00e4r en starkt aromatisk och bitter \u00f6rt som \u00f6kar matsm\u00e4ltningen och gallproduktionen, f\u00e5r fart p\u00e5 levern. Den stimulerar livmodern och f\u00e5r fart p\u00e5 en stagnerad menstruation, men ska aldrig anv\u00e4ndas vid graviditet. \u00c5br\u00e5dd kan s\u00e4nka feber, \u00e4r muskelavslappnande\u00a0och d\u00f6dar parasiter och mask.<\/p>\n<p>Den anv\u00e4nds fr\u00e4mst f\u00f6r att f\u00e5 ig\u00e5ng stagnerad mens, men har \u00e4ven effekter p\u00e5 nerverna.<\/p>\n<p class=\"alignnone size-full wp-image-223\"><img loading=\"lazy\" class=\"alignnone size-full wp-image-223\" src=\"\/\/www.alchemillasapotek.com\/wp-content\/uploads\/2016\/11\/SST-Mercury.png\" alt=\"Mercury\" width=\"38\" height=\"50\" \/><\/p>\n<p>\u00c5br\u00e5dd \u00f6ppnar porerna, g\u00f6r kroppsv\u00e4tskor mer flytande och h\u00f6jer den inre temperaturen, \u00e4r utdrivande och utrensande och \u00e4r d\u00e4rf\u00f6r bra vid feber och renar kroppen vid sjukdom. Den \u00e4r antiseptisk och mycket stimulerande.<\/p>\n<p class=\"alignnone size-full wp-image-223\"><img loading=\"lazy\" class=\"alignnone size-full wp-image-245\" src=\"\/\/www.alchemillasapotek.com\/wp-content\/uploads\/2016\/11\/SST-Sulphur.png\" alt=\"Sulphur\" width=\"40\" height=\"40\" \/><\/p>\n<p>Gudinnan Artemis \u00e4r moderns och sp\u00e4dbarnets beskyddarinna. Hon skyddar \u00e4ven djuren och den vilda naturen.<\/p>\n<p>P\u00e5 ett energetiskt plan hj\u00e4lper \u00e5br\u00e5dd till att rena och driva ut gammal br\u00e5te f\u00f6r att l\u00e4mna plats \u00e5t det nya. Hon har en f\u00f6rm\u00e5ga att transformera bittra minnen , s\u00e5 man kan forts\u00e4tta f\u00f6rbi dem, f\u00f6rl\u00f6sas och sl\u00e4ppa taget om dem f\u00f6r att \u00e5terfinna livets s\u00f6tma.<\/p>\n<p>Personligen kopplar jag \u00e5br\u00e5dd till m\u00e5nfasen som kallas Balsamic, m\u00f6rkerm\u00e5nen precis innan nym\u00e5nen. Det \u00e4r slutet p\u00e5 en l\u00e5ng cykel d\u00e4r essensen har destillerats fram, det \u00e4r den visa \u00e4ldsta gudinneaspekten. Stark intuition, lun\u00e4ra kvaliteer , j\u00e4garinnan transmuterad till alkemist.<\/p>\n<p class=\"alignnone size-full wp-image-223\">Jag tycker att Kolavippen , D\u00f6den portr\u00e4tterad och skapad av Hasse Alfedsson i \u201cJim och piraterna Blom&#8221; \u00a0beskriver det s\u00e5 bra. N\u00e4r Kolavippen bankar s\u00f6nder den svarta sorgestenen och visar upp vad som finns inuti, en diamant, f\u00f6rklarar han: \u00a0\u201dH\u00e4r har vi sorgens sj\u00e4lva k\u00e4rna. Se s\u00e5 den gnistrar! Det \u00e4r den finaste biten av sorgen, den ska du aldrig g\u00f6ra dig av med f\u00f6r den beh\u00f6ver du f\u00f6r att f\u00f6rst\u00e5 andra. Den liksom lyser upp dig inuti!\u201d<\/p>\n<p>&nbsp;&hellip; <a class=\"kt-excerpt-readmore\" href=\"http:\/\/www.alchemillasapotek.com\/sv\/water\/abradd\/\" aria-label=\"\u00c5br\u00e5dd\">Read More<\/a><\/p>\n","protected":false},"featured_media":1518,"comment_status":"closed","ping_status":"closed","template":"","meta":[],"product_cat":[6,18],"product_tag":[489,241,488,209,134,490,487],"yoast_head":"<!-- This site is optimized with the Yoast SEO plugin v18.4.1 - https:\/\/yoast.com\/wordpress\/plugins\/seo\/ -->\n<title>\u00c5br\u00e5dd ~ Alchemillas Apotek<\/title>\n<meta name=\"description\" content=\"Alchemillas Apotek: spagyric tinctures, hydrosols, services, and formulas. Please contact us for more information.\" \/>\n<meta name=\"robots\" content=\"index, follow, max-snippet:-1, max-image-preview:large, max-video-preview:-1\" \/>\n<link rel=\"canonical\" href=\"http:\/\/www.alchemillasapotek.com\/water\/abradd\/\" \/>\n<meta property=\"og:locale\" content=\"en_US\" \/>\n<meta property=\"og:type\" content=\"article\" \/>\n<meta property=\"og:title\" content=\"[:en]Southernwood[:sv]\u00c5br\u00e5dd[:] ~ Alchemillas Apotek\" \/>\n<meta property=\"og:description\" content=\"Alchemillas Apotek: spagyric tinctures, hydrosols, services, and formulas. Please contact us for more information.\" \/>\n<meta property=\"og:url\" content=\"http:\/\/www.alchemillasapotek.com\/water\/abradd\/\" \/>\n<meta property=\"og:site_name\" content=\"Alchemillas Apotek\" \/>\n<meta property=\"article:publisher\" content=\"https:\/\/www.facebook.com\/AlchemillasApotek\/\" \/>\n<meta property=\"article:modified_time\" content=\"2017-12-07T15:59:36+00:00\" \/>\n<meta property=\"og:image\" content=\"http:\/\/www.alchemillasapotek.com\/wp-content\/uploads\/2017\/09\/20842162_10154621125866493_4455471902696078083_n.jpg\" \/>\n\t<meta property=\"og:image:width\" content=\"960\" \/>\n\t<meta property=\"og:image:height\" content=\"960\" \/>\n\t<meta property=\"og:image:type\" content=\"image\/jpeg\" \/>\n<meta name=\"twitter:card\" content=\"summary\" \/>\n<meta name=\"twitter:site\" content=\"@lisajeannin\" \/>\n<script type=\"application\/ld+json\" class=\"yoast-schema-graph\">{\"@context\":\"https:\/\/schema.org\",\"@graph\":[{\"@type\":\"Organization\",\"@id\":\"http:\/\/www.alchemillasapotek.com\/sv\/#organization\",\"name\":\"Alchemillas Apotek\",\"url\":\"http:\/\/www.alchemillasapotek.com\/sv\/\",\"sameAs\":[\"https:\/\/www.facebook.com\/AlchemillasApotek\/\",\"https:\/\/www.instagram.com\/alchemillasapotek\/\",\"https:\/\/twitter.com\/lisajeannin\"],\"logo\":{\"@type\":\"ImageObject\",\"@id\":\"http:\/\/www.alchemillasapotek.com\/sv\/#logo\",\"inLanguage\":\"sv-SV\",\"url\":\"https:\/\/www.alchemillasapotek.com\/wp-content\/uploads\/2016\/11\/Logo-AlchemillasApotek-homepage.png\",\"contentUrl\":\"https:\/\/www.alchemillasapotek.com\/wp-content\/uploads\/2016\/11\/Logo-AlchemillasApotek-homepage.png\",\"width\":592,\"height\":580,\"caption\":\"Alchemillas Apotek\"},\"image\":{\"@id\":\"http:\/\/www.alchemillasapotek.com\/sv\/#logo\"}},{\"@type\":\"WebSite\",\"@id\":\"http:\/\/www.alchemillasapotek.com\/sv\/#website\",\"url\":\"http:\/\/www.alchemillasapotek.com\/sv\/\",\"name\":\"Alchemillas Apotek\",\"description\":\"Spagyric Tinctures &amp; Initiatic Plantmedicine for vibrant health and spiritual evolution.\",\"publisher\":{\"@id\":\"http:\/\/www.alchemillasapotek.com\/sv\/#organization\"},\"potentialAction\":[{\"@type\":\"SearchAction\",\"target\":{\"@type\":\"EntryPoint\",\"urlTemplate\":\"http:\/\/www.alchemillasapotek.com\/sv\/?s={search_term_string}\"},\"query-input\":\"required name=search_term_string\"}],\"inLanguage\":\"sv-SV\"},{\"@type\":\"ImageObject\",\"@id\":\"http:\/\/www.alchemillasapotek.com\/water\/abradd\/#primaryimage\",\"inLanguage\":\"sv-SV\",\"url\":\"http:\/\/www.alchemillasapotek.com\/wp-content\/uploads\/2017\/09\/20842162_10154621125866493_4455471902696078083_n.jpg\",\"contentUrl\":\"http:\/\/www.alchemillasapotek.com\/wp-content\/uploads\/2017\/09\/20842162_10154621125866493_4455471902696078083_n.jpg\",\"width\":960,\"height\":960},{\"@type\":\"WebPage\",\"@id\":\"http:\/\/www.alchemillasapotek.com\/water\/abradd\/#webpage\",\"url\":\"http:\/\/www.alchemillasapotek.com\/water\/abradd\/\",\"name\":\"[:en]Southernwood[:sv]\u00c5br\u00e5dd[:] ~ Alchemillas Apotek\",\"isPartOf\":{\"@id\":\"http:\/\/www.alchemillasapotek.com\/sv\/#website\"},\"primaryImageOfPage\":{\"@id\":\"http:\/\/www.alchemillasapotek.com\/water\/abradd\/#primaryimage\"},\"datePublished\":\"2017-09-17T08:42:50+00:00\",\"dateModified\":\"2017-12-07T15:59:36+00:00\",\"description\":\"Alchemillas Apotek: spagyric tinctures, hydrosols, services, and formulas. Please contact us for more information.\",\"breadcrumb\":{\"@id\":\"http:\/\/www.alchemillasapotek.com\/water\/abradd\/#breadcrumb\"},\"inLanguage\":\"sv-SV\",\"potentialAction\":[{\"@type\":\"ReadAction\",\"target\":[\"http:\/\/www.alchemillasapotek.com\/water\/abradd\/\"]}]},{\"@type\":\"BreadcrumbList\",\"@id\":\"http:\/\/www.alchemillasapotek.com\/water\/abradd\/#breadcrumb\",\"itemListElement\":[{\"@type\":\"ListItem\",\"position\":1,\"name\":\"Home\",\"item\":\"http:\/\/www.alchemillasapotek.com\/sv\/\"},{\"@type\":\"ListItem\",\"position\":2,\"name\":\"Vatten\",\"item\":\"http:\/\/www.alchemillasapotek.com\/sv\/water\/\"},{\"@type\":\"ListItem\",\"position\":3,\"name\":\"Southernwood\"}]}]}<\/script>\n<!-- \/ Yoast SEO plugin. -->","yoast_head_json":{"title":"[:en]Southernwood[:sv]\u00c5br\u00e5dd[:] ~ Alchemillas Apotek","description":"Alchemillas Apotek: spagyric tinctures, hydrosols, services, and formulas. Please contact us for more information.","robots":{"index":"index","follow":"follow","max-snippet":"max-snippet:-1","max-image-preview":"max-image-preview:large","max-video-preview":"max-video-preview:-1"},"canonical":"http:\/\/www.alchemillasapotek.com\/water\/abradd\/","og_locale":"en_US","og_type":"article","og_title":"[:en]Southernwood[:sv]\u00c5br\u00e5dd[:] ~ Alchemillas Apotek","og_description":"Alchemillas Apotek: spagyric tinctures, hydrosols, services, and formulas. Please contact us for more information.","og_url":"http:\/\/www.alchemillasapotek.com\/water\/abradd\/","og_site_name":"Alchemillas Apotek","article_publisher":"https:\/\/www.facebook.com\/AlchemillasApotek\/","article_modified_time":"2017-12-07T15:59:36+00:00","og_image":[{"width":960,"height":960,"url":"http:\/\/www.alchemillasapotek.com\/wp-content\/uploads\/2017\/09\/20842162_10154621125866493_4455471902696078083_n.jpg","type":"image\/jpeg"}],"twitter_card":"summary","twitter_site":"@lisajeannin","schema":{"@context":"https:\/\/schema.org","@graph":[{"@type":"Organization","@id":"http:\/\/www.alchemillasapotek.com\/sv\/#organization","name":"Alchemillas Apotek","url":"http:\/\/www.alchemillasapotek.com\/sv\/","sameAs":["https:\/\/www.facebook.com\/AlchemillasApotek\/","https:\/\/www.instagram.com\/alchemillasapotek\/","https:\/\/twitter.com\/lisajeannin"],"logo":{"@type":"ImageObject","@id":"http:\/\/www.alchemillasapotek.com\/sv\/#logo","inLanguage":"sv-SV","url":"https:\/\/www.alchemillasapotek.com\/wp-content\/uploads\/2016\/11\/Logo-AlchemillasApotek-homepage.png","contentUrl":"https:\/\/www.alchemillasapotek.com\/wp-content\/uploads\/2016\/11\/Logo-AlchemillasApotek-homepage.png","width":592,"height":580,"caption":"Alchemillas Apotek"},"image":{"@id":"http:\/\/www.alchemillasapotek.com\/sv\/#logo"}},{"@type":"WebSite","@id":"http:\/\/www.alchemillasapotek.com\/sv\/#website","url":"http:\/\/www.alchemillasapotek.com\/sv\/","name":"Alchemillas Apotek","description":"Spagyric Tinctures &amp; Initiatic Plantmedicine for vibrant health and spiritual evolution.","publisher":{"@id":"http:\/\/www.alchemillasapotek.com\/sv\/#organization"},"potentialAction":[{"@type":"SearchAction","target":{"@type":"EntryPoint","urlTemplate":"http:\/\/www.alchemillasapotek.com\/sv\/?s={search_term_string}"},"query-input":"required name=search_term_string"}],"inLanguage":"sv-SV"},{"@type":"ImageObject","@id":"http:\/\/www.alchemillasapotek.com\/water\/abradd\/#primaryimage","inLanguage":"sv-SV","url":"http:\/\/www.alchemillasapotek.com\/wp-content\/uploads\/2017\/09\/20842162_10154621125866493_4455471902696078083_n.jpg","contentUrl":"http:\/\/www.alchemillasapotek.com\/wp-content\/uploads\/2017\/09\/20842162_10154621125866493_4455471902696078083_n.jpg","width":960,"height":960},{"@type":"WebPage","@id":"http:\/\/www.alchemillasapotek.com\/water\/abradd\/#webpage","url":"http:\/\/www.alchemillasapotek.com\/water\/abradd\/","name":"[:en]Southernwood[:sv]\u00c5br\u00e5dd[:] ~ Alchemillas Apotek","isPartOf":{"@id":"http:\/\/www.alchemillasapotek.com\/sv\/#website"},"primaryImageOfPage":{"@id":"http:\/\/www.alchemillasapotek.com\/water\/abradd\/#primaryimage"},"datePublished":"2017-09-17T08:42:50+00:00","dateModified":"2017-12-07T15:59:36+00:00","description":"Alchemillas Apotek: spagyric tinctures, hydrosols, services, and formulas. Please contact us for more information.","breadcrumb":{"@id":"http:\/\/www.alchemillasapotek.com\/water\/abradd\/#breadcrumb"},"inLanguage":"sv-SV","potentialAction":[{"@type":"ReadAction","target":["http:\/\/www.alchemillasapotek.com\/water\/abradd\/"]}]},{"@type":"BreadcrumbList","@id":"http:\/\/www.alchemillasapotek.com\/water\/abradd\/#breadcrumb","itemListElement":[{"@type":"ListItem","position":1,"name":"Home","item":"http:\/\/www.alchemillasapotek.com\/sv\/"},{"@type":"ListItem","position":2,"name":"Vatten","item":"http:\/\/www.alchemillasapotek.com\/sv\/water\/"},{"@type":"ListItem","position":3,"name":"Southernwood"}]}]}},"_links":{"self":[{"href":"http:\/\/www.alchemillasapotek.com\/sv\/wp-json\/wp\/v2\/product\/1517"}],"collection":[{"href":"http:\/\/www.alchemillasapotek.com\/sv\/wp-json\/wp\/v2\/product"}],"about":[{"href":"http:\/\/www.alchemillasapotek.com\/sv\/wp-json\/wp\/v2\/types\/product"}],"replies":[{"embeddable":true,"href":"http:\/\/www.alchemillasapotek.com\/sv\/wp-json\/wp\/v2\/comments?post=1517"}],"wp:featuredmedia":[{"embeddable":true,"href":"http:\/\/www.alchemillasapotek.com\/sv\/wp-json\/wp\/v2\/media\/1518"}],"wp:attachment":[{"href":"http:\/\/www.alchemillasapotek.com\/sv\/wp-json\/wp\/v2\/media?parent=1517"}],"wp:term":[{"taxonomy":"product_cat","embeddable":true,"href":"http:\/\/www.alchemillasapotek.com\/sv\/wp-json\/wp\/v2\/product_cat?post=1517"},{"taxonomy":"product_tag","embeddable":true,"href":"http:\/\/www.alchemillasapotek.com\/sv\/wp-json\/wp\/v2\/product_tag?post=1517"}],"curies":[{"name":"wp","href":"https:\/\/api.w.org\/{rel}","templated":true}]}}