{"id":1527,"date":"2017-11-29T13:57:01","date_gmt":"2017-11-29T13:57:01","guid":{"rendered":"http:\/\/www.alchemillasapotek.com\/?post_type=product&#038;p=1527"},"modified":"2017-11-30T21:10:08","modified_gmt":"2017-11-30T21:10:08","slug":"echinacea-purpurea","status":"publish","type":"product","link":"http:\/\/www.alchemillasapotek.com\/sv\/water\/echinacea-purpurea\/","title":{"rendered":"Echinacea Purpurea"},"content":{"rendered":"<h5>Spagyrisk tinktur av Echinacea Purpurea.<\/h5>\n<p>&nbsp;<\/p>\n<p>Ta 7-14 droppar vid behov i lite varmt vatten.\u00a0 Om det \u00e4r vid f\u00f6rsta stadiet i en rej\u00e4l f\u00f6rkylning eller influensa \u00e4r det b\u00e4ttre att g\u00f6ra ett starkt te p\u00e5 ingef\u00e4ra och ha 14 droppar echinacea och g\u00e4rna kombinera med <a href=\"\/\/www.alchemillasapotek.com\/water\/sambucus-nigra\/\">spagyrisk tinktur av fl\u00e4der.<\/a><\/p>\n<p>Drick regelbundet under det f\u00f6rsta dygnet och om det beh\u00f6vs \u00e4ven under n\u00e4stkommande.<\/p>\n<p><img loading=\"lazy\" class=\"alignnone wp-image-1534\" src=\"\/\/www.alchemillasapotek.com\/wp-content\/uploads\/2017\/11\/image5.jpg\" alt=\"\" width=\"720\" height=\"720\" srcset=\"http:\/\/www.alchemillasapotek.com\/wp-content\/uploads\/2017\/11\/image5.jpg 3024w, http:\/\/www.alchemillasapotek.com\/wp-content\/uploads\/2017\/11\/image5-300x300.jpg 300w, http:\/\/www.alchemillasapotek.com\/wp-content\/uploads\/2017\/11\/image5-100x100.jpg 100w, http:\/\/www.alchemillasapotek.com\/wp-content\/uploads\/2017\/11\/image5-456x456.jpg 456w, http:\/\/www.alchemillasapotek.com\/wp-content\/uploads\/2017\/11\/image5-220x220.jpg 220w, http:\/\/www.alchemillasapotek.com\/wp-content\/uploads\/2017\/11\/image5-460x460.jpg 460w, http:\/\/www.alchemillasapotek.com\/wp-content\/uploads\/2017\/11\/image5-768x768.jpg 768w, http:\/\/www.alchemillasapotek.com\/wp-content\/uploads\/2017\/11\/image5-1024x1024.jpg 1024w, http:\/\/www.alchemillasapotek.com\/wp-content\/uploads\/2017\/11\/image5-912x912.jpg 912w, http:\/\/www.alchemillasapotek.com\/wp-content\/uploads\/2017\/11\/image5-600x600.jpg 600w, http:\/\/www.alchemillasapotek.com\/wp-content\/uploads\/2017\/11\/image5-520x520.jpg 520w, http:\/\/www.alchemillasapotek.com\/wp-content\/uploads\/2017\/11\/image5-260x260.jpg 260w\" sizes=\"(max-width: 720px) 100vw, 720px\" \/> <img loading=\"lazy\" class=\"alignnone wp-image-1531 size-full\" src=\"\/\/www.alchemillasapotek.com\/wp-content\/uploads\/2017\/11\/enchinacea.jpg\" alt=\"\" width=\"720\" height=\"720\" srcset=\"http:\/\/www.alchemillasapotek.com\/wp-content\/uploads\/2017\/11\/enchinacea.jpg 720w, http:\/\/www.alchemillasapotek.com\/wp-content\/uploads\/2017\/11\/enchinacea-300x300.jpg 300w, http:\/\/www.alchemillasapotek.com\/wp-content\/uploads\/2017\/11\/enchinacea-100x100.jpg 100w, http:\/\/www.alchemillasapotek.com\/wp-content\/uploads\/2017\/11\/enchinacea-456x456.jpg 456w, http:\/\/www.alchemillasapotek.com\/wp-content\/uploads\/2017\/11\/enchinacea-220x220.jpg 220w, http:\/\/www.alchemillasapotek.com\/wp-content\/uploads\/2017\/11\/enchinacea-460x460.jpg 460w\" sizes=\"(max-width: 720px) 100vw, 720px\" \/>","protected":false},"excerpt":{"rendered":"<p>Ordet Echinacea h\u00e4rstammar fr\u00e5n grekiskans\u00a0\u00a0<i>echinos<\/i>, som betyder igelkott eller havsborre, d\u00e5 blommans mitt \u00e4r konformad och taggig.<\/p>\n<p>&nbsp;<\/p>\n<p><img loading=\"lazy\" class=\"alignnone size-full wp-image-244\" src=\"\/\/www.alchemillasapotek.com\/wp-content\/uploads\/2016\/11\/SST-Salt.png\" alt=\"Salt\" width=\"40\" height=\"40\" \/><\/p>\n<p>Enchinacea verkar antiinflammatoriskt och hj\u00e4lper vid det f\u00f6rsta akuta stadiet av en f\u00f6rkylning eller influensa. D\u00e5 \u00e4r det effektivare kombinera den genom att ta hj\u00e4lp av andra immunf\u00f6rsvarare s\u00e5 som fl\u00e4derb\u00e4r och ingef\u00e4rsroten. Under denna akuta \u00e4r det viktigt att det \u00e4r lite h\u00f6gre dos av echinacea och regelbundet, 5 g\u00e5nger under det f\u00f6rsta dygnet fr\u00e5n och med de f\u00f6rsta tecken upptr\u00e4der.<\/p>\n<p>Ecinacea mildrar \u00e4ven allergiska besv\u00e4r vid f\u00f6dslo\u00e4mnesintolerans samt stimulerar l\u00e4kning av mags\u00e4cken.<\/p>\n<p>Echinacin \u00e4r verksamt vid halsfluss.<\/p>\n<p>Echinacea anv\u00e4nds vid f\u00f6rkylning, influensa, s\u00e5r, infektioner, allergier, virus, svullna k\u00f6rtlar och tandk\u00f6tt.<\/p>\n<p class=\"alignnone size-full wp-image-223\"><img loading=\"lazy\" class=\"alignnone size-full wp-image-223\" src=\"\/\/www.alchemillasapotek.com\/wp-content\/uploads\/2016\/11\/SST-Mercury.png\" alt=\"Mercury\" width=\"38\" height=\"50\" \/><\/p>\n<p>Varje del av Echinacea har verksamma \u00e4mnen som st\u00e4rker immunf\u00f6rsvaret p\u00e5 m\u00e5nga olika vis. I den spagyriska tinkturen har har 70% r\u00f6tter och 30% blommor och blad.<\/p>\n<p><img loading=\"lazy\" class=\"alignnone size-full wp-image-245\" src=\"\/\/www.alchemillasapotek.com\/wp-content\/uploads\/2016\/11\/SST-Sulphur.png\" alt=\"Sulphur\" width=\"40\" height=\"40\" \/><\/p>\n<p>Echinacea har traditionellt anv\u00e4nds av den nordamerikanska ursprungsbefolkningen, och v\u00e4xer vild p\u00e5 pr\u00e4rien. Cheyenne, Comanche, och m\u00e5nga andra stammar anv\u00e4nde den vid bland annat tandv\u00e4rk, halsont, halsfluss, hosta, och sjukdommar i blodet och lymfatiska systemet.<\/p>\n<p>Echinacea \u00e4r en utm\u00e4rkt blodrenare.<\/p>\n<p>En k\u00e4nd \u00f6rtdoktor utan licens,\u00a0H. C. F. Meyer, som emigrerat till Amerika fr\u00e5n Tyskland &#8220;\u00e5teruppt\u00e4ckte&#8221; Echinacea p\u00e5 1870-talet och p\u00e5stod sig k\u00e4nna till \u00f6ver 600 fall d\u00e5 Echinacea botat skallerormsbett. F\u00f6r att bevisa kraften i Echinacea l\u00e4t han sig bitas m\u00e5nga g\u00e5nger av skallerormar.<\/p>\n<p>Detta var b\u00f6rjan till hypen runt Echinacea!<\/p>\n<p>&nbsp;<\/p>\n<p>&nbsp;<\/p>\n<p>&nbsp;&hellip; <a class=\"kt-excerpt-readmore\" href=\"http:\/\/www.alchemillasapotek.com\/sv\/water\/echinacea-purpurea\/\" aria-label=\"Echinacea Purpurea\">Read More<\/a><\/p>\n","protected":false},"featured_media":1534,"comment_status":"closed","ping_status":"closed","template":"","meta":[],"product_cat":[6,15],"product_tag":[210,303,494,240,305,72,296],"yoast_head":"<!-- This site is optimized with the Yoast SEO plugin v18.4.1 - https:\/\/yoast.com\/wordpress\/plugins\/seo\/ -->\n<title>Echinacea Purpurea ~ Alchemillas Apotek<\/title>\n<meta name=\"description\" content=\"Alchemillas Apotek: spagyric tinctures, hydrosols, services, and formulas. Please contact us for more information.\" \/>\n<meta name=\"robots\" content=\"index, follow, max-snippet:-1, max-image-preview:large, max-video-preview:-1\" \/>\n<link rel=\"canonical\" href=\"http:\/\/www.alchemillasapotek.com\/water\/echinacea-purpurea\/\" \/>\n<meta property=\"og:locale\" content=\"en_US\" \/>\n<meta property=\"og:type\" content=\"article\" \/>\n<meta property=\"og:title\" content=\"Echinacea Purpurea ~ Alchemillas Apotek\" \/>\n<meta property=\"og:description\" content=\"Alchemillas Apotek: spagyric tinctures, hydrosols, services, and formulas. Please contact us for more information.\" \/>\n<meta property=\"og:url\" content=\"http:\/\/www.alchemillasapotek.com\/water\/echinacea-purpurea\/\" \/>\n<meta property=\"og:site_name\" content=\"Alchemillas Apotek\" \/>\n<meta property=\"article:publisher\" content=\"https:\/\/www.facebook.com\/AlchemillasApotek\/\" \/>\n<meta property=\"article:modified_time\" content=\"2017-11-30T21:10:08+00:00\" \/>\n<meta property=\"og:image\" content=\"http:\/\/www.alchemillasapotek.com\/wp-content\/uploads\/2017\/11\/image5-1024x1024.jpg\" \/>\n\t<meta property=\"og:image:width\" content=\"1024\" \/>\n\t<meta property=\"og:image:height\" content=\"1024\" \/>\n\t<meta property=\"og:image:type\" content=\"image\/jpeg\" \/>\n<meta name=\"twitter:card\" content=\"summary\" \/>\n<meta name=\"twitter:site\" content=\"@lisajeannin\" \/>\n<meta name=\"twitter:label1\" content=\"Est. reading time\" \/>\n\t<meta name=\"twitter:data1\" content=\"1 minute\" \/>\n<script type=\"application\/ld+json\" class=\"yoast-schema-graph\">{\"@context\":\"https:\/\/schema.org\",\"@graph\":[{\"@type\":\"Organization\",\"@id\":\"https:\/\/www.alchemillasapotek.com\/#organization\",\"name\":\"Alchemillas Apotek\",\"url\":\"https:\/\/www.alchemillasapotek.com\/\",\"sameAs\":[\"https:\/\/www.facebook.com\/AlchemillasApotek\/\",\"https:\/\/www.instagram.com\/alchemillasapotek\/\",\"https:\/\/twitter.com\/lisajeannin\"],\"logo\":{\"@type\":\"ImageObject\",\"@id\":\"https:\/\/www.alchemillasapotek.com\/#logo\",\"inLanguage\":\"sv-SV\",\"url\":\"https:\/\/www.alchemillasapotek.com\/wp-content\/uploads\/2016\/11\/Logo-AlchemillasApotek-homepage.png\",\"contentUrl\":\"https:\/\/www.alchemillasapotek.com\/wp-content\/uploads\/2016\/11\/Logo-AlchemillasApotek-homepage.png\",\"width\":592,\"height\":580,\"caption\":\"Alchemillas Apotek\"},\"image\":{\"@id\":\"https:\/\/www.alchemillasapotek.com\/#logo\"}},{\"@type\":\"WebSite\",\"@id\":\"https:\/\/www.alchemillasapotek.com\/#website\",\"url\":\"https:\/\/www.alchemillasapotek.com\/\",\"name\":\"Alchemillas Apotek\",\"description\":\"Spagyric Tinctures &amp; Initiatic Plantmedicine for vibrant health and spiritual evolution.\",\"publisher\":{\"@id\":\"https:\/\/www.alchemillasapotek.com\/#organization\"},\"potentialAction\":[{\"@type\":\"SearchAction\",\"target\":{\"@type\":\"EntryPoint\",\"urlTemplate\":\"https:\/\/www.alchemillasapotek.com\/?s={search_term_string}\"},\"query-input\":\"required name=search_term_string\"}],\"inLanguage\":\"sv-SV\"},{\"@type\":\"ImageObject\",\"@id\":\"http:\/\/www.alchemillasapotek.com\/water\/echinacea-purpurea\/#primaryimage\",\"inLanguage\":\"sv-SV\",\"url\":\"http:\/\/www.alchemillasapotek.com\/wp-content\/uploads\/2017\/11\/image5.jpg\",\"contentUrl\":\"http:\/\/www.alchemillasapotek.com\/wp-content\/uploads\/2017\/11\/image5.jpg\",\"width\":3024,\"height\":3024},{\"@type\":\"WebPage\",\"@id\":\"http:\/\/www.alchemillasapotek.com\/water\/echinacea-purpurea\/#webpage\",\"url\":\"http:\/\/www.alchemillasapotek.com\/water\/echinacea-purpurea\/\",\"name\":\"Echinacea Purpurea ~ Alchemillas Apotek\",\"isPartOf\":{\"@id\":\"https:\/\/www.alchemillasapotek.com\/#website\"},\"primaryImageOfPage\":{\"@id\":\"http:\/\/www.alchemillasapotek.com\/water\/echinacea-purpurea\/#primaryimage\"},\"datePublished\":\"2017-11-29T13:57:01+00:00\",\"dateModified\":\"2017-11-30T21:10:08+00:00\",\"description\":\"Alchemillas Apotek: spagyric tinctures, hydrosols, services, and formulas. Please contact us for more information.\",\"breadcrumb\":{\"@id\":\"http:\/\/www.alchemillasapotek.com\/water\/echinacea-purpurea\/#breadcrumb\"},\"inLanguage\":\"sv-SV\",\"potentialAction\":[{\"@type\":\"ReadAction\",\"target\":[\"http:\/\/www.alchemillasapotek.com\/water\/echinacea-purpurea\/\"]}]},{\"@type\":\"BreadcrumbList\",\"@id\":\"http:\/\/www.alchemillasapotek.com\/water\/echinacea-purpurea\/#breadcrumb\",\"itemListElement\":[{\"@type\":\"ListItem\",\"position\":1,\"name\":\"Home\",\"item\":\"https:\/\/www.alchemillasapotek.com\/\"},{\"@type\":\"ListItem\",\"position\":2,\"name\":\"Vatten\",\"item\":\"https:\/\/www.alchemillasapotek.com\/sv\/water\/\"},{\"@type\":\"ListItem\",\"position\":3,\"name\":\"Echinacea Purpurea\"}]}]}<\/script>\n<!-- \/ Yoast SEO plugin. -->","yoast_head_json":{"title":"Echinacea Purpurea ~ Alchemillas Apotek","description":"Alchemillas Apotek: spagyric tinctures, hydrosols, services, and formulas. Please contact us for more information.","robots":{"index":"index","follow":"follow","max-snippet":"max-snippet:-1","max-image-preview":"max-image-preview:large","max-video-preview":"max-video-preview:-1"},"canonical":"http:\/\/www.alchemillasapotek.com\/water\/echinacea-purpurea\/","og_locale":"en_US","og_type":"article","og_title":"Echinacea Purpurea ~ Alchemillas Apotek","og_description":"Alchemillas Apotek: spagyric tinctures, hydrosols, services, and formulas. Please contact us for more information.","og_url":"http:\/\/www.alchemillasapotek.com\/water\/echinacea-purpurea\/","og_site_name":"Alchemillas Apotek","article_publisher":"https:\/\/www.facebook.com\/AlchemillasApotek\/","article_modified_time":"2017-11-30T21:10:08+00:00","og_image":[{"width":1024,"height":1024,"url":"http:\/\/www.alchemillasapotek.com\/wp-content\/uploads\/2017\/11\/image5-1024x1024.jpg","type":"image\/jpeg"}],"twitter_card":"summary","twitter_site":"@lisajeannin","twitter_misc":{"Est. reading time":"1 minute"},"schema":{"@context":"https:\/\/schema.org","@graph":[{"@type":"Organization","@id":"https:\/\/www.alchemillasapotek.com\/#organization","name":"Alchemillas Apotek","url":"https:\/\/www.alchemillasapotek.com\/","sameAs":["https:\/\/www.facebook.com\/AlchemillasApotek\/","https:\/\/www.instagram.com\/alchemillasapotek\/","https:\/\/twitter.com\/lisajeannin"],"logo":{"@type":"ImageObject","@id":"https:\/\/www.alchemillasapotek.com\/#logo","inLanguage":"sv-SV","url":"https:\/\/www.alchemillasapotek.com\/wp-content\/uploads\/2016\/11\/Logo-AlchemillasApotek-homepage.png","contentUrl":"https:\/\/www.alchemillasapotek.com\/wp-content\/uploads\/2016\/11\/Logo-AlchemillasApotek-homepage.png","width":592,"height":580,"caption":"Alchemillas Apotek"},"image":{"@id":"https:\/\/www.alchemillasapotek.com\/#logo"}},{"@type":"WebSite","@id":"https:\/\/www.alchemillasapotek.com\/#website","url":"https:\/\/www.alchemillasapotek.com\/","name":"Alchemillas Apotek","description":"Spagyric Tinctures &amp; Initiatic Plantmedicine for vibrant health and spiritual evolution.","publisher":{"@id":"https:\/\/www.alchemillasapotek.com\/#organization"},"potentialAction":[{"@type":"SearchAction","target":{"@type":"EntryPoint","urlTemplate":"https:\/\/www.alchemillasapotek.com\/?s={search_term_string}"},"query-input":"required name=search_term_string"}],"inLanguage":"sv-SV"},{"@type":"ImageObject","@id":"http:\/\/www.alchemillasapotek.com\/water\/echinacea-purpurea\/#primaryimage","inLanguage":"sv-SV","url":"http:\/\/www.alchemillasapotek.com\/wp-content\/uploads\/2017\/11\/image5.jpg","contentUrl":"http:\/\/www.alchemillasapotek.com\/wp-content\/uploads\/2017\/11\/image5.jpg","width":3024,"height":3024},{"@type":"WebPage","@id":"http:\/\/www.alchemillasapotek.com\/water\/echinacea-purpurea\/#webpage","url":"http:\/\/www.alchemillasapotek.com\/water\/echinacea-purpurea\/","name":"Echinacea Purpurea ~ Alchemillas Apotek","isPartOf":{"@id":"https:\/\/www.alchemillasapotek.com\/#website"},"primaryImageOfPage":{"@id":"http:\/\/www.alchemillasapotek.com\/water\/echinacea-purpurea\/#primaryimage"},"datePublished":"2017-11-29T13:57:01+00:00","dateModified":"2017-11-30T21:10:08+00:00","description":"Alchemillas Apotek: spagyric tinctures, hydrosols, services, and formulas. Please contact us for more information.","breadcrumb":{"@id":"http:\/\/www.alchemillasapotek.com\/water\/echinacea-purpurea\/#breadcrumb"},"inLanguage":"sv-SV","potentialAction":[{"@type":"ReadAction","target":["http:\/\/www.alchemillasapotek.com\/water\/echinacea-purpurea\/"]}]},{"@type":"BreadcrumbList","@id":"http:\/\/www.alchemillasapotek.com\/water\/echinacea-purpurea\/#breadcrumb","itemListElement":[{"@type":"ListItem","position":1,"name":"Home","item":"https:\/\/www.alchemillasapotek.com\/"},{"@type":"ListItem","position":2,"name":"Vatten","item":"https:\/\/www.alchemillasapotek.com\/sv\/water\/"},{"@type":"ListItem","position":3,"name":"Echinacea Purpurea"}]}]}},"_links":{"self":[{"href":"http:\/\/www.alchemillasapotek.com\/sv\/wp-json\/wp\/v2\/product\/1527"}],"collection":[{"href":"http:\/\/www.alchemillasapotek.com\/sv\/wp-json\/wp\/v2\/product"}],"about":[{"href":"http:\/\/www.alchemillasapotek.com\/sv\/wp-json\/wp\/v2\/types\/product"}],"replies":[{"embeddable":true,"href":"http:\/\/www.alchemillasapotek.com\/sv\/wp-json\/wp\/v2\/comments?post=1527"}],"wp:featuredmedia":[{"embeddable":true,"href":"http:\/\/www.alchemillasapotek.com\/sv\/wp-json\/wp\/v2\/media\/1534"}],"wp:attachment":[{"href":"http:\/\/www.alchemillasapotek.com\/sv\/wp-json\/wp\/v2\/media?parent=1527"}],"wp:term":[{"taxonomy":"product_cat","embeddable":true,"href":"http:\/\/www.alchemillasapotek.com\/sv\/wp-json\/wp\/v2\/product_cat?post=1527"},{"taxonomy":"product_tag","embeddable":true,"href":"http:\/\/www.alchemillasapotek.com\/sv\/wp-json\/wp\/v2\/product_tag?post=1527"}],"curies":[{"name":"wp","href":"https:\/\/api.w.org\/{rel}","templated":true}]}}