{"id":1528,"date":"2017-11-29T13:58:51","date_gmt":"2017-11-29T13:58:51","guid":{"rendered":"http:\/\/www.alchemillasapotek.com\/?post_type=product&#038;p=1528"},"modified":"2017-12-07T16:11:17","modified_gmt":"2017-12-07T16:11:17","slug":"lobelia","status":"publish","type":"product","link":"http:\/\/www.alchemillasapotek.com\/sv\/water\/lobelia\/","title":{"rendered":"Lobelia"},"content":{"rendered":"<h5>Spagyrisk tinktur av Lobelia Inflata.<\/h5>\n<p>Ta 3 droppar vid behov. \u00f6verdosering framkallar kr\u00e4kning.<\/p>\n<p><img loading=\"lazy\" class=\"alignnone wp-image-1529 size-large\" src=\"\/\/www.alchemillasapotek.com\/wp-content\/uploads\/2017\/11\/Lobelia-Lobelia-Inflata-Overview-Health-Benefits-Side-effects-3-986x1024.jpg\" alt=\"\" width=\"986\" height=\"1024\" srcset=\"http:\/\/www.alchemillasapotek.com\/wp-content\/uploads\/2017\/11\/Lobelia-Lobelia-Inflata-Overview-Health-Benefits-Side-effects-3-986x1024.jpg 986w, http:\/\/www.alchemillasapotek.com\/wp-content\/uploads\/2017\/11\/Lobelia-Lobelia-Inflata-Overview-Health-Benefits-Side-effects-3-443x460.jpg 443w, http:\/\/www.alchemillasapotek.com\/wp-content\/uploads\/2017\/11\/Lobelia-Lobelia-Inflata-Overview-Health-Benefits-Side-effects-3-768x797.jpg 768w, http:\/\/www.alchemillasapotek.com\/wp-content\/uploads\/2017\/11\/Lobelia-Lobelia-Inflata-Overview-Health-Benefits-Side-effects-3-520x540.jpg 520w, http:\/\/www.alchemillasapotek.com\/wp-content\/uploads\/2017\/11\/Lobelia-Lobelia-Inflata-Overview-Health-Benefits-Side-effects-3-260x270.jpg 260w, http:\/\/www.alchemillasapotek.com\/wp-content\/uploads\/2017\/11\/Lobelia-Lobelia-Inflata-Overview-Health-Benefits-Side-effects-3.jpg 1156w\" sizes=\"(max-width: 986px) 100vw, 986px\" \/>","protected":false},"excerpt":{"rendered":"<p>&nbsp;<\/p>\n<p>Det \u00e4r sv\u00e5rt att f\u00f6rst\u00e5 beroende om du aldrig har upplevt det sj\u00e4lv. &#8211; Ken Hensley<\/p>\n<p>&nbsp;<\/p>\n<p><img loading=\"lazy\" class=\"alignnone size-full wp-image-244\" src=\"\/\/www.alchemillasapotek.com\/wp-content\/uploads\/2016\/11\/SST-Salt.png\" alt=\"Salt\" width=\"40\" height=\"40\" \/><\/p>\n<p>&nbsp;<\/p>\n<p>Lobelia kallas \u00e4ven &#8220;Indiantobak&#8221; och har anv\u00e4nds l\u00e4nge i historien vid andningsbesv\u00e4r, asthma, bronkit, lunginflammation och hosta. Den amerikanska ursprungsbefolkningen r\u00f6kte lobelia f\u00f6r att lindra asthma. P\u00e5 1800-talet b\u00f6rjade man ordinera lobelia som kr\u00e4kmedel f\u00f6r att driva ut gifter ur kroppen. Det gjorde att man b\u00f6rjade kalla lobelia f\u00f6r &#8220;pukeweed&#8221;. I h\u00f6gre dos framkallar lobelia kr\u00e4kning och det ska man veta om man \u00e4r intresserad av att anv\u00e4nda denna \u00f6rt.<\/p>\n<p><img loading=\"lazy\" class=\"alignnone size-full wp-image-223\" src=\"\/\/www.alchemillasapotek.com\/wp-content\/uploads\/2016\/11\/SST-Mercury.png\" alt=\"Mercury\" width=\"38\" height=\"50\" \/><\/p>\n<p>Lobelia impacts neurotransmitter activity in a way that is similar to nicotine.\u00a0 The active ingredient, Lobeline, is a both a nicotine agonist and antagonist derived from an Indian plant \u201clobelia inflata.\u201d\u00a0 Here&#8217;s what that means:<\/p>\n<p>The brain has neurotransmitter receptor cells that have been labeled &#8216;nicotinic&#8217; receptors because they are stimulated by nicotine.\u00a0 Lobeline acts on these cells as an &#8216;agonist,&#8217; which means that it binds to these cells and stimulates them in a similar way to nicotine.\u00a0 (The effects are not as strong as nicotine, however.)\u00a0 Because the drug is in effect &#8216;parked&#8217; at the receptor sites on these cells, it also partially blocks nicotine from activating them, thereby reducing the effect of nicotine in the brain from smoking, and helping to reduce the &#8216;reward&#8217; associated with smoking.<\/p>\n<p>Interestingly, unlike nicotine, which is highly addictive, lobeline does not appear to be addictive.\u00a0 This may be because of its structural differences from nicotine, and the different ways that it affects dopamine storage and release.\u00a0 (Dopamine is another a neurotransmitter &#8211; one that is implicated in addictive patterns of behavior.)<\/p>\n<p>Rather than stimulating the release of dopamine in the normal way (from the presynaptic terminal), lobeline appears to induce the metabolism of dopamine intraneuronally as well as inhibit dopamine re-uptake.\u00a0 The result of this is that rather than getting a &#8216;dose&#8217; of rewarding dopamine immediately connected to the behavior of smoking (or of taking lobeline), the dopamine effect is more diffuse.\u00a0 So you still get the pleasant dopamine effect, but because it is not strongly associated with the behavior, it does not induce addictive behaviors, and in fact partially blocks the addictive effect of nicotine intake.<\/p>\n<p>Dwoskin LP, Crooks PA., (2002) A novel mechanism of action and potential use for lobeline as a treatment for psychostimulant abuse. Biochemical Pharmacology. Jan 15;63(2):89-98.<\/p>\n<p class=\"alignnone size-full wp-image-223\"><img loading=\"lazy\" class=\"alignnone size-full wp-image-245\" src=\"\/\/www.alchemillasapotek.com\/wp-content\/uploads\/2016\/11\/SST-Sulphur.png\" alt=\"Sulphur\" width=\"40\" height=\"40\" \/><\/p>\n<p>Jag har gjort ett spagyriskt elixir (s\u00e5 kallar jag mina blandningar som inneh\u00e5ller flera spagyriska tinkturer) som st\u00f6ttar de som vill sluta r\u00f6ka eller snusa. Hittills har denna blandning hj\u00e4lpt ett dussin att sluta, mig sj\u00e4lv inkluderad!<\/p>\n<p>Jag rekomenderar r\u00f6kare och snusare som vill sluta vara det detta elixir framf\u00f6r den rena spagyriska lobeliatinkturen f\u00f6r mitt sluta r\u00f6ka support elixir inneh\u00e5ller \u00e4ven lugnande och adaptogena \u00f6rter som hj\u00e4lper den som slutar att hantera stress.<\/p>\n<p>jag vill dela med mig av 2 tips till den som vill sluta att r\u00f6ka att anv\u00e4nda i kombination med elixiret:<\/p>\n<div>1. B\u00f6rja vid nym\u00e5ne och g\u00f6r en personlig ceremoni d\u00e4r du dedikerar dig och ber universum att st\u00f6dja dig i att transformeras.<\/div>\n<div><\/div>\n<div>2. Drick ett te som st\u00f6djer levern under de f\u00f6rsta 72 timmarna.(N\u00e4r man slutar med nikotin eller annat beroendeframkallande startar en utrensningsprocess och d\u00e5 drivs gifter ut snabbare som samlas i levern. Ilska och frustration samlas ocks\u00e5 i levern enligt ayurvedan.)<\/div>\n<div><\/div>\n<div>G\u00f6r en dekokt (man l\u00e5ter sjuda med lock, h\u00e4ll bara p\u00e5 nytt vatten tills det inte l\u00e4ngre har kraft, ta d\u00e5 nya \u00f6rter) och drick flera g\u00e5nger om dagen i\u00a0 minst 4 dagar.<\/div>\n<div>Leverst\u00e4rkande te:<\/div>\n<div>Maskrosrot<\/div>\n<div>Stor Kardborrerot<\/div>\n<div>Mariatistel fr\u00f6<\/div>\n<div>Gurkmejarot<\/div>\n<div>Lakritsrot (uteslut om du har h\u00f6gt blodtryck eller \u00e4ter n\u00e5gon blodtrycksmedicin)<\/div>\n<div>Kanelst\u00e5ng<\/div>\n<div><\/div>\n<div>Det spagyriska Sluta r\u00f6ka support elixiret inneh\u00e5ller bland annat:<\/div>\n<div><a href=\"\/\/www.alchemillasapotek.com\/sv\/water\/scutellaria-galericulata\/\">Fross\u00f6rt<\/a>, <a href=\"\/\/www.alchemillasapotek.com\/sv\/water\/avena-sativa\/\">Mj\u00f6lkig havre<\/a>, \u00c4renpris, Lobelia, <a href=\"\/\/www.alchemillasapotek.com\/sv\/water\/siberian-ginseng\/\">Sibirisk Ginseng<\/a> och <a href=\"\/\/www.alchemillasapotek.com\/sv\/water\/gallium-aparine\/\">Sn\u00e4rjm\u00e5ra<\/a>.<\/div>\n<div>Jag tillreder det alltid n\u00e4r m\u00e5nen \u00e4r i tvillingarnas tecken (tvillingarna styr luftv\u00e4garna och lungorna)<\/div>\n<div><\/div>\n<div>Jag kan inte ta personligt ansvar om du inte lyckas sluta r\u00f6ka eller snusa genom att ta mitt elixir till hj\u00e4lp.<\/div>\n<div><\/div>\n<div><\/div>\n<div><\/div>\n<p>&hellip; <a class=\"kt-excerpt-readmore\" href=\"http:\/\/www.alchemillasapotek.com\/sv\/water\/lobelia\/\" aria-label=\"Lobelia\">Read More<\/a><\/p>\n","protected":false},"featured_media":1529,"comment_status":"closed","ping_status":"closed","template":"","meta":[],"product_cat":[6,17],"product_tag":[492,22,29,493],"yoast_head":"<!-- This site is optimized with the Yoast SEO plugin v18.4.1 - https:\/\/yoast.com\/wordpress\/plugins\/seo\/ -->\n<title>Lobelia ~ Alchemillas Apotek<\/title>\n<meta name=\"description\" content=\"Alchemillas Apotek: spagyric tinctures, hydrosols, services, and formulas. Please contact us for more information.\" \/>\n<meta name=\"robots\" content=\"index, follow, max-snippet:-1, max-image-preview:large, max-video-preview:-1\" \/>\n<link rel=\"canonical\" href=\"http:\/\/www.alchemillasapotek.com\/sv\/water\/lobelia\/\" \/>\n<meta property=\"og:locale\" content=\"en_US\" \/>\n<meta property=\"og:type\" content=\"article\" \/>\n<meta property=\"og:title\" content=\"Lobelia ~ Alchemillas Apotek\" \/>\n<meta property=\"og:description\" content=\"Alchemillas Apotek: spagyric tinctures, hydrosols, services, and formulas. Please contact us for more information.\" \/>\n<meta property=\"og:url\" content=\"http:\/\/www.alchemillasapotek.com\/sv\/water\/lobelia\/\" \/>\n<meta property=\"og:site_name\" content=\"Alchemillas Apotek\" \/>\n<meta property=\"article:publisher\" content=\"https:\/\/www.facebook.com\/AlchemillasApotek\/\" \/>\n<meta property=\"article:modified_time\" content=\"2017-12-07T16:11:17+00:00\" \/>\n<meta property=\"og:image\" content=\"http:\/\/www.alchemillasapotek.com\/wp-content\/uploads\/2017\/11\/Lobelia-Lobelia-Inflata-Overview-Health-Benefits-Side-effects-3.jpg\" \/>\n\t<meta property=\"og:image:width\" content=\"1156\" \/>\n\t<meta property=\"og:image:height\" content=\"1200\" \/>\n\t<meta property=\"og:image:type\" content=\"image\/jpeg\" \/>\n<meta name=\"twitter:card\" content=\"summary\" \/>\n<meta name=\"twitter:site\" content=\"@lisajeannin\" \/>\n<script type=\"application\/ld+json\" class=\"yoast-schema-graph\">{\"@context\":\"https:\/\/schema.org\",\"@graph\":[{\"@type\":\"Organization\",\"@id\":\"http:\/\/www.alchemillasapotek.com\/#organization\",\"name\":\"Alchemillas Apotek\",\"url\":\"http:\/\/www.alchemillasapotek.com\/\",\"sameAs\":[\"https:\/\/www.facebook.com\/AlchemillasApotek\/\",\"https:\/\/www.instagram.com\/alchemillasapotek\/\",\"https:\/\/twitter.com\/lisajeannin\"],\"logo\":{\"@type\":\"ImageObject\",\"@id\":\"http:\/\/www.alchemillasapotek.com\/#logo\",\"inLanguage\":\"sv-SV\",\"url\":\"https:\/\/www.alchemillasapotek.com\/wp-content\/uploads\/2016\/11\/Logo-AlchemillasApotek-homepage.png\",\"contentUrl\":\"https:\/\/www.alchemillasapotek.com\/wp-content\/uploads\/2016\/11\/Logo-AlchemillasApotek-homepage.png\",\"width\":592,\"height\":580,\"caption\":\"Alchemillas Apotek\"},\"image\":{\"@id\":\"http:\/\/www.alchemillasapotek.com\/#logo\"}},{\"@type\":\"WebSite\",\"@id\":\"http:\/\/www.alchemillasapotek.com\/#website\",\"url\":\"http:\/\/www.alchemillasapotek.com\/\",\"name\":\"Alchemillas Apotek\",\"description\":\"Spagyric Tinctures &amp; Initiatic Plantmedicine for vibrant health and spiritual evolution.\",\"publisher\":{\"@id\":\"http:\/\/www.alchemillasapotek.com\/#organization\"},\"potentialAction\":[{\"@type\":\"SearchAction\",\"target\":{\"@type\":\"EntryPoint\",\"urlTemplate\":\"http:\/\/www.alchemillasapotek.com\/?s={search_term_string}\"},\"query-input\":\"required name=search_term_string\"}],\"inLanguage\":\"sv-SV\"},{\"@type\":\"ImageObject\",\"@id\":\"http:\/\/www.alchemillasapotek.com\/sv\/water\/lobelia\/#primaryimage\",\"inLanguage\":\"sv-SV\",\"url\":\"http:\/\/www.alchemillasapotek.com\/wp-content\/uploads\/2017\/11\/Lobelia-Lobelia-Inflata-Overview-Health-Benefits-Side-effects-3.jpg\",\"contentUrl\":\"http:\/\/www.alchemillasapotek.com\/wp-content\/uploads\/2017\/11\/Lobelia-Lobelia-Inflata-Overview-Health-Benefits-Side-effects-3.jpg\",\"width\":1156,\"height\":1200},{\"@type\":\"WebPage\",\"@id\":\"http:\/\/www.alchemillasapotek.com\/sv\/water\/lobelia\/#webpage\",\"url\":\"http:\/\/www.alchemillasapotek.com\/sv\/water\/lobelia\/\",\"name\":\"Lobelia ~ Alchemillas Apotek\",\"isPartOf\":{\"@id\":\"http:\/\/www.alchemillasapotek.com\/#website\"},\"primaryImageOfPage\":{\"@id\":\"http:\/\/www.alchemillasapotek.com\/sv\/water\/lobelia\/#primaryimage\"},\"datePublished\":\"2017-11-29T13:58:51+00:00\",\"dateModified\":\"2017-12-07T16:11:17+00:00\",\"description\":\"Alchemillas Apotek: spagyric tinctures, hydrosols, services, and formulas. Please contact us for more information.\",\"breadcrumb\":{\"@id\":\"http:\/\/www.alchemillasapotek.com\/sv\/water\/lobelia\/#breadcrumb\"},\"inLanguage\":\"sv-SV\",\"potentialAction\":[{\"@type\":\"ReadAction\",\"target\":[\"http:\/\/www.alchemillasapotek.com\/sv\/water\/lobelia\/\"]}]},{\"@type\":\"BreadcrumbList\",\"@id\":\"http:\/\/www.alchemillasapotek.com\/sv\/water\/lobelia\/#breadcrumb\",\"itemListElement\":[{\"@type\":\"ListItem\",\"position\":1,\"name\":\"Home\",\"item\":\"http:\/\/www.alchemillasapotek.com\/\"},{\"@type\":\"ListItem\",\"position\":2,\"name\":\"Water\",\"item\":\"http:\/\/www.alchemillasapotek.com\/water\/\"},{\"@type\":\"ListItem\",\"position\":3,\"name\":\"Lobelia\"}]}]}<\/script>\n<!-- \/ Yoast SEO plugin. -->","yoast_head_json":{"title":"Lobelia ~ Alchemillas Apotek","description":"Alchemillas Apotek: spagyric tinctures, hydrosols, services, and formulas. Please contact us for more information.","robots":{"index":"index","follow":"follow","max-snippet":"max-snippet:-1","max-image-preview":"max-image-preview:large","max-video-preview":"max-video-preview:-1"},"canonical":"http:\/\/www.alchemillasapotek.com\/sv\/water\/lobelia\/","og_locale":"en_US","og_type":"article","og_title":"Lobelia ~ Alchemillas Apotek","og_description":"Alchemillas Apotek: spagyric tinctures, hydrosols, services, and formulas. Please contact us for more information.","og_url":"http:\/\/www.alchemillasapotek.com\/sv\/water\/lobelia\/","og_site_name":"Alchemillas Apotek","article_publisher":"https:\/\/www.facebook.com\/AlchemillasApotek\/","article_modified_time":"2017-12-07T16:11:17+00:00","og_image":[{"width":1156,"height":1200,"url":"http:\/\/www.alchemillasapotek.com\/wp-content\/uploads\/2017\/11\/Lobelia-Lobelia-Inflata-Overview-Health-Benefits-Side-effects-3.jpg","type":"image\/jpeg"}],"twitter_card":"summary","twitter_site":"@lisajeannin","schema":{"@context":"https:\/\/schema.org","@graph":[{"@type":"Organization","@id":"http:\/\/www.alchemillasapotek.com\/#organization","name":"Alchemillas Apotek","url":"http:\/\/www.alchemillasapotek.com\/","sameAs":["https:\/\/www.facebook.com\/AlchemillasApotek\/","https:\/\/www.instagram.com\/alchemillasapotek\/","https:\/\/twitter.com\/lisajeannin"],"logo":{"@type":"ImageObject","@id":"http:\/\/www.alchemillasapotek.com\/#logo","inLanguage":"sv-SV","url":"https:\/\/www.alchemillasapotek.com\/wp-content\/uploads\/2016\/11\/Logo-AlchemillasApotek-homepage.png","contentUrl":"https:\/\/www.alchemillasapotek.com\/wp-content\/uploads\/2016\/11\/Logo-AlchemillasApotek-homepage.png","width":592,"height":580,"caption":"Alchemillas Apotek"},"image":{"@id":"http:\/\/www.alchemillasapotek.com\/#logo"}},{"@type":"WebSite","@id":"http:\/\/www.alchemillasapotek.com\/#website","url":"http:\/\/www.alchemillasapotek.com\/","name":"Alchemillas Apotek","description":"Spagyric Tinctures &amp; Initiatic Plantmedicine for vibrant health and spiritual evolution.","publisher":{"@id":"http:\/\/www.alchemillasapotek.com\/#organization"},"potentialAction":[{"@type":"SearchAction","target":{"@type":"EntryPoint","urlTemplate":"http:\/\/www.alchemillasapotek.com\/?s={search_term_string}"},"query-input":"required name=search_term_string"}],"inLanguage":"sv-SV"},{"@type":"ImageObject","@id":"http:\/\/www.alchemillasapotek.com\/sv\/water\/lobelia\/#primaryimage","inLanguage":"sv-SV","url":"http:\/\/www.alchemillasapotek.com\/wp-content\/uploads\/2017\/11\/Lobelia-Lobelia-Inflata-Overview-Health-Benefits-Side-effects-3.jpg","contentUrl":"http:\/\/www.alchemillasapotek.com\/wp-content\/uploads\/2017\/11\/Lobelia-Lobelia-Inflata-Overview-Health-Benefits-Side-effects-3.jpg","width":1156,"height":1200},{"@type":"WebPage","@id":"http:\/\/www.alchemillasapotek.com\/sv\/water\/lobelia\/#webpage","url":"http:\/\/www.alchemillasapotek.com\/sv\/water\/lobelia\/","name":"Lobelia ~ Alchemillas Apotek","isPartOf":{"@id":"http:\/\/www.alchemillasapotek.com\/#website"},"primaryImageOfPage":{"@id":"http:\/\/www.alchemillasapotek.com\/sv\/water\/lobelia\/#primaryimage"},"datePublished":"2017-11-29T13:58:51+00:00","dateModified":"2017-12-07T16:11:17+00:00","description":"Alchemillas Apotek: spagyric tinctures, hydrosols, services, and formulas. Please contact us for more information.","breadcrumb":{"@id":"http:\/\/www.alchemillasapotek.com\/sv\/water\/lobelia\/#breadcrumb"},"inLanguage":"sv-SV","potentialAction":[{"@type":"ReadAction","target":["http:\/\/www.alchemillasapotek.com\/sv\/water\/lobelia\/"]}]},{"@type":"BreadcrumbList","@id":"http:\/\/www.alchemillasapotek.com\/sv\/water\/lobelia\/#breadcrumb","itemListElement":[{"@type":"ListItem","position":1,"name":"Home","item":"http:\/\/www.alchemillasapotek.com\/"},{"@type":"ListItem","position":2,"name":"Water","item":"http:\/\/www.alchemillasapotek.com\/water\/"},{"@type":"ListItem","position":3,"name":"Lobelia"}]}]}},"_links":{"self":[{"href":"http:\/\/www.alchemillasapotek.com\/sv\/wp-json\/wp\/v2\/product\/1528"}],"collection":[{"href":"http:\/\/www.alchemillasapotek.com\/sv\/wp-json\/wp\/v2\/product"}],"about":[{"href":"http:\/\/www.alchemillasapotek.com\/sv\/wp-json\/wp\/v2\/types\/product"}],"replies":[{"embeddable":true,"href":"http:\/\/www.alchemillasapotek.com\/sv\/wp-json\/wp\/v2\/comments?post=1528"}],"wp:featuredmedia":[{"embeddable":true,"href":"http:\/\/www.alchemillasapotek.com\/sv\/wp-json\/wp\/v2\/media\/1529"}],"wp:attachment":[{"href":"http:\/\/www.alchemillasapotek.com\/sv\/wp-json\/wp\/v2\/media?parent=1528"}],"wp:term":[{"taxonomy":"product_cat","embeddable":true,"href":"http:\/\/www.alchemillasapotek.com\/sv\/wp-json\/wp\/v2\/product_cat?post=1528"},{"taxonomy":"product_tag","embeddable":true,"href":"http:\/\/www.alchemillasapotek.com\/sv\/wp-json\/wp\/v2\/product_tag?post=1528"}],"curies":[{"name":"wp","href":"https:\/\/api.w.org\/{rel}","templated":true}]}}