{"id":1553,"date":"2017-12-04T09:48:44","date_gmt":"2017-12-04T09:48:44","guid":{"rendered":"http:\/\/www.alchemillasapotek.com\/?post_type=product&#038;p=1553"},"modified":"2017-12-07T16:13:58","modified_gmt":"2017-12-07T16:13:58","slug":"speedwell","status":"publish","type":"product","link":"http:\/\/www.alchemillasapotek.com\/sv\/water\/speedwell\/","title":{"rendered":"\u00c4renpris"},"content":{"rendered":"<h5>Spagyrisk tinktur av Veronica Officinalis.<\/h5>\n<p>Ta 7 droppar vid behov.<\/p>\n<p><img loading=\"lazy\" class=\"aligncenter wp-image-1554 size-full\" src=\"\/\/www.alchemillasapotek.com\/wp-content\/uploads\/2017\/12\/11951272_981789848544602_4598401821760584247_n.jpg\" alt=\"\" width=\"720\" height=\"960\" srcset=\"http:\/\/www.alchemillasapotek.com\/wp-content\/uploads\/2017\/12\/11951272_981789848544602_4598401821760584247_n.jpg 720w, http:\/\/www.alchemillasapotek.com\/wp-content\/uploads\/2017\/12\/11951272_981789848544602_4598401821760584247_n-345x460.jpg 345w\" sizes=\"(max-width: 720px) 100vw, 720px\" \/><\/p>\n<p style=\"text-align: center\"><img loading=\"lazy\" class=\"aligncenter wp-image-1556 \" src=\"\/\/www.alchemillasapotek.com\/wp-content\/uploads\/2017\/12\/11988276_987128414677412_2581379237230824223_n.jpg\" alt=\"\" width=\"722\" height=\"722\" srcset=\"http:\/\/www.alchemillasapotek.com\/wp-content\/uploads\/2017\/12\/11988276_987128414677412_2581379237230824223_n.jpg 960w, http:\/\/www.alchemillasapotek.com\/wp-content\/uploads\/2017\/12\/11988276_987128414677412_2581379237230824223_n-300x300.jpg 300w, http:\/\/www.alchemillasapotek.com\/wp-content\/uploads\/2017\/12\/11988276_987128414677412_2581379237230824223_n-100x100.jpg 100w, http:\/\/www.alchemillasapotek.com\/wp-content\/uploads\/2017\/12\/11988276_987128414677412_2581379237230824223_n-456x456.jpg 456w, http:\/\/www.alchemillasapotek.com\/wp-content\/uploads\/2017\/12\/11988276_987128414677412_2581379237230824223_n-220x220.jpg 220w, http:\/\/www.alchemillasapotek.com\/wp-content\/uploads\/2017\/12\/11988276_987128414677412_2581379237230824223_n-460x460.jpg 460w, http:\/\/www.alchemillasapotek.com\/wp-content\/uploads\/2017\/12\/11988276_987128414677412_2581379237230824223_n-768x768.jpg 768w\" sizes=\"(max-width: 722px) 100vw, 722px\" \/>Tinkturen \u00e4r r\u00f6d som rotchakrat och blommorna \u00e4r lila som kronchakrat.<\/p>\n<p>&nbsp;<\/p>\n<p>(Veronica Spicata \u00e4r mer bl\u00e5 s\u00e5 den kanske har mer med halschakrat att g\u00f6ra.) H\u00e4r \u00e4r Alvastra Klosterruin d\u00e4r Veronica Spicata v\u00e4xer.<\/p>\n<p>Foto: Stefano Gramitto Ricci, hittat p\u00e5 n\u00e4tet.<img loading=\"lazy\" class=\"aligncenter wp-image-1555 size-full\" src=\"\/\/www.alchemillasapotek.com\/wp-content\/uploads\/2017\/12\/14181660.jpg\" alt=\"\" width=\"1024\" height=\"565\" srcset=\"http:\/\/www.alchemillasapotek.com\/wp-content\/uploads\/2017\/12\/14181660.jpg 1024w, http:\/\/www.alchemillasapotek.com\/wp-content\/uploads\/2017\/12\/14181660-460x254.jpg 460w, http:\/\/www.alchemillasapotek.com\/wp-content\/uploads\/2017\/12\/14181660-768x424.jpg 768w\" sizes=\"(max-width: 1024px) 100vw, 1024px\" \/><\/p>\n<p><img loading=\"lazy\" class=\"alignnone wp-image-1323 size-full\" src=\"\/\/www.alchemillasapotek.com\/wp-content\/uploads\/2015\/09\/11954636_981789761877944_6663994607323654755_n.jpg\" alt=\"\" width=\"240\" height=\"320\" \/><\/p>\n<p>H\u00e4r \u00e4r eken som beskyddar v\u00e5rat missionshus i vinterskrud.","protected":false},"excerpt":{"rendered":"<div>\n<p>&#8220;I am most glad I loved thee\u2014think of all<br \/>\nThe suns that go to make one speedwell blue! &#8211; Oscar Wilde<\/p>\n<p><img loading=\"lazy\" class=\"alignnone size-full wp-image-244\" src=\"\/\/www.alchemillasapotek.com\/wp-content\/uploads\/2016\/11\/SST-Salt.png\" alt=\"Salt\" width=\"40\" height=\"40\" \/><\/p>\n<p>\u00c4renpris var h\u00f6gt prisad som h\u00f6rs p\u00e5 namnet. Sedan rommarrikets dagar ans\u00e5gs den p\u00e5skynda l\u00e4kandeprocesser. F\u00f6r ungef\u00e4r 100 \u00e5r sedan f\u00f6ll den lite i gl\u00f6mska och anv\u00e4nds inte s\u00e5 mycket l\u00e4ngre.<\/p>\n<p>Den anv\u00e4nds fr\u00e4mst f\u00f6r andningsproblem, hosta. Den hj\u00e4lper en att driva ut slem ur luftv\u00e4garna. \u00c4renpris verkar \u00e4ven helande f\u00f6r mags\u00e5r och \u00e5terskapar slemhinnorna i magen. Den var k\u00e4nd f\u00f6r att hela lungorna och det p\u00e5g\u00e5r ny forskning inom detta just nu.<\/p>\n<p class=\"alignnone size-full wp-image-223\"><img loading=\"lazy\" class=\"alignnone size-full wp-image-223\" src=\"\/\/www.alchemillasapotek.com\/wp-content\/uploads\/2016\/11\/SST-Mercury.png\" alt=\"Mercury\" width=\"38\" height=\"50\" \/><\/p>\n<p>Maria Treben rekomenderar \u00c4renpris f\u00f6r nerverna och utmattningssymtom. Jag anser att att \u00c4renpris \u00e4r grundnade , jordande, samtidigt som den lyfter och ger l\u00e4tthet. Det \u00e4r som att chakrana kalibreras och man st\u00e5r stadigt mellan himmel och jord.<\/p>\n<p>\u00c4renpris inneh\u00e5ller \u00e4mnet\u00a0 scutellarin, som f\u00e5tt namnet av v\u00e5r lugnande v\u00e4n Fross\u00f6rten, som heter Scutellaria Galericulata p\u00e5 latin.<\/p>\n<p>Jag har b\u00e5de <a href=\"\/\/www.alchemillasapotek.com\/water\/scutellaria-galericulata\/\">Fross\u00f6rt<\/a> och \u00c4renpris i mitt <a href=\"\/\/www.alchemillasapotek.com\/water\/lobelia\/\">Sluta R\u00f6ka Support-elixir<\/a>.<\/p>\n<p><img loading=\"lazy\" class=\"alignnone size-full wp-image-245\" src=\"\/\/www.alchemillasapotek.com\/wp-content\/uploads\/2016\/11\/SST-Sulphur.png\" alt=\"Sulphur\" width=\"40\" height=\"40\" \/><\/p>\n<div><\/div>\n<div>Maria Treben skriver \u00e4ven att den kraftfullaste \u00c4renpris ska v\u00e4xa under gamla ekar. I v\u00e5r tr\u00e4dg\u00e5rd v\u00e4xer en gammal ek och under den v\u00e4xer ett \u00f6verfl\u00f6d av \u00c4renpris. Det \u00e4r av de vi sk\u00f6rdar f\u00f6r att skapa den spagyriska tinkturen. Vi plockar \u00e4ven n\u00e5gra f\u00e5 ovanligare \u00c4renpris , Veronica Spicata, som kom till Omberg som fr\u00f6n med franska munkar som anlade en klostertr\u00e4dg\u00e5rd 1143. Bernard av Clairvaux grundade Alvastra Kloster d\u00e5, en Cicterciensorden och i tinkturen finns Veronica Spicata som v\u00e4xer i ruinen av den sal d\u00e4r munkarna dansade heliga labyrintiska danser till Den Svarta Madonnans \u00e4ra.<\/div>\n<\/div>\n<div><\/div>\n<div><\/div>\n<div><\/div>\n<div><\/div>\n<div><\/div>\n<p>&hellip; <a class=\"kt-excerpt-readmore\" href=\"http:\/\/www.alchemillasapotek.com\/sv\/water\/speedwell\/\" aria-label=\"\u00c4renpris\">Read More<\/a><\/p>\n","protected":false},"featured_media":1321,"comment_status":"closed","ping_status":"closed","template":"","meta":[],"product_cat":[6,16,17],"product_tag":[231,245,22,29,493],"yoast_head":"<!-- This site is optimized with the Yoast SEO plugin v18.4.1 - https:\/\/yoast.com\/wordpress\/plugins\/seo\/ -->\n<title>\u00c4renpris ~ Alchemillas Apotek<\/title>\n<meta name=\"description\" content=\"Alchemillas Apotek: spagyric tinctures, hydrosols, services, and formulas. Please contact us for more information.\" \/>\n<meta name=\"robots\" content=\"index, follow, max-snippet:-1, max-image-preview:large, max-video-preview:-1\" \/>\n<link rel=\"canonical\" href=\"http:\/\/www.alchemillasapotek.com\/water\/speedwell\/\" \/>\n<meta property=\"og:locale\" content=\"en_US\" \/>\n<meta property=\"og:type\" content=\"article\" \/>\n<meta property=\"og:title\" content=\"[:en]Speedwell[:sv]\u00c4renpris[:] ~ Alchemillas Apotek\" \/>\n<meta property=\"og:description\" content=\"Alchemillas Apotek: spagyric tinctures, hydrosols, services, and formulas. Please contact us for more information.\" \/>\n<meta property=\"og:url\" content=\"http:\/\/www.alchemillasapotek.com\/water\/speedwell\/\" \/>\n<meta property=\"og:site_name\" content=\"Alchemillas Apotek\" \/>\n<meta property=\"article:publisher\" content=\"https:\/\/www.facebook.com\/AlchemillasApotek\/\" \/>\n<meta property=\"article:modified_time\" content=\"2017-12-07T16:13:58+00:00\" \/>\n<meta property=\"og:image\" content=\"http:\/\/www.alchemillasapotek.com\/wp-content\/uploads\/2015\/09\/aCC88renpris.jpg\" \/>\n\t<meta property=\"og:image:width\" content=\"320\" \/>\n\t<meta property=\"og:image:height\" content=\"320\" \/>\n\t<meta property=\"og:image:type\" content=\"image\/jpeg\" \/>\n<meta name=\"twitter:card\" content=\"summary\" \/>\n<meta name=\"twitter:site\" content=\"@lisajeannin\" \/>\n<meta name=\"twitter:label1\" content=\"Est. reading time\" \/>\n\t<meta name=\"twitter:data1\" content=\"1 minute\" \/>\n<script type=\"application\/ld+json\" class=\"yoast-schema-graph\">{\"@context\":\"https:\/\/schema.org\",\"@graph\":[{\"@type\":\"Organization\",\"@id\":\"http:\/\/www.alchemillasapotek.com\/#organization\",\"name\":\"Alchemillas Apotek\",\"url\":\"http:\/\/www.alchemillasapotek.com\/\",\"sameAs\":[\"https:\/\/www.facebook.com\/AlchemillasApotek\/\",\"https:\/\/www.instagram.com\/alchemillasapotek\/\",\"https:\/\/twitter.com\/lisajeannin\"],\"logo\":{\"@type\":\"ImageObject\",\"@id\":\"http:\/\/www.alchemillasapotek.com\/#logo\",\"inLanguage\":\"sv-SV\",\"url\":\"https:\/\/www.alchemillasapotek.com\/wp-content\/uploads\/2016\/11\/Logo-AlchemillasApotek-homepage.png\",\"contentUrl\":\"https:\/\/www.alchemillasapotek.com\/wp-content\/uploads\/2016\/11\/Logo-AlchemillasApotek-homepage.png\",\"width\":592,\"height\":580,\"caption\":\"Alchemillas Apotek\"},\"image\":{\"@id\":\"http:\/\/www.alchemillasapotek.com\/#logo\"}},{\"@type\":\"WebSite\",\"@id\":\"http:\/\/www.alchemillasapotek.com\/#website\",\"url\":\"http:\/\/www.alchemillasapotek.com\/\",\"name\":\"Alchemillas Apotek\",\"description\":\"Spagyric Tinctures &amp; Initiatic Plantmedicine for vibrant health and spiritual evolution.\",\"publisher\":{\"@id\":\"http:\/\/www.alchemillasapotek.com\/#organization\"},\"potentialAction\":[{\"@type\":\"SearchAction\",\"target\":{\"@type\":\"EntryPoint\",\"urlTemplate\":\"http:\/\/www.alchemillasapotek.com\/?s={search_term_string}\"},\"query-input\":\"required name=search_term_string\"}],\"inLanguage\":\"sv-SV\"},{\"@type\":\"ImageObject\",\"@id\":\"http:\/\/www.alchemillasapotek.com\/water\/speedwell\/#primaryimage\",\"inLanguage\":\"sv-SV\",\"url\":\"http:\/\/www.alchemillasapotek.com\/wp-content\/uploads\/2015\/09\/aCC88renpris.jpg\",\"contentUrl\":\"http:\/\/www.alchemillasapotek.com\/wp-content\/uploads\/2015\/09\/aCC88renpris.jpg\",\"width\":320,\"height\":320},{\"@type\":\"WebPage\",\"@id\":\"http:\/\/www.alchemillasapotek.com\/water\/speedwell\/#webpage\",\"url\":\"http:\/\/www.alchemillasapotek.com\/water\/speedwell\/\",\"name\":\"[:en]Speedwell[:sv]\u00c4renpris[:] ~ Alchemillas Apotek\",\"isPartOf\":{\"@id\":\"http:\/\/www.alchemillasapotek.com\/#website\"},\"primaryImageOfPage\":{\"@id\":\"http:\/\/www.alchemillasapotek.com\/water\/speedwell\/#primaryimage\"},\"datePublished\":\"2017-12-04T09:48:44+00:00\",\"dateModified\":\"2017-12-07T16:13:58+00:00\",\"description\":\"Alchemillas Apotek: spagyric tinctures, hydrosols, services, and formulas. Please contact us for more information.\",\"breadcrumb\":{\"@id\":\"http:\/\/www.alchemillasapotek.com\/water\/speedwell\/#breadcrumb\"},\"inLanguage\":\"sv-SV\",\"potentialAction\":[{\"@type\":\"ReadAction\",\"target\":[\"http:\/\/www.alchemillasapotek.com\/water\/speedwell\/\"]}]},{\"@type\":\"BreadcrumbList\",\"@id\":\"http:\/\/www.alchemillasapotek.com\/water\/speedwell\/#breadcrumb\",\"itemListElement\":[{\"@type\":\"ListItem\",\"position\":1,\"name\":\"Home\",\"item\":\"http:\/\/www.alchemillasapotek.com\/\"},{\"@type\":\"ListItem\",\"position\":2,\"name\":\"Water\",\"item\":\"https:\/\/www.alchemillasapotek.com\/water\/\"},{\"@type\":\"ListItem\",\"position\":3,\"name\":\"Speedwell\"}]}]}<\/script>\n<!-- \/ Yoast SEO plugin. -->","yoast_head_json":{"title":"[:en]Speedwell[:sv]\u00c4renpris[:] ~ Alchemillas Apotek","description":"Alchemillas Apotek: spagyric tinctures, hydrosols, services, and formulas. Please contact us for more information.","robots":{"index":"index","follow":"follow","max-snippet":"max-snippet:-1","max-image-preview":"max-image-preview:large","max-video-preview":"max-video-preview:-1"},"canonical":"http:\/\/www.alchemillasapotek.com\/water\/speedwell\/","og_locale":"en_US","og_type":"article","og_title":"[:en]Speedwell[:sv]\u00c4renpris[:] ~ Alchemillas Apotek","og_description":"Alchemillas Apotek: spagyric tinctures, hydrosols, services, and formulas. Please contact us for more information.","og_url":"http:\/\/www.alchemillasapotek.com\/water\/speedwell\/","og_site_name":"Alchemillas Apotek","article_publisher":"https:\/\/www.facebook.com\/AlchemillasApotek\/","article_modified_time":"2017-12-07T16:13:58+00:00","og_image":[{"width":320,"height":320,"url":"http:\/\/www.alchemillasapotek.com\/wp-content\/uploads\/2015\/09\/aCC88renpris.jpg","type":"image\/jpeg"}],"twitter_card":"summary","twitter_site":"@lisajeannin","twitter_misc":{"Est. reading time":"1 minute"},"schema":{"@context":"https:\/\/schema.org","@graph":[{"@type":"Organization","@id":"http:\/\/www.alchemillasapotek.com\/#organization","name":"Alchemillas Apotek","url":"http:\/\/www.alchemillasapotek.com\/","sameAs":["https:\/\/www.facebook.com\/AlchemillasApotek\/","https:\/\/www.instagram.com\/alchemillasapotek\/","https:\/\/twitter.com\/lisajeannin"],"logo":{"@type":"ImageObject","@id":"http:\/\/www.alchemillasapotek.com\/#logo","inLanguage":"sv-SV","url":"https:\/\/www.alchemillasapotek.com\/wp-content\/uploads\/2016\/11\/Logo-AlchemillasApotek-homepage.png","contentUrl":"https:\/\/www.alchemillasapotek.com\/wp-content\/uploads\/2016\/11\/Logo-AlchemillasApotek-homepage.png","width":592,"height":580,"caption":"Alchemillas Apotek"},"image":{"@id":"http:\/\/www.alchemillasapotek.com\/#logo"}},{"@type":"WebSite","@id":"http:\/\/www.alchemillasapotek.com\/#website","url":"http:\/\/www.alchemillasapotek.com\/","name":"Alchemillas Apotek","description":"Spagyric Tinctures &amp; Initiatic Plantmedicine for vibrant health and spiritual evolution.","publisher":{"@id":"http:\/\/www.alchemillasapotek.com\/#organization"},"potentialAction":[{"@type":"SearchAction","target":{"@type":"EntryPoint","urlTemplate":"http:\/\/www.alchemillasapotek.com\/?s={search_term_string}"},"query-input":"required name=search_term_string"}],"inLanguage":"sv-SV"},{"@type":"ImageObject","@id":"http:\/\/www.alchemillasapotek.com\/water\/speedwell\/#primaryimage","inLanguage":"sv-SV","url":"http:\/\/www.alchemillasapotek.com\/wp-content\/uploads\/2015\/09\/aCC88renpris.jpg","contentUrl":"http:\/\/www.alchemillasapotek.com\/wp-content\/uploads\/2015\/09\/aCC88renpris.jpg","width":320,"height":320},{"@type":"WebPage","@id":"http:\/\/www.alchemillasapotek.com\/water\/speedwell\/#webpage","url":"http:\/\/www.alchemillasapotek.com\/water\/speedwell\/","name":"[:en]Speedwell[:sv]\u00c4renpris[:] ~ Alchemillas Apotek","isPartOf":{"@id":"http:\/\/www.alchemillasapotek.com\/#website"},"primaryImageOfPage":{"@id":"http:\/\/www.alchemillasapotek.com\/water\/speedwell\/#primaryimage"},"datePublished":"2017-12-04T09:48:44+00:00","dateModified":"2017-12-07T16:13:58+00:00","description":"Alchemillas Apotek: spagyric tinctures, hydrosols, services, and formulas. Please contact us for more information.","breadcrumb":{"@id":"http:\/\/www.alchemillasapotek.com\/water\/speedwell\/#breadcrumb"},"inLanguage":"sv-SV","potentialAction":[{"@type":"ReadAction","target":["http:\/\/www.alchemillasapotek.com\/water\/speedwell\/"]}]},{"@type":"BreadcrumbList","@id":"http:\/\/www.alchemillasapotek.com\/water\/speedwell\/#breadcrumb","itemListElement":[{"@type":"ListItem","position":1,"name":"Home","item":"http:\/\/www.alchemillasapotek.com\/"},{"@type":"ListItem","position":2,"name":"Water","item":"https:\/\/www.alchemillasapotek.com\/water\/"},{"@type":"ListItem","position":3,"name":"Speedwell"}]}]}},"_links":{"self":[{"href":"http:\/\/www.alchemillasapotek.com\/sv\/wp-json\/wp\/v2\/product\/1553"}],"collection":[{"href":"http:\/\/www.alchemillasapotek.com\/sv\/wp-json\/wp\/v2\/product"}],"about":[{"href":"http:\/\/www.alchemillasapotek.com\/sv\/wp-json\/wp\/v2\/types\/product"}],"replies":[{"embeddable":true,"href":"http:\/\/www.alchemillasapotek.com\/sv\/wp-json\/wp\/v2\/comments?post=1553"}],"wp:featuredmedia":[{"embeddable":true,"href":"http:\/\/www.alchemillasapotek.com\/sv\/wp-json\/wp\/v2\/media\/1321"}],"wp:attachment":[{"href":"http:\/\/www.alchemillasapotek.com\/sv\/wp-json\/wp\/v2\/media?parent=1553"}],"wp:term":[{"taxonomy":"product_cat","embeddable":true,"href":"http:\/\/www.alchemillasapotek.com\/sv\/wp-json\/wp\/v2\/product_cat?post=1553"},{"taxonomy":"product_tag","embeddable":true,"href":"http:\/\/www.alchemillasapotek.com\/sv\/wp-json\/wp\/v2\/product_tag?post=1553"}],"curies":[{"name":"wp","href":"https:\/\/api.w.org\/{rel}","templated":true}]}}