{"id":1557,"date":"2017-12-05T12:39:29","date_gmt":"2017-12-05T12:39:29","guid":{"rendered":"http:\/\/www.alchemillasapotek.com\/?post_type=product&#038;p=1557"},"modified":"2017-12-07T16:17:01","modified_gmt":"2017-12-07T16:17:01","slug":"sagpalmsbar","status":"publish","type":"product","link":"http:\/\/www.alchemillasapotek.com\/sv\/water\/sagpalmsbar\/","title":{"rendered":"S\u00e5gpalmsb\u00e4r"},"content":{"rendered":"<h5>Spagyrisk tinktur av Serenoa Repens.<\/h5>\n<p>Ta 3-7 droppar dagligen om du \u00e4r en man som n\u00e5tt medel\u00e5ldern eller annars \u00e4r i behov av S\u00e5gpalmsb\u00e4r.<\/p>\n<p>Anv\u00e4nd ej tillsammans med receptbelagda mediciner f\u00f6r prostatabesv\u00e4r.<\/p>\n<p><img loading=\"lazy\" class=\"aligncenter wp-image-1558 size-full\" src=\"\/\/www.alchemillasapotek.com\/wp-content\/uploads\/2017\/12\/Sex-products-Pharmaceutical-grade-Saw-Palmetto-Extract.jpg\" alt=\"\" width=\"800\" height=\"600\" srcset=\"http:\/\/www.alchemillasapotek.com\/wp-content\/uploads\/2017\/12\/Sex-products-Pharmaceutical-grade-Saw-Palmetto-Extract.jpg 800w, http:\/\/www.alchemillasapotek.com\/wp-content\/uploads\/2017\/12\/Sex-products-Pharmaceutical-grade-Saw-Palmetto-Extract-460x345.jpg 460w, http:\/\/www.alchemillasapotek.com\/wp-content\/uploads\/2017\/12\/Sex-products-Pharmaceutical-grade-Saw-Palmetto-Extract-768x576.jpg 768w, http:\/\/www.alchemillasapotek.com\/wp-content\/uploads\/2017\/12\/Sex-products-Pharmaceutical-grade-Saw-Palmetto-Extract-520x390.jpg 520w, http:\/\/www.alchemillasapotek.com\/wp-content\/uploads\/2017\/12\/Sex-products-Pharmaceutical-grade-Saw-Palmetto-Extract-260x195.jpg 260w\" sizes=\"(max-width: 800px) 100vw, 800px\" \/><\/p>\n<p>&nbsp;<\/p>\n<p>&nbsp;<\/p>\n<p>&nbsp;","protected":false},"excerpt":{"rendered":"<div>\n<p>Familjejuvelernas beskyddare.<\/p>\n<p><img loading=\"lazy\" class=\"alignnone size-full wp-image-244\" src=\"\/\/www.alchemillasapotek.com\/wp-content\/uploads\/2016\/11\/SST-Salt.png\" alt=\"Salt\" width=\"40\" height=\"40\" \/><\/p>\n<p>S\u00e5gpalmsb\u00e4r har anv\u00e4nts sedan l\u00e4nge av Amerikas ursprungsbefolkning som ett manligt livselixir. S\u00e5gpalmsb\u00e4r anv\u00e4nds \u00e4ven i ayurvedan.<\/p>\n<p>De anv\u00e4nds framf\u00f6rallt f\u00f6r att st\u00f6dja och skydda prostatan.<br \/>\nDessa kraftfulla b\u00e4r anv\u00e4nds vid godartad prostataf\u00f6rstoring , s\u00e5 l\u00e4nge kirurgiska ingrepp ej \u00e4r n\u00f6dv\u00e4ndiga. De st\u00f6djer mannens urinv\u00e4gar och fortplantningsorgan och kan hj\u00e4lpa m\u00e4n att slippa\u00a0 g\u00e5 p\u00e5 toaletten nattetid. \u00c4ven bra vid inflammation i testiklarna.<\/p>\n<p class=\"alignnone size-full wp-image-223\"><img loading=\"lazy\" class=\"alignnone size-full wp-image-223\" src=\"\/\/www.alchemillasapotek.com\/wp-content\/uploads\/2016\/11\/SST-Mercury.png\" alt=\"Mercury\" width=\"38\" height=\"50\" \/><\/p>\n<p>S\u00e5gpalmsb\u00e4r \u00e4r bra vid h\u00e5ravfall hos m\u00e4n. De \u00e4r \u00e4ven mycket bra f\u00f6r att bibeh\u00e5lla hudens ungdomliga elasticitet. S\u00e5gpalmsb\u00e4r hj\u00e4lper till att balansera mannens hormoner och st\u00e4rker libido.<\/p>\n<p class=\"alignnone size-full wp-image-223\"><img loading=\"lazy\" class=\"alignnone size-full wp-image-245\" src=\"\/\/www.alchemillasapotek.com\/wp-content\/uploads\/2016\/11\/SST-Sulphur.png\" alt=\"Sulphur\" width=\"40\" height=\"40\" \/><\/p>\n<div>S\u00e5gpalmsb\u00e4r balanserar den manliga energin och hj\u00e4lper mannen att f\u00f6rkroppsliga det goda, sanna och vackra heligt maskulina.<\/div>\n<div><\/div>\n<h2><\/h2>\n<h2><\/h2>\n<h2><\/h2>\n<h2><\/h2>\n<h2>Det Heligt Maskulinas Elixir<\/h2>\n<p>Detta \u00e4r ett st\u00f6djande elixir f\u00f6r mannens h\u00e4lsa. Det fr\u00e4mjar f\u00f6rm\u00e5gan att beh\u00e5lla lugnet\u00a0\u00a0 i\u00a0\u00a0 en\u00a0 stressig v\u00e4rld, st\u00e4rker nerverna, ingjuter sexuell vitalitet och st\u00f6d f\u00f6r Prostatan samt fr\u00e4mjar mental sk\u00e4rpa. Elixiret hj\u00e4lper den dynamiska kraft som bor\u00a0 i\u00a0 solar plexus att balanseras med k\u00e4nslighet, medk\u00e4nsla och k\u00e4rlek. Rikta viljan\u00a0 i\u00a0 samklang med\u00a0 de goda, sanna och vackra aspekterna av det Heligt Maskulina.<\/p>\n<p>&nbsp;<\/p>\n<p>Spagyrisk tinktur av:<\/p>\n<p>&nbsp;<\/p>\n<p>Saw Palmetto (Serenoa repens), Ashwaganda rot (Withania somnifera), Hagtornsb\u00e4r (Crataegus monogyna), Fross\u00f6rt (Scutellaria lateriflora), Fo-Ti rot (Polygonum multiflorum), Damiana (Turnera diffusa), Ros (Rosa Rugosa, Rosa Canina)<\/p>\n<p>40 % ekologisk alkohol och det renade mineralsaltet av v\u00e4xterna.<\/p>\n<p>Alla v\u00e4xter \u00e4r ekologiskt odlade, samlade i naturen eller inhandlade av s\u00e4kra k\u00e4llor.<\/p>\n<p>Ta 1-3 droppar i ett litet glas rumstempererat vatten en g\u00e5ng dagligen. B\u00f6rja med 1 droppe i en vecka och arbeta upp\u00e5t till 3 och d\u00e4refter till 7 under en l\u00e4ngre period. Det \u00e4r mycket kraftfullt. Det h\u00e4r \u00e4r ett elixir som helst ska intagas under 3-6 m\u00e5nader f\u00f6r b\u00e4sta resultat.<\/p>\n<p>Preparerat i ceremoni<\/p>\n<p>&nbsp;<\/p>\n<\/div>\n<div><\/div>\n<p>&hellip; <a class=\"kt-excerpt-readmore\" href=\"http:\/\/www.alchemillasapotek.com\/sv\/water\/sagpalmsbar\/\" aria-label=\"S\u00e5gpalmsb\u00e4r\">Read More<\/a><\/p>\n","protected":false},"featured_media":1558,"comment_status":"closed","ping_status":"closed","template":"","meta":[],"product_cat":[6,15],"product_tag":[496,257,194,72,495,497,66,125],"yoast_head":"<!-- This site is optimized with the Yoast SEO plugin v18.4.1 - https:\/\/yoast.com\/wordpress\/plugins\/seo\/ -->\n<title>S\u00e5gpalmsb\u00e4r ~ Alchemillas Apotek<\/title>\n<meta name=\"description\" content=\"Alchemillas Apotek: spagyric tinctures, hydrosols, services, and formulas. Please contact us for more information.\" \/>\n<meta name=\"robots\" content=\"index, follow, max-snippet:-1, max-image-preview:large, max-video-preview:-1\" \/>\n<link rel=\"canonical\" href=\"http:\/\/www.alchemillasapotek.com\/water\/sagpalmsbar\/\" \/>\n<meta property=\"og:locale\" content=\"en_US\" \/>\n<meta property=\"og:type\" content=\"article\" \/>\n<meta property=\"og:title\" content=\"[:en]Saw Palmetto[:sv]S\u00e5gpalmsb\u00e4r[:] ~ Alchemillas Apotek\" \/>\n<meta property=\"og:description\" content=\"Alchemillas Apotek: spagyric tinctures, hydrosols, services, and formulas. Please contact us for more information.\" \/>\n<meta property=\"og:url\" content=\"http:\/\/www.alchemillasapotek.com\/water\/sagpalmsbar\/\" \/>\n<meta property=\"og:site_name\" content=\"Alchemillas Apotek\" \/>\n<meta property=\"article:publisher\" content=\"https:\/\/www.facebook.com\/AlchemillasApotek\/\" \/>\n<meta property=\"article:modified_time\" content=\"2017-12-07T16:17:01+00:00\" \/>\n<meta property=\"og:image\" content=\"http:\/\/www.alchemillasapotek.com\/wp-content\/uploads\/2017\/12\/Sex-products-Pharmaceutical-grade-Saw-Palmetto-Extract.jpg\" \/>\n\t<meta property=\"og:image:width\" content=\"800\" \/>\n\t<meta property=\"og:image:height\" content=\"600\" \/>\n\t<meta property=\"og:image:type\" content=\"image\/jpeg\" \/>\n<meta name=\"twitter:card\" content=\"summary\" \/>\n<meta name=\"twitter:site\" content=\"@lisajeannin\" \/>\n<script type=\"application\/ld+json\" class=\"yoast-schema-graph\">{\"@context\":\"https:\/\/schema.org\",\"@graph\":[{\"@type\":\"Organization\",\"@id\":\"https:\/\/www.alchemillasapotek.com\/#organization\",\"name\":\"Alchemillas Apotek\",\"url\":\"https:\/\/www.alchemillasapotek.com\/\",\"sameAs\":[\"https:\/\/www.facebook.com\/AlchemillasApotek\/\",\"https:\/\/www.instagram.com\/alchemillasapotek\/\",\"https:\/\/twitter.com\/lisajeannin\"],\"logo\":{\"@type\":\"ImageObject\",\"@id\":\"https:\/\/www.alchemillasapotek.com\/#logo\",\"inLanguage\":\"sv-SV\",\"url\":\"https:\/\/www.alchemillasapotek.com\/wp-content\/uploads\/2016\/11\/Logo-AlchemillasApotek-homepage.png\",\"contentUrl\":\"https:\/\/www.alchemillasapotek.com\/wp-content\/uploads\/2016\/11\/Logo-AlchemillasApotek-homepage.png\",\"width\":592,\"height\":580,\"caption\":\"Alchemillas Apotek\"},\"image\":{\"@id\":\"https:\/\/www.alchemillasapotek.com\/#logo\"}},{\"@type\":\"WebSite\",\"@id\":\"https:\/\/www.alchemillasapotek.com\/#website\",\"url\":\"https:\/\/www.alchemillasapotek.com\/\",\"name\":\"Alchemillas Apotek\",\"description\":\"Spagyric Tinctures &amp; Initiatic Plantmedicine for vibrant health and spiritual evolution.\",\"publisher\":{\"@id\":\"https:\/\/www.alchemillasapotek.com\/#organization\"},\"potentialAction\":[{\"@type\":\"SearchAction\",\"target\":{\"@type\":\"EntryPoint\",\"urlTemplate\":\"https:\/\/www.alchemillasapotek.com\/?s={search_term_string}\"},\"query-input\":\"required name=search_term_string\"}],\"inLanguage\":\"sv-SV\"},{\"@type\":\"ImageObject\",\"@id\":\"http:\/\/www.alchemillasapotek.com\/water\/sagpalmsbar\/#primaryimage\",\"inLanguage\":\"sv-SV\",\"url\":\"http:\/\/www.alchemillasapotek.com\/wp-content\/uploads\/2017\/12\/Sex-products-Pharmaceutical-grade-Saw-Palmetto-Extract.jpg\",\"contentUrl\":\"http:\/\/www.alchemillasapotek.com\/wp-content\/uploads\/2017\/12\/Sex-products-Pharmaceutical-grade-Saw-Palmetto-Extract.jpg\",\"width\":800,\"height\":600},{\"@type\":\"WebPage\",\"@id\":\"http:\/\/www.alchemillasapotek.com\/water\/sagpalmsbar\/#webpage\",\"url\":\"http:\/\/www.alchemillasapotek.com\/water\/sagpalmsbar\/\",\"name\":\"[:en]Saw Palmetto[:sv]S\u00e5gpalmsb\u00e4r[:] ~ Alchemillas Apotek\",\"isPartOf\":{\"@id\":\"https:\/\/www.alchemillasapotek.com\/#website\"},\"primaryImageOfPage\":{\"@id\":\"http:\/\/www.alchemillasapotek.com\/water\/sagpalmsbar\/#primaryimage\"},\"datePublished\":\"2017-12-05T12:39:29+00:00\",\"dateModified\":\"2017-12-07T16:17:01+00:00\",\"description\":\"Alchemillas Apotek: spagyric tinctures, hydrosols, services, and formulas. Please contact us for more information.\",\"breadcrumb\":{\"@id\":\"http:\/\/www.alchemillasapotek.com\/water\/sagpalmsbar\/#breadcrumb\"},\"inLanguage\":\"sv-SV\",\"potentialAction\":[{\"@type\":\"ReadAction\",\"target\":[\"http:\/\/www.alchemillasapotek.com\/water\/sagpalmsbar\/\"]}]},{\"@type\":\"BreadcrumbList\",\"@id\":\"http:\/\/www.alchemillasapotek.com\/water\/sagpalmsbar\/#breadcrumb\",\"itemListElement\":[{\"@type\":\"ListItem\",\"position\":1,\"name\":\"Home\",\"item\":\"https:\/\/www.alchemillasapotek.com\/\"},{\"@type\":\"ListItem\",\"position\":2,\"name\":\"Vatten\",\"item\":\"https:\/\/www.alchemillasapotek.com\/sv\/water\/\"},{\"@type\":\"ListItem\",\"position\":3,\"name\":\"Saw Palmetto\"}]}]}<\/script>\n<!-- \/ Yoast SEO plugin. -->","yoast_head_json":{"title":"[:en]Saw Palmetto[:sv]S\u00e5gpalmsb\u00e4r[:] ~ Alchemillas Apotek","description":"Alchemillas Apotek: spagyric tinctures, hydrosols, services, and formulas. Please contact us for more information.","robots":{"index":"index","follow":"follow","max-snippet":"max-snippet:-1","max-image-preview":"max-image-preview:large","max-video-preview":"max-video-preview:-1"},"canonical":"http:\/\/www.alchemillasapotek.com\/water\/sagpalmsbar\/","og_locale":"en_US","og_type":"article","og_title":"[:en]Saw Palmetto[:sv]S\u00e5gpalmsb\u00e4r[:] ~ Alchemillas Apotek","og_description":"Alchemillas Apotek: spagyric tinctures, hydrosols, services, and formulas. Please contact us for more information.","og_url":"http:\/\/www.alchemillasapotek.com\/water\/sagpalmsbar\/","og_site_name":"Alchemillas Apotek","article_publisher":"https:\/\/www.facebook.com\/AlchemillasApotek\/","article_modified_time":"2017-12-07T16:17:01+00:00","og_image":[{"width":800,"height":600,"url":"http:\/\/www.alchemillasapotek.com\/wp-content\/uploads\/2017\/12\/Sex-products-Pharmaceutical-grade-Saw-Palmetto-Extract.jpg","type":"image\/jpeg"}],"twitter_card":"summary","twitter_site":"@lisajeannin","schema":{"@context":"https:\/\/schema.org","@graph":[{"@type":"Organization","@id":"https:\/\/www.alchemillasapotek.com\/#organization","name":"Alchemillas Apotek","url":"https:\/\/www.alchemillasapotek.com\/","sameAs":["https:\/\/www.facebook.com\/AlchemillasApotek\/","https:\/\/www.instagram.com\/alchemillasapotek\/","https:\/\/twitter.com\/lisajeannin"],"logo":{"@type":"ImageObject","@id":"https:\/\/www.alchemillasapotek.com\/#logo","inLanguage":"sv-SV","url":"https:\/\/www.alchemillasapotek.com\/wp-content\/uploads\/2016\/11\/Logo-AlchemillasApotek-homepage.png","contentUrl":"https:\/\/www.alchemillasapotek.com\/wp-content\/uploads\/2016\/11\/Logo-AlchemillasApotek-homepage.png","width":592,"height":580,"caption":"Alchemillas Apotek"},"image":{"@id":"https:\/\/www.alchemillasapotek.com\/#logo"}},{"@type":"WebSite","@id":"https:\/\/www.alchemillasapotek.com\/#website","url":"https:\/\/www.alchemillasapotek.com\/","name":"Alchemillas Apotek","description":"Spagyric Tinctures &amp; Initiatic Plantmedicine for vibrant health and spiritual evolution.","publisher":{"@id":"https:\/\/www.alchemillasapotek.com\/#organization"},"potentialAction":[{"@type":"SearchAction","target":{"@type":"EntryPoint","urlTemplate":"https:\/\/www.alchemillasapotek.com\/?s={search_term_string}"},"query-input":"required name=search_term_string"}],"inLanguage":"sv-SV"},{"@type":"ImageObject","@id":"http:\/\/www.alchemillasapotek.com\/water\/sagpalmsbar\/#primaryimage","inLanguage":"sv-SV","url":"http:\/\/www.alchemillasapotek.com\/wp-content\/uploads\/2017\/12\/Sex-products-Pharmaceutical-grade-Saw-Palmetto-Extract.jpg","contentUrl":"http:\/\/www.alchemillasapotek.com\/wp-content\/uploads\/2017\/12\/Sex-products-Pharmaceutical-grade-Saw-Palmetto-Extract.jpg","width":800,"height":600},{"@type":"WebPage","@id":"http:\/\/www.alchemillasapotek.com\/water\/sagpalmsbar\/#webpage","url":"http:\/\/www.alchemillasapotek.com\/water\/sagpalmsbar\/","name":"[:en]Saw Palmetto[:sv]S\u00e5gpalmsb\u00e4r[:] ~ Alchemillas Apotek","isPartOf":{"@id":"https:\/\/www.alchemillasapotek.com\/#website"},"primaryImageOfPage":{"@id":"http:\/\/www.alchemillasapotek.com\/water\/sagpalmsbar\/#primaryimage"},"datePublished":"2017-12-05T12:39:29+00:00","dateModified":"2017-12-07T16:17:01+00:00","description":"Alchemillas Apotek: spagyric tinctures, hydrosols, services, and formulas. Please contact us for more information.","breadcrumb":{"@id":"http:\/\/www.alchemillasapotek.com\/water\/sagpalmsbar\/#breadcrumb"},"inLanguage":"sv-SV","potentialAction":[{"@type":"ReadAction","target":["http:\/\/www.alchemillasapotek.com\/water\/sagpalmsbar\/"]}]},{"@type":"BreadcrumbList","@id":"http:\/\/www.alchemillasapotek.com\/water\/sagpalmsbar\/#breadcrumb","itemListElement":[{"@type":"ListItem","position":1,"name":"Home","item":"https:\/\/www.alchemillasapotek.com\/"},{"@type":"ListItem","position":2,"name":"Vatten","item":"https:\/\/www.alchemillasapotek.com\/sv\/water\/"},{"@type":"ListItem","position":3,"name":"Saw Palmetto"}]}]}},"_links":{"self":[{"href":"http:\/\/www.alchemillasapotek.com\/sv\/wp-json\/wp\/v2\/product\/1557"}],"collection":[{"href":"http:\/\/www.alchemillasapotek.com\/sv\/wp-json\/wp\/v2\/product"}],"about":[{"href":"http:\/\/www.alchemillasapotek.com\/sv\/wp-json\/wp\/v2\/types\/product"}],"replies":[{"embeddable":true,"href":"http:\/\/www.alchemillasapotek.com\/sv\/wp-json\/wp\/v2\/comments?post=1557"}],"wp:featuredmedia":[{"embeddable":true,"href":"http:\/\/www.alchemillasapotek.com\/sv\/wp-json\/wp\/v2\/media\/1558"}],"wp:attachment":[{"href":"http:\/\/www.alchemillasapotek.com\/sv\/wp-json\/wp\/v2\/media?parent=1557"}],"wp:term":[{"taxonomy":"product_cat","embeddable":true,"href":"http:\/\/www.alchemillasapotek.com\/sv\/wp-json\/wp\/v2\/product_cat?post=1557"},{"taxonomy":"product_tag","embeddable":true,"href":"http:\/\/www.alchemillasapotek.com\/sv\/wp-json\/wp\/v2\/product_tag?post=1557"}],"curies":[{"name":"wp","href":"https:\/\/api.w.org\/{rel}","templated":true}]}}