{"id":333,"date":"2016-11-24T10:29:03","date_gmt":"2016-11-24T10:29:03","guid":{"rendered":"http:\/\/www.alchemillasapotek.com\/water-2\/singularspagyrictinctures\/guayusa\/"},"modified":"2017-12-04T21:32:04","modified_gmt":"2017-12-04T21:32:04","slug":"guayusa","status":"publish","type":"product","link":"http:\/\/www.alchemillasapotek.com\/sv\/water\/guayusa\/","title":{"rendered":"Guayusa"},"content":{"rendered":"Jag handlar bladen fr\u00e5n Amazanga Wayusa som ber\u00e4ttar: \u201cAll my guayusa comes straight from the Amazanga community of indigenous Kichwa living in the Amazonian jungle near Puyo, Ecuador. They handpick the leaves that grow wild in the jungle and dry them to be used as a ceremonial tea leaf. I support their community in an effort to build a sustainable economy based around the sacred wayusa leaf.\u201d<\/p>\n<p>&nbsp;<\/p>\n<h5>Spagyrisk tinktur av Ilex Guayusa.<\/h5>\n<p>Ta 7-15 droppar p\u00e5 morgonen direkt p\u00e5 tungan eller i lite varmt vatten f\u00f6r energi och klarhet (kan p\u00e5verka dr\u00f6mmarna senare) eller 5-7 droppar p\u00e5 kv\u00e4llen inf\u00f6r dr\u00f6marbete.<\/p>\n<p><img loading=\"lazy\" class=\"alignnone size-large wp-image-335\" src=\"\/\/www.alchemillasapotek.com\/wp-content\/uploads\/2016\/11\/IMG_9398-1024x1024.jpg\" alt=\"Guayusa\" width=\"1024\" height=\"1024\" srcset=\"http:\/\/www.alchemillasapotek.com\/wp-content\/uploads\/2016\/11\/IMG_9398-1024x1024.jpg 1024w, http:\/\/www.alchemillasapotek.com\/wp-content\/uploads\/2016\/11\/IMG_9398-300x300.jpg 300w, http:\/\/www.alchemillasapotek.com\/wp-content\/uploads\/2016\/11\/IMG_9398-100x100.jpg 100w, http:\/\/www.alchemillasapotek.com\/wp-content\/uploads\/2016\/11\/IMG_9398-456x456.jpg 456w, http:\/\/www.alchemillasapotek.com\/wp-content\/uploads\/2016\/11\/IMG_9398-220x220.jpg 220w, http:\/\/www.alchemillasapotek.com\/wp-content\/uploads\/2016\/11\/IMG_9398-460x460.jpg 460w, http:\/\/www.alchemillasapotek.com\/wp-content\/uploads\/2016\/11\/IMG_9398-768x768.jpg 768w, http:\/\/www.alchemillasapotek.com\/wp-content\/uploads\/2016\/11\/IMG_9398-400x400.jpg 400w\" sizes=\"(max-width: 1024px) 100vw, 1024px\" \/> <img loading=\"lazy\" class=\"alignnone size-full wp-image-337\" src=\"\/\/www.alchemillasapotek.com\/wp-content\/uploads\/2016\/11\/IMG_9131.jpg\" alt=\"Guayusa\" width=\"961\" height=\"961\" srcset=\"http:\/\/www.alchemillasapotek.com\/wp-content\/uploads\/2016\/11\/IMG_9131.jpg 961w, http:\/\/www.alchemillasapotek.com\/wp-content\/uploads\/2016\/11\/IMG_9131-300x300.jpg 300w, http:\/\/www.alchemillasapotek.com\/wp-content\/uploads\/2016\/11\/IMG_9131-100x100.jpg 100w, http:\/\/www.alchemillasapotek.com\/wp-content\/uploads\/2016\/11\/IMG_9131-456x456.jpg 456w, http:\/\/www.alchemillasapotek.com\/wp-content\/uploads\/2016\/11\/IMG_9131-220x220.jpg 220w, http:\/\/www.alchemillasapotek.com\/wp-content\/uploads\/2016\/11\/IMG_9131-460x460.jpg 460w, http:\/\/www.alchemillasapotek.com\/wp-content\/uploads\/2016\/11\/IMG_9131-768x768.jpg 768w, http:\/\/www.alchemillasapotek.com\/wp-content\/uploads\/2016\/11\/IMG_9131-400x400.jpg 400w\" sizes=\"(max-width: 961px) 100vw, 961px\" \/>","protected":false},"excerpt":{"rendered":"<p>Dr\u00f6mf\u00e5ngaren och v\u00e4gvisaren<\/p>\n<p><img loading=\"lazy\" class=\"alignnone size-full wp-image-244\" src=\"\/\/www.alchemillasapotek.com\/wp-content\/uploads\/2016\/11\/SST-Salt.png\" alt=\"Salt\" width=\"40\" height=\"40\" \/><\/p>\n<p>Guayusa \u00e4r en kusin till Yerba Mate, och ger liknande effekt, inklusive naturligt koffein som ger energi utan att man blir skakis eller att magen krashar vilket andra koffeindrycker kan resultera i. Guayusa \u00e4r proppfull med antioxidanter, betydligt mer \u00e4n gr\u00f6nt te, till exempel.<\/p>\n<p>Guayusa \u00e4r bra f\u00f6r matsm\u00e4ltningen och \u00f6kar f\u00f6rbr\u00e4nningen.<\/p>\n<p><img loading=\"lazy\" class=\"alignnone size-full wp-image-223\" src=\"\/\/www.alchemillasapotek.com\/wp-content\/uploads\/2016\/11\/SST-Mercury.png\" alt=\"Mercury\" width=\"38\" height=\"50\" \/><\/p>\n<p>Guayusa eller \u201cWayusa\u201d som det uttalas anv\u00e4nds av Kichawafolket f\u00f6r att v\u00e4cka anden, ge frid till kroppen och stimulera sinnet. Guayusa ger ocks\u00e5 livliga dr\u00f6mmar eller lucida tillst\u00e5nd om man tar elixiret p\u00e5 kv\u00e4llen innan man l\u00e4gger sig. Legenden ber\u00e4ttar att Kichawafolket bad om att tr\u00e4ffa en v\u00e4xt som kunde hj\u00e4lpa dem att st\u00e4rka kontakten med dr\u00f6mv\u00e4rlden. N\u00e4sta morgon fann de Guayusatr\u00e4det framf\u00f6r dem.<\/p>\n<p><img loading=\"lazy\" class=\"alignnone size-full wp-image-245\" src=\"\/\/www.alchemillasapotek.com\/wp-content\/uploads\/2016\/11\/SST-Sulphur.png\" alt=\"Sulphur\" width=\"40\" height=\"40\" \/><\/p>\n<p>Guayusas ande \u00e4r en otrolig l\u00e4rare! Jag best\u00e4mde mig f\u00f6r att transformera dessa blad till en spagyrisk tinktur och valde att g\u00f6ra en dekokt av fullm\u00e5nebelyst sn\u00f6 n\u00e4r m\u00e5nen befann sig i fiskarnas tecken. Jag gjorde parallellt en tinktur och sedan fullf\u00f6ljde jag den spagyriska processen och kombinerade dessa extrakt. Fiskarnas arketyp st\u00f6djer oss i att integrera dr\u00f6mmarnas l\u00e4rdomar.&hellip; <a class=\"kt-excerpt-readmore\" href=\"http:\/\/www.alchemillasapotek.com\/sv\/water\/guayusa\/\" aria-label=\"Guayusa\">Read More<\/a><\/p>\n","protected":false},"featured_media":334,"comment_status":"closed","ping_status":"closed","template":"","meta":[],"product_cat":[6,17],"product_tag":[58,114,96,110,108,113,111,22,112,109],"yoast_head":"<!-- This site is optimized with the Yoast SEO plugin v18.4.1 - https:\/\/yoast.com\/wordpress\/plugins\/seo\/ -->\n<title>Guayusa ~ Alchemillas Apotek<\/title>\n<meta name=\"description\" content=\"Alchemillas Apotek: spagyric tinctures, hydrosols, services, and formulas. Please contact us for more information.\" \/>\n<meta name=\"robots\" content=\"index, follow, max-snippet:-1, max-image-preview:large, max-video-preview:-1\" \/>\n<link rel=\"canonical\" href=\"http:\/\/www.alchemillasapotek.com\/water\/guayusa\/\" \/>\n<meta property=\"og:locale\" content=\"en_US\" \/>\n<meta property=\"og:type\" content=\"article\" \/>\n<meta property=\"og:title\" content=\"Guayusa ~ Alchemillas Apotek\" \/>\n<meta property=\"og:description\" content=\"Alchemillas Apotek: spagyric tinctures, hydrosols, services, and formulas. Please contact us for more information.\" \/>\n<meta property=\"og:url\" content=\"http:\/\/www.alchemillasapotek.com\/water\/guayusa\/\" \/>\n<meta property=\"og:site_name\" content=\"Alchemillas Apotek\" \/>\n<meta property=\"article:publisher\" content=\"https:\/\/www.facebook.com\/AlchemillasApotek\/\" \/>\n<meta property=\"article:modified_time\" content=\"2017-12-04T21:32:04+00:00\" \/>\n<meta property=\"og:image\" content=\"http:\/\/www.alchemillasapotek.com\/wp-content\/uploads\/2016\/11\/IMG_1676.jpg\" \/>\n\t<meta property=\"og:image:width\" content=\"2448\" \/>\n\t<meta property=\"og:image:height\" content=\"2448\" \/>\n\t<meta property=\"og:image:type\" content=\"image\/jpeg\" \/>\n<meta name=\"twitter:card\" content=\"summary\" \/>\n<meta name=\"twitter:site\" content=\"@lisajeannin\" \/>\n<meta name=\"twitter:label1\" content=\"Est. reading time\" \/>\n\t<meta name=\"twitter:data1\" content=\"1 minute\" \/>\n<script type=\"application\/ld+json\" class=\"yoast-schema-graph\">{\"@context\":\"https:\/\/schema.org\",\"@graph\":[{\"@type\":\"Organization\",\"@id\":\"http:\/\/www.alchemillasapotek.com\/#organization\",\"name\":\"Alchemillas Apotek\",\"url\":\"http:\/\/www.alchemillasapotek.com\/\",\"sameAs\":[\"https:\/\/www.facebook.com\/AlchemillasApotek\/\",\"https:\/\/www.instagram.com\/alchemillasapotek\/\",\"https:\/\/twitter.com\/lisajeannin\"],\"logo\":{\"@type\":\"ImageObject\",\"@id\":\"http:\/\/www.alchemillasapotek.com\/#logo\",\"inLanguage\":\"sv-SV\",\"url\":\"https:\/\/www.alchemillasapotek.com\/wp-content\/uploads\/2016\/11\/Logo-AlchemillasApotek-homepage.png\",\"contentUrl\":\"https:\/\/www.alchemillasapotek.com\/wp-content\/uploads\/2016\/11\/Logo-AlchemillasApotek-homepage.png\",\"width\":592,\"height\":580,\"caption\":\"Alchemillas Apotek\"},\"image\":{\"@id\":\"http:\/\/www.alchemillasapotek.com\/#logo\"}},{\"@type\":\"WebSite\",\"@id\":\"http:\/\/www.alchemillasapotek.com\/#website\",\"url\":\"http:\/\/www.alchemillasapotek.com\/\",\"name\":\"Alchemillas Apotek\",\"description\":\"Spagyric Tinctures &amp; Initiatic Plantmedicine for vibrant health and spiritual evolution.\",\"publisher\":{\"@id\":\"http:\/\/www.alchemillasapotek.com\/#organization\"},\"potentialAction\":[{\"@type\":\"SearchAction\",\"target\":{\"@type\":\"EntryPoint\",\"urlTemplate\":\"http:\/\/www.alchemillasapotek.com\/?s={search_term_string}\"},\"query-input\":\"required name=search_term_string\"}],\"inLanguage\":\"sv-SV\"},{\"@type\":\"ImageObject\",\"@id\":\"http:\/\/www.alchemillasapotek.com\/water\/guayusa\/#primaryimage\",\"inLanguage\":\"sv-SV\",\"url\":\"http:\/\/www.alchemillasapotek.com\/wp-content\/uploads\/2016\/11\/IMG_1676.jpg\",\"contentUrl\":\"http:\/\/www.alchemillasapotek.com\/wp-content\/uploads\/2016\/11\/IMG_1676.jpg\",\"width\":2448,\"height\":2448,\"caption\":\"Guayusa\"},{\"@type\":\"WebPage\",\"@id\":\"http:\/\/www.alchemillasapotek.com\/water\/guayusa\/#webpage\",\"url\":\"http:\/\/www.alchemillasapotek.com\/water\/guayusa\/\",\"name\":\"Guayusa ~ Alchemillas Apotek\",\"isPartOf\":{\"@id\":\"http:\/\/www.alchemillasapotek.com\/#website\"},\"primaryImageOfPage\":{\"@id\":\"http:\/\/www.alchemillasapotek.com\/water\/guayusa\/#primaryimage\"},\"datePublished\":\"2016-11-24T10:29:03+00:00\",\"dateModified\":\"2017-12-04T21:32:04+00:00\",\"description\":\"Alchemillas Apotek: spagyric tinctures, hydrosols, services, and formulas. Please contact us for more information.\",\"breadcrumb\":{\"@id\":\"http:\/\/www.alchemillasapotek.com\/water\/guayusa\/#breadcrumb\"},\"inLanguage\":\"sv-SV\",\"potentialAction\":[{\"@type\":\"ReadAction\",\"target\":[\"http:\/\/www.alchemillasapotek.com\/water\/guayusa\/\"]}]},{\"@type\":\"BreadcrumbList\",\"@id\":\"http:\/\/www.alchemillasapotek.com\/water\/guayusa\/#breadcrumb\",\"itemListElement\":[{\"@type\":\"ListItem\",\"position\":1,\"name\":\"Home\",\"item\":\"http:\/\/www.alchemillasapotek.com\/\"},{\"@type\":\"ListItem\",\"position\":2,\"name\":\"Water\",\"item\":\"https:\/\/www.alchemillasapotek.com\/water\/\"},{\"@type\":\"ListItem\",\"position\":3,\"name\":\"Guayusa\"}]}]}<\/script>\n<!-- \/ Yoast SEO plugin. -->","yoast_head_json":{"title":"Guayusa ~ Alchemillas Apotek","description":"Alchemillas Apotek: spagyric tinctures, hydrosols, services, and formulas. Please contact us for more information.","robots":{"index":"index","follow":"follow","max-snippet":"max-snippet:-1","max-image-preview":"max-image-preview:large","max-video-preview":"max-video-preview:-1"},"canonical":"http:\/\/www.alchemillasapotek.com\/water\/guayusa\/","og_locale":"en_US","og_type":"article","og_title":"Guayusa ~ Alchemillas Apotek","og_description":"Alchemillas Apotek: spagyric tinctures, hydrosols, services, and formulas. Please contact us for more information.","og_url":"http:\/\/www.alchemillasapotek.com\/water\/guayusa\/","og_site_name":"Alchemillas Apotek","article_publisher":"https:\/\/www.facebook.com\/AlchemillasApotek\/","article_modified_time":"2017-12-04T21:32:04+00:00","og_image":[{"width":2448,"height":2448,"url":"http:\/\/www.alchemillasapotek.com\/wp-content\/uploads\/2016\/11\/IMG_1676.jpg","type":"image\/jpeg"}],"twitter_card":"summary","twitter_site":"@lisajeannin","twitter_misc":{"Est. reading time":"1 minute"},"schema":{"@context":"https:\/\/schema.org","@graph":[{"@type":"Organization","@id":"http:\/\/www.alchemillasapotek.com\/#organization","name":"Alchemillas Apotek","url":"http:\/\/www.alchemillasapotek.com\/","sameAs":["https:\/\/www.facebook.com\/AlchemillasApotek\/","https:\/\/www.instagram.com\/alchemillasapotek\/","https:\/\/twitter.com\/lisajeannin"],"logo":{"@type":"ImageObject","@id":"http:\/\/www.alchemillasapotek.com\/#logo","inLanguage":"sv-SV","url":"https:\/\/www.alchemillasapotek.com\/wp-content\/uploads\/2016\/11\/Logo-AlchemillasApotek-homepage.png","contentUrl":"https:\/\/www.alchemillasapotek.com\/wp-content\/uploads\/2016\/11\/Logo-AlchemillasApotek-homepage.png","width":592,"height":580,"caption":"Alchemillas Apotek"},"image":{"@id":"http:\/\/www.alchemillasapotek.com\/#logo"}},{"@type":"WebSite","@id":"http:\/\/www.alchemillasapotek.com\/#website","url":"http:\/\/www.alchemillasapotek.com\/","name":"Alchemillas Apotek","description":"Spagyric Tinctures &amp; Initiatic Plantmedicine for vibrant health and spiritual evolution.","publisher":{"@id":"http:\/\/www.alchemillasapotek.com\/#organization"},"potentialAction":[{"@type":"SearchAction","target":{"@type":"EntryPoint","urlTemplate":"http:\/\/www.alchemillasapotek.com\/?s={search_term_string}"},"query-input":"required name=search_term_string"}],"inLanguage":"sv-SV"},{"@type":"ImageObject","@id":"http:\/\/www.alchemillasapotek.com\/water\/guayusa\/#primaryimage","inLanguage":"sv-SV","url":"http:\/\/www.alchemillasapotek.com\/wp-content\/uploads\/2016\/11\/IMG_1676.jpg","contentUrl":"http:\/\/www.alchemillasapotek.com\/wp-content\/uploads\/2016\/11\/IMG_1676.jpg","width":2448,"height":2448,"caption":"Guayusa"},{"@type":"WebPage","@id":"http:\/\/www.alchemillasapotek.com\/water\/guayusa\/#webpage","url":"http:\/\/www.alchemillasapotek.com\/water\/guayusa\/","name":"Guayusa ~ Alchemillas Apotek","isPartOf":{"@id":"http:\/\/www.alchemillasapotek.com\/#website"},"primaryImageOfPage":{"@id":"http:\/\/www.alchemillasapotek.com\/water\/guayusa\/#primaryimage"},"datePublished":"2016-11-24T10:29:03+00:00","dateModified":"2017-12-04T21:32:04+00:00","description":"Alchemillas Apotek: spagyric tinctures, hydrosols, services, and formulas. Please contact us for more information.","breadcrumb":{"@id":"http:\/\/www.alchemillasapotek.com\/water\/guayusa\/#breadcrumb"},"inLanguage":"sv-SV","potentialAction":[{"@type":"ReadAction","target":["http:\/\/www.alchemillasapotek.com\/water\/guayusa\/"]}]},{"@type":"BreadcrumbList","@id":"http:\/\/www.alchemillasapotek.com\/water\/guayusa\/#breadcrumb","itemListElement":[{"@type":"ListItem","position":1,"name":"Home","item":"http:\/\/www.alchemillasapotek.com\/"},{"@type":"ListItem","position":2,"name":"Water","item":"https:\/\/www.alchemillasapotek.com\/water\/"},{"@type":"ListItem","position":3,"name":"Guayusa"}]}]}},"_links":{"self":[{"href":"http:\/\/www.alchemillasapotek.com\/sv\/wp-json\/wp\/v2\/product\/333"}],"collection":[{"href":"http:\/\/www.alchemillasapotek.com\/sv\/wp-json\/wp\/v2\/product"}],"about":[{"href":"http:\/\/www.alchemillasapotek.com\/sv\/wp-json\/wp\/v2\/types\/product"}],"replies":[{"embeddable":true,"href":"http:\/\/www.alchemillasapotek.com\/sv\/wp-json\/wp\/v2\/comments?post=333"}],"wp:featuredmedia":[{"embeddable":true,"href":"http:\/\/www.alchemillasapotek.com\/sv\/wp-json\/wp\/v2\/media\/334"}],"wp:attachment":[{"href":"http:\/\/www.alchemillasapotek.com\/sv\/wp-json\/wp\/v2\/media?parent=333"}],"wp:term":[{"taxonomy":"product_cat","embeddable":true,"href":"http:\/\/www.alchemillasapotek.com\/sv\/wp-json\/wp\/v2\/product_cat?post=333"},{"taxonomy":"product_tag","embeddable":true,"href":"http:\/\/www.alchemillasapotek.com\/sv\/wp-json\/wp\/v2\/product_tag?post=333"}],"curies":[{"name":"wp","href":"https:\/\/api.w.org\/{rel}","templated":true}]}}