{"id":391,"date":"2016-11-25T16:29:05","date_gmt":"2016-11-25T16:29:05","guid":{"rendered":"http:\/\/www.alchemillasapotek.com\/?post_type=product&#038;p=391"},"modified":"2017-01-17T19:14:48","modified_gmt":"2017-01-17T19:14:48","slug":"talismans","status":"publish","type":"product","link":"http:\/\/www.alchemillasapotek.com\/sv\/water\/talismans\/","title":{"rendered":"Amuletter"},"content":{"rendered":"<img loading=\"lazy\" class=\"alignnone size-medium wp-image-396\" src=\"http:\/\/www.alchemillasapotek.com\/wp-content\/uploads\/2016\/11\/IMG_0981-460x460.jpg\" alt=\"Alchemillas Apotek | Talisman\" width=\"460\" height=\"460\" srcset=\"http:\/\/www.alchemillasapotek.com\/wp-content\/uploads\/2016\/11\/IMG_0981-460x460.jpg 460w, http:\/\/www.alchemillasapotek.com\/wp-content\/uploads\/2016\/11\/IMG_0981-300x300.jpg 300w, http:\/\/www.alchemillasapotek.com\/wp-content\/uploads\/2016\/11\/IMG_0981-100x100.jpg 100w, http:\/\/www.alchemillasapotek.com\/wp-content\/uploads\/2016\/11\/IMG_0981-456x456.jpg 456w, http:\/\/www.alchemillasapotek.com\/wp-content\/uploads\/2016\/11\/IMG_0981-220x220.jpg 220w, http:\/\/www.alchemillasapotek.com\/wp-content\/uploads\/2016\/11\/IMG_0981-768x768.jpg 768w, http:\/\/www.alchemillasapotek.com\/wp-content\/uploads\/2016\/11\/IMG_0981-1024x1024.jpg 1024w, http:\/\/www.alchemillasapotek.com\/wp-content\/uploads\/2016\/11\/IMG_0981-400x400.jpg 400w\" sizes=\"(max-width: 460px) 100vw, 460px\" \/><img loading=\"lazy\" class=\"alignnone size-medium wp-image-622\" src=\"http:\/\/www.alchemillasapotek.com\/wp-content\/uploads\/2016\/11\/IMG_0924-307x460.jpg\" alt=\"Alchemillas Apotek | Talisman\" width=\"307\" height=\"460\" srcset=\"http:\/\/www.alchemillasapotek.com\/wp-content\/uploads\/2016\/11\/IMG_0924-307x460.jpg 307w, http:\/\/www.alchemillasapotek.com\/wp-content\/uploads\/2016\/11\/IMG_0924-267x400.jpg 267w, http:\/\/www.alchemillasapotek.com\/wp-content\/uploads\/2016\/11\/IMG_0924.jpg 640w\" sizes=\"(max-width: 307px) 100vw, 307px\" \/><img loading=\"lazy\" class=\"alignnone size-medium wp-image-626\" src=\"http:\/\/www.alchemillasapotek.com\/wp-content\/uploads\/2016\/11\/IMG_0887-460x460.jpg\" alt=\"Alchemillas Apotek | Talisman\" width=\"460\" height=\"460\" \/><img loading=\"lazy\" class=\"alignnone size-medium wp-image-621\" src=\"http:\/\/www.alchemillasapotek.com\/wp-content\/uploads\/2016\/11\/IMG_0946-343x460.jpg\" alt=\"Alchemillas Apotek | Talisman\" width=\"343\" height=\"460\" srcset=\"http:\/\/www.alchemillasapotek.com\/wp-content\/uploads\/2016\/11\/IMG_0946-343x460.jpg 343w, http:\/\/www.alchemillasapotek.com\/wp-content\/uploads\/2016\/11\/IMG_0946-768x1029.jpg 768w, http:\/\/www.alchemillasapotek.com\/wp-content\/uploads\/2016\/11\/IMG_0946-765x1024.jpg 765w, http:\/\/www.alchemillasapotek.com\/wp-content\/uploads\/2016\/11\/IMG_0946-299x400.jpg 299w, http:\/\/www.alchemillasapotek.com\/wp-content\/uploads\/2016\/11\/IMG_0946.jpg 1529w\" sizes=\"(max-width: 343px) 100vw, 343px\" \/><img loading=\"lazy\" class=\"alignnone size-medium wp-image-625\" src=\"http:\/\/www.alchemillasapotek.com\/wp-content\/uploads\/2016\/11\/IMG_0902-1-460x460.jpg\" alt=\"Alchemillas Apotek | Talisman\" width=\"460\" height=\"460\" \/><img loading=\"lazy\" class=\"alignnone size-medium wp-image-497\" src=\"http:\/\/www.alchemillasapotek.com\/wp-content\/uploads\/2016\/11\/alchemilla1-460x460.jpg\" alt=\"Alchemillas Apotek | Talisman\" width=\"460\" height=\"460\" srcset=\"http:\/\/www.alchemillasapotek.com\/wp-content\/uploads\/2016\/11\/alchemilla1-460x460.jpg 460w, http:\/\/www.alchemillasapotek.com\/wp-content\/uploads\/2016\/11\/alchemilla1-300x300.jpg 300w, http:\/\/www.alchemillasapotek.com\/wp-content\/uploads\/2016\/11\/alchemilla1-100x100.jpg 100w, http:\/\/www.alchemillasapotek.com\/wp-content\/uploads\/2016\/11\/alchemilla1-456x456.jpg 456w, http:\/\/www.alchemillasapotek.com\/wp-content\/uploads\/2016\/11\/alchemilla1-220x220.jpg 220w, http:\/\/www.alchemillasapotek.com\/wp-content\/uploads\/2016\/11\/alchemilla1-768x768.jpg 768w, http:\/\/www.alchemillasapotek.com\/wp-content\/uploads\/2016\/11\/alchemilla1-1024x1024.jpg 1024w, http:\/\/www.alchemillasapotek.com\/wp-content\/uploads\/2016\/11\/alchemilla1-400x400.jpg 400w\" sizes=\"(max-width: 460px) 100vw, 460px\" \/><img loading=\"lazy\" class=\"alignnone size-medium wp-image-824\" src=\"http:\/\/www.alchemillasapotek.com\/wp-content\/uploads\/2017\/01\/IMG_2050-460x460.jpg\" alt=\"\" width=\"460\" height=\"460\" srcset=\"http:\/\/www.alchemillasapotek.com\/wp-content\/uploads\/2017\/01\/IMG_2050-460x460.jpg 460w, http:\/\/www.alchemillasapotek.com\/wp-content\/uploads\/2017\/01\/IMG_2050-300x300.jpg 300w, http:\/\/www.alchemillasapotek.com\/wp-content\/uploads\/2017\/01\/IMG_2050-100x100.jpg 100w, http:\/\/www.alchemillasapotek.com\/wp-content\/uploads\/2017\/01\/IMG_2050-456x456.jpg 456w, http:\/\/www.alchemillasapotek.com\/wp-content\/uploads\/2017\/01\/IMG_2050-220x220.jpg 220w, http:\/\/www.alchemillasapotek.com\/wp-content\/uploads\/2017\/01\/IMG_2050-768x768.jpg 768w, http:\/\/www.alchemillasapotek.com\/wp-content\/uploads\/2017\/01\/IMG_2050-1024x1024.jpg 1024w, http:\/\/www.alchemillasapotek.com\/wp-content\/uploads\/2017\/01\/IMG_2050-400x400.jpg 400w, http:\/\/www.alchemillasapotek.com\/wp-content\/uploads\/2017\/01\/IMG_2050.jpg 1752w\" sizes=\"(max-width: 460px) 100vw, 460px\" \/><img loading=\"lazy\" class=\"alignnone size-medium wp-image-395\" src=\"http:\/\/www.alchemillasapotek.com\/wp-content\/uploads\/2016\/11\/IMG_0925-307x460.jpg\" alt=\"Alchemillas Apotek | Talisman\" width=\"307\" height=\"460\" srcset=\"http:\/\/www.alchemillasapotek.com\/wp-content\/uploads\/2016\/11\/IMG_0925-307x460.jpg 307w, http:\/\/www.alchemillasapotek.com\/wp-content\/uploads\/2016\/11\/IMG_0925-267x400.jpg 267w, http:\/\/www.alchemillasapotek.com\/wp-content\/uploads\/2016\/11\/IMG_0925.jpg 640w\" sizes=\"(max-width: 307px) 100vw, 307px\" \/><\/p>\n<p>&nbsp;<\/p>\n<p>&nbsp;<\/p>\n<p>&nbsp;","protected":false},"excerpt":{"rendered":"<blockquote><p>&#8220;Magicians affirm that Images, Seals &amp; Rings Being Opportunely Framed under a Certain Constellation&#8230; some Wonderful Thing may be Received. &#8221; &#8211; Cornelius Agrippa, Three Books of Occult Philosophy<\/p><\/blockquote>\n<p>Lisa skapar amuletter av mineraler och \u00f6rter i sm\u00e5 glasbeh\u00e5llare f\u00f6r att st\u00f6dja individens behov enligt \u00f6nskem\u00e5l.<\/p>\n<p>Amuletterna \u00e4r komponerade som ett slags elixir som kan b\u00e4ras som ett magiskt smycke eller h\u00e4ngas ovanf\u00f6r s\u00e4ngen, placeras p\u00e5 arbetsbordet, i k\u00f6ket eller d\u00e4r de beh\u00f6vs.<\/p>\n<p>&nbsp;<\/p>\n<p>Amuletterna kostar mellan 200-600 kr beroende p\u00e5 vad de inneh\u00e5ller. En beskrivning ing\u00e5r .<\/p>\n<p>Vi diskuterar via skype eller mail och kommer fram till en plan och ett pris innan jag s\u00e4tter ig\u00e5ng.<\/p>\n<p>&nbsp;<\/p>\n<p>Hittills har Lisa skapat amuletter f\u00f6r att st\u00f6dja positiv sj\u00e4lvbild, st\u00f6d vid inkontinens, hj\u00e4lp att sl\u00e4ppa taget p\u00e5 flera plan b\u00e5de mentalt och fysiskt ,st\u00f6d f\u00f6r kreativt flow, fokus och m\u00e5nga andra skapats med n\u00f6jda \u00e4gare som upplever goda effekter.<\/p>\n<p>Kontakta mig via <a href=\"mailto:info@alchemillasapotek.com\">e-mail<\/a>.&hellip; <a class=\"kt-excerpt-readmore\" href=\"http:\/\/www.alchemillasapotek.com\/sv\/water\/talismans\/\" aria-label=\"Amuletter\">Read More<\/a><\/p>\n","protected":false},"featured_media":392,"comment_status":"closed","ping_status":"closed","template":"","meta":[],"product_cat":[9],"product_tag":[153,151,152],"yoast_head":"<!-- This site is optimized with the Yoast SEO plugin v18.4.1 - https:\/\/yoast.com\/wordpress\/plugins\/seo\/ -->\n<title>Amuletter ~ Alchemillas Apotek<\/title>\n<meta name=\"description\" content=\"Alchemillas Apotek: spagyric tinctures, hydrosols, services, and formulas. Please contact us for more information.\" \/>\n<meta name=\"robots\" content=\"index, follow, max-snippet:-1, max-image-preview:large, max-video-preview:-1\" \/>\n<link rel=\"canonical\" href=\"http:\/\/www.alchemillasapotek.com\/sv\/water\/talismans\/\" \/>\n<meta property=\"og:locale\" content=\"en_US\" \/>\n<meta property=\"og:type\" content=\"article\" \/>\n<meta property=\"og:title\" content=\"[:en]Talismans[:sv]Amuletter[:] ~ Alchemillas Apotek\" \/>\n<meta property=\"og:description\" content=\"Alchemillas Apotek: spagyric tinctures, hydrosols, services, and formulas. Please contact us for more information.\" \/>\n<meta property=\"og:url\" content=\"http:\/\/www.alchemillasapotek.com\/sv\/water\/talismans\/\" \/>\n<meta property=\"og:site_name\" content=\"Alchemillas Apotek\" \/>\n<meta property=\"article:publisher\" content=\"https:\/\/www.facebook.com\/AlchemillasApotek\/\" \/>\n<meta property=\"article:modified_time\" content=\"2017-01-17T19:14:48+00:00\" \/>\n<meta property=\"og:image\" content=\"http:\/\/www.alchemillasapotek.com\/wp-content\/uploads\/2016\/11\/IMG_0915.jpg\" \/>\n\t<meta property=\"og:image:width\" content=\"2448\" \/>\n\t<meta property=\"og:image:height\" content=\"2448\" \/>\n\t<meta property=\"og:image:type\" content=\"image\/jpeg\" \/>\n<meta name=\"twitter:card\" content=\"summary\" \/>\n<meta name=\"twitter:site\" content=\"@lisajeannin\" \/>\n<script type=\"application\/ld+json\" class=\"yoast-schema-graph\">{\"@context\":\"https:\/\/schema.org\",\"@graph\":[{\"@type\":\"Organization\",\"@id\":\"http:\/\/www.alchemillasapotek.com\/#organization\",\"name\":\"Alchemillas Apotek\",\"url\":\"http:\/\/www.alchemillasapotek.com\/\",\"sameAs\":[\"https:\/\/www.facebook.com\/AlchemillasApotek\/\",\"https:\/\/www.instagram.com\/alchemillasapotek\/\",\"https:\/\/twitter.com\/lisajeannin\"],\"logo\":{\"@type\":\"ImageObject\",\"@id\":\"http:\/\/www.alchemillasapotek.com\/#logo\",\"inLanguage\":\"sv-SV\",\"url\":\"https:\/\/www.alchemillasapotek.com\/wp-content\/uploads\/2016\/11\/Logo-AlchemillasApotek-homepage.png\",\"contentUrl\":\"https:\/\/www.alchemillasapotek.com\/wp-content\/uploads\/2016\/11\/Logo-AlchemillasApotek-homepage.png\",\"width\":592,\"height\":580,\"caption\":\"Alchemillas Apotek\"},\"image\":{\"@id\":\"http:\/\/www.alchemillasapotek.com\/#logo\"}},{\"@type\":\"WebSite\",\"@id\":\"http:\/\/www.alchemillasapotek.com\/#website\",\"url\":\"http:\/\/www.alchemillasapotek.com\/\",\"name\":\"Alchemillas Apotek\",\"description\":\"Spagyric Tinctures &amp; Initiatic Plantmedicine for vibrant health and spiritual evolution.\",\"publisher\":{\"@id\":\"http:\/\/www.alchemillasapotek.com\/#organization\"},\"potentialAction\":[{\"@type\":\"SearchAction\",\"target\":{\"@type\":\"EntryPoint\",\"urlTemplate\":\"http:\/\/www.alchemillasapotek.com\/?s={search_term_string}\"},\"query-input\":\"required name=search_term_string\"}],\"inLanguage\":\"sv-SV\"},{\"@type\":\"ImageObject\",\"@id\":\"http:\/\/www.alchemillasapotek.com\/sv\/water\/talismans\/#primaryimage\",\"inLanguage\":\"sv-SV\",\"url\":\"http:\/\/www.alchemillasapotek.com\/wp-content\/uploads\/2016\/11\/IMG_0915.jpg\",\"contentUrl\":\"http:\/\/www.alchemillasapotek.com\/wp-content\/uploads\/2016\/11\/IMG_0915.jpg\",\"width\":2448,\"height\":2448,\"caption\":\"Alchemillas Apotek | Talisman\"},{\"@type\":\"WebPage\",\"@id\":\"http:\/\/www.alchemillasapotek.com\/sv\/water\/talismans\/#webpage\",\"url\":\"http:\/\/www.alchemillasapotek.com\/sv\/water\/talismans\/\",\"name\":\"[:en]Talismans[:sv]Amuletter[:] ~ Alchemillas Apotek\",\"isPartOf\":{\"@id\":\"http:\/\/www.alchemillasapotek.com\/#website\"},\"primaryImageOfPage\":{\"@id\":\"http:\/\/www.alchemillasapotek.com\/sv\/water\/talismans\/#primaryimage\"},\"datePublished\":\"2016-11-25T16:29:05+00:00\",\"dateModified\":\"2017-01-17T19:14:48+00:00\",\"description\":\"Alchemillas Apotek: spagyric tinctures, hydrosols, services, and formulas. Please contact us for more information.\",\"breadcrumb\":{\"@id\":\"http:\/\/www.alchemillasapotek.com\/sv\/water\/talismans\/#breadcrumb\"},\"inLanguage\":\"sv-SV\",\"potentialAction\":[{\"@type\":\"ReadAction\",\"target\":[\"http:\/\/www.alchemillasapotek.com\/sv\/water\/talismans\/\"]}]},{\"@type\":\"BreadcrumbList\",\"@id\":\"http:\/\/www.alchemillasapotek.com\/sv\/water\/talismans\/#breadcrumb\",\"itemListElement\":[{\"@type\":\"ListItem\",\"position\":1,\"name\":\"Home\",\"item\":\"http:\/\/www.alchemillasapotek.com\/\"},{\"@type\":\"ListItem\",\"position\":2,\"name\":\"Water\",\"item\":\"http:\/\/www.alchemillasapotek.com\/water\/\"},{\"@type\":\"ListItem\",\"position\":3,\"name\":\"Amuletter\"}]}]}<\/script>\n<!-- \/ Yoast SEO plugin. -->","yoast_head_json":{"title":"[:en]Talismans[:sv]Amuletter[:] ~ Alchemillas Apotek","description":"Alchemillas Apotek: spagyric tinctures, hydrosols, services, and formulas. Please contact us for more information.","robots":{"index":"index","follow":"follow","max-snippet":"max-snippet:-1","max-image-preview":"max-image-preview:large","max-video-preview":"max-video-preview:-1"},"canonical":"http:\/\/www.alchemillasapotek.com\/sv\/water\/talismans\/","og_locale":"en_US","og_type":"article","og_title":"[:en]Talismans[:sv]Amuletter[:] ~ Alchemillas Apotek","og_description":"Alchemillas Apotek: spagyric tinctures, hydrosols, services, and formulas. Please contact us for more information.","og_url":"http:\/\/www.alchemillasapotek.com\/sv\/water\/talismans\/","og_site_name":"Alchemillas Apotek","article_publisher":"https:\/\/www.facebook.com\/AlchemillasApotek\/","article_modified_time":"2017-01-17T19:14:48+00:00","og_image":[{"width":2448,"height":2448,"url":"http:\/\/www.alchemillasapotek.com\/wp-content\/uploads\/2016\/11\/IMG_0915.jpg","type":"image\/jpeg"}],"twitter_card":"summary","twitter_site":"@lisajeannin","schema":{"@context":"https:\/\/schema.org","@graph":[{"@type":"Organization","@id":"http:\/\/www.alchemillasapotek.com\/#organization","name":"Alchemillas Apotek","url":"http:\/\/www.alchemillasapotek.com\/","sameAs":["https:\/\/www.facebook.com\/AlchemillasApotek\/","https:\/\/www.instagram.com\/alchemillasapotek\/","https:\/\/twitter.com\/lisajeannin"],"logo":{"@type":"ImageObject","@id":"http:\/\/www.alchemillasapotek.com\/#logo","inLanguage":"sv-SV","url":"https:\/\/www.alchemillasapotek.com\/wp-content\/uploads\/2016\/11\/Logo-AlchemillasApotek-homepage.png","contentUrl":"https:\/\/www.alchemillasapotek.com\/wp-content\/uploads\/2016\/11\/Logo-AlchemillasApotek-homepage.png","width":592,"height":580,"caption":"Alchemillas Apotek"},"image":{"@id":"http:\/\/www.alchemillasapotek.com\/#logo"}},{"@type":"WebSite","@id":"http:\/\/www.alchemillasapotek.com\/#website","url":"http:\/\/www.alchemillasapotek.com\/","name":"Alchemillas Apotek","description":"Spagyric Tinctures &amp; Initiatic Plantmedicine for vibrant health and spiritual evolution.","publisher":{"@id":"http:\/\/www.alchemillasapotek.com\/#organization"},"potentialAction":[{"@type":"SearchAction","target":{"@type":"EntryPoint","urlTemplate":"http:\/\/www.alchemillasapotek.com\/?s={search_term_string}"},"query-input":"required name=search_term_string"}],"inLanguage":"sv-SV"},{"@type":"ImageObject","@id":"http:\/\/www.alchemillasapotek.com\/sv\/water\/talismans\/#primaryimage","inLanguage":"sv-SV","url":"http:\/\/www.alchemillasapotek.com\/wp-content\/uploads\/2016\/11\/IMG_0915.jpg","contentUrl":"http:\/\/www.alchemillasapotek.com\/wp-content\/uploads\/2016\/11\/IMG_0915.jpg","width":2448,"height":2448,"caption":"Alchemillas Apotek | Talisman"},{"@type":"WebPage","@id":"http:\/\/www.alchemillasapotek.com\/sv\/water\/talismans\/#webpage","url":"http:\/\/www.alchemillasapotek.com\/sv\/water\/talismans\/","name":"[:en]Talismans[:sv]Amuletter[:] ~ Alchemillas Apotek","isPartOf":{"@id":"http:\/\/www.alchemillasapotek.com\/#website"},"primaryImageOfPage":{"@id":"http:\/\/www.alchemillasapotek.com\/sv\/water\/talismans\/#primaryimage"},"datePublished":"2016-11-25T16:29:05+00:00","dateModified":"2017-01-17T19:14:48+00:00","description":"Alchemillas Apotek: spagyric tinctures, hydrosols, services, and formulas. Please contact us for more information.","breadcrumb":{"@id":"http:\/\/www.alchemillasapotek.com\/sv\/water\/talismans\/#breadcrumb"},"inLanguage":"sv-SV","potentialAction":[{"@type":"ReadAction","target":["http:\/\/www.alchemillasapotek.com\/sv\/water\/talismans\/"]}]},{"@type":"BreadcrumbList","@id":"http:\/\/www.alchemillasapotek.com\/sv\/water\/talismans\/#breadcrumb","itemListElement":[{"@type":"ListItem","position":1,"name":"Home","item":"http:\/\/www.alchemillasapotek.com\/"},{"@type":"ListItem","position":2,"name":"Water","item":"http:\/\/www.alchemillasapotek.com\/water\/"},{"@type":"ListItem","position":3,"name":"Amuletter"}]}]}},"_links":{"self":[{"href":"http:\/\/www.alchemillasapotek.com\/sv\/wp-json\/wp\/v2\/product\/391"}],"collection":[{"href":"http:\/\/www.alchemillasapotek.com\/sv\/wp-json\/wp\/v2\/product"}],"about":[{"href":"http:\/\/www.alchemillasapotek.com\/sv\/wp-json\/wp\/v2\/types\/product"}],"replies":[{"embeddable":true,"href":"http:\/\/www.alchemillasapotek.com\/sv\/wp-json\/wp\/v2\/comments?post=391"}],"wp:featuredmedia":[{"embeddable":true,"href":"http:\/\/www.alchemillasapotek.com\/sv\/wp-json\/wp\/v2\/media\/392"}],"wp:attachment":[{"href":"http:\/\/www.alchemillasapotek.com\/sv\/wp-json\/wp\/v2\/media?parent=391"}],"wp:term":[{"taxonomy":"product_cat","embeddable":true,"href":"http:\/\/www.alchemillasapotek.com\/sv\/wp-json\/wp\/v2\/product_cat?post=391"},{"taxonomy":"product_tag","embeddable":true,"href":"http:\/\/www.alchemillasapotek.com\/sv\/wp-json\/wp\/v2\/product_tag?post=391"}],"curies":[{"name":"wp","href":"https:\/\/api.w.org\/{rel}","templated":true}]}}