{"id":399,"date":"2016-11-25T16:37:02","date_gmt":"2016-11-25T16:37:02","guid":{"rendered":"http:\/\/www.alchemillasapotek.com\/?post_type=product&#038;p=399"},"modified":"2017-01-11T17:03:49","modified_gmt":"2017-01-11T17:03:49","slug":"consultation","status":"publish","type":"product","link":"http:\/\/www.alchemillasapotek.com\/sv\/water\/consultation\/","title":{"rendered":"Konsultation"},"content":{"rendered":"Det centrala i ayurvedan \u00e4r de tre doshorna, vata (rymd-luft), pitta (eld-vatten) och kapha (jord-vatten). Det \u00e4r ett s\u00e4tt att dela upp universums energi i tre grundprinciper: r\u00f6relse, f\u00f6r\u00e4ndring och stabilitet. Varje m\u00e4nniska har en unik natur bortom de obalanser som kan komma och g\u00e5 i ens system.<\/p>\n<p>Denna grundkonstitution inneh\u00e5ller de tre doshorna i olika proportioner. Genom ayurveda kan vi f\u00e5 verktyg att skapa v\u00e5r egen h\u00e4lsa genom att f\u00f6rst\u00e5 oss sj\u00e4lva och st\u00f6dja oss i att vara de vi verkligen \u00e4r.<\/p>\n<p>Vi utg\u00e5r fr\u00e5n samtalet samt puls- nagel- och tungdiagnostik.<\/p>\n<p>Utifr\u00e5n din nuvarande situation och din unika grundkonstitution f\u00e5r du v\u00e4gledning i form av kost och levnadsr\u00e5d, andnings\u00f6vningar samt \u00f6rtrekomendationer.<\/p>\n<h5><\/h5>\n<h3>Ayurvedans definition av h\u00e4lsa:<\/h3>\n<hr \/>\n<blockquote><p>&#8220;Balans i doshorna, balans i f\u00f6rbr\u00e4nningen, balans i v\u00e4vnaderna, renhet i uts\u00f6ndringarna, lycka i sj\u00e4len, lycka i sinnena, lycka i sinnet. D\u00e5 kan vi s\u00e4ga att vi har h\u00e4lsa. .&#8221;<\/p><\/blockquote>\n<p>En konsultation tar mellan 1,5 &#8211; 2 timmar och kostar 950 kr<\/p>\n<p>Uppf\u00f6ljning per telefon 450 kr<\/p>\n<p>\u00c5terbes\u00f6k 1 timme 650 kr<\/p>\n<p>Boka tid genom <a href=\"mailto:info@alchemillasapotek.com\">mail<\/a><\/p>\n<p><a href=\"\/\/www.alchemillasapotek.com\/wp-content\/uploads\/2016\/11\/IMG_1788.jpg\"><img loading=\"lazy\" class=\"alignnone wp-image-400 size-medium\" src=\"\/\/www.alchemillasapotek.com\/wp-content\/uploads\/2016\/11\/IMG_1788-460x460.jpg\" alt=\"Alchemillas Apotek | Consultation\" width=\"460\" height=\"460\" srcset=\"http:\/\/www.alchemillasapotek.com\/wp-content\/uploads\/2016\/11\/IMG_1788-460x460.jpg 460w, http:\/\/www.alchemillasapotek.com\/wp-content\/uploads\/2016\/11\/IMG_1788-300x300.jpg 300w, http:\/\/www.alchemillasapotek.com\/wp-content\/uploads\/2016\/11\/IMG_1788-100x100.jpg 100w, http:\/\/www.alchemillasapotek.com\/wp-content\/uploads\/2016\/11\/IMG_1788-456x456.jpg 456w, http:\/\/www.alchemillasapotek.com\/wp-content\/uploads\/2016\/11\/IMG_1788-220x220.jpg 220w, http:\/\/www.alchemillasapotek.com\/wp-content\/uploads\/2016\/11\/IMG_1788-768x768.jpg 768w, http:\/\/www.alchemillasapotek.com\/wp-content\/uploads\/2016\/11\/IMG_1788-1024x1024.jpg 1024w, http:\/\/www.alchemillasapotek.com\/wp-content\/uploads\/2016\/11\/IMG_1788-400x400.jpg 400w\" sizes=\"(max-width: 460px) 100vw, 460px\" \/><\/a><\/p>\n<h3>L\u00e5t maten bli din medicin!<\/h3>\n<hr \/>\n<p>Vi \u00e4r alla unika. Alla m\u00e5r inte bra av att f\u00f6lja samma kostr\u00e5d. Med det Ayurvediska perspektivet tar man h\u00e4nsyn till \u00e5rstiden, individens konstitution (dosha) och unika natur (prakriti) och eventuella tillf\u00e4lliga obalans.<\/p>\n<p>Mat \u00e4r levande och du \u00e4r verkligen det du \u00e4ter! \u00c4t naturens intelligens, oprocessad, som har f\u00e5tt v\u00e4xa utan att f\u00f6rgiftas, eller f\u00f6rgifta jorden eller dig. \u00c4t f\u00e4rgglad mat full av smaker, kryddor och \u00f6rter och l\u00e5t den bli en del av den du \u00e4r!<\/p>\n<p>&nbsp;<\/p>\n<p><a href=\"\/\/www.alchemillasapotek.com\/wp-content\/uploads\/2016\/11\/IMG_9889.jpg\"><img loading=\"lazy\" class=\"alignnone size-full wp-image-401\" src=\"\/\/www.alchemillasapotek.com\/wp-content\/uploads\/2016\/11\/IMG_9889.jpg\" alt=\"Alchemillas Apotek | Consultation\" width=\"640\" height=\"640\" srcset=\"http:\/\/www.alchemillasapotek.com\/wp-content\/uploads\/2016\/11\/IMG_9889.jpg 640w, http:\/\/www.alchemillasapotek.com\/wp-content\/uploads\/2016\/11\/IMG_9889-300x300.jpg 300w, http:\/\/www.alchemillasapotek.com\/wp-content\/uploads\/2016\/11\/IMG_9889-100x100.jpg 100w, http:\/\/www.alchemillasapotek.com\/wp-content\/uploads\/2016\/11\/IMG_9889-456x456.jpg 456w, http:\/\/www.alchemillasapotek.com\/wp-content\/uploads\/2016\/11\/IMG_9889-220x220.jpg 220w, http:\/\/www.alchemillasapotek.com\/wp-content\/uploads\/2016\/11\/IMG_9889-460x460.jpg 460w, http:\/\/www.alchemillasapotek.com\/wp-content\/uploads\/2016\/11\/IMG_9889-400x400.jpg 400w\" sizes=\"(max-width: 640px) 100vw, 640px\" \/><\/a>","protected":false},"excerpt":{"rendered":"<p>Det g\u00e5r bra att boka en konsultation och komma till Alchemillas Apotek f\u00f6r v\u00e4gledning.<\/p>\n<p>Med varsamhet och respekt n\u00e4rmar jag mig mina klienter.<\/p>\n<p>Jag \u00e4r utbildad ayurvedisk h\u00e4lsov\u00e4gledare med examen fr\u00e5n <a href=\"http:\/\/www.yantra-ayurveda-yoga.se\/\" target=\"_blank\">Yantra Ayurveda<\/a>.<\/p>\n<p>Ayurveda, eller kunskapen om livet (ayur: kunskap, veda:liv), \u00e4r en indisk l\u00e4kekonst med m\u00e5ngtusen\u00e5riga anor fr\u00e5n den vediska kulturen.<\/p>\n<p>Liksom antikens naturfilosofi och alkemin bygger ayurvedan p\u00e5 tillvarons ursubstanser, elementen: rymd, luft, eld, vatten och jord.&hellip; <a class=\"kt-excerpt-readmore\" href=\"http:\/\/www.alchemillasapotek.com\/sv\/water\/consultation\/\" aria-label=\"Konsultation\">Read More<\/a><\/p>\n","protected":false},"featured_media":402,"comment_status":"closed","ping_status":"closed","template":"","meta":[],"product_cat":[9],"product_tag":[153,10,154],"yoast_head":"<!-- This site is optimized with the Yoast SEO plugin v18.4.1 - https:\/\/yoast.com\/wordpress\/plugins\/seo\/ -->\n<title>Konsultation ~ Alchemillas Apotek<\/title>\n<meta name=\"description\" content=\"Alchemillas Apotek: spagyric tinctures, hydrosols, services, and formulas. Please contact us for more information.\" \/>\n<meta name=\"robots\" content=\"index, follow, max-snippet:-1, max-image-preview:large, max-video-preview:-1\" \/>\n<link rel=\"canonical\" href=\"http:\/\/www.alchemillasapotek.com\/water\/consultation\/\" \/>\n<meta property=\"og:locale\" content=\"en_US\" \/>\n<meta property=\"og:type\" content=\"article\" \/>\n<meta property=\"og:title\" content=\"[:en]Consultation[:sv]Konsultation[:] ~ Alchemillas Apotek\" \/>\n<meta property=\"og:description\" content=\"Alchemillas Apotek: spagyric tinctures, hydrosols, services, and formulas. Please contact us for more information.\" \/>\n<meta property=\"og:url\" content=\"http:\/\/www.alchemillasapotek.com\/water\/consultation\/\" \/>\n<meta property=\"og:site_name\" content=\"Alchemillas Apotek\" \/>\n<meta property=\"article:publisher\" content=\"https:\/\/www.facebook.com\/AlchemillasApotek\/\" \/>\n<meta property=\"article:modified_time\" content=\"2017-01-11T17:03:49+00:00\" \/>\n<meta property=\"og:image\" content=\"http:\/\/www.alchemillasapotek.com\/wp-content\/uploads\/2016\/11\/IMG_1789.jpg\" \/>\n\t<meta property=\"og:image:width\" content=\"2447\" \/>\n\t<meta property=\"og:image:height\" content=\"2447\" \/>\n\t<meta property=\"og:image:type\" content=\"image\/jpeg\" \/>\n<meta name=\"twitter:card\" content=\"summary\" \/>\n<meta name=\"twitter:site\" content=\"@lisajeannin\" \/>\n<meta name=\"twitter:label1\" content=\"Est. reading time\" \/>\n\t<meta name=\"twitter:data1\" content=\"3 minutes\" \/>\n<script type=\"application\/ld+json\" class=\"yoast-schema-graph\">{\"@context\":\"https:\/\/schema.org\",\"@graph\":[{\"@type\":\"Organization\",\"@id\":\"http:\/\/www.alchemillasapotek.com\/#organization\",\"name\":\"Alchemillas Apotek\",\"url\":\"http:\/\/www.alchemillasapotek.com\/\",\"sameAs\":[\"https:\/\/www.facebook.com\/AlchemillasApotek\/\",\"https:\/\/www.instagram.com\/alchemillasapotek\/\",\"https:\/\/twitter.com\/lisajeannin\"],\"logo\":{\"@type\":\"ImageObject\",\"@id\":\"http:\/\/www.alchemillasapotek.com\/#logo\",\"inLanguage\":\"sv-SV\",\"url\":\"https:\/\/www.alchemillasapotek.com\/wp-content\/uploads\/2016\/11\/Logo-AlchemillasApotek-homepage.png\",\"contentUrl\":\"https:\/\/www.alchemillasapotek.com\/wp-content\/uploads\/2016\/11\/Logo-AlchemillasApotek-homepage.png\",\"width\":592,\"height\":580,\"caption\":\"Alchemillas Apotek\"},\"image\":{\"@id\":\"http:\/\/www.alchemillasapotek.com\/#logo\"}},{\"@type\":\"WebSite\",\"@id\":\"http:\/\/www.alchemillasapotek.com\/#website\",\"url\":\"http:\/\/www.alchemillasapotek.com\/\",\"name\":\"Alchemillas Apotek\",\"description\":\"Spagyric Tinctures &amp; Initiatic Plantmedicine for vibrant health and spiritual evolution.\",\"publisher\":{\"@id\":\"http:\/\/www.alchemillasapotek.com\/#organization\"},\"potentialAction\":[{\"@type\":\"SearchAction\",\"target\":{\"@type\":\"EntryPoint\",\"urlTemplate\":\"http:\/\/www.alchemillasapotek.com\/?s={search_term_string}\"},\"query-input\":\"required name=search_term_string\"}],\"inLanguage\":\"sv-SV\"},{\"@type\":\"ImageObject\",\"@id\":\"http:\/\/www.alchemillasapotek.com\/water\/consultation\/#primaryimage\",\"inLanguage\":\"sv-SV\",\"url\":\"http:\/\/www.alchemillasapotek.com\/wp-content\/uploads\/2016\/11\/IMG_1789.jpg\",\"contentUrl\":\"http:\/\/www.alchemillasapotek.com\/wp-content\/uploads\/2016\/11\/IMG_1789.jpg\",\"width\":2447,\"height\":2447,\"caption\":\"Alchemillas Apotek | Consultation\"},{\"@type\":\"WebPage\",\"@id\":\"http:\/\/www.alchemillasapotek.com\/water\/consultation\/#webpage\",\"url\":\"http:\/\/www.alchemillasapotek.com\/water\/consultation\/\",\"name\":\"[:en]Consultation[:sv]Konsultation[:] ~ Alchemillas Apotek\",\"isPartOf\":{\"@id\":\"http:\/\/www.alchemillasapotek.com\/#website\"},\"primaryImageOfPage\":{\"@id\":\"http:\/\/www.alchemillasapotek.com\/water\/consultation\/#primaryimage\"},\"datePublished\":\"2016-11-25T16:37:02+00:00\",\"dateModified\":\"2017-01-11T17:03:49+00:00\",\"description\":\"Alchemillas Apotek: spagyric tinctures, hydrosols, services, and formulas. Please contact us for more information.\",\"breadcrumb\":{\"@id\":\"http:\/\/www.alchemillasapotek.com\/water\/consultation\/#breadcrumb\"},\"inLanguage\":\"sv-SV\",\"potentialAction\":[{\"@type\":\"ReadAction\",\"target\":[\"http:\/\/www.alchemillasapotek.com\/water\/consultation\/\"]}]},{\"@type\":\"BreadcrumbList\",\"@id\":\"http:\/\/www.alchemillasapotek.com\/water\/consultation\/#breadcrumb\",\"itemListElement\":[{\"@type\":\"ListItem\",\"position\":1,\"name\":\"Home\",\"item\":\"http:\/\/www.alchemillasapotek.com\/\"},{\"@type\":\"ListItem\",\"position\":2,\"name\":\"Water\",\"item\":\"https:\/\/www.alchemillasapotek.com\/water\/\"},{\"@type\":\"ListItem\",\"position\":3,\"name\":\"Consultation\"}]}]}<\/script>\n<!-- \/ Yoast SEO plugin. -->","yoast_head_json":{"title":"[:en]Consultation[:sv]Konsultation[:] ~ Alchemillas Apotek","description":"Alchemillas Apotek: spagyric tinctures, hydrosols, services, and formulas. Please contact us for more information.","robots":{"index":"index","follow":"follow","max-snippet":"max-snippet:-1","max-image-preview":"max-image-preview:large","max-video-preview":"max-video-preview:-1"},"canonical":"http:\/\/www.alchemillasapotek.com\/water\/consultation\/","og_locale":"en_US","og_type":"article","og_title":"[:en]Consultation[:sv]Konsultation[:] ~ Alchemillas Apotek","og_description":"Alchemillas Apotek: spagyric tinctures, hydrosols, services, and formulas. Please contact us for more information.","og_url":"http:\/\/www.alchemillasapotek.com\/water\/consultation\/","og_site_name":"Alchemillas Apotek","article_publisher":"https:\/\/www.facebook.com\/AlchemillasApotek\/","article_modified_time":"2017-01-11T17:03:49+00:00","og_image":[{"width":2447,"height":2447,"url":"http:\/\/www.alchemillasapotek.com\/wp-content\/uploads\/2016\/11\/IMG_1789.jpg","type":"image\/jpeg"}],"twitter_card":"summary","twitter_site":"@lisajeannin","twitter_misc":{"Est. reading time":"3 minutes"},"schema":{"@context":"https:\/\/schema.org","@graph":[{"@type":"Organization","@id":"http:\/\/www.alchemillasapotek.com\/#organization","name":"Alchemillas Apotek","url":"http:\/\/www.alchemillasapotek.com\/","sameAs":["https:\/\/www.facebook.com\/AlchemillasApotek\/","https:\/\/www.instagram.com\/alchemillasapotek\/","https:\/\/twitter.com\/lisajeannin"],"logo":{"@type":"ImageObject","@id":"http:\/\/www.alchemillasapotek.com\/#logo","inLanguage":"sv-SV","url":"https:\/\/www.alchemillasapotek.com\/wp-content\/uploads\/2016\/11\/Logo-AlchemillasApotek-homepage.png","contentUrl":"https:\/\/www.alchemillasapotek.com\/wp-content\/uploads\/2016\/11\/Logo-AlchemillasApotek-homepage.png","width":592,"height":580,"caption":"Alchemillas Apotek"},"image":{"@id":"http:\/\/www.alchemillasapotek.com\/#logo"}},{"@type":"WebSite","@id":"http:\/\/www.alchemillasapotek.com\/#website","url":"http:\/\/www.alchemillasapotek.com\/","name":"Alchemillas Apotek","description":"Spagyric Tinctures &amp; Initiatic Plantmedicine for vibrant health and spiritual evolution.","publisher":{"@id":"http:\/\/www.alchemillasapotek.com\/#organization"},"potentialAction":[{"@type":"SearchAction","target":{"@type":"EntryPoint","urlTemplate":"http:\/\/www.alchemillasapotek.com\/?s={search_term_string}"},"query-input":"required name=search_term_string"}],"inLanguage":"sv-SV"},{"@type":"ImageObject","@id":"http:\/\/www.alchemillasapotek.com\/water\/consultation\/#primaryimage","inLanguage":"sv-SV","url":"http:\/\/www.alchemillasapotek.com\/wp-content\/uploads\/2016\/11\/IMG_1789.jpg","contentUrl":"http:\/\/www.alchemillasapotek.com\/wp-content\/uploads\/2016\/11\/IMG_1789.jpg","width":2447,"height":2447,"caption":"Alchemillas Apotek | Consultation"},{"@type":"WebPage","@id":"http:\/\/www.alchemillasapotek.com\/water\/consultation\/#webpage","url":"http:\/\/www.alchemillasapotek.com\/water\/consultation\/","name":"[:en]Consultation[:sv]Konsultation[:] ~ Alchemillas Apotek","isPartOf":{"@id":"http:\/\/www.alchemillasapotek.com\/#website"},"primaryImageOfPage":{"@id":"http:\/\/www.alchemillasapotek.com\/water\/consultation\/#primaryimage"},"datePublished":"2016-11-25T16:37:02+00:00","dateModified":"2017-01-11T17:03:49+00:00","description":"Alchemillas Apotek: spagyric tinctures, hydrosols, services, and formulas. Please contact us for more information.","breadcrumb":{"@id":"http:\/\/www.alchemillasapotek.com\/water\/consultation\/#breadcrumb"},"inLanguage":"sv-SV","potentialAction":[{"@type":"ReadAction","target":["http:\/\/www.alchemillasapotek.com\/water\/consultation\/"]}]},{"@type":"BreadcrumbList","@id":"http:\/\/www.alchemillasapotek.com\/water\/consultation\/#breadcrumb","itemListElement":[{"@type":"ListItem","position":1,"name":"Home","item":"http:\/\/www.alchemillasapotek.com\/"},{"@type":"ListItem","position":2,"name":"Water","item":"https:\/\/www.alchemillasapotek.com\/water\/"},{"@type":"ListItem","position":3,"name":"Consultation"}]}]}},"_links":{"self":[{"href":"http:\/\/www.alchemillasapotek.com\/sv\/wp-json\/wp\/v2\/product\/399"}],"collection":[{"href":"http:\/\/www.alchemillasapotek.com\/sv\/wp-json\/wp\/v2\/product"}],"about":[{"href":"http:\/\/www.alchemillasapotek.com\/sv\/wp-json\/wp\/v2\/types\/product"}],"replies":[{"embeddable":true,"href":"http:\/\/www.alchemillasapotek.com\/sv\/wp-json\/wp\/v2\/comments?post=399"}],"wp:featuredmedia":[{"embeddable":true,"href":"http:\/\/www.alchemillasapotek.com\/sv\/wp-json\/wp\/v2\/media\/402"}],"wp:attachment":[{"href":"http:\/\/www.alchemillasapotek.com\/sv\/wp-json\/wp\/v2\/media?parent=399"}],"wp:term":[{"taxonomy":"product_cat","embeddable":true,"href":"http:\/\/www.alchemillasapotek.com\/sv\/wp-json\/wp\/v2\/product_cat?post=399"},{"taxonomy":"product_tag","embeddable":true,"href":"http:\/\/www.alchemillasapotek.com\/sv\/wp-json\/wp\/v2\/product_tag?post=399"}],"curies":[{"name":"wp","href":"https:\/\/api.w.org\/{rel}","templated":true}]}}