{"id":429,"date":"2016-11-28T08:00:52","date_gmt":"2016-11-28T08:00:52","guid":{"rendered":"http:\/\/www.alchemillasapotek.com\/water-2\/singularspagyrictinctures\/whitania-somnifera\/"},"modified":"2017-01-14T15:06:58","modified_gmt":"2017-01-14T15:06:58","slug":"whitania-somnifera","status":"publish","type":"product","link":"http:\/\/www.alchemillasapotek.com\/sv\/water\/whitania-somnifera\/","title":{"rendered":"Ashwagandha"},"content":{"rendered":"<h5>Spagyrisk tinktur av Withnaia Somnifera.<\/h5>\n<p>Ta 7-14 droppar direkt p\u00e5 tungan eller i Guldmj\u00f6lk p\u00e5 kv\u00e4llen.<\/p>\n<p>Ashwagandha f\u00f6rst\u00e4rker andra mediciners verkan s\u00e5 var medveten om att doseringen kan p\u00e5verkas om du tar receptbelagda mediciner.<\/p>\n<p><img loading=\"lazy\" class=\"alignnone size-large wp-image-431\" src=\"\/\/www.alchemillasapotek.com\/wp-content\/uploads\/2016\/11\/ashwagandha-1024x1024.jpg\" alt=\"Whitania Somnifera\" width=\"1024\" height=\"1024\" srcset=\"http:\/\/www.alchemillasapotek.com\/wp-content\/uploads\/2016\/11\/ashwagandha-1024x1024.jpg 1024w, http:\/\/www.alchemillasapotek.com\/wp-content\/uploads\/2016\/11\/ashwagandha-300x300.jpg 300w, http:\/\/www.alchemillasapotek.com\/wp-content\/uploads\/2016\/11\/ashwagandha-100x100.jpg 100w, http:\/\/www.alchemillasapotek.com\/wp-content\/uploads\/2016\/11\/ashwagandha-456x456.jpg 456w, http:\/\/www.alchemillasapotek.com\/wp-content\/uploads\/2016\/11\/ashwagandha-220x220.jpg 220w, http:\/\/www.alchemillasapotek.com\/wp-content\/uploads\/2016\/11\/ashwagandha-460x460.jpg 460w, http:\/\/www.alchemillasapotek.com\/wp-content\/uploads\/2016\/11\/ashwagandha-768x768.jpg 768w, http:\/\/www.alchemillasapotek.com\/wp-content\/uploads\/2016\/11\/ashwagandha-400x400.jpg 400w, http:\/\/www.alchemillasapotek.com\/wp-content\/uploads\/2016\/11\/ashwagandha.jpg 1417w\" sizes=\"(max-width: 1024px) 100vw, 1024px\" \/>","protected":false},"excerpt":{"rendered":"<blockquote><p>\u201cThe best cure for insomnia is to get a lot of sleep.\u201d &#8211; W.C. Fields<\/p><\/blockquote>\n<p><img loading=\"lazy\" class=\"alignnone size-full wp-image-244\" src=\"\/\/www.alchemillasapotek.com\/wp-content\/uploads\/2016\/11\/SST-Salt.png\" alt=\"Salt\" width=\"40\" height=\"40\" \/><\/p>\n<p>Ashwagandha st\u00e4rker immunf\u00f6rsvaret, st\u00e4rker b\u00e5de kvinnans och mannens reproduktiva system samt h\u00f6jer libido. Ashwagandha anv\u00e4nds f\u00f6r att st\u00e4rka, st\u00f6dja och revitalisera kroppsliga funktioner och \u00e4r en adaptogen med en paradoxal f\u00f6rm\u00e5ga att b\u00e5de sk\u00e4nka energi och att lugna. Ashwagandha \u00e4r s\u00e4rskilt bra att ta vid utbr\u00e4ndhet eller efter en l\u00e4ngre sjukdomsperiod.<\/p>\n<p><img loading=\"lazy\" class=\"alignnone size-full wp-image-223\" src=\"\/\/www.alchemillasapotek.com\/wp-content\/uploads\/2016\/11\/SST-Mercury.png\" alt=\"Mercury\" width=\"38\" height=\"50\" \/><\/p>\n<p>Stress skapar tr\u00f6tthet vilket ofta kan uttryckas i \u201chyper\u201d tillst\u00e5nd s\u00e5 som att bli uppskruvad och f\u00e5 sv\u00e5righeter att varva ner. Genom att sk\u00e4nka n\u00e4ring och energi, ges nerverna l\u00e4kning och st\u00f6d. N\u00e4r stressen inte l\u00e4ngre p\u00e5verkar nerverna lika mycket avtar \u201chyper\u201d symtomen av sig sj\u00e4lva , och vi lugnas ner. Detta \u00e4r den f\u00f6ryngrande effekten ashwagandha har.<\/p>\n<p>&nbsp;<\/p>\n<p><img loading=\"lazy\" class=\"alignnone size-full wp-image-245\" src=\"\/\/www.alchemillasapotek.com\/wp-content\/uploads\/2016\/11\/SST-Sulphur.png\" alt=\"Sulphur\" width=\"40\" height=\"40\" \/><\/p>\n<p>Ashwagandha \u00e4r otroligt behj\u00e4lplig f\u00f6r den som g\u00e5tt in i v\u00e4ggen eller br\u00e4nts ut, och kan fungera som en hj\u00e4lp att komma tillbaka efter en tids sjukdom. (Kombineras v\u00e4ldigt bra med mj\u00f6lkig havre.)<\/p>\n<p>Det \u00e4r en av de mest k\u00e4nda ayurvediska \u00f6rterna och f\u00f6rst\u00e4rker v\u00e5r f\u00f6rm\u00e5ga att tillgodog\u00f6ra oss vila och s\u00f6mn.<\/p>\n<p>&nbsp;&hellip; <a class=\"kt-excerpt-readmore\" href=\"http:\/\/www.alchemillasapotek.com\/sv\/water\/whitania-somnifera\/\" aria-label=\"Ashwagandha\">Read More<\/a><\/p>\n","protected":false},"featured_media":430,"comment_status":"closed","ping_status":"closed","template":"","meta":[],"product_cat":[6,14],"product_tag":[57,192,10,188,196,193,194,187,195,59,33,191],"yoast_head":"<!-- This site is optimized with the Yoast SEO plugin v18.4.1 - https:\/\/yoast.com\/wordpress\/plugins\/seo\/ -->\n<title>Ashwagandha ~ Alchemillas Apotek<\/title>\n<meta name=\"description\" content=\"Alchemillas Apotek: spagyric tinctures, hydrosols, services, and formulas. Please contact us for more information.\" \/>\n<meta name=\"robots\" content=\"index, follow, max-snippet:-1, max-image-preview:large, max-video-preview:-1\" \/>\n<link rel=\"canonical\" href=\"http:\/\/www.alchemillasapotek.com\/water\/whitania-somnifera\/\" \/>\n<meta property=\"og:locale\" content=\"en_US\" \/>\n<meta property=\"og:type\" content=\"article\" \/>\n<meta property=\"og:title\" content=\"Ashwagandha ~ Alchemillas Apotek\" \/>\n<meta property=\"og:description\" content=\"Alchemillas Apotek: spagyric tinctures, hydrosols, services, and formulas. Please contact us for more information.\" \/>\n<meta property=\"og:url\" content=\"http:\/\/www.alchemillasapotek.com\/water\/whitania-somnifera\/\" \/>\n<meta property=\"og:site_name\" content=\"Alchemillas Apotek\" \/>\n<meta property=\"article:publisher\" content=\"https:\/\/www.facebook.com\/AlchemillasApotek\/\" \/>\n<meta property=\"article:modified_time\" content=\"2017-01-14T15:06:58+00:00\" \/>\n<meta property=\"og:image\" content=\"http:\/\/www.alchemillasapotek.com\/wp-content\/uploads\/2016\/11\/IMG_1688-e1480320275891.jpg\" \/>\n\t<meta property=\"og:image:width\" content=\"1200\" \/>\n\t<meta property=\"og:image:height\" content=\"1200\" \/>\n\t<meta property=\"og:image:type\" content=\"image\/jpeg\" \/>\n<meta name=\"twitter:card\" content=\"summary\" \/>\n<meta name=\"twitter:site\" content=\"@lisajeannin\" \/>\n<script type=\"application\/ld+json\" class=\"yoast-schema-graph\">{\"@context\":\"https:\/\/schema.org\",\"@graph\":[{\"@type\":\"Organization\",\"@id\":\"http:\/\/www.alchemillasapotek.com\/#organization\",\"name\":\"Alchemillas Apotek\",\"url\":\"http:\/\/www.alchemillasapotek.com\/\",\"sameAs\":[\"https:\/\/www.facebook.com\/AlchemillasApotek\/\",\"https:\/\/www.instagram.com\/alchemillasapotek\/\",\"https:\/\/twitter.com\/lisajeannin\"],\"logo\":{\"@type\":\"ImageObject\",\"@id\":\"http:\/\/www.alchemillasapotek.com\/#logo\",\"inLanguage\":\"sv-SV\",\"url\":\"https:\/\/www.alchemillasapotek.com\/wp-content\/uploads\/2016\/11\/Logo-AlchemillasApotek-homepage.png\",\"contentUrl\":\"https:\/\/www.alchemillasapotek.com\/wp-content\/uploads\/2016\/11\/Logo-AlchemillasApotek-homepage.png\",\"width\":592,\"height\":580,\"caption\":\"Alchemillas Apotek\"},\"image\":{\"@id\":\"http:\/\/www.alchemillasapotek.com\/#logo\"}},{\"@type\":\"WebSite\",\"@id\":\"http:\/\/www.alchemillasapotek.com\/#website\",\"url\":\"http:\/\/www.alchemillasapotek.com\/\",\"name\":\"Alchemillas Apotek\",\"description\":\"Spagyric Tinctures &amp; Initiatic Plantmedicine for vibrant health and spiritual evolution.\",\"publisher\":{\"@id\":\"http:\/\/www.alchemillasapotek.com\/#organization\"},\"potentialAction\":[{\"@type\":\"SearchAction\",\"target\":{\"@type\":\"EntryPoint\",\"urlTemplate\":\"http:\/\/www.alchemillasapotek.com\/?s={search_term_string}\"},\"query-input\":\"required name=search_term_string\"}],\"inLanguage\":\"sv-SV\"},{\"@type\":\"ImageObject\",\"@id\":\"http:\/\/www.alchemillasapotek.com\/water\/whitania-somnifera\/#primaryimage\",\"inLanguage\":\"sv-SV\",\"url\":\"http:\/\/www.alchemillasapotek.com\/wp-content\/uploads\/2016\/11\/IMG_1688-e1480320275891.jpg\",\"contentUrl\":\"http:\/\/www.alchemillasapotek.com\/wp-content\/uploads\/2016\/11\/IMG_1688-e1480320275891.jpg\",\"width\":1200,\"height\":1200,\"caption\":\"Whitania Somnifera\"},{\"@type\":\"WebPage\",\"@id\":\"http:\/\/www.alchemillasapotek.com\/water\/whitania-somnifera\/#webpage\",\"url\":\"http:\/\/www.alchemillasapotek.com\/water\/whitania-somnifera\/\",\"name\":\"Ashwagandha ~ Alchemillas Apotek\",\"isPartOf\":{\"@id\":\"http:\/\/www.alchemillasapotek.com\/#website\"},\"primaryImageOfPage\":{\"@id\":\"http:\/\/www.alchemillasapotek.com\/water\/whitania-somnifera\/#primaryimage\"},\"datePublished\":\"2016-11-28T08:00:52+00:00\",\"dateModified\":\"2017-01-14T15:06:58+00:00\",\"description\":\"Alchemillas Apotek: spagyric tinctures, hydrosols, services, and formulas. Please contact us for more information.\",\"breadcrumb\":{\"@id\":\"http:\/\/www.alchemillasapotek.com\/water\/whitania-somnifera\/#breadcrumb\"},\"inLanguage\":\"sv-SV\",\"potentialAction\":[{\"@type\":\"ReadAction\",\"target\":[\"http:\/\/www.alchemillasapotek.com\/water\/whitania-somnifera\/\"]}]},{\"@type\":\"BreadcrumbList\",\"@id\":\"http:\/\/www.alchemillasapotek.com\/water\/whitania-somnifera\/#breadcrumb\",\"itemListElement\":[{\"@type\":\"ListItem\",\"position\":1,\"name\":\"Home\",\"item\":\"http:\/\/www.alchemillasapotek.com\/\"},{\"@type\":\"ListItem\",\"position\":2,\"name\":\"Water\",\"item\":\"https:\/\/www.alchemillasapotek.com\/water\/\"},{\"@type\":\"ListItem\",\"position\":3,\"name\":\"Ashwagandha\"}]}]}<\/script>\n<!-- \/ Yoast SEO plugin. -->","yoast_head_json":{"title":"Ashwagandha ~ Alchemillas Apotek","description":"Alchemillas Apotek: spagyric tinctures, hydrosols, services, and formulas. Please contact us for more information.","robots":{"index":"index","follow":"follow","max-snippet":"max-snippet:-1","max-image-preview":"max-image-preview:large","max-video-preview":"max-video-preview:-1"},"canonical":"http:\/\/www.alchemillasapotek.com\/water\/whitania-somnifera\/","og_locale":"en_US","og_type":"article","og_title":"Ashwagandha ~ Alchemillas Apotek","og_description":"Alchemillas Apotek: spagyric tinctures, hydrosols, services, and formulas. Please contact us for more information.","og_url":"http:\/\/www.alchemillasapotek.com\/water\/whitania-somnifera\/","og_site_name":"Alchemillas Apotek","article_publisher":"https:\/\/www.facebook.com\/AlchemillasApotek\/","article_modified_time":"2017-01-14T15:06:58+00:00","og_image":[{"width":1200,"height":1200,"url":"http:\/\/www.alchemillasapotek.com\/wp-content\/uploads\/2016\/11\/IMG_1688-e1480320275891.jpg","type":"image\/jpeg"}],"twitter_card":"summary","twitter_site":"@lisajeannin","schema":{"@context":"https:\/\/schema.org","@graph":[{"@type":"Organization","@id":"http:\/\/www.alchemillasapotek.com\/#organization","name":"Alchemillas Apotek","url":"http:\/\/www.alchemillasapotek.com\/","sameAs":["https:\/\/www.facebook.com\/AlchemillasApotek\/","https:\/\/www.instagram.com\/alchemillasapotek\/","https:\/\/twitter.com\/lisajeannin"],"logo":{"@type":"ImageObject","@id":"http:\/\/www.alchemillasapotek.com\/#logo","inLanguage":"sv-SV","url":"https:\/\/www.alchemillasapotek.com\/wp-content\/uploads\/2016\/11\/Logo-AlchemillasApotek-homepage.png","contentUrl":"https:\/\/www.alchemillasapotek.com\/wp-content\/uploads\/2016\/11\/Logo-AlchemillasApotek-homepage.png","width":592,"height":580,"caption":"Alchemillas Apotek"},"image":{"@id":"http:\/\/www.alchemillasapotek.com\/#logo"}},{"@type":"WebSite","@id":"http:\/\/www.alchemillasapotek.com\/#website","url":"http:\/\/www.alchemillasapotek.com\/","name":"Alchemillas Apotek","description":"Spagyric Tinctures &amp; Initiatic Plantmedicine for vibrant health and spiritual evolution.","publisher":{"@id":"http:\/\/www.alchemillasapotek.com\/#organization"},"potentialAction":[{"@type":"SearchAction","target":{"@type":"EntryPoint","urlTemplate":"http:\/\/www.alchemillasapotek.com\/?s={search_term_string}"},"query-input":"required name=search_term_string"}],"inLanguage":"sv-SV"},{"@type":"ImageObject","@id":"http:\/\/www.alchemillasapotek.com\/water\/whitania-somnifera\/#primaryimage","inLanguage":"sv-SV","url":"http:\/\/www.alchemillasapotek.com\/wp-content\/uploads\/2016\/11\/IMG_1688-e1480320275891.jpg","contentUrl":"http:\/\/www.alchemillasapotek.com\/wp-content\/uploads\/2016\/11\/IMG_1688-e1480320275891.jpg","width":1200,"height":1200,"caption":"Whitania Somnifera"},{"@type":"WebPage","@id":"http:\/\/www.alchemillasapotek.com\/water\/whitania-somnifera\/#webpage","url":"http:\/\/www.alchemillasapotek.com\/water\/whitania-somnifera\/","name":"Ashwagandha ~ Alchemillas Apotek","isPartOf":{"@id":"http:\/\/www.alchemillasapotek.com\/#website"},"primaryImageOfPage":{"@id":"http:\/\/www.alchemillasapotek.com\/water\/whitania-somnifera\/#primaryimage"},"datePublished":"2016-11-28T08:00:52+00:00","dateModified":"2017-01-14T15:06:58+00:00","description":"Alchemillas Apotek: spagyric tinctures, hydrosols, services, and formulas. Please contact us for more information.","breadcrumb":{"@id":"http:\/\/www.alchemillasapotek.com\/water\/whitania-somnifera\/#breadcrumb"},"inLanguage":"sv-SV","potentialAction":[{"@type":"ReadAction","target":["http:\/\/www.alchemillasapotek.com\/water\/whitania-somnifera\/"]}]},{"@type":"BreadcrumbList","@id":"http:\/\/www.alchemillasapotek.com\/water\/whitania-somnifera\/#breadcrumb","itemListElement":[{"@type":"ListItem","position":1,"name":"Home","item":"http:\/\/www.alchemillasapotek.com\/"},{"@type":"ListItem","position":2,"name":"Water","item":"https:\/\/www.alchemillasapotek.com\/water\/"},{"@type":"ListItem","position":3,"name":"Ashwagandha"}]}]}},"_links":{"self":[{"href":"http:\/\/www.alchemillasapotek.com\/sv\/wp-json\/wp\/v2\/product\/429"}],"collection":[{"href":"http:\/\/www.alchemillasapotek.com\/sv\/wp-json\/wp\/v2\/product"}],"about":[{"href":"http:\/\/www.alchemillasapotek.com\/sv\/wp-json\/wp\/v2\/types\/product"}],"replies":[{"embeddable":true,"href":"http:\/\/www.alchemillasapotek.com\/sv\/wp-json\/wp\/v2\/comments?post=429"}],"wp:featuredmedia":[{"embeddable":true,"href":"http:\/\/www.alchemillasapotek.com\/sv\/wp-json\/wp\/v2\/media\/430"}],"wp:attachment":[{"href":"http:\/\/www.alchemillasapotek.com\/sv\/wp-json\/wp\/v2\/media?parent=429"}],"wp:term":[{"taxonomy":"product_cat","embeddable":true,"href":"http:\/\/www.alchemillasapotek.com\/sv\/wp-json\/wp\/v2\/product_cat?post=429"},{"taxonomy":"product_tag","embeddable":true,"href":"http:\/\/www.alchemillasapotek.com\/sv\/wp-json\/wp\/v2\/product_tag?post=429"}],"curies":[{"name":"wp","href":"https:\/\/api.w.org\/{rel}","templated":true}]}}