{"id":432,"date":"2016-11-28T08:54:37","date_gmt":"2016-11-28T08:54:37","guid":{"rendered":"http:\/\/www.alchemillasapotek.com\/water-2\/singularspagyrictinctures\/leonurus-cardiaca\/"},"modified":"2017-01-14T15:08:52","modified_gmt":"2017-01-14T15:08:52","slug":"leonurus-cardiaca","status":"publish","type":"product","link":"http:\/\/www.alchemillasapotek.com\/sv\/water\/leonurus-cardiaca\/","title":{"rendered":"Hj\u00e4rtstilla"},"content":{"rendered":"<h5>Spagyrisk tinktur av Leonurus Cardiaca.<\/h5>\n<p>Kontraindikationer: Detta elixir ska anv\u00e4ndas sparsamt i l\u00e5g dos, 3-5 droppar i lite varmt vatten eller direkt p\u00e5 tungan.<\/p>\n<p>Anv\u00e4nd ej om du tar receptbelagd hj\u00e4rt- eller blodtrycksmedicin.<\/p>\n<p>Anv\u00e4nd inte vid graviditet f\u00f6rutom under f\u00f6rlossningen och efter\u00e5t.<\/p>\n<hr \/>\n<h5>I carry your heart<\/h5>\n<p>i carry your heart with me (i carry it in<br \/>\nmy heart) i am never without it (anywhere<br \/>\ni go you go, my dear; and whatever is done<br \/>\nby only me is your doing, my darling)<\/p>\n<p>i fear<br \/>\nno fate (for you are my fate, my sweet) i want<br \/>\nno world (for beautiful you are my world, my true)<br \/>\nand it&#8217;s you are whatever a moon has always meant<br \/>\nand whatever a sun will always sing is you<\/p>\n<p>here is the deepest secret nobody knows<br \/>\n(here is the root of the root and the bud of the bud<br \/>\nand the sky of the sky of a tree called life; which grows<br \/>\nhigher than soul can hope or mind can hide)<br \/>\nand this is the wonder that&#8217;s keeping the stars apart<\/p>\n<p>i carry your heart (i carry it in my heart)<\/p>\n<blockquote><p>&#8211; E E Cummings<\/p><\/blockquote>\n<p><img loading=\"lazy\" class=\"alignnone size-full wp-image-435\" src=\"\/\/www.alchemillasapotek.com\/wp-content\/uploads\/2016\/11\/hjartstilla.jpg\" alt=\"Leonurus Cardiaca\" width=\"645\" height=\"681\" srcset=\"http:\/\/www.alchemillasapotek.com\/wp-content\/uploads\/2016\/11\/hjartstilla.jpg 645w, http:\/\/www.alchemillasapotek.com\/wp-content\/uploads\/2016\/11\/hjartstilla-436x460.jpg 436w, http:\/\/www.alchemillasapotek.com\/wp-content\/uploads\/2016\/11\/hjartstilla-379x400.jpg 379w\" sizes=\"(max-width: 645px) 100vw, 645px\" \/>","protected":false},"excerpt":{"rendered":"<blockquote><p>\u201cDet kr\u00e4ver mod att v\u00e4xa upp att bli den du verkligen \u00e4r.\u201d \u2013 E.E. Cummings<\/p><\/blockquote>\n<p><img loading=\"lazy\" class=\"alignnone size-full wp-image-244\" src=\"\/\/www.alchemillasapotek.com\/wp-content\/uploads\/2016\/11\/SST-Salt.png\" alt=\"Salt\" width=\"40\" height=\"40\" \/><\/p>\n<p>Hj\u00e4rtstilla st\u00f6djer det fysiska och det emotionella hj\u00e4rtat, det centrala nervsystemet samt livmodern och de kvinnliga reproduktionsorganen. Hj\u00e4rtstilla kan f\u00e5 f\u00f6rsenad mens att komma ig\u00e5ng och lindrar menssm\u00e4rta, kramp, PMS och f\u00f6rlossningssm\u00e4rtor.<\/p>\n<p><img loading=\"lazy\" class=\"alignnone size-full wp-image-223\" src=\"\/\/www.alchemillasapotek.com\/wp-content\/uploads\/2016\/11\/SST-Mercury.png\" alt=\"Mercury\" width=\"38\" height=\"50\" \/><\/p>\n<p>Hj\u00e4rtstilla lindrar \u00e5ngest som k\u00e4nns i hj\u00e4rtat och yttrar sig i kramp eller hj\u00e4rtklappning.<\/p>\n<p><img loading=\"lazy\" class=\"alignnone size-full wp-image-245\" src=\"\/\/www.alchemillasapotek.com\/wp-content\/uploads\/2016\/11\/SST-Sulphur.png\" alt=\"Sulphur\" width=\"40\" height=\"40\" \/><\/p>\n<p>Hj\u00e4rtstilla representerar det heligt feminina, Den Stora Modern. Hon vill skapa ett f\u00f6rbund mellan oss alla (\u00e4ven m\u00e4nnen) med det heligt femininas energi. Att visa mod, att ha ett \u00f6ppet hj\u00e4rta, att kunna ge och ta emot k\u00e4rlek. Hj\u00e4rtstilla har mycket med mod att g\u00f6ra och vad moderskapets essens faktiskt handlar om.&hellip; <a class=\"kt-excerpt-readmore\" href=\"http:\/\/www.alchemillasapotek.com\/sv\/water\/leonurus-cardiaca\/\" aria-label=\"Hj\u00e4rtstilla\">Read More<\/a><\/p>\n","protected":false},"featured_media":434,"comment_status":"closed","ping_status":"closed","template":"","meta":[],"product_cat":[6,13],"product_tag":[200,201,203,199,197,204,198,77,33,122,202],"yoast_head":"<!-- This site is optimized with the Yoast SEO plugin v18.4.1 - https:\/\/yoast.com\/wordpress\/plugins\/seo\/ -->\n<title>Hj\u00e4rtstilla ~ Alchemillas Apotek<\/title>\n<meta name=\"description\" content=\"Alchemillas Apotek: spagyric tinctures, hydrosols, services, and formulas. Please contact us for more information.\" \/>\n<meta name=\"robots\" content=\"index, follow, max-snippet:-1, max-image-preview:large, max-video-preview:-1\" \/>\n<link rel=\"canonical\" href=\"http:\/\/www.alchemillasapotek.com\/sv\/water\/leonurus-cardiaca\/\" \/>\n<meta property=\"og:locale\" content=\"en_US\" \/>\n<meta property=\"og:type\" content=\"article\" \/>\n<meta property=\"og:title\" content=\"[:en]Motherwort[:sv]Hj\u00e4rtstilla[:] ~ Alchemillas Apotek\" \/>\n<meta property=\"og:description\" content=\"Alchemillas Apotek: spagyric tinctures, hydrosols, services, and formulas. Please contact us for more information.\" \/>\n<meta property=\"og:url\" content=\"http:\/\/www.alchemillasapotek.com\/sv\/water\/leonurus-cardiaca\/\" \/>\n<meta property=\"og:site_name\" content=\"Alchemillas Apotek\" \/>\n<meta property=\"article:publisher\" content=\"https:\/\/www.facebook.com\/AlchemillasApotek\/\" \/>\n<meta property=\"article:modified_time\" content=\"2017-01-14T15:08:52+00:00\" \/>\n<meta property=\"og:image\" content=\"http:\/\/www.alchemillasapotek.com\/wp-content\/uploads\/2016\/11\/IMG_1728-e1480323667445.jpg\" \/>\n\t<meta property=\"og:image:width\" content=\"1200\" \/>\n\t<meta property=\"og:image:height\" content=\"1200\" \/>\n\t<meta property=\"og:image:type\" content=\"image\/jpeg\" \/>\n<meta name=\"twitter:card\" content=\"summary\" \/>\n<meta name=\"twitter:site\" content=\"@lisajeannin\" \/>\n<meta name=\"twitter:label1\" content=\"Est. reading time\" \/>\n\t<meta name=\"twitter:data1\" content=\"2 minutes\" \/>\n<script type=\"application\/ld+json\" class=\"yoast-schema-graph\">{\"@context\":\"https:\/\/schema.org\",\"@graph\":[{\"@type\":\"Organization\",\"@id\":\"http:\/\/www.alchemillasapotek.com\/#organization\",\"name\":\"Alchemillas Apotek\",\"url\":\"http:\/\/www.alchemillasapotek.com\/\",\"sameAs\":[\"https:\/\/www.facebook.com\/AlchemillasApotek\/\",\"https:\/\/www.instagram.com\/alchemillasapotek\/\",\"https:\/\/twitter.com\/lisajeannin\"],\"logo\":{\"@type\":\"ImageObject\",\"@id\":\"http:\/\/www.alchemillasapotek.com\/#logo\",\"inLanguage\":\"sv-SV\",\"url\":\"https:\/\/www.alchemillasapotek.com\/wp-content\/uploads\/2016\/11\/Logo-AlchemillasApotek-homepage.png\",\"contentUrl\":\"https:\/\/www.alchemillasapotek.com\/wp-content\/uploads\/2016\/11\/Logo-AlchemillasApotek-homepage.png\",\"width\":592,\"height\":580,\"caption\":\"Alchemillas Apotek\"},\"image\":{\"@id\":\"http:\/\/www.alchemillasapotek.com\/#logo\"}},{\"@type\":\"WebSite\",\"@id\":\"http:\/\/www.alchemillasapotek.com\/#website\",\"url\":\"http:\/\/www.alchemillasapotek.com\/\",\"name\":\"Alchemillas Apotek\",\"description\":\"Spagyric Tinctures &amp; Initiatic Plantmedicine for vibrant health and spiritual evolution.\",\"publisher\":{\"@id\":\"http:\/\/www.alchemillasapotek.com\/#organization\"},\"potentialAction\":[{\"@type\":\"SearchAction\",\"target\":{\"@type\":\"EntryPoint\",\"urlTemplate\":\"http:\/\/www.alchemillasapotek.com\/?s={search_term_string}\"},\"query-input\":\"required name=search_term_string\"}],\"inLanguage\":\"sv-SV\"},{\"@type\":\"ImageObject\",\"@id\":\"http:\/\/www.alchemillasapotek.com\/sv\/water\/leonurus-cardiaca\/#primaryimage\",\"inLanguage\":\"sv-SV\",\"url\":\"http:\/\/www.alchemillasapotek.com\/wp-content\/uploads\/2016\/11\/IMG_1728-e1480323667445.jpg\",\"contentUrl\":\"http:\/\/www.alchemillasapotek.com\/wp-content\/uploads\/2016\/11\/IMG_1728-e1480323667445.jpg\",\"width\":1200,\"height\":1200,\"caption\":\"Leonurus Cardiaca\"},{\"@type\":\"WebPage\",\"@id\":\"http:\/\/www.alchemillasapotek.com\/sv\/water\/leonurus-cardiaca\/#webpage\",\"url\":\"http:\/\/www.alchemillasapotek.com\/sv\/water\/leonurus-cardiaca\/\",\"name\":\"[:en]Motherwort[:sv]Hj\u00e4rtstilla[:] ~ Alchemillas Apotek\",\"isPartOf\":{\"@id\":\"http:\/\/www.alchemillasapotek.com\/#website\"},\"primaryImageOfPage\":{\"@id\":\"http:\/\/www.alchemillasapotek.com\/sv\/water\/leonurus-cardiaca\/#primaryimage\"},\"datePublished\":\"2016-11-28T08:54:37+00:00\",\"dateModified\":\"2017-01-14T15:08:52+00:00\",\"description\":\"Alchemillas Apotek: spagyric tinctures, hydrosols, services, and formulas. Please contact us for more information.\",\"breadcrumb\":{\"@id\":\"http:\/\/www.alchemillasapotek.com\/sv\/water\/leonurus-cardiaca\/#breadcrumb\"},\"inLanguage\":\"sv-SV\",\"potentialAction\":[{\"@type\":\"ReadAction\",\"target\":[\"http:\/\/www.alchemillasapotek.com\/sv\/water\/leonurus-cardiaca\/\"]}]},{\"@type\":\"BreadcrumbList\",\"@id\":\"http:\/\/www.alchemillasapotek.com\/sv\/water\/leonurus-cardiaca\/#breadcrumb\",\"itemListElement\":[{\"@type\":\"ListItem\",\"position\":1,\"name\":\"Home\",\"item\":\"http:\/\/www.alchemillasapotek.com\/\"},{\"@type\":\"ListItem\",\"position\":2,\"name\":\"Water\",\"item\":\"https:\/\/www.alchemillasapotek.com\/water\/\"},{\"@type\":\"ListItem\",\"position\":3,\"name\":\"Hj\u00e4rtstilla\"}]}]}<\/script>\n<!-- \/ Yoast SEO plugin. -->","yoast_head_json":{"title":"[:en]Motherwort[:sv]Hj\u00e4rtstilla[:] ~ Alchemillas Apotek","description":"Alchemillas Apotek: spagyric tinctures, hydrosols, services, and formulas. Please contact us for more information.","robots":{"index":"index","follow":"follow","max-snippet":"max-snippet:-1","max-image-preview":"max-image-preview:large","max-video-preview":"max-video-preview:-1"},"canonical":"http:\/\/www.alchemillasapotek.com\/sv\/water\/leonurus-cardiaca\/","og_locale":"en_US","og_type":"article","og_title":"[:en]Motherwort[:sv]Hj\u00e4rtstilla[:] ~ Alchemillas Apotek","og_description":"Alchemillas Apotek: spagyric tinctures, hydrosols, services, and formulas. Please contact us for more information.","og_url":"http:\/\/www.alchemillasapotek.com\/sv\/water\/leonurus-cardiaca\/","og_site_name":"Alchemillas Apotek","article_publisher":"https:\/\/www.facebook.com\/AlchemillasApotek\/","article_modified_time":"2017-01-14T15:08:52+00:00","og_image":[{"width":1200,"height":1200,"url":"http:\/\/www.alchemillasapotek.com\/wp-content\/uploads\/2016\/11\/IMG_1728-e1480323667445.jpg","type":"image\/jpeg"}],"twitter_card":"summary","twitter_site":"@lisajeannin","twitter_misc":{"Est. reading time":"2 minutes"},"schema":{"@context":"https:\/\/schema.org","@graph":[{"@type":"Organization","@id":"http:\/\/www.alchemillasapotek.com\/#organization","name":"Alchemillas Apotek","url":"http:\/\/www.alchemillasapotek.com\/","sameAs":["https:\/\/www.facebook.com\/AlchemillasApotek\/","https:\/\/www.instagram.com\/alchemillasapotek\/","https:\/\/twitter.com\/lisajeannin"],"logo":{"@type":"ImageObject","@id":"http:\/\/www.alchemillasapotek.com\/#logo","inLanguage":"sv-SV","url":"https:\/\/www.alchemillasapotek.com\/wp-content\/uploads\/2016\/11\/Logo-AlchemillasApotek-homepage.png","contentUrl":"https:\/\/www.alchemillasapotek.com\/wp-content\/uploads\/2016\/11\/Logo-AlchemillasApotek-homepage.png","width":592,"height":580,"caption":"Alchemillas Apotek"},"image":{"@id":"http:\/\/www.alchemillasapotek.com\/#logo"}},{"@type":"WebSite","@id":"http:\/\/www.alchemillasapotek.com\/#website","url":"http:\/\/www.alchemillasapotek.com\/","name":"Alchemillas Apotek","description":"Spagyric Tinctures &amp; Initiatic Plantmedicine for vibrant health and spiritual evolution.","publisher":{"@id":"http:\/\/www.alchemillasapotek.com\/#organization"},"potentialAction":[{"@type":"SearchAction","target":{"@type":"EntryPoint","urlTemplate":"http:\/\/www.alchemillasapotek.com\/?s={search_term_string}"},"query-input":"required name=search_term_string"}],"inLanguage":"sv-SV"},{"@type":"ImageObject","@id":"http:\/\/www.alchemillasapotek.com\/sv\/water\/leonurus-cardiaca\/#primaryimage","inLanguage":"sv-SV","url":"http:\/\/www.alchemillasapotek.com\/wp-content\/uploads\/2016\/11\/IMG_1728-e1480323667445.jpg","contentUrl":"http:\/\/www.alchemillasapotek.com\/wp-content\/uploads\/2016\/11\/IMG_1728-e1480323667445.jpg","width":1200,"height":1200,"caption":"Leonurus Cardiaca"},{"@type":"WebPage","@id":"http:\/\/www.alchemillasapotek.com\/sv\/water\/leonurus-cardiaca\/#webpage","url":"http:\/\/www.alchemillasapotek.com\/sv\/water\/leonurus-cardiaca\/","name":"[:en]Motherwort[:sv]Hj\u00e4rtstilla[:] ~ Alchemillas Apotek","isPartOf":{"@id":"http:\/\/www.alchemillasapotek.com\/#website"},"primaryImageOfPage":{"@id":"http:\/\/www.alchemillasapotek.com\/sv\/water\/leonurus-cardiaca\/#primaryimage"},"datePublished":"2016-11-28T08:54:37+00:00","dateModified":"2017-01-14T15:08:52+00:00","description":"Alchemillas Apotek: spagyric tinctures, hydrosols, services, and formulas. Please contact us for more information.","breadcrumb":{"@id":"http:\/\/www.alchemillasapotek.com\/sv\/water\/leonurus-cardiaca\/#breadcrumb"},"inLanguage":"sv-SV","potentialAction":[{"@type":"ReadAction","target":["http:\/\/www.alchemillasapotek.com\/sv\/water\/leonurus-cardiaca\/"]}]},{"@type":"BreadcrumbList","@id":"http:\/\/www.alchemillasapotek.com\/sv\/water\/leonurus-cardiaca\/#breadcrumb","itemListElement":[{"@type":"ListItem","position":1,"name":"Home","item":"http:\/\/www.alchemillasapotek.com\/"},{"@type":"ListItem","position":2,"name":"Water","item":"https:\/\/www.alchemillasapotek.com\/water\/"},{"@type":"ListItem","position":3,"name":"Hj\u00e4rtstilla"}]}]}},"_links":{"self":[{"href":"http:\/\/www.alchemillasapotek.com\/sv\/wp-json\/wp\/v2\/product\/432"}],"collection":[{"href":"http:\/\/www.alchemillasapotek.com\/sv\/wp-json\/wp\/v2\/product"}],"about":[{"href":"http:\/\/www.alchemillasapotek.com\/sv\/wp-json\/wp\/v2\/types\/product"}],"replies":[{"embeddable":true,"href":"http:\/\/www.alchemillasapotek.com\/sv\/wp-json\/wp\/v2\/comments?post=432"}],"wp:featuredmedia":[{"embeddable":true,"href":"http:\/\/www.alchemillasapotek.com\/sv\/wp-json\/wp\/v2\/media\/434"}],"wp:attachment":[{"href":"http:\/\/www.alchemillasapotek.com\/sv\/wp-json\/wp\/v2\/media?parent=432"}],"wp:term":[{"taxonomy":"product_cat","embeddable":true,"href":"http:\/\/www.alchemillasapotek.com\/sv\/wp-json\/wp\/v2\/product_cat?post=432"},{"taxonomy":"product_tag","embeddable":true,"href":"http:\/\/www.alchemillasapotek.com\/sv\/wp-json\/wp\/v2\/product_tag?post=432"}],"curies":[{"name":"wp","href":"https:\/\/api.w.org\/{rel}","templated":true}]}}