{"id":433,"date":"2016-11-28T08:55:23","date_gmt":"2016-11-28T08:55:23","guid":{"rendered":"http:\/\/www.alchemillasapotek.com\/water-2\/singularspagyrictinctures\/achillea-millefolium\/"},"modified":"2017-01-14T15:10:17","modified_gmt":"2017-01-14T15:10:17","slug":"achillea-millefolium","status":"publish","type":"product","link":"http:\/\/www.alchemillasapotek.com\/sv\/water\/achillea-millefolium\/","title":{"rendered":"R\u00f6lleka"},"content":{"rendered":"<h5>Spagyrisk tinktur av Achillea Millefolium.<\/h5>\n<p>Ta 7 droppar direkt p\u00e5 tungan eller i lite varmt vatten vid behov. Anv\u00e4nd sparsamt vid graviditet.<\/p>\n<p><img loading=\"lazy\" class=\"alignnone size-full wp-image-436\" src=\"\/\/www.alchemillasapotek.com\/wp-content\/uploads\/2016\/11\/ro\u0308lleka.jpg\" alt=\"Achillea Millefolium\" width=\"960\" height=\"960\" srcset=\"http:\/\/www.alchemillasapotek.com\/wp-content\/uploads\/2016\/11\/ro\u0308lleka.jpg 960w, http:\/\/www.alchemillasapotek.com\/wp-content\/uploads\/2016\/11\/ro\u0308lleka-300x300.jpg 300w, http:\/\/www.alchemillasapotek.com\/wp-content\/uploads\/2016\/11\/ro\u0308lleka-100x100.jpg 100w, http:\/\/www.alchemillasapotek.com\/wp-content\/uploads\/2016\/11\/ro\u0308lleka-456x456.jpg 456w, http:\/\/www.alchemillasapotek.com\/wp-content\/uploads\/2016\/11\/ro\u0308lleka-220x220.jpg 220w, http:\/\/www.alchemillasapotek.com\/wp-content\/uploads\/2016\/11\/ro\u0308lleka-460x460.jpg 460w, http:\/\/www.alchemillasapotek.com\/wp-content\/uploads\/2016\/11\/ro\u0308lleka-768x768.jpg 768w, http:\/\/www.alchemillasapotek.com\/wp-content\/uploads\/2016\/11\/ro\u0308lleka-400x400.jpg 400w\" sizes=\"(max-width: 960px) 100vw, 960px\" \/> <img loading=\"lazy\" class=\"alignnone size-large wp-image-438\" src=\"\/\/www.alchemillasapotek.com\/wp-content\/uploads\/2016\/11\/yarrow2-1024x994.jpg\" alt=\"Achillea Millefolium\" width=\"1024\" height=\"994\" srcset=\"http:\/\/www.alchemillasapotek.com\/wp-content\/uploads\/2016\/11\/yarrow2-1024x994.jpg 1024w, http:\/\/www.alchemillasapotek.com\/wp-content\/uploads\/2016\/11\/yarrow2-460x446.jpg 460w, http:\/\/www.alchemillasapotek.com\/wp-content\/uploads\/2016\/11\/yarrow2-768x745.jpg 768w, http:\/\/www.alchemillasapotek.com\/wp-content\/uploads\/2016\/11\/yarrow2-400x388.jpg 400w, http:\/\/www.alchemillasapotek.com\/wp-content\/uploads\/2016\/11\/yarrow2.jpg 1629w\" sizes=\"(max-width: 1024px) 100vw, 1024px\" \/> <img loading=\"lazy\" class=\"alignnone size-large wp-image-439\" src=\"\/\/www.alchemillasapotek.com\/wp-content\/uploads\/2016\/11\/yarrow-1024x1024.jpg\" alt=\"Achillea Millefolium\" width=\"1024\" height=\"1024\" \/>","protected":false},"excerpt":{"rendered":"<h5>Den s\u00e5rade krigaren \/ Den s\u00e5rade helaren<\/h5>\n<p><img loading=\"lazy\" class=\"alignnone size-full wp-image-244\" src=\"\/\/www.alchemillasapotek.com\/wp-content\/uploads\/2016\/11\/SST-Salt.png\" alt=\"Salt\" width=\"40\" height=\"40\" \/><\/p>\n<p>R\u00f6lleka \u00e4r b\u00e5de bra vid feber och f\u00f6r matsm\u00e4ltningen. Man har anv\u00e4nt den f\u00f6r att l\u00e4ka s\u00e5r sedan urminnes tider. Eftersom r\u00f6lleka har med blodet och bl\u00f6dande att g\u00f6ra \u00e4r det \u00e4ven en kvinno\u00f6rt. Den verkar \u00e5t b\u00e5da h\u00e5ll, att stilla blod och f\u00e5 fart p\u00e5 blodfl\u00f6det. D\u00e4rf\u00f6r reglerar den s\u00e5 att man bl\u00f6der lagom mycket n\u00e4r man har mens. Den \u00e4r \u00e4ven bra vid oregelbunden mens, rastl\u00f6shet hos kvinnor i klimakteriet och vid \u00e4ggstocksinflammation.<\/p>\n<p>R\u00f6lleka \u00e4r bra vid bl\u00f6dande hemmorojder.<\/p>\n<p>&nbsp;<\/p>\n<p><img loading=\"lazy\" class=\"alignnone size-full wp-image-223\" src=\"\/\/www.alchemillasapotek.com\/wp-content\/uploads\/2016\/11\/SST-Mercury.png\" alt=\"Mercury\" width=\"38\" height=\"50\" \/><\/p>\n<p>R\u00f6lleka b\u00e5de d\u00e4mpar sm\u00e4rta och h\u00f6jer medvetandet. P\u00e5 ett liknande vis stillar den och skapar bl\u00f6dning. Just denna typ av paradox \u00e4r vanlig i v\u00e4xtmedecin.<\/p>\n<p><img loading=\"lazy\" class=\"alignnone size-full wp-image-245\" src=\"\/\/www.alchemillasapotek.com\/wp-content\/uploads\/2016\/11\/SST-Sulphur.png\" alt=\"Sulphur\" width=\"40\" height=\"40\" \/><\/p>\n<p>Det h\u00e4r \u00e4r krigarens medecin. P\u00e5 latin uppkallad efter den od\u00f6dlige krigaren i grekisk mytologi, med undantaget av hans svaga punkt (Akillesh\u00e4len) ger oss r\u00f6llekan modet att m\u00f6ta v\u00e5ra egna svagheter. R\u00f6llekan hittar dessa svaga punkter och g\u00e5r in och st\u00e4rker dem och transformerar dem till styrkor och g\u00e5vor. Detta reflekteras \u00e4ven i myten om Chiron, den s\u00e5rade helaren. F\u00f6reningen av paradoxerna, f\u00f6reningen mellan det feminina och maskulina (venus: livmodern och de kvinliga reproduktionsorganen och mars: blod, feber, immunf\u00f6rsvaret) Transmutationen fr\u00e5n krigare till helare. R\u00f6llekans hemlighet \u00e4r att den l\u00e4ker sj\u00e4lens s\u00e5r. Det \u00e4r n\u00e4r vi l\u00e4ker de innersta sj\u00e4lsliga s\u00e5ren vi helas p\u00e5 ett djupare plan.&hellip; <a class=\"kt-excerpt-readmore\" href=\"http:\/\/www.alchemillasapotek.com\/sv\/water\/achillea-millefolium\/\" aria-label=\"R\u00f6lleka\">Read More<\/a><\/p>\n","protected":false},"featured_media":437,"comment_status":"closed","ping_status":"closed","template":"","meta":[],"product_cat":[6,15,13],"product_tag":[205,210,208,212,72,209,207,122,211,206],"yoast_head":"<!-- This site is optimized with the Yoast SEO plugin v18.4.1 - https:\/\/yoast.com\/wordpress\/plugins\/seo\/ -->\n<title>R\u00f6lleka ~ Alchemillas Apotek<\/title>\n<meta name=\"description\" content=\"Alchemillas Apotek: spagyric tinctures, hydrosols, services, and formulas. Please contact us for more information.\" \/>\n<meta name=\"robots\" content=\"index, follow, max-snippet:-1, max-image-preview:large, max-video-preview:-1\" \/>\n<link rel=\"canonical\" href=\"https:\/\/www.alchemillasapotek.com\/water\/achillea-millefolium\/\" \/>\n<meta property=\"og:locale\" content=\"en_US\" \/>\n<meta property=\"og:type\" content=\"article\" \/>\n<meta property=\"og:title\" content=\"[:en]Yarrow[:sv]R\u00f6lleka[:] ~ Alchemillas Apotek\" \/>\n<meta property=\"og:description\" content=\"Alchemillas Apotek: spagyric tinctures, hydrosols, services, and formulas. Please contact us for more information.\" \/>\n<meta property=\"og:url\" content=\"https:\/\/www.alchemillasapotek.com\/water\/achillea-millefolium\/\" \/>\n<meta property=\"og:site_name\" content=\"Alchemillas Apotek\" \/>\n<meta property=\"article:publisher\" content=\"https:\/\/www.facebook.com\/AlchemillasApotek\/\" \/>\n<meta property=\"article:modified_time\" content=\"2017-01-14T15:10:17+00:00\" \/>\n<meta property=\"og:image\" content=\"https:\/\/www.alchemillasapotek.com\/wp-content\/uploads\/2016\/11\/IMG_1726-e1480323940517.jpg\" \/>\n\t<meta property=\"og:image:width\" content=\"1200\" \/>\n\t<meta property=\"og:image:height\" content=\"1200\" \/>\n\t<meta property=\"og:image:type\" content=\"image\/jpeg\" \/>\n<meta name=\"twitter:card\" content=\"summary\" \/>\n<meta name=\"twitter:site\" content=\"@lisajeannin\" \/>\n<script type=\"application\/ld+json\" class=\"yoast-schema-graph\">{\"@context\":\"https:\/\/schema.org\",\"@graph\":[{\"@type\":\"Organization\",\"@id\":\"https:\/\/www.alchemillasapotek.com\/#organization\",\"name\":\"Alchemillas Apotek\",\"url\":\"https:\/\/www.alchemillasapotek.com\/\",\"sameAs\":[\"https:\/\/www.facebook.com\/AlchemillasApotek\/\",\"https:\/\/www.instagram.com\/alchemillasapotek\/\",\"https:\/\/twitter.com\/lisajeannin\"],\"logo\":{\"@type\":\"ImageObject\",\"@id\":\"https:\/\/www.alchemillasapotek.com\/#logo\",\"inLanguage\":\"sv-SV\",\"url\":\"https:\/\/www.alchemillasapotek.com\/wp-content\/uploads\/2016\/11\/Logo-AlchemillasApotek-homepage.png\",\"contentUrl\":\"https:\/\/www.alchemillasapotek.com\/wp-content\/uploads\/2016\/11\/Logo-AlchemillasApotek-homepage.png\",\"width\":592,\"height\":580,\"caption\":\"Alchemillas Apotek\"},\"image\":{\"@id\":\"https:\/\/www.alchemillasapotek.com\/#logo\"}},{\"@type\":\"WebSite\",\"@id\":\"https:\/\/www.alchemillasapotek.com\/#website\",\"url\":\"https:\/\/www.alchemillasapotek.com\/\",\"name\":\"Alchemillas Apotek\",\"description\":\"Spagyric Tinctures &amp; Initiatic Plantmedicine for vibrant health and spiritual evolution.\",\"publisher\":{\"@id\":\"https:\/\/www.alchemillasapotek.com\/#organization\"},\"potentialAction\":[{\"@type\":\"SearchAction\",\"target\":{\"@type\":\"EntryPoint\",\"urlTemplate\":\"https:\/\/www.alchemillasapotek.com\/?s={search_term_string}\"},\"query-input\":\"required name=search_term_string\"}],\"inLanguage\":\"sv-SV\"},{\"@type\":\"ImageObject\",\"@id\":\"https:\/\/www.alchemillasapotek.com\/water\/achillea-millefolium\/#primaryimage\",\"inLanguage\":\"sv-SV\",\"url\":\"http:\/\/www.alchemillasapotek.com\/wp-content\/uploads\/2016\/11\/IMG_1726-e1480323940517.jpg\",\"contentUrl\":\"http:\/\/www.alchemillasapotek.com\/wp-content\/uploads\/2016\/11\/IMG_1726-e1480323940517.jpg\",\"width\":1200,\"height\":1200,\"caption\":\"Achillea Millefolium\"},{\"@type\":\"WebPage\",\"@id\":\"https:\/\/www.alchemillasapotek.com\/water\/achillea-millefolium\/#webpage\",\"url\":\"https:\/\/www.alchemillasapotek.com\/water\/achillea-millefolium\/\",\"name\":\"[:en]Yarrow[:sv]R\u00f6lleka[:] ~ Alchemillas Apotek\",\"isPartOf\":{\"@id\":\"https:\/\/www.alchemillasapotek.com\/#website\"},\"primaryImageOfPage\":{\"@id\":\"https:\/\/www.alchemillasapotek.com\/water\/achillea-millefolium\/#primaryimage\"},\"datePublished\":\"2016-11-28T08:55:23+00:00\",\"dateModified\":\"2017-01-14T15:10:17+00:00\",\"description\":\"Alchemillas Apotek: spagyric tinctures, hydrosols, services, and formulas. Please contact us for more information.\",\"breadcrumb\":{\"@id\":\"https:\/\/www.alchemillasapotek.com\/water\/achillea-millefolium\/#breadcrumb\"},\"inLanguage\":\"sv-SV\",\"potentialAction\":[{\"@type\":\"ReadAction\",\"target\":[\"https:\/\/www.alchemillasapotek.com\/water\/achillea-millefolium\/\"]}]},{\"@type\":\"BreadcrumbList\",\"@id\":\"https:\/\/www.alchemillasapotek.com\/water\/achillea-millefolium\/#breadcrumb\",\"itemListElement\":[{\"@type\":\"ListItem\",\"position\":1,\"name\":\"Home\",\"item\":\"https:\/\/www.alchemillasapotek.com\/\"},{\"@type\":\"ListItem\",\"position\":2,\"name\":\"Water\",\"item\":\"http:\/\/www.alchemillasapotek.com\/water\/\"},{\"@type\":\"ListItem\",\"position\":3,\"name\":\"Yarrow\"}]}]}<\/script>\n<!-- \/ Yoast SEO plugin. -->","yoast_head_json":{"title":"[:en]Yarrow[:sv]R\u00f6lleka[:] ~ Alchemillas Apotek","description":"Alchemillas Apotek: spagyric tinctures, hydrosols, services, and formulas. Please contact us for more information.","robots":{"index":"index","follow":"follow","max-snippet":"max-snippet:-1","max-image-preview":"max-image-preview:large","max-video-preview":"max-video-preview:-1"},"canonical":"https:\/\/www.alchemillasapotek.com\/water\/achillea-millefolium\/","og_locale":"en_US","og_type":"article","og_title":"[:en]Yarrow[:sv]R\u00f6lleka[:] ~ Alchemillas Apotek","og_description":"Alchemillas Apotek: spagyric tinctures, hydrosols, services, and formulas. Please contact us for more information.","og_url":"https:\/\/www.alchemillasapotek.com\/water\/achillea-millefolium\/","og_site_name":"Alchemillas Apotek","article_publisher":"https:\/\/www.facebook.com\/AlchemillasApotek\/","article_modified_time":"2017-01-14T15:10:17+00:00","og_image":[{"width":1200,"height":1200,"url":"https:\/\/www.alchemillasapotek.com\/wp-content\/uploads\/2016\/11\/IMG_1726-e1480323940517.jpg","type":"image\/jpeg"}],"twitter_card":"summary","twitter_site":"@lisajeannin","schema":{"@context":"https:\/\/schema.org","@graph":[{"@type":"Organization","@id":"https:\/\/www.alchemillasapotek.com\/#organization","name":"Alchemillas Apotek","url":"https:\/\/www.alchemillasapotek.com\/","sameAs":["https:\/\/www.facebook.com\/AlchemillasApotek\/","https:\/\/www.instagram.com\/alchemillasapotek\/","https:\/\/twitter.com\/lisajeannin"],"logo":{"@type":"ImageObject","@id":"https:\/\/www.alchemillasapotek.com\/#logo","inLanguage":"sv-SV","url":"https:\/\/www.alchemillasapotek.com\/wp-content\/uploads\/2016\/11\/Logo-AlchemillasApotek-homepage.png","contentUrl":"https:\/\/www.alchemillasapotek.com\/wp-content\/uploads\/2016\/11\/Logo-AlchemillasApotek-homepage.png","width":592,"height":580,"caption":"Alchemillas Apotek"},"image":{"@id":"https:\/\/www.alchemillasapotek.com\/#logo"}},{"@type":"WebSite","@id":"https:\/\/www.alchemillasapotek.com\/#website","url":"https:\/\/www.alchemillasapotek.com\/","name":"Alchemillas Apotek","description":"Spagyric Tinctures &amp; Initiatic Plantmedicine for vibrant health and spiritual evolution.","publisher":{"@id":"https:\/\/www.alchemillasapotek.com\/#organization"},"potentialAction":[{"@type":"SearchAction","target":{"@type":"EntryPoint","urlTemplate":"https:\/\/www.alchemillasapotek.com\/?s={search_term_string}"},"query-input":"required name=search_term_string"}],"inLanguage":"sv-SV"},{"@type":"ImageObject","@id":"https:\/\/www.alchemillasapotek.com\/water\/achillea-millefolium\/#primaryimage","inLanguage":"sv-SV","url":"http:\/\/www.alchemillasapotek.com\/wp-content\/uploads\/2016\/11\/IMG_1726-e1480323940517.jpg","contentUrl":"http:\/\/www.alchemillasapotek.com\/wp-content\/uploads\/2016\/11\/IMG_1726-e1480323940517.jpg","width":1200,"height":1200,"caption":"Achillea Millefolium"},{"@type":"WebPage","@id":"https:\/\/www.alchemillasapotek.com\/water\/achillea-millefolium\/#webpage","url":"https:\/\/www.alchemillasapotek.com\/water\/achillea-millefolium\/","name":"[:en]Yarrow[:sv]R\u00f6lleka[:] ~ Alchemillas Apotek","isPartOf":{"@id":"https:\/\/www.alchemillasapotek.com\/#website"},"primaryImageOfPage":{"@id":"https:\/\/www.alchemillasapotek.com\/water\/achillea-millefolium\/#primaryimage"},"datePublished":"2016-11-28T08:55:23+00:00","dateModified":"2017-01-14T15:10:17+00:00","description":"Alchemillas Apotek: spagyric tinctures, hydrosols, services, and formulas. Please contact us for more information.","breadcrumb":{"@id":"https:\/\/www.alchemillasapotek.com\/water\/achillea-millefolium\/#breadcrumb"},"inLanguage":"sv-SV","potentialAction":[{"@type":"ReadAction","target":["https:\/\/www.alchemillasapotek.com\/water\/achillea-millefolium\/"]}]},{"@type":"BreadcrumbList","@id":"https:\/\/www.alchemillasapotek.com\/water\/achillea-millefolium\/#breadcrumb","itemListElement":[{"@type":"ListItem","position":1,"name":"Home","item":"https:\/\/www.alchemillasapotek.com\/"},{"@type":"ListItem","position":2,"name":"Water","item":"http:\/\/www.alchemillasapotek.com\/water\/"},{"@type":"ListItem","position":3,"name":"Yarrow"}]}]}},"_links":{"self":[{"href":"http:\/\/www.alchemillasapotek.com\/sv\/wp-json\/wp\/v2\/product\/433"}],"collection":[{"href":"http:\/\/www.alchemillasapotek.com\/sv\/wp-json\/wp\/v2\/product"}],"about":[{"href":"http:\/\/www.alchemillasapotek.com\/sv\/wp-json\/wp\/v2\/types\/product"}],"replies":[{"embeddable":true,"href":"http:\/\/www.alchemillasapotek.com\/sv\/wp-json\/wp\/v2\/comments?post=433"}],"wp:featuredmedia":[{"embeddable":true,"href":"http:\/\/www.alchemillasapotek.com\/sv\/wp-json\/wp\/v2\/media\/437"}],"wp:attachment":[{"href":"http:\/\/www.alchemillasapotek.com\/sv\/wp-json\/wp\/v2\/media?parent=433"}],"wp:term":[{"taxonomy":"product_cat","embeddable":true,"href":"http:\/\/www.alchemillasapotek.com\/sv\/wp-json\/wp\/v2\/product_cat?post=433"},{"taxonomy":"product_tag","embeddable":true,"href":"http:\/\/www.alchemillasapotek.com\/sv\/wp-json\/wp\/v2\/product_tag?post=433"}],"curies":[{"name":"wp","href":"https:\/\/api.w.org\/{rel}","templated":true}]}}