{"id":445,"date":"2016-11-28T09:32:58","date_gmt":"2016-11-28T09:32:58","guid":{"rendered":"http:\/\/www.alchemillasapotek.com\/water-2\/singularspagyrictinctures\/melissa-officinalis\/"},"modified":"2017-01-14T15:29:20","modified_gmt":"2017-01-14T15:29:20","slug":"melissa-officinalis","status":"publish","type":"product","link":"http:\/\/www.alchemillasapotek.com\/sv\/water\/melissa-officinalis\/","title":{"rendered":"Citronmeliss"},"content":{"rendered":"<h5>Spagyrisk tinktur av Melissa Officinalis.<\/h5>\n<p>Ta 7-14 droppar direkt p\u00e5 tungan eller i lite varmt vatten eller te vid behov.<\/p>\n<p><img loading=\"lazy\" class=\"alignnone size-large wp-image-447\" src=\"\/\/www.alchemillasapotek.com\/wp-content\/uploads\/2016\/11\/IMG_1078-1024x1024.jpg\" alt=\"Melissa Officinalis\" width=\"1024\" height=\"1024\" \/>","protected":false},"excerpt":{"rendered":"<blockquote><p>\u201cSe v\u00e4rlden som om du s\u00e5g den f\u00f6r f\u00f6rsta g\u00e5ngen, se den genom barnets \u00f6gon och du kommer att uppt\u00e4cka att du \u00e4r fri.\u201d \u2013 Deepak Chopra<\/p><\/blockquote>\n<p><img loading=\"lazy\" class=\"alignnone size-full wp-image-244\" src=\"\/\/www.alchemillasapotek.com\/wp-content\/uploads\/2016\/11\/SST-Salt.png\" alt=\"Salt\" width=\"40\" height=\"40\" \/><\/p>\n<p>Citronmeliss \u00e4r lugnande f\u00f6r kropp s\u00e5 v\u00e4l som sj\u00e4l, s\u00e4rskillt f\u00f6r det emotionella hj\u00e4rtat.<\/p>\n<p>Bra vid matsm\u00e4ltningsbesv\u00e4r, gaser och svullen mage.<\/p>\n<p><img loading=\"lazy\" class=\"alignnone size-full wp-image-223\" src=\"\/\/www.alchemillasapotek.com\/wp-content\/uploads\/2016\/11\/SST-Mercury.png\" alt=\"Mercury\" width=\"38\" height=\"50\" \/><\/p>\n<p>Citronmeliss h\u00f6jer hum\u00f6ret och de kognitiva f\u00f6rm\u00e5gorna. Den verkar lugnande, lindrar \u00e5ngest och verkar upplyftande.<\/p>\n<p>Den bringar gl\u00e4dje och f\u00f6rundran.<\/p>\n<p><img loading=\"lazy\" class=\"alignnone size-full wp-image-245\" src=\"\/\/www.alchemillasapotek.com\/wp-content\/uploads\/2016\/11\/SST-Sulphur.png\" alt=\"Sulphur\" width=\"40\" height=\"40\" \/><\/p>\n<p>Citronmeliss var den spagyriska konstens fader, Paracelsus, favorit\u00f6rt. Han skrev att den \u00e5terupplivar m\u00e4nniskan och kallade den f\u00f6r \u201cLivselixiret\u201d.<\/p>\n<p>Hildegard av Bingen skrev att citronmeliss inneh\u00e5ller lika mycket l\u00e4kekraft som \u00e5tminstonde ett dussin \u00f6rter tillsammans.<\/p>\n<p>Citronmeliss st\u00e5r under jupiters beskydd, den st\u00f6rsta planeten i v\u00e5rt solsystem, som till st\u00f6rsta del bes\u00e5r av gas. Jupiter kallas Guru i Indien och det har verkligen att g\u00f6ra med planetens arketyp. Jupiter har med expansion, gl\u00e4dje och den inre l\u00e4raren att g\u00f6ra. Citronmeliss har med barnets f\u00f6rundran att g\u00f6ra. Det \u00e4r m\u00f6jligt och n\u00f6dv\u00e4ndigt att \u00e5terinstallera denna kvalit\u00e9 om den har g\u00e5tt f\u00f6rlorad. Det \u00e4r citronmelissens innersta visdom.<\/p>\n<p>&nbsp;&hellip; <a class=\"kt-excerpt-readmore\" href=\"http:\/\/www.alchemillasapotek.com\/sv\/water\/melissa-officinalis\/\" aria-label=\"Citronmeliss\">Read More<\/a><\/p>\n","protected":false},"featured_media":446,"comment_status":"closed","ping_status":"closed","template":"","meta":[],"product_cat":[6,19],"product_tag":[231,156,232,230,171,229,54,228,233,227,78],"yoast_head":"<!-- This site is optimized with the Yoast SEO plugin v18.4.1 - https:\/\/yoast.com\/wordpress\/plugins\/seo\/ -->\n<title>Citronmeliss ~ Alchemillas Apotek<\/title>\n<meta name=\"description\" content=\"Alchemillas Apotek: spagyric tinctures, hydrosols, services, and formulas. Please contact us for more information.\" \/>\n<meta name=\"robots\" content=\"index, follow, max-snippet:-1, max-image-preview:large, max-video-preview:-1\" \/>\n<link rel=\"canonical\" href=\"https:\/\/www.alchemillasapotek.com\/water\/melissa-officinalis\/\" \/>\n<meta property=\"og:locale\" content=\"en_US\" \/>\n<meta property=\"og:type\" content=\"article\" \/>\n<meta property=\"og:title\" content=\"[:en]Lemon Balm[:sv]Citronmeliss[:] ~ Alchemillas Apotek\" \/>\n<meta property=\"og:description\" content=\"Alchemillas Apotek: spagyric tinctures, hydrosols, services, and formulas. Please contact us for more information.\" \/>\n<meta property=\"og:url\" content=\"https:\/\/www.alchemillasapotek.com\/water\/melissa-officinalis\/\" \/>\n<meta property=\"og:site_name\" content=\"Alchemillas Apotek\" \/>\n<meta property=\"article:publisher\" content=\"https:\/\/www.facebook.com\/AlchemillasApotek\/\" \/>\n<meta property=\"article:modified_time\" content=\"2017-01-14T15:29:20+00:00\" \/>\n<meta property=\"og:image\" content=\"https:\/\/www.alchemillasapotek.com\/wp-content\/uploads\/2016\/11\/IMG_1701-e1480325669643.jpg\" \/>\n\t<meta property=\"og:image:width\" content=\"1200\" \/>\n\t<meta property=\"og:image:height\" content=\"1200\" \/>\n\t<meta property=\"og:image:type\" content=\"image\/jpeg\" \/>\n<meta name=\"twitter:card\" content=\"summary\" \/>\n<meta name=\"twitter:site\" content=\"@lisajeannin\" \/>\n<script type=\"application\/ld+json\" class=\"yoast-schema-graph\">{\"@context\":\"https:\/\/schema.org\",\"@graph\":[{\"@type\":\"Organization\",\"@id\":\"https:\/\/www.alchemillasapotek.com\/#organization\",\"name\":\"Alchemillas Apotek\",\"url\":\"https:\/\/www.alchemillasapotek.com\/\",\"sameAs\":[\"https:\/\/www.facebook.com\/AlchemillasApotek\/\",\"https:\/\/www.instagram.com\/alchemillasapotek\/\",\"https:\/\/twitter.com\/lisajeannin\"],\"logo\":{\"@type\":\"ImageObject\",\"@id\":\"https:\/\/www.alchemillasapotek.com\/#logo\",\"inLanguage\":\"sv-SV\",\"url\":\"https:\/\/www.alchemillasapotek.com\/wp-content\/uploads\/2016\/11\/Logo-AlchemillasApotek-homepage.png\",\"contentUrl\":\"https:\/\/www.alchemillasapotek.com\/wp-content\/uploads\/2016\/11\/Logo-AlchemillasApotek-homepage.png\",\"width\":592,\"height\":580,\"caption\":\"Alchemillas Apotek\"},\"image\":{\"@id\":\"https:\/\/www.alchemillasapotek.com\/#logo\"}},{\"@type\":\"WebSite\",\"@id\":\"https:\/\/www.alchemillasapotek.com\/#website\",\"url\":\"https:\/\/www.alchemillasapotek.com\/\",\"name\":\"Alchemillas Apotek\",\"description\":\"Spagyric Tinctures &amp; Initiatic Plantmedicine for vibrant health and spiritual evolution.\",\"publisher\":{\"@id\":\"https:\/\/www.alchemillasapotek.com\/#organization\"},\"potentialAction\":[{\"@type\":\"SearchAction\",\"target\":{\"@type\":\"EntryPoint\",\"urlTemplate\":\"https:\/\/www.alchemillasapotek.com\/?s={search_term_string}\"},\"query-input\":\"required name=search_term_string\"}],\"inLanguage\":\"sv-SV\"},{\"@type\":\"ImageObject\",\"@id\":\"https:\/\/www.alchemillasapotek.com\/water\/melissa-officinalis\/#primaryimage\",\"inLanguage\":\"sv-SV\",\"url\":\"http:\/\/www.alchemillasapotek.com\/wp-content\/uploads\/2016\/11\/IMG_1701-e1480325669643.jpg\",\"contentUrl\":\"http:\/\/www.alchemillasapotek.com\/wp-content\/uploads\/2016\/11\/IMG_1701-e1480325669643.jpg\",\"width\":1200,\"height\":1200,\"caption\":\"Melissa Officinalis\"},{\"@type\":\"WebPage\",\"@id\":\"https:\/\/www.alchemillasapotek.com\/water\/melissa-officinalis\/#webpage\",\"url\":\"https:\/\/www.alchemillasapotek.com\/water\/melissa-officinalis\/\",\"name\":\"[:en]Lemon Balm[:sv]Citronmeliss[:] ~ Alchemillas Apotek\",\"isPartOf\":{\"@id\":\"https:\/\/www.alchemillasapotek.com\/#website\"},\"primaryImageOfPage\":{\"@id\":\"https:\/\/www.alchemillasapotek.com\/water\/melissa-officinalis\/#primaryimage\"},\"datePublished\":\"2016-11-28T09:32:58+00:00\",\"dateModified\":\"2017-01-14T15:29:20+00:00\",\"description\":\"Alchemillas Apotek: spagyric tinctures, hydrosols, services, and formulas. Please contact us for more information.\",\"breadcrumb\":{\"@id\":\"https:\/\/www.alchemillasapotek.com\/water\/melissa-officinalis\/#breadcrumb\"},\"inLanguage\":\"sv-SV\",\"potentialAction\":[{\"@type\":\"ReadAction\",\"target\":[\"https:\/\/www.alchemillasapotek.com\/water\/melissa-officinalis\/\"]}]},{\"@type\":\"BreadcrumbList\",\"@id\":\"https:\/\/www.alchemillasapotek.com\/water\/melissa-officinalis\/#breadcrumb\",\"itemListElement\":[{\"@type\":\"ListItem\",\"position\":1,\"name\":\"Home\",\"item\":\"https:\/\/www.alchemillasapotek.com\/\"},{\"@type\":\"ListItem\",\"position\":2,\"name\":\"Water\",\"item\":\"http:\/\/www.alchemillasapotek.com\/water\/\"},{\"@type\":\"ListItem\",\"position\":3,\"name\":\"Lemon Balm\"}]}]}<\/script>\n<!-- \/ Yoast SEO plugin. -->","yoast_head_json":{"title":"[:en]Lemon Balm[:sv]Citronmeliss[:] ~ Alchemillas Apotek","description":"Alchemillas Apotek: spagyric tinctures, hydrosols, services, and formulas. Please contact us for more information.","robots":{"index":"index","follow":"follow","max-snippet":"max-snippet:-1","max-image-preview":"max-image-preview:large","max-video-preview":"max-video-preview:-1"},"canonical":"https:\/\/www.alchemillasapotek.com\/water\/melissa-officinalis\/","og_locale":"en_US","og_type":"article","og_title":"[:en]Lemon Balm[:sv]Citronmeliss[:] ~ Alchemillas Apotek","og_description":"Alchemillas Apotek: spagyric tinctures, hydrosols, services, and formulas. Please contact us for more information.","og_url":"https:\/\/www.alchemillasapotek.com\/water\/melissa-officinalis\/","og_site_name":"Alchemillas Apotek","article_publisher":"https:\/\/www.facebook.com\/AlchemillasApotek\/","article_modified_time":"2017-01-14T15:29:20+00:00","og_image":[{"width":1200,"height":1200,"url":"https:\/\/www.alchemillasapotek.com\/wp-content\/uploads\/2016\/11\/IMG_1701-e1480325669643.jpg","type":"image\/jpeg"}],"twitter_card":"summary","twitter_site":"@lisajeannin","schema":{"@context":"https:\/\/schema.org","@graph":[{"@type":"Organization","@id":"https:\/\/www.alchemillasapotek.com\/#organization","name":"Alchemillas Apotek","url":"https:\/\/www.alchemillasapotek.com\/","sameAs":["https:\/\/www.facebook.com\/AlchemillasApotek\/","https:\/\/www.instagram.com\/alchemillasapotek\/","https:\/\/twitter.com\/lisajeannin"],"logo":{"@type":"ImageObject","@id":"https:\/\/www.alchemillasapotek.com\/#logo","inLanguage":"sv-SV","url":"https:\/\/www.alchemillasapotek.com\/wp-content\/uploads\/2016\/11\/Logo-AlchemillasApotek-homepage.png","contentUrl":"https:\/\/www.alchemillasapotek.com\/wp-content\/uploads\/2016\/11\/Logo-AlchemillasApotek-homepage.png","width":592,"height":580,"caption":"Alchemillas Apotek"},"image":{"@id":"https:\/\/www.alchemillasapotek.com\/#logo"}},{"@type":"WebSite","@id":"https:\/\/www.alchemillasapotek.com\/#website","url":"https:\/\/www.alchemillasapotek.com\/","name":"Alchemillas Apotek","description":"Spagyric Tinctures &amp; Initiatic Plantmedicine for vibrant health and spiritual evolution.","publisher":{"@id":"https:\/\/www.alchemillasapotek.com\/#organization"},"potentialAction":[{"@type":"SearchAction","target":{"@type":"EntryPoint","urlTemplate":"https:\/\/www.alchemillasapotek.com\/?s={search_term_string}"},"query-input":"required name=search_term_string"}],"inLanguage":"sv-SV"},{"@type":"ImageObject","@id":"https:\/\/www.alchemillasapotek.com\/water\/melissa-officinalis\/#primaryimage","inLanguage":"sv-SV","url":"http:\/\/www.alchemillasapotek.com\/wp-content\/uploads\/2016\/11\/IMG_1701-e1480325669643.jpg","contentUrl":"http:\/\/www.alchemillasapotek.com\/wp-content\/uploads\/2016\/11\/IMG_1701-e1480325669643.jpg","width":1200,"height":1200,"caption":"Melissa Officinalis"},{"@type":"WebPage","@id":"https:\/\/www.alchemillasapotek.com\/water\/melissa-officinalis\/#webpage","url":"https:\/\/www.alchemillasapotek.com\/water\/melissa-officinalis\/","name":"[:en]Lemon Balm[:sv]Citronmeliss[:] ~ Alchemillas Apotek","isPartOf":{"@id":"https:\/\/www.alchemillasapotek.com\/#website"},"primaryImageOfPage":{"@id":"https:\/\/www.alchemillasapotek.com\/water\/melissa-officinalis\/#primaryimage"},"datePublished":"2016-11-28T09:32:58+00:00","dateModified":"2017-01-14T15:29:20+00:00","description":"Alchemillas Apotek: spagyric tinctures, hydrosols, services, and formulas. Please contact us for more information.","breadcrumb":{"@id":"https:\/\/www.alchemillasapotek.com\/water\/melissa-officinalis\/#breadcrumb"},"inLanguage":"sv-SV","potentialAction":[{"@type":"ReadAction","target":["https:\/\/www.alchemillasapotek.com\/water\/melissa-officinalis\/"]}]},{"@type":"BreadcrumbList","@id":"https:\/\/www.alchemillasapotek.com\/water\/melissa-officinalis\/#breadcrumb","itemListElement":[{"@type":"ListItem","position":1,"name":"Home","item":"https:\/\/www.alchemillasapotek.com\/"},{"@type":"ListItem","position":2,"name":"Water","item":"http:\/\/www.alchemillasapotek.com\/water\/"},{"@type":"ListItem","position":3,"name":"Lemon Balm"}]}]}},"_links":{"self":[{"href":"http:\/\/www.alchemillasapotek.com\/sv\/wp-json\/wp\/v2\/product\/445"}],"collection":[{"href":"http:\/\/www.alchemillasapotek.com\/sv\/wp-json\/wp\/v2\/product"}],"about":[{"href":"http:\/\/www.alchemillasapotek.com\/sv\/wp-json\/wp\/v2\/types\/product"}],"replies":[{"embeddable":true,"href":"http:\/\/www.alchemillasapotek.com\/sv\/wp-json\/wp\/v2\/comments?post=445"}],"wp:featuredmedia":[{"embeddable":true,"href":"http:\/\/www.alchemillasapotek.com\/sv\/wp-json\/wp\/v2\/media\/446"}],"wp:attachment":[{"href":"http:\/\/www.alchemillasapotek.com\/sv\/wp-json\/wp\/v2\/media?parent=445"}],"wp:term":[{"taxonomy":"product_cat","embeddable":true,"href":"http:\/\/www.alchemillasapotek.com\/sv\/wp-json\/wp\/v2\/product_cat?post=445"},{"taxonomy":"product_tag","embeddable":true,"href":"http:\/\/www.alchemillasapotek.com\/sv\/wp-json\/wp\/v2\/product_tag?post=445"}],"curies":[{"name":"wp","href":"https:\/\/api.w.org\/{rel}","templated":true}]}}