{"id":463,"date":"2016-11-28T14:42:24","date_gmt":"2016-11-28T14:42:24","guid":{"rendered":"http:\/\/www.alchemillasapotek.com\/water-2\/singularspagyrictinctures\/passiflora-incarnata\/"},"modified":"2017-01-15T12:11:19","modified_gmt":"2017-01-15T12:11:19","slug":"passiflora-incarnata","status":"publish","type":"product","link":"http:\/\/www.alchemillasapotek.com\/sv\/water\/passiflora-incarnata\/","title":{"rendered":"Passionsblomma"},"content":{"rendered":"<h5>Spagyrisk Tinktur av Passiflora Incarnata.<\/h5>\n<p>Ta 5-7 droppar direkt p\u00e5 tungan eller i lite varmt vatten eller te vid behov.<\/p>\n<p><img loading=\"lazy\" class=\"alignnone size-large wp-image-465\" src=\"\/\/www.alchemillasapotek.com\/wp-content\/uploads\/2016\/11\/IMG_0097-1024x1024.jpg\" alt=\"Passiflora Incarnata\" width=\"1024\" height=\"1024\" \/>","protected":false},"excerpt":{"rendered":"<blockquote><p>\u201cI remember him with a dark passionflower in his hand, looking at it as no one has ever looked at such a flower, though they might look from the twilight of day until the twilight of night, for a whole life long.\u201d &#8211; Jorge Luis Borges<\/p><\/blockquote>\n<p><img loading=\"lazy\" class=\"alignnone size-full wp-image-244\" src=\"\/\/www.alchemillasapotek.com\/wp-content\/uploads\/2016\/11\/SST-Salt.png\" alt=\"Salt\" width=\"40\" height=\"40\" \/><\/p>\n<p>Passionsblomma kan hj\u00e4lpa vid \u00e5ngest, s\u00f6mnl\u00f6shet och tv\u00e5ngstankar eller tankar som upprepas och g\u00e5r i loopar.<\/p>\n<p><img loading=\"lazy\" class=\"alignnone size-full wp-image-223\" src=\"\/\/www.alchemillasapotek.com\/wp-content\/uploads\/2016\/11\/SST-Mercury.png\" alt=\"Mercury\" width=\"38\" height=\"50\" \/><\/p>\n<p>Spagyrikern talar om Signaturl\u00e4ran. Signature = Signs of Nature. Naturens kommunicerar via f\u00e4rg, form och symboler. Lila och vita blommor indikerar ofta att de \u00e4r s\u00e4rskillt l\u00e4mpliga f\u00f6r kronchakrat. En annan signatur \u00e4r de sm\u00e5 spiralerna som passionsblomman skickar ut f\u00f6r att slingra sig vidare. De visar oss hur passionsblomman har en otrolig effekt p\u00e5 loopande tankar, tankar som liksom g\u00e5r i spiraler och som det kan vara sv\u00e5rt att stilla och d\u00e4rf\u00f6r f\u00f6rsv\u00e5ra s\u00f6mn. Tankarna snurrar runt runt och det leder inte direkt n\u00e5gon vart heller, bara tillbaka till oron.<\/p>\n<p>Tankar i stil med \u201cDet kommer aldrig att g\u00e5, hur ska du orka, f\u00f6rst ska jag g\u00f6ra det, sen ska jag g\u00f6ra det, sen ska jag g\u00f6ra det\u201d. Eller att samma sak spelas upp g\u00e5ng p\u00e5 g\u00e5ng, som liksom inte ger en n\u00e5gon ro att varva ner f\u00f6r att finna l\u00f6sningen, vilken har sv\u00e5rt att uppenbara sig i ett tjatter. Uppenbarelser eller svaret p\u00e5 g\u00e5tan kr\u00e4ver st\u00f6rsta m\u00f6jliga tystnad i rymdens element.<\/p>\n<p><img loading=\"lazy\" class=\"alignnone size-full wp-image-245\" src=\"\/\/www.alchemillasapotek.com\/wp-content\/uploads\/2016\/11\/SST-Sulphur.png\" alt=\"Sulphur\" width=\"40\" height=\"40\" \/><\/p>\n<p>Ett \u00f6veraktivt sinne leder till sp\u00e4nningar och stress. Passionsblomman hj\u00e4lper energin att g\u00e5 i b\u00e5da riktningar: ned\u00e5t i hj\u00e4rtat och upp\u00e5t till intuitionen och det tredje \u00f6gat. Men \u00e4ven upp\u00e5t till kronchakrat i ett slags kosmiskt h\u00f6gre medvetande man kan vila i.<\/p>\n<p>Det finns sp\u00e4nnande teorier att l\u00e4sa om passionsblomman som en symbol f\u00f6r Kristus. Jag ser \u00e4ven den mytologiske helaren och asteroiden Chiron som en en fantastisk arketyp f\u00f6r denna makal\u00f6sa blomma. H\u00e4r ser vi en till signatur, planeten Uranus som st\u00e5r f\u00f6r elektrisk mental energi i astrologin. Uranus \u00e4r Merkurius h\u00f6gre oktav och \u00e4r den enda planeten i v\u00e5rt solsystem vars bana just snurrar i spiraler. Asteroiden Chiron, universums arketyp f\u00f6r helaren och shamanen f\u00e4rdas i en bana fr\u00e5n det synligas sista utpost: Saturnus. D\u00e4refter f\u00e4rdas den ut, i den f\u00f6r oss osynliga sf\u00e4ren, d\u00e4r han rundar Uranus och \u00e5terkommer med l\u00e4kande visdom fr\u00e5n den osynliga sf\u00e4ren.<\/p>\n<p>I Alkemin \u00e4r de flesta av Merkurius \u00f6rter kopplade till sinnet.<\/p>\n<p>The passion of Christ.<\/p>\n<p>Detta \u00e4r \u00e4ven ett elixir f\u00f6r de som vill knyta an med kristusmedvetandet, med det gudomliga. Det \u00e4r ett elixir f\u00f6r mystikern eller den h\u00f6gk\u00e4nslige.&hellip; <a class=\"kt-excerpt-readmore\" href=\"http:\/\/www.alchemillasapotek.com\/sv\/water\/passiflora-incarnata\/\" aria-label=\"Passionsblomma\">Read More<\/a><\/p>\n","protected":false},"featured_media":464,"comment_status":"closed","ping_status":"closed","template":"","meta":[],"product_cat":[6,17],"product_tag":[189,253,245,193,22,252,249,250,39,251],"yoast_head":"<!-- This site is optimized with the Yoast SEO plugin v18.4.1 - https:\/\/yoast.com\/wordpress\/plugins\/seo\/ -->\n<title>Passionsblomma ~ Alchemillas Apotek<\/title>\n<meta name=\"description\" content=\"Alchemillas Apotek: spagyric tinctures, hydrosols, services, and formulas. Please contact us for more information.\" \/>\n<meta name=\"robots\" content=\"index, follow, max-snippet:-1, max-image-preview:large, max-video-preview:-1\" \/>\n<link rel=\"canonical\" href=\"http:\/\/www.alchemillasapotek.com\/sv\/water\/passiflora-incarnata\/\" \/>\n<meta property=\"og:locale\" content=\"en_US\" \/>\n<meta property=\"og:type\" content=\"article\" \/>\n<meta property=\"og:title\" content=\"[:en]Passionflower[:sv]Passionsblomma[:] ~ Alchemillas Apotek\" \/>\n<meta property=\"og:description\" content=\"Alchemillas Apotek: spagyric tinctures, hydrosols, services, and formulas. Please contact us for more information.\" \/>\n<meta property=\"og:url\" content=\"http:\/\/www.alchemillasapotek.com\/sv\/water\/passiflora-incarnata\/\" \/>\n<meta property=\"og:site_name\" content=\"Alchemillas Apotek\" \/>\n<meta property=\"article:publisher\" content=\"https:\/\/www.facebook.com\/AlchemillasApotek\/\" \/>\n<meta property=\"article:modified_time\" content=\"2017-01-15T12:11:19+00:00\" \/>\n<meta property=\"og:image\" content=\"http:\/\/www.alchemillasapotek.com\/wp-content\/uploads\/2016\/11\/IMG_1724-e1480344253374.jpg\" \/>\n\t<meta property=\"og:image:width\" content=\"1200\" \/>\n\t<meta property=\"og:image:height\" content=\"1200\" \/>\n\t<meta property=\"og:image:type\" content=\"image\/jpeg\" \/>\n<meta name=\"twitter:card\" content=\"summary\" \/>\n<meta name=\"twitter:site\" content=\"@lisajeannin\" \/>\n<script type=\"application\/ld+json\" class=\"yoast-schema-graph\">{\"@context\":\"https:\/\/schema.org\",\"@graph\":[{\"@type\":\"Organization\",\"@id\":\"https:\/\/www.alchemillasapotek.com\/#organization\",\"name\":\"Alchemillas Apotek\",\"url\":\"https:\/\/www.alchemillasapotek.com\/\",\"sameAs\":[\"https:\/\/www.facebook.com\/AlchemillasApotek\/\",\"https:\/\/www.instagram.com\/alchemillasapotek\/\",\"https:\/\/twitter.com\/lisajeannin\"],\"logo\":{\"@type\":\"ImageObject\",\"@id\":\"https:\/\/www.alchemillasapotek.com\/#logo\",\"inLanguage\":\"sv-SV\",\"url\":\"https:\/\/www.alchemillasapotek.com\/wp-content\/uploads\/2016\/11\/Logo-AlchemillasApotek-homepage.png\",\"contentUrl\":\"https:\/\/www.alchemillasapotek.com\/wp-content\/uploads\/2016\/11\/Logo-AlchemillasApotek-homepage.png\",\"width\":592,\"height\":580,\"caption\":\"Alchemillas Apotek\"},\"image\":{\"@id\":\"https:\/\/www.alchemillasapotek.com\/#logo\"}},{\"@type\":\"WebSite\",\"@id\":\"https:\/\/www.alchemillasapotek.com\/#website\",\"url\":\"https:\/\/www.alchemillasapotek.com\/\",\"name\":\"Alchemillas Apotek\",\"description\":\"Spagyric Tinctures &amp; Initiatic Plantmedicine for vibrant health and spiritual evolution.\",\"publisher\":{\"@id\":\"https:\/\/www.alchemillasapotek.com\/#organization\"},\"potentialAction\":[{\"@type\":\"SearchAction\",\"target\":{\"@type\":\"EntryPoint\",\"urlTemplate\":\"https:\/\/www.alchemillasapotek.com\/?s={search_term_string}\"},\"query-input\":\"required name=search_term_string\"}],\"inLanguage\":\"sv-SV\"},{\"@type\":\"ImageObject\",\"@id\":\"http:\/\/www.alchemillasapotek.com\/sv\/water\/passiflora-incarnata\/#primaryimage\",\"inLanguage\":\"sv-SV\",\"url\":\"http:\/\/www.alchemillasapotek.com\/wp-content\/uploads\/2016\/11\/IMG_1724-e1480344253374.jpg\",\"contentUrl\":\"http:\/\/www.alchemillasapotek.com\/wp-content\/uploads\/2016\/11\/IMG_1724-e1480344253374.jpg\",\"width\":1200,\"height\":1200,\"caption\":\"Passiflora Incarnata\"},{\"@type\":\"WebPage\",\"@id\":\"http:\/\/www.alchemillasapotek.com\/sv\/water\/passiflora-incarnata\/#webpage\",\"url\":\"http:\/\/www.alchemillasapotek.com\/sv\/water\/passiflora-incarnata\/\",\"name\":\"[:en]Passionflower[:sv]Passionsblomma[:] ~ Alchemillas Apotek\",\"isPartOf\":{\"@id\":\"https:\/\/www.alchemillasapotek.com\/#website\"},\"primaryImageOfPage\":{\"@id\":\"http:\/\/www.alchemillasapotek.com\/sv\/water\/passiflora-incarnata\/#primaryimage\"},\"datePublished\":\"2016-11-28T14:42:24+00:00\",\"dateModified\":\"2017-01-15T12:11:19+00:00\",\"description\":\"Alchemillas Apotek: spagyric tinctures, hydrosols, services, and formulas. Please contact us for more information.\",\"breadcrumb\":{\"@id\":\"http:\/\/www.alchemillasapotek.com\/sv\/water\/passiflora-incarnata\/#breadcrumb\"},\"inLanguage\":\"sv-SV\",\"potentialAction\":[{\"@type\":\"ReadAction\",\"target\":[\"http:\/\/www.alchemillasapotek.com\/sv\/water\/passiflora-incarnata\/\"]}]},{\"@type\":\"BreadcrumbList\",\"@id\":\"http:\/\/www.alchemillasapotek.com\/sv\/water\/passiflora-incarnata\/#breadcrumb\",\"itemListElement\":[{\"@type\":\"ListItem\",\"position\":1,\"name\":\"Home\",\"item\":\"https:\/\/www.alchemillasapotek.com\/\"},{\"@type\":\"ListItem\",\"position\":2,\"name\":\"Water\",\"item\":\"http:\/\/www.alchemillasapotek.com\/water\/\"},{\"@type\":\"ListItem\",\"position\":3,\"name\":\"Passionsblomma\"}]}]}<\/script>\n<!-- \/ Yoast SEO plugin. -->","yoast_head_json":{"title":"[:en]Passionflower[:sv]Passionsblomma[:] ~ Alchemillas Apotek","description":"Alchemillas Apotek: spagyric tinctures, hydrosols, services, and formulas. Please contact us for more information.","robots":{"index":"index","follow":"follow","max-snippet":"max-snippet:-1","max-image-preview":"max-image-preview:large","max-video-preview":"max-video-preview:-1"},"canonical":"http:\/\/www.alchemillasapotek.com\/sv\/water\/passiflora-incarnata\/","og_locale":"en_US","og_type":"article","og_title":"[:en]Passionflower[:sv]Passionsblomma[:] ~ Alchemillas Apotek","og_description":"Alchemillas Apotek: spagyric tinctures, hydrosols, services, and formulas. Please contact us for more information.","og_url":"http:\/\/www.alchemillasapotek.com\/sv\/water\/passiflora-incarnata\/","og_site_name":"Alchemillas Apotek","article_publisher":"https:\/\/www.facebook.com\/AlchemillasApotek\/","article_modified_time":"2017-01-15T12:11:19+00:00","og_image":[{"width":1200,"height":1200,"url":"http:\/\/www.alchemillasapotek.com\/wp-content\/uploads\/2016\/11\/IMG_1724-e1480344253374.jpg","type":"image\/jpeg"}],"twitter_card":"summary","twitter_site":"@lisajeannin","schema":{"@context":"https:\/\/schema.org","@graph":[{"@type":"Organization","@id":"https:\/\/www.alchemillasapotek.com\/#organization","name":"Alchemillas Apotek","url":"https:\/\/www.alchemillasapotek.com\/","sameAs":["https:\/\/www.facebook.com\/AlchemillasApotek\/","https:\/\/www.instagram.com\/alchemillasapotek\/","https:\/\/twitter.com\/lisajeannin"],"logo":{"@type":"ImageObject","@id":"https:\/\/www.alchemillasapotek.com\/#logo","inLanguage":"sv-SV","url":"https:\/\/www.alchemillasapotek.com\/wp-content\/uploads\/2016\/11\/Logo-AlchemillasApotek-homepage.png","contentUrl":"https:\/\/www.alchemillasapotek.com\/wp-content\/uploads\/2016\/11\/Logo-AlchemillasApotek-homepage.png","width":592,"height":580,"caption":"Alchemillas Apotek"},"image":{"@id":"https:\/\/www.alchemillasapotek.com\/#logo"}},{"@type":"WebSite","@id":"https:\/\/www.alchemillasapotek.com\/#website","url":"https:\/\/www.alchemillasapotek.com\/","name":"Alchemillas Apotek","description":"Spagyric Tinctures &amp; Initiatic Plantmedicine for vibrant health and spiritual evolution.","publisher":{"@id":"https:\/\/www.alchemillasapotek.com\/#organization"},"potentialAction":[{"@type":"SearchAction","target":{"@type":"EntryPoint","urlTemplate":"https:\/\/www.alchemillasapotek.com\/?s={search_term_string}"},"query-input":"required name=search_term_string"}],"inLanguage":"sv-SV"},{"@type":"ImageObject","@id":"http:\/\/www.alchemillasapotek.com\/sv\/water\/passiflora-incarnata\/#primaryimage","inLanguage":"sv-SV","url":"http:\/\/www.alchemillasapotek.com\/wp-content\/uploads\/2016\/11\/IMG_1724-e1480344253374.jpg","contentUrl":"http:\/\/www.alchemillasapotek.com\/wp-content\/uploads\/2016\/11\/IMG_1724-e1480344253374.jpg","width":1200,"height":1200,"caption":"Passiflora Incarnata"},{"@type":"WebPage","@id":"http:\/\/www.alchemillasapotek.com\/sv\/water\/passiflora-incarnata\/#webpage","url":"http:\/\/www.alchemillasapotek.com\/sv\/water\/passiflora-incarnata\/","name":"[:en]Passionflower[:sv]Passionsblomma[:] ~ Alchemillas Apotek","isPartOf":{"@id":"https:\/\/www.alchemillasapotek.com\/#website"},"primaryImageOfPage":{"@id":"http:\/\/www.alchemillasapotek.com\/sv\/water\/passiflora-incarnata\/#primaryimage"},"datePublished":"2016-11-28T14:42:24+00:00","dateModified":"2017-01-15T12:11:19+00:00","description":"Alchemillas Apotek: spagyric tinctures, hydrosols, services, and formulas. Please contact us for more information.","breadcrumb":{"@id":"http:\/\/www.alchemillasapotek.com\/sv\/water\/passiflora-incarnata\/#breadcrumb"},"inLanguage":"sv-SV","potentialAction":[{"@type":"ReadAction","target":["http:\/\/www.alchemillasapotek.com\/sv\/water\/passiflora-incarnata\/"]}]},{"@type":"BreadcrumbList","@id":"http:\/\/www.alchemillasapotek.com\/sv\/water\/passiflora-incarnata\/#breadcrumb","itemListElement":[{"@type":"ListItem","position":1,"name":"Home","item":"https:\/\/www.alchemillasapotek.com\/"},{"@type":"ListItem","position":2,"name":"Water","item":"http:\/\/www.alchemillasapotek.com\/water\/"},{"@type":"ListItem","position":3,"name":"Passionsblomma"}]}]}},"_links":{"self":[{"href":"http:\/\/www.alchemillasapotek.com\/sv\/wp-json\/wp\/v2\/product\/463"}],"collection":[{"href":"http:\/\/www.alchemillasapotek.com\/sv\/wp-json\/wp\/v2\/product"}],"about":[{"href":"http:\/\/www.alchemillasapotek.com\/sv\/wp-json\/wp\/v2\/types\/product"}],"replies":[{"embeddable":true,"href":"http:\/\/www.alchemillasapotek.com\/sv\/wp-json\/wp\/v2\/comments?post=463"}],"wp:featuredmedia":[{"embeddable":true,"href":"http:\/\/www.alchemillasapotek.com\/sv\/wp-json\/wp\/v2\/media\/464"}],"wp:attachment":[{"href":"http:\/\/www.alchemillasapotek.com\/sv\/wp-json\/wp\/v2\/media?parent=463"}],"wp:term":[{"taxonomy":"product_cat","embeddable":true,"href":"http:\/\/www.alchemillasapotek.com\/sv\/wp-json\/wp\/v2\/product_cat?post=463"},{"taxonomy":"product_tag","embeddable":true,"href":"http:\/\/www.alchemillasapotek.com\/sv\/wp-json\/wp\/v2\/product_tag?post=463"}],"curies":[{"name":"wp","href":"https:\/\/api.w.org\/{rel}","templated":true}]}}