{"id":469,"date":"2016-11-28T14:53:25","date_gmt":"2016-11-28T14:53:25","guid":{"rendered":"http:\/\/www.alchemillasapotek.com\/water-2\/singularspagyrictinctures\/sambucus-nigra\/"},"modified":"2017-01-15T12:23:15","modified_gmt":"2017-01-15T12:23:15","slug":"sambucus-nigra","status":"publish","type":"product","link":"http:\/\/www.alchemillasapotek.com\/sv\/water\/sambucus-nigra\/","title":{"rendered":"Fl\u00e4der"},"content":{"rendered":"<h5>Spagyrisk tinktur av Sambucus Nigra blommor och b\u00e4r.<\/h5>\n<p>Ta 7-14 droppar direkt p\u00e5 tungan eller i lite varmt vatten eller te vid behov.<\/p>\n<h5><img loading=\"lazy\" class=\"alignnone size-large wp-image-471\" src=\"\/\/www.alchemillasapotek.com\/wp-content\/uploads\/2016\/11\/IMG_8025-1024x1024.jpg\" alt=\"Sambucus Nigra\" width=\"1024\" height=\"1024\" \/> <img loading=\"lazy\" class=\"alignnone size-large wp-image-472\" src=\"\/\/www.alchemillasapotek.com\/wp-content\/uploads\/2016\/11\/IMG_1730-1024x1024.jpg\" alt=\"Sambucus Nigra\" width=\"1024\" height=\"1024\" \/><\/h5>","protected":false},"excerpt":{"rendered":"<p>Sambucus \u00e4r latin f\u00f6r panfl\u00f6jten som ursprungligen gjordes av fl\u00e4derns ih\u00e5liga grenar.<\/p>\n<p><img loading=\"lazy\" class=\"alignnone size-full wp-image-244\" src=\"\/\/www.alchemillasapotek.com\/wp-content\/uploads\/2016\/11\/SST-Salt.png\" alt=\"Salt\" width=\"40\" height=\"40\" \/><\/p>\n<p>Ih\u00e5ligheten \u00e4r en signatur som ber\u00e4ttar att fl\u00e4dern \u00f6ppnar alla kroppens ih\u00e5liga passager (hudens porer, lungorna, njurarna, blodk\u00e4rlen) och f\u00f6rb\u00e4ttrar syreupptaget, blodfl\u00f6det, svettning och att avfall avl\u00e4gsnas via tjocktarmen samt kroppens rening via njurarna. Fl\u00e4der \u00e4r avslappnande, bra vid rethosta och kramp i magen. B\u00e4ren bygger upp blodet och \u00e4r liksom blommorna bra vid feber. Fl\u00e4der \u00e4r ocks\u00e5 bra att ta till om man har r\u00f6da, irriterade kinder d\u00e5 den \u00f6ppnar upp porerna och verkar \u00e5terfuktande, f\u00f6rb\u00e4ttrar andningen, matsm\u00e4ltningen och njurarnas funktion.<\/p>\n<p><img loading=\"lazy\" class=\"alignnone size-full wp-image-223\" src=\"\/\/www.alchemillasapotek.com\/wp-content\/uploads\/2016\/11\/SST-Mercury.png\" alt=\"Mercury\" width=\"38\" height=\"50\" \/><\/p>\n<p>Fantasin \u00e4r som en kanal d\u00e4r vi kommunicerar med en annan dimension. R\u00f6r-lika v\u00e4xter s\u00e5 som Angelica (kvanne) och Fl\u00e4der har l\u00e4nge f\u00f6rknippats med shamanresor till den undre v\u00e4rlden eller med \u00e4lvriket.<\/p>\n<p><img loading=\"lazy\" class=\"alignnone size-full wp-image-245\" src=\"\/\/www.alchemillasapotek.com\/wp-content\/uploads\/2016\/11\/SST-Sulphur.png\" alt=\"Sulphur\" width=\"40\" height=\"40\" \/><\/p>\n<p>Jag b\u00f6rjade f\u00f6rbereda fl\u00e4derelixiret i juli d\u00e5 jag destillerade blommorna och l\u00e4t de dra i tinktur tills jag sk\u00f6rdade b\u00e4ren som jag l\u00e4t ligga tillsammans med blommorna ytterligare 40 dagar. Jag skapade allts\u00e5 en tinktur med de vita blommorna som ser ut som femuddiga stj\u00e4rnor och de n\u00e4stan svarta b\u00e4ren, vilkas signaturer har med saturnus att g\u00f6ra och med polariteten fader tid och den kosmiska modern som har med d\u00f6den och \u00e5terf\u00f6delsen att g\u00f6ra.<\/p>\n<p>Den spagyriska tinkturen \u00e4r antioxidant och st\u00e4rker immunf\u00f6rsvaret under vintern, men lika mycket verkar den som en portvakt till andev\u00e4rlden. Fl\u00e4dermor \u00e4r naturens l\u00e4rare, hon l\u00e4r oss om tiden, livet och d\u00f6den.&hellip; <a class=\"kt-excerpt-readmore\" href=\"http:\/\/www.alchemillasapotek.com\/sv\/water\/sambucus-nigra\/\" aria-label=\"Fl\u00e4der\">Read More<\/a><\/p>\n","protected":false},"featured_media":470,"comment_status":"closed","ping_status":"closed","template":"","meta":[],"product_cat":[6,16],"product_tag":[58,266,208,268,269,56,171,265,28,267,66,264,270],"yoast_head":"<!-- This site is optimized with the Yoast SEO plugin v18.4.1 - https:\/\/yoast.com\/wordpress\/plugins\/seo\/ -->\n<title>Fl\u00e4der ~ Alchemillas Apotek<\/title>\n<meta name=\"description\" content=\"Alchemillas Apotek: spagyric tinctures, hydrosols, services, and formulas. Please contact us for more information.\" \/>\n<meta name=\"robots\" content=\"index, follow, max-snippet:-1, max-image-preview:large, max-video-preview:-1\" \/>\n<link rel=\"canonical\" href=\"http:\/\/www.alchemillasapotek.com\/water\/sambucus-nigra\/\" \/>\n<meta property=\"og:locale\" content=\"en_US\" \/>\n<meta property=\"og:type\" content=\"article\" \/>\n<meta property=\"og:title\" content=\"[:en]Elder[:sv]Fl\u00e4der[:] ~ Alchemillas Apotek\" \/>\n<meta property=\"og:description\" content=\"Alchemillas Apotek: spagyric tinctures, hydrosols, services, and formulas. Please contact us for more information.\" \/>\n<meta property=\"og:url\" content=\"http:\/\/www.alchemillasapotek.com\/water\/sambucus-nigra\/\" \/>\n<meta property=\"og:site_name\" content=\"Alchemillas Apotek\" \/>\n<meta property=\"article:publisher\" content=\"https:\/\/www.facebook.com\/AlchemillasApotek\/\" \/>\n<meta property=\"article:modified_time\" content=\"2017-01-15T12:23:15+00:00\" \/>\n<meta property=\"og:image\" content=\"http:\/\/www.alchemillasapotek.com\/wp-content\/uploads\/2016\/11\/IMG_1517-1-e1480344955185.jpg\" \/>\n\t<meta property=\"og:image:width\" content=\"1200\" \/>\n\t<meta property=\"og:image:height\" content=\"1200\" \/>\n\t<meta property=\"og:image:type\" content=\"image\/jpeg\" \/>\n<meta name=\"twitter:card\" content=\"summary\" \/>\n<meta name=\"twitter:site\" content=\"@lisajeannin\" \/>\n<script type=\"application\/ld+json\" class=\"yoast-schema-graph\">{\"@context\":\"https:\/\/schema.org\",\"@graph\":[{\"@type\":\"Organization\",\"@id\":\"http:\/\/www.alchemillasapotek.com\/sv\/#organization\",\"name\":\"Alchemillas Apotek\",\"url\":\"http:\/\/www.alchemillasapotek.com\/sv\/\",\"sameAs\":[\"https:\/\/www.facebook.com\/AlchemillasApotek\/\",\"https:\/\/www.instagram.com\/alchemillasapotek\/\",\"https:\/\/twitter.com\/lisajeannin\"],\"logo\":{\"@type\":\"ImageObject\",\"@id\":\"http:\/\/www.alchemillasapotek.com\/sv\/#logo\",\"inLanguage\":\"sv-SV\",\"url\":\"https:\/\/www.alchemillasapotek.com\/wp-content\/uploads\/2016\/11\/Logo-AlchemillasApotek-homepage.png\",\"contentUrl\":\"https:\/\/www.alchemillasapotek.com\/wp-content\/uploads\/2016\/11\/Logo-AlchemillasApotek-homepage.png\",\"width\":592,\"height\":580,\"caption\":\"Alchemillas Apotek\"},\"image\":{\"@id\":\"http:\/\/www.alchemillasapotek.com\/sv\/#logo\"}},{\"@type\":\"WebSite\",\"@id\":\"http:\/\/www.alchemillasapotek.com\/sv\/#website\",\"url\":\"http:\/\/www.alchemillasapotek.com\/sv\/\",\"name\":\"Alchemillas Apotek\",\"description\":\"Spagyric Tinctures &amp; Initiatic Plantmedicine for vibrant health and spiritual evolution.\",\"publisher\":{\"@id\":\"http:\/\/www.alchemillasapotek.com\/sv\/#organization\"},\"potentialAction\":[{\"@type\":\"SearchAction\",\"target\":{\"@type\":\"EntryPoint\",\"urlTemplate\":\"http:\/\/www.alchemillasapotek.com\/sv\/?s={search_term_string}\"},\"query-input\":\"required name=search_term_string\"}],\"inLanguage\":\"sv-SV\"},{\"@type\":\"ImageObject\",\"@id\":\"http:\/\/www.alchemillasapotek.com\/water\/sambucus-nigra\/#primaryimage\",\"inLanguage\":\"sv-SV\",\"url\":\"http:\/\/www.alchemillasapotek.com\/wp-content\/uploads\/2016\/11\/IMG_1517-1-e1480344955185.jpg\",\"contentUrl\":\"http:\/\/www.alchemillasapotek.com\/wp-content\/uploads\/2016\/11\/IMG_1517-1-e1480344955185.jpg\",\"width\":1200,\"height\":1200,\"caption\":\"Sambucus Nigra\"},{\"@type\":\"WebPage\",\"@id\":\"http:\/\/www.alchemillasapotek.com\/water\/sambucus-nigra\/#webpage\",\"url\":\"http:\/\/www.alchemillasapotek.com\/water\/sambucus-nigra\/\",\"name\":\"[:en]Elder[:sv]Fl\u00e4der[:] ~ Alchemillas Apotek\",\"isPartOf\":{\"@id\":\"http:\/\/www.alchemillasapotek.com\/sv\/#website\"},\"primaryImageOfPage\":{\"@id\":\"http:\/\/www.alchemillasapotek.com\/water\/sambucus-nigra\/#primaryimage\"},\"datePublished\":\"2016-11-28T14:53:25+00:00\",\"dateModified\":\"2017-01-15T12:23:15+00:00\",\"description\":\"Alchemillas Apotek: spagyric tinctures, hydrosols, services, and formulas. Please contact us for more information.\",\"breadcrumb\":{\"@id\":\"http:\/\/www.alchemillasapotek.com\/water\/sambucus-nigra\/#breadcrumb\"},\"inLanguage\":\"sv-SV\",\"potentialAction\":[{\"@type\":\"ReadAction\",\"target\":[\"http:\/\/www.alchemillasapotek.com\/water\/sambucus-nigra\/\"]}]},{\"@type\":\"BreadcrumbList\",\"@id\":\"http:\/\/www.alchemillasapotek.com\/water\/sambucus-nigra\/#breadcrumb\",\"itemListElement\":[{\"@type\":\"ListItem\",\"position\":1,\"name\":\"Home\",\"item\":\"http:\/\/www.alchemillasapotek.com\/sv\/\"},{\"@type\":\"ListItem\",\"position\":2,\"name\":\"Vatten\",\"item\":\"http:\/\/www.alchemillasapotek.com\/sv\/water\/\"},{\"@type\":\"ListItem\",\"position\":3,\"name\":\"Elder\"}]}]}<\/script>\n<!-- \/ Yoast SEO plugin. -->","yoast_head_json":{"title":"[:en]Elder[:sv]Fl\u00e4der[:] ~ Alchemillas Apotek","description":"Alchemillas Apotek: spagyric tinctures, hydrosols, services, and formulas. Please contact us for more information.","robots":{"index":"index","follow":"follow","max-snippet":"max-snippet:-1","max-image-preview":"max-image-preview:large","max-video-preview":"max-video-preview:-1"},"canonical":"http:\/\/www.alchemillasapotek.com\/water\/sambucus-nigra\/","og_locale":"en_US","og_type":"article","og_title":"[:en]Elder[:sv]Fl\u00e4der[:] ~ Alchemillas Apotek","og_description":"Alchemillas Apotek: spagyric tinctures, hydrosols, services, and formulas. Please contact us for more information.","og_url":"http:\/\/www.alchemillasapotek.com\/water\/sambucus-nigra\/","og_site_name":"Alchemillas Apotek","article_publisher":"https:\/\/www.facebook.com\/AlchemillasApotek\/","article_modified_time":"2017-01-15T12:23:15+00:00","og_image":[{"width":1200,"height":1200,"url":"http:\/\/www.alchemillasapotek.com\/wp-content\/uploads\/2016\/11\/IMG_1517-1-e1480344955185.jpg","type":"image\/jpeg"}],"twitter_card":"summary","twitter_site":"@lisajeannin","schema":{"@context":"https:\/\/schema.org","@graph":[{"@type":"Organization","@id":"http:\/\/www.alchemillasapotek.com\/sv\/#organization","name":"Alchemillas Apotek","url":"http:\/\/www.alchemillasapotek.com\/sv\/","sameAs":["https:\/\/www.facebook.com\/AlchemillasApotek\/","https:\/\/www.instagram.com\/alchemillasapotek\/","https:\/\/twitter.com\/lisajeannin"],"logo":{"@type":"ImageObject","@id":"http:\/\/www.alchemillasapotek.com\/sv\/#logo","inLanguage":"sv-SV","url":"https:\/\/www.alchemillasapotek.com\/wp-content\/uploads\/2016\/11\/Logo-AlchemillasApotek-homepage.png","contentUrl":"https:\/\/www.alchemillasapotek.com\/wp-content\/uploads\/2016\/11\/Logo-AlchemillasApotek-homepage.png","width":592,"height":580,"caption":"Alchemillas Apotek"},"image":{"@id":"http:\/\/www.alchemillasapotek.com\/sv\/#logo"}},{"@type":"WebSite","@id":"http:\/\/www.alchemillasapotek.com\/sv\/#website","url":"http:\/\/www.alchemillasapotek.com\/sv\/","name":"Alchemillas Apotek","description":"Spagyric Tinctures &amp; Initiatic Plantmedicine for vibrant health and spiritual evolution.","publisher":{"@id":"http:\/\/www.alchemillasapotek.com\/sv\/#organization"},"potentialAction":[{"@type":"SearchAction","target":{"@type":"EntryPoint","urlTemplate":"http:\/\/www.alchemillasapotek.com\/sv\/?s={search_term_string}"},"query-input":"required name=search_term_string"}],"inLanguage":"sv-SV"},{"@type":"ImageObject","@id":"http:\/\/www.alchemillasapotek.com\/water\/sambucus-nigra\/#primaryimage","inLanguage":"sv-SV","url":"http:\/\/www.alchemillasapotek.com\/wp-content\/uploads\/2016\/11\/IMG_1517-1-e1480344955185.jpg","contentUrl":"http:\/\/www.alchemillasapotek.com\/wp-content\/uploads\/2016\/11\/IMG_1517-1-e1480344955185.jpg","width":1200,"height":1200,"caption":"Sambucus Nigra"},{"@type":"WebPage","@id":"http:\/\/www.alchemillasapotek.com\/water\/sambucus-nigra\/#webpage","url":"http:\/\/www.alchemillasapotek.com\/water\/sambucus-nigra\/","name":"[:en]Elder[:sv]Fl\u00e4der[:] ~ Alchemillas Apotek","isPartOf":{"@id":"http:\/\/www.alchemillasapotek.com\/sv\/#website"},"primaryImageOfPage":{"@id":"http:\/\/www.alchemillasapotek.com\/water\/sambucus-nigra\/#primaryimage"},"datePublished":"2016-11-28T14:53:25+00:00","dateModified":"2017-01-15T12:23:15+00:00","description":"Alchemillas Apotek: spagyric tinctures, hydrosols, services, and formulas. Please contact us for more information.","breadcrumb":{"@id":"http:\/\/www.alchemillasapotek.com\/water\/sambucus-nigra\/#breadcrumb"},"inLanguage":"sv-SV","potentialAction":[{"@type":"ReadAction","target":["http:\/\/www.alchemillasapotek.com\/water\/sambucus-nigra\/"]}]},{"@type":"BreadcrumbList","@id":"http:\/\/www.alchemillasapotek.com\/water\/sambucus-nigra\/#breadcrumb","itemListElement":[{"@type":"ListItem","position":1,"name":"Home","item":"http:\/\/www.alchemillasapotek.com\/sv\/"},{"@type":"ListItem","position":2,"name":"Vatten","item":"http:\/\/www.alchemillasapotek.com\/sv\/water\/"},{"@type":"ListItem","position":3,"name":"Elder"}]}]}},"_links":{"self":[{"href":"http:\/\/www.alchemillasapotek.com\/sv\/wp-json\/wp\/v2\/product\/469"}],"collection":[{"href":"http:\/\/www.alchemillasapotek.com\/sv\/wp-json\/wp\/v2\/product"}],"about":[{"href":"http:\/\/www.alchemillasapotek.com\/sv\/wp-json\/wp\/v2\/types\/product"}],"replies":[{"embeddable":true,"href":"http:\/\/www.alchemillasapotek.com\/sv\/wp-json\/wp\/v2\/comments?post=469"}],"wp:featuredmedia":[{"embeddable":true,"href":"http:\/\/www.alchemillasapotek.com\/sv\/wp-json\/wp\/v2\/media\/470"}],"wp:attachment":[{"href":"http:\/\/www.alchemillasapotek.com\/sv\/wp-json\/wp\/v2\/media?parent=469"}],"wp:term":[{"taxonomy":"product_cat","embeddable":true,"href":"http:\/\/www.alchemillasapotek.com\/sv\/wp-json\/wp\/v2\/product_cat?post=469"},{"taxonomy":"product_tag","embeddable":true,"href":"http:\/\/www.alchemillasapotek.com\/sv\/wp-json\/wp\/v2\/product_tag?post=469"}],"curies":[{"name":"wp","href":"https:\/\/api.w.org\/{rel}","templated":true}]}}