{"id":479,"date":"2016-11-28T15:13:54","date_gmt":"2016-11-28T15:13:54","guid":{"rendered":"http:\/\/www.alchemillasapotek.com\/water-2\/hydrosols\/hydrosol-of-pelargonium-graveolens\/"},"modified":"2017-01-15T12:26:54","modified_gmt":"2017-01-15T12:26:54","slug":"hydrosol-of-pelargonium-graveolens","status":"publish","type":"product","link":"http:\/\/www.alchemillasapotek.com\/sv\/water\/hydrosol-of-pelargonium-graveolens\/","title":{"rendered":"Hydrolat av Pelargonium Graveolens"},"content":{"rendered":"<img loading=\"lazy\" class=\"alignnone wp-image-480 size-large\" src=\"\/\/www.alchemillasapotek.com\/wp-content\/uploads\/2016\/11\/IMG_1803-1024x1024.jpg\" alt=\"Pelargonium Graveolens\" width=\"1024\" height=\"1024\" \/> <img loading=\"lazy\" class=\"alignnone wp-image-482 size-large\" src=\"\/\/www.alchemillasapotek.com\/wp-content\/uploads\/2016\/11\/IMG_1190-1024x1024.jpg\" alt=\"Pelargonium Graveolens\" width=\"1024\" height=\"1024\" \/>","protected":false},"excerpt":{"rendered":"<h5>Blommig, upplyftande doft<\/h5>\n<p>&nbsp;<\/p>\n<ul>\n<li>Dr Westerlund verkar \u00e5terfuktande och doftar underbart. V\u00e4ldigt upplyftande k\u00e4nslom\u00e4ssigt.<\/li>\n<\/ul>\n<p>&nbsp;<\/p>\n<ul>\n<li>Verkar kylande vid v\u00e4rmevallningar och kan med f\u00f6rdel blandas med pepparmynta hydrolat att spraya och att dricka utsp\u00e4dd i vatten.<\/li>\n<\/ul>\n<p>&nbsp;<\/p>\n<ul>\n<li>Balanserande k\u00e4nslom\u00e4ssigt och f\u00f6r det endokrina systemet. Bra vid PMS.<\/li>\n<\/ul>\n<p>&nbsp;<\/p>\n<ul>\n<li>\u00c5terskapar celler, utm\u00e4rkt f\u00f6r mogen hy.<\/li>\n<\/ul>\n<p>&nbsp;<\/p>\n<ul>\n<li>Antiinflammatorisk, bra vid rosacea, rodnader av alla slag, solsveda, brustna blodk\u00e4rl.<\/li>\n<\/ul>\n<p>&nbsp;<\/p>\n<ul>\n<li>Dr Westerlund \u00e4r en naturlig hemostatika, det vill s\u00e4ga den stillar blod, s\u00e5 den \u00e4r bra att spraya p\u00e5 sk\u00e4rs\u00e5r, skrubbs\u00e5r och vid \u201cbarnolyckor\u201d.<\/li>\n<\/ul>\n<p>&nbsp;<\/p>\n<ul>\n<li>P\u00e5 ett energi-plan balanserar Dr Westerlund tvillingsj\u00e4larna manligt\/kvinligt inom oss.<\/li>\n<\/ul>\n<p>&nbsp;<\/p>\n<ul>\n<li>Lindrar melankoli och ger tr\u00f6st.<\/li>\n<\/ul>\n<p>&hellip; <a class=\"kt-excerpt-readmore\" href=\"http:\/\/www.alchemillasapotek.com\/sv\/water\/hydrosol-of-pelargonium-graveolens\/\" aria-label=\"Hydrolat av Pelargonium Graveolens\">Read More<\/a><\/p>\n","protected":false},"featured_media":481,"comment_status":"closed","ping_status":"closed","template":"","meta":[],"product_cat":[8],"product_tag":[290,280,289,288,291,34,292,287,77,66,122],"yoast_head":"<!-- This site is optimized with the Yoast SEO plugin v18.4.1 - https:\/\/yoast.com\/wordpress\/plugins\/seo\/ -->\n<title>Hydrolat av Pelargonium Graveolens ~ Alchemillas Apotek<\/title>\n<meta name=\"description\" content=\"Alchemillas Apotek: spagyric tinctures, hydrosols, services, and formulas. Please contact us for more information.\" \/>\n<meta name=\"robots\" content=\"index, follow, max-snippet:-1, max-image-preview:large, max-video-preview:-1\" \/>\n<link rel=\"canonical\" href=\"http:\/\/www.alchemillasapotek.com\/water\/hydrosol-of-pelargonium-graveolens\/\" \/>\n<meta property=\"og:locale\" content=\"en_US\" \/>\n<meta property=\"og:type\" content=\"article\" \/>\n<meta property=\"og:title\" content=\"[:en]Hydrosol of Pelargonium Graveolens[:sv]Hydrolat av Pelargonium Graveolens[:] ~ Alchemillas Apotek\" \/>\n<meta property=\"og:description\" content=\"Alchemillas Apotek: spagyric tinctures, hydrosols, services, and formulas. Please contact us for more information.\" \/>\n<meta property=\"og:url\" content=\"http:\/\/www.alchemillasapotek.com\/water\/hydrosol-of-pelargonium-graveolens\/\" \/>\n<meta property=\"og:site_name\" content=\"Alchemillas Apotek\" \/>\n<meta property=\"article:publisher\" content=\"https:\/\/www.facebook.com\/AlchemillasApotek\/\" \/>\n<meta property=\"article:modified_time\" content=\"2017-01-15T12:26:54+00:00\" \/>\n<meta property=\"og:image\" content=\"http:\/\/www.alchemillasapotek.com\/wp-content\/uploads\/2016\/11\/IMG_1799-e1480346417348.jpg\" \/>\n\t<meta property=\"og:image:width\" content=\"1200\" \/>\n\t<meta property=\"og:image:height\" content=\"1200\" \/>\n\t<meta property=\"og:image:type\" content=\"image\/jpeg\" \/>\n<meta name=\"twitter:card\" content=\"summary\" \/>\n<meta name=\"twitter:site\" content=\"@lisajeannin\" \/>\n<script type=\"application\/ld+json\" class=\"yoast-schema-graph\">{\"@context\":\"https:\/\/schema.org\",\"@graph\":[{\"@type\":\"Organization\",\"@id\":\"https:\/\/www.alchemillasapotek.com\/#organization\",\"name\":\"Alchemillas Apotek\",\"url\":\"https:\/\/www.alchemillasapotek.com\/\",\"sameAs\":[\"https:\/\/www.facebook.com\/AlchemillasApotek\/\",\"https:\/\/www.instagram.com\/alchemillasapotek\/\",\"https:\/\/twitter.com\/lisajeannin\"],\"logo\":{\"@type\":\"ImageObject\",\"@id\":\"https:\/\/www.alchemillasapotek.com\/#logo\",\"inLanguage\":\"sv-SV\",\"url\":\"https:\/\/www.alchemillasapotek.com\/wp-content\/uploads\/2016\/11\/Logo-AlchemillasApotek-homepage.png\",\"contentUrl\":\"https:\/\/www.alchemillasapotek.com\/wp-content\/uploads\/2016\/11\/Logo-AlchemillasApotek-homepage.png\",\"width\":592,\"height\":580,\"caption\":\"Alchemillas Apotek\"},\"image\":{\"@id\":\"https:\/\/www.alchemillasapotek.com\/#logo\"}},{\"@type\":\"WebSite\",\"@id\":\"https:\/\/www.alchemillasapotek.com\/#website\",\"url\":\"https:\/\/www.alchemillasapotek.com\/\",\"name\":\"Alchemillas Apotek\",\"description\":\"Spagyric Tinctures &amp; Initiatic Plantmedicine for vibrant health and spiritual evolution.\",\"publisher\":{\"@id\":\"https:\/\/www.alchemillasapotek.com\/#organization\"},\"potentialAction\":[{\"@type\":\"SearchAction\",\"target\":{\"@type\":\"EntryPoint\",\"urlTemplate\":\"https:\/\/www.alchemillasapotek.com\/?s={search_term_string}\"},\"query-input\":\"required name=search_term_string\"}],\"inLanguage\":\"sv-SV\"},{\"@type\":\"ImageObject\",\"@id\":\"http:\/\/www.alchemillasapotek.com\/water\/hydrosol-of-pelargonium-graveolens\/#primaryimage\",\"inLanguage\":\"sv-SV\",\"url\":\"http:\/\/www.alchemillasapotek.com\/wp-content\/uploads\/2016\/11\/IMG_1799-e1480346417348.jpg\",\"contentUrl\":\"http:\/\/www.alchemillasapotek.com\/wp-content\/uploads\/2016\/11\/IMG_1799-e1480346417348.jpg\",\"width\":1200,\"height\":1200,\"caption\":\"Pelargonium Graveolens\"},{\"@type\":\"WebPage\",\"@id\":\"http:\/\/www.alchemillasapotek.com\/water\/hydrosol-of-pelargonium-graveolens\/#webpage\",\"url\":\"http:\/\/www.alchemillasapotek.com\/water\/hydrosol-of-pelargonium-graveolens\/\",\"name\":\"[:en]Hydrosol of Pelargonium Graveolens[:sv]Hydrolat av Pelargonium Graveolens[:] ~ Alchemillas Apotek\",\"isPartOf\":{\"@id\":\"https:\/\/www.alchemillasapotek.com\/#website\"},\"primaryImageOfPage\":{\"@id\":\"http:\/\/www.alchemillasapotek.com\/water\/hydrosol-of-pelargonium-graveolens\/#primaryimage\"},\"datePublished\":\"2016-11-28T15:13:54+00:00\",\"dateModified\":\"2017-01-15T12:26:54+00:00\",\"description\":\"Alchemillas Apotek: spagyric tinctures, hydrosols, services, and formulas. Please contact us for more information.\",\"breadcrumb\":{\"@id\":\"http:\/\/www.alchemillasapotek.com\/water\/hydrosol-of-pelargonium-graveolens\/#breadcrumb\"},\"inLanguage\":\"sv-SV\",\"potentialAction\":[{\"@type\":\"ReadAction\",\"target\":[\"http:\/\/www.alchemillasapotek.com\/water\/hydrosol-of-pelargonium-graveolens\/\"]}]},{\"@type\":\"BreadcrumbList\",\"@id\":\"http:\/\/www.alchemillasapotek.com\/water\/hydrosol-of-pelargonium-graveolens\/#breadcrumb\",\"itemListElement\":[{\"@type\":\"ListItem\",\"position\":1,\"name\":\"Home\",\"item\":\"https:\/\/www.alchemillasapotek.com\/\"},{\"@type\":\"ListItem\",\"position\":2,\"name\":\"Vatten\",\"item\":\"https:\/\/www.alchemillasapotek.com\/sv\/water\/\"},{\"@type\":\"ListItem\",\"position\":3,\"name\":\"Hydrosol of Pelargonium Graveolens\"}]}]}<\/script>\n<!-- \/ Yoast SEO plugin. -->","yoast_head_json":{"title":"[:en]Hydrosol of Pelargonium Graveolens[:sv]Hydrolat av Pelargonium Graveolens[:] ~ Alchemillas Apotek","description":"Alchemillas Apotek: spagyric tinctures, hydrosols, services, and formulas. Please contact us for more information.","robots":{"index":"index","follow":"follow","max-snippet":"max-snippet:-1","max-image-preview":"max-image-preview:large","max-video-preview":"max-video-preview:-1"},"canonical":"http:\/\/www.alchemillasapotek.com\/water\/hydrosol-of-pelargonium-graveolens\/","og_locale":"en_US","og_type":"article","og_title":"[:en]Hydrosol of Pelargonium Graveolens[:sv]Hydrolat av Pelargonium Graveolens[:] ~ Alchemillas Apotek","og_description":"Alchemillas Apotek: spagyric tinctures, hydrosols, services, and formulas. Please contact us for more information.","og_url":"http:\/\/www.alchemillasapotek.com\/water\/hydrosol-of-pelargonium-graveolens\/","og_site_name":"Alchemillas Apotek","article_publisher":"https:\/\/www.facebook.com\/AlchemillasApotek\/","article_modified_time":"2017-01-15T12:26:54+00:00","og_image":[{"width":1200,"height":1200,"url":"http:\/\/www.alchemillasapotek.com\/wp-content\/uploads\/2016\/11\/IMG_1799-e1480346417348.jpg","type":"image\/jpeg"}],"twitter_card":"summary","twitter_site":"@lisajeannin","schema":{"@context":"https:\/\/schema.org","@graph":[{"@type":"Organization","@id":"https:\/\/www.alchemillasapotek.com\/#organization","name":"Alchemillas Apotek","url":"https:\/\/www.alchemillasapotek.com\/","sameAs":["https:\/\/www.facebook.com\/AlchemillasApotek\/","https:\/\/www.instagram.com\/alchemillasapotek\/","https:\/\/twitter.com\/lisajeannin"],"logo":{"@type":"ImageObject","@id":"https:\/\/www.alchemillasapotek.com\/#logo","inLanguage":"sv-SV","url":"https:\/\/www.alchemillasapotek.com\/wp-content\/uploads\/2016\/11\/Logo-AlchemillasApotek-homepage.png","contentUrl":"https:\/\/www.alchemillasapotek.com\/wp-content\/uploads\/2016\/11\/Logo-AlchemillasApotek-homepage.png","width":592,"height":580,"caption":"Alchemillas Apotek"},"image":{"@id":"https:\/\/www.alchemillasapotek.com\/#logo"}},{"@type":"WebSite","@id":"https:\/\/www.alchemillasapotek.com\/#website","url":"https:\/\/www.alchemillasapotek.com\/","name":"Alchemillas Apotek","description":"Spagyric Tinctures &amp; Initiatic Plantmedicine for vibrant health and spiritual evolution.","publisher":{"@id":"https:\/\/www.alchemillasapotek.com\/#organization"},"potentialAction":[{"@type":"SearchAction","target":{"@type":"EntryPoint","urlTemplate":"https:\/\/www.alchemillasapotek.com\/?s={search_term_string}"},"query-input":"required name=search_term_string"}],"inLanguage":"sv-SV"},{"@type":"ImageObject","@id":"http:\/\/www.alchemillasapotek.com\/water\/hydrosol-of-pelargonium-graveolens\/#primaryimage","inLanguage":"sv-SV","url":"http:\/\/www.alchemillasapotek.com\/wp-content\/uploads\/2016\/11\/IMG_1799-e1480346417348.jpg","contentUrl":"http:\/\/www.alchemillasapotek.com\/wp-content\/uploads\/2016\/11\/IMG_1799-e1480346417348.jpg","width":1200,"height":1200,"caption":"Pelargonium Graveolens"},{"@type":"WebPage","@id":"http:\/\/www.alchemillasapotek.com\/water\/hydrosol-of-pelargonium-graveolens\/#webpage","url":"http:\/\/www.alchemillasapotek.com\/water\/hydrosol-of-pelargonium-graveolens\/","name":"[:en]Hydrosol of Pelargonium Graveolens[:sv]Hydrolat av Pelargonium Graveolens[:] ~ Alchemillas Apotek","isPartOf":{"@id":"https:\/\/www.alchemillasapotek.com\/#website"},"primaryImageOfPage":{"@id":"http:\/\/www.alchemillasapotek.com\/water\/hydrosol-of-pelargonium-graveolens\/#primaryimage"},"datePublished":"2016-11-28T15:13:54+00:00","dateModified":"2017-01-15T12:26:54+00:00","description":"Alchemillas Apotek: spagyric tinctures, hydrosols, services, and formulas. Please contact us for more information.","breadcrumb":{"@id":"http:\/\/www.alchemillasapotek.com\/water\/hydrosol-of-pelargonium-graveolens\/#breadcrumb"},"inLanguage":"sv-SV","potentialAction":[{"@type":"ReadAction","target":["http:\/\/www.alchemillasapotek.com\/water\/hydrosol-of-pelargonium-graveolens\/"]}]},{"@type":"BreadcrumbList","@id":"http:\/\/www.alchemillasapotek.com\/water\/hydrosol-of-pelargonium-graveolens\/#breadcrumb","itemListElement":[{"@type":"ListItem","position":1,"name":"Home","item":"https:\/\/www.alchemillasapotek.com\/"},{"@type":"ListItem","position":2,"name":"Vatten","item":"https:\/\/www.alchemillasapotek.com\/sv\/water\/"},{"@type":"ListItem","position":3,"name":"Hydrosol of Pelargonium Graveolens"}]}]}},"_links":{"self":[{"href":"http:\/\/www.alchemillasapotek.com\/sv\/wp-json\/wp\/v2\/product\/479"}],"collection":[{"href":"http:\/\/www.alchemillasapotek.com\/sv\/wp-json\/wp\/v2\/product"}],"about":[{"href":"http:\/\/www.alchemillasapotek.com\/sv\/wp-json\/wp\/v2\/types\/product"}],"replies":[{"embeddable":true,"href":"http:\/\/www.alchemillasapotek.com\/sv\/wp-json\/wp\/v2\/comments?post=479"}],"wp:featuredmedia":[{"embeddable":true,"href":"http:\/\/www.alchemillasapotek.com\/sv\/wp-json\/wp\/v2\/media\/481"}],"wp:attachment":[{"href":"http:\/\/www.alchemillasapotek.com\/sv\/wp-json\/wp\/v2\/media?parent=479"}],"wp:term":[{"taxonomy":"product_cat","embeddable":true,"href":"http:\/\/www.alchemillasapotek.com\/sv\/wp-json\/wp\/v2\/product_cat?post=479"},{"taxonomy":"product_tag","embeddable":true,"href":"http:\/\/www.alchemillasapotek.com\/sv\/wp-json\/wp\/v2\/product_tag?post=479"}],"curies":[{"name":"wp","href":"https:\/\/api.w.org\/{rel}","templated":true}]}}