{"id":483,"date":"2016-11-28T15:21:20","date_gmt":"2016-11-28T15:21:20","guid":{"rendered":"http:\/\/www.alchemillasapotek.com\/water-2\/hydrosols\/hydrosol-of-rosmarinus-officinalis\/"},"modified":"2017-01-15T12:27:52","modified_gmt":"2017-01-15T12:27:52","slug":"hydrosol-of-rosmarinus-officinalis","status":"publish","type":"product","link":"http:\/\/www.alchemillasapotek.com\/sv\/water\/hydrosol-of-rosmarinus-officinalis\/","title":{"rendered":"Hydrolat av Rosmarinus Officinalis"},"content":{"rendered":"<img loading=\"lazy\" class=\"alignnone wp-image-487 size-large\" src=\"\/\/www.alchemillasapotek.com\/wp-content\/uploads\/2016\/11\/3-1-1024x1024.jpg\" alt=\"Rosmarinus Officinalis\" width=\"1024\" height=\"1024\" \/> <img loading=\"lazy\" class=\"alignnone wp-image-486 size-large\" src=\"\/\/www.alchemillasapotek.com\/wp-content\/uploads\/2016\/11\/rosmarin-1024x1024.jpg\" alt=\"Rosmarinus Officinalis\" width=\"1024\" height=\"1024\" \/>","protected":false},"excerpt":{"rendered":"<p>Gr\u00f6n, s\u00f6t och kryddig doft<\/p>\n<p>Rosmarin \u00e4r en kraftfull antioxidant som stimulerar levern och gallbl\u00e5san, gallproduktionen och fr\u00e4mjar matsm\u00e4ltningen.<\/p>\n<p>&nbsp;<\/p>\n<ul>\n<li>Rosmarin \u00e4r bra vid en detox eller fasta d\u00e5 den hj\u00e4lper till att eliminera gifter och hungersk\u00e4nslor. Ta en tesked hydrolat till ett glas vatten.<\/li>\n<\/ul>\n<p>&nbsp;<\/p>\n<ul>\n<li>Rosmarin stimulerar sinnet och kroppen. Den \u00e4r ett bra alternativ f\u00f6r de som vill sluta med kaffe.<\/li>\n<\/ul>\n<p>&nbsp;<\/p>\n<ul>\n<li>Rosmarin \u00e4r bra f\u00f6r minnet och f\u00f6r dr\u00f6marbeten, bra att spraya runt sig n\u00e4r man skriver eller studerar.<\/li>\n<\/ul>\n<p>&nbsp;<\/p>\n<ul>\n<li>Rosmarin \u00e4r bra om man vill att h\u00e5ret ska v\u00e4xa och f\u00f6r att f\u00e5 det glansigt och tjockt. Spraya och massera h\u00e5rbotten.<\/li>\n<\/ul>\n<p>&nbsp;<\/p>\n<ul>\n<li>Rosmarin har med kronchakrat att g\u00f6ra.<\/li>\n<\/ul>\n<p>&nbsp;<\/p>\n<p>Anv\u00e4nd ej inv\u00e4rtes vid graviditet eller amning.&hellip; <a class=\"kt-excerpt-readmore\" href=\"http:\/\/www.alchemillasapotek.com\/sv\/water\/hydrosol-of-rosmarinus-officinalis\/\" aria-label=\"Hydrolat av Rosmarinus Officinalis\">Read More<\/a><\/p>\n","protected":false},"featured_media":485,"comment_status":"closed","ping_status":"closed","template":"","meta":[],"product_cat":[8],"product_tag":[58,68,96,63,44,43,42,33],"yoast_head":"<!-- This site is optimized with the Yoast SEO plugin v18.4.1 - https:\/\/yoast.com\/wordpress\/plugins\/seo\/ -->\n<title>Hydrolat av Rosmarinus Officinalis ~ Alchemillas Apotek<\/title>\n<meta name=\"description\" content=\"Alchemillas Apotek: spagyric tinctures, hydrosols, services, and formulas. Please contact us for more information.\" \/>\n<meta name=\"robots\" content=\"index, follow, max-snippet:-1, max-image-preview:large, max-video-preview:-1\" \/>\n<link rel=\"canonical\" href=\"https:\/\/www.alchemillasapotek.com\/water\/hydrosol-of-rosmarinus-officinalis\/\" \/>\n<meta property=\"og:locale\" content=\"en_US\" \/>\n<meta property=\"og:type\" content=\"article\" \/>\n<meta property=\"og:title\" content=\"[:en]Hydrosol Of Rosmarinus Officinalis[:sv]Hydrolat av Rosmarinus Officinalis[:] ~ Alchemillas Apotek\" \/>\n<meta property=\"og:description\" content=\"Alchemillas Apotek: spagyric tinctures, hydrosols, services, and formulas. Please contact us for more information.\" \/>\n<meta property=\"og:url\" content=\"https:\/\/www.alchemillasapotek.com\/water\/hydrosol-of-rosmarinus-officinalis\/\" \/>\n<meta property=\"og:site_name\" content=\"Alchemillas Apotek\" \/>\n<meta property=\"article:publisher\" content=\"https:\/\/www.facebook.com\/AlchemillasApotek\/\" \/>\n<meta property=\"article:modified_time\" content=\"2017-01-15T12:27:52+00:00\" \/>\n<meta property=\"og:image\" content=\"https:\/\/www.alchemillasapotek.com\/wp-content\/uploads\/2016\/11\/IMG_1793-e1480346692655.jpg\" \/>\n\t<meta property=\"og:image:width\" content=\"1200\" \/>\n\t<meta property=\"og:image:height\" content=\"1200\" \/>\n\t<meta property=\"og:image:type\" content=\"image\/jpeg\" \/>\n<meta name=\"twitter:card\" content=\"summary\" \/>\n<meta name=\"twitter:site\" content=\"@lisajeannin\" \/>\n<script type=\"application\/ld+json\" class=\"yoast-schema-graph\">{\"@context\":\"https:\/\/schema.org\",\"@graph\":[{\"@type\":\"Organization\",\"@id\":\"https:\/\/www.alchemillasapotek.com\/#organization\",\"name\":\"Alchemillas Apotek\",\"url\":\"https:\/\/www.alchemillasapotek.com\/\",\"sameAs\":[\"https:\/\/www.facebook.com\/AlchemillasApotek\/\",\"https:\/\/www.instagram.com\/alchemillasapotek\/\",\"https:\/\/twitter.com\/lisajeannin\"],\"logo\":{\"@type\":\"ImageObject\",\"@id\":\"https:\/\/www.alchemillasapotek.com\/#logo\",\"inLanguage\":\"sv-SV\",\"url\":\"https:\/\/www.alchemillasapotek.com\/wp-content\/uploads\/2016\/11\/Logo-AlchemillasApotek-homepage.png\",\"contentUrl\":\"https:\/\/www.alchemillasapotek.com\/wp-content\/uploads\/2016\/11\/Logo-AlchemillasApotek-homepage.png\",\"width\":592,\"height\":580,\"caption\":\"Alchemillas Apotek\"},\"image\":{\"@id\":\"https:\/\/www.alchemillasapotek.com\/#logo\"}},{\"@type\":\"WebSite\",\"@id\":\"https:\/\/www.alchemillasapotek.com\/#website\",\"url\":\"https:\/\/www.alchemillasapotek.com\/\",\"name\":\"Alchemillas Apotek\",\"description\":\"Spagyric Tinctures &amp; Initiatic Plantmedicine for vibrant health and spiritual evolution.\",\"publisher\":{\"@id\":\"https:\/\/www.alchemillasapotek.com\/#organization\"},\"potentialAction\":[{\"@type\":\"SearchAction\",\"target\":{\"@type\":\"EntryPoint\",\"urlTemplate\":\"https:\/\/www.alchemillasapotek.com\/?s={search_term_string}\"},\"query-input\":\"required name=search_term_string\"}],\"inLanguage\":\"sv-SV\"},{\"@type\":\"ImageObject\",\"@id\":\"https:\/\/www.alchemillasapotek.com\/water\/hydrosol-of-rosmarinus-officinalis\/#primaryimage\",\"inLanguage\":\"sv-SV\",\"url\":\"http:\/\/www.alchemillasapotek.com\/wp-content\/uploads\/2016\/11\/IMG_1793-e1480346692655.jpg\",\"contentUrl\":\"http:\/\/www.alchemillasapotek.com\/wp-content\/uploads\/2016\/11\/IMG_1793-e1480346692655.jpg\",\"width\":1200,\"height\":1200,\"caption\":\"Rosmarinus Officinalis\"},{\"@type\":\"WebPage\",\"@id\":\"https:\/\/www.alchemillasapotek.com\/water\/hydrosol-of-rosmarinus-officinalis\/#webpage\",\"url\":\"https:\/\/www.alchemillasapotek.com\/water\/hydrosol-of-rosmarinus-officinalis\/\",\"name\":\"[:en]Hydrosol Of Rosmarinus Officinalis[:sv]Hydrolat av Rosmarinus Officinalis[:] ~ Alchemillas Apotek\",\"isPartOf\":{\"@id\":\"https:\/\/www.alchemillasapotek.com\/#website\"},\"primaryImageOfPage\":{\"@id\":\"https:\/\/www.alchemillasapotek.com\/water\/hydrosol-of-rosmarinus-officinalis\/#primaryimage\"},\"datePublished\":\"2016-11-28T15:21:20+00:00\",\"dateModified\":\"2017-01-15T12:27:52+00:00\",\"description\":\"Alchemillas Apotek: spagyric tinctures, hydrosols, services, and formulas. Please contact us for more information.\",\"breadcrumb\":{\"@id\":\"https:\/\/www.alchemillasapotek.com\/water\/hydrosol-of-rosmarinus-officinalis\/#breadcrumb\"},\"inLanguage\":\"sv-SV\",\"potentialAction\":[{\"@type\":\"ReadAction\",\"target\":[\"https:\/\/www.alchemillasapotek.com\/water\/hydrosol-of-rosmarinus-officinalis\/\"]}]},{\"@type\":\"BreadcrumbList\",\"@id\":\"https:\/\/www.alchemillasapotek.com\/water\/hydrosol-of-rosmarinus-officinalis\/#breadcrumb\",\"itemListElement\":[{\"@type\":\"ListItem\",\"position\":1,\"name\":\"Home\",\"item\":\"https:\/\/www.alchemillasapotek.com\/\"},{\"@type\":\"ListItem\",\"position\":2,\"name\":\"Vatten\",\"item\":\"https:\/\/www.alchemillasapotek.com\/sv\/water\/\"},{\"@type\":\"ListItem\",\"position\":3,\"name\":\"Hydrosol Of Rosmarinus Officinalis\"}]}]}<\/script>\n<!-- \/ Yoast SEO plugin. -->","yoast_head_json":{"title":"[:en]Hydrosol Of Rosmarinus Officinalis[:sv]Hydrolat av Rosmarinus Officinalis[:] ~ Alchemillas Apotek","description":"Alchemillas Apotek: spagyric tinctures, hydrosols, services, and formulas. Please contact us for more information.","robots":{"index":"index","follow":"follow","max-snippet":"max-snippet:-1","max-image-preview":"max-image-preview:large","max-video-preview":"max-video-preview:-1"},"canonical":"https:\/\/www.alchemillasapotek.com\/water\/hydrosol-of-rosmarinus-officinalis\/","og_locale":"en_US","og_type":"article","og_title":"[:en]Hydrosol Of Rosmarinus Officinalis[:sv]Hydrolat av Rosmarinus Officinalis[:] ~ Alchemillas Apotek","og_description":"Alchemillas Apotek: spagyric tinctures, hydrosols, services, and formulas. Please contact us for more information.","og_url":"https:\/\/www.alchemillasapotek.com\/water\/hydrosol-of-rosmarinus-officinalis\/","og_site_name":"Alchemillas Apotek","article_publisher":"https:\/\/www.facebook.com\/AlchemillasApotek\/","article_modified_time":"2017-01-15T12:27:52+00:00","og_image":[{"width":1200,"height":1200,"url":"https:\/\/www.alchemillasapotek.com\/wp-content\/uploads\/2016\/11\/IMG_1793-e1480346692655.jpg","type":"image\/jpeg"}],"twitter_card":"summary","twitter_site":"@lisajeannin","schema":{"@context":"https:\/\/schema.org","@graph":[{"@type":"Organization","@id":"https:\/\/www.alchemillasapotek.com\/#organization","name":"Alchemillas Apotek","url":"https:\/\/www.alchemillasapotek.com\/","sameAs":["https:\/\/www.facebook.com\/AlchemillasApotek\/","https:\/\/www.instagram.com\/alchemillasapotek\/","https:\/\/twitter.com\/lisajeannin"],"logo":{"@type":"ImageObject","@id":"https:\/\/www.alchemillasapotek.com\/#logo","inLanguage":"sv-SV","url":"https:\/\/www.alchemillasapotek.com\/wp-content\/uploads\/2016\/11\/Logo-AlchemillasApotek-homepage.png","contentUrl":"https:\/\/www.alchemillasapotek.com\/wp-content\/uploads\/2016\/11\/Logo-AlchemillasApotek-homepage.png","width":592,"height":580,"caption":"Alchemillas Apotek"},"image":{"@id":"https:\/\/www.alchemillasapotek.com\/#logo"}},{"@type":"WebSite","@id":"https:\/\/www.alchemillasapotek.com\/#website","url":"https:\/\/www.alchemillasapotek.com\/","name":"Alchemillas Apotek","description":"Spagyric Tinctures &amp; Initiatic Plantmedicine for vibrant health and spiritual evolution.","publisher":{"@id":"https:\/\/www.alchemillasapotek.com\/#organization"},"potentialAction":[{"@type":"SearchAction","target":{"@type":"EntryPoint","urlTemplate":"https:\/\/www.alchemillasapotek.com\/?s={search_term_string}"},"query-input":"required name=search_term_string"}],"inLanguage":"sv-SV"},{"@type":"ImageObject","@id":"https:\/\/www.alchemillasapotek.com\/water\/hydrosol-of-rosmarinus-officinalis\/#primaryimage","inLanguage":"sv-SV","url":"http:\/\/www.alchemillasapotek.com\/wp-content\/uploads\/2016\/11\/IMG_1793-e1480346692655.jpg","contentUrl":"http:\/\/www.alchemillasapotek.com\/wp-content\/uploads\/2016\/11\/IMG_1793-e1480346692655.jpg","width":1200,"height":1200,"caption":"Rosmarinus Officinalis"},{"@type":"WebPage","@id":"https:\/\/www.alchemillasapotek.com\/water\/hydrosol-of-rosmarinus-officinalis\/#webpage","url":"https:\/\/www.alchemillasapotek.com\/water\/hydrosol-of-rosmarinus-officinalis\/","name":"[:en]Hydrosol Of Rosmarinus Officinalis[:sv]Hydrolat av Rosmarinus Officinalis[:] ~ Alchemillas Apotek","isPartOf":{"@id":"https:\/\/www.alchemillasapotek.com\/#website"},"primaryImageOfPage":{"@id":"https:\/\/www.alchemillasapotek.com\/water\/hydrosol-of-rosmarinus-officinalis\/#primaryimage"},"datePublished":"2016-11-28T15:21:20+00:00","dateModified":"2017-01-15T12:27:52+00:00","description":"Alchemillas Apotek: spagyric tinctures, hydrosols, services, and formulas. Please contact us for more information.","breadcrumb":{"@id":"https:\/\/www.alchemillasapotek.com\/water\/hydrosol-of-rosmarinus-officinalis\/#breadcrumb"},"inLanguage":"sv-SV","potentialAction":[{"@type":"ReadAction","target":["https:\/\/www.alchemillasapotek.com\/water\/hydrosol-of-rosmarinus-officinalis\/"]}]},{"@type":"BreadcrumbList","@id":"https:\/\/www.alchemillasapotek.com\/water\/hydrosol-of-rosmarinus-officinalis\/#breadcrumb","itemListElement":[{"@type":"ListItem","position":1,"name":"Home","item":"https:\/\/www.alchemillasapotek.com\/"},{"@type":"ListItem","position":2,"name":"Vatten","item":"https:\/\/www.alchemillasapotek.com\/sv\/water\/"},{"@type":"ListItem","position":3,"name":"Hydrosol Of Rosmarinus Officinalis"}]}]}},"_links":{"self":[{"href":"http:\/\/www.alchemillasapotek.com\/sv\/wp-json\/wp\/v2\/product\/483"}],"collection":[{"href":"http:\/\/www.alchemillasapotek.com\/sv\/wp-json\/wp\/v2\/product"}],"about":[{"href":"http:\/\/www.alchemillasapotek.com\/sv\/wp-json\/wp\/v2\/types\/product"}],"replies":[{"embeddable":true,"href":"http:\/\/www.alchemillasapotek.com\/sv\/wp-json\/wp\/v2\/comments?post=483"}],"wp:featuredmedia":[{"embeddable":true,"href":"http:\/\/www.alchemillasapotek.com\/sv\/wp-json\/wp\/v2\/media\/485"}],"wp:attachment":[{"href":"http:\/\/www.alchemillasapotek.com\/sv\/wp-json\/wp\/v2\/media?parent=483"}],"wp:term":[{"taxonomy":"product_cat","embeddable":true,"href":"http:\/\/www.alchemillasapotek.com\/sv\/wp-json\/wp\/v2\/product_cat?post=483"},{"taxonomy":"product_tag","embeddable":true,"href":"http:\/\/www.alchemillasapotek.com\/sv\/wp-json\/wp\/v2\/product_tag?post=483"}],"curies":[{"name":"wp","href":"https:\/\/api.w.org\/{rel}","templated":true}]}}