{"id":697,"date":"2017-01-08T11:25:06","date_gmt":"2017-01-08T11:25:06","guid":{"rendered":"http:\/\/www.alchemillasapotek.com\/water-2\/formulas\/7-chakras\/"},"modified":"2017-01-15T12:34:00","modified_gmt":"2017-01-15T12:34:00","slug":"7-chakras","status":"publish","type":"product","link":"http:\/\/www.alchemillasapotek.com\/sv\/water\/7-chakras\/","title":{"rendered":"7 Chakran"},"content":{"rendered":"<h3>Muladhara \u2013 Rotchakrat<\/h3>\n<hr \/>\n<ul>\n<li>\u00d6verlevnad \u2013 R\u00e4tten att finnas till.<\/li>\n<li>F\u00f6rm\u00e5gan att st\u00e5 upp f\u00f6r och skydda sig sj\u00e4lv.<\/li>\n<\/ul>\n<p>Den fysiska v\u00e4rlden.<\/p>\n<p>&nbsp;<\/p>\n<p>Spagyriskt elixir av:<\/p>\n<p>Cypress, Stor Kardborrerot, Haritaki, Chaga och \u00c5kerfr\u00e4ken.<\/p>\n<p>Hydrolat av cypress, det extraherade mineralsaltet av ovan n\u00e4mnda v\u00e4xter, ekologisk alkohol.<\/p>\n<p>&nbsp;<\/p>\n<p>Ta 7 droppar direkt p\u00e5 tungan eller i lite vatten.<\/p>\n<p>Anv\u00e4nd ej vid graviditet.<\/p>\n<p>&nbsp;<\/p>\n<h3>Svadhisthana \u2013 The Sacral Chakra<\/h3>\n<hr \/>\n<ul>\n<li>K\u00e4nslor \u2013 R\u00e4tten att k\u00e4nna.<\/li>\n<li>F\u00f6rm\u00e5gan till social interaktion och intimitet.<\/li>\n<\/ul>\n<p>I kontakt med alla sinnen och k\u00e4nslof\u00f6rnimmelser.<\/p>\n<p>&nbsp;<\/p>\n<p>&nbsp;<\/p>\n<p>Spagyriskt elixir av:<\/p>\n<p>Sn\u00e4rjm\u00e5ra, Ringblomma, Damiana, Hibiskus och Stens\u00f6ta.<\/p>\n<p>Hydrolat av sn\u00e4rjm\u00e5ra, det extraherade mineralsaltet av ovan n\u00e4mnda v\u00e4xter, ekologisk alkohol.<\/p>\n<p>&nbsp;<\/p>\n<p>Ta 7 droppar direkt p\u00e5 tungan eller i lite vatten.<\/p>\n<p>&nbsp;<\/p>\n<h3>Manipura \u2013 Solarplexuschakrat<\/h3>\n<hr \/>\n<ul>\n<li>Inre styrka \u2013 R\u00e4tten att t\u00e4nka.<\/li>\n<li>F\u00f6rm\u00e5gan till sj\u00e4lvkontroll och sinne f\u00f6r humor.<\/li>\n<\/ul>\n<p>Balansera intellekt, sj\u00e4lvk\u00e4nsla och ego.<\/p>\n<p>&nbsp;<\/p>\n<p>&nbsp;<\/p>\n<p>Spagyriskt elixir av:<\/p>\n<p>N\u00e4sselfr\u00f6 och blad, Ashwagandharot, Saffran, Gurkmeja och Humlesuga.<\/p>\n<p>\u00c5skregn, det extraherade mineralsaltet av ovann\u00e4mnda v\u00e4xter, ekologisk alkohol.<\/p>\n<p>&nbsp;<\/p>\n<p>Ta 7 droppar direkt p\u00e5 tungan eller i lite vatten.<\/p>\n<p>Anv\u00e4nd ej om du tar receptbelagda mediciner d\u00e5 ashwagandha f\u00f6rst\u00e4rker effekten av dessa.<\/p>\n<p>&nbsp;<\/p>\n<p>&nbsp;<\/p>\n<h3>Anahatha \u2013 Hj\u00e4rtchakrat<\/h3>\n<hr \/>\n<ul>\n<li>Relationer \u2013 R\u00e4tten att \u00e4lska.<\/li>\n<li>F\u00f6rm\u00e5gan att acceptera och \u00e4lska sig sj\u00e4lv.<\/li>\n<\/ul>\n<p>K\u00e4rlek, medk\u00e4nsla och f\u00f6rl\u00e5telse.<\/p>\n<p>&nbsp;<\/p>\n<p>Spagyriskt elixir av:<\/p>\n<p>Lindblom och blad, Vildros, Hagtornsblommor, b\u00e4r och blad, Kungsljusblad, Hj\u00e4rtstilla.<\/p>\n<p>&nbsp;<\/p>\n<p>Hydrolat av lindblommor, det extraherade mineralsaltet av ovan n\u00e4mnda v\u00e4xter, ekologisk alkohol.<\/p>\n<p>&nbsp;<\/p>\n<p>Ta 7 droppar direkt p\u00e5 tungan eller i lite vatten.<\/p>\n<p>Anv\u00e4nd ej om du tar receptbelagd medicin utan att konsultera din l\u00e4kare.<\/p>\n<p>&nbsp;<\/p>\n<p>&nbsp;<\/p>\n<h3>Vishuddha \u2013 Halschakrat<\/h3>\n<hr \/>\n<ul>\n<li>Uttryck- R\u00e4tten att tala.<\/li>\n<li>F\u00f6rm\u00e5gan till uttryck och att uttrycka sin inre sanning.<\/li>\n<\/ul>\n<p>Tillit, lojalitet och organisation.<\/p>\n<p>&nbsp;<\/p>\n<p>&nbsp;<\/p>\n<p>Spagyrsikt elixir av:<\/p>\n<p>Salvia, Orrisrot, Kalmusrot, Kungsljusblad, Lomatium.<\/p>\n<p>Hydrolat av kalmusrot, det extraherade mineralsaltet av ovan n\u00e4mnda v\u00e4xter, ekologisk alkohol.<\/p>\n<p>&nbsp;<\/p>\n<p>Ta 7 droppar direkt p\u00e5 tungan eller i lite vatten.<\/p>\n<p>&nbsp;<\/p>\n<p>&nbsp;<\/p>\n<h3>Ajna \u2013 Det Tredje \u00d6gats Chakra<\/h3>\n<hr \/>\n<ul>\n<li>Intuitionen \u2013 R\u00e4tten att \u201cse\u201d.<\/li>\n<li>F\u00f6rm\u00e5gan att lita till sin intuition och insikter.<\/li>\n<\/ul>\n<p>Utveckla \u00f6vernaturliga f\u00f6rm\u00e5gor, sj\u00e4lvf\u00f6rverkligande, f\u00f6rl\u00f6sa undertryckta negativa tankar.<\/p>\n<p>&nbsp;<\/p>\n<p>Spagyrsikt elixir av:<\/p>\n<p>Guayusa, Lavendel, Gr\u00e5bo, Gotu Kola, Passionsblomma.<\/p>\n<p>Hydrolat av lavendel, det extraherade mineralsaltet av ovan n\u00e4mnda v\u00e4xter, ekologisk alkohol.<\/p>\n<p>&nbsp;<\/p>\n<p>Ta 7 droppar direkt p\u00e5 tungan eller i lite vatten.<\/p>\n<p>&nbsp;<\/p>\n<p>&nbsp;<\/p>\n<h3>Sahasrara \u2013 Kronchakrat<\/h3>\n<hr \/>\n<ul>\n<li>Vetskap \u2013 R\u00e4tten att str\u00e4va upp\u00e5t.<\/li>\n<li>F\u00f6rm\u00e5gan att lita p\u00e5 universum.<\/li>\n<\/ul>\n<p>Andlig utveckling och gudomligt medvetande, en h\u00f6gre intelligens.<\/p>\n<p>Integreringen av medvetandet och det omedvetna med supermedvetandet.<\/p>\n<p>&nbsp;<\/p>\n<p>Spagyriskt elixir av:<\/p>\n<p>Helig Basilika (Tulsi), Egyptisk bl\u00e5 n\u00e4ckros, Fl\u00e4derblommor och blad, Fj\u00e4llkvanne rot ot fr\u00f6n, Vit salvia.<\/p>\n<p>&nbsp;<\/p>\n<p>Hydrolat av kvannefr\u00f6, det extraherade mineralsaltet av ovan n\u00e4mnda v\u00e4xter, ekologisk alkohol.<\/p>\n<p>&nbsp;<\/p>\n<p>Ta 7 droppar direkt p\u00e5 tungan eller i lite vatten.<\/p>\n<p>&nbsp;<\/p>\n<p><img loading=\"lazy\" class=\"alignnone wp-image-699 size-medium\" src=\"\/\/www.alchemillasapotek.com\/wp-content\/uploads\/2017\/01\/sacralchakra-460x460.jpg\" alt=\"7 Chakras, Alchemillas Apotek\" width=\"460\" height=\"460\" srcset=\"http:\/\/www.alchemillasapotek.com\/wp-content\/uploads\/2017\/01\/sacralchakra-460x460.jpg 460w, http:\/\/www.alchemillasapotek.com\/wp-content\/uploads\/2017\/01\/sacralchakra-300x300.jpg 300w, http:\/\/www.alchemillasapotek.com\/wp-content\/uploads\/2017\/01\/sacralchakra-100x100.jpg 100w, http:\/\/www.alchemillasapotek.com\/wp-content\/uploads\/2017\/01\/sacralchakra-456x456.jpg 456w, http:\/\/www.alchemillasapotek.com\/wp-content\/uploads\/2017\/01\/sacralchakra-220x220.jpg 220w, http:\/\/www.alchemillasapotek.com\/wp-content\/uploads\/2017\/01\/sacralchakra-768x768.jpg 768w, http:\/\/www.alchemillasapotek.com\/wp-content\/uploads\/2017\/01\/sacralchakra-1024x1024.jpg 1024w, http:\/\/www.alchemillasapotek.com\/wp-content\/uploads\/2017\/01\/sacralchakra-400x400.jpg 400w, http:\/\/www.alchemillasapotek.com\/wp-content\/uploads\/2017\/01\/sacralchakra.jpg 2048w\" sizes=\"(max-width: 460px) 100vw, 460px\" \/> <img loading=\"lazy\" class=\"alignnone wp-image-700 size-medium\" src=\"\/\/www.alchemillasapotek.com\/wp-content\/uploads\/2017\/01\/solarchakra-460x460.jpg\" alt=\"7 Chakras, Alchemillas Apotek\" width=\"460\" height=\"460\" srcset=\"http:\/\/www.alchemillasapotek.com\/wp-content\/uploads\/2017\/01\/solarchakra-460x460.jpg 460w, http:\/\/www.alchemillasapotek.com\/wp-content\/uploads\/2017\/01\/solarchakra-300x300.jpg 300w, http:\/\/www.alchemillasapotek.com\/wp-content\/uploads\/2017\/01\/solarchakra-100x100.jpg 100w, http:\/\/www.alchemillasapotek.com\/wp-content\/uploads\/2017\/01\/solarchakra-456x456.jpg 456w, http:\/\/www.alchemillasapotek.com\/wp-content\/uploads\/2017\/01\/solarchakra-220x220.jpg 220w, http:\/\/www.alchemillasapotek.com\/wp-content\/uploads\/2017\/01\/solarchakra-768x768.jpg 768w, http:\/\/www.alchemillasapotek.com\/wp-content\/uploads\/2017\/01\/solarchakra-1024x1024.jpg 1024w, http:\/\/www.alchemillasapotek.com\/wp-content\/uploads\/2017\/01\/solarchakra-400x400.jpg 400w, http:\/\/www.alchemillasapotek.com\/wp-content\/uploads\/2017\/01\/solarchakra.jpg 2048w\" sizes=\"(max-width: 460px) 100vw, 460px\" \/>","protected":false},"excerpt":{"rendered":"<p>Detta \u00e4r en serie spagyriska elixir dedikerade till de 7 chakrana.<\/p>\n<p>De 7 chakrana \u00e4r de centrum genom vilka energi fl\u00f6dar genom v\u00e5ra kroppar. Chakrana kan beskrivas som snurrande hjul av ljus. P\u00e5 sanskrit betyder chakra cirkel och symboliserar den o\u00e4ndliga rotationen av Shakti.<\/p>\n<p>&nbsp;<\/p>\n<p>De spagyriska elixiren har skapats f\u00f6r varje chakra och kan anv\u00e4ndas p\u00e5 m\u00e5nga olika vis. Skapa din egen praktik och ritualer.<\/p>\n<p>Man kan till exempel intonera mantrat eller vokalen som h\u00f6r till varje chakra, visualisera f\u00e4rgen eller yantrat, g\u00f6ra yoga, meditera eller p\u00e5 andra vis aktivera sina chakran i samband med att man tar elixir.<\/p>\n<p>Kanske v\u00e4ljer man att fokusera p\u00e5 ett eller n\u00e5gra chakran man vill st\u00f6dja extra mycket under en period.<\/p>\n<p>Det finns information att finna p\u00e5 n\u00e4tet om chakrasystemet.<\/p>\n<p>Anodea Judith har skrivit bra b\u00f6cker i \u00e4mnet. \u201cLivets hjul\u201d till exempel.<\/p>\n<p>Jag skriver n\u00e5gra nyckelord vid varje beskrivning av chakraelixiren, fr\u00e5n roten till kronan.<\/p>\n<p>&nbsp;<\/p>\n<p>Specialerbjudande<\/p>\n<p>&nbsp;<\/p>\n<p>700 kr + frakt f\u00f6r alla chakraelixiren. Annars 150 kr + frakt styckvis. Var v\u00e4nlig skriv vilket eller vilka chakraelixir du vill best\u00e4lla. Du kan \u00e4ven best\u00e4lla via mail.&hellip; <a class=\"kt-excerpt-readmore\" href=\"http:\/\/www.alchemillasapotek.com\/sv\/water\/7-chakras\/\" aria-label=\"7 Chakran\">Read More<\/a><\/p>\n","protected":false},"featured_media":698,"comment_status":"closed","ping_status":"closed","template":"","meta":[],"product_cat":[7],"product_tag":[311,309,319,245,96,127,86,313,199,54,320,111,308,72,22,134,306,84,312,28,314,238,315,318,33,307,316,122,310,317,85],"yoast_head":"<!-- This site is optimized with the Yoast SEO plugin v18.4.1 - https:\/\/yoast.com\/wordpress\/plugins\/seo\/ -->\n<title>7 Chakras spagyric formulas \/ Alchemillas Apotek \/ tinctures<\/title>\n<meta name=\"description\" content=\"This is a series of spagyric formulas dedicated to the 7 chakras. The seven chakras are the centers through which energy flows in our bodies.\" \/>\n<meta name=\"robots\" content=\"index, follow, max-snippet:-1, max-image-preview:large, max-video-preview:-1\" \/>\n<link rel=\"canonical\" href=\"http:\/\/www.alchemillasapotek.com\/sv\/water\/7-chakras\/\" \/>\n<meta property=\"og:locale\" content=\"en_US\" \/>\n<meta property=\"og:type\" content=\"article\" \/>\n<meta property=\"og:title\" content=\"7 Chakras spagyric formulas \/ Alchemillas Apotek \/ tinctures\" \/>\n<meta property=\"og:description\" content=\"This is a series of spagyric formulas dedicated to the 7 chakras. The seven chakras are the centers through which energy flows in our bodies.\" \/>\n<meta property=\"og:url\" content=\"http:\/\/www.alchemillasapotek.com\/sv\/water\/7-chakras\/\" \/>\n<meta property=\"og:site_name\" content=\"Alchemillas Apotek\" \/>\n<meta property=\"article:publisher\" content=\"https:\/\/www.facebook.com\/AlchemillasApotek\/\" \/>\n<meta property=\"article:modified_time\" content=\"2017-01-15T12:34:00+00:00\" \/>\n<meta property=\"og:image\" content=\"http:\/\/www.alchemillasapotek.com\/wp-content\/uploads\/2017\/01\/IMG_1961.jpg\" \/>\n\t<meta property=\"og:image:width\" content=\"2448\" \/>\n\t<meta property=\"og:image:height\" content=\"2448\" \/>\n\t<meta property=\"og:image:type\" content=\"image\/jpeg\" \/>\n<meta name=\"twitter:card\" content=\"summary\" \/>\n<meta name=\"twitter:site\" content=\"@lisajeannin\" \/>\n<meta name=\"twitter:label1\" content=\"Est. reading time\" \/>\n\t<meta name=\"twitter:data1\" content=\"5 minutes\" \/>\n<script type=\"application\/ld+json\" class=\"yoast-schema-graph\">{\"@context\":\"https:\/\/schema.org\",\"@graph\":[{\"@type\":\"Organization\",\"@id\":\"http:\/\/www.alchemillasapotek.com\/#organization\",\"name\":\"Alchemillas Apotek\",\"url\":\"http:\/\/www.alchemillasapotek.com\/\",\"sameAs\":[\"https:\/\/www.facebook.com\/AlchemillasApotek\/\",\"https:\/\/www.instagram.com\/alchemillasapotek\/\",\"https:\/\/twitter.com\/lisajeannin\"],\"logo\":{\"@type\":\"ImageObject\",\"@id\":\"http:\/\/www.alchemillasapotek.com\/#logo\",\"inLanguage\":\"sv-SV\",\"url\":\"https:\/\/www.alchemillasapotek.com\/wp-content\/uploads\/2016\/11\/Logo-AlchemillasApotek-homepage.png\",\"contentUrl\":\"https:\/\/www.alchemillasapotek.com\/wp-content\/uploads\/2016\/11\/Logo-AlchemillasApotek-homepage.png\",\"width\":592,\"height\":580,\"caption\":\"Alchemillas Apotek\"},\"image\":{\"@id\":\"http:\/\/www.alchemillasapotek.com\/#logo\"}},{\"@type\":\"WebSite\",\"@id\":\"http:\/\/www.alchemillasapotek.com\/#website\",\"url\":\"http:\/\/www.alchemillasapotek.com\/\",\"name\":\"Alchemillas Apotek\",\"description\":\"Spagyric Tinctures &amp; Initiatic Plantmedicine for vibrant health and spiritual evolution.\",\"publisher\":{\"@id\":\"http:\/\/www.alchemillasapotek.com\/#organization\"},\"potentialAction\":[{\"@type\":\"SearchAction\",\"target\":{\"@type\":\"EntryPoint\",\"urlTemplate\":\"http:\/\/www.alchemillasapotek.com\/?s={search_term_string}\"},\"query-input\":\"required name=search_term_string\"}],\"inLanguage\":\"sv-SV\"},{\"@type\":\"ImageObject\",\"@id\":\"http:\/\/www.alchemillasapotek.com\/sv\/water\/7-chakras\/#primaryimage\",\"inLanguage\":\"sv-SV\",\"url\":\"http:\/\/www.alchemillasapotek.com\/wp-content\/uploads\/2017\/01\/IMG_1961.jpg\",\"contentUrl\":\"http:\/\/www.alchemillasapotek.com\/wp-content\/uploads\/2017\/01\/IMG_1961.jpg\",\"width\":2448,\"height\":2448,\"caption\":\"7 Chakras, Alchemillas Apotek\"},{\"@type\":\"WebPage\",\"@id\":\"http:\/\/www.alchemillasapotek.com\/sv\/water\/7-chakras\/#webpage\",\"url\":\"http:\/\/www.alchemillasapotek.com\/sv\/water\/7-chakras\/\",\"name\":\"7 Chakras spagyric formulas \/ Alchemillas Apotek \/ tinctures\",\"isPartOf\":{\"@id\":\"http:\/\/www.alchemillasapotek.com\/#website\"},\"primaryImageOfPage\":{\"@id\":\"http:\/\/www.alchemillasapotek.com\/sv\/water\/7-chakras\/#primaryimage\"},\"datePublished\":\"2017-01-08T11:25:06+00:00\",\"dateModified\":\"2017-01-15T12:34:00+00:00\",\"description\":\"This is a series of spagyric formulas dedicated to the 7 chakras. The seven chakras are the centers through which energy flows in our bodies.\",\"breadcrumb\":{\"@id\":\"http:\/\/www.alchemillasapotek.com\/sv\/water\/7-chakras\/#breadcrumb\"},\"inLanguage\":\"sv-SV\",\"potentialAction\":[{\"@type\":\"ReadAction\",\"target\":[\"http:\/\/www.alchemillasapotek.com\/sv\/water\/7-chakras\/\"]}]},{\"@type\":\"BreadcrumbList\",\"@id\":\"http:\/\/www.alchemillasapotek.com\/sv\/water\/7-chakras\/#breadcrumb\",\"itemListElement\":[{\"@type\":\"ListItem\",\"position\":1,\"name\":\"Home\",\"item\":\"http:\/\/www.alchemillasapotek.com\/\"},{\"@type\":\"ListItem\",\"position\":2,\"name\":\"Water\",\"item\":\"https:\/\/www.alchemillasapotek.com\/water\/\"},{\"@type\":\"ListItem\",\"position\":3,\"name\":\"7 Chakran\"}]}]}<\/script>\n<!-- \/ Yoast SEO plugin. -->","yoast_head_json":{"title":"7 Chakras spagyric formulas \/ Alchemillas Apotek \/ tinctures","description":"This is a series of spagyric formulas dedicated to the 7 chakras. The seven chakras are the centers through which energy flows in our bodies.","robots":{"index":"index","follow":"follow","max-snippet":"max-snippet:-1","max-image-preview":"max-image-preview:large","max-video-preview":"max-video-preview:-1"},"canonical":"http:\/\/www.alchemillasapotek.com\/sv\/water\/7-chakras\/","og_locale":"en_US","og_type":"article","og_title":"7 Chakras spagyric formulas \/ Alchemillas Apotek \/ tinctures","og_description":"This is a series of spagyric formulas dedicated to the 7 chakras. The seven chakras are the centers through which energy flows in our bodies.","og_url":"http:\/\/www.alchemillasapotek.com\/sv\/water\/7-chakras\/","og_site_name":"Alchemillas Apotek","article_publisher":"https:\/\/www.facebook.com\/AlchemillasApotek\/","article_modified_time":"2017-01-15T12:34:00+00:00","og_image":[{"width":2448,"height":2448,"url":"http:\/\/www.alchemillasapotek.com\/wp-content\/uploads\/2017\/01\/IMG_1961.jpg","type":"image\/jpeg"}],"twitter_card":"summary","twitter_site":"@lisajeannin","twitter_misc":{"Est. reading time":"5 minutes"},"schema":{"@context":"https:\/\/schema.org","@graph":[{"@type":"Organization","@id":"http:\/\/www.alchemillasapotek.com\/#organization","name":"Alchemillas Apotek","url":"http:\/\/www.alchemillasapotek.com\/","sameAs":["https:\/\/www.facebook.com\/AlchemillasApotek\/","https:\/\/www.instagram.com\/alchemillasapotek\/","https:\/\/twitter.com\/lisajeannin"],"logo":{"@type":"ImageObject","@id":"http:\/\/www.alchemillasapotek.com\/#logo","inLanguage":"sv-SV","url":"https:\/\/www.alchemillasapotek.com\/wp-content\/uploads\/2016\/11\/Logo-AlchemillasApotek-homepage.png","contentUrl":"https:\/\/www.alchemillasapotek.com\/wp-content\/uploads\/2016\/11\/Logo-AlchemillasApotek-homepage.png","width":592,"height":580,"caption":"Alchemillas Apotek"},"image":{"@id":"http:\/\/www.alchemillasapotek.com\/#logo"}},{"@type":"WebSite","@id":"http:\/\/www.alchemillasapotek.com\/#website","url":"http:\/\/www.alchemillasapotek.com\/","name":"Alchemillas Apotek","description":"Spagyric Tinctures &amp; Initiatic Plantmedicine for vibrant health and spiritual evolution.","publisher":{"@id":"http:\/\/www.alchemillasapotek.com\/#organization"},"potentialAction":[{"@type":"SearchAction","target":{"@type":"EntryPoint","urlTemplate":"http:\/\/www.alchemillasapotek.com\/?s={search_term_string}"},"query-input":"required name=search_term_string"}],"inLanguage":"sv-SV"},{"@type":"ImageObject","@id":"http:\/\/www.alchemillasapotek.com\/sv\/water\/7-chakras\/#primaryimage","inLanguage":"sv-SV","url":"http:\/\/www.alchemillasapotek.com\/wp-content\/uploads\/2017\/01\/IMG_1961.jpg","contentUrl":"http:\/\/www.alchemillasapotek.com\/wp-content\/uploads\/2017\/01\/IMG_1961.jpg","width":2448,"height":2448,"caption":"7 Chakras, Alchemillas Apotek"},{"@type":"WebPage","@id":"http:\/\/www.alchemillasapotek.com\/sv\/water\/7-chakras\/#webpage","url":"http:\/\/www.alchemillasapotek.com\/sv\/water\/7-chakras\/","name":"7 Chakras spagyric formulas \/ Alchemillas Apotek \/ tinctures","isPartOf":{"@id":"http:\/\/www.alchemillasapotek.com\/#website"},"primaryImageOfPage":{"@id":"http:\/\/www.alchemillasapotek.com\/sv\/water\/7-chakras\/#primaryimage"},"datePublished":"2017-01-08T11:25:06+00:00","dateModified":"2017-01-15T12:34:00+00:00","description":"This is a series of spagyric formulas dedicated to the 7 chakras. The seven chakras are the centers through which energy flows in our bodies.","breadcrumb":{"@id":"http:\/\/www.alchemillasapotek.com\/sv\/water\/7-chakras\/#breadcrumb"},"inLanguage":"sv-SV","potentialAction":[{"@type":"ReadAction","target":["http:\/\/www.alchemillasapotek.com\/sv\/water\/7-chakras\/"]}]},{"@type":"BreadcrumbList","@id":"http:\/\/www.alchemillasapotek.com\/sv\/water\/7-chakras\/#breadcrumb","itemListElement":[{"@type":"ListItem","position":1,"name":"Home","item":"http:\/\/www.alchemillasapotek.com\/"},{"@type":"ListItem","position":2,"name":"Water","item":"https:\/\/www.alchemillasapotek.com\/water\/"},{"@type":"ListItem","position":3,"name":"7 Chakran"}]}]}},"_links":{"self":[{"href":"http:\/\/www.alchemillasapotek.com\/sv\/wp-json\/wp\/v2\/product\/697"}],"collection":[{"href":"http:\/\/www.alchemillasapotek.com\/sv\/wp-json\/wp\/v2\/product"}],"about":[{"href":"http:\/\/www.alchemillasapotek.com\/sv\/wp-json\/wp\/v2\/types\/product"}],"replies":[{"embeddable":true,"href":"http:\/\/www.alchemillasapotek.com\/sv\/wp-json\/wp\/v2\/comments?post=697"}],"wp:featuredmedia":[{"embeddable":true,"href":"http:\/\/www.alchemillasapotek.com\/sv\/wp-json\/wp\/v2\/media\/698"}],"wp:attachment":[{"href":"http:\/\/www.alchemillasapotek.com\/sv\/wp-json\/wp\/v2\/media?parent=697"}],"wp:term":[{"taxonomy":"product_cat","embeddable":true,"href":"http:\/\/www.alchemillasapotek.com\/sv\/wp-json\/wp\/v2\/product_cat?post=697"},{"taxonomy":"product_tag","embeddable":true,"href":"http:\/\/www.alchemillasapotek.com\/sv\/wp-json\/wp\/v2\/product_tag?post=697"}],"curies":[{"name":"wp","href":"https:\/\/api.w.org\/{rel}","templated":true}]}}