{"id":758,"date":"2017-01-08T14:37:53","date_gmt":"2017-01-08T14:37:53","guid":{"rendered":"http:\/\/www.alchemillasapotek.com\/water-2\/singularspagyrictinctures\/aloysia-citrodora\/"},"modified":"2017-01-15T14:10:03","modified_gmt":"2017-01-15T14:10:03","slug":"aloysia-citrodora","status":"publish","type":"product","link":"http:\/\/www.alchemillasapotek.com\/sv\/water\/aloysia-citrodora\/","title":{"rendered":"Citronverbena"},"content":{"rendered":"<h3>Spagyrisk tinktur av Aloysia Citrodora.<\/h3>\n<p>Ta 7 droppar direkt p\u00e5 tungan eller i lite vatten vid behov.<\/p>\n<p><img loading=\"lazy\" class=\"alignnone size-large wp-image-760\" src=\"\/\/www.alchemillasapotek.com\/wp-content\/uploads\/2017\/01\/lemon-verbena-1024x1024.jpg\" alt=\"Aloysia Citrodora\" width=\"1024\" height=\"1024\" srcset=\"http:\/\/www.alchemillasapotek.com\/wp-content\/uploads\/2017\/01\/lemon-verbena-1024x1024.jpg 1024w, http:\/\/www.alchemillasapotek.com\/wp-content\/uploads\/2017\/01\/lemon-verbena-300x300.jpg 300w, http:\/\/www.alchemillasapotek.com\/wp-content\/uploads\/2017\/01\/lemon-verbena-100x100.jpg 100w, http:\/\/www.alchemillasapotek.com\/wp-content\/uploads\/2017\/01\/lemon-verbena-456x456.jpg 456w, http:\/\/www.alchemillasapotek.com\/wp-content\/uploads\/2017\/01\/lemon-verbena-220x220.jpg 220w, http:\/\/www.alchemillasapotek.com\/wp-content\/uploads\/2017\/01\/lemon-verbena-460x460.jpg 460w, http:\/\/www.alchemillasapotek.com\/wp-content\/uploads\/2017\/01\/lemon-verbena-768x768.jpg 768w, http:\/\/www.alchemillasapotek.com\/wp-content\/uploads\/2017\/01\/lemon-verbena-400x400.jpg 400w\" sizes=\"(max-width: 1024px) 100vw, 1024px\" \/>","protected":false},"excerpt":{"rendered":"<div class=\"product_excerpt\">\n<div class=\"product_excerpt\">\n<p>When life gives you lemon verbena, make Chartreuse.<\/p>\n<p>An alchemical recipe reached the religious order&#8217;s headquarters at the Grande Chartreuse monastery, in Voiron, near Grenoble. It has since then been used to produce the &#8220;Elixir V\u00e9g\u00e9tal de la Grande Chartreuse\u201d. Only two monks in a lifetime know the secret ingredients. Lemon verbena is one of them.<\/p>\n<p><img loading=\"lazy\" class=\"alignnone size-full wp-image-244\" src=\"\/\/www.alchemillasapotek.com\/wp-content\/uploads\/2016\/11\/SST-Salt.png\" alt=\"Salt\" width=\"40\" height=\"40\" \/><\/p>\n<p>Citronverbena verkar antioxidant och st\u00e4rkande f\u00f6r immunf\u00f6rsvaret. Citronverbena minskar inflammation, s\u00e4nker feber och kan lindra sm\u00e4rta i lederna och vid menstruation. Citronverbena st\u00f6djer matsm\u00e4ltningen och reglerar aptiten.<\/p>\n<p><img loading=\"lazy\" class=\"alignnone size-full wp-image-223\" src=\"\/\/www.alchemillasapotek.com\/wp-content\/uploads\/2016\/11\/SST-Mercury.png\" alt=\"Mercury\" width=\"38\" height=\"50\" \/><\/p>\n<p>Citronverbena stimulerar det endokrina systemet, minskar stress och mentala sp\u00e4nningar. Den verkar hum\u00f6rsh\u00f6jande och ger ett lyft n\u00e4r man har en k\u00e4nsla av att sitta fast mentalt, samtidigt som den lugnar. Det \u00e4r trevligt att ta citronverbena-elixir tidigt p\u00e5 kv\u00e4llen f\u00f6r att b\u00f6rja varva ner inf\u00f6r l\u00e4ggdags.<\/p>\n<p><img loading=\"lazy\" class=\"alignnone size-full wp-image-245\" src=\"\/\/www.alchemillasapotek.com\/wp-content\/uploads\/2016\/11\/SST-Sulphur.png\" alt=\"Sulphur\" width=\"40\" height=\"40\" \/><\/p>\n<p>Citronverbena har med aptiten p\u00e5 livet att g\u00f6ra. Den kan sk\u00e4nka klarhet och intuitiva insikter och v\u00e4gledning, p\u00e5 samma g\u00e5ng som den beskyddar en fr\u00e5n negativa energier. Den hj\u00e4lper en att m\u00e5 bra oavsett vilka andra som \u00e4r n\u00e4rvarande.<\/p>\n<\/div>\n<\/div>\n<p>&hellip; <a class=\"kt-excerpt-readmore\" href=\"http:\/\/www.alchemillasapotek.com\/sv\/water\/aloysia-citrodora\/\" aria-label=\"Citronverbena\">Read More<\/a><\/p>\n","protected":false},"featured_media":759,"comment_status":"closed","ping_status":"closed","template":"","meta":[],"product_cat":[6,13],"product_tag":[394,58,397,398,396,333,216,65,395,295,122],"yoast_head":"<!-- This site is optimized with the Yoast SEO plugin v18.4.1 - https:\/\/yoast.com\/wordpress\/plugins\/seo\/ -->\n<title>Citronverbena ~ Alchemillas Apotek<\/title>\n<meta name=\"description\" content=\"Alchemillas Apotek: spagyric tinctures, hydrosols, services, and formulas. Please contact us for more information.\" \/>\n<meta name=\"robots\" content=\"index, follow, max-snippet:-1, max-image-preview:large, max-video-preview:-1\" \/>\n<link rel=\"canonical\" href=\"http:\/\/www.alchemillasapotek.com\/sv\/water\/aloysia-citrodora\/\" \/>\n<meta property=\"og:locale\" content=\"en_US\" \/>\n<meta property=\"og:type\" content=\"article\" \/>\n<meta property=\"og:title\" content=\"[:en]Lemon Verbena[:sv]Citronverbena[:] ~ Alchemillas Apotek\" \/>\n<meta property=\"og:description\" content=\"Alchemillas Apotek: spagyric tinctures, hydrosols, services, and formulas. Please contact us for more information.\" \/>\n<meta property=\"og:url\" content=\"http:\/\/www.alchemillasapotek.com\/sv\/water\/aloysia-citrodora\/\" \/>\n<meta property=\"og:site_name\" content=\"Alchemillas Apotek\" \/>\n<meta property=\"article:publisher\" content=\"https:\/\/www.facebook.com\/AlchemillasApotek\/\" \/>\n<meta property=\"article:modified_time\" content=\"2017-01-15T14:10:03+00:00\" \/>\n<meta property=\"og:image\" content=\"http:\/\/www.alchemillasapotek.com\/wp-content\/uploads\/2017\/01\/IMG_1907.jpg\" \/>\n\t<meta property=\"og:image:width\" content=\"2448\" \/>\n\t<meta property=\"og:image:height\" content=\"2448\" \/>\n\t<meta property=\"og:image:type\" content=\"image\/jpeg\" \/>\n<meta name=\"twitter:card\" content=\"summary\" \/>\n<meta name=\"twitter:site\" content=\"@lisajeannin\" \/>\n<script type=\"application\/ld+json\" class=\"yoast-schema-graph\">{\"@context\":\"https:\/\/schema.org\",\"@graph\":[{\"@type\":\"Organization\",\"@id\":\"http:\/\/www.alchemillasapotek.com\/#organization\",\"name\":\"Alchemillas Apotek\",\"url\":\"http:\/\/www.alchemillasapotek.com\/\",\"sameAs\":[\"https:\/\/www.facebook.com\/AlchemillasApotek\/\",\"https:\/\/www.instagram.com\/alchemillasapotek\/\",\"https:\/\/twitter.com\/lisajeannin\"],\"logo\":{\"@type\":\"ImageObject\",\"@id\":\"http:\/\/www.alchemillasapotek.com\/#logo\",\"inLanguage\":\"sv-SV\",\"url\":\"https:\/\/www.alchemillasapotek.com\/wp-content\/uploads\/2016\/11\/Logo-AlchemillasApotek-homepage.png\",\"contentUrl\":\"https:\/\/www.alchemillasapotek.com\/wp-content\/uploads\/2016\/11\/Logo-AlchemillasApotek-homepage.png\",\"width\":592,\"height\":580,\"caption\":\"Alchemillas Apotek\"},\"image\":{\"@id\":\"http:\/\/www.alchemillasapotek.com\/#logo\"}},{\"@type\":\"WebSite\",\"@id\":\"http:\/\/www.alchemillasapotek.com\/#website\",\"url\":\"http:\/\/www.alchemillasapotek.com\/\",\"name\":\"Alchemillas Apotek\",\"description\":\"Spagyric Tinctures &amp; Initiatic Plantmedicine for vibrant health and spiritual evolution.\",\"publisher\":{\"@id\":\"http:\/\/www.alchemillasapotek.com\/#organization\"},\"potentialAction\":[{\"@type\":\"SearchAction\",\"target\":{\"@type\":\"EntryPoint\",\"urlTemplate\":\"http:\/\/www.alchemillasapotek.com\/?s={search_term_string}\"},\"query-input\":\"required name=search_term_string\"}],\"inLanguage\":\"sv-SV\"},{\"@type\":\"ImageObject\",\"@id\":\"http:\/\/www.alchemillasapotek.com\/sv\/water\/aloysia-citrodora\/#primaryimage\",\"inLanguage\":\"sv-SV\",\"url\":\"http:\/\/www.alchemillasapotek.com\/wp-content\/uploads\/2017\/01\/IMG_1907.jpg\",\"contentUrl\":\"http:\/\/www.alchemillasapotek.com\/wp-content\/uploads\/2017\/01\/IMG_1907.jpg\",\"width\":2448,\"height\":2448,\"caption\":\"Aloysia Citrodora\"},{\"@type\":\"WebPage\",\"@id\":\"http:\/\/www.alchemillasapotek.com\/sv\/water\/aloysia-citrodora\/#webpage\",\"url\":\"http:\/\/www.alchemillasapotek.com\/sv\/water\/aloysia-citrodora\/\",\"name\":\"[:en]Lemon Verbena[:sv]Citronverbena[:] ~ Alchemillas Apotek\",\"isPartOf\":{\"@id\":\"http:\/\/www.alchemillasapotek.com\/#website\"},\"primaryImageOfPage\":{\"@id\":\"http:\/\/www.alchemillasapotek.com\/sv\/water\/aloysia-citrodora\/#primaryimage\"},\"datePublished\":\"2017-01-08T14:37:53+00:00\",\"dateModified\":\"2017-01-15T14:10:03+00:00\",\"description\":\"Alchemillas Apotek: spagyric tinctures, hydrosols, services, and formulas. Please contact us for more information.\",\"breadcrumb\":{\"@id\":\"http:\/\/www.alchemillasapotek.com\/sv\/water\/aloysia-citrodora\/#breadcrumb\"},\"inLanguage\":\"sv-SV\",\"potentialAction\":[{\"@type\":\"ReadAction\",\"target\":[\"http:\/\/www.alchemillasapotek.com\/sv\/water\/aloysia-citrodora\/\"]}]},{\"@type\":\"BreadcrumbList\",\"@id\":\"http:\/\/www.alchemillasapotek.com\/sv\/water\/aloysia-citrodora\/#breadcrumb\",\"itemListElement\":[{\"@type\":\"ListItem\",\"position\":1,\"name\":\"Home\",\"item\":\"http:\/\/www.alchemillasapotek.com\/\"},{\"@type\":\"ListItem\",\"position\":2,\"name\":\"Water\",\"item\":\"http:\/\/www.alchemillasapotek.com\/water\/\"},{\"@type\":\"ListItem\",\"position\":3,\"name\":\"Citronverbena\"}]}]}<\/script>\n<!-- \/ Yoast SEO plugin. -->","yoast_head_json":{"title":"[:en]Lemon Verbena[:sv]Citronverbena[:] ~ Alchemillas Apotek","description":"Alchemillas Apotek: spagyric tinctures, hydrosols, services, and formulas. Please contact us for more information.","robots":{"index":"index","follow":"follow","max-snippet":"max-snippet:-1","max-image-preview":"max-image-preview:large","max-video-preview":"max-video-preview:-1"},"canonical":"http:\/\/www.alchemillasapotek.com\/sv\/water\/aloysia-citrodora\/","og_locale":"en_US","og_type":"article","og_title":"[:en]Lemon Verbena[:sv]Citronverbena[:] ~ Alchemillas Apotek","og_description":"Alchemillas Apotek: spagyric tinctures, hydrosols, services, and formulas. Please contact us for more information.","og_url":"http:\/\/www.alchemillasapotek.com\/sv\/water\/aloysia-citrodora\/","og_site_name":"Alchemillas Apotek","article_publisher":"https:\/\/www.facebook.com\/AlchemillasApotek\/","article_modified_time":"2017-01-15T14:10:03+00:00","og_image":[{"width":2448,"height":2448,"url":"http:\/\/www.alchemillasapotek.com\/wp-content\/uploads\/2017\/01\/IMG_1907.jpg","type":"image\/jpeg"}],"twitter_card":"summary","twitter_site":"@lisajeannin","schema":{"@context":"https:\/\/schema.org","@graph":[{"@type":"Organization","@id":"http:\/\/www.alchemillasapotek.com\/#organization","name":"Alchemillas Apotek","url":"http:\/\/www.alchemillasapotek.com\/","sameAs":["https:\/\/www.facebook.com\/AlchemillasApotek\/","https:\/\/www.instagram.com\/alchemillasapotek\/","https:\/\/twitter.com\/lisajeannin"],"logo":{"@type":"ImageObject","@id":"http:\/\/www.alchemillasapotek.com\/#logo","inLanguage":"sv-SV","url":"https:\/\/www.alchemillasapotek.com\/wp-content\/uploads\/2016\/11\/Logo-AlchemillasApotek-homepage.png","contentUrl":"https:\/\/www.alchemillasapotek.com\/wp-content\/uploads\/2016\/11\/Logo-AlchemillasApotek-homepage.png","width":592,"height":580,"caption":"Alchemillas Apotek"},"image":{"@id":"http:\/\/www.alchemillasapotek.com\/#logo"}},{"@type":"WebSite","@id":"http:\/\/www.alchemillasapotek.com\/#website","url":"http:\/\/www.alchemillasapotek.com\/","name":"Alchemillas Apotek","description":"Spagyric Tinctures &amp; Initiatic Plantmedicine for vibrant health and spiritual evolution.","publisher":{"@id":"http:\/\/www.alchemillasapotek.com\/#organization"},"potentialAction":[{"@type":"SearchAction","target":{"@type":"EntryPoint","urlTemplate":"http:\/\/www.alchemillasapotek.com\/?s={search_term_string}"},"query-input":"required name=search_term_string"}],"inLanguage":"sv-SV"},{"@type":"ImageObject","@id":"http:\/\/www.alchemillasapotek.com\/sv\/water\/aloysia-citrodora\/#primaryimage","inLanguage":"sv-SV","url":"http:\/\/www.alchemillasapotek.com\/wp-content\/uploads\/2017\/01\/IMG_1907.jpg","contentUrl":"http:\/\/www.alchemillasapotek.com\/wp-content\/uploads\/2017\/01\/IMG_1907.jpg","width":2448,"height":2448,"caption":"Aloysia Citrodora"},{"@type":"WebPage","@id":"http:\/\/www.alchemillasapotek.com\/sv\/water\/aloysia-citrodora\/#webpage","url":"http:\/\/www.alchemillasapotek.com\/sv\/water\/aloysia-citrodora\/","name":"[:en]Lemon Verbena[:sv]Citronverbena[:] ~ Alchemillas Apotek","isPartOf":{"@id":"http:\/\/www.alchemillasapotek.com\/#website"},"primaryImageOfPage":{"@id":"http:\/\/www.alchemillasapotek.com\/sv\/water\/aloysia-citrodora\/#primaryimage"},"datePublished":"2017-01-08T14:37:53+00:00","dateModified":"2017-01-15T14:10:03+00:00","description":"Alchemillas Apotek: spagyric tinctures, hydrosols, services, and formulas. Please contact us for more information.","breadcrumb":{"@id":"http:\/\/www.alchemillasapotek.com\/sv\/water\/aloysia-citrodora\/#breadcrumb"},"inLanguage":"sv-SV","potentialAction":[{"@type":"ReadAction","target":["http:\/\/www.alchemillasapotek.com\/sv\/water\/aloysia-citrodora\/"]}]},{"@type":"BreadcrumbList","@id":"http:\/\/www.alchemillasapotek.com\/sv\/water\/aloysia-citrodora\/#breadcrumb","itemListElement":[{"@type":"ListItem","position":1,"name":"Home","item":"http:\/\/www.alchemillasapotek.com\/"},{"@type":"ListItem","position":2,"name":"Water","item":"http:\/\/www.alchemillasapotek.com\/water\/"},{"@type":"ListItem","position":3,"name":"Citronverbena"}]}]}},"_links":{"self":[{"href":"http:\/\/www.alchemillasapotek.com\/sv\/wp-json\/wp\/v2\/product\/758"}],"collection":[{"href":"http:\/\/www.alchemillasapotek.com\/sv\/wp-json\/wp\/v2\/product"}],"about":[{"href":"http:\/\/www.alchemillasapotek.com\/sv\/wp-json\/wp\/v2\/types\/product"}],"replies":[{"embeddable":true,"href":"http:\/\/www.alchemillasapotek.com\/sv\/wp-json\/wp\/v2\/comments?post=758"}],"wp:featuredmedia":[{"embeddable":true,"href":"http:\/\/www.alchemillasapotek.com\/sv\/wp-json\/wp\/v2\/media\/759"}],"wp:attachment":[{"href":"http:\/\/www.alchemillasapotek.com\/sv\/wp-json\/wp\/v2\/media?parent=758"}],"wp:term":[{"taxonomy":"product_cat","embeddable":true,"href":"http:\/\/www.alchemillasapotek.com\/sv\/wp-json\/wp\/v2\/product_cat?post=758"},{"taxonomy":"product_tag","embeddable":true,"href":"http:\/\/www.alchemillasapotek.com\/sv\/wp-json\/wp\/v2\/product_tag?post=758"}],"curies":[{"name":"wp","href":"https:\/\/api.w.org\/{rel}","templated":true}]}}