{"id":764,"date":"2017-01-08T14:47:24","date_gmt":"2017-01-08T14:47:24","guid":{"rendered":"http:\/\/www.alchemillasapotek.com\/water-2\/singularspagyrictinctures\/syringa-vulgaris\/"},"modified":"2017-01-15T14:16:27","modified_gmt":"2017-01-15T14:16:27","slug":"syringa-vulgaris","status":"publish","type":"product","link":"http:\/\/www.alchemillasapotek.com\/sv\/water\/syringa-vulgaris\/","title":{"rendered":"Syren"},"content":{"rendered":"<h5>Spagyrisk tinktur av Syringa Vulgaris.<\/h5>\n<p>Ta 7 droppar direkt p\u00e5 tungan eller i lite vatten vid behov.<\/p>\n<p><img loading=\"lazy\" class=\"alignnone wp-image-765 size-large\" src=\"\/\/www.alchemillasapotek.com\/wp-content\/uploads\/2017\/01\/IMG_0069-1024x1024.jpg\" alt=\"Syringa Vulgaris\" width=\"1024\" height=\"1024\" srcset=\"http:\/\/www.alchemillasapotek.com\/wp-content\/uploads\/2017\/01\/IMG_0069-1024x1024.jpg 1024w, http:\/\/www.alchemillasapotek.com\/wp-content\/uploads\/2017\/01\/IMG_0069-300x300.jpg 300w, http:\/\/www.alchemillasapotek.com\/wp-content\/uploads\/2017\/01\/IMG_0069-100x100.jpg 100w, http:\/\/www.alchemillasapotek.com\/wp-content\/uploads\/2017\/01\/IMG_0069-456x456.jpg 456w, http:\/\/www.alchemillasapotek.com\/wp-content\/uploads\/2017\/01\/IMG_0069-220x220.jpg 220w, http:\/\/www.alchemillasapotek.com\/wp-content\/uploads\/2017\/01\/IMG_0069-460x460.jpg 460w, http:\/\/www.alchemillasapotek.com\/wp-content\/uploads\/2017\/01\/IMG_0069-768x768.jpg 768w, http:\/\/www.alchemillasapotek.com\/wp-content\/uploads\/2017\/01\/IMG_0069-400x400.jpg 400w\" sizes=\"(max-width: 1024px) 100vw, 1024px\" \/> <img loading=\"lazy\" class=\"alignnone wp-image-766 size-large\" src=\"\/\/www.alchemillasapotek.com\/wp-content\/uploads\/2017\/01\/IMG_0071-1024x1024.jpg\" alt=\"Syringa Vulgaris\" width=\"1024\" height=\"1024\" srcset=\"http:\/\/www.alchemillasapotek.com\/wp-content\/uploads\/2017\/01\/IMG_0071-1024x1024.jpg 1024w, http:\/\/www.alchemillasapotek.com\/wp-content\/uploads\/2017\/01\/IMG_0071-300x300.jpg 300w, http:\/\/www.alchemillasapotek.com\/wp-content\/uploads\/2017\/01\/IMG_0071-100x100.jpg 100w, http:\/\/www.alchemillasapotek.com\/wp-content\/uploads\/2017\/01\/IMG_0071-456x456.jpg 456w, http:\/\/www.alchemillasapotek.com\/wp-content\/uploads\/2017\/01\/IMG_0071-220x220.jpg 220w, http:\/\/www.alchemillasapotek.com\/wp-content\/uploads\/2017\/01\/IMG_0071-460x460.jpg 460w, http:\/\/www.alchemillasapotek.com\/wp-content\/uploads\/2017\/01\/IMG_0071-768x768.jpg 768w, http:\/\/www.alchemillasapotek.com\/wp-content\/uploads\/2017\/01\/IMG_0071-400x400.jpg 400w\" sizes=\"(max-width: 1024px) 100vw, 1024px\" \/> <img loading=\"lazy\" class=\"alignnone wp-image-767 size-large\" src=\"\/\/www.alchemillasapotek.com\/wp-content\/uploads\/2017\/01\/IMG_1867-1024x1024.jpg\" alt=\"Syringa Vulgaris\" width=\"1024\" height=\"1024\" srcset=\"http:\/\/www.alchemillasapotek.com\/wp-content\/uploads\/2017\/01\/IMG_1867-1024x1024.jpg 1024w, http:\/\/www.alchemillasapotek.com\/wp-content\/uploads\/2017\/01\/IMG_1867-300x300.jpg 300w, http:\/\/www.alchemillasapotek.com\/wp-content\/uploads\/2017\/01\/IMG_1867-100x100.jpg 100w, http:\/\/www.alchemillasapotek.com\/wp-content\/uploads\/2017\/01\/IMG_1867-456x456.jpg 456w, http:\/\/www.alchemillasapotek.com\/wp-content\/uploads\/2017\/01\/IMG_1867-220x220.jpg 220w, http:\/\/www.alchemillasapotek.com\/wp-content\/uploads\/2017\/01\/IMG_1867-460x460.jpg 460w, http:\/\/www.alchemillasapotek.com\/wp-content\/uploads\/2017\/01\/IMG_1867-768x768.jpg 768w, http:\/\/www.alchemillasapotek.com\/wp-content\/uploads\/2017\/01\/IMG_1867-400x400.jpg 400w\" sizes=\"(max-width: 1024px) 100vw, 1024px\" \/>","protected":false},"excerpt":{"rendered":"<div class=\"product_excerpt\">\n<div class=\"product_excerpt\">\n<p><em>\u201cThe lilac branches are bowed under the weight of the flowers: blooming is hard, and the most important thing is &#8211; to bloom.\u201d<\/em> ( A Story About The Most Important Thing )<\/p>\n<p>&#8211; Yevgeny Zamyatin<br \/>\n<img loading=\"lazy\" class=\"alignnone size-full wp-image-244\" src=\"\/\/www.alchemillasapotek.com\/wp-content\/uploads\/2016\/11\/SST-Salt.png\" alt=\"Salt\" width=\"40\" height=\"40\" \/><\/p>\n<p>Syringa betyder r\u00f6r p\u00e5 latin och om man utg\u00e5r fr\u00e5n signaturl\u00e4ran \u00e4r syrenen f\u00f6rknippad med ryggraden, fylld med cerebospinalv\u00e4tska. Syrenens grenar \u00e4r ih\u00e5liga, man kan anv\u00e4nda dem som r\u00f6r eller bygga fl\u00f6jter av dem.<\/p>\n<p><img loading=\"lazy\" class=\"alignnone size-full wp-image-223\" src=\"\/\/www.alchemillasapotek.com\/wp-content\/uploads\/2016\/11\/SST-Mercury.png\" alt=\"Mercury\" width=\"38\" height=\"50\" \/><\/p>\n<p>Syrenens lila blommor \u00e4r en annan signatur som har med kronchakrat att g\u00f6ra, ryggradens krona. Syren ger anden stadga. Ida och Pingala \u00e4r energikanalerna som slingrar sig runt ryggraden enligt den Tantriska traditionen och Kundaliniyogan. Syren stimulerar fl\u00f6det i dessa kanaler och l\u00f6ser upp blockeringar som hindrar v\u00e5r andliga utveckling. Syren har med flexibilitet att g\u00f6ra &#8211; att sl\u00e4ppa taget och att inte h\u00e5lla tillbaka v\u00e5r personliga utveckling.<br \/>\n<img loading=\"lazy\" class=\"alignnone size-full wp-image-245\" src=\"\/\/www.alchemillasapotek.com\/wp-content\/uploads\/2016\/11\/SST-Sulphur.png\" alt=\"Sulphur\" width=\"40\" height=\"40\" \/><\/p>\n<p>Syren kan r\u00e4ta upp och l\u00f6sa blockeringar i ryggraden, huvudet och energierna som cirkulerar i dessa regioner. Den n\u00e4r v\u00e5r ande och l\u00e5ter den str\u00e4cka sig upp\u00e5t. Syren kan ge tr\u00f6st och lindra gammal sorg och r\u00e4dsla som h\u00e4ngt kvar fr\u00e5n barndomen. En k\u00e4nsla av obehag och os\u00e4kerhet eller att man h\u00e5ller sig sj\u00e4lv tillbaka kan manifestera sig i stelhet eller ont i ryggen. Syren \u00e4r bra f\u00f6r de som st\u00e4ndigt scannar omgivningen p\u00e5 faror. I den grekiska mytologin var Syringa en nymf som f\u00f6rvandlade sig till en syrenbuske n\u00e4r hon blev skr\u00e4md av Pan.<\/p>\n<\/div>\n<\/div>\n<p>&hellip; <a class=\"kt-excerpt-readmore\" href=\"http:\/\/www.alchemillasapotek.com\/sv\/water\/syringa-vulgaris\/\" aria-label=\"Syren\">Read More<\/a><\/p>\n","protected":false},"featured_media":768,"comment_status":"closed","ping_status":"closed","template":"","meta":[],"product_cat":[6,13],"product_tag":[94,245,320,404,334,405,30,403,122],"yoast_head":"<!-- This site is optimized with the Yoast SEO plugin v18.4.1 - https:\/\/yoast.com\/wordpress\/plugins\/seo\/ -->\n<title>Syren ~ Alchemillas Apotek<\/title>\n<meta name=\"description\" content=\"Alchemillas Apotek: spagyric tinctures, hydrosols, services, and formulas. Please contact us for more information.\" \/>\n<meta name=\"robots\" content=\"index, follow, max-snippet:-1, max-image-preview:large, max-video-preview:-1\" \/>\n<link rel=\"canonical\" href=\"http:\/\/www.alchemillasapotek.com\/sv\/water\/syringa-vulgaris\/\" \/>\n<meta property=\"og:locale\" content=\"en_US\" \/>\n<meta property=\"og:type\" content=\"article\" \/>\n<meta property=\"og:title\" content=\"[:en]Lilac[:sv]Syren[:] ~ Alchemillas Apotek\" \/>\n<meta property=\"og:description\" content=\"Alchemillas Apotek: spagyric tinctures, hydrosols, services, and formulas. Please contact us for more information.\" \/>\n<meta property=\"og:url\" content=\"http:\/\/www.alchemillasapotek.com\/sv\/water\/syringa-vulgaris\/\" \/>\n<meta property=\"og:site_name\" content=\"Alchemillas Apotek\" \/>\n<meta property=\"article:publisher\" content=\"https:\/\/www.facebook.com\/AlchemillasApotek\/\" \/>\n<meta property=\"article:modified_time\" content=\"2017-01-15T14:16:27+00:00\" \/>\n<meta property=\"og:image\" content=\"http:\/\/www.alchemillasapotek.com\/wp-content\/uploads\/2017\/01\/IMG_1942.jpg\" \/>\n\t<meta property=\"og:image:width\" content=\"2448\" \/>\n\t<meta property=\"og:image:height\" content=\"2448\" \/>\n\t<meta property=\"og:image:type\" content=\"image\/jpeg\" \/>\n<meta name=\"twitter:card\" content=\"summary\" \/>\n<meta name=\"twitter:site\" content=\"@lisajeannin\" \/>\n<script type=\"application\/ld+json\" class=\"yoast-schema-graph\">{\"@context\":\"https:\/\/schema.org\",\"@graph\":[{\"@type\":\"Organization\",\"@id\":\"http:\/\/www.alchemillasapotek.com\/sv\/#organization\",\"name\":\"Alchemillas Apotek\",\"url\":\"http:\/\/www.alchemillasapotek.com\/sv\/\",\"sameAs\":[\"https:\/\/www.facebook.com\/AlchemillasApotek\/\",\"https:\/\/www.instagram.com\/alchemillasapotek\/\",\"https:\/\/twitter.com\/lisajeannin\"],\"logo\":{\"@type\":\"ImageObject\",\"@id\":\"http:\/\/www.alchemillasapotek.com\/sv\/#logo\",\"inLanguage\":\"sv-SV\",\"url\":\"https:\/\/www.alchemillasapotek.com\/wp-content\/uploads\/2016\/11\/Logo-AlchemillasApotek-homepage.png\",\"contentUrl\":\"https:\/\/www.alchemillasapotek.com\/wp-content\/uploads\/2016\/11\/Logo-AlchemillasApotek-homepage.png\",\"width\":592,\"height\":580,\"caption\":\"Alchemillas Apotek\"},\"image\":{\"@id\":\"http:\/\/www.alchemillasapotek.com\/sv\/#logo\"}},{\"@type\":\"WebSite\",\"@id\":\"http:\/\/www.alchemillasapotek.com\/sv\/#website\",\"url\":\"http:\/\/www.alchemillasapotek.com\/sv\/\",\"name\":\"Alchemillas Apotek\",\"description\":\"Spagyric Tinctures &amp; Initiatic Plantmedicine for vibrant health and spiritual evolution.\",\"publisher\":{\"@id\":\"http:\/\/www.alchemillasapotek.com\/sv\/#organization\"},\"potentialAction\":[{\"@type\":\"SearchAction\",\"target\":{\"@type\":\"EntryPoint\",\"urlTemplate\":\"http:\/\/www.alchemillasapotek.com\/sv\/?s={search_term_string}\"},\"query-input\":\"required name=search_term_string\"}],\"inLanguage\":\"sv-SV\"},{\"@type\":\"ImageObject\",\"@id\":\"http:\/\/www.alchemillasapotek.com\/sv\/water\/syringa-vulgaris\/#primaryimage\",\"inLanguage\":\"sv-SV\",\"url\":\"http:\/\/www.alchemillasapotek.com\/wp-content\/uploads\/2017\/01\/IMG_1942.jpg\",\"contentUrl\":\"http:\/\/www.alchemillasapotek.com\/wp-content\/uploads\/2017\/01\/IMG_1942.jpg\",\"width\":2448,\"height\":2448,\"caption\":\"Syringa Vulgaris\"},{\"@type\":\"WebPage\",\"@id\":\"http:\/\/www.alchemillasapotek.com\/sv\/water\/syringa-vulgaris\/#webpage\",\"url\":\"http:\/\/www.alchemillasapotek.com\/sv\/water\/syringa-vulgaris\/\",\"name\":\"[:en]Lilac[:sv]Syren[:] ~ Alchemillas Apotek\",\"isPartOf\":{\"@id\":\"http:\/\/www.alchemillasapotek.com\/sv\/#website\"},\"primaryImageOfPage\":{\"@id\":\"http:\/\/www.alchemillasapotek.com\/sv\/water\/syringa-vulgaris\/#primaryimage\"},\"datePublished\":\"2017-01-08T14:47:24+00:00\",\"dateModified\":\"2017-01-15T14:16:27+00:00\",\"description\":\"Alchemillas Apotek: spagyric tinctures, hydrosols, services, and formulas. Please contact us for more information.\",\"breadcrumb\":{\"@id\":\"http:\/\/www.alchemillasapotek.com\/sv\/water\/syringa-vulgaris\/#breadcrumb\"},\"inLanguage\":\"sv-SV\",\"potentialAction\":[{\"@type\":\"ReadAction\",\"target\":[\"http:\/\/www.alchemillasapotek.com\/sv\/water\/syringa-vulgaris\/\"]}]},{\"@type\":\"BreadcrumbList\",\"@id\":\"http:\/\/www.alchemillasapotek.com\/sv\/water\/syringa-vulgaris\/#breadcrumb\",\"itemListElement\":[{\"@type\":\"ListItem\",\"position\":1,\"name\":\"Home\",\"item\":\"http:\/\/www.alchemillasapotek.com\/sv\/\"},{\"@type\":\"ListItem\",\"position\":2,\"name\":\"Vatten\",\"item\":\"http:\/\/www.alchemillasapotek.com\/sv\/water\/\"},{\"@type\":\"ListItem\",\"position\":3,\"name\":\"Syren\"}]}]}<\/script>\n<!-- \/ Yoast SEO plugin. -->","yoast_head_json":{"title":"[:en]Lilac[:sv]Syren[:] ~ Alchemillas Apotek","description":"Alchemillas Apotek: spagyric tinctures, hydrosols, services, and formulas. Please contact us for more information.","robots":{"index":"index","follow":"follow","max-snippet":"max-snippet:-1","max-image-preview":"max-image-preview:large","max-video-preview":"max-video-preview:-1"},"canonical":"http:\/\/www.alchemillasapotek.com\/sv\/water\/syringa-vulgaris\/","og_locale":"en_US","og_type":"article","og_title":"[:en]Lilac[:sv]Syren[:] ~ Alchemillas Apotek","og_description":"Alchemillas Apotek: spagyric tinctures, hydrosols, services, and formulas. Please contact us for more information.","og_url":"http:\/\/www.alchemillasapotek.com\/sv\/water\/syringa-vulgaris\/","og_site_name":"Alchemillas Apotek","article_publisher":"https:\/\/www.facebook.com\/AlchemillasApotek\/","article_modified_time":"2017-01-15T14:16:27+00:00","og_image":[{"width":2448,"height":2448,"url":"http:\/\/www.alchemillasapotek.com\/wp-content\/uploads\/2017\/01\/IMG_1942.jpg","type":"image\/jpeg"}],"twitter_card":"summary","twitter_site":"@lisajeannin","schema":{"@context":"https:\/\/schema.org","@graph":[{"@type":"Organization","@id":"http:\/\/www.alchemillasapotek.com\/sv\/#organization","name":"Alchemillas Apotek","url":"http:\/\/www.alchemillasapotek.com\/sv\/","sameAs":["https:\/\/www.facebook.com\/AlchemillasApotek\/","https:\/\/www.instagram.com\/alchemillasapotek\/","https:\/\/twitter.com\/lisajeannin"],"logo":{"@type":"ImageObject","@id":"http:\/\/www.alchemillasapotek.com\/sv\/#logo","inLanguage":"sv-SV","url":"https:\/\/www.alchemillasapotek.com\/wp-content\/uploads\/2016\/11\/Logo-AlchemillasApotek-homepage.png","contentUrl":"https:\/\/www.alchemillasapotek.com\/wp-content\/uploads\/2016\/11\/Logo-AlchemillasApotek-homepage.png","width":592,"height":580,"caption":"Alchemillas Apotek"},"image":{"@id":"http:\/\/www.alchemillasapotek.com\/sv\/#logo"}},{"@type":"WebSite","@id":"http:\/\/www.alchemillasapotek.com\/sv\/#website","url":"http:\/\/www.alchemillasapotek.com\/sv\/","name":"Alchemillas Apotek","description":"Spagyric Tinctures &amp; Initiatic Plantmedicine for vibrant health and spiritual evolution.","publisher":{"@id":"http:\/\/www.alchemillasapotek.com\/sv\/#organization"},"potentialAction":[{"@type":"SearchAction","target":{"@type":"EntryPoint","urlTemplate":"http:\/\/www.alchemillasapotek.com\/sv\/?s={search_term_string}"},"query-input":"required name=search_term_string"}],"inLanguage":"sv-SV"},{"@type":"ImageObject","@id":"http:\/\/www.alchemillasapotek.com\/sv\/water\/syringa-vulgaris\/#primaryimage","inLanguage":"sv-SV","url":"http:\/\/www.alchemillasapotek.com\/wp-content\/uploads\/2017\/01\/IMG_1942.jpg","contentUrl":"http:\/\/www.alchemillasapotek.com\/wp-content\/uploads\/2017\/01\/IMG_1942.jpg","width":2448,"height":2448,"caption":"Syringa Vulgaris"},{"@type":"WebPage","@id":"http:\/\/www.alchemillasapotek.com\/sv\/water\/syringa-vulgaris\/#webpage","url":"http:\/\/www.alchemillasapotek.com\/sv\/water\/syringa-vulgaris\/","name":"[:en]Lilac[:sv]Syren[:] ~ Alchemillas Apotek","isPartOf":{"@id":"http:\/\/www.alchemillasapotek.com\/sv\/#website"},"primaryImageOfPage":{"@id":"http:\/\/www.alchemillasapotek.com\/sv\/water\/syringa-vulgaris\/#primaryimage"},"datePublished":"2017-01-08T14:47:24+00:00","dateModified":"2017-01-15T14:16:27+00:00","description":"Alchemillas Apotek: spagyric tinctures, hydrosols, services, and formulas. Please contact us for more information.","breadcrumb":{"@id":"http:\/\/www.alchemillasapotek.com\/sv\/water\/syringa-vulgaris\/#breadcrumb"},"inLanguage":"sv-SV","potentialAction":[{"@type":"ReadAction","target":["http:\/\/www.alchemillasapotek.com\/sv\/water\/syringa-vulgaris\/"]}]},{"@type":"BreadcrumbList","@id":"http:\/\/www.alchemillasapotek.com\/sv\/water\/syringa-vulgaris\/#breadcrumb","itemListElement":[{"@type":"ListItem","position":1,"name":"Home","item":"http:\/\/www.alchemillasapotek.com\/sv\/"},{"@type":"ListItem","position":2,"name":"Vatten","item":"http:\/\/www.alchemillasapotek.com\/sv\/water\/"},{"@type":"ListItem","position":3,"name":"Syren"}]}]}},"_links":{"self":[{"href":"http:\/\/www.alchemillasapotek.com\/sv\/wp-json\/wp\/v2\/product\/764"}],"collection":[{"href":"http:\/\/www.alchemillasapotek.com\/sv\/wp-json\/wp\/v2\/product"}],"about":[{"href":"http:\/\/www.alchemillasapotek.com\/sv\/wp-json\/wp\/v2\/types\/product"}],"replies":[{"embeddable":true,"href":"http:\/\/www.alchemillasapotek.com\/sv\/wp-json\/wp\/v2\/comments?post=764"}],"wp:featuredmedia":[{"embeddable":true,"href":"http:\/\/www.alchemillasapotek.com\/sv\/wp-json\/wp\/v2\/media\/768"}],"wp:attachment":[{"href":"http:\/\/www.alchemillasapotek.com\/sv\/wp-json\/wp\/v2\/media?parent=764"}],"wp:term":[{"taxonomy":"product_cat","embeddable":true,"href":"http:\/\/www.alchemillasapotek.com\/sv\/wp-json\/wp\/v2\/product_cat?post=764"},{"taxonomy":"product_tag","embeddable":true,"href":"http:\/\/www.alchemillasapotek.com\/sv\/wp-json\/wp\/v2\/product_tag?post=764"}],"curies":[{"name":"wp","href":"https:\/\/api.w.org\/{rel}","templated":true}]}}