{"id":780,"date":"2017-01-08T20:45:00","date_gmt":"2017-01-08T20:45:00","guid":{"rendered":"http:\/\/www.alchemillasapotek.com\/?post_type=product&#038;p=780"},"modified":"2017-07-24T06:26:26","modified_gmt":"2017-07-24T06:26:26","slug":"more-hydrosols","status":"publish","type":"product","link":"http:\/\/www.alchemillasapotek.com\/sv\/water\/more-hydrosols\/","title":{"rendered":"Flera Hydrolat"},"content":{"rendered":"<img loading=\"lazy\" class=\"alignnone wp-image-781 size-large\" src=\"https:\/\/www.alchemillasapotek.com\/wp-content\/uploads\/2017\/01\/IMG_2089-1024x1024.jpg\" width=\"1024\" height=\"1024\" srcset=\"http:\/\/www.alchemillasapotek.com\/wp-content\/uploads\/2017\/01\/IMG_2089-1024x1024.jpg 1024w, http:\/\/www.alchemillasapotek.com\/wp-content\/uploads\/2017\/01\/IMG_2089-300x300.jpg 300w, http:\/\/www.alchemillasapotek.com\/wp-content\/uploads\/2017\/01\/IMG_2089-100x100.jpg 100w, http:\/\/www.alchemillasapotek.com\/wp-content\/uploads\/2017\/01\/IMG_2089-456x456.jpg 456w, http:\/\/www.alchemillasapotek.com\/wp-content\/uploads\/2017\/01\/IMG_2089-220x220.jpg 220w, http:\/\/www.alchemillasapotek.com\/wp-content\/uploads\/2017\/01\/IMG_2089-460x460.jpg 460w, http:\/\/www.alchemillasapotek.com\/wp-content\/uploads\/2017\/01\/IMG_2089-768x768.jpg 768w, http:\/\/www.alchemillasapotek.com\/wp-content\/uploads\/2017\/01\/IMG_2089-400x400.jpg 400w\" sizes=\"(max-width: 1024px) 100vw, 1024px\" \/><\/p>\n<p>Lindblom \u2013 honungsaktig arom och doft, lugnande, harmoniskt, veriditas (gr\u00f6na livskraften)<\/p>\n<p>Bra f\u00f6r minnet, tr\u00f6stande f\u00f6r sj\u00e4len, bra att dricka utsp\u00e4tt vid feber, bra vid dr\u00f6marbete.<\/p>\n<p>&nbsp;<\/p>\n<p>\u00c4lggr\u00e4sblommor \u2013 honungslik arom och doft, blommig, mandelaktig, som en feminin arketyp f\u00f6r planeten mars, bra vid muskel och ledv\u00e4rk, huvudv\u00e4rk, mensv\u00e4rk, mags\u00e5r.<\/p>\n<p>&nbsp;<\/p>\n<p>Oregano \u2013 n\u00e5got skarp, aromatisk, kryddig med en liten s\u00f6tma.<\/p>\n<p>Bra f\u00f6r matsm\u00e4ltningen, den inre floran, vid candida, att gurgla med vid influensa och halsont, att sk\u00f6lja munnen med om man har problem med tandk\u00f6tt och karies, renande f\u00f6r blodet och det lymfatiska systemet.<\/p>\n<p>&nbsp;<\/p>\n<p>Daggk\u00e5pa \u2013 himmelsk, gr\u00f6n, upplyftande<\/p>\n<p>Spraya p\u00e5 ansiktet d\u00e4r den verkar f\u00f6ryngrande och sammandragande, magisk, en portal till v\u00e4xtriket.<\/p>\n<p>&nbsp;<\/p>\n<p>Johannes\u00f6rt \u2013 fruktig, euforisk, gl\u00e4dje<\/p>\n<p>Bra vid melankoli att dricka utsp\u00e4dd i vatten och spraya runt dig vid uppvaknandet, bra vid energil\u00e4ckage, s\u00e4tta gr\u00e4nser.<\/p>\n<p>&nbsp;<\/p>\n<p>Sn\u00e4rjm\u00e5ra \u2013 n\u00e5got s\u00f6t, v\u00e5rk\u00e4nslor, \u00f6rtig<\/p>\n<p>Bra f\u00f6r kroppens inre fl\u00f6den, lymfatiska systemet, det kreativa fl\u00f6det, att frig\u00f6ra sig fr\u00e5n o\u00f6nskade m\u00f6nster och beroenden.<\/p>\n<p>&nbsp;<\/p>\n<p>Fl\u00e4derblommor \u2013 s\u00f6t, god, fruktig<\/p>\n<p>Bra att dricka utsp\u00e4dd vid feber, spraya p\u00e5 \u00f6mma muskler och v\u00e4rkande st\u00e4llen.<\/p>\n<p>&nbsp;<\/p>\n<p>Cypress \u2013 underbar, gr\u00f6n, stor, expansiv, n\u00e5got r\u00f6kig, hartsig, viriditas<\/p>\n<p>Bra att dricka utsp\u00e4dd om man samlar vatten innan menstruation, vid \u00e5derbr\u00e5ck och hemmorojder, doften bringar gl\u00e4dje och visdom.<\/p>\n<p>&nbsp;<\/p>\n<p>Apelsin \u2013 aromen och smaken \u00e4r apelsinens sj\u00e4l! Glad, antidepressiv<\/p>\n<p>Bra att spraya f\u00f6r att f\u00f6r\u00e4ndra atmosf\u00e4ren av en plats till att bli milt euforisk och v\u00e4nlig. H\u00f6jer libido.<\/p>\n<p>&nbsp;<\/p>\n<p>Gr\u00e5bo \u2013 doftar ej s\u00e4rskillt gott men smaken \u00e4r intressant. Bra f\u00f6r lucida dr\u00f6mmar, dr\u00f6marbete, den vilda guddinnans arketyp, bra vid sp\u00e5dom, intuition, fullm\u00e5neritualer.<\/p>\n<p>&nbsp;<\/p>\n<p>Kamomill \u2013 himmelsk, aromatisk, lugnande, tr\u00f6stande f\u00f6r sj\u00e4len och k\u00e4nslom\u00e4ssigt. Bra f\u00f6r gr\u00e5tande bebisar som f\u00e5r t\u00e4nder att spraya runt dem, p\u00e5 deras kuddar, h\u00e4lla lite utsp\u00e4dd i ljummet vatten eller v\u00e4lling i nappflaska, bra f\u00f6r r\u00f6d kliande hud, bl\u00f6jexem, antiinflammatorisk, acne, bra vid s\u00f6mnl\u00f6shet, stress, \u00e5ngest, att ta bort smink med.<\/p>\n<p>&nbsp;<\/p>\n<p>Citrontimjan \u2013 himmelsk, upplyftande, gr\u00f6n<\/p>\n<p>Bra att spraya p\u00e5 tinningarna vid f\u00f6r mycket mentalaktivitet s\u00e5 att man f\u00e5r kvisslor d\u00e4r, bra att spraya p\u00e5 acne och \u00e4ven ta utsp\u00e4dd inv\u00e4rtes vid acne och candida.<\/p>\n<p>&nbsp;<\/p>\n<p>R\u00f6lleka \u2013 doftar som en bl\u00f6t strumpa men effekten \u00e4r otroligt l\u00e4kande f\u00f6r f\u00e4rska tatueringar, sk\u00e4rs\u00e5r, skrubbs\u00e5r, insektsbett, bra vid hemmorojder, helande p\u00e5 ett andligt plan.<\/p>\n<p>&nbsp;<\/p>\n<p>Helig Basilika (Tulsi) \u2013 gudomlig doft, gl\u00e4dje, v\u00e4lsignad<\/p>\n<p>Bra f\u00f6r immunf\u00f6rsvaret, att lyfta anden och hum\u00f6ret, f\u00f6r att skapa en helig plats, bra vid stress, sp\u00e4nningar, r\u00e4dsla, oro och \u00e5ngest.<\/p>\n<p>&nbsp;<\/p>\n<p>Citronmeliss \u2013 n\u00e5got stark, kryddig<\/p>\n<p>Gl\u00e4dje, upplyftande, det heliga barnet, \u00f6ppna det emotionella hj\u00e4rtat, bra outsp\u00e4dd att badda vid herpes.<\/p>\n<p>&nbsp;<\/p>\n<p>Syren \u2013 Some en portal till \u00e4lvriket, magi, glamour, intuition, mysteriet, \u00e4lvseende, initiering, v\u00e4ldigt god i en mojito.<\/p>\n<p>&nbsp;<\/p>\n<p>K\u00f6rsb\u00e4rsblom \u2013 hypnotisk, s\u00f6t, magisk, glamour<\/p>\n<p>Lugnande, tung, sederande. En tre\u00e5ring beskrev doften som \u201c glamour&#8230;regnb\u00e5ge&#8230;glamour&#8230;\u201d<\/p>\n<p>Bra n\u00e4r man \u00e4r r\u00e4dd f\u00f6r det ok\u00e4nda.<\/p>\n<p>&nbsp;<\/p>\n<p>Vildros \u2013 doftar som riktiga rosor vilket kan vara en besvikelse f\u00f6r de som vant sig vid syntetisk rosdoft. Detta \u00e4r subtilt, milt, tr\u00f6stande, l\u00e4kande och himmelskt.<\/p>\n<p>Renande, sammandragande och f\u00f6ryngrande f\u00f6r hyn, bra f\u00f6r det emotionella hj\u00e4rtat, k\u00e4rleksfull, bra vid PMS, klimakteriet, melankoli. Magiskt utsp\u00e4tt i ett glas champagne.<\/p>\n<p>&nbsp;<\/p>\n<p>Lagerblad \u2013 Varmt, magiskt, h\u00f6gre intelligens och medvetande, bra vid ritualer, orakel och sp\u00e5dom, energiarbete, h\u00f6g vibration, f\u00f6r att se genom sl\u00f6jorna.<\/p>\n<p>&nbsp;<\/p>\n<p>Kvannefr\u00f6 \u2013 gudomlig doft och arom, h\u00f6g vibration, kronchakrat, magisk, ritualarbete, rena en plats, kalla in skydds\u00e4nglarna, kanalisering, knyta upp karmiska knutar.<\/p>\n<p>&nbsp;<\/p>\n<p>Mal\u00f6rt \u2013 vacker maskulin doft<\/p>\n<p>Anv\u00e4nds som en kroppsspray, anv\u00e4nds mycket utsp\u00e4dd inv\u00e4rtes enbart vid parasiter eller malaria (INTE annars).<\/p>\n<p>&nbsp;<\/p>\n<p>Kalmusrot \u2013 gudomlig, helig, aromatisk, kryddig, h\u00f6gre medvetande, uttryck, bra f\u00f6r halsen utsp\u00e4dd, f\u00f6r att sjunga fr\u00e5n hj\u00e4rtat, skriva, tala, f\u00f6r att helga, magi.<\/p>\n<p>&nbsp;<\/p>\n<p>Gullris \u2013 friskt, gr\u00f6n, v\u00e4ldigt god<\/p>\n<p>L\u00f6ser upp gammal ilska, st\u00e4dar emotionellt, bra f\u00f6r njurar och lever som en detox utsp\u00e4dd i vatten, bra vid allergi. Drick utsp\u00e4dd som en v\u00e5rst\u00e4dning. St\u00e4rker hj\u00e4rtat och solarplexus.<\/p>\n<p>&nbsp;<\/p>\n<p>Mj\u00f6lk\u00f6rt \u2013 doftar ej s\u00e5 gott men \u00e4r v\u00e4ldigt bra vid candida, att l\u00e4ka maten, bra om man varit med om n\u00e5gonting traumatiskt f\u00f6r att resa sig som en f\u00e5gel fenix ur askan, helande, att se k\u00e4rnan, sanningen, hj\u00e4rtat och essensen.<\/p>\n<p>&nbsp;<\/p>\n<p>Ananassalvia \u2013 l\u00e4tt, mjuk, s\u00f6t doft<\/p>\n<p>Jupiters arketyp! Sinne f\u00f6r humor, gener\u00f6s, sn\u00e4ll och expansiv k\u00e4nsla!<\/p>\n<p>&nbsp;<\/p>\n<p>Mandarin \u2013 s\u00f6t, tung, gudomlig<\/p>\n<p>sederande, hypnotisk, bra f\u00f6r att lugna uppskruvade barn och vuxna utsp\u00e4dd i lite vatten.<\/p>\n<p>&nbsp;<\/p>\n<p>Gr\u00f6nt Anisfr\u00f6 &#8211; bra f\u00f6r matsm\u00e4ltningen och gaser i magen, jordande<\/p>\n<p>&nbsp;<\/p>\n<p>Citronskal &#8211; bra i varmt vatten som morgondryck som inre st\u00e4dning , bra att st\u00e4da sitt hem med, spraya och torka av ytor!<\/p>\n<p>&nbsp;<\/p>\n<p>Muskatellsalvia &#8211; gudomlig, hypnotisk, euforisk, lindrar PMS och klimakteriebesv\u00e4r, dr\u00f6msk, sensuell . Lite i ett glas champagne rekomenderas till fest!<\/p>\n<p>&nbsp;<\/p>\n<p>R\u00f6dkl\u00f6ver &#8211; detoxifierande, st\u00e4rkande, bra vid PMS (sk\u00f6nt att spraya p\u00e5 \u00f6mma br\u00f6st) och klimakteiebsev\u00e4r, bra vid exsem b\u00e5de inv\u00e4rtes och utv\u00e4rtes, s\u00e4rskillt barn svarar ofta bra p\u00e5 r\u00f6dkl\u00f6ver.<\/p>\n<p>&nbsp;<\/p>\n<p>&nbsp;<\/p>\n<p><img loading=\"lazy\" class=\"alignnone wp-image-784 size-large\" src=\"https:\/\/www.alchemillasapotek.com\/wp-content\/uploads\/2017\/01\/cypress-1-1024x1024.jpg\" width=\"1024\" height=\"1024\" srcset=\"http:\/\/www.alchemillasapotek.com\/wp-content\/uploads\/2017\/01\/cypress-1-1024x1024.jpg 1024w, http:\/\/www.alchemillasapotek.com\/wp-content\/uploads\/2017\/01\/cypress-1-300x300.jpg 300w, http:\/\/www.alchemillasapotek.com\/wp-content\/uploads\/2017\/01\/cypress-1-100x100.jpg 100w, http:\/\/www.alchemillasapotek.com\/wp-content\/uploads\/2017\/01\/cypress-1-456x456.jpg 456w, http:\/\/www.alchemillasapotek.com\/wp-content\/uploads\/2017\/01\/cypress-1-220x220.jpg 220w, http:\/\/www.alchemillasapotek.com\/wp-content\/uploads\/2017\/01\/cypress-1-460x460.jpg 460w, http:\/\/www.alchemillasapotek.com\/wp-content\/uploads\/2017\/01\/cypress-1-768x768.jpg 768w, http:\/\/www.alchemillasapotek.com\/wp-content\/uploads\/2017\/01\/cypress-1-400x400.jpg 400w\" sizes=\"(max-width: 1024px) 100vw, 1024px\" \/><img loading=\"lazy\" class=\"alignnone wp-image-783 size-large\" src=\"https:\/\/www.alchemillasapotek.com\/wp-content\/uploads\/2017\/01\/cypress-2-1024x1024.jpg\" width=\"1024\" height=\"1024\" srcset=\"http:\/\/www.alchemillasapotek.com\/wp-content\/uploads\/2017\/01\/cypress-2-1024x1024.jpg 1024w, http:\/\/www.alchemillasapotek.com\/wp-content\/uploads\/2017\/01\/cypress-2-300x300.jpg 300w, http:\/\/www.alchemillasapotek.com\/wp-content\/uploads\/2017\/01\/cypress-2-100x100.jpg 100w, http:\/\/www.alchemillasapotek.com\/wp-content\/uploads\/2017\/01\/cypress-2-456x456.jpg 456w, http:\/\/www.alchemillasapotek.com\/wp-content\/uploads\/2017\/01\/cypress-2-220x220.jpg 220w, http:\/\/www.alchemillasapotek.com\/wp-content\/uploads\/2017\/01\/cypress-2-460x460.jpg 460w, http:\/\/www.alchemillasapotek.com\/wp-content\/uploads\/2017\/01\/cypress-2-768x768.jpg 768w, http:\/\/www.alchemillasapotek.com\/wp-content\/uploads\/2017\/01\/cypress-2-400x400.jpg 400w\" sizes=\"(max-width: 1024px) 100vw, 1024px\" \/>","protected":false},"excerpt":{"rendered":"<p>\u00c4NNU FLERA HYDROLAT<br \/>\nHydrolat \u00e4r \u00f6rtvatten som skapas under \u00e5ngdestilleringen av eteriska oljor.<\/p>\n<p>I alkemin \u00e4r svavelprincipen, som representerar ljuset och livets k\u00e4lla, manifesterad i den eteriska oljan, som \u00e4r \u00e4r v\u00e4xtens sj\u00e4l. Hydrolaten \u00e4r med andra ord besj\u00e4lade och verkar verkligen i en h\u00f6gre frekvens och p\u00e5 en sj\u00e4lslig niv\u00e5.<\/p>\n<p><img loading=\"lazy\" class=\"size-full wp-image-245 aligncenter\" src=\"https:\/\/www.alchemillasapotek.com\/wp-content\/uploads\/2016\/11\/SST-Sulphur.png\" alt=\"Sulphur\" width=\"40\" height=\"40\" \/><\/p>\n<p>Hydrolat kan anv\u00e4ndas b\u00e5de inv\u00e4rtes (men d\u00e5 ska de sp\u00e4das med vatten) och utv\u00e4rtes f\u00f6r h\u00e4lsa, sk\u00f6nhet och lust.<\/p>\n<p>&nbsp;<\/p>\n<p>Hydrolaten s\u00e4ljs i 30 ml bruna glasflaskor med spraypump och kostar 70 kr styck + frakt.<\/p>\n<p>Hydrolat b\u00f6r f\u00f6rvaras svalt och m\u00f6rkt, ett kylsk\u00e5p \u00e4r optimalt.<\/p>\n<p>Ett hydrolat har en h\u00e5llbarhet p\u00e5 5-12 m\u00e5nader.<\/p>\n<p>&nbsp;<\/p>\n<p>V\u00e4xterna jag destillerar har jag odlat och sk\u00f6rdat i min tr\u00e4dg\u00e5rd eller plockat i naturen och destillerat i astrologiskt optimala \u00f6gonblick. Givetvis \u00e4r \u00f6rterna odlade utan gifter.<\/p>\n<p>&nbsp;<\/p>\n<p>Det \u00e4r m\u00f6jligt att best\u00e4lla andra hydrolat \u00e4n de som finns i den h\u00e4r aff\u00e4ren. Jag destillerar regelbundet som en del av den spagyriska processen och jag vill dela med mig av det jag inte beh\u00f6ver i min spagyriska praktik eller som jag och min familj inte anv\u00e4nder. Vi har hydrolat i badvattnet, vi dricker dem, lagar mat med dem, l\u00e4ker oss med dem, sprayar dem runt oss f\u00f6r att f\u00f6r\u00e4ndra atmosf\u00e4ren eller hum\u00f6ret, st\u00e4dar med dem, anv\u00e4nder som hudv\u00e5rd, vi anv\u00e4nder dem dagligen. Barn och djur \u00e4r v\u00e4ldigt f\u00f6rtjusta i hydrolat.<\/p>\n<p>&nbsp;<\/p>\n<p>Jag har gjort en lista p\u00e5 hydrolat som g\u00e5r att best\u00e4lla med en del nyckelord.<\/p>\n<p>Om du vill best\u00e4lla \u00e4r det bara att skriva vilket hydrolat du vill ha.&hellip; <a class=\"kt-excerpt-readmore\" href=\"http:\/\/www.alchemillasapotek.com\/sv\/water\/more-hydrosols\/\" aria-label=\"Flera Hydrolat\">Read More<\/a><\/p>\n","protected":false},"featured_media":242,"comment_status":"closed","ping_status":"closed","template":"","meta":[],"product_cat":[8],"product_tag":[91,428,83,426,400,423,266,49,328,420,419,139,425,404,421,71,168,424,80,236,238,422,220,427,429,206],"yoast_head":"<!-- This site is optimized with the Yoast SEO plugin v18.4.1 - https:\/\/yoast.com\/wordpress\/plugins\/seo\/ -->\n<title>Flera Hydrolat ~ Alchemillas Apotek<\/title>\n<meta name=\"description\" content=\"Alchemillas Apotek: spagyric tinctures, hydrosols, services, and formulas. Please contact us for more information.\" \/>\n<meta name=\"robots\" content=\"index, follow, max-snippet:-1, max-image-preview:large, max-video-preview:-1\" \/>\n<link rel=\"canonical\" href=\"https:\/\/www.alchemillasapotek.com\/water\/more-hydrosols\/\" \/>\n<meta property=\"og:locale\" content=\"en_US\" \/>\n<meta property=\"og:type\" content=\"article\" \/>\n<meta property=\"og:title\" content=\"[:en]More Hydrosols[:sv]Flera Hydrolat[:] ~ Alchemillas Apotek\" \/>\n<meta property=\"og:description\" content=\"Alchemillas Apotek: spagyric tinctures, hydrosols, services, and formulas. Please contact us for more information.\" \/>\n<meta property=\"og:url\" content=\"https:\/\/www.alchemillasapotek.com\/water\/more-hydrosols\/\" \/>\n<meta property=\"og:site_name\" content=\"Alchemillas Apotek\" \/>\n<meta property=\"article:publisher\" content=\"https:\/\/www.facebook.com\/AlchemillasApotek\/\" \/>\n<meta property=\"article:modified_time\" content=\"2017-07-24T06:26:26+00:00\" \/>\n<meta property=\"og:image\" content=\"https:\/\/www.alchemillasapotek.com\/wp-content\/uploads\/2016\/11\/IMG_1622.jpg\" \/>\n\t<meta property=\"og:image:width\" content=\"640\" \/>\n\t<meta property=\"og:image:height\" content=\"640\" \/>\n\t<meta property=\"og:image:type\" content=\"image\/jpeg\" \/>\n<meta name=\"twitter:card\" content=\"summary\" \/>\n<meta name=\"twitter:site\" content=\"@lisajeannin\" \/>\n<meta name=\"twitter:label1\" content=\"Est. reading time\" \/>\n\t<meta name=\"twitter:data1\" content=\"9 minutes\" \/>\n<script type=\"application\/ld+json\" class=\"yoast-schema-graph\">{\"@context\":\"https:\/\/schema.org\",\"@graph\":[{\"@type\":\"Organization\",\"@id\":\"https:\/\/www.alchemillasapotek.com\/#organization\",\"name\":\"Alchemillas Apotek\",\"url\":\"https:\/\/www.alchemillasapotek.com\/\",\"sameAs\":[\"https:\/\/www.facebook.com\/AlchemillasApotek\/\",\"https:\/\/www.instagram.com\/alchemillasapotek\/\",\"https:\/\/twitter.com\/lisajeannin\"],\"logo\":{\"@type\":\"ImageObject\",\"@id\":\"https:\/\/www.alchemillasapotek.com\/#logo\",\"inLanguage\":\"sv-SV\",\"url\":\"https:\/\/www.alchemillasapotek.com\/wp-content\/uploads\/2016\/11\/Logo-AlchemillasApotek-homepage.png\",\"contentUrl\":\"https:\/\/www.alchemillasapotek.com\/wp-content\/uploads\/2016\/11\/Logo-AlchemillasApotek-homepage.png\",\"width\":592,\"height\":580,\"caption\":\"Alchemillas Apotek\"},\"image\":{\"@id\":\"https:\/\/www.alchemillasapotek.com\/#logo\"}},{\"@type\":\"WebSite\",\"@id\":\"https:\/\/www.alchemillasapotek.com\/#website\",\"url\":\"https:\/\/www.alchemillasapotek.com\/\",\"name\":\"Alchemillas Apotek\",\"description\":\"Spagyric Tinctures &amp; Initiatic Plantmedicine for vibrant health and spiritual evolution.\",\"publisher\":{\"@id\":\"https:\/\/www.alchemillasapotek.com\/#organization\"},\"potentialAction\":[{\"@type\":\"SearchAction\",\"target\":{\"@type\":\"EntryPoint\",\"urlTemplate\":\"https:\/\/www.alchemillasapotek.com\/?s={search_term_string}\"},\"query-input\":\"required name=search_term_string\"}],\"inLanguage\":\"sv-SV\"},{\"@type\":\"ImageObject\",\"@id\":\"https:\/\/www.alchemillasapotek.com\/water\/more-hydrosols\/#primaryimage\",\"inLanguage\":\"sv-SV\",\"url\":\"http:\/\/www.alchemillasapotek.com\/wp-content\/uploads\/2016\/11\/IMG_1622.jpg\",\"contentUrl\":\"http:\/\/www.alchemillasapotek.com\/wp-content\/uploads\/2016\/11\/IMG_1622.jpg\",\"width\":640,\"height\":640,\"caption\":\"Lavandula Angustifolia\"},{\"@type\":\"WebPage\",\"@id\":\"https:\/\/www.alchemillasapotek.com\/water\/more-hydrosols\/#webpage\",\"url\":\"https:\/\/www.alchemillasapotek.com\/water\/more-hydrosols\/\",\"name\":\"[:en]More Hydrosols[:sv]Flera Hydrolat[:] ~ Alchemillas Apotek\",\"isPartOf\":{\"@id\":\"https:\/\/www.alchemillasapotek.com\/#website\"},\"primaryImageOfPage\":{\"@id\":\"https:\/\/www.alchemillasapotek.com\/water\/more-hydrosols\/#primaryimage\"},\"datePublished\":\"2017-01-08T20:45:00+00:00\",\"dateModified\":\"2017-07-24T06:26:26+00:00\",\"description\":\"Alchemillas Apotek: spagyric tinctures, hydrosols, services, and formulas. Please contact us for more information.\",\"breadcrumb\":{\"@id\":\"https:\/\/www.alchemillasapotek.com\/water\/more-hydrosols\/#breadcrumb\"},\"inLanguage\":\"sv-SV\",\"potentialAction\":[{\"@type\":\"ReadAction\",\"target\":[\"https:\/\/www.alchemillasapotek.com\/water\/more-hydrosols\/\"]}]},{\"@type\":\"BreadcrumbList\",\"@id\":\"https:\/\/www.alchemillasapotek.com\/water\/more-hydrosols\/#breadcrumb\",\"itemListElement\":[{\"@type\":\"ListItem\",\"position\":1,\"name\":\"Home\",\"item\":\"https:\/\/www.alchemillasapotek.com\/\"},{\"@type\":\"ListItem\",\"position\":2,\"name\":\"Water\",\"item\":\"http:\/\/www.alchemillasapotek.com\/water\/\"},{\"@type\":\"ListItem\",\"position\":3,\"name\":\"More Hydrosols\"}]}]}<\/script>\n<!-- \/ Yoast SEO plugin. -->","yoast_head_json":{"title":"[:en]More Hydrosols[:sv]Flera Hydrolat[:] ~ Alchemillas Apotek","description":"Alchemillas Apotek: spagyric tinctures, hydrosols, services, and formulas. Please contact us for more information.","robots":{"index":"index","follow":"follow","max-snippet":"max-snippet:-1","max-image-preview":"max-image-preview:large","max-video-preview":"max-video-preview:-1"},"canonical":"https:\/\/www.alchemillasapotek.com\/water\/more-hydrosols\/","og_locale":"en_US","og_type":"article","og_title":"[:en]More Hydrosols[:sv]Flera Hydrolat[:] ~ Alchemillas Apotek","og_description":"Alchemillas Apotek: spagyric tinctures, hydrosols, services, and formulas. Please contact us for more information.","og_url":"https:\/\/www.alchemillasapotek.com\/water\/more-hydrosols\/","og_site_name":"Alchemillas Apotek","article_publisher":"https:\/\/www.facebook.com\/AlchemillasApotek\/","article_modified_time":"2017-07-24T06:26:26+00:00","og_image":[{"width":640,"height":640,"url":"https:\/\/www.alchemillasapotek.com\/wp-content\/uploads\/2016\/11\/IMG_1622.jpg","type":"image\/jpeg"}],"twitter_card":"summary","twitter_site":"@lisajeannin","twitter_misc":{"Est. reading time":"9 minutes"},"schema":{"@context":"https:\/\/schema.org","@graph":[{"@type":"Organization","@id":"https:\/\/www.alchemillasapotek.com\/#organization","name":"Alchemillas Apotek","url":"https:\/\/www.alchemillasapotek.com\/","sameAs":["https:\/\/www.facebook.com\/AlchemillasApotek\/","https:\/\/www.instagram.com\/alchemillasapotek\/","https:\/\/twitter.com\/lisajeannin"],"logo":{"@type":"ImageObject","@id":"https:\/\/www.alchemillasapotek.com\/#logo","inLanguage":"sv-SV","url":"https:\/\/www.alchemillasapotek.com\/wp-content\/uploads\/2016\/11\/Logo-AlchemillasApotek-homepage.png","contentUrl":"https:\/\/www.alchemillasapotek.com\/wp-content\/uploads\/2016\/11\/Logo-AlchemillasApotek-homepage.png","width":592,"height":580,"caption":"Alchemillas Apotek"},"image":{"@id":"https:\/\/www.alchemillasapotek.com\/#logo"}},{"@type":"WebSite","@id":"https:\/\/www.alchemillasapotek.com\/#website","url":"https:\/\/www.alchemillasapotek.com\/","name":"Alchemillas Apotek","description":"Spagyric Tinctures &amp; Initiatic Plantmedicine for vibrant health and spiritual evolution.","publisher":{"@id":"https:\/\/www.alchemillasapotek.com\/#organization"},"potentialAction":[{"@type":"SearchAction","target":{"@type":"EntryPoint","urlTemplate":"https:\/\/www.alchemillasapotek.com\/?s={search_term_string}"},"query-input":"required name=search_term_string"}],"inLanguage":"sv-SV"},{"@type":"ImageObject","@id":"https:\/\/www.alchemillasapotek.com\/water\/more-hydrosols\/#primaryimage","inLanguage":"sv-SV","url":"http:\/\/www.alchemillasapotek.com\/wp-content\/uploads\/2016\/11\/IMG_1622.jpg","contentUrl":"http:\/\/www.alchemillasapotek.com\/wp-content\/uploads\/2016\/11\/IMG_1622.jpg","width":640,"height":640,"caption":"Lavandula Angustifolia"},{"@type":"WebPage","@id":"https:\/\/www.alchemillasapotek.com\/water\/more-hydrosols\/#webpage","url":"https:\/\/www.alchemillasapotek.com\/water\/more-hydrosols\/","name":"[:en]More Hydrosols[:sv]Flera Hydrolat[:] ~ Alchemillas Apotek","isPartOf":{"@id":"https:\/\/www.alchemillasapotek.com\/#website"},"primaryImageOfPage":{"@id":"https:\/\/www.alchemillasapotek.com\/water\/more-hydrosols\/#primaryimage"},"datePublished":"2017-01-08T20:45:00+00:00","dateModified":"2017-07-24T06:26:26+00:00","description":"Alchemillas Apotek: spagyric tinctures, hydrosols, services, and formulas. Please contact us for more information.","breadcrumb":{"@id":"https:\/\/www.alchemillasapotek.com\/water\/more-hydrosols\/#breadcrumb"},"inLanguage":"sv-SV","potentialAction":[{"@type":"ReadAction","target":["https:\/\/www.alchemillasapotek.com\/water\/more-hydrosols\/"]}]},{"@type":"BreadcrumbList","@id":"https:\/\/www.alchemillasapotek.com\/water\/more-hydrosols\/#breadcrumb","itemListElement":[{"@type":"ListItem","position":1,"name":"Home","item":"https:\/\/www.alchemillasapotek.com\/"},{"@type":"ListItem","position":2,"name":"Water","item":"http:\/\/www.alchemillasapotek.com\/water\/"},{"@type":"ListItem","position":3,"name":"More Hydrosols"}]}]}},"_links":{"self":[{"href":"http:\/\/www.alchemillasapotek.com\/sv\/wp-json\/wp\/v2\/product\/780"}],"collection":[{"href":"http:\/\/www.alchemillasapotek.com\/sv\/wp-json\/wp\/v2\/product"}],"about":[{"href":"http:\/\/www.alchemillasapotek.com\/sv\/wp-json\/wp\/v2\/types\/product"}],"replies":[{"embeddable":true,"href":"http:\/\/www.alchemillasapotek.com\/sv\/wp-json\/wp\/v2\/comments?post=780"}],"wp:featuredmedia":[{"embeddable":true,"href":"http:\/\/www.alchemillasapotek.com\/sv\/wp-json\/wp\/v2\/media\/242"}],"wp:attachment":[{"href":"http:\/\/www.alchemillasapotek.com\/sv\/wp-json\/wp\/v2\/media?parent=780"}],"wp:term":[{"taxonomy":"product_cat","embeddable":true,"href":"http:\/\/www.alchemillasapotek.com\/sv\/wp-json\/wp\/v2\/product_cat?post=780"},{"taxonomy":"product_tag","embeddable":true,"href":"http:\/\/www.alchemillasapotek.com\/sv\/wp-json\/wp\/v2\/product_tag?post=780"}],"curies":[{"name":"wp","href":"https:\/\/api.w.org\/{rel}","templated":true}]}}