{"id":1486,"date":"2017-07-16T04:36:54","date_gmt":"2017-07-16T04:36:54","guid":{"rendered":"http:\/\/www.alchemillasapotek.com\/?post_type=product&#038;p=1486"},"modified":"2017-12-07T14:09:21","modified_gmt":"2017-12-07T14:09:21","slug":"schizandra-copy","status":"publish","type":"product","link":"https:\/\/www.alchemillasapotek.com\/sv\/water\/schizandra-copy\/","title":{"rendered":"Jujube"},"content":{"rendered":"<h5>Spagyrisk tinktur av Ziziphus Jujuba.<\/h5>\n<p>&nbsp;<\/p>\n<p>Ta 7 droppar p\u00e5 kv\u00e4llen dirrekt p\u00e5 tungan med pipetten, eller i lite vatten.<br \/>\nAnv\u00e4nd ej om du behandlas f\u00f6r diabetes. Kan verka milt laxerande i h\u00f6gre dos.<\/p>\n<p>Calcinering av \u00a0Schizandra, Jujube (i mitten) och \u00a0Sibirisk Ginseng.<\/p>\n<p><img loading=\"lazy\" class=\"alignnone wp-image-1484 size-full\" src=\"\/\/www.alchemillasapotek.com\/wp-content\/uploads\/2017\/07\/IMG_3140.jpg\" alt=\"\" width=\"2448\" height=\"2448\" srcset=\"https:\/\/www.alchemillasapotek.com\/wp-content\/uploads\/2017\/07\/IMG_3140.jpg 2448w, https:\/\/www.alchemillasapotek.com\/wp-content\/uploads\/2017\/07\/IMG_3140-300x300.jpg 300w, https:\/\/www.alchemillasapotek.com\/wp-content\/uploads\/2017\/07\/IMG_3140-100x100.jpg 100w, https:\/\/www.alchemillasapotek.com\/wp-content\/uploads\/2017\/07\/IMG_3140-456x456.jpg 456w, https:\/\/www.alchemillasapotek.com\/wp-content\/uploads\/2017\/07\/IMG_3140-220x220.jpg 220w, https:\/\/www.alchemillasapotek.com\/wp-content\/uploads\/2017\/07\/IMG_3140-460x460.jpg 460w, https:\/\/www.alchemillasapotek.com\/wp-content\/uploads\/2017\/07\/IMG_3140-768x768.jpg 768w, https:\/\/www.alchemillasapotek.com\/wp-content\/uploads\/2017\/07\/IMG_3140-1024x1024.jpg 1024w\" sizes=\"(max-width: 2448px) 100vw, 2448px\" \/><\/p>\n<p>&nbsp;<\/p>\n<p>&nbsp;","protected":false},"excerpt":{"rendered":"<p>\u201cTre r\u00f6da dadlar om dagen och du f\u00f6rblir evigt ung\u201d \u2013 Kinsesiskt ordspr\u00e5k.<\/p>\n<p><img loading=\"lazy\" class=\"alignnone size-full wp-image-244\" src=\"\/\/www.alchemillasapotek.com\/wp-content\/uploads\/2016\/11\/SST-Salt.png\" alt=\"Salt\" width=\"40\" height=\"40\" \/><\/p>\n<p>Jujubefrukten har kraftfulla h\u00e4lsosamma verkningar.<\/p>\n<p>Eftersom jujube inneh\u00e5ller stora m\u00e4ngder antioxidanter, st\u00f6djer de immunf\u00f6rsvaret och det allm\u00e4nna h\u00e4lsotillst\u00e5ndet. De sk\u00e4nker styrka och inneh\u00e5ller massor av fytokemikalier. Dess imponerande n\u00e4ringsinneh\u00e5ll inkluderar bland annat vitamin C, A och B2, j\u00e4rn, fosfor, kalcium och mangan. Dessa element arbetar synergetiskt f\u00f6r att st\u00f6dja en god h\u00e4lsa.<\/p>\n<p>Dessa r\u00f6da dadlar uppskattas av kvinnor f\u00f6r att de sk\u00e4nker sk\u00f6nhet och st\u00e4rker blodet, och anv\u00e4nds d\u00e4rf\u00f6r vid mens och efter f\u00f6rlossning. Jujube anses vara ett livselixir.<\/p>\n<p>&nbsp;<\/p>\n<p class=\"alignnone size-full wp-image-223\"><img loading=\"lazy\" class=\"alignnone size-full wp-image-223\" src=\"\/\/www.alchemillasapotek.com\/wp-content\/uploads\/2016\/11\/SST-Mercury.png\" alt=\"Mercury\" width=\"38\" height=\"50\" \/><\/p>\n<p>Jujubedadlar inneh\u00e5ller jujuboside A, som p\u00e5verkar <a href=\"https:\/\/sv.wikipedia.org\/wiki\/Hippocampus\">hippocampus<\/a> i hj\u00e4rnan. Jujube fr\u00e4mjar god s\u00f6mn och \u00e4r samtidigt \u00e5ngestd\u00e4mpande.<\/p>\n<p class=\"alignnone size-full wp-image-223\"><img loading=\"lazy\" class=\"alignnone size-full wp-image-245\" src=\"\/\/www.alchemillasapotek.com\/wp-content\/uploads\/2016\/11\/SST-Sulphur.png\" alt=\"Sulphur\" width=\"40\" height=\"40\" \/><\/p>\n<p class=\"alignnone size-full wp-image-223\">Jujube renar de tolv meridianerna , s\u00e4rskillt magens, vilken \u00e4r kroppens centrum och representerar jordelementet. Jujube s\u00e4gs \u00e4ven rena de nio \u00f6ppningarna, dvs \u00f6gonen, \u00f6ronen, bih\u00e5lorna, halsen, anus och urinv\u00e4garna. Historiskt har jujube anv\u00e4nts f\u00f6r att ge styrka och f\u00f6rl\u00e4nga livet. Jujube s\u00e4gs st\u00e4rka hj\u00e4rtat, magen och lungorna enligt traditionell kinsesisk medicin. Samtidigt som denna dadel verkar \u00e5terfuktande , torkar den samtidigt upp f\u00f6r mycket inre slem. Inom den kinesiska medicinen r\u00e4knas den som en Yin-medicin som kan balansera starka Yang-mediciner som tex Ginseng.<\/p>\n<p>&nbsp;&hellip; <a class=\"kt-excerpt-readmore\" href=\"https:\/\/www.alchemillasapotek.com\/sv\/water\/schizandra-copy\/\" aria-label=\"Jujube\">Read More<\/a><\/p>\n","protected":false},"featured_media":1487,"comment_status":"closed","ping_status":"closed","template":"","meta":[],"product_cat":[6,18],"product_tag":[482,58,189,156,483,193,481],"yoast_head":"<!-- This site is optimized with the Yoast SEO plugin v18.4.1 - https:\/\/yoast.com\/wordpress\/plugins\/seo\/ -->\n<title>Jujube ~ Alchemillas Apotek<\/title>\n<meta name=\"description\" content=\"Alchemillas Apotek: spagyric tinctures, hydrosols, services, and formulas. Please contact us for more information.\" \/>\n<meta name=\"robots\" content=\"index, follow, max-snippet:-1, max-image-preview:large, max-video-preview:-1\" \/>\n<link rel=\"canonical\" href=\"http:\/\/www.alchemillasapotek.com\/sv\/water\/schizandra-copy\/\" \/>\n<meta property=\"og:locale\" content=\"en_US\" \/>\n<meta property=\"og:type\" content=\"article\" \/>\n<meta property=\"og:title\" content=\"[:en]Jujube date[:sv]Jujube[:] ~ Alchemillas Apotek\" \/>\n<meta property=\"og:description\" content=\"Alchemillas Apotek: spagyric tinctures, hydrosols, services, and formulas. Please contact us for more information.\" \/>\n<meta property=\"og:url\" content=\"http:\/\/www.alchemillasapotek.com\/sv\/water\/schizandra-copy\/\" \/>\n<meta property=\"og:site_name\" content=\"Alchemillas Apotek\" \/>\n<meta property=\"article:publisher\" content=\"https:\/\/www.facebook.com\/AlchemillasApotek\/\" \/>\n<meta property=\"article:modified_time\" content=\"2017-12-07T14:09:21+00:00\" \/>\n<meta property=\"og:image\" content=\"http:\/\/www.alchemillasapotek.com\/wp-content\/uploads\/2017\/07\/jujube-4.jpg\" \/>\n\t<meta property=\"og:image:width\" content=\"800\" \/>\n\t<meta property=\"og:image:height\" content=\"800\" \/>\n\t<meta property=\"og:image:type\" content=\"image\/jpeg\" \/>\n<meta name=\"twitter:card\" content=\"summary\" \/>\n<meta name=\"twitter:site\" content=\"@lisajeannin\" \/>\n<script type=\"application\/ld+json\" class=\"yoast-schema-graph\">{\"@context\":\"https:\/\/schema.org\",\"@graph\":[{\"@type\":\"Organization\",\"@id\":\"http:\/\/www.alchemillasapotek.com\/#organization\",\"name\":\"Alchemillas Apotek\",\"url\":\"http:\/\/www.alchemillasapotek.com\/\",\"sameAs\":[\"https:\/\/www.facebook.com\/AlchemillasApotek\/\",\"https:\/\/www.instagram.com\/alchemillasapotek\/\",\"https:\/\/twitter.com\/lisajeannin\"],\"logo\":{\"@type\":\"ImageObject\",\"@id\":\"http:\/\/www.alchemillasapotek.com\/#logo\",\"inLanguage\":\"sv-SV\",\"url\":\"https:\/\/www.alchemillasapotek.com\/wp-content\/uploads\/2016\/11\/Logo-AlchemillasApotek-homepage.png\",\"contentUrl\":\"https:\/\/www.alchemillasapotek.com\/wp-content\/uploads\/2016\/11\/Logo-AlchemillasApotek-homepage.png\",\"width\":592,\"height\":580,\"caption\":\"Alchemillas Apotek\"},\"image\":{\"@id\":\"http:\/\/www.alchemillasapotek.com\/#logo\"}},{\"@type\":\"WebSite\",\"@id\":\"http:\/\/www.alchemillasapotek.com\/#website\",\"url\":\"http:\/\/www.alchemillasapotek.com\/\",\"name\":\"Alchemillas Apotek\",\"description\":\"Spagyric Tinctures &amp; Initiatic Plantmedicine for vibrant health and spiritual evolution.\",\"publisher\":{\"@id\":\"http:\/\/www.alchemillasapotek.com\/#organization\"},\"potentialAction\":[{\"@type\":\"SearchAction\",\"target\":{\"@type\":\"EntryPoint\",\"urlTemplate\":\"http:\/\/www.alchemillasapotek.com\/?s={search_term_string}\"},\"query-input\":\"required name=search_term_string\"}],\"inLanguage\":\"sv-SV\"},{\"@type\":\"ImageObject\",\"@id\":\"http:\/\/www.alchemillasapotek.com\/sv\/water\/schizandra-copy\/#primaryimage\",\"inLanguage\":\"sv-SV\",\"url\":\"https:\/\/www.alchemillasapotek.com\/wp-content\/uploads\/2017\/07\/jujube-4.jpg\",\"contentUrl\":\"https:\/\/www.alchemillasapotek.com\/wp-content\/uploads\/2017\/07\/jujube-4.jpg\",\"width\":800,\"height\":800},{\"@type\":\"WebPage\",\"@id\":\"http:\/\/www.alchemillasapotek.com\/sv\/water\/schizandra-copy\/#webpage\",\"url\":\"http:\/\/www.alchemillasapotek.com\/sv\/water\/schizandra-copy\/\",\"name\":\"[:en]Jujube date[:sv]Jujube[:] ~ Alchemillas Apotek\",\"isPartOf\":{\"@id\":\"http:\/\/www.alchemillasapotek.com\/#website\"},\"primaryImageOfPage\":{\"@id\":\"http:\/\/www.alchemillasapotek.com\/sv\/water\/schizandra-copy\/#primaryimage\"},\"datePublished\":\"2017-07-16T04:36:54+00:00\",\"dateModified\":\"2017-12-07T14:09:21+00:00\",\"description\":\"Alchemillas Apotek: spagyric tinctures, hydrosols, services, and formulas. Please contact us for more information.\",\"breadcrumb\":{\"@id\":\"http:\/\/www.alchemillasapotek.com\/sv\/water\/schizandra-copy\/#breadcrumb\"},\"inLanguage\":\"sv-SV\",\"potentialAction\":[{\"@type\":\"ReadAction\",\"target\":[\"http:\/\/www.alchemillasapotek.com\/sv\/water\/schizandra-copy\/\"]}]},{\"@type\":\"BreadcrumbList\",\"@id\":\"http:\/\/www.alchemillasapotek.com\/sv\/water\/schizandra-copy\/#breadcrumb\",\"itemListElement\":[{\"@type\":\"ListItem\",\"position\":1,\"name\":\"Home\",\"item\":\"http:\/\/www.alchemillasapotek.com\/\"},{\"@type\":\"ListItem\",\"position\":2,\"name\":\"Water\",\"item\":\"http:\/\/www.alchemillasapotek.com\/water\/\"},{\"@type\":\"ListItem\",\"position\":3,\"name\":\"Jujube\"}]}]}<\/script>\n<!-- \/ Yoast SEO plugin. -->","yoast_head_json":{"title":"[:en]Jujube date[:sv]Jujube[:] ~ Alchemillas Apotek","description":"Alchemillas Apotek: spagyric tinctures, hydrosols, services, and formulas. Please contact us for more information.","robots":{"index":"index","follow":"follow","max-snippet":"max-snippet:-1","max-image-preview":"max-image-preview:large","max-video-preview":"max-video-preview:-1"},"canonical":"http:\/\/www.alchemillasapotek.com\/sv\/water\/schizandra-copy\/","og_locale":"en_US","og_type":"article","og_title":"[:en]Jujube date[:sv]Jujube[:] ~ Alchemillas Apotek","og_description":"Alchemillas Apotek: spagyric tinctures, hydrosols, services, and formulas. Please contact us for more information.","og_url":"http:\/\/www.alchemillasapotek.com\/sv\/water\/schizandra-copy\/","og_site_name":"Alchemillas Apotek","article_publisher":"https:\/\/www.facebook.com\/AlchemillasApotek\/","article_modified_time":"2017-12-07T14:09:21+00:00","og_image":[{"width":800,"height":800,"url":"http:\/\/www.alchemillasapotek.com\/wp-content\/uploads\/2017\/07\/jujube-4.jpg","type":"image\/jpeg"}],"twitter_card":"summary","twitter_site":"@lisajeannin","schema":{"@context":"https:\/\/schema.org","@graph":[{"@type":"Organization","@id":"http:\/\/www.alchemillasapotek.com\/#organization","name":"Alchemillas Apotek","url":"http:\/\/www.alchemillasapotek.com\/","sameAs":["https:\/\/www.facebook.com\/AlchemillasApotek\/","https:\/\/www.instagram.com\/alchemillasapotek\/","https:\/\/twitter.com\/lisajeannin"],"logo":{"@type":"ImageObject","@id":"http:\/\/www.alchemillasapotek.com\/#logo","inLanguage":"sv-SV","url":"https:\/\/www.alchemillasapotek.com\/wp-content\/uploads\/2016\/11\/Logo-AlchemillasApotek-homepage.png","contentUrl":"https:\/\/www.alchemillasapotek.com\/wp-content\/uploads\/2016\/11\/Logo-AlchemillasApotek-homepage.png","width":592,"height":580,"caption":"Alchemillas Apotek"},"image":{"@id":"http:\/\/www.alchemillasapotek.com\/#logo"}},{"@type":"WebSite","@id":"http:\/\/www.alchemillasapotek.com\/#website","url":"http:\/\/www.alchemillasapotek.com\/","name":"Alchemillas Apotek","description":"Spagyric Tinctures &amp; Initiatic Plantmedicine for vibrant health and spiritual evolution.","publisher":{"@id":"http:\/\/www.alchemillasapotek.com\/#organization"},"potentialAction":[{"@type":"SearchAction","target":{"@type":"EntryPoint","urlTemplate":"http:\/\/www.alchemillasapotek.com\/?s={search_term_string}"},"query-input":"required name=search_term_string"}],"inLanguage":"sv-SV"},{"@type":"ImageObject","@id":"http:\/\/www.alchemillasapotek.com\/sv\/water\/schizandra-copy\/#primaryimage","inLanguage":"sv-SV","url":"https:\/\/www.alchemillasapotek.com\/wp-content\/uploads\/2017\/07\/jujube-4.jpg","contentUrl":"https:\/\/www.alchemillasapotek.com\/wp-content\/uploads\/2017\/07\/jujube-4.jpg","width":800,"height":800},{"@type":"WebPage","@id":"http:\/\/www.alchemillasapotek.com\/sv\/water\/schizandra-copy\/#webpage","url":"http:\/\/www.alchemillasapotek.com\/sv\/water\/schizandra-copy\/","name":"[:en]Jujube date[:sv]Jujube[:] ~ Alchemillas Apotek","isPartOf":{"@id":"http:\/\/www.alchemillasapotek.com\/#website"},"primaryImageOfPage":{"@id":"http:\/\/www.alchemillasapotek.com\/sv\/water\/schizandra-copy\/#primaryimage"},"datePublished":"2017-07-16T04:36:54+00:00","dateModified":"2017-12-07T14:09:21+00:00","description":"Alchemillas Apotek: spagyric tinctures, hydrosols, services, and formulas. Please contact us for more information.","breadcrumb":{"@id":"http:\/\/www.alchemillasapotek.com\/sv\/water\/schizandra-copy\/#breadcrumb"},"inLanguage":"sv-SV","potentialAction":[{"@type":"ReadAction","target":["http:\/\/www.alchemillasapotek.com\/sv\/water\/schizandra-copy\/"]}]},{"@type":"BreadcrumbList","@id":"http:\/\/www.alchemillasapotek.com\/sv\/water\/schizandra-copy\/#breadcrumb","itemListElement":[{"@type":"ListItem","position":1,"name":"Home","item":"http:\/\/www.alchemillasapotek.com\/"},{"@type":"ListItem","position":2,"name":"Water","item":"http:\/\/www.alchemillasapotek.com\/water\/"},{"@type":"ListItem","position":3,"name":"Jujube"}]}]}},"_links":{"self":[{"href":"https:\/\/www.alchemillasapotek.com\/sv\/wp-json\/wp\/v2\/product\/1486"}],"collection":[{"href":"https:\/\/www.alchemillasapotek.com\/sv\/wp-json\/wp\/v2\/product"}],"about":[{"href":"https:\/\/www.alchemillasapotek.com\/sv\/wp-json\/wp\/v2\/types\/product"}],"replies":[{"embeddable":true,"href":"https:\/\/www.alchemillasapotek.com\/sv\/wp-json\/wp\/v2\/comments?post=1486"}],"wp:featuredmedia":[{"embeddable":true,"href":"https:\/\/www.alchemillasapotek.com\/sv\/wp-json\/wp\/v2\/media\/1487"}],"wp:attachment":[{"href":"https:\/\/www.alchemillasapotek.com\/sv\/wp-json\/wp\/v2\/media?parent=1486"}],"wp:term":[{"taxonomy":"product_cat","embeddable":true,"href":"https:\/\/www.alchemillasapotek.com\/sv\/wp-json\/wp\/v2\/product_cat?post=1486"},{"taxonomy":"product_tag","embeddable":true,"href":"https:\/\/www.alchemillasapotek.com\/sv\/wp-json\/wp\/v2\/product_tag?post=1486"}],"curies":[{"name":"wp","href":"https:\/\/api.w.org\/{rel}","templated":true}]}}