{"id":1496,"date":"2017-07-23T11:50:43","date_gmt":"2017-07-23T11:50:43","guid":{"rendered":"http:\/\/www.alchemillasapotek.com\/?post_type=product&#038;p=1496"},"modified":"2017-12-07T14:44:17","modified_gmt":"2017-12-07T14:44:17","slug":"tiger-lily","status":"publish","type":"product","link":"https:\/\/www.alchemillasapotek.com\/sv\/water\/tiger-lily\/","title":{"rendered":"Tigerlilja"},"content":{"rendered":"<h5>Spagyrisk tinktur av\u00a0Lilium Tigrinum.<\/h5>\n<h5><\/h5>\n<p>Skapad i ceremoni p\u00e5 sommarsolst\u00e5ndet och under nym\u00e5nen i lejonets tecken.<\/p>\n<p>B\u00f6rja med l\u00e5g dos, 1-3 droppar och \u00f6ka sedan om behov finns till max 7 droppar dagligen.<\/p>\n<p><img loading=\"lazy\" class=\"alignnone wp-image-1498 size-full\" src=\"\/\/www.alchemillasapotek.com\/wp-content\/uploads\/2017\/07\/IMG_3168.jpg\" alt=\"\" width=\"2448\" height=\"2448\" srcset=\"https:\/\/www.alchemillasapotek.com\/wp-content\/uploads\/2017\/07\/IMG_3168.jpg 2448w, https:\/\/www.alchemillasapotek.com\/wp-content\/uploads\/2017\/07\/IMG_3168-300x300.jpg 300w, https:\/\/www.alchemillasapotek.com\/wp-content\/uploads\/2017\/07\/IMG_3168-100x100.jpg 100w, https:\/\/www.alchemillasapotek.com\/wp-content\/uploads\/2017\/07\/IMG_3168-456x456.jpg 456w, https:\/\/www.alchemillasapotek.com\/wp-content\/uploads\/2017\/07\/IMG_3168-220x220.jpg 220w, https:\/\/www.alchemillasapotek.com\/wp-content\/uploads\/2017\/07\/IMG_3168-460x460.jpg 460w, https:\/\/www.alchemillasapotek.com\/wp-content\/uploads\/2017\/07\/IMG_3168-768x768.jpg 768w, https:\/\/www.alchemillasapotek.com\/wp-content\/uploads\/2017\/07\/IMG_3168-1024x1024.jpg 1024w\" sizes=\"(max-width: 2448px) 100vw, 2448px\" \/><\/p>\n<p><img loading=\"lazy\" class=\"alignnone wp-image-1499 size-full\" src=\"\/\/www.alchemillasapotek.com\/wp-content\/uploads\/2017\/07\/IMG_3182.jpg\" alt=\"\" width=\"2448\" height=\"2448\" srcset=\"https:\/\/www.alchemillasapotek.com\/wp-content\/uploads\/2017\/07\/IMG_3182.jpg 2448w, https:\/\/www.alchemillasapotek.com\/wp-content\/uploads\/2017\/07\/IMG_3182-300x300.jpg 300w, https:\/\/www.alchemillasapotek.com\/wp-content\/uploads\/2017\/07\/IMG_3182-100x100.jpg 100w, https:\/\/www.alchemillasapotek.com\/wp-content\/uploads\/2017\/07\/IMG_3182-456x456.jpg 456w, https:\/\/www.alchemillasapotek.com\/wp-content\/uploads\/2017\/07\/IMG_3182-220x220.jpg 220w, https:\/\/www.alchemillasapotek.com\/wp-content\/uploads\/2017\/07\/IMG_3182-460x460.jpg 460w, https:\/\/www.alchemillasapotek.com\/wp-content\/uploads\/2017\/07\/IMG_3182-768x768.jpg 768w, https:\/\/www.alchemillasapotek.com\/wp-content\/uploads\/2017\/07\/IMG_3182-1024x1024.jpg 1024w\" sizes=\"(max-width: 2448px) 100vw, 2448px\" \/><\/p>\n<p>&nbsp;<\/p>\n<p>&nbsp;<\/p>\n<p>&nbsp;<\/p>\n<p>&nbsp;<\/p>\n<p>&nbsp;","protected":false},"excerpt":{"rendered":"<p>&nbsp;<\/p>\n<p>\u201c\u00c5h tigerlilja!\u201d sa Alice till en blomma som vajade behagfullt i vinden.\u201dT\u00e4nk om du kunde tala!\u201d<\/p>\n<p>\u201cVi kan tala\u201d, sa tigerliljan. \u201cN\u00e4r det kommer n\u00e5gon som \u00e4r v\u00e4rd att prata med.\u201d<\/p>\n<p>Alice blev s\u00e5 h\u00e4pen att hon tappade andan och inte fick fram ett ord. Till sist hade hon h\u00e4mtat sig och medan tigerliljan bara fortsatte att vaja hit och dit sa hon helt f\u00f6rsynt, n\u00e4stan viskande: \u201cKan <em>alla<\/em> blommor prata?\u201d<\/p>\n<p>\u201cLika bra som <em>du<\/em>\u201d , sa tigerliljan. \u201cOch v\u00e4ldigt mycket h\u00f6gre.\u201d<\/p>\n<p>&#8211; Lewis Carroll, Alice i spegellandet.<\/p>\n<p><img loading=\"lazy\" class=\"alignnone size-full wp-image-244\" src=\"\/\/www.alchemillasapotek.com\/wp-content\/uploads\/2016\/11\/SST-Salt.png\" alt=\"Salt\" width=\"40\" height=\"40\" \/><\/p>\n<p>&nbsp;<\/p>\n<p>Denna tigrinna till lilja passar vilda, livfulla och br\u00e5kiga kvinnor (eller m\u00e4n som identifierar sig med denna blomma och karakt\u00e4r)<\/p>\n<p>Tigerliljan kan vara en hj\u00e4lpsam bundf\u00f6rvant vid IBS, sm\u00e4rtsam menstruation med kramp, hemmorojder. En snabb pulsbild brukar k\u00e4nneteckna en Tigerlilja. Anv\u00e4nds vid infertilitet och tum\u00f6rer i livmoder, \u00e4ggledare mm inom traditionell kinsesisk medicin. Bra vid acne.<\/p>\n<p><img loading=\"lazy\" class=\"alignnone size-full wp-image-223\" src=\"\/\/www.alchemillasapotek.com\/wp-content\/uploads\/2016\/11\/SST-Mercury.png\" alt=\"Mercury\" width=\"38\" height=\"50\" \/><\/p>\n<p>&nbsp;<\/p>\n<p>Snabba hum\u00f6rsv\u00e4ngningar, l\u00e4ttprovocerad, blir l\u00e4tt irriterad. Egentligen \u00e4r de l\u00e4ttsamma, gener\u00f6sa och \u00e4rliga, men kan snabbt flippa \u00f6ver till elakhet och ilska. S\u00e5 pass att de f\u00e5r lust att sl\u00e5 till n\u00e5gon. \u00d6verk\u00e4nsliga, tar l\u00e4tt anst\u00f6t av minsta lilla.<\/p>\n<p>Det finns flera v\u00e4xter som har med br\u00e5dska att g\u00f6ra. Tigerliljan \u00e4r f\u00f6r de som k\u00e4nner press att g\u00f6ra saker snabbt. De vill att allt ska g\u00e5 i rasande takt , s\u00e5 ska de g\u00f6ra saker och s\u00e5 ska andra ocks\u00e5 g\u00f6ra. De blir irriterade om saker g\u00e5r l\u00e5ngsammare \u00e4n vad de tycker \u00e4r l\u00e4mpligt och om folk velar och tvekar framf\u00f6r dem. Denna br\u00e5dska kan som bakslag f\u00f6ra med sig att de blir ineffektiva. De f\u00f6rs\u00f6ker att g\u00f6ra f\u00f6r mycket och f\u00f6r m\u00e5nga olika saker samtidigt , b\u00f6rjar bli irriterade, och sedan g\u00e5r ingen av uppgifterna att slutf\u00f6ra.<\/p>\n<p class=\"alignnone size-full wp-image-223\">En vild och galen k\u00e4nsla i huvudet, snabba tankar, f\u00f6rvirring kan d\u00e5 infinna sig. N\u00e4r detta sker blir de \u00e4nnu mer irriterade. Som ni f\u00f6rst\u00e5r kan reaktionerna bli r\u00e4tt hysteriska.<img loading=\"lazy\" class=\"alignnone size-full wp-image-245\" src=\"\/\/www.alchemillasapotek.com\/wp-content\/uploads\/2016\/11\/SST-Sulphur.png\" alt=\"Sulphur\" width=\"40\" height=\"40\" \/><\/p>\n<p>En karakteristisk inre konflikt handlar om sex. Det kan finnas en k\u00e4nsla av att slitas i tv\u00e5 riktningar, en vilja att var ett helgon i ena stunden och en syndare i andra. En konflikt mellan intellekt och instinkt, oskuldsfullhet och erfarenhet.<\/p>\n<p>Tigerliljan handlar om att acceptera ens skuggsidor, att f\u00f6rena motpolerna som bor inom oss.<\/p>\n<p>En annan vanlig grej hos Tigerliljor \u00e4r att de kan f\u00e5 ett sug efter k\u00f6tt, s\u00e5 eventuella f\u00f6rs\u00f6k att bli vegetarian brukar inte vara l\u00e5ngvariga, vilket inte heller \u00e4r f\u00f6rv\u00e5nande, de \u00e4r tigrar!<\/p>\n<p class=\"alignnone size-full wp-image-223\">Denna urtjusiga orangea lilja transformerades till en lika f\u00e4rgstark oreange spagyrisk tinktur. Orange \u00e4r det andra, sakrala chakrat, Svadhisthanas f\u00e4rg vilket r\u00f6r kreativiteten, sensualiteten och k\u00e4nslorna.<\/p>\n<p>&nbsp;&hellip; <a class=\"kt-excerpt-readmore\" href=\"https:\/\/www.alchemillasapotek.com\/sv\/water\/tiger-lily\/\" aria-label=\"Tigerlilja\">Read More<\/a><\/p>\n","protected":false},"featured_media":1497,"comment_status":"closed","ping_status":"closed","template":"","meta":[],"product_cat":[6,13],"product_tag":[301,64,385,319,352,86,484,387,194,209,187],"yoast_head":"<!-- This site is optimized with the Yoast SEO plugin v18.4.1 - https:\/\/yoast.com\/wordpress\/plugins\/seo\/ -->\n<title>Tigerlilja ~ Alchemillas Apotek<\/title>\n<meta name=\"description\" content=\"Alchemillas Apotek: spagyric tinctures, hydrosols, services, and formulas. Please contact us for more information.\" \/>\n<meta name=\"robots\" content=\"index, follow, max-snippet:-1, max-image-preview:large, max-video-preview:-1\" \/>\n<link rel=\"canonical\" href=\"https:\/\/www.alchemillasapotek.com\/sv\/water\/tiger-lily\/\" \/>\n<meta property=\"og:locale\" content=\"en_US\" \/>\n<meta property=\"og:type\" content=\"article\" \/>\n<meta property=\"og:title\" content=\"[:en]Tiger-Lily[:sv]Tigerlilja[:] ~ Alchemillas Apotek\" \/>\n<meta property=\"og:description\" content=\"Alchemillas Apotek: spagyric tinctures, hydrosols, services, and formulas. Please contact us for more information.\" \/>\n<meta property=\"og:url\" content=\"https:\/\/www.alchemillasapotek.com\/sv\/water\/tiger-lily\/\" \/>\n<meta property=\"og:site_name\" content=\"Alchemillas Apotek\" \/>\n<meta property=\"article:publisher\" content=\"https:\/\/www.facebook.com\/AlchemillasApotek\/\" \/>\n<meta property=\"article:modified_time\" content=\"2017-12-07T14:44:17+00:00\" \/>\n<meta property=\"og:image\" content=\"https:\/\/www.alchemillasapotek.com\/wp-content\/uploads\/2017\/07\/IMG_3170.jpg\" \/>\n\t<meta property=\"og:image:width\" content=\"2448\" \/>\n\t<meta property=\"og:image:height\" content=\"2448\" \/>\n\t<meta property=\"og:image:type\" content=\"image\/jpeg\" \/>\n<meta name=\"twitter:card\" content=\"summary\" \/>\n<meta name=\"twitter:site\" content=\"@lisajeannin\" \/>\n<script type=\"application\/ld+json\" class=\"yoast-schema-graph\">{\"@context\":\"https:\/\/schema.org\",\"@graph\":[{\"@type\":\"Organization\",\"@id\":\"https:\/\/www.alchemillasapotek.com\/sv\/#organization\",\"name\":\"Alchemillas Apotek\",\"url\":\"https:\/\/www.alchemillasapotek.com\/sv\/\",\"sameAs\":[\"https:\/\/www.facebook.com\/AlchemillasApotek\/\",\"https:\/\/www.instagram.com\/alchemillasapotek\/\",\"https:\/\/twitter.com\/lisajeannin\"],\"logo\":{\"@type\":\"ImageObject\",\"@id\":\"https:\/\/www.alchemillasapotek.com\/sv\/#logo\",\"inLanguage\":\"sv-SV\",\"url\":\"https:\/\/www.alchemillasapotek.com\/wp-content\/uploads\/2016\/11\/Logo-AlchemillasApotek-homepage.png\",\"contentUrl\":\"https:\/\/www.alchemillasapotek.com\/wp-content\/uploads\/2016\/11\/Logo-AlchemillasApotek-homepage.png\",\"width\":592,\"height\":580,\"caption\":\"Alchemillas Apotek\"},\"image\":{\"@id\":\"https:\/\/www.alchemillasapotek.com\/sv\/#logo\"}},{\"@type\":\"WebSite\",\"@id\":\"https:\/\/www.alchemillasapotek.com\/sv\/#website\",\"url\":\"https:\/\/www.alchemillasapotek.com\/sv\/\",\"name\":\"Alchemillas Apotek\",\"description\":\"Spagyric Tinctures &amp; Initiatic Plantmedicine for vibrant health and spiritual evolution.\",\"publisher\":{\"@id\":\"https:\/\/www.alchemillasapotek.com\/sv\/#organization\"},\"potentialAction\":[{\"@type\":\"SearchAction\",\"target\":{\"@type\":\"EntryPoint\",\"urlTemplate\":\"https:\/\/www.alchemillasapotek.com\/sv\/?s={search_term_string}\"},\"query-input\":\"required name=search_term_string\"}],\"inLanguage\":\"sv-SV\"},{\"@type\":\"ImageObject\",\"@id\":\"https:\/\/www.alchemillasapotek.com\/sv\/water\/tiger-lily\/#primaryimage\",\"inLanguage\":\"sv-SV\",\"url\":\"https:\/\/www.alchemillasapotek.com\/wp-content\/uploads\/2017\/07\/IMG_3170.jpg\",\"contentUrl\":\"https:\/\/www.alchemillasapotek.com\/wp-content\/uploads\/2017\/07\/IMG_3170.jpg\",\"width\":2448,\"height\":2448},{\"@type\":\"WebPage\",\"@id\":\"https:\/\/www.alchemillasapotek.com\/sv\/water\/tiger-lily\/#webpage\",\"url\":\"https:\/\/www.alchemillasapotek.com\/sv\/water\/tiger-lily\/\",\"name\":\"[:en]Tiger-Lily[:sv]Tigerlilja[:] ~ Alchemillas Apotek\",\"isPartOf\":{\"@id\":\"https:\/\/www.alchemillasapotek.com\/sv\/#website\"},\"primaryImageOfPage\":{\"@id\":\"https:\/\/www.alchemillasapotek.com\/sv\/water\/tiger-lily\/#primaryimage\"},\"datePublished\":\"2017-07-23T11:50:43+00:00\",\"dateModified\":\"2017-12-07T14:44:17+00:00\",\"description\":\"Alchemillas Apotek: spagyric tinctures, hydrosols, services, and formulas. Please contact us for more information.\",\"breadcrumb\":{\"@id\":\"https:\/\/www.alchemillasapotek.com\/sv\/water\/tiger-lily\/#breadcrumb\"},\"inLanguage\":\"sv-SV\",\"potentialAction\":[{\"@type\":\"ReadAction\",\"target\":[\"https:\/\/www.alchemillasapotek.com\/sv\/water\/tiger-lily\/\"]}]},{\"@type\":\"BreadcrumbList\",\"@id\":\"https:\/\/www.alchemillasapotek.com\/sv\/water\/tiger-lily\/#breadcrumb\",\"itemListElement\":[{\"@type\":\"ListItem\",\"position\":1,\"name\":\"Home\",\"item\":\"https:\/\/www.alchemillasapotek.com\/sv\/\"},{\"@type\":\"ListItem\",\"position\":2,\"name\":\"Water\",\"item\":\"https:\/\/www.alchemillasapotek.com\/water\/\"},{\"@type\":\"ListItem\",\"position\":3,\"name\":\"Tigerlilja\"}]}]}<\/script>\n<!-- \/ Yoast SEO plugin. -->","yoast_head_json":{"title":"[:en]Tiger-Lily[:sv]Tigerlilja[:] ~ Alchemillas Apotek","description":"Alchemillas Apotek: spagyric tinctures, hydrosols, services, and formulas. Please contact us for more information.","robots":{"index":"index","follow":"follow","max-snippet":"max-snippet:-1","max-image-preview":"max-image-preview:large","max-video-preview":"max-video-preview:-1"},"canonical":"https:\/\/www.alchemillasapotek.com\/sv\/water\/tiger-lily\/","og_locale":"en_US","og_type":"article","og_title":"[:en]Tiger-Lily[:sv]Tigerlilja[:] ~ Alchemillas Apotek","og_description":"Alchemillas Apotek: spagyric tinctures, hydrosols, services, and formulas. Please contact us for more information.","og_url":"https:\/\/www.alchemillasapotek.com\/sv\/water\/tiger-lily\/","og_site_name":"Alchemillas Apotek","article_publisher":"https:\/\/www.facebook.com\/AlchemillasApotek\/","article_modified_time":"2017-12-07T14:44:17+00:00","og_image":[{"width":2448,"height":2448,"url":"https:\/\/www.alchemillasapotek.com\/wp-content\/uploads\/2017\/07\/IMG_3170.jpg","type":"image\/jpeg"}],"twitter_card":"summary","twitter_site":"@lisajeannin","schema":{"@context":"https:\/\/schema.org","@graph":[{"@type":"Organization","@id":"https:\/\/www.alchemillasapotek.com\/sv\/#organization","name":"Alchemillas Apotek","url":"https:\/\/www.alchemillasapotek.com\/sv\/","sameAs":["https:\/\/www.facebook.com\/AlchemillasApotek\/","https:\/\/www.instagram.com\/alchemillasapotek\/","https:\/\/twitter.com\/lisajeannin"],"logo":{"@type":"ImageObject","@id":"https:\/\/www.alchemillasapotek.com\/sv\/#logo","inLanguage":"sv-SV","url":"https:\/\/www.alchemillasapotek.com\/wp-content\/uploads\/2016\/11\/Logo-AlchemillasApotek-homepage.png","contentUrl":"https:\/\/www.alchemillasapotek.com\/wp-content\/uploads\/2016\/11\/Logo-AlchemillasApotek-homepage.png","width":592,"height":580,"caption":"Alchemillas Apotek"},"image":{"@id":"https:\/\/www.alchemillasapotek.com\/sv\/#logo"}},{"@type":"WebSite","@id":"https:\/\/www.alchemillasapotek.com\/sv\/#website","url":"https:\/\/www.alchemillasapotek.com\/sv\/","name":"Alchemillas Apotek","description":"Spagyric Tinctures &amp; Initiatic Plantmedicine for vibrant health and spiritual evolution.","publisher":{"@id":"https:\/\/www.alchemillasapotek.com\/sv\/#organization"},"potentialAction":[{"@type":"SearchAction","target":{"@type":"EntryPoint","urlTemplate":"https:\/\/www.alchemillasapotek.com\/sv\/?s={search_term_string}"},"query-input":"required name=search_term_string"}],"inLanguage":"sv-SV"},{"@type":"ImageObject","@id":"https:\/\/www.alchemillasapotek.com\/sv\/water\/tiger-lily\/#primaryimage","inLanguage":"sv-SV","url":"https:\/\/www.alchemillasapotek.com\/wp-content\/uploads\/2017\/07\/IMG_3170.jpg","contentUrl":"https:\/\/www.alchemillasapotek.com\/wp-content\/uploads\/2017\/07\/IMG_3170.jpg","width":2448,"height":2448},{"@type":"WebPage","@id":"https:\/\/www.alchemillasapotek.com\/sv\/water\/tiger-lily\/#webpage","url":"https:\/\/www.alchemillasapotek.com\/sv\/water\/tiger-lily\/","name":"[:en]Tiger-Lily[:sv]Tigerlilja[:] ~ Alchemillas Apotek","isPartOf":{"@id":"https:\/\/www.alchemillasapotek.com\/sv\/#website"},"primaryImageOfPage":{"@id":"https:\/\/www.alchemillasapotek.com\/sv\/water\/tiger-lily\/#primaryimage"},"datePublished":"2017-07-23T11:50:43+00:00","dateModified":"2017-12-07T14:44:17+00:00","description":"Alchemillas Apotek: spagyric tinctures, hydrosols, services, and formulas. Please contact us for more information.","breadcrumb":{"@id":"https:\/\/www.alchemillasapotek.com\/sv\/water\/tiger-lily\/#breadcrumb"},"inLanguage":"sv-SV","potentialAction":[{"@type":"ReadAction","target":["https:\/\/www.alchemillasapotek.com\/sv\/water\/tiger-lily\/"]}]},{"@type":"BreadcrumbList","@id":"https:\/\/www.alchemillasapotek.com\/sv\/water\/tiger-lily\/#breadcrumb","itemListElement":[{"@type":"ListItem","position":1,"name":"Home","item":"https:\/\/www.alchemillasapotek.com\/sv\/"},{"@type":"ListItem","position":2,"name":"Water","item":"https:\/\/www.alchemillasapotek.com\/water\/"},{"@type":"ListItem","position":3,"name":"Tigerlilja"}]}]}},"_links":{"self":[{"href":"https:\/\/www.alchemillasapotek.com\/sv\/wp-json\/wp\/v2\/product\/1496"}],"collection":[{"href":"https:\/\/www.alchemillasapotek.com\/sv\/wp-json\/wp\/v2\/product"}],"about":[{"href":"https:\/\/www.alchemillasapotek.com\/sv\/wp-json\/wp\/v2\/types\/product"}],"replies":[{"embeddable":true,"href":"https:\/\/www.alchemillasapotek.com\/sv\/wp-json\/wp\/v2\/comments?post=1496"}],"wp:featuredmedia":[{"embeddable":true,"href":"https:\/\/www.alchemillasapotek.com\/sv\/wp-json\/wp\/v2\/media\/1497"}],"wp:attachment":[{"href":"https:\/\/www.alchemillasapotek.com\/sv\/wp-json\/wp\/v2\/media?parent=1496"}],"wp:term":[{"taxonomy":"product_cat","embeddable":true,"href":"https:\/\/www.alchemillasapotek.com\/sv\/wp-json\/wp\/v2\/product_cat?post=1496"},{"taxonomy":"product_tag","embeddable":true,"href":"https:\/\/www.alchemillasapotek.com\/sv\/wp-json\/wp\/v2\/product_tag?post=1496"}],"curies":[{"name":"wp","href":"https:\/\/api.w.org\/{rel}","templated":true}]}}