{"id":1561,"date":"2017-12-07T16:37:02","date_gmt":"2017-12-07T16:37:02","guid":{"rendered":"http:\/\/www.alchemillasapotek.com\/?post_type=product&#038;p=1561"},"modified":"2017-12-07T18:11:02","modified_gmt":"2017-12-07T18:11:02","slug":"karleksort","status":"publish","type":"product","link":"https:\/\/www.alchemillasapotek.com\/sv\/water\/karleksort\/","title":{"rendered":"K\u00e4rleks\u00f6rt"},"content":{"rendered":"<h5>Spagyrisk tinktur av Sedum Telephium.<\/h5>\n<p>&nbsp;<\/p>\n<p>Ta 7 droppar direkt p\u00e5 tungan eller i lite vatten vid behov.<\/p>\n<p><img loading=\"lazy\" class=\"aligncenter wp-image-1562 size-full\" src=\"\/\/www.alchemillasapotek.com\/wp-content\/uploads\/2017\/12\/IMG_0235.jpg\" alt=\"\" width=\"720\" height=\"720\" srcset=\"https:\/\/www.alchemillasapotek.com\/wp-content\/uploads\/2017\/12\/IMG_0235.jpg 720w, https:\/\/www.alchemillasapotek.com\/wp-content\/uploads\/2017\/12\/IMG_0235-300x300.jpg 300w, https:\/\/www.alchemillasapotek.com\/wp-content\/uploads\/2017\/12\/IMG_0235-100x100.jpg 100w, https:\/\/www.alchemillasapotek.com\/wp-content\/uploads\/2017\/12\/IMG_0235-456x456.jpg 456w, https:\/\/www.alchemillasapotek.com\/wp-content\/uploads\/2017\/12\/IMG_0235-220x220.jpg 220w, https:\/\/www.alchemillasapotek.com\/wp-content\/uploads\/2017\/12\/IMG_0235-460x460.jpg 460w\" sizes=\"(max-width: 720px) 100vw, 720px\" \/><\/p>\n<p>&nbsp;<\/p>\n<p>&nbsp;<\/p>\n<p>&nbsp;","protected":false},"excerpt":{"rendered":"<div>\n<p>K\u00e4rlek \u00e4r svaret.<\/p>\n<p>L\u00e4nge leve k\u00e4rlekens kraft!<\/p>\n<p><img loading=\"lazy\" class=\"alignnone size-full wp-image-244\" src=\"\/\/www.alchemillasapotek.com\/wp-content\/uploads\/2016\/11\/SST-Salt.png\" alt=\"Salt\" width=\"40\" height=\"40\" \/><\/p>\n<p>Enligt <span style=\"font-size: 10.5pt;font-family: 'Arial',sans-serif;color: black\">Hieronymus Tragus, en tysk botaniker, pr\u00e4st och l\u00e4kare som verkade p\u00e5 1500-talet \u00e4r K\u00e4rleks\u00f6rt bra att anv\u00e4nda vid i princip allt. Man har senare f\u00f6rst\u00e5tt att K\u00e4rleks\u00f6rten inneh\u00e5ller tv\u00e5 polysackarider som tillsammans skapar en synergi som saktar ner bildandet av tum\u00f6rer samtidigt som de bek\u00e4mpar virus och bakterier. K\u00e4rleks\u00f6rten \u00e4r sammandragande och cytostatisk vilket betyder att den saktar ner celldelning och att nya celler bildas. Den st\u00e4rker njurarna.<\/span><\/p>\n<p class=\"alignnone size-full wp-image-223\"><img loading=\"lazy\" class=\"alignnone size-full wp-image-223\" src=\"\/\/www.alchemillasapotek.com\/wp-content\/uploads\/2016\/11\/SST-Mercury.png\" alt=\"Mercury\" width=\"38\" height=\"50\" \/><\/p>\n<p><span style=\"font-size: 10.5pt;font-family: 'Arial',sans-serif;color: black\">P\u00e5 engelska heter K\u00e4rleks\u00f6rt live-long. Det \u00e4r en \u00f6rt som verkar l\u00e4kande f\u00f6r s\u00e5r b\u00e5de inuti och utanp\u00e5 v\u00e5ra kroppar. N\u00e4r en \u00f6rt har denna egenskap har jag m\u00e4rkt att den ofta har en l\u00e4kande effekt \u00e4ven p\u00e5 sj\u00e4lens s\u00e5r.<\/span><\/p>\n<p class=\"alignnone size-full wp-image-223\"><img loading=\"lazy\" class=\"alignnone size-full wp-image-245\" src=\"\/\/www.alchemillasapotek.com\/wp-content\/uploads\/2016\/11\/SST-Sulphur.png\" alt=\"Sulphur\" width=\"40\" height=\"40\" \/><\/p>\n<div>\n<p><span style=\"font-size: 10.5pt;font-family: 'Arial',sans-serif;color: black\">K\u00e4rleks\u00f6rten lever otroligt l\u00e4nge . Den klarar sig n\u00e4stan mirakul\u00f6st l\u00e4nge utan vatten eller jord n\u00e4r man plockat den. Livskraftigare v\u00e4xt f\u00e5r man leta efter. Den \u00e4r dessutom mycket god att \u00e4ta. Bladen \u00e4r goda att ha i sallader, fritera som tempura eller anv\u00e4nda i gazpachio i st\u00e4llet f\u00f6r paprika.<\/span><\/p>\n<p><span style=\"font-size: 10.5pt;font-family: 'Arial',sans-serif;color: black\">I folktron s\u00e4gs k\u00e4rleks\u00f6rten och takl\u00f6kar bringa tur om de v\u00e4xer p\u00e5 husets tak och s\u00e4gs skydda hemmet mot \u00e5sknedslag.<\/span><\/p>\n<\/div>\n<div><\/div>\n<h2><\/h2>\n<p><span style=\"font-size: 10.5pt;font-family: 'Arial',sans-serif;color: black\">K\u00e4rleks\u00f6rt v\u00e4xer \u00f6verallt p\u00e5 jorden. B\u00e5de i tropiskt och kallt klimat. <\/span><\/p>\n<h2><\/h2>\n<h2><\/h2>\n<h2><\/h2>\n<p>&nbsp;<\/p>\n<p>&nbsp;<\/p>\n<\/div>\n<div><\/div>\n<p>&hellip; <a class=\"kt-excerpt-readmore\" href=\"https:\/\/www.alchemillasapotek.com\/sv\/water\/karleksort\/\" aria-label=\"K\u00e4rleks\u00f6rt\">Read More<\/a><\/p>\n","protected":false},"featured_media":1563,"comment_status":"closed","ping_status":"closed","template":"","meta":[],"product_cat":[6,13],"product_tag":[329,122],"yoast_head":"<!-- This site is optimized with the Yoast SEO plugin v18.4.1 - https:\/\/yoast.com\/wordpress\/plugins\/seo\/ -->\n<title>K\u00e4rleks\u00f6rt  ~ Alchemillas Apotek<\/title>\n<meta name=\"description\" content=\"Alchemillas Apotek: spagyric tinctures, hydrosols, services, and formulas. Please contact us for more information.\" \/>\n<meta name=\"robots\" content=\"index, follow, max-snippet:-1, max-image-preview:large, max-video-preview:-1\" \/>\n<link rel=\"canonical\" href=\"https:\/\/www.alchemillasapotek.com\/water\/karleksort\/\" \/>\n<meta property=\"og:locale\" content=\"en_US\" \/>\n<meta property=\"og:type\" content=\"article\" \/>\n<meta property=\"og:title\" content=\"[:en]Live-long[:sv]K\u00e4rleks\u00f6rt [:] ~ Alchemillas Apotek\" \/>\n<meta property=\"og:description\" content=\"Alchemillas Apotek: spagyric tinctures, hydrosols, services, and formulas. Please contact us for more information.\" \/>\n<meta property=\"og:url\" content=\"https:\/\/www.alchemillasapotek.com\/water\/karleksort\/\" \/>\n<meta property=\"og:site_name\" content=\"Alchemillas Apotek\" \/>\n<meta property=\"article:publisher\" content=\"https:\/\/www.facebook.com\/AlchemillasApotek\/\" \/>\n<meta property=\"article:modified_time\" content=\"2017-12-07T18:11:02+00:00\" \/>\n<meta property=\"og:image\" content=\"https:\/\/www.alchemillasapotek.com\/wp-content\/uploads\/2017\/12\/hylotelephium-herbstfreude-karleksort.jpg\" \/>\n\t<meta property=\"og:image:width\" content=\"360\" \/>\n\t<meta property=\"og:image:height\" content=\"337\" \/>\n\t<meta property=\"og:image:type\" content=\"image\/jpeg\" \/>\n<meta name=\"twitter:card\" content=\"summary\" \/>\n<meta name=\"twitter:site\" content=\"@lisajeannin\" \/>\n<script type=\"application\/ld+json\" class=\"yoast-schema-graph\">{\"@context\":\"https:\/\/schema.org\",\"@graph\":[{\"@type\":\"Organization\",\"@id\":\"https:\/\/www.alchemillasapotek.com\/sv\/#organization\",\"name\":\"Alchemillas Apotek\",\"url\":\"https:\/\/www.alchemillasapotek.com\/sv\/\",\"sameAs\":[\"https:\/\/www.facebook.com\/AlchemillasApotek\/\",\"https:\/\/www.instagram.com\/alchemillasapotek\/\",\"https:\/\/twitter.com\/lisajeannin\"],\"logo\":{\"@type\":\"ImageObject\",\"@id\":\"https:\/\/www.alchemillasapotek.com\/sv\/#logo\",\"inLanguage\":\"sv-SV\",\"url\":\"https:\/\/www.alchemillasapotek.com\/wp-content\/uploads\/2016\/11\/Logo-AlchemillasApotek-homepage.png\",\"contentUrl\":\"https:\/\/www.alchemillasapotek.com\/wp-content\/uploads\/2016\/11\/Logo-AlchemillasApotek-homepage.png\",\"width\":592,\"height\":580,\"caption\":\"Alchemillas Apotek\"},\"image\":{\"@id\":\"https:\/\/www.alchemillasapotek.com\/sv\/#logo\"}},{\"@type\":\"WebSite\",\"@id\":\"https:\/\/www.alchemillasapotek.com\/sv\/#website\",\"url\":\"https:\/\/www.alchemillasapotek.com\/sv\/\",\"name\":\"Alchemillas Apotek\",\"description\":\"Spagyric Tinctures &amp; Initiatic Plantmedicine for vibrant health and spiritual evolution.\",\"publisher\":{\"@id\":\"https:\/\/www.alchemillasapotek.com\/sv\/#organization\"},\"potentialAction\":[{\"@type\":\"SearchAction\",\"target\":{\"@type\":\"EntryPoint\",\"urlTemplate\":\"https:\/\/www.alchemillasapotek.com\/sv\/?s={search_term_string}\"},\"query-input\":\"required name=search_term_string\"}],\"inLanguage\":\"sv-SV\"},{\"@type\":\"ImageObject\",\"@id\":\"https:\/\/www.alchemillasapotek.com\/water\/karleksort\/#primaryimage\",\"inLanguage\":\"sv-SV\",\"url\":\"https:\/\/www.alchemillasapotek.com\/wp-content\/uploads\/2017\/12\/hylotelephium-herbstfreude-karleksort.jpg\",\"contentUrl\":\"https:\/\/www.alchemillasapotek.com\/wp-content\/uploads\/2017\/12\/hylotelephium-herbstfreude-karleksort.jpg\",\"width\":360,\"height\":337},{\"@type\":\"WebPage\",\"@id\":\"https:\/\/www.alchemillasapotek.com\/water\/karleksort\/#webpage\",\"url\":\"https:\/\/www.alchemillasapotek.com\/water\/karleksort\/\",\"name\":\"[:en]Live-long[:sv]K\u00e4rleks\u00f6rt [:] ~ Alchemillas Apotek\",\"isPartOf\":{\"@id\":\"https:\/\/www.alchemillasapotek.com\/sv\/#website\"},\"primaryImageOfPage\":{\"@id\":\"https:\/\/www.alchemillasapotek.com\/water\/karleksort\/#primaryimage\"},\"datePublished\":\"2017-12-07T16:37:02+00:00\",\"dateModified\":\"2017-12-07T18:11:02+00:00\",\"description\":\"Alchemillas Apotek: spagyric tinctures, hydrosols, services, and formulas. Please contact us for more information.\",\"breadcrumb\":{\"@id\":\"https:\/\/www.alchemillasapotek.com\/water\/karleksort\/#breadcrumb\"},\"inLanguage\":\"sv-SV\",\"potentialAction\":[{\"@type\":\"ReadAction\",\"target\":[\"https:\/\/www.alchemillasapotek.com\/water\/karleksort\/\"]}]},{\"@type\":\"BreadcrumbList\",\"@id\":\"https:\/\/www.alchemillasapotek.com\/water\/karleksort\/#breadcrumb\",\"itemListElement\":[{\"@type\":\"ListItem\",\"position\":1,\"name\":\"Home\",\"item\":\"https:\/\/www.alchemillasapotek.com\/sv\/\"},{\"@type\":\"ListItem\",\"position\":2,\"name\":\"Water\",\"item\":\"http:\/\/www.alchemillasapotek.com\/water\/\"},{\"@type\":\"ListItem\",\"position\":3,\"name\":\"Live-long\"}]}]}<\/script>\n<!-- \/ Yoast SEO plugin. -->","yoast_head_json":{"title":"[:en]Live-long[:sv]K\u00e4rleks\u00f6rt [:] ~ Alchemillas Apotek","description":"Alchemillas Apotek: spagyric tinctures, hydrosols, services, and formulas. Please contact us for more information.","robots":{"index":"index","follow":"follow","max-snippet":"max-snippet:-1","max-image-preview":"max-image-preview:large","max-video-preview":"max-video-preview:-1"},"canonical":"https:\/\/www.alchemillasapotek.com\/water\/karleksort\/","og_locale":"en_US","og_type":"article","og_title":"[:en]Live-long[:sv]K\u00e4rleks\u00f6rt [:] ~ Alchemillas Apotek","og_description":"Alchemillas Apotek: spagyric tinctures, hydrosols, services, and formulas. Please contact us for more information.","og_url":"https:\/\/www.alchemillasapotek.com\/water\/karleksort\/","og_site_name":"Alchemillas Apotek","article_publisher":"https:\/\/www.facebook.com\/AlchemillasApotek\/","article_modified_time":"2017-12-07T18:11:02+00:00","og_image":[{"width":360,"height":337,"url":"https:\/\/www.alchemillasapotek.com\/wp-content\/uploads\/2017\/12\/hylotelephium-herbstfreude-karleksort.jpg","type":"image\/jpeg"}],"twitter_card":"summary","twitter_site":"@lisajeannin","schema":{"@context":"https:\/\/schema.org","@graph":[{"@type":"Organization","@id":"https:\/\/www.alchemillasapotek.com\/sv\/#organization","name":"Alchemillas Apotek","url":"https:\/\/www.alchemillasapotek.com\/sv\/","sameAs":["https:\/\/www.facebook.com\/AlchemillasApotek\/","https:\/\/www.instagram.com\/alchemillasapotek\/","https:\/\/twitter.com\/lisajeannin"],"logo":{"@type":"ImageObject","@id":"https:\/\/www.alchemillasapotek.com\/sv\/#logo","inLanguage":"sv-SV","url":"https:\/\/www.alchemillasapotek.com\/wp-content\/uploads\/2016\/11\/Logo-AlchemillasApotek-homepage.png","contentUrl":"https:\/\/www.alchemillasapotek.com\/wp-content\/uploads\/2016\/11\/Logo-AlchemillasApotek-homepage.png","width":592,"height":580,"caption":"Alchemillas Apotek"},"image":{"@id":"https:\/\/www.alchemillasapotek.com\/sv\/#logo"}},{"@type":"WebSite","@id":"https:\/\/www.alchemillasapotek.com\/sv\/#website","url":"https:\/\/www.alchemillasapotek.com\/sv\/","name":"Alchemillas Apotek","description":"Spagyric Tinctures &amp; Initiatic Plantmedicine for vibrant health and spiritual evolution.","publisher":{"@id":"https:\/\/www.alchemillasapotek.com\/sv\/#organization"},"potentialAction":[{"@type":"SearchAction","target":{"@type":"EntryPoint","urlTemplate":"https:\/\/www.alchemillasapotek.com\/sv\/?s={search_term_string}"},"query-input":"required name=search_term_string"}],"inLanguage":"sv-SV"},{"@type":"ImageObject","@id":"https:\/\/www.alchemillasapotek.com\/water\/karleksort\/#primaryimage","inLanguage":"sv-SV","url":"https:\/\/www.alchemillasapotek.com\/wp-content\/uploads\/2017\/12\/hylotelephium-herbstfreude-karleksort.jpg","contentUrl":"https:\/\/www.alchemillasapotek.com\/wp-content\/uploads\/2017\/12\/hylotelephium-herbstfreude-karleksort.jpg","width":360,"height":337},{"@type":"WebPage","@id":"https:\/\/www.alchemillasapotek.com\/water\/karleksort\/#webpage","url":"https:\/\/www.alchemillasapotek.com\/water\/karleksort\/","name":"[:en]Live-long[:sv]K\u00e4rleks\u00f6rt [:] ~ Alchemillas Apotek","isPartOf":{"@id":"https:\/\/www.alchemillasapotek.com\/sv\/#website"},"primaryImageOfPage":{"@id":"https:\/\/www.alchemillasapotek.com\/water\/karleksort\/#primaryimage"},"datePublished":"2017-12-07T16:37:02+00:00","dateModified":"2017-12-07T18:11:02+00:00","description":"Alchemillas Apotek: spagyric tinctures, hydrosols, services, and formulas. Please contact us for more information.","breadcrumb":{"@id":"https:\/\/www.alchemillasapotek.com\/water\/karleksort\/#breadcrumb"},"inLanguage":"sv-SV","potentialAction":[{"@type":"ReadAction","target":["https:\/\/www.alchemillasapotek.com\/water\/karleksort\/"]}]},{"@type":"BreadcrumbList","@id":"https:\/\/www.alchemillasapotek.com\/water\/karleksort\/#breadcrumb","itemListElement":[{"@type":"ListItem","position":1,"name":"Home","item":"https:\/\/www.alchemillasapotek.com\/sv\/"},{"@type":"ListItem","position":2,"name":"Water","item":"http:\/\/www.alchemillasapotek.com\/water\/"},{"@type":"ListItem","position":3,"name":"Live-long"}]}]}},"_links":{"self":[{"href":"https:\/\/www.alchemillasapotek.com\/sv\/wp-json\/wp\/v2\/product\/1561"}],"collection":[{"href":"https:\/\/www.alchemillasapotek.com\/sv\/wp-json\/wp\/v2\/product"}],"about":[{"href":"https:\/\/www.alchemillasapotek.com\/sv\/wp-json\/wp\/v2\/types\/product"}],"replies":[{"embeddable":true,"href":"https:\/\/www.alchemillasapotek.com\/sv\/wp-json\/wp\/v2\/comments?post=1561"}],"wp:featuredmedia":[{"embeddable":true,"href":"https:\/\/www.alchemillasapotek.com\/sv\/wp-json\/wp\/v2\/media\/1563"}],"wp:attachment":[{"href":"https:\/\/www.alchemillasapotek.com\/sv\/wp-json\/wp\/v2\/media?parent=1561"}],"wp:term":[{"taxonomy":"product_cat","embeddable":true,"href":"https:\/\/www.alchemillasapotek.com\/sv\/wp-json\/wp\/v2\/product_cat?post=1561"},{"taxonomy":"product_tag","embeddable":true,"href":"https:\/\/www.alchemillasapotek.com\/sv\/wp-json\/wp\/v2\/product_tag?post=1561"}],"curies":[{"name":"wp","href":"https:\/\/api.w.org\/{rel}","templated":true}]}}