{"id":249,"date":"2016-11-15T16:49:34","date_gmt":"2016-11-15T16:49:34","guid":{"rendered":"http:\/\/www.alchemillasapotek.com\/?post_type=product&#038;p=249"},"modified":"2017-01-14T13:41:44","modified_gmt":"2017-01-14T13:41:44","slug":"acorus-calamus","status":"publish","type":"product","link":"https:\/\/www.alchemillasapotek.com\/sv\/water\/acorus-calamus\/","title":{"rendered":"Kalmus"},"content":{"rendered":"<h5>Spagyrisk tinktur av Acorus Calamus<\/h5>\n<p>Ta 7 droppar direkt p\u00e5 tungan eller i lite varmt vatten vid behov.<\/p>\n<p>Undvik under graviditet och amning.<\/p>\n<p><img loading=\"lazy\" class=\"alignnone size-full wp-image-276\" src=\"\/\/www.alchemillasapotek.com\/wp-content\/uploads\/2016\/11\/IMG_1052.jpg\" alt=\"Acorus Calamus\" width=\"961\" height=\"961\" srcset=\"https:\/\/www.alchemillasapotek.com\/wp-content\/uploads\/2016\/11\/IMG_1052.jpg 961w, https:\/\/www.alchemillasapotek.com\/wp-content\/uploads\/2016\/11\/IMG_1052-300x300.jpg 300w, https:\/\/www.alchemillasapotek.com\/wp-content\/uploads\/2016\/11\/IMG_1052-100x100.jpg 100w, https:\/\/www.alchemillasapotek.com\/wp-content\/uploads\/2016\/11\/IMG_1052-456x456.jpg 456w, https:\/\/www.alchemillasapotek.com\/wp-content\/uploads\/2016\/11\/IMG_1052-220x220.jpg 220w, https:\/\/www.alchemillasapotek.com\/wp-content\/uploads\/2016\/11\/IMG_1052-460x460.jpg 460w, https:\/\/www.alchemillasapotek.com\/wp-content\/uploads\/2016\/11\/IMG_1052-768x768.jpg 768w, https:\/\/www.alchemillasapotek.com\/wp-content\/uploads\/2016\/11\/IMG_1052-400x400.jpg 400w\" sizes=\"(max-width: 961px) 100vw, 961px\" \/> <img loading=\"lazy\" class=\"alignnone size-large wp-image-277\" src=\"\/\/www.alchemillasapotek.com\/wp-content\/uploads\/2016\/11\/IMG_1054-1-1024x1024.jpg\" alt=\"Acorus Calamus\" width=\"1024\" height=\"1024\" srcset=\"https:\/\/www.alchemillasapotek.com\/wp-content\/uploads\/2016\/11\/IMG_1054-1-1024x1024.jpg 1024w, https:\/\/www.alchemillasapotek.com\/wp-content\/uploads\/2016\/11\/IMG_1054-1-300x300.jpg 300w, https:\/\/www.alchemillasapotek.com\/wp-content\/uploads\/2016\/11\/IMG_1054-1-100x100.jpg 100w, https:\/\/www.alchemillasapotek.com\/wp-content\/uploads\/2016\/11\/IMG_1054-1-456x456.jpg 456w, https:\/\/www.alchemillasapotek.com\/wp-content\/uploads\/2016\/11\/IMG_1054-1-220x220.jpg 220w, https:\/\/www.alchemillasapotek.com\/wp-content\/uploads\/2016\/11\/IMG_1054-1-460x460.jpg 460w, https:\/\/www.alchemillasapotek.com\/wp-content\/uploads\/2016\/11\/IMG_1054-1-768x768.jpg 768w, https:\/\/www.alchemillasapotek.com\/wp-content\/uploads\/2016\/11\/IMG_1054-1-400x400.jpg 400w\" sizes=\"(max-width: 1024px) 100vw, 1024px\" \/>","protected":false},"excerpt":{"rendered":"<p>ABRAKADABRA \u2013 jag skapar det jag uttrycker<\/p>\n<p>Ordens magi<br \/>\n<img loading=\"lazy\" class=\"alignnone size-full wp-image-244\" src=\"\/\/www.alchemillasapotek.com\/wp-content\/uploads\/2016\/11\/SST-Salt.png\" alt=\"Salt\" width=\"40\" height=\"40\" \/><\/p>\n<p>Kalmusroten \u00e4r aromatisk och bitter. Den anv\u00e4nds vid halsont, halsfluss, irriterande hosta, f\u00f6rkylning och huvudv\u00e4rk som liksom k\u00e4nns tjock och svullen. Den anv\u00e4nds som en effektiv antihistamin, den st\u00e4dar t\u00e4ppta bih\u00e5lor och f\u00f6r ut slemmet. Kalmus \u00e4r bra om man tappat r\u00f6sten och f\u00f6r de som sjunger eller anv\u00e4nder r\u00f6sten p\u00e5 annat vis.<\/p>\n<p>Den \u00e4r ocks\u00e5 libidoh\u00f6jande f\u00f6r b\u00e5da k\u00f6nen. Inom ayurveda anses kalmusroten f\u00f6rebygga prostatabesv\u00e4r. Henriette Kress skriver att kalamus \u00e4r \u00f6verl\u00e4gsen vid sm\u00e4rtor av endometrios.<br \/>\n<img loading=\"lazy\" class=\"alignnone size-full wp-image-223\" src=\"\/\/www.alchemillasapotek.com\/wp-content\/uploads\/2016\/11\/SST-Mercury.png\" alt=\"Mercury\" width=\"38\" height=\"50\" \/><\/p>\n<p>Kalmusroten \u00e4r \u00f6verl\u00e4gsen b\u00e5de som en avslappnande och stimulerande \u00f6rt. \u201cStimulerande\u201d och \u201cavslappnande\u201d b\u00f6r inte ses som en paradox, det \u00e4r bara ytterligheterna av en polaritet. Stimulerande \u00f6rter \u00f6kar den vitala kraftens uttryck medan avslappnande \u00f6rter s\u00e4nker motst\u00e5ndet av samma kraft. Polariteterna samverkar f\u00f6r samma resultat: Ett b\u00e4ttre fl\u00f6de av livsenergi och vitalitet. Kalmusroten \u00e4r otroligt \u00e5ngestd\u00e4mpande.<br \/>\nS\u00e4rskillt v\u00e4rdefull \u00e4r kalmusroten i att st\u00f6dja ens uttryck och i att hitta sin egen r\u00f6st.<\/p>\n<p><img loading=\"lazy\" class=\"alignnone size-full wp-image-245\" src=\"\/\/www.alchemillasapotek.com\/wp-content\/uploads\/2016\/11\/SST-Sulphur.png\" alt=\"Sulphur\" width=\"40\" height=\"40\" \/><\/p>\n<p>Kalmusroten fr\u00e4mjar cirkulationen till hj\u00e4rnan, \u00e4r bra f\u00f6r minnet, st\u00e4rker medvetandet och st\u00f6djer f\u00f6rm\u00e5gan att kommunicera. Det yogiska ordet, Vacha, betyder \u201ctal\u201d och anspelar p\u00e5 femte chakrat och f\u00f6rm\u00e5gan att tala fr\u00e5n ens h\u00f6gsta medvetande.<\/p>\n<p>Klarhet, centrering, perspektiv. Att uttrycka ens sanning. Det \u00e4r det kalmusrotens medicin handlar om.&hellip; <a class=\"kt-excerpt-readmore\" href=\"https:\/\/www.alchemillasapotek.com\/sv\/water\/acorus-calamus\/\" aria-label=\"Kalmus\">Read More<\/a><\/p>\n","protected":false},"featured_media":278,"comment_status":"closed","ping_status":"closed","template":"","meta":[],"product_cat":[6,17],"product_tag":[41,90,83,86,22,89,81,84,87,88,85],"yoast_head":"<!-- This site is optimized with the Yoast SEO plugin v18.4.1 - https:\/\/yoast.com\/wordpress\/plugins\/seo\/ -->\n<title>Kalmus ~ Alchemillas Apotek<\/title>\n<meta name=\"description\" content=\"Alchemillas Apotek: spagyric tinctures, hydrosols, services, and formulas. Please contact us for more information.\" \/>\n<meta name=\"robots\" content=\"index, follow, max-snippet:-1, max-image-preview:large, max-video-preview:-1\" \/>\n<link rel=\"canonical\" href=\"https:\/\/www.alchemillasapotek.com\/water\/acorus-calamus\/\" \/>\n<meta property=\"og:locale\" content=\"en_US\" \/>\n<meta property=\"og:type\" content=\"article\" \/>\n<meta property=\"og:title\" content=\"[:en]Calamus [:sv]Kalmus[:] ~ Alchemillas Apotek\" \/>\n<meta property=\"og:description\" content=\"Alchemillas Apotek: spagyric tinctures, hydrosols, services, and formulas. Please contact us for more information.\" \/>\n<meta property=\"og:url\" content=\"https:\/\/www.alchemillasapotek.com\/water\/acorus-calamus\/\" \/>\n<meta property=\"og:site_name\" content=\"Alchemillas Apotek\" \/>\n<meta property=\"article:publisher\" content=\"https:\/\/www.facebook.com\/AlchemillasApotek\/\" \/>\n<meta property=\"article:modified_time\" content=\"2017-01-14T13:41:44+00:00\" \/>\n<meta property=\"og:image\" content=\"https:\/\/www.alchemillasapotek.com\/wp-content\/uploads\/2016\/11\/IMG_1637.jpg\" \/>\n\t<meta property=\"og:image:width\" content=\"2448\" \/>\n\t<meta property=\"og:image:height\" content=\"2448\" \/>\n\t<meta property=\"og:image:type\" content=\"image\/jpeg\" \/>\n<meta name=\"twitter:card\" content=\"summary\" \/>\n<meta name=\"twitter:site\" content=\"@lisajeannin\" \/>\n<script type=\"application\/ld+json\" class=\"yoast-schema-graph\">{\"@context\":\"https:\/\/schema.org\",\"@graph\":[{\"@type\":\"Organization\",\"@id\":\"http:\/\/www.alchemillasapotek.com\/sv\/#organization\",\"name\":\"Alchemillas Apotek\",\"url\":\"http:\/\/www.alchemillasapotek.com\/sv\/\",\"sameAs\":[\"https:\/\/www.facebook.com\/AlchemillasApotek\/\",\"https:\/\/www.instagram.com\/alchemillasapotek\/\",\"https:\/\/twitter.com\/lisajeannin\"],\"logo\":{\"@type\":\"ImageObject\",\"@id\":\"http:\/\/www.alchemillasapotek.com\/sv\/#logo\",\"inLanguage\":\"sv-SV\",\"url\":\"https:\/\/www.alchemillasapotek.com\/wp-content\/uploads\/2016\/11\/Logo-AlchemillasApotek-homepage.png\",\"contentUrl\":\"https:\/\/www.alchemillasapotek.com\/wp-content\/uploads\/2016\/11\/Logo-AlchemillasApotek-homepage.png\",\"width\":592,\"height\":580,\"caption\":\"Alchemillas Apotek\"},\"image\":{\"@id\":\"http:\/\/www.alchemillasapotek.com\/sv\/#logo\"}},{\"@type\":\"WebSite\",\"@id\":\"http:\/\/www.alchemillasapotek.com\/sv\/#website\",\"url\":\"http:\/\/www.alchemillasapotek.com\/sv\/\",\"name\":\"Alchemillas Apotek\",\"description\":\"Spagyric Tinctures &amp; Initiatic Plantmedicine for vibrant health and spiritual evolution.\",\"publisher\":{\"@id\":\"http:\/\/www.alchemillasapotek.com\/sv\/#organization\"},\"potentialAction\":[{\"@type\":\"SearchAction\",\"target\":{\"@type\":\"EntryPoint\",\"urlTemplate\":\"http:\/\/www.alchemillasapotek.com\/sv\/?s={search_term_string}\"},\"query-input\":\"required name=search_term_string\"}],\"inLanguage\":\"sv-SV\"},{\"@type\":\"ImageObject\",\"@id\":\"https:\/\/www.alchemillasapotek.com\/water\/acorus-calamus\/#primaryimage\",\"inLanguage\":\"sv-SV\",\"url\":\"https:\/\/www.alchemillasapotek.com\/wp-content\/uploads\/2016\/11\/IMG_1637.jpg\",\"contentUrl\":\"https:\/\/www.alchemillasapotek.com\/wp-content\/uploads\/2016\/11\/IMG_1637.jpg\",\"width\":2448,\"height\":2448,\"caption\":\"Acorus Calamus\"},{\"@type\":\"WebPage\",\"@id\":\"https:\/\/www.alchemillasapotek.com\/water\/acorus-calamus\/#webpage\",\"url\":\"https:\/\/www.alchemillasapotek.com\/water\/acorus-calamus\/\",\"name\":\"[:en]Calamus [:sv]Kalmus[:] ~ Alchemillas Apotek\",\"isPartOf\":{\"@id\":\"http:\/\/www.alchemillasapotek.com\/sv\/#website\"},\"primaryImageOfPage\":{\"@id\":\"https:\/\/www.alchemillasapotek.com\/water\/acorus-calamus\/#primaryimage\"},\"datePublished\":\"2016-11-15T16:49:34+00:00\",\"dateModified\":\"2017-01-14T13:41:44+00:00\",\"description\":\"Alchemillas Apotek: spagyric tinctures, hydrosols, services, and formulas. Please contact us for more information.\",\"breadcrumb\":{\"@id\":\"https:\/\/www.alchemillasapotek.com\/water\/acorus-calamus\/#breadcrumb\"},\"inLanguage\":\"sv-SV\",\"potentialAction\":[{\"@type\":\"ReadAction\",\"target\":[\"https:\/\/www.alchemillasapotek.com\/water\/acorus-calamus\/\"]}]},{\"@type\":\"BreadcrumbList\",\"@id\":\"https:\/\/www.alchemillasapotek.com\/water\/acorus-calamus\/#breadcrumb\",\"itemListElement\":[{\"@type\":\"ListItem\",\"position\":1,\"name\":\"Home\",\"item\":\"http:\/\/www.alchemillasapotek.com\/sv\/\"},{\"@type\":\"ListItem\",\"position\":2,\"name\":\"Water\",\"item\":\"http:\/\/www.alchemillasapotek.com\/water\/\"},{\"@type\":\"ListItem\",\"position\":3,\"name\":\"Calamus\"}]}]}<\/script>\n<!-- \/ Yoast SEO plugin. -->","yoast_head_json":{"title":"[:en]Calamus [:sv]Kalmus[:] ~ Alchemillas Apotek","description":"Alchemillas Apotek: spagyric tinctures, hydrosols, services, and formulas. Please contact us for more information.","robots":{"index":"index","follow":"follow","max-snippet":"max-snippet:-1","max-image-preview":"max-image-preview:large","max-video-preview":"max-video-preview:-1"},"canonical":"https:\/\/www.alchemillasapotek.com\/water\/acorus-calamus\/","og_locale":"en_US","og_type":"article","og_title":"[:en]Calamus [:sv]Kalmus[:] ~ Alchemillas Apotek","og_description":"Alchemillas Apotek: spagyric tinctures, hydrosols, services, and formulas. Please contact us for more information.","og_url":"https:\/\/www.alchemillasapotek.com\/water\/acorus-calamus\/","og_site_name":"Alchemillas Apotek","article_publisher":"https:\/\/www.facebook.com\/AlchemillasApotek\/","article_modified_time":"2017-01-14T13:41:44+00:00","og_image":[{"width":2448,"height":2448,"url":"https:\/\/www.alchemillasapotek.com\/wp-content\/uploads\/2016\/11\/IMG_1637.jpg","type":"image\/jpeg"}],"twitter_card":"summary","twitter_site":"@lisajeannin","schema":{"@context":"https:\/\/schema.org","@graph":[{"@type":"Organization","@id":"http:\/\/www.alchemillasapotek.com\/sv\/#organization","name":"Alchemillas Apotek","url":"http:\/\/www.alchemillasapotek.com\/sv\/","sameAs":["https:\/\/www.facebook.com\/AlchemillasApotek\/","https:\/\/www.instagram.com\/alchemillasapotek\/","https:\/\/twitter.com\/lisajeannin"],"logo":{"@type":"ImageObject","@id":"http:\/\/www.alchemillasapotek.com\/sv\/#logo","inLanguage":"sv-SV","url":"https:\/\/www.alchemillasapotek.com\/wp-content\/uploads\/2016\/11\/Logo-AlchemillasApotek-homepage.png","contentUrl":"https:\/\/www.alchemillasapotek.com\/wp-content\/uploads\/2016\/11\/Logo-AlchemillasApotek-homepage.png","width":592,"height":580,"caption":"Alchemillas Apotek"},"image":{"@id":"http:\/\/www.alchemillasapotek.com\/sv\/#logo"}},{"@type":"WebSite","@id":"http:\/\/www.alchemillasapotek.com\/sv\/#website","url":"http:\/\/www.alchemillasapotek.com\/sv\/","name":"Alchemillas Apotek","description":"Spagyric Tinctures &amp; Initiatic Plantmedicine for vibrant health and spiritual evolution.","publisher":{"@id":"http:\/\/www.alchemillasapotek.com\/sv\/#organization"},"potentialAction":[{"@type":"SearchAction","target":{"@type":"EntryPoint","urlTemplate":"http:\/\/www.alchemillasapotek.com\/sv\/?s={search_term_string}"},"query-input":"required name=search_term_string"}],"inLanguage":"sv-SV"},{"@type":"ImageObject","@id":"https:\/\/www.alchemillasapotek.com\/water\/acorus-calamus\/#primaryimage","inLanguage":"sv-SV","url":"https:\/\/www.alchemillasapotek.com\/wp-content\/uploads\/2016\/11\/IMG_1637.jpg","contentUrl":"https:\/\/www.alchemillasapotek.com\/wp-content\/uploads\/2016\/11\/IMG_1637.jpg","width":2448,"height":2448,"caption":"Acorus Calamus"},{"@type":"WebPage","@id":"https:\/\/www.alchemillasapotek.com\/water\/acorus-calamus\/#webpage","url":"https:\/\/www.alchemillasapotek.com\/water\/acorus-calamus\/","name":"[:en]Calamus [:sv]Kalmus[:] ~ Alchemillas Apotek","isPartOf":{"@id":"http:\/\/www.alchemillasapotek.com\/sv\/#website"},"primaryImageOfPage":{"@id":"https:\/\/www.alchemillasapotek.com\/water\/acorus-calamus\/#primaryimage"},"datePublished":"2016-11-15T16:49:34+00:00","dateModified":"2017-01-14T13:41:44+00:00","description":"Alchemillas Apotek: spagyric tinctures, hydrosols, services, and formulas. Please contact us for more information.","breadcrumb":{"@id":"https:\/\/www.alchemillasapotek.com\/water\/acorus-calamus\/#breadcrumb"},"inLanguage":"sv-SV","potentialAction":[{"@type":"ReadAction","target":["https:\/\/www.alchemillasapotek.com\/water\/acorus-calamus\/"]}]},{"@type":"BreadcrumbList","@id":"https:\/\/www.alchemillasapotek.com\/water\/acorus-calamus\/#breadcrumb","itemListElement":[{"@type":"ListItem","position":1,"name":"Home","item":"http:\/\/www.alchemillasapotek.com\/sv\/"},{"@type":"ListItem","position":2,"name":"Water","item":"http:\/\/www.alchemillasapotek.com\/water\/"},{"@type":"ListItem","position":3,"name":"Calamus"}]}]}},"_links":{"self":[{"href":"https:\/\/www.alchemillasapotek.com\/sv\/wp-json\/wp\/v2\/product\/249"}],"collection":[{"href":"https:\/\/www.alchemillasapotek.com\/sv\/wp-json\/wp\/v2\/product"}],"about":[{"href":"https:\/\/www.alchemillasapotek.com\/sv\/wp-json\/wp\/v2\/types\/product"}],"replies":[{"embeddable":true,"href":"https:\/\/www.alchemillasapotek.com\/sv\/wp-json\/wp\/v2\/comments?post=249"}],"wp:featuredmedia":[{"embeddable":true,"href":"https:\/\/www.alchemillasapotek.com\/sv\/wp-json\/wp\/v2\/media\/278"}],"wp:attachment":[{"href":"https:\/\/www.alchemillasapotek.com\/sv\/wp-json\/wp\/v2\/media?parent=249"}],"wp:term":[{"taxonomy":"product_cat","embeddable":true,"href":"https:\/\/www.alchemillasapotek.com\/sv\/wp-json\/wp\/v2\/product_cat?post=249"},{"taxonomy":"product_tag","embeddable":true,"href":"https:\/\/www.alchemillasapotek.com\/sv\/wp-json\/wp\/v2\/product_tag?post=249"}],"curies":[{"name":"wp","href":"https:\/\/api.w.org\/{rel}","templated":true}]}}