{"id":251,"date":"2016-11-15T16:57:03","date_gmt":"2016-11-15T16:57:03","guid":{"rendered":"http:\/\/www.alchemillasapotek.com\/?post_type=product&#038;p=251"},"modified":"2017-01-14T13:44:30","modified_gmt":"2017-01-14T13:44:30","slug":"rosmarinus-officinalis","status":"publish","type":"product","link":"https:\/\/www.alchemillasapotek.com\/sv\/water\/rosmarinus-officinalis\/","title":{"rendered":"Rosmarin"},"content":{"rendered":"<h5>Spagyrisk tinktur av Rosmarinus Officinalis.<\/h5>\n<p>Rekommenderas att ta p\u00e5 morgonen, 5-7 droppar direkt p\u00e5 tungan eller i lite varmt vatten eller te.<\/p>\n<p><img loading=\"lazy\" class=\"alignnone size-large wp-image-252\" src=\"\/\/www.alchemillasapotek.com\/wp-content\/uploads\/2016\/11\/3-1024x1024.jpg\" alt=\"Rosmarinus Officinalis\" width=\"1024\" height=\"1024\" srcset=\"https:\/\/www.alchemillasapotek.com\/wp-content\/uploads\/2016\/11\/3-1024x1024.jpg 1024w, https:\/\/www.alchemillasapotek.com\/wp-content\/uploads\/2016\/11\/3-300x300.jpg 300w, https:\/\/www.alchemillasapotek.com\/wp-content\/uploads\/2016\/11\/3-100x100.jpg 100w, https:\/\/www.alchemillasapotek.com\/wp-content\/uploads\/2016\/11\/3-456x456.jpg 456w, https:\/\/www.alchemillasapotek.com\/wp-content\/uploads\/2016\/11\/3-220x220.jpg 220w, https:\/\/www.alchemillasapotek.com\/wp-content\/uploads\/2016\/11\/3-460x460.jpg 460w, https:\/\/www.alchemillasapotek.com\/wp-content\/uploads\/2016\/11\/3-768x768.jpg 768w, https:\/\/www.alchemillasapotek.com\/wp-content\/uploads\/2016\/11\/3-400x400.jpg 400w\" sizes=\"(max-width: 1024px) 100vw, 1024px\" \/> <img loading=\"lazy\" class=\"alignnone size-large wp-image-253\" src=\"\/\/www.alchemillasapotek.com\/wp-content\/uploads\/2016\/11\/IMG_1379-1024x1024.jpg\" alt=\"img_1379\" width=\"1024\" height=\"1024\" srcset=\"https:\/\/www.alchemillasapotek.com\/wp-content\/uploads\/2016\/11\/IMG_1379-1024x1024.jpg 1024w, https:\/\/www.alchemillasapotek.com\/wp-content\/uploads\/2016\/11\/IMG_1379-300x300.jpg 300w, https:\/\/www.alchemillasapotek.com\/wp-content\/uploads\/2016\/11\/IMG_1379-100x100.jpg 100w, https:\/\/www.alchemillasapotek.com\/wp-content\/uploads\/2016\/11\/IMG_1379-456x456.jpg 456w, https:\/\/www.alchemillasapotek.com\/wp-content\/uploads\/2016\/11\/IMG_1379-220x220.jpg 220w, https:\/\/www.alchemillasapotek.com\/wp-content\/uploads\/2016\/11\/IMG_1379-460x460.jpg 460w, https:\/\/www.alchemillasapotek.com\/wp-content\/uploads\/2016\/11\/IMG_1379-768x768.jpg 768w, https:\/\/www.alchemillasapotek.com\/wp-content\/uploads\/2016\/11\/IMG_1379-400x400.jpg 400w\" sizes=\"(max-width: 1024px) 100vw, 1024px\" \/>","protected":false},"excerpt":{"rendered":"<p><em>&#8220;H\u00e4r \u00e4r Rosmarin, den hj\u00e4lper oss att minnas.&#8221;<\/em> \u2013 Shakespeare<\/p>\n<p><img loading=\"lazy\" class=\"alignnone size-full wp-image-244\" src=\"\/\/www.alchemillasapotek.com\/wp-content\/uploads\/2016\/11\/SST-Salt.png\" alt=\"Salt\" width=\"40\" height=\"40\" \/><\/p>\n<p>V\u00e4rmande och stimulerar cirkulationen, s\u00e4rskillt till huvudet, hj\u00e4rnan inklusive \u00f6gonen, d\u00e4rf\u00f6r bra vid glaucom. Cirkulerar blodet till hj\u00e4rtat, levern och gallbl\u00e5san, d\u00e4rf\u00f6r bra f\u00f6r matsm\u00e4ltningen. Bra f\u00f6r nerverna, vid Alzheimers, nootropisk dvs st\u00f6djer kognitiv funktion, korttids och l\u00e5ngtidsminnet. St\u00f6djande vid diabetes II.<\/p>\n<p><img loading=\"lazy\" class=\"alignnone size-full wp-image-223\" src=\"\/\/www.alchemillasapotek.com\/wp-content\/uploads\/2016\/11\/SST-Mercury.png\" alt=\"Mercury\" width=\"38\" height=\"50\" \/><\/p>\n<p>Bra f\u00f6r personer som saknar sj\u00e4lvf\u00f6rtroende och sk\u00e4nker klarhet kring vem vi \u00e4r, varf\u00f6r vi \u00e4r h\u00e4r och hur vi ska anv\u00e4nda tiden vi har. Rudolph Steiner sa att Rosmarin st\u00e4rker jagk\u00e4nslan, som han relaterade till den sol\u00e4ra energin som v\u00e4rmer upp kroppen. Rosmarin st\u00e4rker sj\u00e4lvmedvetenhet, s\u00e4rskillt n\u00e4r den anv\u00e4nds p\u00e5 morgonen f\u00f6r att v\u00e4cka medvetandet.<\/p>\n<p><img loading=\"lazy\" class=\"alignnone size-full wp-image-245\" src=\"\/\/www.alchemillasapotek.com\/wp-content\/uploads\/2016\/11\/SST-Sulphur.png\" alt=\"Sulphur\" width=\"40\" height=\"40\" \/><\/p>\n<p>Rosmarin hj\u00e4lper oss att minnas vilka vi \u00e4r, att vara starka i oss sj\u00e4lva, att omfamna det f\u00f6rflutna och nuet utan \u00e5nger. Genom att minnas via hj\u00e4rtat snarare \u00e4n med hj\u00e4rnan kalibreras kanalen mellan sinnet och hj\u00e4rtat och klarhet skapas f\u00f6r att omstrukturera och uttrycka hj\u00e4rtats spr\u00e5k och att \u00e5terknyta kontakten till v\u00e5ra r\u00f6tter.&hellip; <a class=\"kt-excerpt-readmore\" href=\"https:\/\/www.alchemillasapotek.com\/sv\/water\/rosmarinus-officinalis\/\" aria-label=\"Rosmarin\">Read More<\/a><\/p>\n","protected":false},"featured_media":254,"comment_status":"closed","ping_status":"closed","template":"","meta":[],"product_cat":[6,14],"product_tag":[46,44,47,43,42,48,33,45],"yoast_head":"<!-- This site is optimized with the Yoast SEO plugin v18.4.1 - https:\/\/yoast.com\/wordpress\/plugins\/seo\/ -->\n<title>Rosmarin ~ Alchemillas Apotek<\/title>\n<meta name=\"description\" content=\"Alchemillas Apotek: spagyric tinctures, hydrosols, services, and formulas. Please contact us for more information.\" \/>\n<meta name=\"robots\" content=\"index, follow, max-snippet:-1, max-image-preview:large, max-video-preview:-1\" \/>\n<link rel=\"canonical\" href=\"https:\/\/www.alchemillasapotek.com\/sv\/water\/rosmarinus-officinalis\/\" \/>\n<meta property=\"og:locale\" content=\"en_US\" \/>\n<meta property=\"og:type\" content=\"article\" \/>\n<meta property=\"og:title\" content=\"[:en]Rosemary[:sv]Rosmarin[:] ~ Alchemillas Apotek\" \/>\n<meta property=\"og:description\" content=\"Alchemillas Apotek: spagyric tinctures, hydrosols, services, and formulas. Please contact us for more information.\" \/>\n<meta property=\"og:url\" content=\"https:\/\/www.alchemillasapotek.com\/sv\/water\/rosmarinus-officinalis\/\" \/>\n<meta property=\"og:site_name\" content=\"Alchemillas Apotek\" \/>\n<meta property=\"article:publisher\" content=\"https:\/\/www.facebook.com\/AlchemillasApotek\/\" \/>\n<meta property=\"article:modified_time\" content=\"2017-01-14T13:44:30+00:00\" \/>\n<meta property=\"og:image\" content=\"https:\/\/www.alchemillasapotek.com\/wp-content\/uploads\/2016\/11\/IMG_1609.jpg\" \/>\n\t<meta property=\"og:image:width\" content=\"2448\" \/>\n\t<meta property=\"og:image:height\" content=\"2448\" \/>\n\t<meta property=\"og:image:type\" content=\"image\/jpeg\" \/>\n<meta name=\"twitter:card\" content=\"summary\" \/>\n<meta name=\"twitter:site\" content=\"@lisajeannin\" \/>\n<script type=\"application\/ld+json\" class=\"yoast-schema-graph\">{\"@context\":\"https:\/\/schema.org\",\"@graph\":[{\"@type\":\"Organization\",\"@id\":\"http:\/\/www.alchemillasapotek.com\/sv\/#organization\",\"name\":\"Alchemillas Apotek\",\"url\":\"http:\/\/www.alchemillasapotek.com\/sv\/\",\"sameAs\":[\"https:\/\/www.facebook.com\/AlchemillasApotek\/\",\"https:\/\/www.instagram.com\/alchemillasapotek\/\",\"https:\/\/twitter.com\/lisajeannin\"],\"logo\":{\"@type\":\"ImageObject\",\"@id\":\"http:\/\/www.alchemillasapotek.com\/sv\/#logo\",\"inLanguage\":\"sv-SV\",\"url\":\"https:\/\/www.alchemillasapotek.com\/wp-content\/uploads\/2016\/11\/Logo-AlchemillasApotek-homepage.png\",\"contentUrl\":\"https:\/\/www.alchemillasapotek.com\/wp-content\/uploads\/2016\/11\/Logo-AlchemillasApotek-homepage.png\",\"width\":592,\"height\":580,\"caption\":\"Alchemillas Apotek\"},\"image\":{\"@id\":\"http:\/\/www.alchemillasapotek.com\/sv\/#logo\"}},{\"@type\":\"WebSite\",\"@id\":\"http:\/\/www.alchemillasapotek.com\/sv\/#website\",\"url\":\"http:\/\/www.alchemillasapotek.com\/sv\/\",\"name\":\"Alchemillas Apotek\",\"description\":\"Spagyric Tinctures &amp; Initiatic Plantmedicine for vibrant health and spiritual evolution.\",\"publisher\":{\"@id\":\"http:\/\/www.alchemillasapotek.com\/sv\/#organization\"},\"potentialAction\":[{\"@type\":\"SearchAction\",\"target\":{\"@type\":\"EntryPoint\",\"urlTemplate\":\"http:\/\/www.alchemillasapotek.com\/sv\/?s={search_term_string}\"},\"query-input\":\"required name=search_term_string\"}],\"inLanguage\":\"sv-SV\"},{\"@type\":\"ImageObject\",\"@id\":\"https:\/\/www.alchemillasapotek.com\/sv\/water\/rosmarinus-officinalis\/#primaryimage\",\"inLanguage\":\"sv-SV\",\"url\":\"https:\/\/www.alchemillasapotek.com\/wp-content\/uploads\/2016\/11\/IMG_1609.jpg\",\"contentUrl\":\"https:\/\/www.alchemillasapotek.com\/wp-content\/uploads\/2016\/11\/IMG_1609.jpg\",\"width\":2448,\"height\":2448,\"caption\":\"Rosmarinus Officinalis\"},{\"@type\":\"WebPage\",\"@id\":\"https:\/\/www.alchemillasapotek.com\/sv\/water\/rosmarinus-officinalis\/#webpage\",\"url\":\"https:\/\/www.alchemillasapotek.com\/sv\/water\/rosmarinus-officinalis\/\",\"name\":\"[:en]Rosemary[:sv]Rosmarin[:] ~ Alchemillas Apotek\",\"isPartOf\":{\"@id\":\"http:\/\/www.alchemillasapotek.com\/sv\/#website\"},\"primaryImageOfPage\":{\"@id\":\"https:\/\/www.alchemillasapotek.com\/sv\/water\/rosmarinus-officinalis\/#primaryimage\"},\"datePublished\":\"2016-11-15T16:57:03+00:00\",\"dateModified\":\"2017-01-14T13:44:30+00:00\",\"description\":\"Alchemillas Apotek: spagyric tinctures, hydrosols, services, and formulas. Please contact us for more information.\",\"breadcrumb\":{\"@id\":\"https:\/\/www.alchemillasapotek.com\/sv\/water\/rosmarinus-officinalis\/#breadcrumb\"},\"inLanguage\":\"sv-SV\",\"potentialAction\":[{\"@type\":\"ReadAction\",\"target\":[\"https:\/\/www.alchemillasapotek.com\/sv\/water\/rosmarinus-officinalis\/\"]}]},{\"@type\":\"BreadcrumbList\",\"@id\":\"https:\/\/www.alchemillasapotek.com\/sv\/water\/rosmarinus-officinalis\/#breadcrumb\",\"itemListElement\":[{\"@type\":\"ListItem\",\"position\":1,\"name\":\"Home\",\"item\":\"http:\/\/www.alchemillasapotek.com\/sv\/\"},{\"@type\":\"ListItem\",\"position\":2,\"name\":\"Water\",\"item\":\"https:\/\/www.alchemillasapotek.com\/water\/\"},{\"@type\":\"ListItem\",\"position\":3,\"name\":\"Rosmarin\"}]}]}<\/script>\n<!-- \/ Yoast SEO plugin. -->","yoast_head_json":{"title":"[:en]Rosemary[:sv]Rosmarin[:] ~ Alchemillas Apotek","description":"Alchemillas Apotek: spagyric tinctures, hydrosols, services, and formulas. Please contact us for more information.","robots":{"index":"index","follow":"follow","max-snippet":"max-snippet:-1","max-image-preview":"max-image-preview:large","max-video-preview":"max-video-preview:-1"},"canonical":"https:\/\/www.alchemillasapotek.com\/sv\/water\/rosmarinus-officinalis\/","og_locale":"en_US","og_type":"article","og_title":"[:en]Rosemary[:sv]Rosmarin[:] ~ Alchemillas Apotek","og_description":"Alchemillas Apotek: spagyric tinctures, hydrosols, services, and formulas. Please contact us for more information.","og_url":"https:\/\/www.alchemillasapotek.com\/sv\/water\/rosmarinus-officinalis\/","og_site_name":"Alchemillas Apotek","article_publisher":"https:\/\/www.facebook.com\/AlchemillasApotek\/","article_modified_time":"2017-01-14T13:44:30+00:00","og_image":[{"width":2448,"height":2448,"url":"https:\/\/www.alchemillasapotek.com\/wp-content\/uploads\/2016\/11\/IMG_1609.jpg","type":"image\/jpeg"}],"twitter_card":"summary","twitter_site":"@lisajeannin","schema":{"@context":"https:\/\/schema.org","@graph":[{"@type":"Organization","@id":"http:\/\/www.alchemillasapotek.com\/sv\/#organization","name":"Alchemillas Apotek","url":"http:\/\/www.alchemillasapotek.com\/sv\/","sameAs":["https:\/\/www.facebook.com\/AlchemillasApotek\/","https:\/\/www.instagram.com\/alchemillasapotek\/","https:\/\/twitter.com\/lisajeannin"],"logo":{"@type":"ImageObject","@id":"http:\/\/www.alchemillasapotek.com\/sv\/#logo","inLanguage":"sv-SV","url":"https:\/\/www.alchemillasapotek.com\/wp-content\/uploads\/2016\/11\/Logo-AlchemillasApotek-homepage.png","contentUrl":"https:\/\/www.alchemillasapotek.com\/wp-content\/uploads\/2016\/11\/Logo-AlchemillasApotek-homepage.png","width":592,"height":580,"caption":"Alchemillas Apotek"},"image":{"@id":"http:\/\/www.alchemillasapotek.com\/sv\/#logo"}},{"@type":"WebSite","@id":"http:\/\/www.alchemillasapotek.com\/sv\/#website","url":"http:\/\/www.alchemillasapotek.com\/sv\/","name":"Alchemillas Apotek","description":"Spagyric Tinctures &amp; Initiatic Plantmedicine for vibrant health and spiritual evolution.","publisher":{"@id":"http:\/\/www.alchemillasapotek.com\/sv\/#organization"},"potentialAction":[{"@type":"SearchAction","target":{"@type":"EntryPoint","urlTemplate":"http:\/\/www.alchemillasapotek.com\/sv\/?s={search_term_string}"},"query-input":"required name=search_term_string"}],"inLanguage":"sv-SV"},{"@type":"ImageObject","@id":"https:\/\/www.alchemillasapotek.com\/sv\/water\/rosmarinus-officinalis\/#primaryimage","inLanguage":"sv-SV","url":"https:\/\/www.alchemillasapotek.com\/wp-content\/uploads\/2016\/11\/IMG_1609.jpg","contentUrl":"https:\/\/www.alchemillasapotek.com\/wp-content\/uploads\/2016\/11\/IMG_1609.jpg","width":2448,"height":2448,"caption":"Rosmarinus Officinalis"},{"@type":"WebPage","@id":"https:\/\/www.alchemillasapotek.com\/sv\/water\/rosmarinus-officinalis\/#webpage","url":"https:\/\/www.alchemillasapotek.com\/sv\/water\/rosmarinus-officinalis\/","name":"[:en]Rosemary[:sv]Rosmarin[:] ~ Alchemillas Apotek","isPartOf":{"@id":"http:\/\/www.alchemillasapotek.com\/sv\/#website"},"primaryImageOfPage":{"@id":"https:\/\/www.alchemillasapotek.com\/sv\/water\/rosmarinus-officinalis\/#primaryimage"},"datePublished":"2016-11-15T16:57:03+00:00","dateModified":"2017-01-14T13:44:30+00:00","description":"Alchemillas Apotek: spagyric tinctures, hydrosols, services, and formulas. Please contact us for more information.","breadcrumb":{"@id":"https:\/\/www.alchemillasapotek.com\/sv\/water\/rosmarinus-officinalis\/#breadcrumb"},"inLanguage":"sv-SV","potentialAction":[{"@type":"ReadAction","target":["https:\/\/www.alchemillasapotek.com\/sv\/water\/rosmarinus-officinalis\/"]}]},{"@type":"BreadcrumbList","@id":"https:\/\/www.alchemillasapotek.com\/sv\/water\/rosmarinus-officinalis\/#breadcrumb","itemListElement":[{"@type":"ListItem","position":1,"name":"Home","item":"http:\/\/www.alchemillasapotek.com\/sv\/"},{"@type":"ListItem","position":2,"name":"Water","item":"https:\/\/www.alchemillasapotek.com\/water\/"},{"@type":"ListItem","position":3,"name":"Rosmarin"}]}]}},"_links":{"self":[{"href":"https:\/\/www.alchemillasapotek.com\/sv\/wp-json\/wp\/v2\/product\/251"}],"collection":[{"href":"https:\/\/www.alchemillasapotek.com\/sv\/wp-json\/wp\/v2\/product"}],"about":[{"href":"https:\/\/www.alchemillasapotek.com\/sv\/wp-json\/wp\/v2\/types\/product"}],"replies":[{"embeddable":true,"href":"https:\/\/www.alchemillasapotek.com\/sv\/wp-json\/wp\/v2\/comments?post=251"}],"wp:featuredmedia":[{"embeddable":true,"href":"https:\/\/www.alchemillasapotek.com\/sv\/wp-json\/wp\/v2\/media\/254"}],"wp:attachment":[{"href":"https:\/\/www.alchemillasapotek.com\/sv\/wp-json\/wp\/v2\/media?parent=251"}],"wp:term":[{"taxonomy":"product_cat","embeddable":true,"href":"https:\/\/www.alchemillasapotek.com\/sv\/wp-json\/wp\/v2\/product_cat?post=251"},{"taxonomy":"product_tag","embeddable":true,"href":"https:\/\/www.alchemillasapotek.com\/sv\/wp-json\/wp\/v2\/product_tag?post=251"}],"curies":[{"name":"wp","href":"https:\/\/api.w.org\/{rel}","templated":true}]}}