{"id":264,"date":"2016-11-22T15:11:52","date_gmt":"2016-11-22T15:11:52","guid":{"rendered":"http:\/\/www.alchemillasapotek.com\/water-2\/singularspagyrictinctures\/filipendula-ulmaria\/"},"modified":"2017-01-14T13:55:26","modified_gmt":"2017-01-14T13:55:26","slug":"filipendula-ulmaria","status":"publish","type":"product","link":"https:\/\/www.alchemillasapotek.com\/sv\/water\/filipendula-ulmaria\/","title":{"rendered":"\u00c4lg\u00f6rt"},"content":{"rendered":"Spagyrisk tinktur av Filipendula Ulmaria.<\/p>\n<p>&nbsp;<\/p>\n<p>Kontraindikationer: Anv\u00e4nd inte om du har astma eller om du \u00e4r allergisk mot acetylsalicylsyra.<\/p>\n<p>Annars kan du ta 7-20 droppar direkt p\u00e5 tungan eller i lite te eller varmt vatten n\u00e4r det beh\u00f6vs.<\/p>\n<p>&nbsp;<\/p>\n<p>* Jag anser att en \u201cbieffekt\u201d \u00e4r en effekt. Det \u00e4r bara en effekt man inte \u00f6nskar.<\/p>\n<p><img loading=\"lazy\" class=\"alignnone size-large wp-image-265\" src=\"\/\/www.alchemillasapotek.com\/wp-content\/uploads\/2016\/11\/IMG_0447-1024x1024.jpg\" alt=\"Filipendula Ulmaria \" width=\"1024\" height=\"1024\" srcset=\"https:\/\/www.alchemillasapotek.com\/wp-content\/uploads\/2016\/11\/IMG_0447-1024x1024.jpg 1024w, https:\/\/www.alchemillasapotek.com\/wp-content\/uploads\/2016\/11\/IMG_0447-300x300.jpg 300w, https:\/\/www.alchemillasapotek.com\/wp-content\/uploads\/2016\/11\/IMG_0447-100x100.jpg 100w, https:\/\/www.alchemillasapotek.com\/wp-content\/uploads\/2016\/11\/IMG_0447-456x456.jpg 456w, https:\/\/www.alchemillasapotek.com\/wp-content\/uploads\/2016\/11\/IMG_0447-220x220.jpg 220w, https:\/\/www.alchemillasapotek.com\/wp-content\/uploads\/2016\/11\/IMG_0447-460x460.jpg 460w, https:\/\/www.alchemillasapotek.com\/wp-content\/uploads\/2016\/11\/IMG_0447-768x768.jpg 768w, https:\/\/www.alchemillasapotek.com\/wp-content\/uploads\/2016\/11\/IMG_0447-400x400.jpg 400w\" sizes=\"(max-width: 1024px) 100vw, 1024px\" \/> <img loading=\"lazy\" class=\"alignnone size-large wp-image-266\" src=\"\/\/www.alchemillasapotek.com\/wp-content\/uploads\/2016\/11\/IMG_0474-1024x1024.jpg\" alt=\"Filipendula Ulmaria \" width=\"1024\" height=\"1024\" srcset=\"https:\/\/www.alchemillasapotek.com\/wp-content\/uploads\/2016\/11\/IMG_0474-1024x1024.jpg 1024w, https:\/\/www.alchemillasapotek.com\/wp-content\/uploads\/2016\/11\/IMG_0474-300x300.jpg 300w, https:\/\/www.alchemillasapotek.com\/wp-content\/uploads\/2016\/11\/IMG_0474-100x100.jpg 100w, https:\/\/www.alchemillasapotek.com\/wp-content\/uploads\/2016\/11\/IMG_0474-456x456.jpg 456w, https:\/\/www.alchemillasapotek.com\/wp-content\/uploads\/2016\/11\/IMG_0474-220x220.jpg 220w, https:\/\/www.alchemillasapotek.com\/wp-content\/uploads\/2016\/11\/IMG_0474-460x460.jpg 460w, https:\/\/www.alchemillasapotek.com\/wp-content\/uploads\/2016\/11\/IMG_0474-768x768.jpg 768w, https:\/\/www.alchemillasapotek.com\/wp-content\/uploads\/2016\/11\/IMG_0474-400x400.jpg 400w\" sizes=\"(max-width: 1024px) 100vw, 1024px\" \/> <img loading=\"lazy\" class=\"alignnone size-large wp-image-267\" src=\"\/\/www.alchemillasapotek.com\/wp-content\/uploads\/2016\/11\/IMG_0483-1024x1024.jpg\" alt=\"Filipendula Ulmaria \" width=\"1024\" height=\"1024\" srcset=\"https:\/\/www.alchemillasapotek.com\/wp-content\/uploads\/2016\/11\/IMG_0483-1024x1024.jpg 1024w, https:\/\/www.alchemillasapotek.com\/wp-content\/uploads\/2016\/11\/IMG_0483-300x300.jpg 300w, https:\/\/www.alchemillasapotek.com\/wp-content\/uploads\/2016\/11\/IMG_0483-100x100.jpg 100w, https:\/\/www.alchemillasapotek.com\/wp-content\/uploads\/2016\/11\/IMG_0483-456x456.jpg 456w, https:\/\/www.alchemillasapotek.com\/wp-content\/uploads\/2016\/11\/IMG_0483-220x220.jpg 220w, https:\/\/www.alchemillasapotek.com\/wp-content\/uploads\/2016\/11\/IMG_0483-460x460.jpg 460w, https:\/\/www.alchemillasapotek.com\/wp-content\/uploads\/2016\/11\/IMG_0483-768x768.jpg 768w, https:\/\/www.alchemillasapotek.com\/wp-content\/uploads\/2016\/11\/IMG_0483-400x400.jpg 400w\" sizes=\"(max-width: 1024px) 100vw, 1024px\" \/>","protected":false},"excerpt":{"rendered":"<p>Druidernas aspirin.<\/p>\n<p><img loading=\"lazy\" class=\"alignnone size-full wp-image-244\" src=\"\/\/www.alchemillasapotek.com\/wp-content\/uploads\/2016\/11\/SST-Salt.png\" alt=\"Salt\" width=\"40\" height=\"40\" \/><\/p>\n<p>\u00c4lggr\u00e4s \u00e4r bra f\u00f6r mags\u00e5r, halsbr\u00e4nna, magkatarr och sura uppst\u00f6tningar. \u00c4lggr\u00e4s \u00e4r sammandragande och basiskt, och har anti-inflammatoriska och sm\u00e4rtstillande egenskaper. \u00c4lggr\u00e4s inneh\u00e5ller salicylsyra, vilket \u00e4r sm\u00e4rtstillande, s\u00e4rskilt l\u00e4mpad f\u00f6r stillast\u00e5ende sm\u00e4rta (p\u00e5 en best\u00e4md plats, eventuellt med en bultande k\u00e4nsla) och symtom som indikerar hetta i systemet. Lindrar muskelinflammation, huvudv\u00e4rk, ledv\u00e4rk, reumatisk v\u00e4rk, feber, mensv\u00e4rk och gikt.<\/p>\n<p><img loading=\"lazy\" class=\"alignnone size-full wp-image-223\" src=\"\/\/www.alchemillasapotek.com\/wp-content\/uploads\/2016\/11\/SST-Mercury.png\" alt=\"Mercury\" width=\"38\" height=\"50\" \/><\/p>\n<p>\u00c4lggr\u00e4s balanserar en d\u00e5ligt fungerande mage. Den reglerar syrabalansen och \u00e4r som sagt basisk. Den kyler ner inre hetta. Jag har m\u00e4rkt att man blir<\/p>\n<p>glad av den, d\u00e4rf\u00f6r tror jag att den \u00e4ven lindrar inre hetta i form av ilska.<\/p>\n<p>&nbsp;<\/p>\n<p><img loading=\"lazy\" class=\"alignnone size-full wp-image-245\" src=\"\/\/www.alchemillasapotek.com\/wp-content\/uploads\/2016\/11\/SST-Sulphur.png\" alt=\"Sulphur\" width=\"40\" height=\"40\" \/><\/p>\n<p>\u00c4lggr\u00e4s var ocks\u00e5 en helig \u00f6rt bland druider och det var en favorit\u00f6rt att str\u00f6 p\u00e5 de medeltida golven. Om det var fest str\u00f6ddes \u00e4lggr\u00e4s i festlokalerna som aromaterapi. Lukten \u00e4r mandelaktig och gl\u00e4djande. Aspirin \u00e4r designad efter \u00c4lggr\u00e4sets egenskaper, men man har endast tagit ut en del, salicylsyran. D\u00e4rf\u00f6r har aspirin bieffekten * att den inflammerar och irriterar magen medan \u00e4lggr\u00e4s ist\u00e4llet verkar kylande och lugnande f\u00f6r magen d\u00e4rf\u00f6r att salicylsyran \u00e4r endast en av dess egenskaper som bildar en synergi.&hellip; <a class=\"kt-excerpt-readmore\" href=\"https:\/\/www.alchemillasapotek.com\/sv\/water\/filipendula-ulmaria\/\" aria-label=\"\u00c4lg\u00f6rt\">Read More<\/a><\/p>\n","protected":false},"featured_media":268,"comment_status":"closed","ping_status":"closed","template":"","meta":[],"product_cat":[6,15],"product_tag":[64,74,73,70,65,72,71,78,76,77,75],"yoast_head":"<!-- This site is optimized with the Yoast SEO plugin v18.4.1 - https:\/\/yoast.com\/wordpress\/plugins\/seo\/ -->\n<title>\u00c4lg\u00f6rt ~ Alchemillas Apotek<\/title>\n<meta name=\"description\" content=\"Alchemillas Apotek: spagyric tinctures, hydrosols, services, and formulas. Please contact us for more information.\" \/>\n<meta name=\"robots\" content=\"index, follow, max-snippet:-1, max-image-preview:large, max-video-preview:-1\" \/>\n<link rel=\"canonical\" href=\"https:\/\/www.alchemillasapotek.com\/sv\/water\/filipendula-ulmaria\/\" \/>\n<meta property=\"og:locale\" content=\"en_US\" \/>\n<meta property=\"og:type\" content=\"article\" \/>\n<meta property=\"og:title\" content=\"[:en]Meadowsweet[:sv]\u00c4lg\u00f6rt[:] ~ Alchemillas Apotek\" \/>\n<meta property=\"og:description\" content=\"Alchemillas Apotek: spagyric tinctures, hydrosols, services, and formulas. Please contact us for more information.\" \/>\n<meta property=\"og:url\" content=\"https:\/\/www.alchemillasapotek.com\/sv\/water\/filipendula-ulmaria\/\" \/>\n<meta property=\"og:site_name\" content=\"Alchemillas Apotek\" \/>\n<meta property=\"article:publisher\" content=\"https:\/\/www.facebook.com\/AlchemillasApotek\/\" \/>\n<meta property=\"article:modified_time\" content=\"2017-01-14T13:55:26+00:00\" \/>\n<meta property=\"og:image\" content=\"https:\/\/www.alchemillasapotek.com\/wp-content\/uploads\/2016\/11\/IMG_1665.jpg\" \/>\n\t<meta property=\"og:image:width\" content=\"2448\" \/>\n\t<meta property=\"og:image:height\" content=\"2448\" \/>\n\t<meta property=\"og:image:type\" content=\"image\/jpeg\" \/>\n<meta name=\"twitter:card\" content=\"summary\" \/>\n<meta name=\"twitter:site\" content=\"@lisajeannin\" \/>\n<meta name=\"twitter:label1\" content=\"Est. reading time\" \/>\n\t<meta name=\"twitter:data1\" content=\"1 minute\" \/>\n<script type=\"application\/ld+json\" class=\"yoast-schema-graph\">{\"@context\":\"https:\/\/schema.org\",\"@graph\":[{\"@type\":\"Organization\",\"@id\":\"http:\/\/www.alchemillasapotek.com\/#organization\",\"name\":\"Alchemillas Apotek\",\"url\":\"http:\/\/www.alchemillasapotek.com\/\",\"sameAs\":[\"https:\/\/www.facebook.com\/AlchemillasApotek\/\",\"https:\/\/www.instagram.com\/alchemillasapotek\/\",\"https:\/\/twitter.com\/lisajeannin\"],\"logo\":{\"@type\":\"ImageObject\",\"@id\":\"http:\/\/www.alchemillasapotek.com\/#logo\",\"inLanguage\":\"sv-SV\",\"url\":\"https:\/\/www.alchemillasapotek.com\/wp-content\/uploads\/2016\/11\/Logo-AlchemillasApotek-homepage.png\",\"contentUrl\":\"https:\/\/www.alchemillasapotek.com\/wp-content\/uploads\/2016\/11\/Logo-AlchemillasApotek-homepage.png\",\"width\":592,\"height\":580,\"caption\":\"Alchemillas Apotek\"},\"image\":{\"@id\":\"http:\/\/www.alchemillasapotek.com\/#logo\"}},{\"@type\":\"WebSite\",\"@id\":\"http:\/\/www.alchemillasapotek.com\/#website\",\"url\":\"http:\/\/www.alchemillasapotek.com\/\",\"name\":\"Alchemillas Apotek\",\"description\":\"Spagyric Tinctures &amp; Initiatic Plantmedicine for vibrant health and spiritual evolution.\",\"publisher\":{\"@id\":\"http:\/\/www.alchemillasapotek.com\/#organization\"},\"potentialAction\":[{\"@type\":\"SearchAction\",\"target\":{\"@type\":\"EntryPoint\",\"urlTemplate\":\"http:\/\/www.alchemillasapotek.com\/?s={search_term_string}\"},\"query-input\":\"required name=search_term_string\"}],\"inLanguage\":\"sv-SV\"},{\"@type\":\"ImageObject\",\"@id\":\"https:\/\/www.alchemillasapotek.com\/sv\/water\/filipendula-ulmaria\/#primaryimage\",\"inLanguage\":\"sv-SV\",\"url\":\"https:\/\/www.alchemillasapotek.com\/wp-content\/uploads\/2016\/11\/IMG_1665.jpg\",\"contentUrl\":\"https:\/\/www.alchemillasapotek.com\/wp-content\/uploads\/2016\/11\/IMG_1665.jpg\",\"width\":2448,\"height\":2448,\"caption\":\"Filipendula Ulmaria\"},{\"@type\":\"WebPage\",\"@id\":\"https:\/\/www.alchemillasapotek.com\/sv\/water\/filipendula-ulmaria\/#webpage\",\"url\":\"https:\/\/www.alchemillasapotek.com\/sv\/water\/filipendula-ulmaria\/\",\"name\":\"[:en]Meadowsweet[:sv]\u00c4lg\u00f6rt[:] ~ Alchemillas Apotek\",\"isPartOf\":{\"@id\":\"http:\/\/www.alchemillasapotek.com\/#website\"},\"primaryImageOfPage\":{\"@id\":\"https:\/\/www.alchemillasapotek.com\/sv\/water\/filipendula-ulmaria\/#primaryimage\"},\"datePublished\":\"2016-11-22T15:11:52+00:00\",\"dateModified\":\"2017-01-14T13:55:26+00:00\",\"description\":\"Alchemillas Apotek: spagyric tinctures, hydrosols, services, and formulas. Please contact us for more information.\",\"breadcrumb\":{\"@id\":\"https:\/\/www.alchemillasapotek.com\/sv\/water\/filipendula-ulmaria\/#breadcrumb\"},\"inLanguage\":\"sv-SV\",\"potentialAction\":[{\"@type\":\"ReadAction\",\"target\":[\"https:\/\/www.alchemillasapotek.com\/sv\/water\/filipendula-ulmaria\/\"]}]},{\"@type\":\"BreadcrumbList\",\"@id\":\"https:\/\/www.alchemillasapotek.com\/sv\/water\/filipendula-ulmaria\/#breadcrumb\",\"itemListElement\":[{\"@type\":\"ListItem\",\"position\":1,\"name\":\"Home\",\"item\":\"http:\/\/www.alchemillasapotek.com\/\"},{\"@type\":\"ListItem\",\"position\":2,\"name\":\"Water\",\"item\":\"http:\/\/www.alchemillasapotek.com\/water\/\"},{\"@type\":\"ListItem\",\"position\":3,\"name\":\"\u00c4lg\u00f6rt\"}]}]}<\/script>\n<!-- \/ Yoast SEO plugin. -->","yoast_head_json":{"title":"[:en]Meadowsweet[:sv]\u00c4lg\u00f6rt[:] ~ Alchemillas Apotek","description":"Alchemillas Apotek: spagyric tinctures, hydrosols, services, and formulas. Please contact us for more information.","robots":{"index":"index","follow":"follow","max-snippet":"max-snippet:-1","max-image-preview":"max-image-preview:large","max-video-preview":"max-video-preview:-1"},"canonical":"https:\/\/www.alchemillasapotek.com\/sv\/water\/filipendula-ulmaria\/","og_locale":"en_US","og_type":"article","og_title":"[:en]Meadowsweet[:sv]\u00c4lg\u00f6rt[:] ~ Alchemillas Apotek","og_description":"Alchemillas Apotek: spagyric tinctures, hydrosols, services, and formulas. Please contact us for more information.","og_url":"https:\/\/www.alchemillasapotek.com\/sv\/water\/filipendula-ulmaria\/","og_site_name":"Alchemillas Apotek","article_publisher":"https:\/\/www.facebook.com\/AlchemillasApotek\/","article_modified_time":"2017-01-14T13:55:26+00:00","og_image":[{"width":2448,"height":2448,"url":"https:\/\/www.alchemillasapotek.com\/wp-content\/uploads\/2016\/11\/IMG_1665.jpg","type":"image\/jpeg"}],"twitter_card":"summary","twitter_site":"@lisajeannin","twitter_misc":{"Est. reading time":"1 minute"},"schema":{"@context":"https:\/\/schema.org","@graph":[{"@type":"Organization","@id":"http:\/\/www.alchemillasapotek.com\/#organization","name":"Alchemillas Apotek","url":"http:\/\/www.alchemillasapotek.com\/","sameAs":["https:\/\/www.facebook.com\/AlchemillasApotek\/","https:\/\/www.instagram.com\/alchemillasapotek\/","https:\/\/twitter.com\/lisajeannin"],"logo":{"@type":"ImageObject","@id":"http:\/\/www.alchemillasapotek.com\/#logo","inLanguage":"sv-SV","url":"https:\/\/www.alchemillasapotek.com\/wp-content\/uploads\/2016\/11\/Logo-AlchemillasApotek-homepage.png","contentUrl":"https:\/\/www.alchemillasapotek.com\/wp-content\/uploads\/2016\/11\/Logo-AlchemillasApotek-homepage.png","width":592,"height":580,"caption":"Alchemillas Apotek"},"image":{"@id":"http:\/\/www.alchemillasapotek.com\/#logo"}},{"@type":"WebSite","@id":"http:\/\/www.alchemillasapotek.com\/#website","url":"http:\/\/www.alchemillasapotek.com\/","name":"Alchemillas Apotek","description":"Spagyric Tinctures &amp; Initiatic Plantmedicine for vibrant health and spiritual evolution.","publisher":{"@id":"http:\/\/www.alchemillasapotek.com\/#organization"},"potentialAction":[{"@type":"SearchAction","target":{"@type":"EntryPoint","urlTemplate":"http:\/\/www.alchemillasapotek.com\/?s={search_term_string}"},"query-input":"required name=search_term_string"}],"inLanguage":"sv-SV"},{"@type":"ImageObject","@id":"https:\/\/www.alchemillasapotek.com\/sv\/water\/filipendula-ulmaria\/#primaryimage","inLanguage":"sv-SV","url":"https:\/\/www.alchemillasapotek.com\/wp-content\/uploads\/2016\/11\/IMG_1665.jpg","contentUrl":"https:\/\/www.alchemillasapotek.com\/wp-content\/uploads\/2016\/11\/IMG_1665.jpg","width":2448,"height":2448,"caption":"Filipendula Ulmaria"},{"@type":"WebPage","@id":"https:\/\/www.alchemillasapotek.com\/sv\/water\/filipendula-ulmaria\/#webpage","url":"https:\/\/www.alchemillasapotek.com\/sv\/water\/filipendula-ulmaria\/","name":"[:en]Meadowsweet[:sv]\u00c4lg\u00f6rt[:] ~ Alchemillas Apotek","isPartOf":{"@id":"http:\/\/www.alchemillasapotek.com\/#website"},"primaryImageOfPage":{"@id":"https:\/\/www.alchemillasapotek.com\/sv\/water\/filipendula-ulmaria\/#primaryimage"},"datePublished":"2016-11-22T15:11:52+00:00","dateModified":"2017-01-14T13:55:26+00:00","description":"Alchemillas Apotek: spagyric tinctures, hydrosols, services, and formulas. Please contact us for more information.","breadcrumb":{"@id":"https:\/\/www.alchemillasapotek.com\/sv\/water\/filipendula-ulmaria\/#breadcrumb"},"inLanguage":"sv-SV","potentialAction":[{"@type":"ReadAction","target":["https:\/\/www.alchemillasapotek.com\/sv\/water\/filipendula-ulmaria\/"]}]},{"@type":"BreadcrumbList","@id":"https:\/\/www.alchemillasapotek.com\/sv\/water\/filipendula-ulmaria\/#breadcrumb","itemListElement":[{"@type":"ListItem","position":1,"name":"Home","item":"http:\/\/www.alchemillasapotek.com\/"},{"@type":"ListItem","position":2,"name":"Water","item":"http:\/\/www.alchemillasapotek.com\/water\/"},{"@type":"ListItem","position":3,"name":"\u00c4lg\u00f6rt"}]}]}},"_links":{"self":[{"href":"https:\/\/www.alchemillasapotek.com\/sv\/wp-json\/wp\/v2\/product\/264"}],"collection":[{"href":"https:\/\/www.alchemillasapotek.com\/sv\/wp-json\/wp\/v2\/product"}],"about":[{"href":"https:\/\/www.alchemillasapotek.com\/sv\/wp-json\/wp\/v2\/types\/product"}],"replies":[{"embeddable":true,"href":"https:\/\/www.alchemillasapotek.com\/sv\/wp-json\/wp\/v2\/comments?post=264"}],"wp:featuredmedia":[{"embeddable":true,"href":"https:\/\/www.alchemillasapotek.com\/sv\/wp-json\/wp\/v2\/media\/268"}],"wp:attachment":[{"href":"https:\/\/www.alchemillasapotek.com\/sv\/wp-json\/wp\/v2\/media?parent=264"}],"wp:term":[{"taxonomy":"product_cat","embeddable":true,"href":"https:\/\/www.alchemillasapotek.com\/sv\/wp-json\/wp\/v2\/product_cat?post=264"},{"taxonomy":"product_tag","embeddable":true,"href":"https:\/\/www.alchemillasapotek.com\/sv\/wp-json\/wp\/v2\/product_tag?post=264"}],"curies":[{"name":"wp","href":"https:\/\/api.w.org\/{rel}","templated":true}]}}