{"id":346,"date":"2016-11-24T10:44:06","date_gmt":"2016-11-24T10:44:06","guid":{"rendered":"http:\/\/www.alchemillasapotek.com\/water-2\/singularspagyrictinctures\/agrimonia-eupatoria\/"},"modified":"2017-01-14T14:35:03","modified_gmt":"2017-01-14T14:35:03","slug":"agrimonia-eupatoria","status":"publish","type":"product","link":"https:\/\/www.alchemillasapotek.com\/sv\/water\/agrimonia-eupatoria\/","title":{"rendered":"Sm\u00e5borre"},"content":{"rendered":"<h5>Spagyrisk tinktur av Agrimonia Eupatoria.<\/h5>\n<p>Anv\u00e4nd ej om du tar receptbelagda mediciner vid diabetes.<\/p>\n<p>Ta 3-7 droppar i lite vatten, med f\u00f6rdel innan m\u00e5ltid.<\/p>\n<p><img loading=\"lazy\" class=\"alignnone size-large wp-image-348\" src=\"\/\/www.alchemillasapotek.com\/wp-content\/uploads\/2016\/11\/IMG_1066-1024x1024.jpg\" alt=\"Agrimonia Eupatoria\" width=\"1024\" height=\"1024\" srcset=\"https:\/\/www.alchemillasapotek.com\/wp-content\/uploads\/2016\/11\/IMG_1066-1024x1024.jpg 1024w, https:\/\/www.alchemillasapotek.com\/wp-content\/uploads\/2016\/11\/IMG_1066-300x300.jpg 300w, https:\/\/www.alchemillasapotek.com\/wp-content\/uploads\/2016\/11\/IMG_1066-100x100.jpg 100w, https:\/\/www.alchemillasapotek.com\/wp-content\/uploads\/2016\/11\/IMG_1066-456x456.jpg 456w, https:\/\/www.alchemillasapotek.com\/wp-content\/uploads\/2016\/11\/IMG_1066-220x220.jpg 220w, https:\/\/www.alchemillasapotek.com\/wp-content\/uploads\/2016\/11\/IMG_1066-460x460.jpg 460w, https:\/\/www.alchemillasapotek.com\/wp-content\/uploads\/2016\/11\/IMG_1066-768x768.jpg 768w, https:\/\/www.alchemillasapotek.com\/wp-content\/uploads\/2016\/11\/IMG_1066-400x400.jpg 400w\" sizes=\"(max-width: 1024px) 100vw, 1024px\" \/>","protected":false},"excerpt":{"rendered":"<p>&#8220;Torturedly cheerful&#8221;<\/p>\n<p>Torterat l\u00e4ttsam<\/p>\n<p><img loading=\"lazy\" class=\"alignnone size-full wp-image-244\" src=\"\/\/www.alchemillasapotek.com\/wp-content\/uploads\/2016\/11\/SST-Salt.png\" alt=\"Salt\" width=\"40\" height=\"40\" \/><\/p>\n<p>Toniserar och stramar \u00e5t kroppens v\u00e4vnader men anv\u00e4nds f\u00f6r att slappna av i v\u00e4vnaderna. Det \u00e4r det paradoxala som \u00e4r det magiska &#8211; vilket sm\u00e5borren delar med m\u00e5nga andra medicinalv\u00e4xter.<\/p>\n<p>Sp\u00e4nningstillst\u00e5nd s\u00e5 som spasmer i magen, sp\u00e4nningshuvudv\u00e4rk, mensv\u00e4rk som personen f\u00f6rs\u00f6ker att d\u00f6lja genom att l\u00e5tsas att allt \u00e4r ok :\u201cTorturedly cheerful\u201d<\/p>\n<p>Kan anv\u00e4ndas vid ont i ryggraden, influensa n\u00e4r man har ont i lederna<\/p>\n<p>Sm\u00e5borre \u00e4r \u00e4ven bra f\u00f6r njurarna och levern (indikation: fett och osm\u00e4lta matbitar i bajset), vid d\u00e5lig matsm\u00e4ltning, samt vid inkontinens, bl\u00e5skatarr, urinv\u00e4gsinfektion. Kan f\u00f6rebygga gall- och njursten.<\/p>\n<p><img loading=\"lazy\" class=\"alignnone size-full wp-image-223\" src=\"\/\/www.alchemillasapotek.com\/wp-content\/uploads\/2016\/11\/SST-Mercury.png\" alt=\"Mercury\" width=\"38\" height=\"50\" \/><\/p>\n<p>Sm\u00e5borre \u00e4r \u00f6verl\u00e4gsen vid sp\u00e4nningar och kramp och h\u00e4r menar jag b\u00e5de p\u00e5 ett fysiskt och ett psykologiskt plan. Sm\u00e5borre \u00e4r speciellt indikerad f\u00f6r den som f\u00f6rs\u00f6ker d\u00f6lja sm\u00e4rta med ett leende, bakom en sofistikerad och l\u00e4ttsam fasad. Matthew Wood (The Earthwise Herbal vol 1) anv\u00e4nder uttrycket \u201cTorturedly cheerful\u201d ( torterat l\u00e4ttsam) och det \u00e4r mycket passande.<\/p>\n<p><img loading=\"lazy\" class=\"alignnone size-full wp-image-245\" src=\"\/\/www.alchemillasapotek.com\/wp-content\/uploads\/2016\/11\/SST-Sulphur.png\" alt=\"Sulphur\" width=\"40\" height=\"40\" \/><\/p>\n<p>Sm\u00e5borre st\u00f6djer kontakten mellan hj\u00e4rnan och den andra hj\u00e4rnan, dvs bukhj\u00e4rnan, det enteriska systemet. Det handlar om att st\u00e4rka magk\u00e4nslan och \u00e4r bra f\u00f6r folk som f\u00e5r ont i magen av oro i samband n\u00e4r de \u00e4ter. F\u00f6r de som blir nerv\u00f6sa och sp\u00e4nda av sociala situationer och trycker ner k\u00e4nslor i magen. I magen produceras 80 % av seratoninet, vilket \u00e4r betydligt mer \u00e4n i hj\u00e4rnan. Man ska aldrig underskatta magk\u00e4nslan.&hellip; <a class=\"kt-excerpt-readmore\" href=\"https:\/\/www.alchemillasapotek.com\/sv\/water\/agrimonia-eupatoria\/\" aria-label=\"Sm\u00e5borre\">Read More<\/a><\/p>\n","protected":false},"featured_media":347,"comment_status":"closed","ping_status":"closed","template":"","meta":[],"product_cat":[6,13],"product_tag":[120,121,67,127,124,36,63,89,126,123,125,122],"yoast_head":"<!-- This site is optimized with the Yoast SEO plugin v18.4.1 - https:\/\/yoast.com\/wordpress\/plugins\/seo\/ -->\n<title>Sm\u00e5borre ~ Alchemillas Apotek<\/title>\n<meta name=\"description\" content=\"Alchemillas Apotek: spagyric tinctures, hydrosols, services, and formulas. Please contact us for more information.\" \/>\n<meta name=\"robots\" content=\"index, follow, max-snippet:-1, max-image-preview:large, max-video-preview:-1\" \/>\n<link rel=\"canonical\" href=\"https:\/\/www.alchemillasapotek.com\/sv\/water\/agrimonia-eupatoria\/\" \/>\n<meta property=\"og:locale\" content=\"en_US\" \/>\n<meta property=\"og:type\" content=\"article\" \/>\n<meta property=\"og:title\" content=\"[:en]Agrimony[:sv]Sm\u00e5borre[:] ~ Alchemillas Apotek\" \/>\n<meta property=\"og:description\" content=\"Alchemillas Apotek: spagyric tinctures, hydrosols, services, and formulas. Please contact us for more information.\" \/>\n<meta property=\"og:url\" content=\"https:\/\/www.alchemillasapotek.com\/sv\/water\/agrimonia-eupatoria\/\" \/>\n<meta property=\"og:site_name\" content=\"Alchemillas Apotek\" \/>\n<meta property=\"article:publisher\" content=\"https:\/\/www.facebook.com\/AlchemillasApotek\/\" \/>\n<meta property=\"article:modified_time\" content=\"2017-01-14T14:35:03+00:00\" \/>\n<meta property=\"og:image\" content=\"https:\/\/www.alchemillasapotek.com\/wp-content\/uploads\/2016\/11\/IMG_1681.jpg\" \/>\n\t<meta property=\"og:image:width\" content=\"2448\" \/>\n\t<meta property=\"og:image:height\" content=\"2448\" \/>\n\t<meta property=\"og:image:type\" content=\"image\/jpeg\" \/>\n<meta name=\"twitter:card\" content=\"summary\" \/>\n<meta name=\"twitter:site\" content=\"@lisajeannin\" \/>\n<script type=\"application\/ld+json\" class=\"yoast-schema-graph\">{\"@context\":\"https:\/\/schema.org\",\"@graph\":[{\"@type\":\"Organization\",\"@id\":\"http:\/\/www.alchemillasapotek.com\/#organization\",\"name\":\"Alchemillas Apotek\",\"url\":\"http:\/\/www.alchemillasapotek.com\/\",\"sameAs\":[\"https:\/\/www.facebook.com\/AlchemillasApotek\/\",\"https:\/\/www.instagram.com\/alchemillasapotek\/\",\"https:\/\/twitter.com\/lisajeannin\"],\"logo\":{\"@type\":\"ImageObject\",\"@id\":\"http:\/\/www.alchemillasapotek.com\/#logo\",\"inLanguage\":\"sv-SV\",\"url\":\"https:\/\/www.alchemillasapotek.com\/wp-content\/uploads\/2016\/11\/Logo-AlchemillasApotek-homepage.png\",\"contentUrl\":\"https:\/\/www.alchemillasapotek.com\/wp-content\/uploads\/2016\/11\/Logo-AlchemillasApotek-homepage.png\",\"width\":592,\"height\":580,\"caption\":\"Alchemillas Apotek\"},\"image\":{\"@id\":\"http:\/\/www.alchemillasapotek.com\/#logo\"}},{\"@type\":\"WebSite\",\"@id\":\"http:\/\/www.alchemillasapotek.com\/#website\",\"url\":\"http:\/\/www.alchemillasapotek.com\/\",\"name\":\"Alchemillas Apotek\",\"description\":\"Spagyric Tinctures &amp; Initiatic Plantmedicine for vibrant health and spiritual evolution.\",\"publisher\":{\"@id\":\"http:\/\/www.alchemillasapotek.com\/#organization\"},\"potentialAction\":[{\"@type\":\"SearchAction\",\"target\":{\"@type\":\"EntryPoint\",\"urlTemplate\":\"http:\/\/www.alchemillasapotek.com\/?s={search_term_string}\"},\"query-input\":\"required name=search_term_string\"}],\"inLanguage\":\"sv-SV\"},{\"@type\":\"ImageObject\",\"@id\":\"https:\/\/www.alchemillasapotek.com\/sv\/water\/agrimonia-eupatoria\/#primaryimage\",\"inLanguage\":\"sv-SV\",\"url\":\"https:\/\/www.alchemillasapotek.com\/wp-content\/uploads\/2016\/11\/IMG_1681.jpg\",\"contentUrl\":\"https:\/\/www.alchemillasapotek.com\/wp-content\/uploads\/2016\/11\/IMG_1681.jpg\",\"width\":2448,\"height\":2448,\"caption\":\"Agrimonia Eupatoria\"},{\"@type\":\"WebPage\",\"@id\":\"https:\/\/www.alchemillasapotek.com\/sv\/water\/agrimonia-eupatoria\/#webpage\",\"url\":\"https:\/\/www.alchemillasapotek.com\/sv\/water\/agrimonia-eupatoria\/\",\"name\":\"[:en]Agrimony[:sv]Sm\u00e5borre[:] ~ Alchemillas Apotek\",\"isPartOf\":{\"@id\":\"http:\/\/www.alchemillasapotek.com\/#website\"},\"primaryImageOfPage\":{\"@id\":\"https:\/\/www.alchemillasapotek.com\/sv\/water\/agrimonia-eupatoria\/#primaryimage\"},\"datePublished\":\"2016-11-24T10:44:06+00:00\",\"dateModified\":\"2017-01-14T14:35:03+00:00\",\"description\":\"Alchemillas Apotek: spagyric tinctures, hydrosols, services, and formulas. Please contact us for more information.\",\"breadcrumb\":{\"@id\":\"https:\/\/www.alchemillasapotek.com\/sv\/water\/agrimonia-eupatoria\/#breadcrumb\"},\"inLanguage\":\"sv-SV\",\"potentialAction\":[{\"@type\":\"ReadAction\",\"target\":[\"https:\/\/www.alchemillasapotek.com\/sv\/water\/agrimonia-eupatoria\/\"]}]},{\"@type\":\"BreadcrumbList\",\"@id\":\"https:\/\/www.alchemillasapotek.com\/sv\/water\/agrimonia-eupatoria\/#breadcrumb\",\"itemListElement\":[{\"@type\":\"ListItem\",\"position\":1,\"name\":\"Home\",\"item\":\"http:\/\/www.alchemillasapotek.com\/\"},{\"@type\":\"ListItem\",\"position\":2,\"name\":\"Water\",\"item\":\"https:\/\/www.alchemillasapotek.com\/water\/\"},{\"@type\":\"ListItem\",\"position\":3,\"name\":\"Sm\u00e5borre\"}]}]}<\/script>\n<!-- \/ Yoast SEO plugin. -->","yoast_head_json":{"title":"[:en]Agrimony[:sv]Sm\u00e5borre[:] ~ Alchemillas Apotek","description":"Alchemillas Apotek: spagyric tinctures, hydrosols, services, and formulas. Please contact us for more information.","robots":{"index":"index","follow":"follow","max-snippet":"max-snippet:-1","max-image-preview":"max-image-preview:large","max-video-preview":"max-video-preview:-1"},"canonical":"https:\/\/www.alchemillasapotek.com\/sv\/water\/agrimonia-eupatoria\/","og_locale":"en_US","og_type":"article","og_title":"[:en]Agrimony[:sv]Sm\u00e5borre[:] ~ Alchemillas Apotek","og_description":"Alchemillas Apotek: spagyric tinctures, hydrosols, services, and formulas. Please contact us for more information.","og_url":"https:\/\/www.alchemillasapotek.com\/sv\/water\/agrimonia-eupatoria\/","og_site_name":"Alchemillas Apotek","article_publisher":"https:\/\/www.facebook.com\/AlchemillasApotek\/","article_modified_time":"2017-01-14T14:35:03+00:00","og_image":[{"width":2448,"height":2448,"url":"https:\/\/www.alchemillasapotek.com\/wp-content\/uploads\/2016\/11\/IMG_1681.jpg","type":"image\/jpeg"}],"twitter_card":"summary","twitter_site":"@lisajeannin","schema":{"@context":"https:\/\/schema.org","@graph":[{"@type":"Organization","@id":"http:\/\/www.alchemillasapotek.com\/#organization","name":"Alchemillas Apotek","url":"http:\/\/www.alchemillasapotek.com\/","sameAs":["https:\/\/www.facebook.com\/AlchemillasApotek\/","https:\/\/www.instagram.com\/alchemillasapotek\/","https:\/\/twitter.com\/lisajeannin"],"logo":{"@type":"ImageObject","@id":"http:\/\/www.alchemillasapotek.com\/#logo","inLanguage":"sv-SV","url":"https:\/\/www.alchemillasapotek.com\/wp-content\/uploads\/2016\/11\/Logo-AlchemillasApotek-homepage.png","contentUrl":"https:\/\/www.alchemillasapotek.com\/wp-content\/uploads\/2016\/11\/Logo-AlchemillasApotek-homepage.png","width":592,"height":580,"caption":"Alchemillas Apotek"},"image":{"@id":"http:\/\/www.alchemillasapotek.com\/#logo"}},{"@type":"WebSite","@id":"http:\/\/www.alchemillasapotek.com\/#website","url":"http:\/\/www.alchemillasapotek.com\/","name":"Alchemillas Apotek","description":"Spagyric Tinctures &amp; Initiatic Plantmedicine for vibrant health and spiritual evolution.","publisher":{"@id":"http:\/\/www.alchemillasapotek.com\/#organization"},"potentialAction":[{"@type":"SearchAction","target":{"@type":"EntryPoint","urlTemplate":"http:\/\/www.alchemillasapotek.com\/?s={search_term_string}"},"query-input":"required name=search_term_string"}],"inLanguage":"sv-SV"},{"@type":"ImageObject","@id":"https:\/\/www.alchemillasapotek.com\/sv\/water\/agrimonia-eupatoria\/#primaryimage","inLanguage":"sv-SV","url":"https:\/\/www.alchemillasapotek.com\/wp-content\/uploads\/2016\/11\/IMG_1681.jpg","contentUrl":"https:\/\/www.alchemillasapotek.com\/wp-content\/uploads\/2016\/11\/IMG_1681.jpg","width":2448,"height":2448,"caption":"Agrimonia Eupatoria"},{"@type":"WebPage","@id":"https:\/\/www.alchemillasapotek.com\/sv\/water\/agrimonia-eupatoria\/#webpage","url":"https:\/\/www.alchemillasapotek.com\/sv\/water\/agrimonia-eupatoria\/","name":"[:en]Agrimony[:sv]Sm\u00e5borre[:] ~ Alchemillas Apotek","isPartOf":{"@id":"http:\/\/www.alchemillasapotek.com\/#website"},"primaryImageOfPage":{"@id":"https:\/\/www.alchemillasapotek.com\/sv\/water\/agrimonia-eupatoria\/#primaryimage"},"datePublished":"2016-11-24T10:44:06+00:00","dateModified":"2017-01-14T14:35:03+00:00","description":"Alchemillas Apotek: spagyric tinctures, hydrosols, services, and formulas. Please contact us for more information.","breadcrumb":{"@id":"https:\/\/www.alchemillasapotek.com\/sv\/water\/agrimonia-eupatoria\/#breadcrumb"},"inLanguage":"sv-SV","potentialAction":[{"@type":"ReadAction","target":["https:\/\/www.alchemillasapotek.com\/sv\/water\/agrimonia-eupatoria\/"]}]},{"@type":"BreadcrumbList","@id":"https:\/\/www.alchemillasapotek.com\/sv\/water\/agrimonia-eupatoria\/#breadcrumb","itemListElement":[{"@type":"ListItem","position":1,"name":"Home","item":"http:\/\/www.alchemillasapotek.com\/"},{"@type":"ListItem","position":2,"name":"Water","item":"https:\/\/www.alchemillasapotek.com\/water\/"},{"@type":"ListItem","position":3,"name":"Sm\u00e5borre"}]}]}},"_links":{"self":[{"href":"https:\/\/www.alchemillasapotek.com\/sv\/wp-json\/wp\/v2\/product\/346"}],"collection":[{"href":"https:\/\/www.alchemillasapotek.com\/sv\/wp-json\/wp\/v2\/product"}],"about":[{"href":"https:\/\/www.alchemillasapotek.com\/sv\/wp-json\/wp\/v2\/types\/product"}],"replies":[{"embeddable":true,"href":"https:\/\/www.alchemillasapotek.com\/sv\/wp-json\/wp\/v2\/comments?post=346"}],"wp:featuredmedia":[{"embeddable":true,"href":"https:\/\/www.alchemillasapotek.com\/sv\/wp-json\/wp\/v2\/media\/347"}],"wp:attachment":[{"href":"https:\/\/www.alchemillasapotek.com\/sv\/wp-json\/wp\/v2\/media?parent=346"}],"wp:term":[{"taxonomy":"product_cat","embeddable":true,"href":"https:\/\/www.alchemillasapotek.com\/sv\/wp-json\/wp\/v2\/product_cat?post=346"},{"taxonomy":"product_tag","embeddable":true,"href":"https:\/\/www.alchemillasapotek.com\/sv\/wp-json\/wp\/v2\/product_tag?post=346"}],"curies":[{"name":"wp","href":"https:\/\/api.w.org\/{rel}","templated":true}]}}