{"id":409,"date":"2016-11-25T17:13:32","date_gmt":"2016-11-25T17:13:32","guid":{"rendered":"http:\/\/www.alchemillasapotek.com\/?post_type=product&#038;p=409"},"modified":"2017-01-14T14:58:01","modified_gmt":"2017-01-14T14:58:01","slug":"4-elements","status":"publish","type":"product","link":"https:\/\/www.alchemillasapotek.com\/sv\/water\/4-elements\/","title":{"rendered":"4 Elementen"},"content":{"rendered":"<h3>Inre Eld<\/h3>\n<hr \/>\n<p><em>Eld * Sommar * S\u00f6der<\/em><\/p>\n<p>Spagyrisk tinktur av:<\/p>\n<p>Helig Basilika (Tulsi), johannes\u00f6rt, sibirisk ginseng, hagtornsb\u00e4r blomma och blad, lomatium, enb\u00e4r, amerikanskt peppartr\u00e4d och vit salvia.<\/p>\n<p>Hydrolat av johannes\u00f6rt.<\/p>\n<p>40 % ekologisk alkohol v\u00e4xternas extraherade mineralsalt.<\/p>\n<p>Alla v\u00e4xter \u00e4r ekologiskt odlade, samlade i naturen eller inhandlade av s\u00e4kra k\u00e4llor.<\/p>\n<p>Ta 3-7 droppar direkt p\u00e5 tungan eller i lite vatten.<\/p>\n<p>Skapat i ceremoni.<\/p>\n<p>&nbsp;<\/p>\n<p>&nbsp;<\/p>\n<h3>Frihet<\/h3>\n<hr \/>\n<p><em>Luft * V\u00e5r * \u00d6st<br \/>\n<\/em><\/p>\n<p>Spagyrisk tinktur av:<\/p>\n<p>Kungsljus, Olympus te, lavendel, bosyska, peppar och Marockansk mynta, fl\u00e4derblom.<\/p>\n<p>Hydrolat av pepparmynta.<\/p>\n<p>40 % ekologisk alkohol v\u00e4xternas extraherade mineralsalt.<\/p>\n<p>Alla v\u00e4xter \u00e4r ekologiskt odlade eller samlade i naturen.<\/p>\n<p>&nbsp;<\/p>\n<p>Skapat i ceremoni.<\/p>\n<p>&nbsp;<\/p>\n<p>&nbsp;<\/p>\n<h3>Fl\u00f6de<\/h3>\n<hr \/>\n<p><em>Vatten * H\u00f6st * V\u00e4st<\/em><\/p>\n<p>Spagyrisk tinktur av:<\/p>\n<p>Gr\u00e5bo, daggk\u00e5pa,vit pil, stens\u00f6ta, sn\u00e4rjm\u00e5ra.<\/p>\n<p>Hydrolat av sn\u00e4rjm\u00e5ra.<\/p>\n<p>40 % ekologisk alkohol v\u00e4xternas extraherade mineralsalt.<\/p>\n<p>Alla v\u00e4xter \u00e4r ekologiskt odlade eller samlade i naturen.<\/p>\n<p>Ta 3-7 droppar direkt p\u00e5 tungan eller i lite vatten.<\/p>\n<p>Skapat i ceremoni.<\/p>\n<p>&nbsp;<\/p>\n<p>&nbsp;<\/p>\n<h3>Rotad<\/h3>\n<hr \/>\n<p><em>Jord * Vinter * Norr<\/em><\/p>\n<p>Spagyrisk tinktur av:<\/p>\n<p>Hj\u00e4rtstilla, gr\u00e5bo, kvanne, vild ros, hagtornsb\u00e4r blomma och blad, thuja och chaga.<\/p>\n<p>Hydrolat av kvanne.<\/p>\n<p>40 % ekologisk alkohol v\u00e4xternas extraherade mineralsalt.<\/p>\n<p>Alla v\u00e4xter \u00e4r ekologiskt odlade, samlade i naturen eller inhandlade av s\u00e4kra k\u00e4llor.<\/p>\n<p>Ta 3-7 droppar direkt p\u00e5 tungan eller i lite vatten.<\/p>\n<p>Skapat i ceremoni.<\/p>\n<p>&nbsp;<\/p>\n<h3>Priser<\/h3>\n<hr \/>\n<p>500 kr + frakt f\u00f6r de 4 elementen. Annars 150 kr + frakt styckvis. Var v\u00e4nlig skriv vilket eller vilka element du vill best\u00e4lla. Du kan \u00e4ven best\u00e4lla via <a href=\"mailto:info@alchemillasapotek.com\">email<\/a>.<\/p>\n<hr \/>\n<p><em>Foto:\u00a0 Mieke Verbijlen.<\/em>","protected":false},"excerpt":{"rendered":"<p>Detta \u00e4r en serie spagyriska elixir dedikerade till de 4 elementen. Elementen \u00e4r v\u00e5rat universums byggstenar och allt levande \u00e4r skapat av elementen, inklusive du.<\/p>\n<p>&nbsp;<\/p>\n<h5>Medicinhjulet\u00a0 &#8211;\u00a0 4 element\u00e4ra elixir att arbeta med i cermoni<\/h5>\n<p>&nbsp;<\/p>\n<p>Skapa en personlig och universell ritual. Knyt an med elementen innom och utom dig sj\u00e4lv.<\/p>\n<p>&nbsp;<\/p>\n<p>Man kan till exampel t\u00e4nda ett ljus och knyta an med l\u00e5gan samtidigt som man tar eldens elixir och knyter an med sin inre l\u00e5ga. Man kan till exempel g\u00e5 till vattnet ute i naturen och ta vattnets elixir och knyta an med vattnets element, innom och utom sig sj\u00e4lv.<\/p>\n<p>Anv\u00e4nd din intuition och skapa dina egna ritualer.<\/p>\n<p>&nbsp;<\/p>\n<p>Man kan ta de olika elixiren under \u00e5rstiderna de har att g\u00f6ra med eller precis n\u00e4r man vill , n\u00e4r man har behov av inre eld, frihet, fl\u00f6de eller r\u00f6tter. Titlarna och nyckelorden kan ge dig ledtr\u00e5dar om vad elixiren handlar om.<\/p>\n<p>&nbsp;<\/p>\n<p>&nbsp;<\/p>\n<h5>Specialerbjudande<\/h5>\n<p>&nbsp;<\/p>\n<p>500 kr + frakt f\u00f6r alla elementen. Annars 150 kr + frakt styckvis. Var v\u00e4nlig skriv vilket eller vilka element du vill best\u00e4lla. Du kan \u00e4ven best\u00e4lla via <a href=\"mailto:info@alchemillasapotek.com\">email<\/a>.&hellip; <a class=\"kt-excerpt-readmore\" href=\"https:\/\/www.alchemillasapotek.com\/sv\/water\/4-elements\/\" aria-label=\"4 Elementen\">Read More<\/a><\/p>\n","protected":false},"featured_media":410,"comment_status":"closed","ping_status":"closed","template":"","meta":[],"product_cat":[7],"product_tag":[174,178,176,172,173,177,179,175],"yoast_head":"<!-- This site is optimized with the Yoast SEO plugin v18.4.1 - https:\/\/yoast.com\/wordpress\/plugins\/seo\/ -->\n<title>4 Elementen ~ Alchemillas Apotek<\/title>\n<meta name=\"description\" content=\"Alchemillas Apotek: spagyric tinctures, hydrosols, services, and formulas. Please contact us for more information.\" \/>\n<meta name=\"robots\" content=\"index, follow, max-snippet:-1, max-image-preview:large, max-video-preview:-1\" \/>\n<link rel=\"canonical\" href=\"https:\/\/www.alchemillasapotek.com\/sv\/water\/4-elements\/\" \/>\n<meta property=\"og:locale\" content=\"en_US\" \/>\n<meta property=\"og:type\" content=\"article\" \/>\n<meta property=\"og:title\" content=\"[:en]4 Elements[:sv]4 Elementen[:] ~ Alchemillas Apotek\" \/>\n<meta property=\"og:description\" content=\"Alchemillas Apotek: spagyric tinctures, hydrosols, services, and formulas. Please contact us for more information.\" \/>\n<meta property=\"og:url\" content=\"https:\/\/www.alchemillasapotek.com\/sv\/water\/4-elements\/\" \/>\n<meta property=\"og:site_name\" content=\"Alchemillas Apotek\" \/>\n<meta property=\"article:publisher\" content=\"https:\/\/www.facebook.com\/AlchemillasApotek\/\" \/>\n<meta property=\"article:modified_time\" content=\"2017-01-14T14:58:01+00:00\" \/>\n<meta property=\"og:image\" content=\"https:\/\/www.alchemillasapotek.com\/wp-content\/uploads\/2016\/11\/IMG_1696.jpg\" \/>\n\t<meta property=\"og:image:width\" content=\"658\" \/>\n\t<meta property=\"og:image:height\" content=\"658\" \/>\n\t<meta property=\"og:image:type\" content=\"image\/jpeg\" \/>\n<meta name=\"twitter:card\" content=\"summary\" \/>\n<meta name=\"twitter:site\" content=\"@lisajeannin\" \/>\n<meta name=\"twitter:label1\" content=\"Est. reading time\" \/>\n\t<meta name=\"twitter:data1\" content=\"3 minutes\" \/>\n<script type=\"application\/ld+json\" class=\"yoast-schema-graph\">{\"@context\":\"https:\/\/schema.org\",\"@graph\":[{\"@type\":\"Organization\",\"@id\":\"https:\/\/www.alchemillasapotek.com\/sv\/#organization\",\"name\":\"Alchemillas Apotek\",\"url\":\"https:\/\/www.alchemillasapotek.com\/sv\/\",\"sameAs\":[\"https:\/\/www.facebook.com\/AlchemillasApotek\/\",\"https:\/\/www.instagram.com\/alchemillasapotek\/\",\"https:\/\/twitter.com\/lisajeannin\"],\"logo\":{\"@type\":\"ImageObject\",\"@id\":\"https:\/\/www.alchemillasapotek.com\/sv\/#logo\",\"inLanguage\":\"sv-SV\",\"url\":\"https:\/\/www.alchemillasapotek.com\/wp-content\/uploads\/2016\/11\/Logo-AlchemillasApotek-homepage.png\",\"contentUrl\":\"https:\/\/www.alchemillasapotek.com\/wp-content\/uploads\/2016\/11\/Logo-AlchemillasApotek-homepage.png\",\"width\":592,\"height\":580,\"caption\":\"Alchemillas Apotek\"},\"image\":{\"@id\":\"https:\/\/www.alchemillasapotek.com\/sv\/#logo\"}},{\"@type\":\"WebSite\",\"@id\":\"https:\/\/www.alchemillasapotek.com\/sv\/#website\",\"url\":\"https:\/\/www.alchemillasapotek.com\/sv\/\",\"name\":\"Alchemillas Apotek\",\"description\":\"Spagyric Tinctures &amp; Initiatic Plantmedicine for vibrant health and spiritual evolution.\",\"publisher\":{\"@id\":\"https:\/\/www.alchemillasapotek.com\/sv\/#organization\"},\"potentialAction\":[{\"@type\":\"SearchAction\",\"target\":{\"@type\":\"EntryPoint\",\"urlTemplate\":\"https:\/\/www.alchemillasapotek.com\/sv\/?s={search_term_string}\"},\"query-input\":\"required name=search_term_string\"}],\"inLanguage\":\"sv-SV\"},{\"@type\":\"ImageObject\",\"@id\":\"https:\/\/www.alchemillasapotek.com\/sv\/water\/4-elements\/#primaryimage\",\"inLanguage\":\"sv-SV\",\"url\":\"https:\/\/www.alchemillasapotek.com\/wp-content\/uploads\/2016\/11\/IMG_1696.jpg\",\"contentUrl\":\"https:\/\/www.alchemillasapotek.com\/wp-content\/uploads\/2016\/11\/IMG_1696.jpg\",\"width\":658,\"height\":658,\"caption\":\"Alchemillas Apotek | hydrosols | 4 elements | photo by Mieke Verbijlen\"},{\"@type\":\"WebPage\",\"@id\":\"https:\/\/www.alchemillasapotek.com\/sv\/water\/4-elements\/#webpage\",\"url\":\"https:\/\/www.alchemillasapotek.com\/sv\/water\/4-elements\/\",\"name\":\"[:en]4 Elements[:sv]4 Elementen[:] ~ Alchemillas Apotek\",\"isPartOf\":{\"@id\":\"https:\/\/www.alchemillasapotek.com\/sv\/#website\"},\"primaryImageOfPage\":{\"@id\":\"https:\/\/www.alchemillasapotek.com\/sv\/water\/4-elements\/#primaryimage\"},\"datePublished\":\"2016-11-25T17:13:32+00:00\",\"dateModified\":\"2017-01-14T14:58:01+00:00\",\"description\":\"Alchemillas Apotek: spagyric tinctures, hydrosols, services, and formulas. Please contact us for more information.\",\"breadcrumb\":{\"@id\":\"https:\/\/www.alchemillasapotek.com\/sv\/water\/4-elements\/#breadcrumb\"},\"inLanguage\":\"sv-SV\",\"potentialAction\":[{\"@type\":\"ReadAction\",\"target\":[\"https:\/\/www.alchemillasapotek.com\/sv\/water\/4-elements\/\"]}]},{\"@type\":\"BreadcrumbList\",\"@id\":\"https:\/\/www.alchemillasapotek.com\/sv\/water\/4-elements\/#breadcrumb\",\"itemListElement\":[{\"@type\":\"ListItem\",\"position\":1,\"name\":\"Home\",\"item\":\"https:\/\/www.alchemillasapotek.com\/sv\/\"},{\"@type\":\"ListItem\",\"position\":2,\"name\":\"Water\",\"item\":\"http:\/\/www.alchemillasapotek.com\/water\/\"},{\"@type\":\"ListItem\",\"position\":3,\"name\":\"4 Elementen\"}]}]}<\/script>\n<!-- \/ Yoast SEO plugin. -->","yoast_head_json":{"title":"[:en]4 Elements[:sv]4 Elementen[:] ~ Alchemillas Apotek","description":"Alchemillas Apotek: spagyric tinctures, hydrosols, services, and formulas. Please contact us for more information.","robots":{"index":"index","follow":"follow","max-snippet":"max-snippet:-1","max-image-preview":"max-image-preview:large","max-video-preview":"max-video-preview:-1"},"canonical":"https:\/\/www.alchemillasapotek.com\/sv\/water\/4-elements\/","og_locale":"en_US","og_type":"article","og_title":"[:en]4 Elements[:sv]4 Elementen[:] ~ Alchemillas Apotek","og_description":"Alchemillas Apotek: spagyric tinctures, hydrosols, services, and formulas. Please contact us for more information.","og_url":"https:\/\/www.alchemillasapotek.com\/sv\/water\/4-elements\/","og_site_name":"Alchemillas Apotek","article_publisher":"https:\/\/www.facebook.com\/AlchemillasApotek\/","article_modified_time":"2017-01-14T14:58:01+00:00","og_image":[{"width":658,"height":658,"url":"https:\/\/www.alchemillasapotek.com\/wp-content\/uploads\/2016\/11\/IMG_1696.jpg","type":"image\/jpeg"}],"twitter_card":"summary","twitter_site":"@lisajeannin","twitter_misc":{"Est. reading time":"3 minutes"},"schema":{"@context":"https:\/\/schema.org","@graph":[{"@type":"Organization","@id":"https:\/\/www.alchemillasapotek.com\/sv\/#organization","name":"Alchemillas Apotek","url":"https:\/\/www.alchemillasapotek.com\/sv\/","sameAs":["https:\/\/www.facebook.com\/AlchemillasApotek\/","https:\/\/www.instagram.com\/alchemillasapotek\/","https:\/\/twitter.com\/lisajeannin"],"logo":{"@type":"ImageObject","@id":"https:\/\/www.alchemillasapotek.com\/sv\/#logo","inLanguage":"sv-SV","url":"https:\/\/www.alchemillasapotek.com\/wp-content\/uploads\/2016\/11\/Logo-AlchemillasApotek-homepage.png","contentUrl":"https:\/\/www.alchemillasapotek.com\/wp-content\/uploads\/2016\/11\/Logo-AlchemillasApotek-homepage.png","width":592,"height":580,"caption":"Alchemillas Apotek"},"image":{"@id":"https:\/\/www.alchemillasapotek.com\/sv\/#logo"}},{"@type":"WebSite","@id":"https:\/\/www.alchemillasapotek.com\/sv\/#website","url":"https:\/\/www.alchemillasapotek.com\/sv\/","name":"Alchemillas Apotek","description":"Spagyric Tinctures &amp; Initiatic Plantmedicine for vibrant health and spiritual evolution.","publisher":{"@id":"https:\/\/www.alchemillasapotek.com\/sv\/#organization"},"potentialAction":[{"@type":"SearchAction","target":{"@type":"EntryPoint","urlTemplate":"https:\/\/www.alchemillasapotek.com\/sv\/?s={search_term_string}"},"query-input":"required name=search_term_string"}],"inLanguage":"sv-SV"},{"@type":"ImageObject","@id":"https:\/\/www.alchemillasapotek.com\/sv\/water\/4-elements\/#primaryimage","inLanguage":"sv-SV","url":"https:\/\/www.alchemillasapotek.com\/wp-content\/uploads\/2016\/11\/IMG_1696.jpg","contentUrl":"https:\/\/www.alchemillasapotek.com\/wp-content\/uploads\/2016\/11\/IMG_1696.jpg","width":658,"height":658,"caption":"Alchemillas Apotek | hydrosols | 4 elements | photo by Mieke Verbijlen"},{"@type":"WebPage","@id":"https:\/\/www.alchemillasapotek.com\/sv\/water\/4-elements\/#webpage","url":"https:\/\/www.alchemillasapotek.com\/sv\/water\/4-elements\/","name":"[:en]4 Elements[:sv]4 Elementen[:] ~ Alchemillas Apotek","isPartOf":{"@id":"https:\/\/www.alchemillasapotek.com\/sv\/#website"},"primaryImageOfPage":{"@id":"https:\/\/www.alchemillasapotek.com\/sv\/water\/4-elements\/#primaryimage"},"datePublished":"2016-11-25T17:13:32+00:00","dateModified":"2017-01-14T14:58:01+00:00","description":"Alchemillas Apotek: spagyric tinctures, hydrosols, services, and formulas. Please contact us for more information.","breadcrumb":{"@id":"https:\/\/www.alchemillasapotek.com\/sv\/water\/4-elements\/#breadcrumb"},"inLanguage":"sv-SV","potentialAction":[{"@type":"ReadAction","target":["https:\/\/www.alchemillasapotek.com\/sv\/water\/4-elements\/"]}]},{"@type":"BreadcrumbList","@id":"https:\/\/www.alchemillasapotek.com\/sv\/water\/4-elements\/#breadcrumb","itemListElement":[{"@type":"ListItem","position":1,"name":"Home","item":"https:\/\/www.alchemillasapotek.com\/sv\/"},{"@type":"ListItem","position":2,"name":"Water","item":"http:\/\/www.alchemillasapotek.com\/water\/"},{"@type":"ListItem","position":3,"name":"4 Elementen"}]}]}},"_links":{"self":[{"href":"https:\/\/www.alchemillasapotek.com\/sv\/wp-json\/wp\/v2\/product\/409"}],"collection":[{"href":"https:\/\/www.alchemillasapotek.com\/sv\/wp-json\/wp\/v2\/product"}],"about":[{"href":"https:\/\/www.alchemillasapotek.com\/sv\/wp-json\/wp\/v2\/types\/product"}],"replies":[{"embeddable":true,"href":"https:\/\/www.alchemillasapotek.com\/sv\/wp-json\/wp\/v2\/comments?post=409"}],"wp:featuredmedia":[{"embeddable":true,"href":"https:\/\/www.alchemillasapotek.com\/sv\/wp-json\/wp\/v2\/media\/410"}],"wp:attachment":[{"href":"https:\/\/www.alchemillasapotek.com\/sv\/wp-json\/wp\/v2\/media?parent=409"}],"wp:term":[{"taxonomy":"product_cat","embeddable":true,"href":"https:\/\/www.alchemillasapotek.com\/sv\/wp-json\/wp\/v2\/product_cat?post=409"},{"taxonomy":"product_tag","embeddable":true,"href":"https:\/\/www.alchemillasapotek.com\/sv\/wp-json\/wp\/v2\/product_tag?post=409"}],"curies":[{"name":"wp","href":"https:\/\/api.w.org\/{rel}","templated":true}]}}