{"id":426,"date":"2016-11-28T07:58:44","date_gmt":"2016-11-28T07:58:44","guid":{"rendered":"http:\/\/www.alchemillasapotek.com\/?post_type=product&#038;p=426"},"modified":"2017-12-01T09:37:29","modified_gmt":"2017-12-01T09:37:29","slug":"avena-sativa","status":"publish","type":"product","link":"https:\/\/www.alchemillasapotek.com\/sv\/water\/avena-sativa\/","title":{"rendered":"Havre"},"content":{"rendered":"<h5>Spagyrisk tinktur av Avena Sativa.<\/h5>\n<p>Ta 7-20 droppar 1-3 g\u00e5nger per dag i lite varmt vatten. Kombineras mycket bra med gotu kola, johannes\u00f6rt eller fross\u00f6rt.<\/p>\n<p>M\u00e5nga k\u00e4llor h\u00e4nvisar till att att man ej b\u00f6r ta mj\u00f6lkig havre vid glutenallergi, men att det ofta fungerar vid glutenintolerans. Anv\u00e4nd ditt eget omd\u00f6mme.<\/p>\n<p>&nbsp;<\/p>\n<p><img loading=\"lazy\" class=\"alignnone wp-image-1551 \" src=\"\/\/www.alchemillasapotek.com\/wp-content\/uploads\/2016\/11\/20228695_1539649412758640_837304959510361715_n.jpg\" alt=\"\" width=\"639\" height=\"639\" srcset=\"https:\/\/www.alchemillasapotek.com\/wp-content\/uploads\/2016\/11\/20228695_1539649412758640_837304959510361715_n.jpg 640w, https:\/\/www.alchemillasapotek.com\/wp-content\/uploads\/2016\/11\/20228695_1539649412758640_837304959510361715_n-300x300.jpg 300w, https:\/\/www.alchemillasapotek.com\/wp-content\/uploads\/2016\/11\/20228695_1539649412758640_837304959510361715_n-100x100.jpg 100w, https:\/\/www.alchemillasapotek.com\/wp-content\/uploads\/2016\/11\/20228695_1539649412758640_837304959510361715_n-456x456.jpg 456w, https:\/\/www.alchemillasapotek.com\/wp-content\/uploads\/2016\/11\/20228695_1539649412758640_837304959510361715_n-220x220.jpg 220w, https:\/\/www.alchemillasapotek.com\/wp-content\/uploads\/2016\/11\/20228695_1539649412758640_837304959510361715_n-460x460.jpg 460w\" sizes=\"(max-width: 639px) 100vw, 639px\" \/> <img loading=\"lazy\" class=\"alignnone wp-image-1552 size-full\" src=\"\/\/www.alchemillasapotek.com\/wp-content\/uploads\/2016\/11\/19665228_1526119324111649_7417919017222982176_n.jpg\" alt=\"\" width=\"960\" height=\"960\" srcset=\"https:\/\/www.alchemillasapotek.com\/wp-content\/uploads\/2016\/11\/19665228_1526119324111649_7417919017222982176_n.jpg 960w, https:\/\/www.alchemillasapotek.com\/wp-content\/uploads\/2016\/11\/19665228_1526119324111649_7417919017222982176_n-300x300.jpg 300w, https:\/\/www.alchemillasapotek.com\/wp-content\/uploads\/2016\/11\/19665228_1526119324111649_7417919017222982176_n-100x100.jpg 100w, https:\/\/www.alchemillasapotek.com\/wp-content\/uploads\/2016\/11\/19665228_1526119324111649_7417919017222982176_n-456x456.jpg 456w, https:\/\/www.alchemillasapotek.com\/wp-content\/uploads\/2016\/11\/19665228_1526119324111649_7417919017222982176_n-220x220.jpg 220w, https:\/\/www.alchemillasapotek.com\/wp-content\/uploads\/2016\/11\/19665228_1526119324111649_7417919017222982176_n-460x460.jpg 460w, https:\/\/www.alchemillasapotek.com\/wp-content\/uploads\/2016\/11\/19665228_1526119324111649_7417919017222982176_n-768x768.jpg 768w\" sizes=\"(max-width: 960px) 100vw, 960px\" \/><\/p>\n<p><img loading=\"lazy\" class=\"alignnone size-large wp-image-428\" src=\"\/\/www.alchemillasapotek.com\/wp-content\/uploads\/2016\/11\/milky-oats-1024x1024.jpg\" alt=\"Avena Sativa\" width=\"1024\" height=\"1024\" \/>","protected":false},"excerpt":{"rendered":"<blockquote><p>\u201cJoy all creatures drink<br \/>\nAt nature&#8217;s bosoms&#8230;\u201d ~ Friedrich von Schiller<\/p><\/blockquote>\n<p><img loading=\"lazy\" class=\"alignnone size-full wp-image-244\" src=\"\/\/www.alchemillasapotek.com\/wp-content\/uploads\/2016\/11\/SST-Salt.png\" alt=\"Salt\" width=\"40\" height=\"40\" \/><\/p>\n<p>Havren sk\u00f6rdas i mj\u00f6lkigt stadium. D\u00e5 \u00e4r axet gr\u00f6nt inneh\u00e5llandes en mycket n\u00e4rande vit mj\u00f6lkig substans. Denna mj\u00f6lk \u00e4r s\u00e4rskilt n\u00e4rande f\u00f6r nerverna. Den \u00e4r djupt helande f\u00f6r utbr\u00e4nda personer. Den \u00e4r n\u00e4rande f\u00f6r nerverna i hj\u00e4rnan, och \u00e4r \u00e4ven bra f\u00f6r en kraschad mage, till exampel om man hamnat i obalans efter en antibiotikakur. Mj\u00f6lkig havre \u00e4r \u00e4ven bra f\u00f6r undern\u00e4rda personer eller f\u00f6r de med intoleranser. Mj\u00f6lkig havre \u00e4r trophorestorativ, det vill s\u00e4ga den ger n\u00e4ring och st\u00f6d att bygga upp en ny energireserv.<\/p>\n<p>&nbsp;<\/p>\n<p><img loading=\"lazy\" class=\"alignnone size-full wp-image-223\" src=\"\/\/www.alchemillasapotek.com\/wp-content\/uploads\/2016\/11\/SST-Mercury.png\" alt=\"Mercury\" width=\"38\" height=\"50\" \/><\/p>\n<p>En utbr\u00e4nd person beh\u00f6ver vila. Adaptogener \u00e4r inte v\u00e4gen att ta f\u00f6r att &#8220;komma tillbaka&#8221; f\u00f6r att orka med samma stress som skapade kollapsen. En utbr\u00e4nd person beh\u00f6ver n\u00e4ra sin kropp, ande och sj\u00e4l f\u00f6r att orka hantera livet med ett inre lugn.\u00a0 Att k\u00e4nna sig f\u00f6rankrad och att ha kontakt med sig sj\u00e4lv f\u00f6r att veta n\u00e4r man b\u00f6r sakta ner p\u00e5 tempot och hur man klokare prioriterar. Mj\u00f6lkig havre \u00e4r idealiskt f\u00f6r de som har \u00f6veraktiva kronchakran vilket kan yttra sig i nervositet, \u00e5ngest och h\u00f6gk\u00e4nslighet. Mj\u00f6lkig havre kan \u00e4ven hj\u00e4lpa vid depression.<\/p>\n<p><img loading=\"lazy\" class=\"alignnone size-full wp-image-245\" src=\"\/\/www.alchemillasapotek.com\/wp-content\/uploads\/2016\/11\/SST-Sulphur.png\" alt=\"Sulphur\" width=\"40\" height=\"40\" \/><\/p>\n<p>Mj\u00f6lkig havre ger energi som byggs upp undan f\u00f6r undan samtidigt som den n\u00e4r hela kroppen parallellt.<\/p>\n<p>&nbsp;<\/p>\n<p>Mj\u00f6lkig havre hj\u00e4lper ofta de med beroendeproblematik, vilket ofta har att g\u00f6ra med att man \u00e4r undern\u00e4rd p\u00e5 ett sj\u00e4lsligt plan, man tror att man saknar n\u00e5gonting f\u00f6r att vara tillfredst\u00e4lld utan sitt beroende och f\u00e5r f\u00f6r sig att det inte finns n\u00e4ring f\u00f6r en p\u00e5 andra vis.<\/p>\n<p>Den hj\u00e4lper mot s\u00e5v\u00e4l fysisk som psykisk tr\u00f6tthet.<\/p>\n<p>Det \u00e4r som att metaforiskt dia dirrekt fr\u00e5n Moder Jord.&hellip; <a class=\"kt-excerpt-readmore\" href=\"https:\/\/www.alchemillasapotek.com\/sv\/water\/avena-sativa\/\" aria-label=\"Havre\">Read More<\/a><\/p>\n","protected":false},"featured_media":427,"comment_status":"closed","ping_status":"closed","template":"","meta":[],"product_cat":[6,18],"product_tag":[189,180,188,190,36,182,181,134,183,185,187,186,184],"yoast_head":"<!-- This site is optimized with the Yoast SEO plugin v18.4.1 - https:\/\/yoast.com\/wordpress\/plugins\/seo\/ -->\n<title>Havre ~ Alchemillas Apotek<\/title>\n<meta name=\"description\" content=\"Alchemillas Apotek: spagyric tinctures, hydrosols, services, and formulas. Please contact us for more information.\" \/>\n<meta name=\"robots\" content=\"index, follow, max-snippet:-1, max-image-preview:large, max-video-preview:-1\" \/>\n<link rel=\"canonical\" href=\"https:\/\/www.alchemillasapotek.com\/water\/avena-sativa\/\" \/>\n<meta property=\"og:locale\" content=\"en_US\" \/>\n<meta property=\"og:type\" content=\"article\" \/>\n<meta property=\"og:title\" content=\"[:en]Milky Oats[:sv]Havre[:] ~ Alchemillas Apotek\" \/>\n<meta property=\"og:description\" content=\"Alchemillas Apotek: spagyric tinctures, hydrosols, services, and formulas. Please contact us for more information.\" \/>\n<meta property=\"og:url\" content=\"https:\/\/www.alchemillasapotek.com\/water\/avena-sativa\/\" \/>\n<meta property=\"og:site_name\" content=\"Alchemillas Apotek\" \/>\n<meta property=\"article:publisher\" content=\"https:\/\/www.facebook.com\/AlchemillasApotek\/\" \/>\n<meta property=\"article:modified_time\" content=\"2017-12-01T09:37:29+00:00\" \/>\n<meta property=\"og:image\" content=\"https:\/\/www.alchemillasapotek.com\/wp-content\/uploads\/2016\/11\/IMG_1739-e1480319892583.jpg\" \/>\n\t<meta property=\"og:image:width\" content=\"1200\" \/>\n\t<meta property=\"og:image:height\" content=\"1200\" \/>\n\t<meta property=\"og:image:type\" content=\"image\/jpeg\" \/>\n<meta name=\"twitter:card\" content=\"summary\" \/>\n<meta name=\"twitter:site\" content=\"@lisajeannin\" \/>\n<meta name=\"twitter:label1\" content=\"Est. reading time\" \/>\n\t<meta name=\"twitter:data1\" content=\"1 minute\" \/>\n<script type=\"application\/ld+json\" class=\"yoast-schema-graph\">{\"@context\":\"https:\/\/schema.org\",\"@graph\":[{\"@type\":\"Organization\",\"@id\":\"https:\/\/www.alchemillasapotek.com\/#organization\",\"name\":\"Alchemillas Apotek\",\"url\":\"https:\/\/www.alchemillasapotek.com\/\",\"sameAs\":[\"https:\/\/www.facebook.com\/AlchemillasApotek\/\",\"https:\/\/www.instagram.com\/alchemillasapotek\/\",\"https:\/\/twitter.com\/lisajeannin\"],\"logo\":{\"@type\":\"ImageObject\",\"@id\":\"https:\/\/www.alchemillasapotek.com\/#logo\",\"inLanguage\":\"sv-SV\",\"url\":\"https:\/\/www.alchemillasapotek.com\/wp-content\/uploads\/2016\/11\/Logo-AlchemillasApotek-homepage.png\",\"contentUrl\":\"https:\/\/www.alchemillasapotek.com\/wp-content\/uploads\/2016\/11\/Logo-AlchemillasApotek-homepage.png\",\"width\":592,\"height\":580,\"caption\":\"Alchemillas Apotek\"},\"image\":{\"@id\":\"https:\/\/www.alchemillasapotek.com\/#logo\"}},{\"@type\":\"WebSite\",\"@id\":\"https:\/\/www.alchemillasapotek.com\/#website\",\"url\":\"https:\/\/www.alchemillasapotek.com\/\",\"name\":\"Alchemillas Apotek\",\"description\":\"Spagyric Tinctures &amp; Initiatic Plantmedicine for vibrant health and spiritual evolution.\",\"publisher\":{\"@id\":\"https:\/\/www.alchemillasapotek.com\/#organization\"},\"potentialAction\":[{\"@type\":\"SearchAction\",\"target\":{\"@type\":\"EntryPoint\",\"urlTemplate\":\"https:\/\/www.alchemillasapotek.com\/?s={search_term_string}\"},\"query-input\":\"required name=search_term_string\"}],\"inLanguage\":\"sv-SV\"},{\"@type\":\"ImageObject\",\"@id\":\"https:\/\/www.alchemillasapotek.com\/water\/avena-sativa\/#primaryimage\",\"inLanguage\":\"sv-SV\",\"url\":\"https:\/\/www.alchemillasapotek.com\/wp-content\/uploads\/2016\/11\/IMG_1739-e1480319892583.jpg\",\"contentUrl\":\"https:\/\/www.alchemillasapotek.com\/wp-content\/uploads\/2016\/11\/IMG_1739-e1480319892583.jpg\",\"width\":1200,\"height\":1200,\"caption\":\"Avena Sativa\"},{\"@type\":\"WebPage\",\"@id\":\"https:\/\/www.alchemillasapotek.com\/water\/avena-sativa\/#webpage\",\"url\":\"https:\/\/www.alchemillasapotek.com\/water\/avena-sativa\/\",\"name\":\"[:en]Milky Oats[:sv]Havre[:] ~ Alchemillas Apotek\",\"isPartOf\":{\"@id\":\"https:\/\/www.alchemillasapotek.com\/#website\"},\"primaryImageOfPage\":{\"@id\":\"https:\/\/www.alchemillasapotek.com\/water\/avena-sativa\/#primaryimage\"},\"datePublished\":\"2016-11-28T07:58:44+00:00\",\"dateModified\":\"2017-12-01T09:37:29+00:00\",\"description\":\"Alchemillas Apotek: spagyric tinctures, hydrosols, services, and formulas. Please contact us for more information.\",\"breadcrumb\":{\"@id\":\"https:\/\/www.alchemillasapotek.com\/water\/avena-sativa\/#breadcrumb\"},\"inLanguage\":\"sv-SV\",\"potentialAction\":[{\"@type\":\"ReadAction\",\"target\":[\"https:\/\/www.alchemillasapotek.com\/water\/avena-sativa\/\"]}]},{\"@type\":\"BreadcrumbList\",\"@id\":\"https:\/\/www.alchemillasapotek.com\/water\/avena-sativa\/#breadcrumb\",\"itemListElement\":[{\"@type\":\"ListItem\",\"position\":1,\"name\":\"Home\",\"item\":\"https:\/\/www.alchemillasapotek.com\/\"},{\"@type\":\"ListItem\",\"position\":2,\"name\":\"Water\",\"item\":\"http:\/\/www.alchemillasapotek.com\/water\/\"},{\"@type\":\"ListItem\",\"position\":3,\"name\":\"Milky Oats\"}]}]}<\/script>\n<!-- \/ Yoast SEO plugin. -->","yoast_head_json":{"title":"[:en]Milky Oats[:sv]Havre[:] ~ Alchemillas Apotek","description":"Alchemillas Apotek: spagyric tinctures, hydrosols, services, and formulas. Please contact us for more information.","robots":{"index":"index","follow":"follow","max-snippet":"max-snippet:-1","max-image-preview":"max-image-preview:large","max-video-preview":"max-video-preview:-1"},"canonical":"https:\/\/www.alchemillasapotek.com\/water\/avena-sativa\/","og_locale":"en_US","og_type":"article","og_title":"[:en]Milky Oats[:sv]Havre[:] ~ Alchemillas Apotek","og_description":"Alchemillas Apotek: spagyric tinctures, hydrosols, services, and formulas. Please contact us for more information.","og_url":"https:\/\/www.alchemillasapotek.com\/water\/avena-sativa\/","og_site_name":"Alchemillas Apotek","article_publisher":"https:\/\/www.facebook.com\/AlchemillasApotek\/","article_modified_time":"2017-12-01T09:37:29+00:00","og_image":[{"width":1200,"height":1200,"url":"https:\/\/www.alchemillasapotek.com\/wp-content\/uploads\/2016\/11\/IMG_1739-e1480319892583.jpg","type":"image\/jpeg"}],"twitter_card":"summary","twitter_site":"@lisajeannin","twitter_misc":{"Est. reading time":"1 minute"},"schema":{"@context":"https:\/\/schema.org","@graph":[{"@type":"Organization","@id":"https:\/\/www.alchemillasapotek.com\/#organization","name":"Alchemillas Apotek","url":"https:\/\/www.alchemillasapotek.com\/","sameAs":["https:\/\/www.facebook.com\/AlchemillasApotek\/","https:\/\/www.instagram.com\/alchemillasapotek\/","https:\/\/twitter.com\/lisajeannin"],"logo":{"@type":"ImageObject","@id":"https:\/\/www.alchemillasapotek.com\/#logo","inLanguage":"sv-SV","url":"https:\/\/www.alchemillasapotek.com\/wp-content\/uploads\/2016\/11\/Logo-AlchemillasApotek-homepage.png","contentUrl":"https:\/\/www.alchemillasapotek.com\/wp-content\/uploads\/2016\/11\/Logo-AlchemillasApotek-homepage.png","width":592,"height":580,"caption":"Alchemillas Apotek"},"image":{"@id":"https:\/\/www.alchemillasapotek.com\/#logo"}},{"@type":"WebSite","@id":"https:\/\/www.alchemillasapotek.com\/#website","url":"https:\/\/www.alchemillasapotek.com\/","name":"Alchemillas Apotek","description":"Spagyric Tinctures &amp; Initiatic Plantmedicine for vibrant health and spiritual evolution.","publisher":{"@id":"https:\/\/www.alchemillasapotek.com\/#organization"},"potentialAction":[{"@type":"SearchAction","target":{"@type":"EntryPoint","urlTemplate":"https:\/\/www.alchemillasapotek.com\/?s={search_term_string}"},"query-input":"required name=search_term_string"}],"inLanguage":"sv-SV"},{"@type":"ImageObject","@id":"https:\/\/www.alchemillasapotek.com\/water\/avena-sativa\/#primaryimage","inLanguage":"sv-SV","url":"https:\/\/www.alchemillasapotek.com\/wp-content\/uploads\/2016\/11\/IMG_1739-e1480319892583.jpg","contentUrl":"https:\/\/www.alchemillasapotek.com\/wp-content\/uploads\/2016\/11\/IMG_1739-e1480319892583.jpg","width":1200,"height":1200,"caption":"Avena Sativa"},{"@type":"WebPage","@id":"https:\/\/www.alchemillasapotek.com\/water\/avena-sativa\/#webpage","url":"https:\/\/www.alchemillasapotek.com\/water\/avena-sativa\/","name":"[:en]Milky Oats[:sv]Havre[:] ~ Alchemillas Apotek","isPartOf":{"@id":"https:\/\/www.alchemillasapotek.com\/#website"},"primaryImageOfPage":{"@id":"https:\/\/www.alchemillasapotek.com\/water\/avena-sativa\/#primaryimage"},"datePublished":"2016-11-28T07:58:44+00:00","dateModified":"2017-12-01T09:37:29+00:00","description":"Alchemillas Apotek: spagyric tinctures, hydrosols, services, and formulas. Please contact us for more information.","breadcrumb":{"@id":"https:\/\/www.alchemillasapotek.com\/water\/avena-sativa\/#breadcrumb"},"inLanguage":"sv-SV","potentialAction":[{"@type":"ReadAction","target":["https:\/\/www.alchemillasapotek.com\/water\/avena-sativa\/"]}]},{"@type":"BreadcrumbList","@id":"https:\/\/www.alchemillasapotek.com\/water\/avena-sativa\/#breadcrumb","itemListElement":[{"@type":"ListItem","position":1,"name":"Home","item":"https:\/\/www.alchemillasapotek.com\/"},{"@type":"ListItem","position":2,"name":"Water","item":"http:\/\/www.alchemillasapotek.com\/water\/"},{"@type":"ListItem","position":3,"name":"Milky Oats"}]}]}},"_links":{"self":[{"href":"https:\/\/www.alchemillasapotek.com\/sv\/wp-json\/wp\/v2\/product\/426"}],"collection":[{"href":"https:\/\/www.alchemillasapotek.com\/sv\/wp-json\/wp\/v2\/product"}],"about":[{"href":"https:\/\/www.alchemillasapotek.com\/sv\/wp-json\/wp\/v2\/types\/product"}],"replies":[{"embeddable":true,"href":"https:\/\/www.alchemillasapotek.com\/sv\/wp-json\/wp\/v2\/comments?post=426"}],"wp:featuredmedia":[{"embeddable":true,"href":"https:\/\/www.alchemillasapotek.com\/sv\/wp-json\/wp\/v2\/media\/427"}],"wp:attachment":[{"href":"https:\/\/www.alchemillasapotek.com\/sv\/wp-json\/wp\/v2\/media?parent=426"}],"wp:term":[{"taxonomy":"product_cat","embeddable":true,"href":"https:\/\/www.alchemillasapotek.com\/sv\/wp-json\/wp\/v2\/product_cat?post=426"},{"taxonomy":"product_tag","embeddable":true,"href":"https:\/\/www.alchemillasapotek.com\/sv\/wp-json\/wp\/v2\/product_tag?post=426"}],"curies":[{"name":"wp","href":"https:\/\/api.w.org\/{rel}","templated":true}]}}