{"id":440,"date":"2016-11-28T09:06:32","date_gmt":"2016-11-28T09:06:32","guid":{"rendered":"http:\/\/www.alchemillasapotek.com\/water-2\/formulas\/travelers-elixir\/"},"modified":"2017-01-11T16:21:32","modified_gmt":"2017-01-11T16:21:32","slug":"travelers-elixir","status":"publish","type":"product","link":"https:\/\/www.alchemillasapotek.com\/sv\/water\/travelers-elixir\/","title":{"rendered":"Resen\u00e4rens Elixir"},"content":{"rendered":"Spagyriskt elixir med 9 vatabalanserade \u00f6rter:<\/p>\n<ul>\n<li>ASHWAGANDHA (adaptogen, hj\u00e4lper kroppen att hantera stress, ger energi och lugnar samtidigt, fr\u00e4mjar god s\u00f6mn)<\/li>\n<li>INGEF\u00c4RA &amp; F\u00c4NK\u00c5L (hj\u00e4lper kroppen att anpassa sig till nya tids och \u00e5rstidscykler, st\u00e4rker matsm\u00e4ltningen och f\u00f6rbr\u00e4nningen)<\/li>\n<li>AMALAKI &amp; GURKMEJA (st\u00f6djer immunf\u00f6rsvaret, renande)<\/li>\n<li>HELIG BASILIKA (renande, st\u00f6djer luftv\u00e4garna, adaptogen, ger st\u00f6d i att hantera det ok\u00e4nda)<\/li>\n<li>BACOPA &amp; GOTU KOLA (f\u00f6ryngrar, \u00e5terh\u00e4mtar samt st\u00f6djer sinnet. Ger ett lugnt fokus och n\u00e4rvoro att leva i nuet)<\/li>\n<li>HUMLESUGA (jordande)<\/li>\n<\/ul>\n<p>&nbsp;<\/p>\n<p>Tinktur av ekologisk 40% alkohol och ekologiska ovann\u00e4mnda \u00f6rter, extraherat och renat mineralsalt av de \u00f6rter som ing\u00e5r i elixiret<\/p>\n<h5>Hydrolat av Helig Basilika<\/h5>\n<p>Ta 7 droppar i lite rumstempererat vatten eller direkt p\u00e5 tungan 1-3 g\u00e5nger dagligen under resan.<\/p>\n<p>&nbsp;<\/p>\n<h3>Lycklig Resa!<\/h3>","protected":false},"excerpt":{"rendered":"<blockquote><p>\u201cAll journeys have secret destinations of which the traveler is unaware.\u201d &#8211; Martin Buber<\/p><\/blockquote>\n<h5><\/h5>\n<h5>Spagyriskt elixir f\u00f6r resen\u00e4ren.<\/h5>\n<p>Detta ayurvediska elixir st\u00f6djer kroppens f\u00f6rm\u00e5ga till flexibilitet och f\u00f6r att fysiskt och mentalt fungera optimalt under resan. Det fr\u00e4mjar sunda s\u00f6mnm\u00f6nster, hj\u00e4lper till att eliminera gifter som samlas pga oregelbundna mat och sovrutiner, st\u00f6djer matsm\u00e4ltningen, immunf\u00f6rsvaret, luftv\u00e4garna och det centrala nervsystemet samt minskar effekten av jet lag. Detta elixir hj\u00e4lper resen\u00e4ren att uppskatta resandet lika mycket som resans destination.&hellip; <a class=\"kt-excerpt-readmore\" href=\"https:\/\/www.alchemillasapotek.com\/sv\/water\/travelers-elixir\/\" aria-label=\"Resen\u00e4rens Elixir\">Read More<\/a><\/p>\n","protected":false},"featured_media":441,"comment_status":"closed","ping_status":"closed","template":"","meta":[],"product_cat":[7],"product_tag":[214,216,218,187,219,29,217,215,213,220],"yoast_head":"<!-- This site is optimized with the Yoast SEO plugin v18.4.1 - https:\/\/yoast.com\/wordpress\/plugins\/seo\/ -->\n<title>Resen\u00e4rens Elixir ~ Alchemillas Apotek<\/title>\n<meta name=\"description\" content=\"Alchemillas Apotek: spagyric tinctures, hydrosols, services, and formulas. Please contact us for more information.\" \/>\n<meta name=\"robots\" content=\"index, follow, max-snippet:-1, max-image-preview:large, max-video-preview:-1\" \/>\n<link rel=\"canonical\" href=\"https:\/\/www.alchemillasapotek.com\/sv\/water\/travelers-elixir\/\" \/>\n<meta property=\"og:locale\" content=\"en_US\" \/>\n<meta property=\"og:type\" content=\"article\" \/>\n<meta property=\"og:title\" content=\"[:en]Traveler\u2019s Elixir[:sv]Resen\u00e4rens Elixir[:] ~ Alchemillas Apotek\" \/>\n<meta property=\"og:description\" content=\"Alchemillas Apotek: spagyric tinctures, hydrosols, services, and formulas. Please contact us for more information.\" \/>\n<meta property=\"og:url\" content=\"https:\/\/www.alchemillasapotek.com\/sv\/water\/travelers-elixir\/\" \/>\n<meta property=\"og:site_name\" content=\"Alchemillas Apotek\" \/>\n<meta property=\"article:publisher\" content=\"https:\/\/www.facebook.com\/AlchemillasApotek\/\" \/>\n<meta property=\"article:modified_time\" content=\"2017-01-11T16:21:32+00:00\" \/>\n<meta property=\"og:image\" content=\"https:\/\/www.alchemillasapotek.com\/wp-content\/uploads\/2016\/11\/reseelixir.jpg\" \/>\n\t<meta property=\"og:image:width\" content=\"1600\" \/>\n\t<meta property=\"og:image:height\" content=\"1600\" \/>\n\t<meta property=\"og:image:type\" content=\"image\/jpeg\" \/>\n<meta name=\"twitter:card\" content=\"summary\" \/>\n<meta name=\"twitter:site\" content=\"@lisajeannin\" \/>\n<meta name=\"twitter:label1\" content=\"Est. reading time\" \/>\n\t<meta name=\"twitter:data1\" content=\"1 minute\" \/>\n<script type=\"application\/ld+json\" class=\"yoast-schema-graph\">{\"@context\":\"https:\/\/schema.org\",\"@graph\":[{\"@type\":\"Organization\",\"@id\":\"http:\/\/www.alchemillasapotek.com\/#organization\",\"name\":\"Alchemillas Apotek\",\"url\":\"http:\/\/www.alchemillasapotek.com\/\",\"sameAs\":[\"https:\/\/www.facebook.com\/AlchemillasApotek\/\",\"https:\/\/www.instagram.com\/alchemillasapotek\/\",\"https:\/\/twitter.com\/lisajeannin\"],\"logo\":{\"@type\":\"ImageObject\",\"@id\":\"http:\/\/www.alchemillasapotek.com\/#logo\",\"inLanguage\":\"sv-SV\",\"url\":\"https:\/\/www.alchemillasapotek.com\/wp-content\/uploads\/2016\/11\/Logo-AlchemillasApotek-homepage.png\",\"contentUrl\":\"https:\/\/www.alchemillasapotek.com\/wp-content\/uploads\/2016\/11\/Logo-AlchemillasApotek-homepage.png\",\"width\":592,\"height\":580,\"caption\":\"Alchemillas Apotek\"},\"image\":{\"@id\":\"http:\/\/www.alchemillasapotek.com\/#logo\"}},{\"@type\":\"WebSite\",\"@id\":\"http:\/\/www.alchemillasapotek.com\/#website\",\"url\":\"http:\/\/www.alchemillasapotek.com\/\",\"name\":\"Alchemillas Apotek\",\"description\":\"Spagyric Tinctures &amp; Initiatic Plantmedicine for vibrant health and spiritual evolution.\",\"publisher\":{\"@id\":\"http:\/\/www.alchemillasapotek.com\/#organization\"},\"potentialAction\":[{\"@type\":\"SearchAction\",\"target\":{\"@type\":\"EntryPoint\",\"urlTemplate\":\"http:\/\/www.alchemillasapotek.com\/?s={search_term_string}\"},\"query-input\":\"required name=search_term_string\"}],\"inLanguage\":\"sv-SV\"},{\"@type\":\"ImageObject\",\"@id\":\"https:\/\/www.alchemillasapotek.com\/sv\/water\/travelers-elixir\/#primaryimage\",\"inLanguage\":\"sv-SV\",\"url\":\"https:\/\/www.alchemillasapotek.com\/wp-content\/uploads\/2016\/11\/reseelixir.jpg\",\"contentUrl\":\"https:\/\/www.alchemillasapotek.com\/wp-content\/uploads\/2016\/11\/reseelixir.jpg\",\"width\":1600,\"height\":1600,\"caption\":\"Traveler\u2019s Elixir\"},{\"@type\":\"WebPage\",\"@id\":\"https:\/\/www.alchemillasapotek.com\/sv\/water\/travelers-elixir\/#webpage\",\"url\":\"https:\/\/www.alchemillasapotek.com\/sv\/water\/travelers-elixir\/\",\"name\":\"[:en]Traveler\u2019s Elixir[:sv]Resen\u00e4rens Elixir[:] ~ Alchemillas Apotek\",\"isPartOf\":{\"@id\":\"http:\/\/www.alchemillasapotek.com\/#website\"},\"primaryImageOfPage\":{\"@id\":\"https:\/\/www.alchemillasapotek.com\/sv\/water\/travelers-elixir\/#primaryimage\"},\"datePublished\":\"2016-11-28T09:06:32+00:00\",\"dateModified\":\"2017-01-11T16:21:32+00:00\",\"description\":\"Alchemillas Apotek: spagyric tinctures, hydrosols, services, and formulas. Please contact us for more information.\",\"breadcrumb\":{\"@id\":\"https:\/\/www.alchemillasapotek.com\/sv\/water\/travelers-elixir\/#breadcrumb\"},\"inLanguage\":\"sv-SV\",\"potentialAction\":[{\"@type\":\"ReadAction\",\"target\":[\"https:\/\/www.alchemillasapotek.com\/sv\/water\/travelers-elixir\/\"]}]},{\"@type\":\"BreadcrumbList\",\"@id\":\"https:\/\/www.alchemillasapotek.com\/sv\/water\/travelers-elixir\/#breadcrumb\",\"itemListElement\":[{\"@type\":\"ListItem\",\"position\":1,\"name\":\"Home\",\"item\":\"http:\/\/www.alchemillasapotek.com\/\"},{\"@type\":\"ListItem\",\"position\":2,\"name\":\"Water\",\"item\":\"https:\/\/www.alchemillasapotek.com\/water\/\"},{\"@type\":\"ListItem\",\"position\":3,\"name\":\"Resen\u00e4rens Elixir\"}]}]}<\/script>\n<!-- \/ Yoast SEO plugin. -->","yoast_head_json":{"title":"[:en]Traveler\u2019s Elixir[:sv]Resen\u00e4rens Elixir[:] ~ Alchemillas Apotek","description":"Alchemillas Apotek: spagyric tinctures, hydrosols, services, and formulas. Please contact us for more information.","robots":{"index":"index","follow":"follow","max-snippet":"max-snippet:-1","max-image-preview":"max-image-preview:large","max-video-preview":"max-video-preview:-1"},"canonical":"https:\/\/www.alchemillasapotek.com\/sv\/water\/travelers-elixir\/","og_locale":"en_US","og_type":"article","og_title":"[:en]Traveler\u2019s Elixir[:sv]Resen\u00e4rens Elixir[:] ~ Alchemillas Apotek","og_description":"Alchemillas Apotek: spagyric tinctures, hydrosols, services, and formulas. Please contact us for more information.","og_url":"https:\/\/www.alchemillasapotek.com\/sv\/water\/travelers-elixir\/","og_site_name":"Alchemillas Apotek","article_publisher":"https:\/\/www.facebook.com\/AlchemillasApotek\/","article_modified_time":"2017-01-11T16:21:32+00:00","og_image":[{"width":1600,"height":1600,"url":"https:\/\/www.alchemillasapotek.com\/wp-content\/uploads\/2016\/11\/reseelixir.jpg","type":"image\/jpeg"}],"twitter_card":"summary","twitter_site":"@lisajeannin","twitter_misc":{"Est. reading time":"1 minute"},"schema":{"@context":"https:\/\/schema.org","@graph":[{"@type":"Organization","@id":"http:\/\/www.alchemillasapotek.com\/#organization","name":"Alchemillas Apotek","url":"http:\/\/www.alchemillasapotek.com\/","sameAs":["https:\/\/www.facebook.com\/AlchemillasApotek\/","https:\/\/www.instagram.com\/alchemillasapotek\/","https:\/\/twitter.com\/lisajeannin"],"logo":{"@type":"ImageObject","@id":"http:\/\/www.alchemillasapotek.com\/#logo","inLanguage":"sv-SV","url":"https:\/\/www.alchemillasapotek.com\/wp-content\/uploads\/2016\/11\/Logo-AlchemillasApotek-homepage.png","contentUrl":"https:\/\/www.alchemillasapotek.com\/wp-content\/uploads\/2016\/11\/Logo-AlchemillasApotek-homepage.png","width":592,"height":580,"caption":"Alchemillas Apotek"},"image":{"@id":"http:\/\/www.alchemillasapotek.com\/#logo"}},{"@type":"WebSite","@id":"http:\/\/www.alchemillasapotek.com\/#website","url":"http:\/\/www.alchemillasapotek.com\/","name":"Alchemillas Apotek","description":"Spagyric Tinctures &amp; Initiatic Plantmedicine for vibrant health and spiritual evolution.","publisher":{"@id":"http:\/\/www.alchemillasapotek.com\/#organization"},"potentialAction":[{"@type":"SearchAction","target":{"@type":"EntryPoint","urlTemplate":"http:\/\/www.alchemillasapotek.com\/?s={search_term_string}"},"query-input":"required name=search_term_string"}],"inLanguage":"sv-SV"},{"@type":"ImageObject","@id":"https:\/\/www.alchemillasapotek.com\/sv\/water\/travelers-elixir\/#primaryimage","inLanguage":"sv-SV","url":"https:\/\/www.alchemillasapotek.com\/wp-content\/uploads\/2016\/11\/reseelixir.jpg","contentUrl":"https:\/\/www.alchemillasapotek.com\/wp-content\/uploads\/2016\/11\/reseelixir.jpg","width":1600,"height":1600,"caption":"Traveler\u2019s Elixir"},{"@type":"WebPage","@id":"https:\/\/www.alchemillasapotek.com\/sv\/water\/travelers-elixir\/#webpage","url":"https:\/\/www.alchemillasapotek.com\/sv\/water\/travelers-elixir\/","name":"[:en]Traveler\u2019s Elixir[:sv]Resen\u00e4rens Elixir[:] ~ Alchemillas Apotek","isPartOf":{"@id":"http:\/\/www.alchemillasapotek.com\/#website"},"primaryImageOfPage":{"@id":"https:\/\/www.alchemillasapotek.com\/sv\/water\/travelers-elixir\/#primaryimage"},"datePublished":"2016-11-28T09:06:32+00:00","dateModified":"2017-01-11T16:21:32+00:00","description":"Alchemillas Apotek: spagyric tinctures, hydrosols, services, and formulas. Please contact us for more information.","breadcrumb":{"@id":"https:\/\/www.alchemillasapotek.com\/sv\/water\/travelers-elixir\/#breadcrumb"},"inLanguage":"sv-SV","potentialAction":[{"@type":"ReadAction","target":["https:\/\/www.alchemillasapotek.com\/sv\/water\/travelers-elixir\/"]}]},{"@type":"BreadcrumbList","@id":"https:\/\/www.alchemillasapotek.com\/sv\/water\/travelers-elixir\/#breadcrumb","itemListElement":[{"@type":"ListItem","position":1,"name":"Home","item":"http:\/\/www.alchemillasapotek.com\/"},{"@type":"ListItem","position":2,"name":"Water","item":"https:\/\/www.alchemillasapotek.com\/water\/"},{"@type":"ListItem","position":3,"name":"Resen\u00e4rens Elixir"}]}]}},"_links":{"self":[{"href":"https:\/\/www.alchemillasapotek.com\/sv\/wp-json\/wp\/v2\/product\/440"}],"collection":[{"href":"https:\/\/www.alchemillasapotek.com\/sv\/wp-json\/wp\/v2\/product"}],"about":[{"href":"https:\/\/www.alchemillasapotek.com\/sv\/wp-json\/wp\/v2\/types\/product"}],"replies":[{"embeddable":true,"href":"https:\/\/www.alchemillasapotek.com\/sv\/wp-json\/wp\/v2\/comments?post=440"}],"wp:featuredmedia":[{"embeddable":true,"href":"https:\/\/www.alchemillasapotek.com\/sv\/wp-json\/wp\/v2\/media\/441"}],"wp:attachment":[{"href":"https:\/\/www.alchemillasapotek.com\/sv\/wp-json\/wp\/v2\/media?parent=440"}],"wp:term":[{"taxonomy":"product_cat","embeddable":true,"href":"https:\/\/www.alchemillasapotek.com\/sv\/wp-json\/wp\/v2\/product_cat?post=440"},{"taxonomy":"product_tag","embeddable":true,"href":"https:\/\/www.alchemillasapotek.com\/sv\/wp-json\/wp\/v2\/product_tag?post=440"}],"curies":[{"name":"wp","href":"https:\/\/api.w.org\/{rel}","templated":true}]}}