{"id":442,"date":"2016-11-28T09:25:13","date_gmt":"2016-11-28T09:25:13","guid":{"rendered":"http:\/\/www.alchemillasapotek.com\/water-2\/singularspagyrictinctures\/borago-officinalis\/"},"modified":"2017-01-14T15:23:12","modified_gmt":"2017-01-14T15:23:12","slug":"borago-officinalis","status":"publish","type":"product","link":"https:\/\/www.alchemillasapotek.com\/sv\/water\/borago-officinalis\/","title":{"rendered":"Gurk\u00f6rt"},"content":{"rendered":"<h5>Spagyrisk tinktur av Borago Officinalis.<\/h5>\n<p>Ta 7 droppar i lite varmt vatten eller direkt p\u00e5 tungan vid behov.<\/p>\n<p><img loading=\"lazy\" class=\"alignnone size-large wp-image-444\" src=\"\/\/www.alchemillasapotek.com\/wp-content\/uploads\/2016\/11\/IMG_1028-1024x1024.jpg\" alt=\"Borago Officinalis\" width=\"1024\" height=\"1024\" \/>","protected":false},"excerpt":{"rendered":"<h5>\u2018borage for courage\u2019 is the rough translation of the old Latin verse \u201cEgo borago gaudia semper ago\u201d.<\/h5>\n<p><img loading=\"lazy\" class=\"alignnone size-full wp-image-244\" src=\"\/\/www.alchemillasapotek.com\/wp-content\/uploads\/2016\/11\/SST-Salt.png\" alt=\"Salt\" width=\"40\" height=\"40\" \/><\/p>\n<p>Gurk\u00f6rt verkar anti-inflammatoriskt, fuktgivande, n\u00e4rande och kylande. Den ger stadga \u00e5t f\u00f6rslappade vener och v\u00e4vnader s\u00e5 som \u00e5derbr\u00e5ck. Gurk\u00f6rten \u00e4r bra f\u00f6r att lindra inflammation, mjuka upp och \u00e5terfukta slemhinnor och kan hj\u00e4lpa vid artros och reumatism.<\/p>\n<p><img loading=\"lazy\" class=\"alignnone size-full wp-image-223\" src=\"\/\/www.alchemillasapotek.com\/wp-content\/uploads\/2016\/11\/SST-Mercury.png\" alt=\"Mercury\" width=\"38\" height=\"50\" \/><\/p>\n<p>Gurk\u00f6rt kan vara behj\u00e4lplig f\u00f6r att lyfta anden och hum\u00f6ret och kan vara ett st\u00f6d vid sorg.<\/p>\n<p><img loading=\"lazy\" class=\"alignnone size-full wp-image-245\" src=\"\/\/www.alchemillasapotek.com\/wp-content\/uploads\/2016\/11\/SST-Sulphur.png\" alt=\"Sulphur\" width=\"40\" height=\"40\" \/><\/p>\n<p>De bl\u00e5 stj\u00e4rnlika blommorna bildar med sina fem kronblad en gemensam h\u00f6gsta punkt, ett slags fokus. Gurk\u00f6rt \u00e4r bra f\u00f6r splittrade individer som kommunicerar p\u00e5 ett splittrat vis. F\u00f6r de som saknar fokus och klarhet eller har sv\u00e5rt att komma till saken. Gurk\u00f6rt kan ocks\u00e5 vara bra f\u00f6r de som tassar kring den metaforiska heta gr\u00f6ten och liksom aldrig g\u00f6r slag i saken, eller har sv\u00e5rt att vara tydliga och raka i sin kommunikation.<\/p>\n<p>F\u00f6rvirring och missf\u00f6rst\u00e5nd uppst\u00e5r oftast i relationer p\u00e5 grund av oklar kommunikation. Gurk\u00f6rt ger oss st\u00f6d i att kommunicera fokuserat, klart, direkt och rakt p\u00e5 sak.<\/p>\n<p>&nbsp;&hellip; <a class=\"kt-excerpt-readmore\" href=\"https:\/\/www.alchemillasapotek.com\/sv\/water\/borago-officinalis\/\" aria-label=\"Gurk\u00f6rt\">Read More<\/a><\/p>\n","protected":false},"featured_media":443,"comment_status":"closed","ping_status":"closed","template":"","meta":[],"product_cat":[6,19],"product_tag":[222,221,119,226,225,224,65,54,77,223],"yoast_head":"<!-- This site is optimized with the Yoast SEO plugin v18.4.1 - https:\/\/yoast.com\/wordpress\/plugins\/seo\/ -->\n<title>Gurk\u00f6rt ~ Alchemillas Apotek<\/title>\n<meta name=\"description\" content=\"Alchemillas Apotek: spagyric tinctures, hydrosols, services, and formulas. Please contact us for more information.\" \/>\n<meta name=\"robots\" content=\"index, follow, max-snippet:-1, max-image-preview:large, max-video-preview:-1\" \/>\n<link rel=\"canonical\" href=\"http:\/\/www.alchemillasapotek.com\/water\/borago-officinalis\/\" \/>\n<meta property=\"og:locale\" content=\"en_US\" \/>\n<meta property=\"og:type\" content=\"article\" \/>\n<meta property=\"og:title\" content=\"[:en]Borage[:sv]Gurk\u00f6rt[:] ~ Alchemillas Apotek\" \/>\n<meta property=\"og:description\" content=\"Alchemillas Apotek: spagyric tinctures, hydrosols, services, and formulas. Please contact us for more information.\" \/>\n<meta property=\"og:url\" content=\"http:\/\/www.alchemillasapotek.com\/water\/borago-officinalis\/\" \/>\n<meta property=\"og:site_name\" content=\"Alchemillas Apotek\" \/>\n<meta property=\"article:publisher\" content=\"https:\/\/www.facebook.com\/AlchemillasApotek\/\" \/>\n<meta property=\"article:modified_time\" content=\"2017-01-14T15:23:12+00:00\" \/>\n<meta property=\"og:image\" content=\"http:\/\/www.alchemillasapotek.com\/wp-content\/uploads\/2016\/11\/IMG_1527-e1480325534349.jpg\" \/>\n\t<meta property=\"og:image:width\" content=\"1200\" \/>\n\t<meta property=\"og:image:height\" content=\"1200\" \/>\n\t<meta property=\"og:image:type\" content=\"image\/jpeg\" \/>\n<meta name=\"twitter:card\" content=\"summary\" \/>\n<meta name=\"twitter:site\" content=\"@lisajeannin\" \/>\n<script type=\"application\/ld+json\" class=\"yoast-schema-graph\">{\"@context\":\"https:\/\/schema.org\",\"@graph\":[{\"@type\":\"Organization\",\"@id\":\"http:\/\/www.alchemillasapotek.com\/#organization\",\"name\":\"Alchemillas Apotek\",\"url\":\"http:\/\/www.alchemillasapotek.com\/\",\"sameAs\":[\"https:\/\/www.facebook.com\/AlchemillasApotek\/\",\"https:\/\/www.instagram.com\/alchemillasapotek\/\",\"https:\/\/twitter.com\/lisajeannin\"],\"logo\":{\"@type\":\"ImageObject\",\"@id\":\"http:\/\/www.alchemillasapotek.com\/#logo\",\"inLanguage\":\"sv-SV\",\"url\":\"https:\/\/www.alchemillasapotek.com\/wp-content\/uploads\/2016\/11\/Logo-AlchemillasApotek-homepage.png\",\"contentUrl\":\"https:\/\/www.alchemillasapotek.com\/wp-content\/uploads\/2016\/11\/Logo-AlchemillasApotek-homepage.png\",\"width\":592,\"height\":580,\"caption\":\"Alchemillas Apotek\"},\"image\":{\"@id\":\"http:\/\/www.alchemillasapotek.com\/#logo\"}},{\"@type\":\"WebSite\",\"@id\":\"http:\/\/www.alchemillasapotek.com\/#website\",\"url\":\"http:\/\/www.alchemillasapotek.com\/\",\"name\":\"Alchemillas Apotek\",\"description\":\"Spagyric Tinctures &amp; Initiatic Plantmedicine for vibrant health and spiritual evolution.\",\"publisher\":{\"@id\":\"http:\/\/www.alchemillasapotek.com\/#organization\"},\"potentialAction\":[{\"@type\":\"SearchAction\",\"target\":{\"@type\":\"EntryPoint\",\"urlTemplate\":\"http:\/\/www.alchemillasapotek.com\/?s={search_term_string}\"},\"query-input\":\"required name=search_term_string\"}],\"inLanguage\":\"sv-SV\"},{\"@type\":\"ImageObject\",\"@id\":\"http:\/\/www.alchemillasapotek.com\/water\/borago-officinalis\/#primaryimage\",\"inLanguage\":\"sv-SV\",\"url\":\"https:\/\/www.alchemillasapotek.com\/wp-content\/uploads\/2016\/11\/IMG_1527-e1480325534349.jpg\",\"contentUrl\":\"https:\/\/www.alchemillasapotek.com\/wp-content\/uploads\/2016\/11\/IMG_1527-e1480325534349.jpg\",\"width\":1200,\"height\":1200,\"caption\":\"Borago Officinalis\"},{\"@type\":\"WebPage\",\"@id\":\"http:\/\/www.alchemillasapotek.com\/water\/borago-officinalis\/#webpage\",\"url\":\"http:\/\/www.alchemillasapotek.com\/water\/borago-officinalis\/\",\"name\":\"[:en]Borage[:sv]Gurk\u00f6rt[:] ~ Alchemillas Apotek\",\"isPartOf\":{\"@id\":\"http:\/\/www.alchemillasapotek.com\/#website\"},\"primaryImageOfPage\":{\"@id\":\"http:\/\/www.alchemillasapotek.com\/water\/borago-officinalis\/#primaryimage\"},\"datePublished\":\"2016-11-28T09:25:13+00:00\",\"dateModified\":\"2017-01-14T15:23:12+00:00\",\"description\":\"Alchemillas Apotek: spagyric tinctures, hydrosols, services, and formulas. Please contact us for more information.\",\"breadcrumb\":{\"@id\":\"http:\/\/www.alchemillasapotek.com\/water\/borago-officinalis\/#breadcrumb\"},\"inLanguage\":\"sv-SV\",\"potentialAction\":[{\"@type\":\"ReadAction\",\"target\":[\"http:\/\/www.alchemillasapotek.com\/water\/borago-officinalis\/\"]}]},{\"@type\":\"BreadcrumbList\",\"@id\":\"http:\/\/www.alchemillasapotek.com\/water\/borago-officinalis\/#breadcrumb\",\"itemListElement\":[{\"@type\":\"ListItem\",\"position\":1,\"name\":\"Home\",\"item\":\"http:\/\/www.alchemillasapotek.com\/\"},{\"@type\":\"ListItem\",\"position\":2,\"name\":\"Water\",\"item\":\"https:\/\/www.alchemillasapotek.com\/water\/\"},{\"@type\":\"ListItem\",\"position\":3,\"name\":\"Borage\"}]}]}<\/script>\n<!-- \/ Yoast SEO plugin. -->","yoast_head_json":{"title":"[:en]Borage[:sv]Gurk\u00f6rt[:] ~ Alchemillas Apotek","description":"Alchemillas Apotek: spagyric tinctures, hydrosols, services, and formulas. Please contact us for more information.","robots":{"index":"index","follow":"follow","max-snippet":"max-snippet:-1","max-image-preview":"max-image-preview:large","max-video-preview":"max-video-preview:-1"},"canonical":"http:\/\/www.alchemillasapotek.com\/water\/borago-officinalis\/","og_locale":"en_US","og_type":"article","og_title":"[:en]Borage[:sv]Gurk\u00f6rt[:] ~ Alchemillas Apotek","og_description":"Alchemillas Apotek: spagyric tinctures, hydrosols, services, and formulas. Please contact us for more information.","og_url":"http:\/\/www.alchemillasapotek.com\/water\/borago-officinalis\/","og_site_name":"Alchemillas Apotek","article_publisher":"https:\/\/www.facebook.com\/AlchemillasApotek\/","article_modified_time":"2017-01-14T15:23:12+00:00","og_image":[{"width":1200,"height":1200,"url":"http:\/\/www.alchemillasapotek.com\/wp-content\/uploads\/2016\/11\/IMG_1527-e1480325534349.jpg","type":"image\/jpeg"}],"twitter_card":"summary","twitter_site":"@lisajeannin","schema":{"@context":"https:\/\/schema.org","@graph":[{"@type":"Organization","@id":"http:\/\/www.alchemillasapotek.com\/#organization","name":"Alchemillas Apotek","url":"http:\/\/www.alchemillasapotek.com\/","sameAs":["https:\/\/www.facebook.com\/AlchemillasApotek\/","https:\/\/www.instagram.com\/alchemillasapotek\/","https:\/\/twitter.com\/lisajeannin"],"logo":{"@type":"ImageObject","@id":"http:\/\/www.alchemillasapotek.com\/#logo","inLanguage":"sv-SV","url":"https:\/\/www.alchemillasapotek.com\/wp-content\/uploads\/2016\/11\/Logo-AlchemillasApotek-homepage.png","contentUrl":"https:\/\/www.alchemillasapotek.com\/wp-content\/uploads\/2016\/11\/Logo-AlchemillasApotek-homepage.png","width":592,"height":580,"caption":"Alchemillas Apotek"},"image":{"@id":"http:\/\/www.alchemillasapotek.com\/#logo"}},{"@type":"WebSite","@id":"http:\/\/www.alchemillasapotek.com\/#website","url":"http:\/\/www.alchemillasapotek.com\/","name":"Alchemillas Apotek","description":"Spagyric Tinctures &amp; Initiatic Plantmedicine for vibrant health and spiritual evolution.","publisher":{"@id":"http:\/\/www.alchemillasapotek.com\/#organization"},"potentialAction":[{"@type":"SearchAction","target":{"@type":"EntryPoint","urlTemplate":"http:\/\/www.alchemillasapotek.com\/?s={search_term_string}"},"query-input":"required name=search_term_string"}],"inLanguage":"sv-SV"},{"@type":"ImageObject","@id":"http:\/\/www.alchemillasapotek.com\/water\/borago-officinalis\/#primaryimage","inLanguage":"sv-SV","url":"https:\/\/www.alchemillasapotek.com\/wp-content\/uploads\/2016\/11\/IMG_1527-e1480325534349.jpg","contentUrl":"https:\/\/www.alchemillasapotek.com\/wp-content\/uploads\/2016\/11\/IMG_1527-e1480325534349.jpg","width":1200,"height":1200,"caption":"Borago Officinalis"},{"@type":"WebPage","@id":"http:\/\/www.alchemillasapotek.com\/water\/borago-officinalis\/#webpage","url":"http:\/\/www.alchemillasapotek.com\/water\/borago-officinalis\/","name":"[:en]Borage[:sv]Gurk\u00f6rt[:] ~ Alchemillas Apotek","isPartOf":{"@id":"http:\/\/www.alchemillasapotek.com\/#website"},"primaryImageOfPage":{"@id":"http:\/\/www.alchemillasapotek.com\/water\/borago-officinalis\/#primaryimage"},"datePublished":"2016-11-28T09:25:13+00:00","dateModified":"2017-01-14T15:23:12+00:00","description":"Alchemillas Apotek: spagyric tinctures, hydrosols, services, and formulas. Please contact us for more information.","breadcrumb":{"@id":"http:\/\/www.alchemillasapotek.com\/water\/borago-officinalis\/#breadcrumb"},"inLanguage":"sv-SV","potentialAction":[{"@type":"ReadAction","target":["http:\/\/www.alchemillasapotek.com\/water\/borago-officinalis\/"]}]},{"@type":"BreadcrumbList","@id":"http:\/\/www.alchemillasapotek.com\/water\/borago-officinalis\/#breadcrumb","itemListElement":[{"@type":"ListItem","position":1,"name":"Home","item":"http:\/\/www.alchemillasapotek.com\/"},{"@type":"ListItem","position":2,"name":"Water","item":"https:\/\/www.alchemillasapotek.com\/water\/"},{"@type":"ListItem","position":3,"name":"Borage"}]}]}},"_links":{"self":[{"href":"https:\/\/www.alchemillasapotek.com\/sv\/wp-json\/wp\/v2\/product\/442"}],"collection":[{"href":"https:\/\/www.alchemillasapotek.com\/sv\/wp-json\/wp\/v2\/product"}],"about":[{"href":"https:\/\/www.alchemillasapotek.com\/sv\/wp-json\/wp\/v2\/types\/product"}],"replies":[{"embeddable":true,"href":"https:\/\/www.alchemillasapotek.com\/sv\/wp-json\/wp\/v2\/comments?post=442"}],"wp:featuredmedia":[{"embeddable":true,"href":"https:\/\/www.alchemillasapotek.com\/sv\/wp-json\/wp\/v2\/media\/443"}],"wp:attachment":[{"href":"https:\/\/www.alchemillasapotek.com\/sv\/wp-json\/wp\/v2\/media?parent=442"}],"wp:term":[{"taxonomy":"product_cat","embeddable":true,"href":"https:\/\/www.alchemillasapotek.com\/sv\/wp-json\/wp\/v2\/product_cat?post=442"},{"taxonomy":"product_tag","embeddable":true,"href":"https:\/\/www.alchemillasapotek.com\/sv\/wp-json\/wp\/v2\/product_tag?post=442"}],"curies":[{"name":"wp","href":"https:\/\/api.w.org\/{rel}","templated":true}]}}