{"id":453,"date":"2016-11-28T14:20:57","date_gmt":"2016-11-28T14:20:57","guid":{"rendered":"http:\/\/www.alchemillasapotek.com\/water-2\/singularspagyrictinctures\/centella-asiatica\/"},"modified":"2017-01-14T15:37:45","modified_gmt":"2017-01-14T15:37:45","slug":"centella-asiatica","status":"publish","type":"product","link":"https:\/\/www.alchemillasapotek.com\/sv\/water\/centella-asiatica\/","title":{"rendered":"Gotu Kola"},"content":{"rendered":"<h5>Spagyriskt tinktur av Centella Asiatica.<\/h5>\n<p>Ta 7-14 droppar direkt p\u00e5 tungan eller i lite vatten 1-3 g\u00e5nger om dagen.<\/p>\n<p><img loading=\"lazy\" class=\"alignnone size-large wp-image-456\" src=\"\/\/www.alchemillasapotek.com\/wp-content\/uploads\/2016\/11\/IMG_1632-1024x1024.jpg\" alt=\"Centella Asiatica\" width=\"1024\" height=\"1024\" \/> <img loading=\"lazy\" class=\"alignnone size-large wp-image-458\" src=\"\/\/www.alchemillasapotek.com\/wp-content\/uploads\/2016\/11\/IMG_1347-1024x1024.jpg\" alt=\"Centella Asiatica\" width=\"1024\" height=\"1024\" \/>","protected":false},"excerpt":{"rendered":"<h5>The herb of the yogi<\/h5>\n<blockquote><p>Yogins \u00f6rt<\/p>\n<p>&#8220;Yoga existerar i v\u00e4rlden , eftersom allt \u00e4r sammanl\u00e4nkat.&#8221; &#8211; Desikashar<\/p><\/blockquote>\n<p><img loading=\"lazy\" class=\"alignnone size-full wp-image-244\" src=\"\/\/www.alchemillasapotek.com\/wp-content\/uploads\/2016\/11\/SST-Salt.png\" alt=\"Salt\" width=\"40\" height=\"40\" \/><\/p>\n<p>Gotu Kola \u00e4r antiinflammatoriskt, fr\u00e4mjar cirkulationen och \u00e4r \u00e4ven utm\u00e4rkt f\u00f6r lederna. Den kan hj\u00e4lpa vid artros, mags\u00e5r, hudproblem, st\u00e4rka h\u00e5r, hud och naglar.<\/p>\n<p>Bindv\u00e4ven f\u00f6rbinder skelettet till musklerna, h\u00e5ller de inre organen p\u00e5 plats och ger kroppen dess mobila struktur.<\/p>\n<p><img loading=\"lazy\" class=\"alignnone size-full wp-image-223\" src=\"\/\/www.alchemillasapotek.com\/wp-content\/uploads\/2016\/11\/SST-Mercury.png\" alt=\"Mercury\" width=\"38\" height=\"50\" \/><\/p>\n<p>Gotu Kola anv\u00e4nds av yogis f\u00f6r att tr\u00e4da in i ett odualistiskt medvetande och f\u00f6rdjupad meditation. Den fr\u00e4mjar klarhet av medvetandet av sinnet, p\u00e5 en metaniv\u00e5. Detta p\u00e5verkar i sin tur klarhet i tankeprocesserna. Gotu Kola \u00f6kar cirkulationen till hj\u00e4rnan, balanserar hj\u00e4rnhalvorna, f\u00f6rb\u00e4ttrar minnet och de kognitiva f\u00f6rm\u00e5gorna s\u00e5 som intelligensen och verkar lugnande. Gotu Kola p\u00e5verkar kronchakrat och \u00e4r en adaptogen, en s\u00e5 kallad brain-tonic.<\/p>\n<p><img loading=\"lazy\" class=\"alignnone size-full wp-image-245\" src=\"\/\/www.alchemillasapotek.com\/wp-content\/uploads\/2016\/11\/SST-Sulphur.png\" alt=\"Sulphur\" width=\"40\" height=\"40\" \/><\/p>\n<p>Gotu Kolans samband mellan kronchakrat och kroppens bindv\u00e4vnader handlar om att denna \u00f6rt har med alltings enhet att g\u00f6ra, hur allting i v\u00e5ran kropp \u00e4r sammanbundet och hur allt i v\u00e5rat universum \u00e4r sammanl\u00e4nkat likas\u00e5.&hellip; <a class=\"kt-excerpt-readmore\" href=\"https:\/\/www.alchemillasapotek.com\/sv\/water\/centella-asiatica\/\" aria-label=\"Gotu Kola\">Read More<\/a><\/p>\n","protected":false},"featured_media":457,"comment_status":"closed","ping_status":"closed","template":"","meta":[],"product_cat":[6,17],"product_tag":[237,101,242,246,245,243,247,44,22,59,244],"yoast_head":"<!-- This site is optimized with the Yoast SEO plugin v18.4.1 - https:\/\/yoast.com\/wordpress\/plugins\/seo\/ -->\n<title>Gotu Kola ~ Alchemillas Apotek<\/title>\n<meta name=\"description\" content=\"Alchemillas Apotek: spagyric tinctures, hydrosols, services, and formulas. Please contact us for more information.\" \/>\n<meta name=\"robots\" content=\"index, follow, max-snippet:-1, max-image-preview:large, max-video-preview:-1\" \/>\n<link rel=\"canonical\" href=\"http:\/\/www.alchemillasapotek.com\/water\/centella-asiatica\/\" \/>\n<meta property=\"og:locale\" content=\"en_US\" \/>\n<meta property=\"og:type\" content=\"article\" \/>\n<meta property=\"og:title\" content=\"Gotu Kola ~ Alchemillas Apotek\" \/>\n<meta property=\"og:description\" content=\"Alchemillas Apotek: spagyric tinctures, hydrosols, services, and formulas. Please contact us for more information.\" \/>\n<meta property=\"og:url\" content=\"http:\/\/www.alchemillasapotek.com\/water\/centella-asiatica\/\" \/>\n<meta property=\"og:site_name\" content=\"Alchemillas Apotek\" \/>\n<meta property=\"article:publisher\" content=\"https:\/\/www.facebook.com\/AlchemillasApotek\/\" \/>\n<meta property=\"article:modified_time\" content=\"2017-01-14T15:37:45+00:00\" \/>\n<meta property=\"og:image\" content=\"http:\/\/www.alchemillasapotek.com\/wp-content\/uploads\/2016\/11\/IMG_1578-e1480343138160.jpg\" \/>\n\t<meta property=\"og:image:width\" content=\"1200\" \/>\n\t<meta property=\"og:image:height\" content=\"1200\" \/>\n\t<meta property=\"og:image:type\" content=\"image\/jpeg\" \/>\n<meta name=\"twitter:card\" content=\"summary\" \/>\n<meta name=\"twitter:site\" content=\"@lisajeannin\" \/>\n<script type=\"application\/ld+json\" class=\"yoast-schema-graph\">{\"@context\":\"https:\/\/schema.org\",\"@graph\":[{\"@type\":\"Organization\",\"@id\":\"http:\/\/www.alchemillasapotek.com\/sv\/#organization\",\"name\":\"Alchemillas Apotek\",\"url\":\"http:\/\/www.alchemillasapotek.com\/sv\/\",\"sameAs\":[\"https:\/\/www.facebook.com\/AlchemillasApotek\/\",\"https:\/\/www.instagram.com\/alchemillasapotek\/\",\"https:\/\/twitter.com\/lisajeannin\"],\"logo\":{\"@type\":\"ImageObject\",\"@id\":\"http:\/\/www.alchemillasapotek.com\/sv\/#logo\",\"inLanguage\":\"sv-SV\",\"url\":\"https:\/\/www.alchemillasapotek.com\/wp-content\/uploads\/2016\/11\/Logo-AlchemillasApotek-homepage.png\",\"contentUrl\":\"https:\/\/www.alchemillasapotek.com\/wp-content\/uploads\/2016\/11\/Logo-AlchemillasApotek-homepage.png\",\"width\":592,\"height\":580,\"caption\":\"Alchemillas Apotek\"},\"image\":{\"@id\":\"http:\/\/www.alchemillasapotek.com\/sv\/#logo\"}},{\"@type\":\"WebSite\",\"@id\":\"http:\/\/www.alchemillasapotek.com\/sv\/#website\",\"url\":\"http:\/\/www.alchemillasapotek.com\/sv\/\",\"name\":\"Alchemillas Apotek\",\"description\":\"Spagyric Tinctures &amp; Initiatic Plantmedicine for vibrant health and spiritual evolution.\",\"publisher\":{\"@id\":\"http:\/\/www.alchemillasapotek.com\/sv\/#organization\"},\"potentialAction\":[{\"@type\":\"SearchAction\",\"target\":{\"@type\":\"EntryPoint\",\"urlTemplate\":\"http:\/\/www.alchemillasapotek.com\/sv\/?s={search_term_string}\"},\"query-input\":\"required name=search_term_string\"}],\"inLanguage\":\"sv-SV\"},{\"@type\":\"ImageObject\",\"@id\":\"http:\/\/www.alchemillasapotek.com\/water\/centella-asiatica\/#primaryimage\",\"inLanguage\":\"sv-SV\",\"url\":\"https:\/\/www.alchemillasapotek.com\/wp-content\/uploads\/2016\/11\/IMG_1578-e1480343138160.jpg\",\"contentUrl\":\"https:\/\/www.alchemillasapotek.com\/wp-content\/uploads\/2016\/11\/IMG_1578-e1480343138160.jpg\",\"width\":1200,\"height\":1200,\"caption\":\"Centella Asiatica\"},{\"@type\":\"WebPage\",\"@id\":\"http:\/\/www.alchemillasapotek.com\/water\/centella-asiatica\/#webpage\",\"url\":\"http:\/\/www.alchemillasapotek.com\/water\/centella-asiatica\/\",\"name\":\"Gotu Kola ~ Alchemillas Apotek\",\"isPartOf\":{\"@id\":\"http:\/\/www.alchemillasapotek.com\/sv\/#website\"},\"primaryImageOfPage\":{\"@id\":\"http:\/\/www.alchemillasapotek.com\/water\/centella-asiatica\/#primaryimage\"},\"datePublished\":\"2016-11-28T14:20:57+00:00\",\"dateModified\":\"2017-01-14T15:37:45+00:00\",\"description\":\"Alchemillas Apotek: spagyric tinctures, hydrosols, services, and formulas. Please contact us for more information.\",\"breadcrumb\":{\"@id\":\"http:\/\/www.alchemillasapotek.com\/water\/centella-asiatica\/#breadcrumb\"},\"inLanguage\":\"sv-SV\",\"potentialAction\":[{\"@type\":\"ReadAction\",\"target\":[\"http:\/\/www.alchemillasapotek.com\/water\/centella-asiatica\/\"]}]},{\"@type\":\"BreadcrumbList\",\"@id\":\"http:\/\/www.alchemillasapotek.com\/water\/centella-asiatica\/#breadcrumb\",\"itemListElement\":[{\"@type\":\"ListItem\",\"position\":1,\"name\":\"Home\",\"item\":\"http:\/\/www.alchemillasapotek.com\/sv\/\"},{\"@type\":\"ListItem\",\"position\":2,\"name\":\"Vatten\",\"item\":\"http:\/\/www.alchemillasapotek.com\/sv\/water\/\"},{\"@type\":\"ListItem\",\"position\":3,\"name\":\"Gotu Kola\"}]}]}<\/script>\n<!-- \/ Yoast SEO plugin. -->","yoast_head_json":{"title":"Gotu Kola ~ Alchemillas Apotek","description":"Alchemillas Apotek: spagyric tinctures, hydrosols, services, and formulas. Please contact us for more information.","robots":{"index":"index","follow":"follow","max-snippet":"max-snippet:-1","max-image-preview":"max-image-preview:large","max-video-preview":"max-video-preview:-1"},"canonical":"http:\/\/www.alchemillasapotek.com\/water\/centella-asiatica\/","og_locale":"en_US","og_type":"article","og_title":"Gotu Kola ~ Alchemillas Apotek","og_description":"Alchemillas Apotek: spagyric tinctures, hydrosols, services, and formulas. Please contact us for more information.","og_url":"http:\/\/www.alchemillasapotek.com\/water\/centella-asiatica\/","og_site_name":"Alchemillas Apotek","article_publisher":"https:\/\/www.facebook.com\/AlchemillasApotek\/","article_modified_time":"2017-01-14T15:37:45+00:00","og_image":[{"width":1200,"height":1200,"url":"http:\/\/www.alchemillasapotek.com\/wp-content\/uploads\/2016\/11\/IMG_1578-e1480343138160.jpg","type":"image\/jpeg"}],"twitter_card":"summary","twitter_site":"@lisajeannin","schema":{"@context":"https:\/\/schema.org","@graph":[{"@type":"Organization","@id":"http:\/\/www.alchemillasapotek.com\/sv\/#organization","name":"Alchemillas Apotek","url":"http:\/\/www.alchemillasapotek.com\/sv\/","sameAs":["https:\/\/www.facebook.com\/AlchemillasApotek\/","https:\/\/www.instagram.com\/alchemillasapotek\/","https:\/\/twitter.com\/lisajeannin"],"logo":{"@type":"ImageObject","@id":"http:\/\/www.alchemillasapotek.com\/sv\/#logo","inLanguage":"sv-SV","url":"https:\/\/www.alchemillasapotek.com\/wp-content\/uploads\/2016\/11\/Logo-AlchemillasApotek-homepage.png","contentUrl":"https:\/\/www.alchemillasapotek.com\/wp-content\/uploads\/2016\/11\/Logo-AlchemillasApotek-homepage.png","width":592,"height":580,"caption":"Alchemillas Apotek"},"image":{"@id":"http:\/\/www.alchemillasapotek.com\/sv\/#logo"}},{"@type":"WebSite","@id":"http:\/\/www.alchemillasapotek.com\/sv\/#website","url":"http:\/\/www.alchemillasapotek.com\/sv\/","name":"Alchemillas Apotek","description":"Spagyric Tinctures &amp; Initiatic Plantmedicine for vibrant health and spiritual evolution.","publisher":{"@id":"http:\/\/www.alchemillasapotek.com\/sv\/#organization"},"potentialAction":[{"@type":"SearchAction","target":{"@type":"EntryPoint","urlTemplate":"http:\/\/www.alchemillasapotek.com\/sv\/?s={search_term_string}"},"query-input":"required name=search_term_string"}],"inLanguage":"sv-SV"},{"@type":"ImageObject","@id":"http:\/\/www.alchemillasapotek.com\/water\/centella-asiatica\/#primaryimage","inLanguage":"sv-SV","url":"https:\/\/www.alchemillasapotek.com\/wp-content\/uploads\/2016\/11\/IMG_1578-e1480343138160.jpg","contentUrl":"https:\/\/www.alchemillasapotek.com\/wp-content\/uploads\/2016\/11\/IMG_1578-e1480343138160.jpg","width":1200,"height":1200,"caption":"Centella Asiatica"},{"@type":"WebPage","@id":"http:\/\/www.alchemillasapotek.com\/water\/centella-asiatica\/#webpage","url":"http:\/\/www.alchemillasapotek.com\/water\/centella-asiatica\/","name":"Gotu Kola ~ Alchemillas Apotek","isPartOf":{"@id":"http:\/\/www.alchemillasapotek.com\/sv\/#website"},"primaryImageOfPage":{"@id":"http:\/\/www.alchemillasapotek.com\/water\/centella-asiatica\/#primaryimage"},"datePublished":"2016-11-28T14:20:57+00:00","dateModified":"2017-01-14T15:37:45+00:00","description":"Alchemillas Apotek: spagyric tinctures, hydrosols, services, and formulas. Please contact us for more information.","breadcrumb":{"@id":"http:\/\/www.alchemillasapotek.com\/water\/centella-asiatica\/#breadcrumb"},"inLanguage":"sv-SV","potentialAction":[{"@type":"ReadAction","target":["http:\/\/www.alchemillasapotek.com\/water\/centella-asiatica\/"]}]},{"@type":"BreadcrumbList","@id":"http:\/\/www.alchemillasapotek.com\/water\/centella-asiatica\/#breadcrumb","itemListElement":[{"@type":"ListItem","position":1,"name":"Home","item":"http:\/\/www.alchemillasapotek.com\/sv\/"},{"@type":"ListItem","position":2,"name":"Vatten","item":"http:\/\/www.alchemillasapotek.com\/sv\/water\/"},{"@type":"ListItem","position":3,"name":"Gotu Kola"}]}]}},"_links":{"self":[{"href":"https:\/\/www.alchemillasapotek.com\/sv\/wp-json\/wp\/v2\/product\/453"}],"collection":[{"href":"https:\/\/www.alchemillasapotek.com\/sv\/wp-json\/wp\/v2\/product"}],"about":[{"href":"https:\/\/www.alchemillasapotek.com\/sv\/wp-json\/wp\/v2\/types\/product"}],"replies":[{"embeddable":true,"href":"https:\/\/www.alchemillasapotek.com\/sv\/wp-json\/wp\/v2\/comments?post=453"}],"wp:featuredmedia":[{"embeddable":true,"href":"https:\/\/www.alchemillasapotek.com\/sv\/wp-json\/wp\/v2\/media\/457"}],"wp:attachment":[{"href":"https:\/\/www.alchemillasapotek.com\/sv\/wp-json\/wp\/v2\/media?parent=453"}],"wp:term":[{"taxonomy":"product_cat","embeddable":true,"href":"https:\/\/www.alchemillasapotek.com\/sv\/wp-json\/wp\/v2\/product_cat?post=453"},{"taxonomy":"product_tag","embeddable":true,"href":"https:\/\/www.alchemillasapotek.com\/sv\/wp-json\/wp\/v2\/product_tag?post=453"}],"curies":[{"name":"wp","href":"https:\/\/api.w.org\/{rel}","templated":true}]}}