{"id":459,"date":"2016-11-28T14:30:10","date_gmt":"2016-11-28T14:30:10","guid":{"rendered":"http:\/\/www.alchemillasapotek.com\/water-2\/singularspagyrictinctures\/ginkgo-biloba\/"},"modified":"2018-11-03T11:13:01","modified_gmt":"2018-11-03T11:13:01","slug":"ginkgo-biloba","status":"publish","type":"product","link":"https:\/\/www.alchemillasapotek.com\/sv\/water\/ginkgo-biloba\/","title":{"rendered":"Ginkgo"},"content":{"rendered":"<h5>Spagyrisk tinktur av Ginkgo Biloba.<\/h5>\n<p>Ta 7 droppar om dagen direkt p\u00e5 tungan eller med lite rumstempererat vatten eller te.<\/p>\n<p>Undvik om du \u00e4ter blodtryckss\u00e4nkande medicin och konsultera din l\u00e4kare om du \u00e4ter annan receptbelagd medicin.<\/p>\n<hr \/>\n<p>Goethe skrev det h\u00e4r om Ginkgo Biloba:<\/p>\n<p>This leaf from a tree in the East,<br \/>\nHas been given to my garden.<br \/>\nIt reveals a certain secret,<br \/>\nWhich pleases me and thoughtful people.<\/p>\n<p>Does it represent One living creature<br \/>\nWhich has divided itself?<br \/>\nOr are these Two, which have decided,<br \/>\nThat they should be as One?<\/p>\n<p>To reply to such a Question,<br \/>\nI found the right answer:<br \/>\nDo you notice in my songs and verses<br \/>\nThat I am One and Two?<\/p>\n<p><img loading=\"lazy\" class=\"alignnone size-large wp-image-462\" src=\"\/\/www.alchemillasapotek.com\/wp-content\/uploads\/2016\/11\/blad-1024x1024.jpg\" alt=\"Ginkgo Biloba\" width=\"1024\" height=\"1024\" \/> <img loading=\"lazy\" class=\"alignnone size-large wp-image-461\" src=\"\/\/www.alchemillasapotek.com\/wp-content\/uploads\/2016\/11\/IMG_1345-1024x1024.jpg\" alt=\"Ginkgo Biloba\" width=\"1024\" height=\"1024\" \/>","protected":false},"excerpt":{"rendered":"<p>Ginkgotr\u00e4den har levt p\u00e5 v\u00e5r jord i \u00f6ver 300 millioner \u00e5r.<\/p>\n<p><img loading=\"lazy\" class=\"alignnone size-full wp-image-244\" src=\"\/\/www.alchemillasapotek.com\/wp-content\/uploads\/2016\/11\/SST-Salt.png\" alt=\"Salt\" width=\"40\" height=\"40\" \/><\/p>\n<p>Jag sk\u00f6rdar Ginkgons blad i 3 omg\u00e5ngar. Bladen inneh\u00e5ller olika verksamma \u00e4mnen i olika stadier. Ginkgo f\u00f6rb\u00e4ttrar cirkulationen vilket g\u00f6r att den st\u00f6djer hj\u00e4rtat och f\u00f6rb\u00e4ttrar blodfl\u00f6det i v\u00e4vnader och organ, vilket skyddar cellerna mot att skadas av oxidering av fria radikaler. Ginkgon \u00e4r allts\u00e5 en antioxidant och f\u00f6rb\u00e4ttrar upptaget av n\u00e4rings\u00e4mnen, ger livsviktig syretillf\u00f6rsel till varje cell. Den \u00e4r mycket bra f\u00f6r syn och h\u00f6rsel-relaterade besv\u00e4r tack vare dessa egenskaper. Det \u00e4r \u00e4ven dessa egenskaper som g\u00f6r att den st\u00f6djer minnet och \u00e4r bra f\u00f6r hj\u00e4rnan.<\/p>\n<p><img loading=\"lazy\" class=\"alignnone size-full wp-image-223\" src=\"\/\/www.alchemillasapotek.com\/wp-content\/uploads\/2016\/11\/SST-Mercury.png\" alt=\"Mercury\" width=\"38\" height=\"50\" \/><\/p>\n<p>Ginkgo \u00e4r bra mot tr\u00f6tthet, ger energi och \u00e4r bra mot depression genom sina speciella fytokemikalier. Ginkgo \u00e4r en av de Nootropiska v\u00e4xterna som f\u00f6rb\u00e4ttrar mentala funktioner s\u00e5 som kognitiv f\u00f6rm\u00e5ga, intelligens, motivation. minnesfunktion och koncentration.<\/p>\n<p><img loading=\"lazy\" class=\"alignnone size-full wp-image-245\" src=\"\/\/www.alchemillasapotek.com\/wp-content\/uploads\/2016\/11\/SST-Sulphur.png\" alt=\"Sulphur\" width=\"40\" height=\"40\" \/><\/p>\n<p>N\u00e5gonting intressant med Ginkgons blad \u00e4r att de ser lite ut som tv\u00e5 hj\u00e4rnhalvor. Naturen kommunicerar med oss via <em>signatur<\/em>l\u00e4ran, signs of nature, naturens teckenspr\u00e5k.&hellip; <a class=\"kt-excerpt-readmore\" href=\"https:\/\/www.alchemillasapotek.com\/sv\/water\/ginkgo-biloba\/\" aria-label=\"Ginkgo\">Read More<\/a><\/p>\n","protected":false},"featured_media":460,"comment_status":"closed","ping_status":"closed","template":"","meta":[],"product_cat":[6,17],"product_tag":[58,101,92,102,248,44,22],"yoast_head":"<!-- This site is optimized with the Yoast SEO plugin v18.4.1 - https:\/\/yoast.com\/wordpress\/plugins\/seo\/ -->\n<title>Ginkgo ~ Alchemillas Apotek<\/title>\n<meta name=\"description\" content=\"Alchemillas Apotek: spagyric tinctures, hydrosols, services, and formulas. Please contact us for more information.\" \/>\n<meta name=\"robots\" content=\"index, follow, max-snippet:-1, max-image-preview:large, max-video-preview:-1\" \/>\n<link rel=\"canonical\" href=\"http:\/\/www.alchemillasapotek.com\/water\/ginkgo-biloba\/\" \/>\n<meta property=\"og:locale\" content=\"en_US\" \/>\n<meta property=\"og:type\" content=\"article\" \/>\n<meta property=\"og:title\" content=\"Ginkgo ~ Alchemillas Apotek\" \/>\n<meta property=\"og:description\" content=\"Alchemillas Apotek: spagyric tinctures, hydrosols, services, and formulas. Please contact us for more information.\" \/>\n<meta property=\"og:url\" content=\"http:\/\/www.alchemillasapotek.com\/water\/ginkgo-biloba\/\" \/>\n<meta property=\"og:site_name\" content=\"Alchemillas Apotek\" \/>\n<meta property=\"article:publisher\" content=\"https:\/\/www.facebook.com\/AlchemillasApotek\/\" \/>\n<meta property=\"article:modified_time\" content=\"2018-11-03T11:13:01+00:00\" \/>\n<meta property=\"og:image\" content=\"http:\/\/www.alchemillasapotek.com\/wp-content\/uploads\/2016\/11\/IMG_1699-e1480343493956.jpg\" \/>\n\t<meta property=\"og:image:width\" content=\"1200\" \/>\n\t<meta property=\"og:image:height\" content=\"1200\" \/>\n\t<meta property=\"og:image:type\" content=\"image\/jpeg\" \/>\n<meta name=\"twitter:card\" content=\"summary\" \/>\n<meta name=\"twitter:site\" content=\"@lisajeannin\" \/>\n<meta name=\"twitter:label1\" content=\"Est. reading time\" \/>\n\t<meta name=\"twitter:data1\" content=\"1 minute\" \/>\n<script type=\"application\/ld+json\" class=\"yoast-schema-graph\">{\"@context\":\"https:\/\/schema.org\",\"@graph\":[{\"@type\":\"Organization\",\"@id\":\"http:\/\/www.alchemillasapotek.com\/#organization\",\"name\":\"Alchemillas Apotek\",\"url\":\"http:\/\/www.alchemillasapotek.com\/\",\"sameAs\":[\"https:\/\/www.facebook.com\/AlchemillasApotek\/\",\"https:\/\/www.instagram.com\/alchemillasapotek\/\",\"https:\/\/twitter.com\/lisajeannin\"],\"logo\":{\"@type\":\"ImageObject\",\"@id\":\"http:\/\/www.alchemillasapotek.com\/#logo\",\"inLanguage\":\"sv-SV\",\"url\":\"https:\/\/www.alchemillasapotek.com\/wp-content\/uploads\/2016\/11\/Logo-AlchemillasApotek-homepage.png\",\"contentUrl\":\"https:\/\/www.alchemillasapotek.com\/wp-content\/uploads\/2016\/11\/Logo-AlchemillasApotek-homepage.png\",\"width\":592,\"height\":580,\"caption\":\"Alchemillas Apotek\"},\"image\":{\"@id\":\"http:\/\/www.alchemillasapotek.com\/#logo\"}},{\"@type\":\"WebSite\",\"@id\":\"http:\/\/www.alchemillasapotek.com\/#website\",\"url\":\"http:\/\/www.alchemillasapotek.com\/\",\"name\":\"Alchemillas Apotek\",\"description\":\"Spagyric Tinctures &amp; Initiatic Plantmedicine for vibrant health and spiritual evolution.\",\"publisher\":{\"@id\":\"http:\/\/www.alchemillasapotek.com\/#organization\"},\"potentialAction\":[{\"@type\":\"SearchAction\",\"target\":{\"@type\":\"EntryPoint\",\"urlTemplate\":\"http:\/\/www.alchemillasapotek.com\/?s={search_term_string}\"},\"query-input\":\"required name=search_term_string\"}],\"inLanguage\":\"sv-SV\"},{\"@type\":\"ImageObject\",\"@id\":\"http:\/\/www.alchemillasapotek.com\/water\/ginkgo-biloba\/#primaryimage\",\"inLanguage\":\"sv-SV\",\"url\":\"https:\/\/www.alchemillasapotek.com\/wp-content\/uploads\/2016\/11\/IMG_1699-e1480343493956.jpg\",\"contentUrl\":\"https:\/\/www.alchemillasapotek.com\/wp-content\/uploads\/2016\/11\/IMG_1699-e1480343493956.jpg\",\"width\":1200,\"height\":1200,\"caption\":\"Ginkgo Biloba\"},{\"@type\":\"WebPage\",\"@id\":\"http:\/\/www.alchemillasapotek.com\/water\/ginkgo-biloba\/#webpage\",\"url\":\"http:\/\/www.alchemillasapotek.com\/water\/ginkgo-biloba\/\",\"name\":\"Ginkgo ~ Alchemillas Apotek\",\"isPartOf\":{\"@id\":\"http:\/\/www.alchemillasapotek.com\/#website\"},\"primaryImageOfPage\":{\"@id\":\"http:\/\/www.alchemillasapotek.com\/water\/ginkgo-biloba\/#primaryimage\"},\"datePublished\":\"2016-11-28T14:30:10+00:00\",\"dateModified\":\"2018-11-03T11:13:01+00:00\",\"description\":\"Alchemillas Apotek: spagyric tinctures, hydrosols, services, and formulas. Please contact us for more information.\",\"breadcrumb\":{\"@id\":\"http:\/\/www.alchemillasapotek.com\/water\/ginkgo-biloba\/#breadcrumb\"},\"inLanguage\":\"sv-SV\",\"potentialAction\":[{\"@type\":\"ReadAction\",\"target\":[\"http:\/\/www.alchemillasapotek.com\/water\/ginkgo-biloba\/\"]}]},{\"@type\":\"BreadcrumbList\",\"@id\":\"http:\/\/www.alchemillasapotek.com\/water\/ginkgo-biloba\/#breadcrumb\",\"itemListElement\":[{\"@type\":\"ListItem\",\"position\":1,\"name\":\"Home\",\"item\":\"http:\/\/www.alchemillasapotek.com\/\"},{\"@type\":\"ListItem\",\"position\":2,\"name\":\"Water\",\"item\":\"http:\/\/www.alchemillasapotek.com\/water\/\"},{\"@type\":\"ListItem\",\"position\":3,\"name\":\"Ginkgo\"}]}]}<\/script>\n<!-- \/ Yoast SEO plugin. -->","yoast_head_json":{"title":"Ginkgo ~ Alchemillas Apotek","description":"Alchemillas Apotek: spagyric tinctures, hydrosols, services, and formulas. Please contact us for more information.","robots":{"index":"index","follow":"follow","max-snippet":"max-snippet:-1","max-image-preview":"max-image-preview:large","max-video-preview":"max-video-preview:-1"},"canonical":"http:\/\/www.alchemillasapotek.com\/water\/ginkgo-biloba\/","og_locale":"en_US","og_type":"article","og_title":"Ginkgo ~ Alchemillas Apotek","og_description":"Alchemillas Apotek: spagyric tinctures, hydrosols, services, and formulas. Please contact us for more information.","og_url":"http:\/\/www.alchemillasapotek.com\/water\/ginkgo-biloba\/","og_site_name":"Alchemillas Apotek","article_publisher":"https:\/\/www.facebook.com\/AlchemillasApotek\/","article_modified_time":"2018-11-03T11:13:01+00:00","og_image":[{"width":1200,"height":1200,"url":"http:\/\/www.alchemillasapotek.com\/wp-content\/uploads\/2016\/11\/IMG_1699-e1480343493956.jpg","type":"image\/jpeg"}],"twitter_card":"summary","twitter_site":"@lisajeannin","twitter_misc":{"Est. reading time":"1 minute"},"schema":{"@context":"https:\/\/schema.org","@graph":[{"@type":"Organization","@id":"http:\/\/www.alchemillasapotek.com\/#organization","name":"Alchemillas Apotek","url":"http:\/\/www.alchemillasapotek.com\/","sameAs":["https:\/\/www.facebook.com\/AlchemillasApotek\/","https:\/\/www.instagram.com\/alchemillasapotek\/","https:\/\/twitter.com\/lisajeannin"],"logo":{"@type":"ImageObject","@id":"http:\/\/www.alchemillasapotek.com\/#logo","inLanguage":"sv-SV","url":"https:\/\/www.alchemillasapotek.com\/wp-content\/uploads\/2016\/11\/Logo-AlchemillasApotek-homepage.png","contentUrl":"https:\/\/www.alchemillasapotek.com\/wp-content\/uploads\/2016\/11\/Logo-AlchemillasApotek-homepage.png","width":592,"height":580,"caption":"Alchemillas Apotek"},"image":{"@id":"http:\/\/www.alchemillasapotek.com\/#logo"}},{"@type":"WebSite","@id":"http:\/\/www.alchemillasapotek.com\/#website","url":"http:\/\/www.alchemillasapotek.com\/","name":"Alchemillas Apotek","description":"Spagyric Tinctures &amp; Initiatic Plantmedicine for vibrant health and spiritual evolution.","publisher":{"@id":"http:\/\/www.alchemillasapotek.com\/#organization"},"potentialAction":[{"@type":"SearchAction","target":{"@type":"EntryPoint","urlTemplate":"http:\/\/www.alchemillasapotek.com\/?s={search_term_string}"},"query-input":"required name=search_term_string"}],"inLanguage":"sv-SV"},{"@type":"ImageObject","@id":"http:\/\/www.alchemillasapotek.com\/water\/ginkgo-biloba\/#primaryimage","inLanguage":"sv-SV","url":"https:\/\/www.alchemillasapotek.com\/wp-content\/uploads\/2016\/11\/IMG_1699-e1480343493956.jpg","contentUrl":"https:\/\/www.alchemillasapotek.com\/wp-content\/uploads\/2016\/11\/IMG_1699-e1480343493956.jpg","width":1200,"height":1200,"caption":"Ginkgo Biloba"},{"@type":"WebPage","@id":"http:\/\/www.alchemillasapotek.com\/water\/ginkgo-biloba\/#webpage","url":"http:\/\/www.alchemillasapotek.com\/water\/ginkgo-biloba\/","name":"Ginkgo ~ Alchemillas Apotek","isPartOf":{"@id":"http:\/\/www.alchemillasapotek.com\/#website"},"primaryImageOfPage":{"@id":"http:\/\/www.alchemillasapotek.com\/water\/ginkgo-biloba\/#primaryimage"},"datePublished":"2016-11-28T14:30:10+00:00","dateModified":"2018-11-03T11:13:01+00:00","description":"Alchemillas Apotek: spagyric tinctures, hydrosols, services, and formulas. Please contact us for more information.","breadcrumb":{"@id":"http:\/\/www.alchemillasapotek.com\/water\/ginkgo-biloba\/#breadcrumb"},"inLanguage":"sv-SV","potentialAction":[{"@type":"ReadAction","target":["http:\/\/www.alchemillasapotek.com\/water\/ginkgo-biloba\/"]}]},{"@type":"BreadcrumbList","@id":"http:\/\/www.alchemillasapotek.com\/water\/ginkgo-biloba\/#breadcrumb","itemListElement":[{"@type":"ListItem","position":1,"name":"Home","item":"http:\/\/www.alchemillasapotek.com\/"},{"@type":"ListItem","position":2,"name":"Water","item":"http:\/\/www.alchemillasapotek.com\/water\/"},{"@type":"ListItem","position":3,"name":"Ginkgo"}]}]}},"_links":{"self":[{"href":"https:\/\/www.alchemillasapotek.com\/sv\/wp-json\/wp\/v2\/product\/459"}],"collection":[{"href":"https:\/\/www.alchemillasapotek.com\/sv\/wp-json\/wp\/v2\/product"}],"about":[{"href":"https:\/\/www.alchemillasapotek.com\/sv\/wp-json\/wp\/v2\/types\/product"}],"replies":[{"embeddable":true,"href":"https:\/\/www.alchemillasapotek.com\/sv\/wp-json\/wp\/v2\/comments?post=459"}],"wp:featuredmedia":[{"embeddable":true,"href":"https:\/\/www.alchemillasapotek.com\/sv\/wp-json\/wp\/v2\/media\/460"}],"wp:attachment":[{"href":"https:\/\/www.alchemillasapotek.com\/sv\/wp-json\/wp\/v2\/media?parent=459"}],"wp:term":[{"taxonomy":"product_cat","embeddable":true,"href":"https:\/\/www.alchemillasapotek.com\/sv\/wp-json\/wp\/v2\/product_cat?post=459"},{"taxonomy":"product_tag","embeddable":true,"href":"https:\/\/www.alchemillasapotek.com\/sv\/wp-json\/wp\/v2\/product_tag?post=459"}],"curies":[{"name":"wp","href":"https:\/\/api.w.org\/{rel}","templated":true}]}}