{"id":473,"date":"2016-11-28T15:02:33","date_gmt":"2016-11-28T15:02:33","guid":{"rendered":"http:\/\/www.alchemillasapotek.com\/water-2\/hydrosols\/hydrosol-lavandula-angustifolia\/"},"modified":"2017-01-15T12:24:07","modified_gmt":"2017-01-15T12:24:07","slug":"hydrosol-lavandula-angustifolia","status":"publish","type":"product","link":"https:\/\/www.alchemillasapotek.com\/sv\/water\/hydrosol-lavandula-angustifolia\/","title":{"rendered":"Hydrolat av Lavandula Angustifolia"},"content":{"rendered":"<h5>Kan anv\u00e4ndas vid:<\/h5>\n<p>&nbsp;<\/p>\n<p>Solsveda<\/p>\n<p>Sk\u00e4rs\u00e5r<\/p>\n<p>Insektsbett<\/p>\n<p>V\u00e4rmevallningar, v\u00e4rmeb\u00f6lja<\/p>\n<p>\u00c4terfukta huden och lindra tunga ben p\u00e5 l\u00e5nga flygplansresor<\/p>\n<p>Huvudv\u00e4rk<\/p>\n<p>PMS<\/p>\n<p>F\u00f6r att f\u00f6r\u00e4ndra atmosf\u00e4ren i ett rum (lugn, gl\u00e4dje, kronchakrat)<\/p>\n<p>Lavendel \u00e4r bra efter traumatiska upplevelser och chock<\/p>\n<p>Att ha i badet f\u00f6r att varva ner (f\u00f6r att lugna barn och vuxna inf\u00f6r s\u00e4ngdags)<\/p>\n<p>Spraya p\u00e5 tinningar och f\u00f6tter f\u00f6r att varva ner<\/p>\n<p>Att blanda med havregryn f\u00f6r en djupreng\u00f6rande och n\u00e4rande ansiktsmask<\/p>\n<p>Bra f\u00f6r att tv\u00e4tta bort smink<\/p>\n<p>God i matlagning och dryck<\/p>\n<p><img loading=\"lazy\" class=\"alignnone size-large wp-image-475\" src=\"\/\/www.alchemillasapotek.com\/wp-content\/uploads\/2016\/11\/lavendel-1-1024x1024.jpg\" alt=\"lavendel\" width=\"1024\" height=\"1024\" \/>","protected":false},"excerpt":{"rendered":"<h5>Blommig och n\u00e5got s\u00f6t honungsaktig doft med djupa basnoter<\/h5>\n<p>Lugnande, svalkande f\u00f6r kroppen, sinnet och anden<\/p>\n<p>Ett Balsam f\u00f6r sj\u00e4len<\/p>\n<p>Spraya p\u00e5 huden, bra f\u00f6r alla hudtyper \u00e4ven en babys k\u00e4nsliga.&hellip; <a class=\"kt-excerpt-readmore\" href=\"https:\/\/www.alchemillasapotek.com\/sv\/water\/hydrosol-lavandula-angustifolia\/\" aria-label=\"Hydrolat av Lavandula Angustifolia\">Read More<\/a><\/p>\n","protected":false},"featured_media":474,"comment_status":"closed","ping_status":"closed","template":"","meta":[],"product_cat":[8],"product_tag":[277,280,271,273,27,166,22,272,276,77,278,66,274,279,275],"yoast_head":"<!-- This site is optimized with the Yoast SEO plugin v18.4.1 - https:\/\/yoast.com\/wordpress\/plugins\/seo\/ -->\n<title>Hydrolat av Lavandula Angustifolia ~ Alchemillas Apotek<\/title>\n<meta name=\"description\" content=\"Alchemillas Apotek: spagyric tinctures, hydrosols, services, and formulas. Please contact us for more information.\" \/>\n<meta name=\"robots\" content=\"index, follow, max-snippet:-1, max-image-preview:large, max-video-preview:-1\" \/>\n<link rel=\"canonical\" href=\"https:\/\/www.alchemillasapotek.com\/sv\/water\/hydrosol-lavandula-angustifolia\/\" \/>\n<meta property=\"og:locale\" content=\"en_US\" \/>\n<meta property=\"og:type\" content=\"article\" \/>\n<meta property=\"og:title\" content=\"[:en]Hydrosol of Lavandula Angustifolia[:sv]Hydrolat av Lavandula Angustifolia[:] ~ Alchemillas Apotek\" \/>\n<meta property=\"og:description\" content=\"Alchemillas Apotek: spagyric tinctures, hydrosols, services, and formulas. Please contact us for more information.\" \/>\n<meta property=\"og:url\" content=\"https:\/\/www.alchemillasapotek.com\/sv\/water\/hydrosol-lavandula-angustifolia\/\" \/>\n<meta property=\"og:site_name\" content=\"Alchemillas Apotek\" \/>\n<meta property=\"article:publisher\" content=\"https:\/\/www.facebook.com\/AlchemillasApotek\/\" \/>\n<meta property=\"article:modified_time\" content=\"2017-01-15T12:24:07+00:00\" \/>\n<meta property=\"og:image\" content=\"https:\/\/www.alchemillasapotek.com\/wp-content\/uploads\/2016\/11\/IMG_1807-e1480345610863.jpg\" \/>\n\t<meta property=\"og:image:width\" content=\"1200\" \/>\n\t<meta property=\"og:image:height\" content=\"1200\" \/>\n\t<meta property=\"og:image:type\" content=\"image\/jpeg\" \/>\n<meta name=\"twitter:card\" content=\"summary\" \/>\n<meta name=\"twitter:site\" content=\"@lisajeannin\" \/>\n<meta name=\"twitter:label1\" content=\"Est. reading time\" \/>\n\t<meta name=\"twitter:data1\" content=\"1 minute\" \/>\n<script type=\"application\/ld+json\" class=\"yoast-schema-graph\">{\"@context\":\"https:\/\/schema.org\",\"@graph\":[{\"@type\":\"Organization\",\"@id\":\"http:\/\/www.alchemillasapotek.com\/#organization\",\"name\":\"Alchemillas Apotek\",\"url\":\"http:\/\/www.alchemillasapotek.com\/\",\"sameAs\":[\"https:\/\/www.facebook.com\/AlchemillasApotek\/\",\"https:\/\/www.instagram.com\/alchemillasapotek\/\",\"https:\/\/twitter.com\/lisajeannin\"],\"logo\":{\"@type\":\"ImageObject\",\"@id\":\"http:\/\/www.alchemillasapotek.com\/#logo\",\"inLanguage\":\"sv-SV\",\"url\":\"https:\/\/www.alchemillasapotek.com\/wp-content\/uploads\/2016\/11\/Logo-AlchemillasApotek-homepage.png\",\"contentUrl\":\"https:\/\/www.alchemillasapotek.com\/wp-content\/uploads\/2016\/11\/Logo-AlchemillasApotek-homepage.png\",\"width\":592,\"height\":580,\"caption\":\"Alchemillas Apotek\"},\"image\":{\"@id\":\"http:\/\/www.alchemillasapotek.com\/#logo\"}},{\"@type\":\"WebSite\",\"@id\":\"http:\/\/www.alchemillasapotek.com\/#website\",\"url\":\"http:\/\/www.alchemillasapotek.com\/\",\"name\":\"Alchemillas Apotek\",\"description\":\"Spagyric Tinctures &amp; Initiatic Plantmedicine for vibrant health and spiritual evolution.\",\"publisher\":{\"@id\":\"http:\/\/www.alchemillasapotek.com\/#organization\"},\"potentialAction\":[{\"@type\":\"SearchAction\",\"target\":{\"@type\":\"EntryPoint\",\"urlTemplate\":\"http:\/\/www.alchemillasapotek.com\/?s={search_term_string}\"},\"query-input\":\"required name=search_term_string\"}],\"inLanguage\":\"sv-SV\"},{\"@type\":\"ImageObject\",\"@id\":\"https:\/\/www.alchemillasapotek.com\/sv\/water\/hydrosol-lavandula-angustifolia\/#primaryimage\",\"inLanguage\":\"sv-SV\",\"url\":\"https:\/\/www.alchemillasapotek.com\/wp-content\/uploads\/2016\/11\/IMG_1807-e1480345610863.jpg\",\"contentUrl\":\"https:\/\/www.alchemillasapotek.com\/wp-content\/uploads\/2016\/11\/IMG_1807-e1480345610863.jpg\",\"width\":1200,\"height\":1200,\"caption\":\"Lavandula Angustifolia\"},{\"@type\":\"WebPage\",\"@id\":\"https:\/\/www.alchemillasapotek.com\/sv\/water\/hydrosol-lavandula-angustifolia\/#webpage\",\"url\":\"https:\/\/www.alchemillasapotek.com\/sv\/water\/hydrosol-lavandula-angustifolia\/\",\"name\":\"[:en]Hydrosol of Lavandula Angustifolia[:sv]Hydrolat av Lavandula Angustifolia[:] ~ Alchemillas Apotek\",\"isPartOf\":{\"@id\":\"http:\/\/www.alchemillasapotek.com\/#website\"},\"primaryImageOfPage\":{\"@id\":\"https:\/\/www.alchemillasapotek.com\/sv\/water\/hydrosol-lavandula-angustifolia\/#primaryimage\"},\"datePublished\":\"2016-11-28T15:02:33+00:00\",\"dateModified\":\"2017-01-15T12:24:07+00:00\",\"description\":\"Alchemillas Apotek: spagyric tinctures, hydrosols, services, and formulas. Please contact us for more information.\",\"breadcrumb\":{\"@id\":\"https:\/\/www.alchemillasapotek.com\/sv\/water\/hydrosol-lavandula-angustifolia\/#breadcrumb\"},\"inLanguage\":\"sv-SV\",\"potentialAction\":[{\"@type\":\"ReadAction\",\"target\":[\"https:\/\/www.alchemillasapotek.com\/sv\/water\/hydrosol-lavandula-angustifolia\/\"]}]},{\"@type\":\"BreadcrumbList\",\"@id\":\"https:\/\/www.alchemillasapotek.com\/sv\/water\/hydrosol-lavandula-angustifolia\/#breadcrumb\",\"itemListElement\":[{\"@type\":\"ListItem\",\"position\":1,\"name\":\"Home\",\"item\":\"http:\/\/www.alchemillasapotek.com\/\"},{\"@type\":\"ListItem\",\"position\":2,\"name\":\"Water\",\"item\":\"http:\/\/www.alchemillasapotek.com\/water\/\"},{\"@type\":\"ListItem\",\"position\":3,\"name\":\"Hydrolat av Lavandula Angustifolia\"}]}]}<\/script>\n<!-- \/ Yoast SEO plugin. -->","yoast_head_json":{"title":"[:en]Hydrosol of Lavandula Angustifolia[:sv]Hydrolat av Lavandula Angustifolia[:] ~ Alchemillas Apotek","description":"Alchemillas Apotek: spagyric tinctures, hydrosols, services, and formulas. Please contact us for more information.","robots":{"index":"index","follow":"follow","max-snippet":"max-snippet:-1","max-image-preview":"max-image-preview:large","max-video-preview":"max-video-preview:-1"},"canonical":"https:\/\/www.alchemillasapotek.com\/sv\/water\/hydrosol-lavandula-angustifolia\/","og_locale":"en_US","og_type":"article","og_title":"[:en]Hydrosol of Lavandula Angustifolia[:sv]Hydrolat av Lavandula Angustifolia[:] ~ Alchemillas Apotek","og_description":"Alchemillas Apotek: spagyric tinctures, hydrosols, services, and formulas. Please contact us for more information.","og_url":"https:\/\/www.alchemillasapotek.com\/sv\/water\/hydrosol-lavandula-angustifolia\/","og_site_name":"Alchemillas Apotek","article_publisher":"https:\/\/www.facebook.com\/AlchemillasApotek\/","article_modified_time":"2017-01-15T12:24:07+00:00","og_image":[{"width":1200,"height":1200,"url":"https:\/\/www.alchemillasapotek.com\/wp-content\/uploads\/2016\/11\/IMG_1807-e1480345610863.jpg","type":"image\/jpeg"}],"twitter_card":"summary","twitter_site":"@lisajeannin","twitter_misc":{"Est. reading time":"1 minute"},"schema":{"@context":"https:\/\/schema.org","@graph":[{"@type":"Organization","@id":"http:\/\/www.alchemillasapotek.com\/#organization","name":"Alchemillas Apotek","url":"http:\/\/www.alchemillasapotek.com\/","sameAs":["https:\/\/www.facebook.com\/AlchemillasApotek\/","https:\/\/www.instagram.com\/alchemillasapotek\/","https:\/\/twitter.com\/lisajeannin"],"logo":{"@type":"ImageObject","@id":"http:\/\/www.alchemillasapotek.com\/#logo","inLanguage":"sv-SV","url":"https:\/\/www.alchemillasapotek.com\/wp-content\/uploads\/2016\/11\/Logo-AlchemillasApotek-homepage.png","contentUrl":"https:\/\/www.alchemillasapotek.com\/wp-content\/uploads\/2016\/11\/Logo-AlchemillasApotek-homepage.png","width":592,"height":580,"caption":"Alchemillas Apotek"},"image":{"@id":"http:\/\/www.alchemillasapotek.com\/#logo"}},{"@type":"WebSite","@id":"http:\/\/www.alchemillasapotek.com\/#website","url":"http:\/\/www.alchemillasapotek.com\/","name":"Alchemillas Apotek","description":"Spagyric Tinctures &amp; Initiatic Plantmedicine for vibrant health and spiritual evolution.","publisher":{"@id":"http:\/\/www.alchemillasapotek.com\/#organization"},"potentialAction":[{"@type":"SearchAction","target":{"@type":"EntryPoint","urlTemplate":"http:\/\/www.alchemillasapotek.com\/?s={search_term_string}"},"query-input":"required name=search_term_string"}],"inLanguage":"sv-SV"},{"@type":"ImageObject","@id":"https:\/\/www.alchemillasapotek.com\/sv\/water\/hydrosol-lavandula-angustifolia\/#primaryimage","inLanguage":"sv-SV","url":"https:\/\/www.alchemillasapotek.com\/wp-content\/uploads\/2016\/11\/IMG_1807-e1480345610863.jpg","contentUrl":"https:\/\/www.alchemillasapotek.com\/wp-content\/uploads\/2016\/11\/IMG_1807-e1480345610863.jpg","width":1200,"height":1200,"caption":"Lavandula Angustifolia"},{"@type":"WebPage","@id":"https:\/\/www.alchemillasapotek.com\/sv\/water\/hydrosol-lavandula-angustifolia\/#webpage","url":"https:\/\/www.alchemillasapotek.com\/sv\/water\/hydrosol-lavandula-angustifolia\/","name":"[:en]Hydrosol of Lavandula Angustifolia[:sv]Hydrolat av Lavandula Angustifolia[:] ~ Alchemillas Apotek","isPartOf":{"@id":"http:\/\/www.alchemillasapotek.com\/#website"},"primaryImageOfPage":{"@id":"https:\/\/www.alchemillasapotek.com\/sv\/water\/hydrosol-lavandula-angustifolia\/#primaryimage"},"datePublished":"2016-11-28T15:02:33+00:00","dateModified":"2017-01-15T12:24:07+00:00","description":"Alchemillas Apotek: spagyric tinctures, hydrosols, services, and formulas. Please contact us for more information.","breadcrumb":{"@id":"https:\/\/www.alchemillasapotek.com\/sv\/water\/hydrosol-lavandula-angustifolia\/#breadcrumb"},"inLanguage":"sv-SV","potentialAction":[{"@type":"ReadAction","target":["https:\/\/www.alchemillasapotek.com\/sv\/water\/hydrosol-lavandula-angustifolia\/"]}]},{"@type":"BreadcrumbList","@id":"https:\/\/www.alchemillasapotek.com\/sv\/water\/hydrosol-lavandula-angustifolia\/#breadcrumb","itemListElement":[{"@type":"ListItem","position":1,"name":"Home","item":"http:\/\/www.alchemillasapotek.com\/"},{"@type":"ListItem","position":2,"name":"Water","item":"http:\/\/www.alchemillasapotek.com\/water\/"},{"@type":"ListItem","position":3,"name":"Hydrolat av Lavandula Angustifolia"}]}]}},"_links":{"self":[{"href":"https:\/\/www.alchemillasapotek.com\/sv\/wp-json\/wp\/v2\/product\/473"}],"collection":[{"href":"https:\/\/www.alchemillasapotek.com\/sv\/wp-json\/wp\/v2\/product"}],"about":[{"href":"https:\/\/www.alchemillasapotek.com\/sv\/wp-json\/wp\/v2\/types\/product"}],"replies":[{"embeddable":true,"href":"https:\/\/www.alchemillasapotek.com\/sv\/wp-json\/wp\/v2\/comments?post=473"}],"wp:featuredmedia":[{"embeddable":true,"href":"https:\/\/www.alchemillasapotek.com\/sv\/wp-json\/wp\/v2\/media\/474"}],"wp:attachment":[{"href":"https:\/\/www.alchemillasapotek.com\/sv\/wp-json\/wp\/v2\/media?parent=473"}],"wp:term":[{"taxonomy":"product_cat","embeddable":true,"href":"https:\/\/www.alchemillasapotek.com\/sv\/wp-json\/wp\/v2\/product_cat?post=473"},{"taxonomy":"product_tag","embeddable":true,"href":"https:\/\/www.alchemillasapotek.com\/sv\/wp-json\/wp\/v2\/product_tag?post=473"}],"curies":[{"name":"wp","href":"https:\/\/api.w.org\/{rel}","templated":true}]}}