{"id":708,"date":"2017-01-08T11:52:43","date_gmt":"2017-01-08T11:52:43","guid":{"rendered":"http:\/\/www.alchemillasapotek.com\/water-2\/singularspagyrictinctures\/solidago-virgauera\/"},"modified":"2017-01-15T12:49:26","modified_gmt":"2017-01-15T12:49:26","slug":"solidago-virgauera","status":"publish","type":"product","link":"https:\/\/www.alchemillasapotek.com\/sv\/water\/solidago-virgauera\/","title":{"rendered":"Gullris"},"content":{"rendered":"<h5>Spagyrisk tinktur av Solidago Virgauera.<\/h5>\n<p>Ta 3 droppar, 3 g\u00e5nger per dag vid allergi eller som en v\u00e5r eller h\u00f6st-st\u00e4dning.<\/p>\n<p>Drick lite mer vatten \u00e4n vanligt under denna tid f\u00f6r att sk\u00f6lja ur systemet och fylla p\u00e5. Ta direkt p\u00e5 tungan eller i lite varmt vatten.<\/p>\n<p>Anv\u00e4nd ej om du har njurproblem, \u00e4r gravid eller ammar.<\/p>\n<p><img loading=\"lazy\" class=\"alignnone wp-image-712 size-large\" src=\"\/\/www.alchemillasapotek.com\/wp-content\/uploads\/2017\/01\/IMG_1204-1024x1024.jpg\" width=\"1024\" height=\"1024\" srcset=\"https:\/\/www.alchemillasapotek.com\/wp-content\/uploads\/2017\/01\/IMG_1204-1024x1024.jpg 1024w, https:\/\/www.alchemillasapotek.com\/wp-content\/uploads\/2017\/01\/IMG_1204-300x300.jpg 300w, https:\/\/www.alchemillasapotek.com\/wp-content\/uploads\/2017\/01\/IMG_1204-100x100.jpg 100w, https:\/\/www.alchemillasapotek.com\/wp-content\/uploads\/2017\/01\/IMG_1204-456x456.jpg 456w, https:\/\/www.alchemillasapotek.com\/wp-content\/uploads\/2017\/01\/IMG_1204-220x220.jpg 220w, https:\/\/www.alchemillasapotek.com\/wp-content\/uploads\/2017\/01\/IMG_1204-460x460.jpg 460w, https:\/\/www.alchemillasapotek.com\/wp-content\/uploads\/2017\/01\/IMG_1204-768x768.jpg 768w, https:\/\/www.alchemillasapotek.com\/wp-content\/uploads\/2017\/01\/IMG_1204-400x400.jpg 400w\" sizes=\"(max-width: 1024px) 100vw, 1024px\" \/> <img loading=\"lazy\" class=\"alignnone wp-image-711 size-large\" src=\"\/\/www.alchemillasapotek.com\/wp-content\/uploads\/2017\/01\/IMG_1201-1024x1024.jpg\" width=\"1024\" height=\"1024\" srcset=\"https:\/\/www.alchemillasapotek.com\/wp-content\/uploads\/2017\/01\/IMG_1201-1024x1024.jpg 1024w, https:\/\/www.alchemillasapotek.com\/wp-content\/uploads\/2017\/01\/IMG_1201-300x300.jpg 300w, https:\/\/www.alchemillasapotek.com\/wp-content\/uploads\/2017\/01\/IMG_1201-100x100.jpg 100w, https:\/\/www.alchemillasapotek.com\/wp-content\/uploads\/2017\/01\/IMG_1201-456x456.jpg 456w, https:\/\/www.alchemillasapotek.com\/wp-content\/uploads\/2017\/01\/IMG_1201-220x220.jpg 220w, https:\/\/www.alchemillasapotek.com\/wp-content\/uploads\/2017\/01\/IMG_1201-460x460.jpg 460w, https:\/\/www.alchemillasapotek.com\/wp-content\/uploads\/2017\/01\/IMG_1201-768x768.jpg 768w, https:\/\/www.alchemillasapotek.com\/wp-content\/uploads\/2017\/01\/IMG_1201-400x400.jpg 400w\" sizes=\"(max-width: 1024px) 100vw, 1024px\" \/> <img loading=\"lazy\" class=\"alignnone wp-image-710 size-large\" src=\"\/\/www.alchemillasapotek.com\/wp-content\/uploads\/2017\/01\/IMG_0752-1024x1024.jpg\" width=\"1024\" height=\"1024\" srcset=\"https:\/\/www.alchemillasapotek.com\/wp-content\/uploads\/2017\/01\/IMG_0752-1024x1024.jpg 1024w, https:\/\/www.alchemillasapotek.com\/wp-content\/uploads\/2017\/01\/IMG_0752-300x300.jpg 300w, https:\/\/www.alchemillasapotek.com\/wp-content\/uploads\/2017\/01\/IMG_0752-100x100.jpg 100w, https:\/\/www.alchemillasapotek.com\/wp-content\/uploads\/2017\/01\/IMG_0752-456x456.jpg 456w, https:\/\/www.alchemillasapotek.com\/wp-content\/uploads\/2017\/01\/IMG_0752-220x220.jpg 220w, https:\/\/www.alchemillasapotek.com\/wp-content\/uploads\/2017\/01\/IMG_0752-460x460.jpg 460w, https:\/\/www.alchemillasapotek.com\/wp-content\/uploads\/2017\/01\/IMG_0752-768x768.jpg 768w, https:\/\/www.alchemillasapotek.com\/wp-content\/uploads\/2017\/01\/IMG_0752-400x400.jpg 400w\" sizes=\"(max-width: 1024px) 100vw, 1024px\" \/> <img loading=\"lazy\" class=\"alignnone wp-image-709 \" src=\"\/\/www.alchemillasapotek.com\/wp-content\/uploads\/2017\/01\/IMG_0726.jpg\" width=\"977\" height=\"977\" srcset=\"https:\/\/www.alchemillasapotek.com\/wp-content\/uploads\/2017\/01\/IMG_0726.jpg 640w, https:\/\/www.alchemillasapotek.com\/wp-content\/uploads\/2017\/01\/IMG_0726-300x300.jpg 300w, https:\/\/www.alchemillasapotek.com\/wp-content\/uploads\/2017\/01\/IMG_0726-100x100.jpg 100w, https:\/\/www.alchemillasapotek.com\/wp-content\/uploads\/2017\/01\/IMG_0726-456x456.jpg 456w, https:\/\/www.alchemillasapotek.com\/wp-content\/uploads\/2017\/01\/IMG_0726-220x220.jpg 220w, https:\/\/www.alchemillasapotek.com\/wp-content\/uploads\/2017\/01\/IMG_0726-460x460.jpg 460w, https:\/\/www.alchemillasapotek.com\/wp-content\/uploads\/2017\/01\/IMG_0726-400x400.jpg 400w\" sizes=\"(max-width: 977px) 100vw, 977px\" \/>","protected":false},"excerpt":{"rendered":"<p>Solidago kommer fr\u00e5n latinets solidus som betyder \u201chel\u201d, som i\u00a0 att g\u00f6ra n\u00e5gonting helt.<\/p>\n<p><img loading=\"lazy\" class=\"alignnone size-full wp-image-244\" src=\"\/\/www.alchemillasapotek.com\/wp-content\/uploads\/2016\/11\/SST-Salt.png\" alt=\"Salt\" width=\"40\" height=\"40\" \/><\/p>\n<p>Gullris st\u00f6djer njurarna och \u00e4r bra vid en s\u00e5 kallad kall mage med l\u00e5g f\u00f6rbr\u00e4nning. Den verkar v\u00e4rmande men \u00e4r samtidigt bitter och kryddig s\u00e5 den stimulerar och \u00f6kar matsm\u00e4ltningen. Gullris kan vara behj\u00e4lplig vid allergier, s\u00e4rskilt kattallergi d\u00e5 man f\u00e5r r\u00f6da, vattninga och kliande \u00f6gon och kliande n\u00e4sa. Gullris \u00e4r \u00e4ven bra vid de f\u00f6rsta stadierna av urinv\u00e4gsinfektion.<\/p>\n<p><img loading=\"lazy\" class=\"alignnone size-full wp-image-223\" src=\"\/\/www.alchemillasapotek.com\/wp-content\/uploads\/2016\/11\/SST-Mercury.png\" alt=\"Mercury\" width=\"38\" height=\"50\" \/><\/p>\n<p>F\u00f6r utschasade personer med tr\u00f6tta f\u00f6tter och tunga ben. \u201cVar \u00e4r n\u00e4rmsta f\u00e5t\u00f6lj?\u201d<\/p>\n<p>N\u00e4r man \u00e4r s\u00e5 pass\u00a0utmattad att man inte l\u00e4ngre har ork att processa livet. Maria Treben skriver om hur njurarna hj\u00e4lper oss att bearbeta v\u00e5ra k\u00e4nslor och n\u00e4r de blir tr\u00f6tta saktar de ner, vilket resulterar i att man blir tr\u00f6tt i ryggen och f\u00f6tterna och urinproduktionen kan p\u00e5verkas.<\/p>\n<p><img loading=\"lazy\" class=\"alignnone size-full wp-image-245\" src=\"\/\/www.alchemillasapotek.com\/wp-content\/uploads\/2016\/11\/SST-Sulphur.png\" alt=\"Sulphur\" width=\"40\" height=\"40\" \/><\/p>\n<p>Man kan anv\u00e4nda gullris f\u00f6r en inre storst\u00e4dning och det \u00e4r s\u00e4rskillt l\u00e4mpligt att g\u00f6ra den vid h\u00f6st och v\u00e5rdagj\u00e4mningarna under n\u00e5gra veckor. Gullris st\u00f6djer f\u00f6rbindelsen mellan ditt h\u00f6gre jag (g\u00f6r dig hel). I b\u00f6rjan av en gullriskur kan k\u00e4nslor komma fram under de metaforsika mattorna under ens inre st\u00e4dning. Men r\u00e4ds ej dessa &#8211; en starkare kontakt med ditt h\u00f6gre jag genererar entusiasm, \u00f6verfl\u00f6d och en starkare samarbetsvilja i det l\u00e5nga perspektivet. De initiala k\u00e4nslorna frig\u00f6rs och kanske till viss del \u00e5terupplevs i dr\u00f6mmar under en kortare tid.&hellip; <a class=\"kt-excerpt-readmore\" href=\"https:\/\/www.alchemillasapotek.com\/sv\/water\/solidago-virgauera\/\" aria-label=\"Gullris\">Read More<\/a><\/p>\n","protected":false},"featured_media":713,"comment_status":"closed","ping_status":"closed","template":"","meta":[],"product_cat":[6,19],"product_tag":[331,332,333,127,328,54,329,334,327,330],"yoast_head":"<!-- This site is optimized with the Yoast SEO plugin v18.4.1 - https:\/\/yoast.com\/wordpress\/plugins\/seo\/ -->\n<title>Gullris ~ Alchemillas Apotek<\/title>\n<meta name=\"description\" content=\"Alchemillas Apotek: spagyric tinctures, hydrosols, services, and formulas. Please contact us for more information.\" \/>\n<meta name=\"robots\" content=\"index, follow, max-snippet:-1, max-image-preview:large, max-video-preview:-1\" \/>\n<link rel=\"canonical\" href=\"https:\/\/www.alchemillasapotek.com\/sv\/water\/solidago-virgauera\/\" \/>\n<meta property=\"og:locale\" content=\"en_US\" \/>\n<meta property=\"og:type\" content=\"article\" \/>\n<meta property=\"og:title\" content=\"[:en]Goldenrod[:sv]Gullris[:] ~ Alchemillas Apotek\" \/>\n<meta property=\"og:description\" content=\"Alchemillas Apotek: spagyric tinctures, hydrosols, services, and formulas. Please contact us for more information.\" \/>\n<meta property=\"og:url\" content=\"https:\/\/www.alchemillasapotek.com\/sv\/water\/solidago-virgauera\/\" \/>\n<meta property=\"og:site_name\" content=\"Alchemillas Apotek\" \/>\n<meta property=\"article:publisher\" content=\"https:\/\/www.facebook.com\/AlchemillasApotek\/\" \/>\n<meta property=\"article:modified_time\" content=\"2017-01-15T12:49:26+00:00\" \/>\n<meta property=\"og:image\" content=\"https:\/\/www.alchemillasapotek.com\/wp-content\/uploads\/2017\/01\/IMG_1530.jpg\" \/>\n\t<meta property=\"og:image:width\" content=\"2448\" \/>\n\t<meta property=\"og:image:height\" content=\"2448\" \/>\n\t<meta property=\"og:image:type\" content=\"image\/jpeg\" \/>\n<meta name=\"twitter:card\" content=\"summary\" \/>\n<meta name=\"twitter:site\" content=\"@lisajeannin\" \/>\n<meta name=\"twitter:label1\" content=\"Est. reading time\" \/>\n\t<meta name=\"twitter:data1\" content=\"1 minute\" \/>\n<script type=\"application\/ld+json\" class=\"yoast-schema-graph\">{\"@context\":\"https:\/\/schema.org\",\"@graph\":[{\"@type\":\"Organization\",\"@id\":\"http:\/\/www.alchemillasapotek.com\/sv\/#organization\",\"name\":\"Alchemillas Apotek\",\"url\":\"http:\/\/www.alchemillasapotek.com\/sv\/\",\"sameAs\":[\"https:\/\/www.facebook.com\/AlchemillasApotek\/\",\"https:\/\/www.instagram.com\/alchemillasapotek\/\",\"https:\/\/twitter.com\/lisajeannin\"],\"logo\":{\"@type\":\"ImageObject\",\"@id\":\"http:\/\/www.alchemillasapotek.com\/sv\/#logo\",\"inLanguage\":\"sv-SV\",\"url\":\"https:\/\/www.alchemillasapotek.com\/wp-content\/uploads\/2016\/11\/Logo-AlchemillasApotek-homepage.png\",\"contentUrl\":\"https:\/\/www.alchemillasapotek.com\/wp-content\/uploads\/2016\/11\/Logo-AlchemillasApotek-homepage.png\",\"width\":592,\"height\":580,\"caption\":\"Alchemillas Apotek\"},\"image\":{\"@id\":\"http:\/\/www.alchemillasapotek.com\/sv\/#logo\"}},{\"@type\":\"WebSite\",\"@id\":\"http:\/\/www.alchemillasapotek.com\/sv\/#website\",\"url\":\"http:\/\/www.alchemillasapotek.com\/sv\/\",\"name\":\"Alchemillas Apotek\",\"description\":\"Spagyric Tinctures &amp; Initiatic Plantmedicine for vibrant health and spiritual evolution.\",\"publisher\":{\"@id\":\"http:\/\/www.alchemillasapotek.com\/sv\/#organization\"},\"potentialAction\":[{\"@type\":\"SearchAction\",\"target\":{\"@type\":\"EntryPoint\",\"urlTemplate\":\"http:\/\/www.alchemillasapotek.com\/sv\/?s={search_term_string}\"},\"query-input\":\"required name=search_term_string\"}],\"inLanguage\":\"sv-SV\"},{\"@type\":\"ImageObject\",\"@id\":\"https:\/\/www.alchemillasapotek.com\/sv\/water\/solidago-virgauera\/#primaryimage\",\"inLanguage\":\"sv-SV\",\"url\":\"https:\/\/www.alchemillasapotek.com\/wp-content\/uploads\/2017\/01\/IMG_1530.jpg\",\"contentUrl\":\"https:\/\/www.alchemillasapotek.com\/wp-content\/uploads\/2017\/01\/IMG_1530.jpg\",\"width\":2448,\"height\":2448,\"caption\":\"Solidago Virgauera\"},{\"@type\":\"WebPage\",\"@id\":\"https:\/\/www.alchemillasapotek.com\/sv\/water\/solidago-virgauera\/#webpage\",\"url\":\"https:\/\/www.alchemillasapotek.com\/sv\/water\/solidago-virgauera\/\",\"name\":\"[:en]Goldenrod[:sv]Gullris[:] ~ Alchemillas Apotek\",\"isPartOf\":{\"@id\":\"http:\/\/www.alchemillasapotek.com\/sv\/#website\"},\"primaryImageOfPage\":{\"@id\":\"https:\/\/www.alchemillasapotek.com\/sv\/water\/solidago-virgauera\/#primaryimage\"},\"datePublished\":\"2017-01-08T11:52:43+00:00\",\"dateModified\":\"2017-01-15T12:49:26+00:00\",\"description\":\"Alchemillas Apotek: spagyric tinctures, hydrosols, services, and formulas. Please contact us for more information.\",\"breadcrumb\":{\"@id\":\"https:\/\/www.alchemillasapotek.com\/sv\/water\/solidago-virgauera\/#breadcrumb\"},\"inLanguage\":\"sv-SV\",\"potentialAction\":[{\"@type\":\"ReadAction\",\"target\":[\"https:\/\/www.alchemillasapotek.com\/sv\/water\/solidago-virgauera\/\"]}]},{\"@type\":\"BreadcrumbList\",\"@id\":\"https:\/\/www.alchemillasapotek.com\/sv\/water\/solidago-virgauera\/#breadcrumb\",\"itemListElement\":[{\"@type\":\"ListItem\",\"position\":1,\"name\":\"Home\",\"item\":\"http:\/\/www.alchemillasapotek.com\/sv\/\"},{\"@type\":\"ListItem\",\"position\":2,\"name\":\"Water\",\"item\":\"https:\/\/www.alchemillasapotek.com\/water\/\"},{\"@type\":\"ListItem\",\"position\":3,\"name\":\"Gullris\"}]}]}<\/script>\n<!-- \/ Yoast SEO plugin. -->","yoast_head_json":{"title":"[:en]Goldenrod[:sv]Gullris[:] ~ Alchemillas Apotek","description":"Alchemillas Apotek: spagyric tinctures, hydrosols, services, and formulas. Please contact us for more information.","robots":{"index":"index","follow":"follow","max-snippet":"max-snippet:-1","max-image-preview":"max-image-preview:large","max-video-preview":"max-video-preview:-1"},"canonical":"https:\/\/www.alchemillasapotek.com\/sv\/water\/solidago-virgauera\/","og_locale":"en_US","og_type":"article","og_title":"[:en]Goldenrod[:sv]Gullris[:] ~ Alchemillas Apotek","og_description":"Alchemillas Apotek: spagyric tinctures, hydrosols, services, and formulas. Please contact us for more information.","og_url":"https:\/\/www.alchemillasapotek.com\/sv\/water\/solidago-virgauera\/","og_site_name":"Alchemillas Apotek","article_publisher":"https:\/\/www.facebook.com\/AlchemillasApotek\/","article_modified_time":"2017-01-15T12:49:26+00:00","og_image":[{"width":2448,"height":2448,"url":"https:\/\/www.alchemillasapotek.com\/wp-content\/uploads\/2017\/01\/IMG_1530.jpg","type":"image\/jpeg"}],"twitter_card":"summary","twitter_site":"@lisajeannin","twitter_misc":{"Est. reading time":"1 minute"},"schema":{"@context":"https:\/\/schema.org","@graph":[{"@type":"Organization","@id":"http:\/\/www.alchemillasapotek.com\/sv\/#organization","name":"Alchemillas Apotek","url":"http:\/\/www.alchemillasapotek.com\/sv\/","sameAs":["https:\/\/www.facebook.com\/AlchemillasApotek\/","https:\/\/www.instagram.com\/alchemillasapotek\/","https:\/\/twitter.com\/lisajeannin"],"logo":{"@type":"ImageObject","@id":"http:\/\/www.alchemillasapotek.com\/sv\/#logo","inLanguage":"sv-SV","url":"https:\/\/www.alchemillasapotek.com\/wp-content\/uploads\/2016\/11\/Logo-AlchemillasApotek-homepage.png","contentUrl":"https:\/\/www.alchemillasapotek.com\/wp-content\/uploads\/2016\/11\/Logo-AlchemillasApotek-homepage.png","width":592,"height":580,"caption":"Alchemillas Apotek"},"image":{"@id":"http:\/\/www.alchemillasapotek.com\/sv\/#logo"}},{"@type":"WebSite","@id":"http:\/\/www.alchemillasapotek.com\/sv\/#website","url":"http:\/\/www.alchemillasapotek.com\/sv\/","name":"Alchemillas Apotek","description":"Spagyric Tinctures &amp; Initiatic Plantmedicine for vibrant health and spiritual evolution.","publisher":{"@id":"http:\/\/www.alchemillasapotek.com\/sv\/#organization"},"potentialAction":[{"@type":"SearchAction","target":{"@type":"EntryPoint","urlTemplate":"http:\/\/www.alchemillasapotek.com\/sv\/?s={search_term_string}"},"query-input":"required name=search_term_string"}],"inLanguage":"sv-SV"},{"@type":"ImageObject","@id":"https:\/\/www.alchemillasapotek.com\/sv\/water\/solidago-virgauera\/#primaryimage","inLanguage":"sv-SV","url":"https:\/\/www.alchemillasapotek.com\/wp-content\/uploads\/2017\/01\/IMG_1530.jpg","contentUrl":"https:\/\/www.alchemillasapotek.com\/wp-content\/uploads\/2017\/01\/IMG_1530.jpg","width":2448,"height":2448,"caption":"Solidago Virgauera"},{"@type":"WebPage","@id":"https:\/\/www.alchemillasapotek.com\/sv\/water\/solidago-virgauera\/#webpage","url":"https:\/\/www.alchemillasapotek.com\/sv\/water\/solidago-virgauera\/","name":"[:en]Goldenrod[:sv]Gullris[:] ~ Alchemillas Apotek","isPartOf":{"@id":"http:\/\/www.alchemillasapotek.com\/sv\/#website"},"primaryImageOfPage":{"@id":"https:\/\/www.alchemillasapotek.com\/sv\/water\/solidago-virgauera\/#primaryimage"},"datePublished":"2017-01-08T11:52:43+00:00","dateModified":"2017-01-15T12:49:26+00:00","description":"Alchemillas Apotek: spagyric tinctures, hydrosols, services, and formulas. Please contact us for more information.","breadcrumb":{"@id":"https:\/\/www.alchemillasapotek.com\/sv\/water\/solidago-virgauera\/#breadcrumb"},"inLanguage":"sv-SV","potentialAction":[{"@type":"ReadAction","target":["https:\/\/www.alchemillasapotek.com\/sv\/water\/solidago-virgauera\/"]}]},{"@type":"BreadcrumbList","@id":"https:\/\/www.alchemillasapotek.com\/sv\/water\/solidago-virgauera\/#breadcrumb","itemListElement":[{"@type":"ListItem","position":1,"name":"Home","item":"http:\/\/www.alchemillasapotek.com\/sv\/"},{"@type":"ListItem","position":2,"name":"Water","item":"https:\/\/www.alchemillasapotek.com\/water\/"},{"@type":"ListItem","position":3,"name":"Gullris"}]}]}},"_links":{"self":[{"href":"https:\/\/www.alchemillasapotek.com\/sv\/wp-json\/wp\/v2\/product\/708"}],"collection":[{"href":"https:\/\/www.alchemillasapotek.com\/sv\/wp-json\/wp\/v2\/product"}],"about":[{"href":"https:\/\/www.alchemillasapotek.com\/sv\/wp-json\/wp\/v2\/types\/product"}],"replies":[{"embeddable":true,"href":"https:\/\/www.alchemillasapotek.com\/sv\/wp-json\/wp\/v2\/comments?post=708"}],"wp:featuredmedia":[{"embeddable":true,"href":"https:\/\/www.alchemillasapotek.com\/sv\/wp-json\/wp\/v2\/media\/713"}],"wp:attachment":[{"href":"https:\/\/www.alchemillasapotek.com\/sv\/wp-json\/wp\/v2\/media?parent=708"}],"wp:term":[{"taxonomy":"product_cat","embeddable":true,"href":"https:\/\/www.alchemillasapotek.com\/sv\/wp-json\/wp\/v2\/product_cat?post=708"},{"taxonomy":"product_tag","embeddable":true,"href":"https:\/\/www.alchemillasapotek.com\/sv\/wp-json\/wp\/v2\/product_tag?post=708"}],"curies":[{"name":"wp","href":"https:\/\/api.w.org\/{rel}","templated":true}]}}