{"id":723,"date":"2017-01-08T12:08:09","date_gmt":"2017-01-08T12:08:09","guid":{"rendered":"http:\/\/www.alchemillasapotek.com\/water-2\/singularspagyrictinctures\/scutellaria-galericulata\/"},"modified":"2017-01-15T12:58:33","modified_gmt":"2017-01-15T12:58:33","slug":"scutellaria-galericulata","status":"publish","type":"product","link":"https:\/\/www.alchemillasapotek.com\/sv\/water\/scutellaria-galericulata\/","title":{"rendered":"Fross\u00f6rt"},"content":{"rendered":"&nbsp;<\/p>\n<h5>Spagyrisk tinktur av Scutellaria Galericulata<\/h5>\n<p>Ta 7 droppar direkt p\u00e5 tungan eller i lite vatten vid behov.<\/p>\n<p><img loading=\"lazy\" class=\"alignnone wp-image-724 size-full\" src=\"\/\/www.alchemillasapotek.com\/wp-content\/uploads\/2017\/01\/image4.jpeg\" alt=\"Scutellaria Galericulata\" width=\"640\" height=\"640\" srcset=\"https:\/\/www.alchemillasapotek.com\/wp-content\/uploads\/2017\/01\/image4.jpeg 640w, https:\/\/www.alchemillasapotek.com\/wp-content\/uploads\/2017\/01\/image4-300x300.jpeg 300w, https:\/\/www.alchemillasapotek.com\/wp-content\/uploads\/2017\/01\/image4-100x100.jpeg 100w, https:\/\/www.alchemillasapotek.com\/wp-content\/uploads\/2017\/01\/image4-456x456.jpeg 456w, https:\/\/www.alchemillasapotek.com\/wp-content\/uploads\/2017\/01\/image4-220x220.jpeg 220w, https:\/\/www.alchemillasapotek.com\/wp-content\/uploads\/2017\/01\/image4-460x460.jpeg 460w, https:\/\/www.alchemillasapotek.com\/wp-content\/uploads\/2017\/01\/image4-400x400.jpeg 400w\" sizes=\"(max-width: 640px) 100vw, 640px\" \/> <img loading=\"lazy\" class=\"alignnone wp-image-725 \" src=\"\/\/www.alchemillasapotek.com\/wp-content\/uploads\/2017\/01\/IMG_1379.jpg\" width=\"640\" height=\"640\" srcset=\"https:\/\/www.alchemillasapotek.com\/wp-content\/uploads\/2017\/01\/IMG_1379.jpg 2448w, https:\/\/www.alchemillasapotek.com\/wp-content\/uploads\/2017\/01\/IMG_1379-300x300.jpg 300w, https:\/\/www.alchemillasapotek.com\/wp-content\/uploads\/2017\/01\/IMG_1379-100x100.jpg 100w, https:\/\/www.alchemillasapotek.com\/wp-content\/uploads\/2017\/01\/IMG_1379-456x456.jpg 456w, https:\/\/www.alchemillasapotek.com\/wp-content\/uploads\/2017\/01\/IMG_1379-220x220.jpg 220w, https:\/\/www.alchemillasapotek.com\/wp-content\/uploads\/2017\/01\/IMG_1379-460x460.jpg 460w, https:\/\/www.alchemillasapotek.com\/wp-content\/uploads\/2017\/01\/IMG_1379-768x768.jpg 768w, https:\/\/www.alchemillasapotek.com\/wp-content\/uploads\/2017\/01\/IMG_1379-1024x1024.jpg 1024w, https:\/\/www.alchemillasapotek.com\/wp-content\/uploads\/2017\/01\/IMG_1379-400x400.jpg 400w\" sizes=\"(max-width: 640px) 100vw, 640px\" \/>","protected":false},"excerpt":{"rendered":"<p>Fross\u00f6rtens effekt k\u00e4nns som en skyddande och lugnande hj\u00e4lm p\u00e5 skallen. (Skullcap)<\/p>\n<p><img loading=\"lazy\" class=\"alignnone size-full wp-image-244\" src=\"\/\/www.alchemillasapotek.com\/wp-content\/uploads\/2016\/11\/SST-Salt.png\" alt=\"Salt\" width=\"40\" height=\"40\" \/><\/p>\n<p>Ett \u00f6verl\u00e4gset botemedel f\u00f6r nerverna med sederande (lugnande) egenskaper.<\/p>\n<p>Kylande, avslappnande och lugnande f\u00f6r nerverna. Fross\u00f6rt \u00e4r \u00e4ven behj\u00e4lpligt vid sp\u00e4nningshuvudv\u00e4rk.<\/p>\n<p><img loading=\"lazy\" class=\"alignnone size-full wp-image-223\" src=\"\/\/www.alchemillasapotek.com\/wp-content\/uploads\/2016\/11\/SST-Mercury.png\" alt=\"Mercury\" width=\"38\" height=\"50\" \/><\/p>\n<p>Scutella betyder sk\u00f6ld p\u00e5 latin. Fross\u00f6rt \u00e4r en \u00f6rt som ingjuter trygghet och har traditionellt anv\u00e4nts vid sp\u00e4nningstillst\u00e5nd och utmattning. Den fr\u00e4mjar emotionellt v\u00e4lbefinnande och verkar avslappnande i perioder av tillf\u00e4llig n\u00f6d.<\/p>\n<p><img loading=\"lazy\" class=\"alignnone size-full wp-image-245\" src=\"\/\/www.alchemillasapotek.com\/wp-content\/uploads\/2016\/11\/SST-Sulphur.png\" alt=\"Sulphur\" width=\"40\" height=\"40\" \/><\/p>\n<p>Fross\u00f6rt \u00e4r bra om man inte k\u00e4nner sig n\u00e4rvarande i sin egen kropp. Traumatiska upplevelser, en kraftig chock eller stress kan skapa tillst\u00e5nd d\u00e4r sj\u00e4len inte k\u00e4nns f\u00f6rankrad i kroppen.&hellip; <a class=\"kt-excerpt-readmore\" href=\"https:\/\/www.alchemillasapotek.com\/sv\/water\/scutellaria-galericulata\/\" aria-label=\"Fross\u00f6rt\">Read More<\/a><\/p>\n","protected":false},"featured_media":726,"comment_status":"closed","ping_status":"closed","template":"","meta":[],"product_cat":[6,17],"product_tag":[348,271,22,346,344,345,59,39,347],"yoast_head":"<!-- This site is optimized with the Yoast SEO plugin v18.4.1 - https:\/\/yoast.com\/wordpress\/plugins\/seo\/ -->\n<title>Fross\u00f6rt ~ Alchemillas Apotek<\/title>\n<meta name=\"description\" content=\"Alchemillas Apotek: spagyric tinctures, hydrosols, services, and formulas. Please contact us for more information.\" \/>\n<meta name=\"robots\" content=\"index, follow, max-snippet:-1, max-image-preview:large, max-video-preview:-1\" \/>\n<link rel=\"canonical\" href=\"https:\/\/www.alchemillasapotek.com\/water\/scutellaria-galericulata\/\" \/>\n<meta property=\"og:locale\" content=\"en_US\" \/>\n<meta property=\"og:type\" content=\"article\" \/>\n<meta property=\"og:title\" content=\"[:en]Skullcap[:sv]Fross\u00f6rt[:] ~ Alchemillas Apotek\" \/>\n<meta property=\"og:description\" content=\"Alchemillas Apotek: spagyric tinctures, hydrosols, services, and formulas. Please contact us for more information.\" \/>\n<meta property=\"og:url\" content=\"https:\/\/www.alchemillasapotek.com\/water\/scutellaria-galericulata\/\" \/>\n<meta property=\"og:site_name\" content=\"Alchemillas Apotek\" \/>\n<meta property=\"article:publisher\" content=\"https:\/\/www.facebook.com\/AlchemillasApotek\/\" \/>\n<meta property=\"article:modified_time\" content=\"2017-01-15T12:58:33+00:00\" \/>\n<meta property=\"og:image\" content=\"https:\/\/www.alchemillasapotek.com\/wp-content\/uploads\/2017\/01\/IMG_1958.jpg\" \/>\n\t<meta property=\"og:image:width\" content=\"2448\" \/>\n\t<meta property=\"og:image:height\" content=\"2448\" \/>\n\t<meta property=\"og:image:type\" content=\"image\/jpeg\" \/>\n<meta name=\"twitter:card\" content=\"summary\" \/>\n<meta name=\"twitter:site\" content=\"@lisajeannin\" \/>\n<script type=\"application\/ld+json\" class=\"yoast-schema-graph\">{\"@context\":\"https:\/\/schema.org\",\"@graph\":[{\"@type\":\"Organization\",\"@id\":\"http:\/\/www.alchemillasapotek.com\/sv\/#organization\",\"name\":\"Alchemillas Apotek\",\"url\":\"http:\/\/www.alchemillasapotek.com\/sv\/\",\"sameAs\":[\"https:\/\/www.facebook.com\/AlchemillasApotek\/\",\"https:\/\/www.instagram.com\/alchemillasapotek\/\",\"https:\/\/twitter.com\/lisajeannin\"],\"logo\":{\"@type\":\"ImageObject\",\"@id\":\"http:\/\/www.alchemillasapotek.com\/sv\/#logo\",\"inLanguage\":\"sv-SV\",\"url\":\"https:\/\/www.alchemillasapotek.com\/wp-content\/uploads\/2016\/11\/Logo-AlchemillasApotek-homepage.png\",\"contentUrl\":\"https:\/\/www.alchemillasapotek.com\/wp-content\/uploads\/2016\/11\/Logo-AlchemillasApotek-homepage.png\",\"width\":592,\"height\":580,\"caption\":\"Alchemillas Apotek\"},\"image\":{\"@id\":\"http:\/\/www.alchemillasapotek.com\/sv\/#logo\"}},{\"@type\":\"WebSite\",\"@id\":\"http:\/\/www.alchemillasapotek.com\/sv\/#website\",\"url\":\"http:\/\/www.alchemillasapotek.com\/sv\/\",\"name\":\"Alchemillas Apotek\",\"description\":\"Spagyric Tinctures &amp; Initiatic Plantmedicine for vibrant health and spiritual evolution.\",\"publisher\":{\"@id\":\"http:\/\/www.alchemillasapotek.com\/sv\/#organization\"},\"potentialAction\":[{\"@type\":\"SearchAction\",\"target\":{\"@type\":\"EntryPoint\",\"urlTemplate\":\"http:\/\/www.alchemillasapotek.com\/sv\/?s={search_term_string}\"},\"query-input\":\"required name=search_term_string\"}],\"inLanguage\":\"sv-SV\"},{\"@type\":\"ImageObject\",\"@id\":\"https:\/\/www.alchemillasapotek.com\/water\/scutellaria-galericulata\/#primaryimage\",\"inLanguage\":\"sv-SV\",\"url\":\"https:\/\/www.alchemillasapotek.com\/wp-content\/uploads\/2017\/01\/IMG_1958.jpg\",\"contentUrl\":\"https:\/\/www.alchemillasapotek.com\/wp-content\/uploads\/2017\/01\/IMG_1958.jpg\",\"width\":2448,\"height\":2448,\"caption\":\"Scutellaria Galericulata\"},{\"@type\":\"WebPage\",\"@id\":\"https:\/\/www.alchemillasapotek.com\/water\/scutellaria-galericulata\/#webpage\",\"url\":\"https:\/\/www.alchemillasapotek.com\/water\/scutellaria-galericulata\/\",\"name\":\"[:en]Skullcap[:sv]Fross\u00f6rt[:] ~ Alchemillas Apotek\",\"isPartOf\":{\"@id\":\"http:\/\/www.alchemillasapotek.com\/sv\/#website\"},\"primaryImageOfPage\":{\"@id\":\"https:\/\/www.alchemillasapotek.com\/water\/scutellaria-galericulata\/#primaryimage\"},\"datePublished\":\"2017-01-08T12:08:09+00:00\",\"dateModified\":\"2017-01-15T12:58:33+00:00\",\"description\":\"Alchemillas Apotek: spagyric tinctures, hydrosols, services, and formulas. Please contact us for more information.\",\"breadcrumb\":{\"@id\":\"https:\/\/www.alchemillasapotek.com\/water\/scutellaria-galericulata\/#breadcrumb\"},\"inLanguage\":\"sv-SV\",\"potentialAction\":[{\"@type\":\"ReadAction\",\"target\":[\"https:\/\/www.alchemillasapotek.com\/water\/scutellaria-galericulata\/\"]}]},{\"@type\":\"BreadcrumbList\",\"@id\":\"https:\/\/www.alchemillasapotek.com\/water\/scutellaria-galericulata\/#breadcrumb\",\"itemListElement\":[{\"@type\":\"ListItem\",\"position\":1,\"name\":\"Home\",\"item\":\"http:\/\/www.alchemillasapotek.com\/sv\/\"},{\"@type\":\"ListItem\",\"position\":2,\"name\":\"Vatten\",\"item\":\"http:\/\/www.alchemillasapotek.com\/sv\/water\/\"},{\"@type\":\"ListItem\",\"position\":3,\"name\":\"Skullcap\"}]}]}<\/script>\n<!-- \/ Yoast SEO plugin. -->","yoast_head_json":{"title":"[:en]Skullcap[:sv]Fross\u00f6rt[:] ~ Alchemillas Apotek","description":"Alchemillas Apotek: spagyric tinctures, hydrosols, services, and formulas. Please contact us for more information.","robots":{"index":"index","follow":"follow","max-snippet":"max-snippet:-1","max-image-preview":"max-image-preview:large","max-video-preview":"max-video-preview:-1"},"canonical":"https:\/\/www.alchemillasapotek.com\/water\/scutellaria-galericulata\/","og_locale":"en_US","og_type":"article","og_title":"[:en]Skullcap[:sv]Fross\u00f6rt[:] ~ Alchemillas Apotek","og_description":"Alchemillas Apotek: spagyric tinctures, hydrosols, services, and formulas. Please contact us for more information.","og_url":"https:\/\/www.alchemillasapotek.com\/water\/scutellaria-galericulata\/","og_site_name":"Alchemillas Apotek","article_publisher":"https:\/\/www.facebook.com\/AlchemillasApotek\/","article_modified_time":"2017-01-15T12:58:33+00:00","og_image":[{"width":2448,"height":2448,"url":"https:\/\/www.alchemillasapotek.com\/wp-content\/uploads\/2017\/01\/IMG_1958.jpg","type":"image\/jpeg"}],"twitter_card":"summary","twitter_site":"@lisajeannin","schema":{"@context":"https:\/\/schema.org","@graph":[{"@type":"Organization","@id":"http:\/\/www.alchemillasapotek.com\/sv\/#organization","name":"Alchemillas Apotek","url":"http:\/\/www.alchemillasapotek.com\/sv\/","sameAs":["https:\/\/www.facebook.com\/AlchemillasApotek\/","https:\/\/www.instagram.com\/alchemillasapotek\/","https:\/\/twitter.com\/lisajeannin"],"logo":{"@type":"ImageObject","@id":"http:\/\/www.alchemillasapotek.com\/sv\/#logo","inLanguage":"sv-SV","url":"https:\/\/www.alchemillasapotek.com\/wp-content\/uploads\/2016\/11\/Logo-AlchemillasApotek-homepage.png","contentUrl":"https:\/\/www.alchemillasapotek.com\/wp-content\/uploads\/2016\/11\/Logo-AlchemillasApotek-homepage.png","width":592,"height":580,"caption":"Alchemillas Apotek"},"image":{"@id":"http:\/\/www.alchemillasapotek.com\/sv\/#logo"}},{"@type":"WebSite","@id":"http:\/\/www.alchemillasapotek.com\/sv\/#website","url":"http:\/\/www.alchemillasapotek.com\/sv\/","name":"Alchemillas Apotek","description":"Spagyric Tinctures &amp; Initiatic Plantmedicine for vibrant health and spiritual evolution.","publisher":{"@id":"http:\/\/www.alchemillasapotek.com\/sv\/#organization"},"potentialAction":[{"@type":"SearchAction","target":{"@type":"EntryPoint","urlTemplate":"http:\/\/www.alchemillasapotek.com\/sv\/?s={search_term_string}"},"query-input":"required name=search_term_string"}],"inLanguage":"sv-SV"},{"@type":"ImageObject","@id":"https:\/\/www.alchemillasapotek.com\/water\/scutellaria-galericulata\/#primaryimage","inLanguage":"sv-SV","url":"https:\/\/www.alchemillasapotek.com\/wp-content\/uploads\/2017\/01\/IMG_1958.jpg","contentUrl":"https:\/\/www.alchemillasapotek.com\/wp-content\/uploads\/2017\/01\/IMG_1958.jpg","width":2448,"height":2448,"caption":"Scutellaria Galericulata"},{"@type":"WebPage","@id":"https:\/\/www.alchemillasapotek.com\/water\/scutellaria-galericulata\/#webpage","url":"https:\/\/www.alchemillasapotek.com\/water\/scutellaria-galericulata\/","name":"[:en]Skullcap[:sv]Fross\u00f6rt[:] ~ Alchemillas Apotek","isPartOf":{"@id":"http:\/\/www.alchemillasapotek.com\/sv\/#website"},"primaryImageOfPage":{"@id":"https:\/\/www.alchemillasapotek.com\/water\/scutellaria-galericulata\/#primaryimage"},"datePublished":"2017-01-08T12:08:09+00:00","dateModified":"2017-01-15T12:58:33+00:00","description":"Alchemillas Apotek: spagyric tinctures, hydrosols, services, and formulas. Please contact us for more information.","breadcrumb":{"@id":"https:\/\/www.alchemillasapotek.com\/water\/scutellaria-galericulata\/#breadcrumb"},"inLanguage":"sv-SV","potentialAction":[{"@type":"ReadAction","target":["https:\/\/www.alchemillasapotek.com\/water\/scutellaria-galericulata\/"]}]},{"@type":"BreadcrumbList","@id":"https:\/\/www.alchemillasapotek.com\/water\/scutellaria-galericulata\/#breadcrumb","itemListElement":[{"@type":"ListItem","position":1,"name":"Home","item":"http:\/\/www.alchemillasapotek.com\/sv\/"},{"@type":"ListItem","position":2,"name":"Vatten","item":"http:\/\/www.alchemillasapotek.com\/sv\/water\/"},{"@type":"ListItem","position":3,"name":"Skullcap"}]}]}},"_links":{"self":[{"href":"https:\/\/www.alchemillasapotek.com\/sv\/wp-json\/wp\/v2\/product\/723"}],"collection":[{"href":"https:\/\/www.alchemillasapotek.com\/sv\/wp-json\/wp\/v2\/product"}],"about":[{"href":"https:\/\/www.alchemillasapotek.com\/sv\/wp-json\/wp\/v2\/types\/product"}],"replies":[{"embeddable":true,"href":"https:\/\/www.alchemillasapotek.com\/sv\/wp-json\/wp\/v2\/comments?post=723"}],"wp:featuredmedia":[{"embeddable":true,"href":"https:\/\/www.alchemillasapotek.com\/sv\/wp-json\/wp\/v2\/media\/726"}],"wp:attachment":[{"href":"https:\/\/www.alchemillasapotek.com\/sv\/wp-json\/wp\/v2\/media?parent=723"}],"wp:term":[{"taxonomy":"product_cat","embeddable":true,"href":"https:\/\/www.alchemillasapotek.com\/sv\/wp-json\/wp\/v2\/product_cat?post=723"},{"taxonomy":"product_tag","embeddable":true,"href":"https:\/\/www.alchemillasapotek.com\/sv\/wp-json\/wp\/v2\/product_tag?post=723"}],"curies":[{"name":"wp","href":"https:\/\/api.w.org\/{rel}","templated":true}]}}