{"id":738,"date":"2017-01-08T14:09:19","date_gmt":"2017-01-08T14:09:19","guid":{"rendered":"http:\/\/www.alchemillasapotek.com\/water-2\/singularspagyrictinctures\/valeriana-officinalis\/"},"modified":"2017-01-15T13:53:47","modified_gmt":"2017-01-15T13:53:47","slug":"valeriana-officinalis","status":"publish","type":"product","link":"https:\/\/www.alchemillasapotek.com\/sv\/water\/valeriana-officinalis\/","title":{"rendered":"Valeriana"},"content":{"rendered":"<h5>Spagyrisk tinktur av Valeriana Officinalis.<\/h5>\n<p>L\u00e5g dos \u00e4r avslappnande medan st\u00f6rre dos kan f\u00e5 motsatt effekt hos vissa personer .<\/p>\n<p>B\u00f6rja med 3 droppar i lite varmt vatten eller te vid behov.<\/p>\n<p><img loading=\"lazy\" class=\"alignnone wp-image-739 size-large\" src=\"\/\/www.alchemillasapotek.com\/wp-content\/uploads\/2017\/01\/IMG_0138-1024x1024.jpg\" alt=\"Valeriana Officinalis\" width=\"1024\" height=\"1024\" srcset=\"https:\/\/www.alchemillasapotek.com\/wp-content\/uploads\/2017\/01\/IMG_0138-1024x1024.jpg 1024w, https:\/\/www.alchemillasapotek.com\/wp-content\/uploads\/2017\/01\/IMG_0138-300x300.jpg 300w, https:\/\/www.alchemillasapotek.com\/wp-content\/uploads\/2017\/01\/IMG_0138-100x100.jpg 100w, https:\/\/www.alchemillasapotek.com\/wp-content\/uploads\/2017\/01\/IMG_0138-456x456.jpg 456w, https:\/\/www.alchemillasapotek.com\/wp-content\/uploads\/2017\/01\/IMG_0138-220x220.jpg 220w, https:\/\/www.alchemillasapotek.com\/wp-content\/uploads\/2017\/01\/IMG_0138-460x460.jpg 460w, https:\/\/www.alchemillasapotek.com\/wp-content\/uploads\/2017\/01\/IMG_0138-768x768.jpg 768w, https:\/\/www.alchemillasapotek.com\/wp-content\/uploads\/2017\/01\/IMG_0138-400x400.jpg 400w\" sizes=\"(max-width: 1024px) 100vw, 1024px\" \/><img loading=\"lazy\" class=\"alignnone wp-image-740 size-large\" src=\"\/\/www.alchemillasapotek.com\/wp-content\/uploads\/2017\/01\/IMG_1904-1024x1024.jpg\" alt=\"Valeriana Officinalis\" width=\"1024\" height=\"1024\" srcset=\"https:\/\/www.alchemillasapotek.com\/wp-content\/uploads\/2017\/01\/IMG_1904-1024x1024.jpg 1024w, https:\/\/www.alchemillasapotek.com\/wp-content\/uploads\/2017\/01\/IMG_1904-300x300.jpg 300w, https:\/\/www.alchemillasapotek.com\/wp-content\/uploads\/2017\/01\/IMG_1904-100x100.jpg 100w, https:\/\/www.alchemillasapotek.com\/wp-content\/uploads\/2017\/01\/IMG_1904-456x456.jpg 456w, https:\/\/www.alchemillasapotek.com\/wp-content\/uploads\/2017\/01\/IMG_1904-220x220.jpg 220w, https:\/\/www.alchemillasapotek.com\/wp-content\/uploads\/2017\/01\/IMG_1904-460x460.jpg 460w, https:\/\/www.alchemillasapotek.com\/wp-content\/uploads\/2017\/01\/IMG_1904-768x768.jpg 768w, https:\/\/www.alchemillasapotek.com\/wp-content\/uploads\/2017\/01\/IMG_1904-400x400.jpg 400w\" sizes=\"(max-width: 1024px) 100vw, 1024px\" \/>","protected":false},"excerpt":{"rendered":"<p><em>\u201cUtan fosfor skulle det inte finnas tankar.\u201d<\/em><\/p>\n<p>Jacob Moleschott<\/p>\n<p><img loading=\"lazy\" class=\"alignnone size-full wp-image-244\" src=\"\/\/www.alchemillasapotek.com\/wp-content\/uploads\/2016\/11\/SST-Salt.png\" alt=\"Salt\" width=\"40\" height=\"40\" \/><\/p>\n<p>Valerianarot eller v\u00e4nderot som den kallas p\u00e5 svenska \u00e4r en \u00f6rt som anv\u00e4nds vid s\u00f6mnl\u00f6shet. Den verkar avslappnande och sm\u00e4rtstillande.<\/p>\n<p><img loading=\"lazy\" class=\"alignnone size-full wp-image-223\" src=\"\/\/www.alchemillasapotek.com\/wp-content\/uploads\/2016\/11\/SST-Mercury.png\" alt=\"Mercury\" width=\"38\" height=\"50\" \/><\/p>\n<p>V\u00e4nderot \u00e4r s\u00e4rskilt bra vid sm\u00e4rta i ryggraden och bra f\u00f6r folk som har mycket undertryckt ilska, som kan skapa k\u00e4nslan av en stram knut i l\u00e4ndryggen.<\/p>\n<p><img loading=\"lazy\" class=\"alignnone size-full wp-image-245\" src=\"\/\/www.alchemillasapotek.com\/wp-content\/uploads\/2016\/11\/SST-Sulphur.png\" alt=\"Sulphur\" width=\"40\" height=\"40\" \/><\/p>\n<p>V\u00e4nderoten lyser i jordens m\u00f6rker p\u00e5 grund av att den frig\u00f6r fosfor som inte bara n\u00e4r jorden, dess ljus guidar maskar och insekter i m\u00f6rkret. V\u00e4nderoten hj\u00e4lper andra v\u00e4xter att dra till sig det de beh\u00f6ver fr\u00e5n universum och jorden genom att reglera fosforhalten. Som ett inre ljus relaterar fosfor till det alkemiska m\u00f6rka ljuset, Sol Niger. Det m\u00f6rka ljuset st\u00e5r f\u00f6r en inre process i vilken vi bearbetar sm\u00e4rtsamma upplevelser och k\u00e4nslor, vilket resulterar i att vi v\u00e4xer p\u00e5 ett andligt och personligt plan.&hellip; <a class=\"kt-excerpt-readmore\" href=\"https:\/\/www.alchemillasapotek.com\/sv\/water\/valeriana-officinalis\/\" aria-label=\"Valeriana\">Read More<\/a><\/p>\n","protected":false},"featured_media":741,"comment_status":"closed","ping_status":"closed","template":"","meta":[],"product_cat":[6,16,18],"product_tag":[368,193,32,134,76,367,84,28,217,30,366,365],"yoast_head":"<!-- This site is optimized with the Yoast SEO plugin v18.4.1 - https:\/\/yoast.com\/wordpress\/plugins\/seo\/ -->\n<title>Valeriana  ~ Alchemillas Apotek<\/title>\n<meta name=\"description\" content=\"Alchemillas Apotek: spagyric tinctures, hydrosols, services, and formulas. Please contact us for more information.\" \/>\n<meta name=\"robots\" content=\"index, follow, max-snippet:-1, max-image-preview:large, max-video-preview:-1\" \/>\n<link rel=\"canonical\" href=\"https:\/\/www.alchemillasapotek.com\/sv\/water\/valeriana-officinalis\/\" \/>\n<meta property=\"og:locale\" content=\"en_US\" \/>\n<meta property=\"og:type\" content=\"article\" \/>\n<meta property=\"og:title\" content=\"[:en]Valerian[:sv]Valeriana [:] ~ Alchemillas Apotek\" \/>\n<meta property=\"og:description\" content=\"Alchemillas Apotek: spagyric tinctures, hydrosols, services, and formulas. Please contact us for more information.\" \/>\n<meta property=\"og:url\" content=\"https:\/\/www.alchemillasapotek.com\/sv\/water\/valeriana-officinalis\/\" \/>\n<meta property=\"og:site_name\" content=\"Alchemillas Apotek\" \/>\n<meta property=\"article:publisher\" content=\"https:\/\/www.facebook.com\/AlchemillasApotek\/\" \/>\n<meta property=\"article:modified_time\" content=\"2017-01-15T13:53:47+00:00\" \/>\n<meta property=\"og:image\" content=\"https:\/\/www.alchemillasapotek.com\/wp-content\/uploads\/2017\/01\/IMG_1915.jpg\" \/>\n\t<meta property=\"og:image:width\" content=\"2448\" \/>\n\t<meta property=\"og:image:height\" content=\"2448\" \/>\n\t<meta property=\"og:image:type\" content=\"image\/jpeg\" \/>\n<meta name=\"twitter:card\" content=\"summary\" \/>\n<meta name=\"twitter:site\" content=\"@lisajeannin\" \/>\n<script type=\"application\/ld+json\" class=\"yoast-schema-graph\">{\"@context\":\"https:\/\/schema.org\",\"@graph\":[{\"@type\":\"Organization\",\"@id\":\"http:\/\/www.alchemillasapotek.com\/#organization\",\"name\":\"Alchemillas Apotek\",\"url\":\"http:\/\/www.alchemillasapotek.com\/\",\"sameAs\":[\"https:\/\/www.facebook.com\/AlchemillasApotek\/\",\"https:\/\/www.instagram.com\/alchemillasapotek\/\",\"https:\/\/twitter.com\/lisajeannin\"],\"logo\":{\"@type\":\"ImageObject\",\"@id\":\"http:\/\/www.alchemillasapotek.com\/#logo\",\"inLanguage\":\"sv-SV\",\"url\":\"https:\/\/www.alchemillasapotek.com\/wp-content\/uploads\/2016\/11\/Logo-AlchemillasApotek-homepage.png\",\"contentUrl\":\"https:\/\/www.alchemillasapotek.com\/wp-content\/uploads\/2016\/11\/Logo-AlchemillasApotek-homepage.png\",\"width\":592,\"height\":580,\"caption\":\"Alchemillas Apotek\"},\"image\":{\"@id\":\"http:\/\/www.alchemillasapotek.com\/#logo\"}},{\"@type\":\"WebSite\",\"@id\":\"http:\/\/www.alchemillasapotek.com\/#website\",\"url\":\"http:\/\/www.alchemillasapotek.com\/\",\"name\":\"Alchemillas Apotek\",\"description\":\"Spagyric Tinctures &amp; Initiatic Plantmedicine for vibrant health and spiritual evolution.\",\"publisher\":{\"@id\":\"http:\/\/www.alchemillasapotek.com\/#organization\"},\"potentialAction\":[{\"@type\":\"SearchAction\",\"target\":{\"@type\":\"EntryPoint\",\"urlTemplate\":\"http:\/\/www.alchemillasapotek.com\/?s={search_term_string}\"},\"query-input\":\"required name=search_term_string\"}],\"inLanguage\":\"sv-SV\"},{\"@type\":\"ImageObject\",\"@id\":\"https:\/\/www.alchemillasapotek.com\/sv\/water\/valeriana-officinalis\/#primaryimage\",\"inLanguage\":\"sv-SV\",\"url\":\"https:\/\/www.alchemillasapotek.com\/wp-content\/uploads\/2017\/01\/IMG_1915.jpg\",\"contentUrl\":\"https:\/\/www.alchemillasapotek.com\/wp-content\/uploads\/2017\/01\/IMG_1915.jpg\",\"width\":2448,\"height\":2448,\"caption\":\"Valeriana Officinalis\"},{\"@type\":\"WebPage\",\"@id\":\"https:\/\/www.alchemillasapotek.com\/sv\/water\/valeriana-officinalis\/#webpage\",\"url\":\"https:\/\/www.alchemillasapotek.com\/sv\/water\/valeriana-officinalis\/\",\"name\":\"[:en]Valerian[:sv]Valeriana [:] ~ Alchemillas Apotek\",\"isPartOf\":{\"@id\":\"http:\/\/www.alchemillasapotek.com\/#website\"},\"primaryImageOfPage\":{\"@id\":\"https:\/\/www.alchemillasapotek.com\/sv\/water\/valeriana-officinalis\/#primaryimage\"},\"datePublished\":\"2017-01-08T14:09:19+00:00\",\"dateModified\":\"2017-01-15T13:53:47+00:00\",\"description\":\"Alchemillas Apotek: spagyric tinctures, hydrosols, services, and formulas. Please contact us for more information.\",\"breadcrumb\":{\"@id\":\"https:\/\/www.alchemillasapotek.com\/sv\/water\/valeriana-officinalis\/#breadcrumb\"},\"inLanguage\":\"sv-SV\",\"potentialAction\":[{\"@type\":\"ReadAction\",\"target\":[\"https:\/\/www.alchemillasapotek.com\/sv\/water\/valeriana-officinalis\/\"]}]},{\"@type\":\"BreadcrumbList\",\"@id\":\"https:\/\/www.alchemillasapotek.com\/sv\/water\/valeriana-officinalis\/#breadcrumb\",\"itemListElement\":[{\"@type\":\"ListItem\",\"position\":1,\"name\":\"Home\",\"item\":\"http:\/\/www.alchemillasapotek.com\/\"},{\"@type\":\"ListItem\",\"position\":2,\"name\":\"Water\",\"item\":\"https:\/\/www.alchemillasapotek.com\/water\/\"},{\"@type\":\"ListItem\",\"position\":3,\"name\":\"Valeriana\"}]}]}<\/script>\n<!-- \/ Yoast SEO plugin. -->","yoast_head_json":{"title":"[:en]Valerian[:sv]Valeriana [:] ~ Alchemillas Apotek","description":"Alchemillas Apotek: spagyric tinctures, hydrosols, services, and formulas. Please contact us for more information.","robots":{"index":"index","follow":"follow","max-snippet":"max-snippet:-1","max-image-preview":"max-image-preview:large","max-video-preview":"max-video-preview:-1"},"canonical":"https:\/\/www.alchemillasapotek.com\/sv\/water\/valeriana-officinalis\/","og_locale":"en_US","og_type":"article","og_title":"[:en]Valerian[:sv]Valeriana [:] ~ Alchemillas Apotek","og_description":"Alchemillas Apotek: spagyric tinctures, hydrosols, services, and formulas. Please contact us for more information.","og_url":"https:\/\/www.alchemillasapotek.com\/sv\/water\/valeriana-officinalis\/","og_site_name":"Alchemillas Apotek","article_publisher":"https:\/\/www.facebook.com\/AlchemillasApotek\/","article_modified_time":"2017-01-15T13:53:47+00:00","og_image":[{"width":2448,"height":2448,"url":"https:\/\/www.alchemillasapotek.com\/wp-content\/uploads\/2017\/01\/IMG_1915.jpg","type":"image\/jpeg"}],"twitter_card":"summary","twitter_site":"@lisajeannin","schema":{"@context":"https:\/\/schema.org","@graph":[{"@type":"Organization","@id":"http:\/\/www.alchemillasapotek.com\/#organization","name":"Alchemillas Apotek","url":"http:\/\/www.alchemillasapotek.com\/","sameAs":["https:\/\/www.facebook.com\/AlchemillasApotek\/","https:\/\/www.instagram.com\/alchemillasapotek\/","https:\/\/twitter.com\/lisajeannin"],"logo":{"@type":"ImageObject","@id":"http:\/\/www.alchemillasapotek.com\/#logo","inLanguage":"sv-SV","url":"https:\/\/www.alchemillasapotek.com\/wp-content\/uploads\/2016\/11\/Logo-AlchemillasApotek-homepage.png","contentUrl":"https:\/\/www.alchemillasapotek.com\/wp-content\/uploads\/2016\/11\/Logo-AlchemillasApotek-homepage.png","width":592,"height":580,"caption":"Alchemillas Apotek"},"image":{"@id":"http:\/\/www.alchemillasapotek.com\/#logo"}},{"@type":"WebSite","@id":"http:\/\/www.alchemillasapotek.com\/#website","url":"http:\/\/www.alchemillasapotek.com\/","name":"Alchemillas Apotek","description":"Spagyric Tinctures &amp; Initiatic Plantmedicine for vibrant health and spiritual evolution.","publisher":{"@id":"http:\/\/www.alchemillasapotek.com\/#organization"},"potentialAction":[{"@type":"SearchAction","target":{"@type":"EntryPoint","urlTemplate":"http:\/\/www.alchemillasapotek.com\/?s={search_term_string}"},"query-input":"required name=search_term_string"}],"inLanguage":"sv-SV"},{"@type":"ImageObject","@id":"https:\/\/www.alchemillasapotek.com\/sv\/water\/valeriana-officinalis\/#primaryimage","inLanguage":"sv-SV","url":"https:\/\/www.alchemillasapotek.com\/wp-content\/uploads\/2017\/01\/IMG_1915.jpg","contentUrl":"https:\/\/www.alchemillasapotek.com\/wp-content\/uploads\/2017\/01\/IMG_1915.jpg","width":2448,"height":2448,"caption":"Valeriana Officinalis"},{"@type":"WebPage","@id":"https:\/\/www.alchemillasapotek.com\/sv\/water\/valeriana-officinalis\/#webpage","url":"https:\/\/www.alchemillasapotek.com\/sv\/water\/valeriana-officinalis\/","name":"[:en]Valerian[:sv]Valeriana [:] ~ Alchemillas Apotek","isPartOf":{"@id":"http:\/\/www.alchemillasapotek.com\/#website"},"primaryImageOfPage":{"@id":"https:\/\/www.alchemillasapotek.com\/sv\/water\/valeriana-officinalis\/#primaryimage"},"datePublished":"2017-01-08T14:09:19+00:00","dateModified":"2017-01-15T13:53:47+00:00","description":"Alchemillas Apotek: spagyric tinctures, hydrosols, services, and formulas. Please contact us for more information.","breadcrumb":{"@id":"https:\/\/www.alchemillasapotek.com\/sv\/water\/valeriana-officinalis\/#breadcrumb"},"inLanguage":"sv-SV","potentialAction":[{"@type":"ReadAction","target":["https:\/\/www.alchemillasapotek.com\/sv\/water\/valeriana-officinalis\/"]}]},{"@type":"BreadcrumbList","@id":"https:\/\/www.alchemillasapotek.com\/sv\/water\/valeriana-officinalis\/#breadcrumb","itemListElement":[{"@type":"ListItem","position":1,"name":"Home","item":"http:\/\/www.alchemillasapotek.com\/"},{"@type":"ListItem","position":2,"name":"Water","item":"https:\/\/www.alchemillasapotek.com\/water\/"},{"@type":"ListItem","position":3,"name":"Valeriana"}]}]}},"_links":{"self":[{"href":"https:\/\/www.alchemillasapotek.com\/sv\/wp-json\/wp\/v2\/product\/738"}],"collection":[{"href":"https:\/\/www.alchemillasapotek.com\/sv\/wp-json\/wp\/v2\/product"}],"about":[{"href":"https:\/\/www.alchemillasapotek.com\/sv\/wp-json\/wp\/v2\/types\/product"}],"replies":[{"embeddable":true,"href":"https:\/\/www.alchemillasapotek.com\/sv\/wp-json\/wp\/v2\/comments?post=738"}],"wp:featuredmedia":[{"embeddable":true,"href":"https:\/\/www.alchemillasapotek.com\/sv\/wp-json\/wp\/v2\/media\/741"}],"wp:attachment":[{"href":"https:\/\/www.alchemillasapotek.com\/sv\/wp-json\/wp\/v2\/media?parent=738"}],"wp:term":[{"taxonomy":"product_cat","embeddable":true,"href":"https:\/\/www.alchemillasapotek.com\/sv\/wp-json\/wp\/v2\/product_cat?post=738"},{"taxonomy":"product_tag","embeddable":true,"href":"https:\/\/www.alchemillasapotek.com\/sv\/wp-json\/wp\/v2\/product_tag?post=738"}],"curies":[{"name":"wp","href":"https:\/\/api.w.org\/{rel}","templated":true}]}}