{"id":745,"date":"2017-01-08T14:19:42","date_gmt":"2017-01-08T14:19:42","guid":{"rendered":"http:\/\/www.alchemillasapotek.com\/water-2\/singularspagyrictinctures\/crataegus-oxyacantha\/"},"modified":"2017-01-15T14:00:01","modified_gmt":"2017-01-15T14:00:01","slug":"crataegus-oxyacantha","status":"publish","type":"product","link":"https:\/\/www.alchemillasapotek.com\/sv\/water\/crataegus-oxyacantha\/","title":{"rendered":"Hagtorn"},"content":{"rendered":"<h5>Spagyrisk tinktur av Crataegus Oxyacantha.<\/h5>\n<p>Ta 3-7 droppar dagligen under 6 m\u00e5nader f\u00f6r b\u00e4sta resultat. Konsultera din l\u00e4kare om du har hj\u00e4rtproblem och om anv\u00e4ndandet av hagtornsb\u00e4rstinktur skulle kunna krocka med eventuella receptbelagda mediciner du tar.<\/p>\n<p><img loading=\"lazy\" class=\"alignnone size-large wp-image-747\" src=\"\/\/www.alchemillasapotek.com\/wp-content\/uploads\/2017\/01\/IMG_1043-1024x1024.jpg\" alt=\"Crataegus Oxyacantha\" width=\"1024\" height=\"1024\" srcset=\"https:\/\/www.alchemillasapotek.com\/wp-content\/uploads\/2017\/01\/IMG_1043-1024x1024.jpg 1024w, https:\/\/www.alchemillasapotek.com\/wp-content\/uploads\/2017\/01\/IMG_1043-300x300.jpg 300w, https:\/\/www.alchemillasapotek.com\/wp-content\/uploads\/2017\/01\/IMG_1043-100x100.jpg 100w, https:\/\/www.alchemillasapotek.com\/wp-content\/uploads\/2017\/01\/IMG_1043-456x456.jpg 456w, https:\/\/www.alchemillasapotek.com\/wp-content\/uploads\/2017\/01\/IMG_1043-220x220.jpg 220w, https:\/\/www.alchemillasapotek.com\/wp-content\/uploads\/2017\/01\/IMG_1043-460x460.jpg 460w, https:\/\/www.alchemillasapotek.com\/wp-content\/uploads\/2017\/01\/IMG_1043-768x768.jpg 768w, https:\/\/www.alchemillasapotek.com\/wp-content\/uploads\/2017\/01\/IMG_1043-400x400.jpg 400w\" sizes=\"(max-width: 1024px) 100vw, 1024px\" \/>","protected":false},"excerpt":{"rendered":"<p><em>\u201cDet \u00e4r bara med hj\u00e4rtat man kan se ordentligt. Det viktigaste \u00e4r osynligt f\u00f6r \u00f6gonen.\u201d<\/em><\/p>\n<p>Antoine de Saint-Exup\u00e9ry<\/p>\n<p>&nbsp;<\/p>\n<p><img loading=\"lazy\" class=\"alignnone size-full wp-image-244\" src=\"\/\/www.alchemillasapotek.com\/wp-content\/uploads\/2016\/11\/SST-Salt.png\" alt=\"Salt\" width=\"40\" height=\"40\" \/><\/p>\n<p>Hagtornsb\u00e4r st\u00e4rker det fysiska hj\u00e4rtat inklusive art\u00e4rer och vener. Det s\u00e4nker kolesterol och f\u00f6rb\u00e4ttrar kransk\u00e4rlcirkulation. Hagtornsb\u00e4r \u00e4r n\u00e4rande, fyller p\u00e5 energireserven och frig\u00f6r energi av hj\u00e4rtmuskeln. Hagtorn verkar kylande och \u00e4r antiinflammatoriskt.<\/p>\n<p><img loading=\"lazy\" class=\"alignnone size-full wp-image-223\" src=\"\/\/www.alchemillasapotek.com\/wp-content\/uploads\/2016\/11\/SST-Mercury.png\" alt=\"Mercury\" width=\"38\" height=\"50\" \/><\/p>\n<p>Stress och sp\u00e4nningar \u00e4r ofta en bakomliggande orsak vid hj\u00e4rtproblem. Genom att reducera inre hetta minskas rastl\u00f6shet, irritabilitet, \u00e5ngest och nervositet som ofta ackompanjerar hj\u00e4rtproblematik. Hagtorn ger fokus genom att kontakten med hj\u00e4rtat st\u00e4rks.<\/p>\n<p><img loading=\"lazy\" class=\"alignnone size-full wp-image-245\" src=\"\/\/www.alchemillasapotek.com\/wp-content\/uploads\/2016\/11\/SST-Sulphur.png\" alt=\"Sulphur\" width=\"40\" height=\"40\" \/><\/p>\n<p>Hagtorn \u00e4r centrerande och f\u00f6rbinder oss med v\u00e5rt emotionella hj\u00e4rta. N\u00e4r sinnet tar kommandot och k\u00f6r \u00f6ver hj\u00e4rtats visdom, f\u00e5r vi lida. Hemligheten \u00e4r att vara n\u00e4rvarande, att rikta medvetandet fr\u00e5n sinnet ner till hj\u00e4rtat, eftersom hj\u00e4rtat faktiskt \u00e4r v\u00e5rat fr\u00e4msta organ f\u00f6r perception. D\u00e5 vet vi intuitivt vad v\u00e5rt syfte \u00e4r och vad som \u00e4r planen f\u00f6r v\u00e5rt liv. Tona in p\u00e5 ditt inre universums centrum \u2013 lyssna p\u00e5 den visdom som ryms i ditt hj\u00e4rta och anv\u00e4nd det som kompass f\u00f6r att navigera genom livet.&hellip; <a class=\"kt-excerpt-readmore\" href=\"https:\/\/www.alchemillasapotek.com\/sv\/water\/crataegus-oxyacantha\/\" aria-label=\"Hagtorn\">Read More<\/a><\/p>\n","protected":false},"featured_media":748,"comment_status":"closed","ping_status":"closed","template":"","meta":[],"product_cat":[6,14],"product_tag":[285,189,377,127,379,378,199,141,380,33,117],"yoast_head":"<!-- This site is optimized with the Yoast SEO plugin v18.4.1 - https:\/\/yoast.com\/wordpress\/plugins\/seo\/ -->\n<title>Hagtorn ~ Alchemillas Apotek<\/title>\n<meta name=\"description\" content=\"Alchemillas Apotek: spagyric tinctures, hydrosols, services, and formulas. Please contact us for more information.\" \/>\n<meta name=\"robots\" content=\"index, follow, max-snippet:-1, max-image-preview:large, max-video-preview:-1\" \/>\n<link rel=\"canonical\" href=\"http:\/\/www.alchemillasapotek.com\/water\/crataegus-oxyacantha\/\" \/>\n<meta property=\"og:locale\" content=\"en_US\" \/>\n<meta property=\"og:type\" content=\"article\" \/>\n<meta property=\"og:title\" content=\"[:en]Hawthorn[:sv]Hagtorn[:] ~ Alchemillas Apotek\" \/>\n<meta property=\"og:description\" content=\"Alchemillas Apotek: spagyric tinctures, hydrosols, services, and formulas. Please contact us for more information.\" \/>\n<meta property=\"og:url\" content=\"http:\/\/www.alchemillasapotek.com\/water\/crataegus-oxyacantha\/\" \/>\n<meta property=\"og:site_name\" content=\"Alchemillas Apotek\" \/>\n<meta property=\"article:publisher\" content=\"https:\/\/www.facebook.com\/AlchemillasApotek\/\" \/>\n<meta property=\"article:modified_time\" content=\"2017-01-15T14:00:01+00:00\" \/>\n<meta property=\"og:image\" content=\"http:\/\/www.alchemillasapotek.com\/wp-content\/uploads\/2017\/01\/IMG_1661.jpg\" \/>\n\t<meta property=\"og:image:width\" content=\"2448\" \/>\n\t<meta property=\"og:image:height\" content=\"2448\" \/>\n\t<meta property=\"og:image:type\" content=\"image\/jpeg\" \/>\n<meta name=\"twitter:card\" content=\"summary\" \/>\n<meta name=\"twitter:site\" content=\"@lisajeannin\" \/>\n<script type=\"application\/ld+json\" class=\"yoast-schema-graph\">{\"@context\":\"https:\/\/schema.org\",\"@graph\":[{\"@type\":\"Organization\",\"@id\":\"http:\/\/www.alchemillasapotek.com\/sv\/#organization\",\"name\":\"Alchemillas Apotek\",\"url\":\"http:\/\/www.alchemillasapotek.com\/sv\/\",\"sameAs\":[\"https:\/\/www.facebook.com\/AlchemillasApotek\/\",\"https:\/\/www.instagram.com\/alchemillasapotek\/\",\"https:\/\/twitter.com\/lisajeannin\"],\"logo\":{\"@type\":\"ImageObject\",\"@id\":\"http:\/\/www.alchemillasapotek.com\/sv\/#logo\",\"inLanguage\":\"sv-SV\",\"url\":\"https:\/\/www.alchemillasapotek.com\/wp-content\/uploads\/2016\/11\/Logo-AlchemillasApotek-homepage.png\",\"contentUrl\":\"https:\/\/www.alchemillasapotek.com\/wp-content\/uploads\/2016\/11\/Logo-AlchemillasApotek-homepage.png\",\"width\":592,\"height\":580,\"caption\":\"Alchemillas Apotek\"},\"image\":{\"@id\":\"http:\/\/www.alchemillasapotek.com\/sv\/#logo\"}},{\"@type\":\"WebSite\",\"@id\":\"http:\/\/www.alchemillasapotek.com\/sv\/#website\",\"url\":\"http:\/\/www.alchemillasapotek.com\/sv\/\",\"name\":\"Alchemillas Apotek\",\"description\":\"Spagyric Tinctures &amp; Initiatic Plantmedicine for vibrant health and spiritual evolution.\",\"publisher\":{\"@id\":\"http:\/\/www.alchemillasapotek.com\/sv\/#organization\"},\"potentialAction\":[{\"@type\":\"SearchAction\",\"target\":{\"@type\":\"EntryPoint\",\"urlTemplate\":\"http:\/\/www.alchemillasapotek.com\/sv\/?s={search_term_string}\"},\"query-input\":\"required name=search_term_string\"}],\"inLanguage\":\"sv-SV\"},{\"@type\":\"ImageObject\",\"@id\":\"http:\/\/www.alchemillasapotek.com\/water\/crataegus-oxyacantha\/#primaryimage\",\"inLanguage\":\"sv-SV\",\"url\":\"https:\/\/www.alchemillasapotek.com\/wp-content\/uploads\/2017\/01\/IMG_1661.jpg\",\"contentUrl\":\"https:\/\/www.alchemillasapotek.com\/wp-content\/uploads\/2017\/01\/IMG_1661.jpg\",\"width\":2448,\"height\":2448,\"caption\":\"Crataegus Oxyacantha\"},{\"@type\":\"WebPage\",\"@id\":\"http:\/\/www.alchemillasapotek.com\/water\/crataegus-oxyacantha\/#webpage\",\"url\":\"http:\/\/www.alchemillasapotek.com\/water\/crataegus-oxyacantha\/\",\"name\":\"[:en]Hawthorn[:sv]Hagtorn[:] ~ Alchemillas Apotek\",\"isPartOf\":{\"@id\":\"http:\/\/www.alchemillasapotek.com\/sv\/#website\"},\"primaryImageOfPage\":{\"@id\":\"http:\/\/www.alchemillasapotek.com\/water\/crataegus-oxyacantha\/#primaryimage\"},\"datePublished\":\"2017-01-08T14:19:42+00:00\",\"dateModified\":\"2017-01-15T14:00:01+00:00\",\"description\":\"Alchemillas Apotek: spagyric tinctures, hydrosols, services, and formulas. Please contact us for more information.\",\"breadcrumb\":{\"@id\":\"http:\/\/www.alchemillasapotek.com\/water\/crataegus-oxyacantha\/#breadcrumb\"},\"inLanguage\":\"sv-SV\",\"potentialAction\":[{\"@type\":\"ReadAction\",\"target\":[\"http:\/\/www.alchemillasapotek.com\/water\/crataegus-oxyacantha\/\"]}]},{\"@type\":\"BreadcrumbList\",\"@id\":\"http:\/\/www.alchemillasapotek.com\/water\/crataegus-oxyacantha\/#breadcrumb\",\"itemListElement\":[{\"@type\":\"ListItem\",\"position\":1,\"name\":\"Home\",\"item\":\"http:\/\/www.alchemillasapotek.com\/sv\/\"},{\"@type\":\"ListItem\",\"position\":2,\"name\":\"Water\",\"item\":\"https:\/\/www.alchemillasapotek.com\/water\/\"},{\"@type\":\"ListItem\",\"position\":3,\"name\":\"Hawthorn\"}]}]}<\/script>\n<!-- \/ Yoast SEO plugin. -->","yoast_head_json":{"title":"[:en]Hawthorn[:sv]Hagtorn[:] ~ Alchemillas Apotek","description":"Alchemillas Apotek: spagyric tinctures, hydrosols, services, and formulas. Please contact us for more information.","robots":{"index":"index","follow":"follow","max-snippet":"max-snippet:-1","max-image-preview":"max-image-preview:large","max-video-preview":"max-video-preview:-1"},"canonical":"http:\/\/www.alchemillasapotek.com\/water\/crataegus-oxyacantha\/","og_locale":"en_US","og_type":"article","og_title":"[:en]Hawthorn[:sv]Hagtorn[:] ~ Alchemillas Apotek","og_description":"Alchemillas Apotek: spagyric tinctures, hydrosols, services, and formulas. Please contact us for more information.","og_url":"http:\/\/www.alchemillasapotek.com\/water\/crataegus-oxyacantha\/","og_site_name":"Alchemillas Apotek","article_publisher":"https:\/\/www.facebook.com\/AlchemillasApotek\/","article_modified_time":"2017-01-15T14:00:01+00:00","og_image":[{"width":2448,"height":2448,"url":"http:\/\/www.alchemillasapotek.com\/wp-content\/uploads\/2017\/01\/IMG_1661.jpg","type":"image\/jpeg"}],"twitter_card":"summary","twitter_site":"@lisajeannin","schema":{"@context":"https:\/\/schema.org","@graph":[{"@type":"Organization","@id":"http:\/\/www.alchemillasapotek.com\/sv\/#organization","name":"Alchemillas Apotek","url":"http:\/\/www.alchemillasapotek.com\/sv\/","sameAs":["https:\/\/www.facebook.com\/AlchemillasApotek\/","https:\/\/www.instagram.com\/alchemillasapotek\/","https:\/\/twitter.com\/lisajeannin"],"logo":{"@type":"ImageObject","@id":"http:\/\/www.alchemillasapotek.com\/sv\/#logo","inLanguage":"sv-SV","url":"https:\/\/www.alchemillasapotek.com\/wp-content\/uploads\/2016\/11\/Logo-AlchemillasApotek-homepage.png","contentUrl":"https:\/\/www.alchemillasapotek.com\/wp-content\/uploads\/2016\/11\/Logo-AlchemillasApotek-homepage.png","width":592,"height":580,"caption":"Alchemillas Apotek"},"image":{"@id":"http:\/\/www.alchemillasapotek.com\/sv\/#logo"}},{"@type":"WebSite","@id":"http:\/\/www.alchemillasapotek.com\/sv\/#website","url":"http:\/\/www.alchemillasapotek.com\/sv\/","name":"Alchemillas Apotek","description":"Spagyric Tinctures &amp; Initiatic Plantmedicine for vibrant health and spiritual evolution.","publisher":{"@id":"http:\/\/www.alchemillasapotek.com\/sv\/#organization"},"potentialAction":[{"@type":"SearchAction","target":{"@type":"EntryPoint","urlTemplate":"http:\/\/www.alchemillasapotek.com\/sv\/?s={search_term_string}"},"query-input":"required name=search_term_string"}],"inLanguage":"sv-SV"},{"@type":"ImageObject","@id":"http:\/\/www.alchemillasapotek.com\/water\/crataegus-oxyacantha\/#primaryimage","inLanguage":"sv-SV","url":"https:\/\/www.alchemillasapotek.com\/wp-content\/uploads\/2017\/01\/IMG_1661.jpg","contentUrl":"https:\/\/www.alchemillasapotek.com\/wp-content\/uploads\/2017\/01\/IMG_1661.jpg","width":2448,"height":2448,"caption":"Crataegus Oxyacantha"},{"@type":"WebPage","@id":"http:\/\/www.alchemillasapotek.com\/water\/crataegus-oxyacantha\/#webpage","url":"http:\/\/www.alchemillasapotek.com\/water\/crataegus-oxyacantha\/","name":"[:en]Hawthorn[:sv]Hagtorn[:] ~ Alchemillas Apotek","isPartOf":{"@id":"http:\/\/www.alchemillasapotek.com\/sv\/#website"},"primaryImageOfPage":{"@id":"http:\/\/www.alchemillasapotek.com\/water\/crataegus-oxyacantha\/#primaryimage"},"datePublished":"2017-01-08T14:19:42+00:00","dateModified":"2017-01-15T14:00:01+00:00","description":"Alchemillas Apotek: spagyric tinctures, hydrosols, services, and formulas. Please contact us for more information.","breadcrumb":{"@id":"http:\/\/www.alchemillasapotek.com\/water\/crataegus-oxyacantha\/#breadcrumb"},"inLanguage":"sv-SV","potentialAction":[{"@type":"ReadAction","target":["http:\/\/www.alchemillasapotek.com\/water\/crataegus-oxyacantha\/"]}]},{"@type":"BreadcrumbList","@id":"http:\/\/www.alchemillasapotek.com\/water\/crataegus-oxyacantha\/#breadcrumb","itemListElement":[{"@type":"ListItem","position":1,"name":"Home","item":"http:\/\/www.alchemillasapotek.com\/sv\/"},{"@type":"ListItem","position":2,"name":"Water","item":"https:\/\/www.alchemillasapotek.com\/water\/"},{"@type":"ListItem","position":3,"name":"Hawthorn"}]}]}},"_links":{"self":[{"href":"https:\/\/www.alchemillasapotek.com\/sv\/wp-json\/wp\/v2\/product\/745"}],"collection":[{"href":"https:\/\/www.alchemillasapotek.com\/sv\/wp-json\/wp\/v2\/product"}],"about":[{"href":"https:\/\/www.alchemillasapotek.com\/sv\/wp-json\/wp\/v2\/types\/product"}],"replies":[{"embeddable":true,"href":"https:\/\/www.alchemillasapotek.com\/sv\/wp-json\/wp\/v2\/comments?post=745"}],"wp:featuredmedia":[{"embeddable":true,"href":"https:\/\/www.alchemillasapotek.com\/sv\/wp-json\/wp\/v2\/media\/748"}],"wp:attachment":[{"href":"https:\/\/www.alchemillasapotek.com\/sv\/wp-json\/wp\/v2\/media?parent=745"}],"wp:term":[{"taxonomy":"product_cat","embeddable":true,"href":"https:\/\/www.alchemillasapotek.com\/sv\/wp-json\/wp\/v2\/product_cat?post=745"},{"taxonomy":"product_tag","embeddable":true,"href":"https:\/\/www.alchemillasapotek.com\/sv\/wp-json\/wp\/v2\/product_tag?post=745"}],"curies":[{"name":"wp","href":"https:\/\/api.w.org\/{rel}","templated":true}]}}