{"id":769,"date":"2017-01-08T15:02:43","date_gmt":"2017-01-08T15:02:43","guid":{"rendered":"http:\/\/www.alchemillasapotek.com\/water-2\/singularspagyrictinctures\/thymus-vulgaris\/"},"modified":"2017-01-15T14:22:03","modified_gmt":"2017-01-15T14:22:03","slug":"thymus-vulgaris","status":"publish","type":"product","link":"https:\/\/www.alchemillasapotek.com\/sv\/water\/thymus-vulgaris\/","title":{"rendered":"Timjan"},"content":{"rendered":"<h5>Spagyrisk tinktur av Thymus Vulgaris.<\/h5>\n<p>Ta 14 droppar i lite varmt vatten eller te 2-3 g\u00e5nger per dag, varav en g\u00e5ng innan l\u00e4ggdags.<\/p>\n<hr \/>\n<h5>Kort historik om timjan:<\/h5>\n<p>Timjan har historiskt helat och beskyddat under tusende \u00e5r och anv\u00e4ndes vid balsamering i det forna Egypten d\u00e4r den inte bara decinificerade utan \u00e4ven var ett skydd att ta sig genom passagen in i n\u00e4sta liv. Timjan sammankopplades med mod och styrka och br\u00e4ndes som r\u00f6kelse av grekerna och romarna f\u00f6r att rena deras tempel och bost\u00e4der, f\u00f6r att ingjuta en anda av mod hos de som inandades dess r\u00f6k.<\/p>\n<p>L\u00e5ngt innan man f\u00f6rstod de bakomliggande orsakerna till infektioner doppades bandage i timjandekokt av 1800-talets sjuksystrar. Timjanindr\u00e4nkta bandage anv\u00e4ndes redan under digerd\u00f6den. Ett kraftfullt anticeptiskt \u00e4mne som finns i timjan \u00e4r thymol, vilket har fungerat mot s\u00e5 pass allvarliga sjukdomar som mj\u00e4ltbrand, tyfus och difteri.<\/p>\n<p>Under den Viktorianska eran trodde man att en plats i naturen bevuxen med timjan var ett tecken att \u00e4lvor nyligen befunnit sig d\u00e4r.<\/p>\n<p>&nbsp;<\/p>\n<p>&nbsp;<\/p>\n<p>&nbsp;<\/p>\n<p><img loading=\"lazy\" class=\"alignnone wp-image-770 size-large\" src=\"\/\/www.alchemillasapotek.com\/wp-content\/uploads\/2017\/01\/IMG_0679-1024x1024.jpg\" alt=\"Thymus Vulgaris\" width=\"1024\" height=\"1024\" srcset=\"https:\/\/www.alchemillasapotek.com\/wp-content\/uploads\/2017\/01\/IMG_0679-1024x1024.jpg 1024w, https:\/\/www.alchemillasapotek.com\/wp-content\/uploads\/2017\/01\/IMG_0679-300x300.jpg 300w, https:\/\/www.alchemillasapotek.com\/wp-content\/uploads\/2017\/01\/IMG_0679-100x100.jpg 100w, https:\/\/www.alchemillasapotek.com\/wp-content\/uploads\/2017\/01\/IMG_0679-456x456.jpg 456w, https:\/\/www.alchemillasapotek.com\/wp-content\/uploads\/2017\/01\/IMG_0679-220x220.jpg 220w, https:\/\/www.alchemillasapotek.com\/wp-content\/uploads\/2017\/01\/IMG_0679-460x460.jpg 460w, https:\/\/www.alchemillasapotek.com\/wp-content\/uploads\/2017\/01\/IMG_0679-768x768.jpg 768w, https:\/\/www.alchemillasapotek.com\/wp-content\/uploads\/2017\/01\/IMG_0679-400x400.jpg 400w\" sizes=\"(max-width: 1024px) 100vw, 1024px\" \/> <img loading=\"lazy\" class=\"alignnone wp-image-771 size-large\" src=\"\/\/www.alchemillasapotek.com\/wp-content\/uploads\/2017\/01\/IMG_0681-1024x1024.jpg\" alt=\"Thymus Vulgaris\" width=\"1024\" height=\"1024\" srcset=\"https:\/\/www.alchemillasapotek.com\/wp-content\/uploads\/2017\/01\/IMG_0681-1024x1024.jpg 1024w, https:\/\/www.alchemillasapotek.com\/wp-content\/uploads\/2017\/01\/IMG_0681-300x300.jpg 300w, https:\/\/www.alchemillasapotek.com\/wp-content\/uploads\/2017\/01\/IMG_0681-100x100.jpg 100w, https:\/\/www.alchemillasapotek.com\/wp-content\/uploads\/2017\/01\/IMG_0681-456x456.jpg 456w, https:\/\/www.alchemillasapotek.com\/wp-content\/uploads\/2017\/01\/IMG_0681-220x220.jpg 220w, https:\/\/www.alchemillasapotek.com\/wp-content\/uploads\/2017\/01\/IMG_0681-460x460.jpg 460w, https:\/\/www.alchemillasapotek.com\/wp-content\/uploads\/2017\/01\/IMG_0681-768x768.jpg 768w, https:\/\/www.alchemillasapotek.com\/wp-content\/uploads\/2017\/01\/IMG_0681-400x400.jpg 400w\" sizes=\"(max-width: 1024px) 100vw, 1024px\" \/> <img loading=\"lazy\" class=\"alignnone wp-image-774 size-full\" src=\"\/\/www.alchemillasapotek.com\/wp-content\/uploads\/2017\/01\/thyme1.jpg\" alt=\"Thymus Vulgaris\" width=\"2448\" height=\"2448\" srcset=\"https:\/\/www.alchemillasapotek.com\/wp-content\/uploads\/2017\/01\/thyme1.jpg 2448w, https:\/\/www.alchemillasapotek.com\/wp-content\/uploads\/2017\/01\/thyme1-300x300.jpg 300w, https:\/\/www.alchemillasapotek.com\/wp-content\/uploads\/2017\/01\/thyme1-100x100.jpg 100w, https:\/\/www.alchemillasapotek.com\/wp-content\/uploads\/2017\/01\/thyme1-456x456.jpg 456w, https:\/\/www.alchemillasapotek.com\/wp-content\/uploads\/2017\/01\/thyme1-220x220.jpg 220w, https:\/\/www.alchemillasapotek.com\/wp-content\/uploads\/2017\/01\/thyme1-460x460.jpg 460w, https:\/\/www.alchemillasapotek.com\/wp-content\/uploads\/2017\/01\/thyme1-768x768.jpg 768w, https:\/\/www.alchemillasapotek.com\/wp-content\/uploads\/2017\/01\/thyme1-1024x1024.jpg 1024w, https:\/\/www.alchemillasapotek.com\/wp-content\/uploads\/2017\/01\/thyme1-400x400.jpg 400w\" sizes=\"(max-width: 2448px) 100vw, 2448px\" \/>","protected":false},"excerpt":{"rendered":"<div class=\"product_excerpt\">\n<div class=\"product_excerpt\">\n<p><em>\u201cI know a bank where the wild thyme blows,<\/em><br \/>\n<em> Where oxlips and the nodding violet grows\u201d<\/em><\/p>\n<p>-Shakespeare, A Midsummer Night\u2019s Dream<br \/>\n<img loading=\"lazy\" class=\"alignnone size-full wp-image-244\" src=\"\/\/www.alchemillasapotek.com\/wp-content\/uploads\/2016\/11\/SST-Salt.png\" alt=\"Salt\" width=\"40\" height=\"40\" \/><\/p>\n<p>Timjan \u00e4r en kraftfull och djupg\u00e5ende avgiftare, \u00f6ppnar porerna, f\u00f6rtunnar slem och skapar fl\u00f6de i kroppsv\u00e4tskorna och f\u00f6r ut gifter och slaggprodukter ur systemet.<\/p>\n<p>Timjan \u00e4r en kraftfull och naturlig behandling vid acne. Prova <a href=\"\/\/www.alchemillasapotek.com\/water-2\/hydrosols\/hydrosol-thymus-vulgaris\/\">hydrolatet <\/a>utv\u00e4rtes och det spagyriska elixiret inv\u00e4rtes.Timjan kan anv\u00e4ndas vid huvudv\u00e4rk, baksm\u00e4lla, bronkit, candida, gikt och reumatism.<\/p>\n<p>&nbsp;<\/p>\n<p><img loading=\"lazy\" class=\"alignnone size-full wp-image-223\" src=\"\/\/www.alchemillasapotek.com\/wp-content\/uploads\/2016\/11\/SST-Mercury.png\" alt=\"Mercury\" width=\"38\" height=\"50\" \/><\/p>\n<p>Matthew Wood skriver i \u201cThe Earthwise Herbal: A Complete Guide to Old World Medicinal Plants\u201d att timjan \u00e4r l\u00e4mpligt f\u00f6r personer med djupg\u00e5ende omedveten problematik som st\u00f6r s\u00f6mnen. Sinnet \u00e4r kanske upptaget med annat, men problemen kommer upp till ytan fr\u00e5n det omedvetna. Detta matchar timjan-profilen d\u00e5 den avgiftar och skapar fl\u00f6de och frig\u00f6r blockerade passager djupt inne i kroppen. Timjan verkar avslappnande f\u00f6r det parasympatiska nervsystemet. Djups\u00f6mn och dr\u00f6mmar infinner sig n\u00e4r det parasympatiska nervsystemet styr skeppet, s\u00e5 en st\u00f6rd s\u00f6mn med mardr\u00f6mmar indikerar att denna del av det autonoma nervsystemet inte kan slappna av helt och h\u00e5llet. Carvacrol (som finns i eterisk olja av timjan) p\u00e5verkar neuroaktiviteten i hj\u00e4rnan p\u00e5 s\u00e5 vis att k\u00e4nslor av v\u00e4lbefinnande \u00f6kar.<br \/>\n<img loading=\"lazy\" class=\"alignnone size-full wp-image-245\" src=\"\/\/www.alchemillasapotek.com\/wp-content\/uploads\/2016\/11\/SST-Sulphur.png\" alt=\"Sulphur\" width=\"40\" height=\"40\" \/><\/p>\n<p>Timjan stimulerar thymus-k\u00f6rteln (br\u00e4ssen) och binjurebarken, vilket st\u00e4rker immunf\u00f6rsvaret och st\u00e4rker sj\u00e4lvk\u00e4nslan.<\/p>\n<\/div>\n<\/div>\n<p>&hellip; <a class=\"kt-excerpt-readmore\" href=\"https:\/\/www.alchemillasapotek.com\/sv\/water\/thymus-vulgaris\/\" aria-label=\"Timjan\">Read More<\/a><\/p>\n","protected":false},"featured_media":772,"comment_status":"closed","ping_status":"closed","template":"","meta":[],"product_cat":[6,13],"product_tag":[301,407,200,406,410,409,66,299,408,298,122],"yoast_head":"<!-- This site is optimized with the Yoast SEO plugin v18.4.1 - https:\/\/yoast.com\/wordpress\/plugins\/seo\/ -->\n<title>Timjan ~ Alchemillas Apotek<\/title>\n<meta name=\"description\" content=\"Alchemillas Apotek: spagyric tinctures, hydrosols, services, and formulas. Please contact us for more information.\" \/>\n<meta name=\"robots\" content=\"index, follow, max-snippet:-1, max-image-preview:large, max-video-preview:-1\" \/>\n<link rel=\"canonical\" href=\"https:\/\/www.alchemillasapotek.com\/sv\/water\/thymus-vulgaris\/\" \/>\n<meta property=\"og:locale\" content=\"en_US\" \/>\n<meta property=\"og:type\" content=\"article\" \/>\n<meta property=\"og:title\" content=\"[:en]Thyme[:sv]Timjan[:] ~ Alchemillas Apotek\" \/>\n<meta property=\"og:description\" content=\"Alchemillas Apotek: spagyric tinctures, hydrosols, services, and formulas. Please contact us for more information.\" \/>\n<meta property=\"og:url\" content=\"https:\/\/www.alchemillasapotek.com\/sv\/water\/thymus-vulgaris\/\" \/>\n<meta property=\"og:site_name\" content=\"Alchemillas Apotek\" \/>\n<meta property=\"article:publisher\" content=\"https:\/\/www.facebook.com\/AlchemillasApotek\/\" \/>\n<meta property=\"article:modified_time\" content=\"2017-01-15T14:22:03+00:00\" \/>\n<meta property=\"og:image\" content=\"https:\/\/www.alchemillasapotek.com\/wp-content\/uploads\/2017\/01\/IMG_1953.jpg\" \/>\n\t<meta property=\"og:image:width\" content=\"2448\" \/>\n\t<meta property=\"og:image:height\" content=\"2448\" \/>\n\t<meta property=\"og:image:type\" content=\"image\/jpeg\" \/>\n<meta name=\"twitter:card\" content=\"summary\" \/>\n<meta name=\"twitter:site\" content=\"@lisajeannin\" \/>\n<meta name=\"twitter:label1\" content=\"Est. reading time\" \/>\n\t<meta name=\"twitter:data1\" content=\"2 minutes\" \/>\n<script type=\"application\/ld+json\" class=\"yoast-schema-graph\">{\"@context\":\"https:\/\/schema.org\",\"@graph\":[{\"@type\":\"Organization\",\"@id\":\"https:\/\/www.alchemillasapotek.com\/sv\/#organization\",\"name\":\"Alchemillas Apotek\",\"url\":\"https:\/\/www.alchemillasapotek.com\/sv\/\",\"sameAs\":[\"https:\/\/www.facebook.com\/AlchemillasApotek\/\",\"https:\/\/www.instagram.com\/alchemillasapotek\/\",\"https:\/\/twitter.com\/lisajeannin\"],\"logo\":{\"@type\":\"ImageObject\",\"@id\":\"https:\/\/www.alchemillasapotek.com\/sv\/#logo\",\"inLanguage\":\"sv-SV\",\"url\":\"https:\/\/www.alchemillasapotek.com\/wp-content\/uploads\/2016\/11\/Logo-AlchemillasApotek-homepage.png\",\"contentUrl\":\"https:\/\/www.alchemillasapotek.com\/wp-content\/uploads\/2016\/11\/Logo-AlchemillasApotek-homepage.png\",\"width\":592,\"height\":580,\"caption\":\"Alchemillas Apotek\"},\"image\":{\"@id\":\"https:\/\/www.alchemillasapotek.com\/sv\/#logo\"}},{\"@type\":\"WebSite\",\"@id\":\"https:\/\/www.alchemillasapotek.com\/sv\/#website\",\"url\":\"https:\/\/www.alchemillasapotek.com\/sv\/\",\"name\":\"Alchemillas Apotek\",\"description\":\"Spagyric Tinctures &amp; Initiatic Plantmedicine for vibrant health and spiritual evolution.\",\"publisher\":{\"@id\":\"https:\/\/www.alchemillasapotek.com\/sv\/#organization\"},\"potentialAction\":[{\"@type\":\"SearchAction\",\"target\":{\"@type\":\"EntryPoint\",\"urlTemplate\":\"https:\/\/www.alchemillasapotek.com\/sv\/?s={search_term_string}\"},\"query-input\":\"required name=search_term_string\"}],\"inLanguage\":\"sv-SV\"},{\"@type\":\"ImageObject\",\"@id\":\"https:\/\/www.alchemillasapotek.com\/sv\/water\/thymus-vulgaris\/#primaryimage\",\"inLanguage\":\"sv-SV\",\"url\":\"https:\/\/www.alchemillasapotek.com\/wp-content\/uploads\/2017\/01\/IMG_1953.jpg\",\"contentUrl\":\"https:\/\/www.alchemillasapotek.com\/wp-content\/uploads\/2017\/01\/IMG_1953.jpg\",\"width\":2448,\"height\":2448,\"caption\":\"Thymus Vulgaris\"},{\"@type\":\"WebPage\",\"@id\":\"https:\/\/www.alchemillasapotek.com\/sv\/water\/thymus-vulgaris\/#webpage\",\"url\":\"https:\/\/www.alchemillasapotek.com\/sv\/water\/thymus-vulgaris\/\",\"name\":\"[:en]Thyme[:sv]Timjan[:] ~ Alchemillas Apotek\",\"isPartOf\":{\"@id\":\"https:\/\/www.alchemillasapotek.com\/sv\/#website\"},\"primaryImageOfPage\":{\"@id\":\"https:\/\/www.alchemillasapotek.com\/sv\/water\/thymus-vulgaris\/#primaryimage\"},\"datePublished\":\"2017-01-08T15:02:43+00:00\",\"dateModified\":\"2017-01-15T14:22:03+00:00\",\"description\":\"Alchemillas Apotek: spagyric tinctures, hydrosols, services, and formulas. Please contact us for more information.\",\"breadcrumb\":{\"@id\":\"https:\/\/www.alchemillasapotek.com\/sv\/water\/thymus-vulgaris\/#breadcrumb\"},\"inLanguage\":\"sv-SV\",\"potentialAction\":[{\"@type\":\"ReadAction\",\"target\":[\"https:\/\/www.alchemillasapotek.com\/sv\/water\/thymus-vulgaris\/\"]}]},{\"@type\":\"BreadcrumbList\",\"@id\":\"https:\/\/www.alchemillasapotek.com\/sv\/water\/thymus-vulgaris\/#breadcrumb\",\"itemListElement\":[{\"@type\":\"ListItem\",\"position\":1,\"name\":\"Home\",\"item\":\"https:\/\/www.alchemillasapotek.com\/sv\/\"},{\"@type\":\"ListItem\",\"position\":2,\"name\":\"Water\",\"item\":\"http:\/\/www.alchemillasapotek.com\/water\/\"},{\"@type\":\"ListItem\",\"position\":3,\"name\":\"Timjan\"}]}]}<\/script>\n<!-- \/ Yoast SEO plugin. -->","yoast_head_json":{"title":"[:en]Thyme[:sv]Timjan[:] ~ Alchemillas Apotek","description":"Alchemillas Apotek: spagyric tinctures, hydrosols, services, and formulas. Please contact us for more information.","robots":{"index":"index","follow":"follow","max-snippet":"max-snippet:-1","max-image-preview":"max-image-preview:large","max-video-preview":"max-video-preview:-1"},"canonical":"https:\/\/www.alchemillasapotek.com\/sv\/water\/thymus-vulgaris\/","og_locale":"en_US","og_type":"article","og_title":"[:en]Thyme[:sv]Timjan[:] ~ Alchemillas Apotek","og_description":"Alchemillas Apotek: spagyric tinctures, hydrosols, services, and formulas. Please contact us for more information.","og_url":"https:\/\/www.alchemillasapotek.com\/sv\/water\/thymus-vulgaris\/","og_site_name":"Alchemillas Apotek","article_publisher":"https:\/\/www.facebook.com\/AlchemillasApotek\/","article_modified_time":"2017-01-15T14:22:03+00:00","og_image":[{"width":2448,"height":2448,"url":"https:\/\/www.alchemillasapotek.com\/wp-content\/uploads\/2017\/01\/IMG_1953.jpg","type":"image\/jpeg"}],"twitter_card":"summary","twitter_site":"@lisajeannin","twitter_misc":{"Est. reading time":"2 minutes"},"schema":{"@context":"https:\/\/schema.org","@graph":[{"@type":"Organization","@id":"https:\/\/www.alchemillasapotek.com\/sv\/#organization","name":"Alchemillas Apotek","url":"https:\/\/www.alchemillasapotek.com\/sv\/","sameAs":["https:\/\/www.facebook.com\/AlchemillasApotek\/","https:\/\/www.instagram.com\/alchemillasapotek\/","https:\/\/twitter.com\/lisajeannin"],"logo":{"@type":"ImageObject","@id":"https:\/\/www.alchemillasapotek.com\/sv\/#logo","inLanguage":"sv-SV","url":"https:\/\/www.alchemillasapotek.com\/wp-content\/uploads\/2016\/11\/Logo-AlchemillasApotek-homepage.png","contentUrl":"https:\/\/www.alchemillasapotek.com\/wp-content\/uploads\/2016\/11\/Logo-AlchemillasApotek-homepage.png","width":592,"height":580,"caption":"Alchemillas Apotek"},"image":{"@id":"https:\/\/www.alchemillasapotek.com\/sv\/#logo"}},{"@type":"WebSite","@id":"https:\/\/www.alchemillasapotek.com\/sv\/#website","url":"https:\/\/www.alchemillasapotek.com\/sv\/","name":"Alchemillas Apotek","description":"Spagyric Tinctures &amp; Initiatic Plantmedicine for vibrant health and spiritual evolution.","publisher":{"@id":"https:\/\/www.alchemillasapotek.com\/sv\/#organization"},"potentialAction":[{"@type":"SearchAction","target":{"@type":"EntryPoint","urlTemplate":"https:\/\/www.alchemillasapotek.com\/sv\/?s={search_term_string}"},"query-input":"required name=search_term_string"}],"inLanguage":"sv-SV"},{"@type":"ImageObject","@id":"https:\/\/www.alchemillasapotek.com\/sv\/water\/thymus-vulgaris\/#primaryimage","inLanguage":"sv-SV","url":"https:\/\/www.alchemillasapotek.com\/wp-content\/uploads\/2017\/01\/IMG_1953.jpg","contentUrl":"https:\/\/www.alchemillasapotek.com\/wp-content\/uploads\/2017\/01\/IMG_1953.jpg","width":2448,"height":2448,"caption":"Thymus Vulgaris"},{"@type":"WebPage","@id":"https:\/\/www.alchemillasapotek.com\/sv\/water\/thymus-vulgaris\/#webpage","url":"https:\/\/www.alchemillasapotek.com\/sv\/water\/thymus-vulgaris\/","name":"[:en]Thyme[:sv]Timjan[:] ~ Alchemillas Apotek","isPartOf":{"@id":"https:\/\/www.alchemillasapotek.com\/sv\/#website"},"primaryImageOfPage":{"@id":"https:\/\/www.alchemillasapotek.com\/sv\/water\/thymus-vulgaris\/#primaryimage"},"datePublished":"2017-01-08T15:02:43+00:00","dateModified":"2017-01-15T14:22:03+00:00","description":"Alchemillas Apotek: spagyric tinctures, hydrosols, services, and formulas. Please contact us for more information.","breadcrumb":{"@id":"https:\/\/www.alchemillasapotek.com\/sv\/water\/thymus-vulgaris\/#breadcrumb"},"inLanguage":"sv-SV","potentialAction":[{"@type":"ReadAction","target":["https:\/\/www.alchemillasapotek.com\/sv\/water\/thymus-vulgaris\/"]}]},{"@type":"BreadcrumbList","@id":"https:\/\/www.alchemillasapotek.com\/sv\/water\/thymus-vulgaris\/#breadcrumb","itemListElement":[{"@type":"ListItem","position":1,"name":"Home","item":"https:\/\/www.alchemillasapotek.com\/sv\/"},{"@type":"ListItem","position":2,"name":"Water","item":"http:\/\/www.alchemillasapotek.com\/water\/"},{"@type":"ListItem","position":3,"name":"Timjan"}]}]}},"_links":{"self":[{"href":"https:\/\/www.alchemillasapotek.com\/sv\/wp-json\/wp\/v2\/product\/769"}],"collection":[{"href":"https:\/\/www.alchemillasapotek.com\/sv\/wp-json\/wp\/v2\/product"}],"about":[{"href":"https:\/\/www.alchemillasapotek.com\/sv\/wp-json\/wp\/v2\/types\/product"}],"replies":[{"embeddable":true,"href":"https:\/\/www.alchemillasapotek.com\/sv\/wp-json\/wp\/v2\/comments?post=769"}],"wp:featuredmedia":[{"embeddable":true,"href":"https:\/\/www.alchemillasapotek.com\/sv\/wp-json\/wp\/v2\/media\/772"}],"wp:attachment":[{"href":"https:\/\/www.alchemillasapotek.com\/sv\/wp-json\/wp\/v2\/media?parent=769"}],"wp:term":[{"taxonomy":"product_cat","embeddable":true,"href":"https:\/\/www.alchemillasapotek.com\/sv\/wp-json\/wp\/v2\/product_cat?post=769"},{"taxonomy":"product_tag","embeddable":true,"href":"https:\/\/www.alchemillasapotek.com\/sv\/wp-json\/wp\/v2\/product_tag?post=769"}],"curies":[{"name":"wp","href":"https:\/\/api.w.org\/{rel}","templated":true}]}}